{"id":59715,"date":"2021-12-09T00:00:00","date_gmt":"2021-12-09T00:00:00","guid":{"rendered":"https:\/\/www.outdoors.ee\/product\/hollandi-armee-varikatus-nfp\/"},"modified":"2022-01-25T09:40:59","modified_gmt":"2022-01-25T07:40:59","slug":"hollandi-armee-varikatus-nfp","status":"publish","type":"product","link":"https:\/\/www.outdoors.ee\/et\/toode\/hollandi-armee-varikatus-nfp\/","title":{"rendered":"Hollandi Armee varikatus NFP"},"content":{"rendered":"<p style=\"text-align: justify;\">Hollandi s\u00f5jav\u00e4e mitmeotstarbeline varikatus kaasaaegses NFP (Netherlands Fractal Pattern) kamuflaa\u017eis.<\/p>\n<p style=\"text-align: justify;\">Varikatust saab kasutada koormakattena, vihma- v\u00f5i p\u00e4ikesevarjuna ning isegi kanderaamina t\u00e4nu \u00e4\u00e4rtes asetsevatele kandesangadele. Lihtne disain annab v\u00f5imaluse lihtsaks ja kiireks varjualuse loomiseks. Tugevad varikatuse nurkades ning k\u00fclgedel asetsevad trukkid, kinnituskohad ning kummipaeltega varustatud metallr\u00f5ngad v\u00f5imaldavad trossi, n\u00f6\u00f6ri, postide ja vaiade abil kinnitamist.<\/p>\n<p style=\"text-align: justify;\"><strong>M\u00f5\u00f5dud<\/strong>: ca 250 x 220cm<\/p>\n<p style=\"text-align: justify;\"><strong>Kaal<\/strong>: ca 1,1kg<\/p>\n<p style=\"text-align: justify;\"><strong>Materjal<\/strong>: pol\u00fcamiid pol\u00fcuretaani kattega<\/p>\n<p style=\"text-align: justify;\"><strong>Seisukord<\/strong>:<\/p>\n<ul>\n<li>uus (pakkekott ja kummipaelad komplektis, v\u00f5ib sisaldada hulgiladustamise j\u00e4lgi)<\/li>\n<li>uuev\u00e4\u00e4rne (sisaldab minimaalseid kulumisj\u00e4lgi, ainult varikatus ilma lisavarustuseta)<\/li>\n<li>kasutatud, Grade 1 (sisaldab kergeid kulumisj\u00e4lgi ning v\u00f5ib olla m\u00e4\u00e4rdunud, ainult varikatus ilma lisavarustuseta)<\/li>\n<li>kasutatud, Grade 2 (sisaldab kergeid kulumisj\u00e4lgi ning v\u00e4iksemaid vigastusi, v\u00f5ib olla m\u00e4\u00e4rdunud, ainult varikatus ilma lisavarustuseta)<\/li>\n<\/ul>\n<p style=\"text-align: justify;\"><strong>\u00a0<\/strong><\/p>\n","protected":false},"excerpt":{"rendered":"<p>Hollandi Armee varikatus, NFP<\/p>\n","protected":false},"featured_media":10326,"template":"","meta":[],"product_brand":[],"product_cat":[150],"product_tag":[],"class_list":{"0":"post-59715","1":"product","2":"type-product","3":"status-publish","4":"has-post-thumbnail","6":"product_cat-magamisvarustus","7":"pa_brand-dutch-military-surplus","8":"pa_condition-kasutatud-grade-1","9":"pa_condition-kasutatud-grade-2","10":"pa_condition-uuevaarne","11":"pa_condition-uus","13":"first","14":"outofstock","15":"taxable","16":"shipping-taxable","17":"purchasable","18":"product-type-variable"},"yoast_head":"<!-- This site is optimized with the Yoast SEO plugin v27.2 - https:\/\/yoast.com\/product\/yoast-seo-wordpress\/ -->\n<title>Hollandi Armee varikatus NFP - outdoors.ee<\/title>\n<meta name=\"description\" content=\"Hollandi s\u00f5jav\u00e4e mitmeotstarbeline varikatus kaasaaegses NFP (Netherlands Fractal Pattern) kamuflaa\u017eis. Varikatust saab kasutada koormakattena, vihma- v\u00f5i p\u00e4ikesevarjuna ning isegi kanderaamina t\u00e4nu \u00e4\u00e4rtes asetsevatele kandesangadele. Lihtne disain annab v\u00f5imaluse lihtsaks ja kiireks varjualuse loomiseks. Tugevad varikatuse nurkades ning k\u00fclgedel asetsevad trukkid, kinnituskohad ning kummipaeltega varustatud metallr\u00f5ngad v\u00f5imaldavad trossi, n\u00f6\u00f6ri, postide ja vaiade abil kinnitamist. M\u00f5\u00f5dud: ca 250 x 220cm Kaal: ca 1,1kg Materjal: pol\u00fcamiid pol\u00fcuretaani kattega Seisukord: uus, pakkekott ja kummipaelad komplektis (v\u00f5ib sisaldada hulgiladustamise j\u00e4lgi) uuev\u00e4\u00e4rne, pakkekott komplektis, kummipaelad puuduvad (sisaldab minimaalseid kulumisj\u00e4lgi) \u00a0\" \/>\n<meta name=\"robots\" content=\"index, follow, max-snippet:-1, max-image-preview:large, max-video-preview:-1\" \/>\n<link rel=\"canonical\" href=\"https:\/\/www.outdoors.ee\/et\/toode\/hollandi-armee-varikatus-nfp\/\" \/>\n<meta property=\"og:locale\" content=\"et_EE\" \/>\n<meta property=\"og:type\" content=\"article\" \/>\n<meta property=\"og:title\" content=\"Hollandi Armee varikatus NFP\" \/>\n<meta property=\"og:description\" content=\"Hollandi s\u00f5jav\u00e4e mitmeotstarbeline varikatus kaasaaegses NFP (Netherlands Fractal Pattern) kamuflaa\u017eis. Varikatust saab kasutada koormakattena, vihma- v\u00f5i p\u00e4ikesevarjuna ning isegi kanderaamina t\u00e4nu \u00e4\u00e4rtes asetsevatele kandesangadele. Lihtne disain annab v\u00f5imaluse lihtsaks ja kiireks varjualuse loomiseks. Tugevad varikatuse nurkades ning k\u00fclgedel asetsevad trukkid, kinnituskohad ning kummipaeltega varustatud metallr\u00f5ngad v\u00f5imaldavad trossi, n\u00f6\u00f6ri, postide ja vaiade abil kinnitamist. M\u00f5\u00f5dud: ca 250 x 220cm Kaal: ca 1,1kg Materjal: pol\u00fcamiid pol\u00fcuretaani kattega Seisukord: uus, pakkekott ja kummipaelad komplektis (v\u00f5ib sisaldada hulgiladustamise j\u00e4lgi) uuev\u00e4\u00e4rne, pakkekott komplektis, kummipaelad puuduvad (sisaldab minimaalseid kulumisj\u00e4lgi) \u00a0\" \/>\n<meta property=\"og:url\" content=\"https:\/\/www.outdoors.ee\/et\/toode\/hollandi-armee-varikatus-nfp\/\" \/>\n<meta property=\"og:site_name\" content=\"Outdoors\" \/>\n<meta property=\"article:modified_time\" content=\"2022-01-25T07:40:59+00:00\" \/>\n<meta property=\"og:image\" content=\"https:\/\/www.outdoors.ee\/wp-content\/uploads\/2021\/08\/0559-Dutch-Army-Basha-Tarpaulin-NFP1.jpg\" \/>\n\t<meta property=\"og:image:width\" content=\"1600\" \/>\n\t<meta property=\"og:image:height\" content=\"1200\" \/>\n\t<meta property=\"og:image:type\" content=\"image\/jpeg\" \/>\n<meta name=\"twitter:card\" content=\"summary_large_image\" \/>\n<meta name=\"twitter:title\" content=\"Hollandi Armee varikatus NFP\" \/>\n<meta name=\"twitter:label1\" content=\"Est. reading time\" \/>\n\t<meta name=\"twitter:data1\" content=\"1 minut\" \/>\n<script type=\"application\/ld+json\" class=\"yoast-schema-graph\">{\"@context\":\"https:\/\/schema.org\",\"@graph\":[{\"@type\":\"WebPage\",\"@id\":\"https:\/\/www.outdoors.ee\/et\/toode\/hollandi-armee-varikatus-nfp\/\",\"url\":\"https:\/\/www.outdoors.ee\/et\/toode\/hollandi-armee-varikatus-nfp\/\",\"name\":\"Hollandi Armee varikatus NFP - outdoors.ee\",\"isPartOf\":{\"@id\":\"https:\/\/www.outdoors.ee\/#website\"},\"primaryImageOfPage\":{\"@id\":\"https:\/\/www.outdoors.ee\/et\/toode\/hollandi-armee-varikatus-nfp\/#primaryimage\"},\"image\":{\"@id\":\"https:\/\/www.outdoors.ee\/et\/toode\/hollandi-armee-varikatus-nfp\/#primaryimage\"},\"thumbnailUrl\":\"https:\/\/www.outdoors.ee\/wp-content\/uploads\/2021\/08\/0559-Dutch-Army-Basha-Tarpaulin-NFP1.jpg\",\"datePublished\":\"2021-12-09T00:00:00+00:00\",\"dateModified\":\"2022-01-25T07:40:59+00:00\",\"description\":\"Hollandi s\u00f5jav\u00e4e mitmeotstarbeline varikatus kaasaaegses NFP (Netherlands Fractal Pattern) kamuflaa\u017eis. Varikatust saab kasutada koormakattena, vihma- v\u00f5i p\u00e4ikesevarjuna ning isegi kanderaamina t\u00e4nu \u00e4\u00e4rtes asetsevatele kandesangadele. Lihtne disain annab v\u00f5imaluse lihtsaks ja kiireks varjualuse loomiseks. Tugevad varikatuse nurkades ning k\u00fclgedel asetsevad trukkid, kinnituskohad ning kummipaeltega varustatud metallr\u00f5ngad v\u00f5imaldavad trossi, n\u00f6\u00f6ri, postide ja vaiade abil kinnitamist. M\u00f5\u00f5dud: ca 250 x 220cm Kaal: ca 1,1kg Materjal: pol\u00fcamiid pol\u00fcuretaani kattega Seisukord: uus, pakkekott ja kummipaelad komplektis (v\u00f5ib sisaldada hulgiladustamise j\u00e4lgi) uuev\u00e4\u00e4rne, pakkekott komplektis, kummipaelad puuduvad (sisaldab minimaalseid kulumisj\u00e4lgi) \u00a0\",\"breadcrumb\":{\"@id\":\"https:\/\/www.outdoors.ee\/et\/toode\/hollandi-armee-varikatus-nfp\/#breadcrumb\"},\"inLanguage\":\"et\",\"potentialAction\":[{\"@type\":\"ReadAction\",\"target\":[\"https:\/\/www.outdoors.ee\/et\/toode\/hollandi-armee-varikatus-nfp\/\"]}]},{\"@type\":\"ImageObject\",\"inLanguage\":\"et\",\"@id\":\"https:\/\/www.outdoors.ee\/et\/toode\/hollandi-armee-varikatus-nfp\/#primaryimage\",\"url\":\"https:\/\/www.outdoors.ee\/wp-content\/uploads\/2021\/08\/0559-Dutch-Army-Basha-Tarpaulin-NFP1.jpg\",\"contentUrl\":\"https:\/\/www.outdoors.ee\/wp-content\/uploads\/2021\/08\/0559-Dutch-Army-Basha-Tarpaulin-NFP1.jpg\",\"width\":1600,\"height\":1200},{\"@type\":\"BreadcrumbList\",\"@id\":\"https:\/\/www.outdoors.ee\/et\/toode\/hollandi-armee-varikatus-nfp\/#breadcrumb\",\"itemListElement\":[{\"@type\":\"ListItem\",\"position\":1,\"name\":\"Home\",\"item\":\"https:\/\/www.outdoors.ee\/et\/\"},{\"@type\":\"ListItem\",\"position\":2,\"name\":\"Tooted\",\"item\":\"https:\/\/www.outdoors.ee\/products\/\"},{\"@type\":\"ListItem\",\"position\":3,\"name\":\"Hollandi Armee varikatus NFP\"}]},{\"@type\":\"WebSite\",\"@id\":\"https:\/\/www.outdoors.ee\/#website\",\"url\":\"https:\/\/www.outdoors.ee\/\",\"name\":\"Outdoors\",\"description\":\"Genuine military surplus and not only!\",\"potentialAction\":[{\"@type\":\"SearchAction\",\"target\":{\"@type\":\"EntryPoint\",\"urlTemplate\":\"https:\/\/www.outdoors.ee\/?s={search_term_string}\"},\"query-input\":{\"@type\":\"PropertyValueSpecification\",\"valueRequired\":true,\"valueName\":\"search_term_string\"}}],\"inLanguage\":\"et\"}]}<\/script>\n<!-- \/ Yoast SEO plugin. -->","yoast_head_json":{"title":"Hollandi Armee varikatus NFP - outdoors.ee","description":"Hollandi s\u00f5jav\u00e4e mitmeotstarbeline varikatus kaasaaegses NFP (Netherlands Fractal Pattern) kamuflaa\u017eis. Varikatust saab kasutada koormakattena, vihma- v\u00f5i p\u00e4ikesevarjuna ning isegi kanderaamina t\u00e4nu \u00e4\u00e4rtes asetsevatele kandesangadele. Lihtne disain annab v\u00f5imaluse lihtsaks ja kiireks varjualuse loomiseks. Tugevad varikatuse nurkades ning k\u00fclgedel asetsevad trukkid, kinnituskohad ning kummipaeltega varustatud metallr\u00f5ngad v\u00f5imaldavad trossi, n\u00f6\u00f6ri, postide ja vaiade abil kinnitamist. M\u00f5\u00f5dud: ca 250 x 220cm Kaal: ca 1,1kg Materjal: pol\u00fcamiid pol\u00fcuretaani kattega Seisukord: uus, pakkekott ja kummipaelad komplektis (v\u00f5ib sisaldada hulgiladustamise j\u00e4lgi) uuev\u00e4\u00e4rne, pakkekott komplektis, kummipaelad puuduvad (sisaldab minimaalseid kulumisj\u00e4lgi) \u00a0","robots":{"index":"index","follow":"follow","max-snippet":"max-snippet:-1","max-image-preview":"max-image-preview:large","max-video-preview":"max-video-preview:-1"},"canonical":"https:\/\/www.outdoors.ee\/et\/toode\/hollandi-armee-varikatus-nfp\/","og_locale":"et_EE","og_type":"article","og_title":"Hollandi Armee varikatus NFP","og_description":"Hollandi s\u00f5jav\u00e4e mitmeotstarbeline varikatus kaasaaegses NFP (Netherlands Fractal Pattern) kamuflaa\u017eis. Varikatust saab kasutada koormakattena, vihma- v\u00f5i p\u00e4ikesevarjuna ning isegi kanderaamina t\u00e4nu \u00e4\u00e4rtes asetsevatele kandesangadele. Lihtne disain annab v\u00f5imaluse lihtsaks ja kiireks varjualuse loomiseks. Tugevad varikatuse nurkades ning k\u00fclgedel asetsevad trukkid, kinnituskohad ning kummipaeltega varustatud metallr\u00f5ngad v\u00f5imaldavad trossi, n\u00f6\u00f6ri, postide ja vaiade abil kinnitamist. M\u00f5\u00f5dud: ca 250 x 220cm Kaal: ca 1,1kg Materjal: pol\u00fcamiid pol\u00fcuretaani kattega Seisukord: uus, pakkekott ja kummipaelad komplektis (v\u00f5ib sisaldada hulgiladustamise j\u00e4lgi) uuev\u00e4\u00e4rne, pakkekott komplektis, kummipaelad puuduvad (sisaldab minimaalseid kulumisj\u00e4lgi) \u00a0","og_url":"https:\/\/www.outdoors.ee\/et\/toode\/hollandi-armee-varikatus-nfp\/","og_site_name":"Outdoors","article_modified_time":"2022-01-25T07:40:59+00:00","og_image":[{"width":1600,"height":1200,"url":"https:\/\/www.outdoors.ee\/wp-content\/uploads\/2021\/08\/0559-Dutch-Army-Basha-Tarpaulin-NFP1.jpg","type":"image\/jpeg"}],"twitter_card":"summary_large_image","twitter_title":"Hollandi Armee varikatus NFP","twitter_misc":{"Est. reading time":"1 minut"},"schema":{"@context":"https:\/\/schema.org","@graph":[{"@type":"WebPage","@id":"https:\/\/www.outdoors.ee\/et\/toode\/hollandi-armee-varikatus-nfp\/","url":"https:\/\/www.outdoors.ee\/et\/toode\/hollandi-armee-varikatus-nfp\/","name":"Hollandi Armee varikatus NFP - outdoors.ee","isPartOf":{"@id":"https:\/\/www.outdoors.ee\/#website"},"primaryImageOfPage":{"@id":"https:\/\/www.outdoors.ee\/et\/toode\/hollandi-armee-varikatus-nfp\/#primaryimage"},"image":{"@id":"https:\/\/www.outdoors.ee\/et\/toode\/hollandi-armee-varikatus-nfp\/#primaryimage"},"thumbnailUrl":"https:\/\/www.outdoors.ee\/wp-content\/uploads\/2021\/08\/0559-Dutch-Army-Basha-Tarpaulin-NFP1.jpg","datePublished":"2021-12-09T00:00:00+00:00","dateModified":"2022-01-25T07:40:59+00:00","description":"Hollandi s\u00f5jav\u00e4e mitmeotstarbeline varikatus kaasaaegses NFP (Netherlands Fractal Pattern) kamuflaa\u017eis. Varikatust saab kasutada koormakattena, vihma- v\u00f5i p\u00e4ikesevarjuna ning isegi kanderaamina t\u00e4nu \u00e4\u00e4rtes asetsevatele kandesangadele. Lihtne disain annab v\u00f5imaluse lihtsaks ja kiireks varjualuse loomiseks. Tugevad varikatuse nurkades ning k\u00fclgedel asetsevad trukkid, kinnituskohad ning kummipaeltega varustatud metallr\u00f5ngad v\u00f5imaldavad trossi, n\u00f6\u00f6ri, postide ja vaiade abil kinnitamist. M\u00f5\u00f5dud: ca 250 x 220cm Kaal: ca 1,1kg Materjal: pol\u00fcamiid pol\u00fcuretaani kattega Seisukord: uus, pakkekott ja kummipaelad komplektis (v\u00f5ib sisaldada hulgiladustamise j\u00e4lgi) uuev\u00e4\u00e4rne, pakkekott komplektis, kummipaelad puuduvad (sisaldab minimaalseid kulumisj\u00e4lgi) \u00a0","breadcrumb":{"@id":"https:\/\/www.outdoors.ee\/et\/toode\/hollandi-armee-varikatus-nfp\/#breadcrumb"},"inLanguage":"et","potentialAction":[{"@type":"ReadAction","target":["https:\/\/www.outdoors.ee\/et\/toode\/hollandi-armee-varikatus-nfp\/"]}]},{"@type":"ImageObject","inLanguage":"et","@id":"https:\/\/www.outdoors.ee\/et\/toode\/hollandi-armee-varikatus-nfp\/#primaryimage","url":"https:\/\/www.outdoors.ee\/wp-content\/uploads\/2021\/08\/0559-Dutch-Army-Basha-Tarpaulin-NFP1.jpg","contentUrl":"https:\/\/www.outdoors.ee\/wp-content\/uploads\/2021\/08\/0559-Dutch-Army-Basha-Tarpaulin-NFP1.jpg","width":1600,"height":1200},{"@type":"BreadcrumbList","@id":"https:\/\/www.outdoors.ee\/et\/toode\/hollandi-armee-varikatus-nfp\/#breadcrumb","itemListElement":[{"@type":"ListItem","position":1,"name":"Home","item":"https:\/\/www.outdoors.ee\/et\/"},{"@type":"ListItem","position":2,"name":"Tooted","item":"https:\/\/www.outdoors.ee\/products\/"},{"@type":"ListItem","position":3,"name":"Hollandi Armee varikatus NFP"}]},{"@type":"WebSite","@id":"https:\/\/www.outdoors.ee\/#website","url":"https:\/\/www.outdoors.ee\/","name":"Outdoors","description":"Genuine military surplus and not only!","potentialAction":[{"@type":"SearchAction","target":{"@type":"EntryPoint","urlTemplate":"https:\/\/www.outdoors.ee\/?s={search_term_string}"},"query-input":{"@type":"PropertyValueSpecification","valueRequired":true,"valueName":"search_term_string"}}],"inLanguage":"et"}]}},"_links":{"self":[{"href":"https:\/\/www.outdoors.ee\/et\/wp-json\/wp\/v2\/product\/59715","targetHints":{"allow":["GET"]}}],"collection":[{"href":"https:\/\/www.outdoors.ee\/et\/wp-json\/wp\/v2\/product"}],"about":[{"href":"https:\/\/www.outdoors.ee\/et\/wp-json\/wp\/v2\/types\/product"}],"wp:featuredmedia":[{"embeddable":true,"href":"https:\/\/www.outdoors.ee\/et\/wp-json\/wp\/v2\/media\/10326"}],"wp:attachment":[{"href":"https:\/\/www.outdoors.ee\/et\/wp-json\/wp\/v2\/media?parent=59715"}],"wp:term":[{"taxonomy":"product_brand","embeddable":true,"href":"https:\/\/www.outdoors.ee\/et\/wp-json\/wp\/v2\/product_brand?post=59715"},{"taxonomy":"product_cat","embeddable":true,"href":"https:\/\/www.outdoors.ee\/et\/wp-json\/wp\/v2\/product_cat?post=59715"},{"taxonomy":"product_tag","embeddable":true,"href":"https:\/\/www.outdoors.ee\/et\/wp-json\/wp\/v2\/product_tag?post=59715"}],"curies":[{"name":"wp","href":"https:\/\/api.w.org\/{rel}","templated":true}]}}