{"id":59694,"date":"2021-12-09T00:00:00","date_gmt":"2021-12-09T00:00:00","guid":{"rendered":"https:\/\/www.outdoors.ee\/product\/bergans-of-norway-2815-raipas-jahipuksid\/"},"modified":"2023-11-22T13:30:11","modified_gmt":"2023-11-22T11:30:11","slug":"bergans-of-norway-2815-raipas-jahipuksid","status":"publish","type":"product","link":"https:\/\/www.outdoors.ee\/et\/toode\/bergans-of-norway-2815-raipas-jahipuksid\/","title":{"rendered":"Bergans of Norway 2815 Raipas jahip\u00fcksid"},"content":{"rendered":"<p style=\"text-align: justify;\">Veekindlad ja hingavad jahip\u00fcksid Hollandi s\u00f5jav\u00e4e laovarudest. Raipas jahip\u00fcksid Norra tootjalt Bergans on arendatud spetsiaalselt jahi pidamiseks m\u00e4gimaastikul.\u00a0Dermizax\u00aeNX membraan teeb p\u00fcksid nii vee- kui tuulekindlaks, olles samal ajal ka v\u00e4ga hingav. P\u00fcksid on v\u00e4ga vastupidavad, varustatud mitme taskuga ning muude kasulike omadustega.<\/p>\n<p style=\"text-align: justify;\"><strong>Omadused<\/strong>:<\/p>\n<ul style=\"text-align: justify;\">\n<li>kangas: 3-kihiline\u00a0Dermizax\u00aeNX &#8211; vee- ning tuulekindel ja hingav<\/li>\n<li>t\u00f5mblukuga ventilatsioon m\u00f5lema reie v\u00e4lisk\u00fcljel<\/li>\n<li>anatoomilised kujuga p\u00f5lvekohad<\/li>\n<li>t\u00f5mblukuga k\u00e4etaskud v\u00f5rkmaterjalist<\/li>\n<li>reietaskud<\/li>\n<li>reguleeritava pikkusega eemaldatavad traksid<\/li>\n<li>p\u00fcksirihma aasad<\/li>\n<li>tugevdustega h\u00fcppeliigese piirkonnas kulumiskindluse tagamiseks<\/li>\n<li>k\u00f5rgem seljaosa<\/li>\n<li>trukkide abil reguleeritava laiusega venivad mansetid<\/li>\n<li>kaal ca 870g (suurus L)<\/li>\n<\/ul>\n<p style=\"text-align: justify;\"><strong>Seisukord<\/strong>:<\/p>\n<ul>\n<li style=\"text-align: justify;\">uus (v\u00f5ib sisaldada hulgiladustamise j\u00e4lgi)<\/li>\n<li style=\"text-align: justify;\">uuev\u00e4\u00e4rne (sisaldavad minimaalseid kulumisj\u00e4lgi)<\/li>\n<li>kasutatud, Grade 1 (sisaldavad m\u00f5\u00f5dukaid kulumisj\u00e4lgi, v\u00f5ivad olla m\u00e4\u00e4rdunud ning sisaldada v\u00e4iksemaid vigastusi)<\/li>\n<\/ul>\n","protected":false},"excerpt":{"rendered":"<p>Bergans of Norway 2815 Raipas jahip\u00fcksid, tumehall<\/p>\n","protected":false},"featured_media":8544,"template":"","meta":[],"product_brand":[],"product_cat":[111],"product_tag":[],"class_list":{"0":"post-59694","1":"product","2":"type-product","3":"status-publish","4":"has-post-thumbnail","6":"product_cat-puksid","7":"pa_brand-bergans-of-norway-2","8":"pa_condition-kasutatud-grade-1","9":"pa_condition-uuevaarne","10":"pa_condition-uus","11":"pa_size-l-2","12":"pa_size-m-2","13":"pa_size-xl-2","14":"pa_size-xxl-2","16":"first","17":"outofstock","18":"taxable","19":"shipping-taxable","20":"purchasable","21":"product-type-variable"},"yoast_head":"<!-- This site is optimized with the Yoast SEO plugin v27.2 - https:\/\/yoast.com\/product\/yoast-seo-wordpress\/ -->\n<title>Bergans of Norway 2815 Raipas jahip\u00fcksid - outdoors.ee<\/title>\n<meta name=\"description\" content=\"Veekindlad ja hingavad jahip&uuml;ksid Hollandi s&otilde;jav&auml;e laovarudest. Raipas jahip&uuml;ksid Norra tootjalt Bergans on arendatud spetsiaalselt jahi pidamiseks m&auml;gimaastikul.&nbsp;Dermizax&reg;NX membraan teeb p&uuml;ksid nii vee- kui tuulekindlaks, olles samal ajal ka v&auml;ga hingav. P&uuml;ksid on v&auml;ga vastupidavad, varustatud mitme taskuga ning muude kasulike omadustega. Omadused:&nbsp; kangas: 3-kihiline&nbsp;Dermizax&reg;NX - vee- ning tuulekindel ja hingav&nbsp; t&otilde;mblukuga ventilatsioon m&otilde;lema reie v&auml;lisk&uuml;ljel anatoomilised kujuga p&otilde;lvekohad t&otilde;mblukuga k&auml;etaskud v&otilde;rkmaterjalist reietaskud reguleeritava pikkusega eemaldatavad traksid p&uuml;ksirihma aasad tugevdustega h&uuml;ppeliigese piirkonnas kulumiskindluse tagamiseks k&otilde;rgem seljaosa trukkide abil reguleeritava laiusega venivad mansetid Kaal: ca 870g (suurus L) Seisukord: uus (v&otilde;ib sisaldada hulgiladustamise j&auml;lgi) uuev&auml;&auml;rne (sisaldavad minimaalseid kulumisj&auml;lgi)\" \/>\n<meta name=\"robots\" content=\"index, follow, max-snippet:-1, max-image-preview:large, max-video-preview:-1\" \/>\n<link rel=\"canonical\" href=\"https:\/\/www.outdoors.ee\/et\/toode\/bergans-of-norway-2815-raipas-jahipuksid\/\" \/>\n<meta property=\"og:locale\" content=\"et_EE\" \/>\n<meta property=\"og:type\" content=\"article\" \/>\n<meta property=\"og:title\" content=\"Bergans of Norway 2815 Raipas jahip\u00fcksid\" \/>\n<meta property=\"og:description\" content=\"Veekindlad ja hingavad jahip&uuml;ksid Hollandi s&otilde;jav&auml;e laovarudest. Raipas jahip&uuml;ksid Norra tootjalt Bergans on arendatud spetsiaalselt jahi pidamiseks m&auml;gimaastikul.&nbsp;Dermizax&reg;NX membraan teeb p&uuml;ksid nii vee- kui tuulekindlaks, olles samal ajal ka v&auml;ga hingav. P&uuml;ksid on v&auml;ga vastupidavad, varustatud mitme taskuga ning muude kasulike omadustega. Omadused:&nbsp; kangas: 3-kihiline&nbsp;Dermizax&reg;NX - vee- ning tuulekindel ja hingav&nbsp; t&otilde;mblukuga ventilatsioon m&otilde;lema reie v&auml;lisk&uuml;ljel anatoomilised kujuga p&otilde;lvekohad t&otilde;mblukuga k&auml;etaskud v&otilde;rkmaterjalist reietaskud reguleeritava pikkusega eemaldatavad traksid p&uuml;ksirihma aasad tugevdustega h&uuml;ppeliigese piirkonnas kulumiskindluse tagamiseks k&otilde;rgem seljaosa trukkide abil reguleeritava laiusega venivad mansetid Kaal: ca 870g (suurus L) Seisukord: uus (v&otilde;ib sisaldada hulgiladustamise j&auml;lgi) uuev&auml;&auml;rne (sisaldavad minimaalseid kulumisj&auml;lgi)\" \/>\n<meta property=\"og:url\" content=\"https:\/\/www.outdoors.ee\/et\/toode\/bergans-of-norway-2815-raipas-jahipuksid\/\" \/>\n<meta property=\"og:site_name\" content=\"Outdoors\" \/>\n<meta property=\"article:modified_time\" content=\"2023-11-22T11:30:11+00:00\" \/>\n<meta property=\"og:image\" content=\"https:\/\/www.outdoors.ee\/wp-content\/uploads\/2021\/08\/0550-Bergans-of-Norway-2815-Raipas-Pants-dark-olive.png\" \/>\n\t<meta property=\"og:image:width\" content=\"233\" \/>\n\t<meta property=\"og:image:height\" content=\"768\" \/>\n\t<meta property=\"og:image:type\" content=\"image\/png\" \/>\n<meta name=\"twitter:card\" content=\"summary_large_image\" \/>\n<meta name=\"twitter:title\" content=\"Bergans of Norway 2815 Raipas jahip\u00fcksid\" \/>\n<meta name=\"twitter:label1\" content=\"Est. reading time\" \/>\n\t<meta name=\"twitter:data1\" content=\"1 minut\" \/>\n<script type=\"application\/ld+json\" class=\"yoast-schema-graph\">{\"@context\":\"https:\/\/schema.org\",\"@graph\":[{\"@type\":\"WebPage\",\"@id\":\"https:\/\/www.outdoors.ee\/et\/toode\/bergans-of-norway-2815-raipas-jahipuksid\/\",\"url\":\"https:\/\/www.outdoors.ee\/et\/toode\/bergans-of-norway-2815-raipas-jahipuksid\/\",\"name\":\"Bergans of Norway 2815 Raipas jahip\u00fcksid - outdoors.ee\",\"isPartOf\":{\"@id\":\"https:\/\/www.outdoors.ee\/#website\"},\"primaryImageOfPage\":{\"@id\":\"https:\/\/www.outdoors.ee\/et\/toode\/bergans-of-norway-2815-raipas-jahipuksid\/#primaryimage\"},\"image\":{\"@id\":\"https:\/\/www.outdoors.ee\/et\/toode\/bergans-of-norway-2815-raipas-jahipuksid\/#primaryimage\"},\"thumbnailUrl\":\"https:\/\/www.outdoors.ee\/wp-content\/uploads\/2021\/08\/0550-Bergans-of-Norway-2815-Raipas-Pants-dark-olive.png\",\"datePublished\":\"2021-12-09T00:00:00+00:00\",\"dateModified\":\"2023-11-22T11:30:11+00:00\",\"description\":\"Veekindlad ja hingavad jahip&uuml;ksid Hollandi s&otilde;jav&auml;e laovarudest. Raipas jahip&uuml;ksid Norra tootjalt Bergans on arendatud spetsiaalselt jahi pidamiseks m&auml;gimaastikul.&nbsp;Dermizax&reg;NX membraan teeb p&uuml;ksid nii vee- kui tuulekindlaks, olles samal ajal ka v&auml;ga hingav. P&uuml;ksid on v&auml;ga vastupidavad, varustatud mitme taskuga ning muude kasulike omadustega. Omadused:&nbsp; kangas: 3-kihiline&nbsp;Dermizax&reg;NX - vee- ning tuulekindel ja hingav&nbsp; t&otilde;mblukuga ventilatsioon m&otilde;lema reie v&auml;lisk&uuml;ljel anatoomilised kujuga p&otilde;lvekohad t&otilde;mblukuga k&auml;etaskud v&otilde;rkmaterjalist reietaskud reguleeritava pikkusega eemaldatavad traksid p&uuml;ksirihma aasad tugevdustega h&uuml;ppeliigese piirkonnas kulumiskindluse tagamiseks k&otilde;rgem seljaosa trukkide abil reguleeritava laiusega venivad mansetid Kaal: ca 870g (suurus L) Seisukord: uus (v&otilde;ib sisaldada hulgiladustamise j&auml;lgi) uuev&auml;&auml;rne (sisaldavad minimaalseid kulumisj&auml;lgi)\",\"breadcrumb\":{\"@id\":\"https:\/\/www.outdoors.ee\/et\/toode\/bergans-of-norway-2815-raipas-jahipuksid\/#breadcrumb\"},\"inLanguage\":\"et\",\"potentialAction\":[{\"@type\":\"ReadAction\",\"target\":[\"https:\/\/www.outdoors.ee\/et\/toode\/bergans-of-norway-2815-raipas-jahipuksid\/\"]}]},{\"@type\":\"ImageObject\",\"inLanguage\":\"et\",\"@id\":\"https:\/\/www.outdoors.ee\/et\/toode\/bergans-of-norway-2815-raipas-jahipuksid\/#primaryimage\",\"url\":\"https:\/\/www.outdoors.ee\/wp-content\/uploads\/2021\/08\/0550-Bergans-of-Norway-2815-Raipas-Pants-dark-olive.png\",\"contentUrl\":\"https:\/\/www.outdoors.ee\/wp-content\/uploads\/2021\/08\/0550-Bergans-of-Norway-2815-Raipas-Pants-dark-olive.png\",\"width\":233,\"height\":768},{\"@type\":\"BreadcrumbList\",\"@id\":\"https:\/\/www.outdoors.ee\/et\/toode\/bergans-of-norway-2815-raipas-jahipuksid\/#breadcrumb\",\"itemListElement\":[{\"@type\":\"ListItem\",\"position\":1,\"name\":\"Home\",\"item\":\"https:\/\/www.outdoors.ee\/et\/\"},{\"@type\":\"ListItem\",\"position\":2,\"name\":\"Tooted\",\"item\":\"https:\/\/www.outdoors.ee\/products\/\"},{\"@type\":\"ListItem\",\"position\":3,\"name\":\"Bergans of Norway 2815 Raipas jahip\u00fcksid\"}]},{\"@type\":\"WebSite\",\"@id\":\"https:\/\/www.outdoors.ee\/#website\",\"url\":\"https:\/\/www.outdoors.ee\/\",\"name\":\"Outdoors\",\"description\":\"Genuine military surplus and not only!\",\"potentialAction\":[{\"@type\":\"SearchAction\",\"target\":{\"@type\":\"EntryPoint\",\"urlTemplate\":\"https:\/\/www.outdoors.ee\/?s={search_term_string}\"},\"query-input\":{\"@type\":\"PropertyValueSpecification\",\"valueRequired\":true,\"valueName\":\"search_term_string\"}}],\"inLanguage\":\"et\"}]}<\/script>\n<!-- \/ Yoast SEO plugin. -->","yoast_head_json":{"title":"Bergans of Norway 2815 Raipas jahip\u00fcksid - outdoors.ee","description":"Veekindlad ja hingavad jahip&uuml;ksid Hollandi s&otilde;jav&auml;e laovarudest. Raipas jahip&uuml;ksid Norra tootjalt Bergans on arendatud spetsiaalselt jahi pidamiseks m&auml;gimaastikul.&nbsp;Dermizax&reg;NX membraan teeb p&uuml;ksid nii vee- kui tuulekindlaks, olles samal ajal ka v&auml;ga hingav. P&uuml;ksid on v&auml;ga vastupidavad, varustatud mitme taskuga ning muude kasulike omadustega. Omadused:&nbsp; kangas: 3-kihiline&nbsp;Dermizax&reg;NX - vee- ning tuulekindel ja hingav&nbsp; t&otilde;mblukuga ventilatsioon m&otilde;lema reie v&auml;lisk&uuml;ljel anatoomilised kujuga p&otilde;lvekohad t&otilde;mblukuga k&auml;etaskud v&otilde;rkmaterjalist reietaskud reguleeritava pikkusega eemaldatavad traksid p&uuml;ksirihma aasad tugevdustega h&uuml;ppeliigese piirkonnas kulumiskindluse tagamiseks k&otilde;rgem seljaosa trukkide abil reguleeritava laiusega venivad mansetid Kaal: ca 870g (suurus L) Seisukord: uus (v&otilde;ib sisaldada hulgiladustamise j&auml;lgi) uuev&auml;&auml;rne (sisaldavad minimaalseid kulumisj&auml;lgi)","robots":{"index":"index","follow":"follow","max-snippet":"max-snippet:-1","max-image-preview":"max-image-preview:large","max-video-preview":"max-video-preview:-1"},"canonical":"https:\/\/www.outdoors.ee\/et\/toode\/bergans-of-norway-2815-raipas-jahipuksid\/","og_locale":"et_EE","og_type":"article","og_title":"Bergans of Norway 2815 Raipas jahip\u00fcksid","og_description":"Veekindlad ja hingavad jahip&uuml;ksid Hollandi s&otilde;jav&auml;e laovarudest. Raipas jahip&uuml;ksid Norra tootjalt Bergans on arendatud spetsiaalselt jahi pidamiseks m&auml;gimaastikul.&nbsp;Dermizax&reg;NX membraan teeb p&uuml;ksid nii vee- kui tuulekindlaks, olles samal ajal ka v&auml;ga hingav. P&uuml;ksid on v&auml;ga vastupidavad, varustatud mitme taskuga ning muude kasulike omadustega. Omadused:&nbsp; kangas: 3-kihiline&nbsp;Dermizax&reg;NX - vee- ning tuulekindel ja hingav&nbsp; t&otilde;mblukuga ventilatsioon m&otilde;lema reie v&auml;lisk&uuml;ljel anatoomilised kujuga p&otilde;lvekohad t&otilde;mblukuga k&auml;etaskud v&otilde;rkmaterjalist reietaskud reguleeritava pikkusega eemaldatavad traksid p&uuml;ksirihma aasad tugevdustega h&uuml;ppeliigese piirkonnas kulumiskindluse tagamiseks k&otilde;rgem seljaosa trukkide abil reguleeritava laiusega venivad mansetid Kaal: ca 870g (suurus L) Seisukord: uus (v&otilde;ib sisaldada hulgiladustamise j&auml;lgi) uuev&auml;&auml;rne (sisaldavad minimaalseid kulumisj&auml;lgi)","og_url":"https:\/\/www.outdoors.ee\/et\/toode\/bergans-of-norway-2815-raipas-jahipuksid\/","og_site_name":"Outdoors","article_modified_time":"2023-11-22T11:30:11+00:00","og_image":[{"width":233,"height":768,"url":"https:\/\/www.outdoors.ee\/wp-content\/uploads\/2021\/08\/0550-Bergans-of-Norway-2815-Raipas-Pants-dark-olive.png","type":"image\/png"}],"twitter_card":"summary_large_image","twitter_title":"Bergans of Norway 2815 Raipas jahip\u00fcksid","twitter_misc":{"Est. reading time":"1 minut"},"schema":{"@context":"https:\/\/schema.org","@graph":[{"@type":"WebPage","@id":"https:\/\/www.outdoors.ee\/et\/toode\/bergans-of-norway-2815-raipas-jahipuksid\/","url":"https:\/\/www.outdoors.ee\/et\/toode\/bergans-of-norway-2815-raipas-jahipuksid\/","name":"Bergans of Norway 2815 Raipas jahip\u00fcksid - outdoors.ee","isPartOf":{"@id":"https:\/\/www.outdoors.ee\/#website"},"primaryImageOfPage":{"@id":"https:\/\/www.outdoors.ee\/et\/toode\/bergans-of-norway-2815-raipas-jahipuksid\/#primaryimage"},"image":{"@id":"https:\/\/www.outdoors.ee\/et\/toode\/bergans-of-norway-2815-raipas-jahipuksid\/#primaryimage"},"thumbnailUrl":"https:\/\/www.outdoors.ee\/wp-content\/uploads\/2021\/08\/0550-Bergans-of-Norway-2815-Raipas-Pants-dark-olive.png","datePublished":"2021-12-09T00:00:00+00:00","dateModified":"2023-11-22T11:30:11+00:00","description":"Veekindlad ja hingavad jahip&uuml;ksid Hollandi s&otilde;jav&auml;e laovarudest. Raipas jahip&uuml;ksid Norra tootjalt Bergans on arendatud spetsiaalselt jahi pidamiseks m&auml;gimaastikul.&nbsp;Dermizax&reg;NX membraan teeb p&uuml;ksid nii vee- kui tuulekindlaks, olles samal ajal ka v&auml;ga hingav. P&uuml;ksid on v&auml;ga vastupidavad, varustatud mitme taskuga ning muude kasulike omadustega. Omadused:&nbsp; kangas: 3-kihiline&nbsp;Dermizax&reg;NX - vee- ning tuulekindel ja hingav&nbsp; t&otilde;mblukuga ventilatsioon m&otilde;lema reie v&auml;lisk&uuml;ljel anatoomilised kujuga p&otilde;lvekohad t&otilde;mblukuga k&auml;etaskud v&otilde;rkmaterjalist reietaskud reguleeritava pikkusega eemaldatavad traksid p&uuml;ksirihma aasad tugevdustega h&uuml;ppeliigese piirkonnas kulumiskindluse tagamiseks k&otilde;rgem seljaosa trukkide abil reguleeritava laiusega venivad mansetid Kaal: ca 870g (suurus L) Seisukord: uus (v&otilde;ib sisaldada hulgiladustamise j&auml;lgi) uuev&auml;&auml;rne (sisaldavad minimaalseid kulumisj&auml;lgi)","breadcrumb":{"@id":"https:\/\/www.outdoors.ee\/et\/toode\/bergans-of-norway-2815-raipas-jahipuksid\/#breadcrumb"},"inLanguage":"et","potentialAction":[{"@type":"ReadAction","target":["https:\/\/www.outdoors.ee\/et\/toode\/bergans-of-norway-2815-raipas-jahipuksid\/"]}]},{"@type":"ImageObject","inLanguage":"et","@id":"https:\/\/www.outdoors.ee\/et\/toode\/bergans-of-norway-2815-raipas-jahipuksid\/#primaryimage","url":"https:\/\/www.outdoors.ee\/wp-content\/uploads\/2021\/08\/0550-Bergans-of-Norway-2815-Raipas-Pants-dark-olive.png","contentUrl":"https:\/\/www.outdoors.ee\/wp-content\/uploads\/2021\/08\/0550-Bergans-of-Norway-2815-Raipas-Pants-dark-olive.png","width":233,"height":768},{"@type":"BreadcrumbList","@id":"https:\/\/www.outdoors.ee\/et\/toode\/bergans-of-norway-2815-raipas-jahipuksid\/#breadcrumb","itemListElement":[{"@type":"ListItem","position":1,"name":"Home","item":"https:\/\/www.outdoors.ee\/et\/"},{"@type":"ListItem","position":2,"name":"Tooted","item":"https:\/\/www.outdoors.ee\/products\/"},{"@type":"ListItem","position":3,"name":"Bergans of Norway 2815 Raipas jahip\u00fcksid"}]},{"@type":"WebSite","@id":"https:\/\/www.outdoors.ee\/#website","url":"https:\/\/www.outdoors.ee\/","name":"Outdoors","description":"Genuine military surplus and not only!","potentialAction":[{"@type":"SearchAction","target":{"@type":"EntryPoint","urlTemplate":"https:\/\/www.outdoors.ee\/?s={search_term_string}"},"query-input":{"@type":"PropertyValueSpecification","valueRequired":true,"valueName":"search_term_string"}}],"inLanguage":"et"}]}},"_links":{"self":[{"href":"https:\/\/www.outdoors.ee\/et\/wp-json\/wp\/v2\/product\/59694","targetHints":{"allow":["GET"]}}],"collection":[{"href":"https:\/\/www.outdoors.ee\/et\/wp-json\/wp\/v2\/product"}],"about":[{"href":"https:\/\/www.outdoors.ee\/et\/wp-json\/wp\/v2\/types\/product"}],"wp:featuredmedia":[{"embeddable":true,"href":"https:\/\/www.outdoors.ee\/et\/wp-json\/wp\/v2\/media\/8544"}],"wp:attachment":[{"href":"https:\/\/www.outdoors.ee\/et\/wp-json\/wp\/v2\/media?parent=59694"}],"wp:term":[{"taxonomy":"product_brand","embeddable":true,"href":"https:\/\/www.outdoors.ee\/et\/wp-json\/wp\/v2\/product_brand?post=59694"},{"taxonomy":"product_cat","embeddable":true,"href":"https:\/\/www.outdoors.ee\/et\/wp-json\/wp\/v2\/product_cat?post=59694"},{"taxonomy":"product_tag","embeddable":true,"href":"https:\/\/www.outdoors.ee\/et\/wp-json\/wp\/v2\/product_tag?post=59694"}],"curies":[{"name":"wp","href":"https:\/\/api.w.org\/{rel}","templated":true}]}}