{"id":59660,"date":"2021-12-09T00:00:00","date_gmt":"2021-12-09T00:00:00","guid":{"rendered":"https:\/\/www.outdoors.ee\/product\/hollandi-armee-arwy-40l-taktikaline-seljakott-woodland\/"},"modified":"2023-11-14T10:55:42","modified_gmt":"2023-11-14T08:55:42","slug":"hollandi-armee-40l-taktikaline-seljakott-woodland","status":"publish","type":"product","link":"https:\/\/www.outdoors.ee\/et\/toode\/hollandi-armee-40l-taktikaline-seljakott-woodland\/","title":{"rendered":"Hollandi Armee 40L taktikaline seljakott Woodland"},"content":{"rendered":"<p style=\"text-align: justify;\"><strong>Omadused:<\/strong><\/p>\n<ul style=\"text-align: justify;\">\n<li>Hollandi s\u00f5jav\u00e4e originaal<\/li>\n<li>maht ca 40L (+20L k\u00fcljetaskutega)<\/li>\n<li>pehmendatud ning reguleeritava pikkusega \u00f5larihmad<\/li>\n<li>puusav\u00f6\u00f6 tugeva plastikpandlaga<\/li>\n<li>t\u00f5mblukuga v\u00e4limine tasku kaanes<\/li>\n<li>10mm paksusega eemaldatav pehme vahtpaneel, mida saab kasutada istealusena<\/li>\n<li>vastupidav kandesang \u00fcleval<\/li>\n<li>t\u00f5mblukkude abil v\u00f5imalik kinnitada 2 k\u00fcljetaskut<\/li>\n<li>materjal: PU kattega pol\u00fcamiid<\/li>\n<\/ul>\n<p style=\"display: inline !important; text-align: justify;\"><strong>Seisukord:<\/strong><\/p>\n<p style=\"display: inline !important; text-align: justify;\"><strong>\u00a0<\/strong><\/p>\n<div style=\"display: inline !important;\">\n<ul>\n<li>uus, k\u00fcljetaskutega v\u00f5i ilma, vastavalt rippmen\u00fc\u00fc valikule (v\u00f5ib sisaldada hulgiladustamise j\u00e4lgi)<\/li>\n<li>uuev\u00e4\u00e4rne, k\u00fcljetaskutega v\u00f5i ilma, vastavalt rippmen\u00fc\u00fc valikule (sisaldab kergeid kulumisj\u00e4lgi)<\/li>\n<li>kasutatud, Grade 1 (sisaldab m\u00f5\u00f5dukaid kulumisj\u00e4lgi, v\u00f5ib sisaldada v\u00e4iksemaid vigastusi ning olla kergelt m\u00e4\u00e4rdunud, ilma k\u00fcljetaskuteta)<\/li>\n<\/ul>\n<\/div>\n","protected":false},"excerpt":{"rendered":"<p>Hollandi Armee 40L taktikaline seljakott, Woodland<\/p>\n","protected":false},"featured_media":66295,"template":"","meta":[],"product_brand":[],"product_cat":[3539],"product_tag":[],"class_list":{"0":"post-59660","1":"product","2":"type-product","3":"status-publish","4":"has-post-thumbnail","6":"product_cat-seljakotid","7":"pa_brand-dutch-military-surplus","8":"pa_condition-kasutatud-grade-1","9":"pa_condition-uuevaarne-ilma-kuljetaskuteta","10":"pa_condition-uuevaarne-kuljetaskutega","11":"pa_condition-uus-ilma-kuljetaskuteta","12":"pa_condition-uus-kuljetaskutega","14":"first","15":"outofstock","16":"taxable","17":"shipping-taxable","18":"product-type-variable"},"yoast_head":"<!-- This site is optimized with the Yoast SEO plugin v27.2 - https:\/\/yoast.com\/product\/yoast-seo-wordpress\/ -->\n<title>Hollandi Armee ARWY 40L taktikaline seljakott Woodland - outdoors.ee<\/title>\n<meta name=\"robots\" content=\"index, follow, max-snippet:-1, max-image-preview:large, max-video-preview:-1\" \/>\n<link rel=\"canonical\" href=\"https:\/\/www.outdoors.ee\/et\/toode\/hollandi-armee-40l-taktikaline-seljakott-woodland\/\" \/>\n<meta property=\"og:locale\" content=\"et_EE\" \/>\n<meta property=\"og:type\" content=\"article\" \/>\n<meta property=\"og:title\" content=\"Hollandi Armee ARWY 40L taktikaline seljakott Woodland\" \/>\n<meta property=\"og:description\" content=\"Hollandi Armee 40L taktikaline seljakott, Woodland\" \/>\n<meta property=\"og:url\" content=\"https:\/\/www.outdoors.ee\/et\/toode\/hollandi-armee-40l-taktikaline-seljakott-woodland\/\" \/>\n<meta property=\"og:site_name\" content=\"Outdoors\" \/>\n<meta property=\"article:modified_time\" content=\"2023-11-14T08:55:42+00:00\" \/>\n<meta property=\"og:image\" content=\"https:\/\/www.outdoors.ee\/wp-content\/uploads\/2021\/12\/0541-Dutch-Army-ARWY-Tactical-40L-Backpack-Woodland.png\" \/>\n\t<meta property=\"og:image:width\" content=\"400\" \/>\n\t<meta property=\"og:image:height\" content=\"465\" \/>\n\t<meta property=\"og:image:type\" content=\"image\/png\" \/>\n<meta name=\"twitter:card\" content=\"summary_large_image\" \/>\n<meta name=\"twitter:title\" content=\"Hollandi Armee ARWY 40L taktikaline seljakott Woodland\" \/>\n<meta name=\"twitter:label1\" content=\"Est. reading time\" \/>\n\t<meta name=\"twitter:data1\" content=\"1 minut\" \/>\n<script type=\"application\/ld+json\" class=\"yoast-schema-graph\">{\"@context\":\"https:\/\/schema.org\",\"@graph\":[{\"@type\":\"WebPage\",\"@id\":\"https:\/\/www.outdoors.ee\/et\/toode\/hollandi-armee-40l-taktikaline-seljakott-woodland\/\",\"url\":\"https:\/\/www.outdoors.ee\/et\/toode\/hollandi-armee-40l-taktikaline-seljakott-woodland\/\",\"name\":\"Hollandi Armee ARWY 40L taktikaline seljakott Woodland - outdoors.ee\",\"isPartOf\":{\"@id\":\"https:\/\/www.outdoors.ee\/#website\"},\"primaryImageOfPage\":{\"@id\":\"https:\/\/www.outdoors.ee\/et\/toode\/hollandi-armee-40l-taktikaline-seljakott-woodland\/#primaryimage\"},\"image\":{\"@id\":\"https:\/\/www.outdoors.ee\/et\/toode\/hollandi-armee-40l-taktikaline-seljakott-woodland\/#primaryimage\"},\"thumbnailUrl\":\"https:\/\/www.outdoors.ee\/wp-content\/uploads\/2021\/12\/0541-Dutch-Army-ARWY-Tactical-40L-Backpack-Woodland.png\",\"datePublished\":\"2021-12-09T00:00:00+00:00\",\"dateModified\":\"2023-11-14T08:55:42+00:00\",\"breadcrumb\":{\"@id\":\"https:\/\/www.outdoors.ee\/et\/toode\/hollandi-armee-40l-taktikaline-seljakott-woodland\/#breadcrumb\"},\"inLanguage\":\"et\",\"potentialAction\":[{\"@type\":\"ReadAction\",\"target\":[\"https:\/\/www.outdoors.ee\/et\/toode\/hollandi-armee-40l-taktikaline-seljakott-woodland\/\"]}]},{\"@type\":\"ImageObject\",\"inLanguage\":\"et\",\"@id\":\"https:\/\/www.outdoors.ee\/et\/toode\/hollandi-armee-40l-taktikaline-seljakott-woodland\/#primaryimage\",\"url\":\"https:\/\/www.outdoors.ee\/wp-content\/uploads\/2021\/12\/0541-Dutch-Army-ARWY-Tactical-40L-Backpack-Woodland.png\",\"contentUrl\":\"https:\/\/www.outdoors.ee\/wp-content\/uploads\/2021\/12\/0541-Dutch-Army-ARWY-Tactical-40L-Backpack-Woodland.png\",\"width\":400,\"height\":465},{\"@type\":\"BreadcrumbList\",\"@id\":\"https:\/\/www.outdoors.ee\/et\/toode\/hollandi-armee-40l-taktikaline-seljakott-woodland\/#breadcrumb\",\"itemListElement\":[{\"@type\":\"ListItem\",\"position\":1,\"name\":\"Home\",\"item\":\"https:\/\/www.outdoors.ee\/et\/\"},{\"@type\":\"ListItem\",\"position\":2,\"name\":\"Tooted\",\"item\":\"https:\/\/www.outdoors.ee\/products\/\"},{\"@type\":\"ListItem\",\"position\":3,\"name\":\"Hollandi Armee 40L taktikaline seljakott Woodland\"}]},{\"@type\":\"WebSite\",\"@id\":\"https:\/\/www.outdoors.ee\/#website\",\"url\":\"https:\/\/www.outdoors.ee\/\",\"name\":\"Outdoors\",\"description\":\"Genuine military surplus and not only!\",\"potentialAction\":[{\"@type\":\"SearchAction\",\"target\":{\"@type\":\"EntryPoint\",\"urlTemplate\":\"https:\/\/www.outdoors.ee\/?s={search_term_string}\"},\"query-input\":{\"@type\":\"PropertyValueSpecification\",\"valueRequired\":true,\"valueName\":\"search_term_string\"}}],\"inLanguage\":\"et\"}]}<\/script>\n<!-- \/ Yoast SEO plugin. -->","yoast_head_json":{"title":"Hollandi Armee ARWY 40L taktikaline seljakott Woodland - outdoors.ee","robots":{"index":"index","follow":"follow","max-snippet":"max-snippet:-1","max-image-preview":"max-image-preview:large","max-video-preview":"max-video-preview:-1"},"canonical":"https:\/\/www.outdoors.ee\/et\/toode\/hollandi-armee-40l-taktikaline-seljakott-woodland\/","og_locale":"et_EE","og_type":"article","og_title":"Hollandi Armee ARWY 40L taktikaline seljakott Woodland","og_description":"Hollandi Armee 40L taktikaline seljakott, Woodland","og_url":"https:\/\/www.outdoors.ee\/et\/toode\/hollandi-armee-40l-taktikaline-seljakott-woodland\/","og_site_name":"Outdoors","article_modified_time":"2023-11-14T08:55:42+00:00","og_image":[{"width":400,"height":465,"url":"https:\/\/www.outdoors.ee\/wp-content\/uploads\/2021\/12\/0541-Dutch-Army-ARWY-Tactical-40L-Backpack-Woodland.png","type":"image\/png"}],"twitter_card":"summary_large_image","twitter_title":"Hollandi Armee ARWY 40L taktikaline seljakott Woodland","twitter_misc":{"Est. reading time":"1 minut"},"schema":{"@context":"https:\/\/schema.org","@graph":[{"@type":"WebPage","@id":"https:\/\/www.outdoors.ee\/et\/toode\/hollandi-armee-40l-taktikaline-seljakott-woodland\/","url":"https:\/\/www.outdoors.ee\/et\/toode\/hollandi-armee-40l-taktikaline-seljakott-woodland\/","name":"Hollandi Armee ARWY 40L taktikaline seljakott Woodland - outdoors.ee","isPartOf":{"@id":"https:\/\/www.outdoors.ee\/#website"},"primaryImageOfPage":{"@id":"https:\/\/www.outdoors.ee\/et\/toode\/hollandi-armee-40l-taktikaline-seljakott-woodland\/#primaryimage"},"image":{"@id":"https:\/\/www.outdoors.ee\/et\/toode\/hollandi-armee-40l-taktikaline-seljakott-woodland\/#primaryimage"},"thumbnailUrl":"https:\/\/www.outdoors.ee\/wp-content\/uploads\/2021\/12\/0541-Dutch-Army-ARWY-Tactical-40L-Backpack-Woodland.png","datePublished":"2021-12-09T00:00:00+00:00","dateModified":"2023-11-14T08:55:42+00:00","breadcrumb":{"@id":"https:\/\/www.outdoors.ee\/et\/toode\/hollandi-armee-40l-taktikaline-seljakott-woodland\/#breadcrumb"},"inLanguage":"et","potentialAction":[{"@type":"ReadAction","target":["https:\/\/www.outdoors.ee\/et\/toode\/hollandi-armee-40l-taktikaline-seljakott-woodland\/"]}]},{"@type":"ImageObject","inLanguage":"et","@id":"https:\/\/www.outdoors.ee\/et\/toode\/hollandi-armee-40l-taktikaline-seljakott-woodland\/#primaryimage","url":"https:\/\/www.outdoors.ee\/wp-content\/uploads\/2021\/12\/0541-Dutch-Army-ARWY-Tactical-40L-Backpack-Woodland.png","contentUrl":"https:\/\/www.outdoors.ee\/wp-content\/uploads\/2021\/12\/0541-Dutch-Army-ARWY-Tactical-40L-Backpack-Woodland.png","width":400,"height":465},{"@type":"BreadcrumbList","@id":"https:\/\/www.outdoors.ee\/et\/toode\/hollandi-armee-40l-taktikaline-seljakott-woodland\/#breadcrumb","itemListElement":[{"@type":"ListItem","position":1,"name":"Home","item":"https:\/\/www.outdoors.ee\/et\/"},{"@type":"ListItem","position":2,"name":"Tooted","item":"https:\/\/www.outdoors.ee\/products\/"},{"@type":"ListItem","position":3,"name":"Hollandi Armee 40L taktikaline seljakott Woodland"}]},{"@type":"WebSite","@id":"https:\/\/www.outdoors.ee\/#website","url":"https:\/\/www.outdoors.ee\/","name":"Outdoors","description":"Genuine military surplus and not only!","potentialAction":[{"@type":"SearchAction","target":{"@type":"EntryPoint","urlTemplate":"https:\/\/www.outdoors.ee\/?s={search_term_string}"},"query-input":{"@type":"PropertyValueSpecification","valueRequired":true,"valueName":"search_term_string"}}],"inLanguage":"et"}]}},"_links":{"self":[{"href":"https:\/\/www.outdoors.ee\/et\/wp-json\/wp\/v2\/product\/59660","targetHints":{"allow":["GET"]}}],"collection":[{"href":"https:\/\/www.outdoors.ee\/et\/wp-json\/wp\/v2\/product"}],"about":[{"href":"https:\/\/www.outdoors.ee\/et\/wp-json\/wp\/v2\/types\/product"}],"wp:featuredmedia":[{"embeddable":true,"href":"https:\/\/www.outdoors.ee\/et\/wp-json\/wp\/v2\/media\/66295"}],"wp:attachment":[{"href":"https:\/\/www.outdoors.ee\/et\/wp-json\/wp\/v2\/media?parent=59660"}],"wp:term":[{"taxonomy":"product_brand","embeddable":true,"href":"https:\/\/www.outdoors.ee\/et\/wp-json\/wp\/v2\/product_brand?post=59660"},{"taxonomy":"product_cat","embeddable":true,"href":"https:\/\/www.outdoors.ee\/et\/wp-json\/wp\/v2\/product_cat?post=59660"},{"taxonomy":"product_tag","embeddable":true,"href":"https:\/\/www.outdoors.ee\/et\/wp-json\/wp\/v2\/product_tag?post=59660"}],"curies":[{"name":"wp","href":"https:\/\/api.w.org\/{rel}","templated":true}]}}