{"id":59631,"date":"2021-12-09T00:00:00","date_gmt":"2021-12-09T00:00:00","guid":{"rendered":"https:\/\/www.outdoors.ee\/product\/berghaus-crusader-9020-mmps-seljakott\/"},"modified":"2026-04-23T18:17:04","modified_gmt":"2026-04-23T15:17:04","slug":"berghaus-crusader-9020-mmps-seljakott-cedar","status":"publish","type":"product","link":"https:\/\/www.outdoors.ee\/et\/toode\/berghaus-crusader-9020-mmps-seljakott-cedar\/","title":{"rendered":"Berghaus\u00ae Crusader 90+20 MMPS seljakott Cedar"},"content":{"rendered":"<p style=\"text-align: justify;\">Berghaus Crusader 90+20L MMPS (Multi Mission Pack System) seljakott Hollandi s\u00f5jav\u00e4e laovarudest. Toodetud vastupidavast tekstureeritud nailonist.<\/p>\n<p style=\"text-align: justify;\"><strong>Omadused:<\/strong><\/p>\n<ul style=\"text-align: justify;\">\n<li>kerge ja tugev alumiiniumist seljaraam Cyclops II<\/li>\n<li>reguleeritava k\u00f5rgusega pealne \u00fche v\u00e4limise ning \u00fche sisemise taskuga<\/li>\n<li>l\u00e4bipaistev ID tasku<\/li>\n<li>ligip\u00e4\u00e4s peasahtlisse nii pealt kui alt (t\u00f5mbluku abil)<\/li>\n<li>eemaldatavad k\u00fcljetaskud, mis koos moodustavad v\u00e4iksema 20L seljakoti<\/li>\n<li>MOLLE paneelid lisavarustuse kinnitamiseks esipaneelil (Molle kinnitused v\u00f5ivad olla kas helerohelist v\u00f5i musta v\u00e4rvi)<\/li>\n<li>reguleeritava pikkusega kompressioonirihmad seljakoti p\u00f5hjas<\/li>\n<li>pehmendatud puusarihm Berghaus klambriga<\/li>\n<li>reguleeritava pikkusega rinnarihm kiirvabastusklambriga<\/li>\n<li>ergonoomiliselt kujundatud, pehmendatud, reguleeritava pikkusega \u00f5larihmad<\/li>\n<li>klambritega kinnituskohad seljakoti k\u00fclgedel ning k\u00fcljetaskutel<\/li>\n<li>M\u00f5\u00f5dud: ca 88 x 57 x 33cm<\/li>\n<li>Kaal\u00a0ca 3kg<\/li>\n<\/ul>\n<p style=\"text-align: justify;\"><strong>Seljaosa pikkus:<\/strong><\/p>\n<ul style=\"text-align: justify;\">\n<li>1 (kasvule 153-165cm)<\/li>\n<li>2 (kasvule 160-173cm)<\/li>\n<li>3 (kasvule 170-183cm)<\/li>\n<li>4 (kasvule\u00a0183-198cm)<\/li>\n<\/ul>\n<p style=\"text-align: justify;\"><strong>Seisukord:<\/strong><\/p>\n<ul>\n<li style=\"text-align: justify;\">uus (ilma originaalpakendita, v\u00f5ib sisaldada hulgiladustamise j\u00e4lgi)<\/li>\n<li style=\"text-align: justify;\">uuev\u00e4\u00e4rne (sisaldab kergeid kulumisj\u00e4lgi ja v\u00f5ib olla veidi m\u00e4\u00e4rdunud)<\/li>\n<li style=\"text-align: justify;\">kasutatud, Grade 1 (sisaldab m\u00f5\u00f5dukaid kulumisj\u00e4lgi, v\u00f5ib olla kergelt m\u00e4\u00e4rdunud ning sisaldada v\u00e4iksemaid vigastusi)<\/li>\n<li style=\"text-align: justify;\">kasutatud, Grade 2 (sisaldab m\u00f5\u00f5dukaid v\u00f5i s\u00fcgavamaid kulumisj\u00e4lgi, v\u00f5ib olla m\u00e4\u00e4rdunud. Ilma k\u00fcljetaskuteta. V\u00f5ib sisaldada v\u00e4ikseid parandatavaid vigastusi sh ka alumiiniumraamil, m\u00f5ni rihm v\u00f5ib puudu olla, peasahtli sisemine jaotaja v\u00f5ib olla eemaldatud. Puusarihm on olemas ja funktsionaalne, t\u00f5mblukud korras, rinnarihm v\u00f5ib puudu olla. Kokkuv\u00f5te: reeglina vajab v\u00e4iksemat remonti, mille j\u00e4rel muutub korralikuks seljakotiks, mida saab veel pikalt kasutada)<\/li>\n<\/ul>\n<p><strong>NB! Kasutatud seljakotidel v\u00f5ivad puududa k\u00fcljetaskute \u00f5larihmad<\/strong><\/p>\n","protected":false},"excerpt":{"rendered":"<p>Hollandi Armee Berghaus\u00ae Crusader 90+20L MMPS seljakott, roheline<\/p>\n","protected":false},"featured_media":92171,"template":"","meta":[],"product_brand":[],"product_cat":[3539],"product_tag":[],"class_list":{"0":"post-59631","1":"product","2":"type-product","3":"status-publish","4":"has-post-thumbnail","6":"product_cat-seljakotid","7":"pa_brand-berghaus-2","8":"pa_brand-dutch-military-surplus","9":"pa_condition-kasutatud-grade-1","10":"pa_condition-kasutatud-grade-2","11":"pa_condition-uuevaarne","12":"pa_condition-uus","13":"pa_size-1-2","14":"pa_size-2-2","15":"pa_size-3-2","16":"pa_size-4-2","18":"first","19":"instock","20":"taxable","21":"shipping-taxable","22":"purchasable","23":"product-type-variable"},"yoast_head":"<!-- This site is optimized with the Yoast SEO plugin v27.2 - https:\/\/yoast.com\/product\/yoast-seo-wordpress\/ -->\n<title>BERGHAUS Crusader 90+20 MMPS seljakott - outdoors.ee<\/title>\n<meta name=\"description\" content=\"Originaalne Berghaus Crusader 90+20L MMPS (Multi Mission Pack System) seljakott Hollandi s\u00f5jav\u00e4e laovarudest. Toodetud vastupidavast tekstureeritud nailonist (Ardura 1000D). Omadused: kerge ja tugev kandekonstuktsioon Cyclops II eemaldatavad k\u00fcljetaskud, mis koos moodustavad v\u00e4iksema 20L seljakoti Molle paneelid lisavarustuse kinnitamiseks ees reguleeritava pikkusega kompressioonirihmad all ning k\u00fclgedel kergendatud ligip\u00e4\u00e4s alt seljakoti p\u00f5hjas asuva kahesuunalise t\u00f5mbluku abil 2 t\u00f5mblukuga taskut kaanes (seest ja v\u00e4ljast) pehmendatud puusarihm Berghaus klambriga pehmendatud reguleeritava pikkusega \u00f5larihmad M\u00f5\u00f5dud: ca 88 x 57 x 33cm Kaal: ca 3kg Seljaosa pikkus: 1 (kasvule 153-165cm) 2 (kasvule 160-173cm) 3 (kasvule 170-183cm) 4 (kasvule\u00a0183-198cm) Seisukord: uus (kasutamata, v\u00f5ivad sisaldada hulgiladustamise j\u00e4lgi) uuev\u00e4\u00e4rne (sisaldab minimaalseid kulumisj\u00e4lgi ja v\u00f5ib olla kergelt m\u00e4\u00e4rdunud) kasutatud, Grade 1 (t\u00e4isfunktsionaalne ja heas korras, sisaldab kergeid kulumisj\u00e4lgi ja v\u00f5ib olla m\u00e4\u00e4rdunud ning sisaldada pisemaid vigastusi, k\u00fcljetaskute \u00f5larihmad ja k\u00fclgkinnitused ning peasahtli sisemine jaotaja v\u00f5ivad olla eemaldatud) kasutatud, Grade 2 (sisaldab m\u00f5\u00f5dukaid kulumisj\u00e4lgi, v\u00f5ib olla m\u00e4\u00e4rdunud. Ilma k\u00fcljetaskuteta. V\u00f5ib sisaldada v\u00e4ikseid parandatavaid vigastusi sh ka alumiiniumraamil, m\u00f5ni rihm v\u00f5ib puudu olla, peasahtli sisemine jaotaja v\u00f5ib olla eemaldatud. Puusarihm on olemas ja funktsionaalne, t\u00f5mblukud korras, rinnarihm v\u00f5ib puudu olla. Kokkuv\u00f5te: reeglina vajab v\u00e4iksemat remonti, mille j\u00e4rel muutub korralikuks seljakotiks, mida saab veel pikalt kasutada)\" \/>\n<meta name=\"robots\" content=\"index, follow, max-snippet:-1, max-image-preview:large, max-video-preview:-1\" \/>\n<link rel=\"canonical\" href=\"https:\/\/www.outdoors.ee\/et\/toode\/berghaus-crusader-9020-mmps-seljakott-cedar\/\" \/>\n<meta property=\"og:locale\" content=\"et_EE\" \/>\n<meta property=\"og:type\" content=\"article\" \/>\n<meta property=\"og:title\" content=\"BERGHAUS Crusader 90+20 MMPS seljakott\" \/>\n<meta property=\"og:description\" content=\"Originaalne Berghaus Crusader 90+20L MMPS (Multi Mission Pack System) seljakott Hollandi s\u00f5jav\u00e4e laovarudest. Toodetud vastupidavast tekstureeritud nailonist (Ardura 1000D). Omadused: kerge ja tugev kandekonstuktsioon Cyclops II eemaldatavad k\u00fcljetaskud, mis koos moodustavad v\u00e4iksema 20L seljakoti Molle paneelid lisavarustuse kinnitamiseks ees reguleeritava pikkusega kompressioonirihmad all ning k\u00fclgedel kergendatud ligip\u00e4\u00e4s alt seljakoti p\u00f5hjas asuva kahesuunalise t\u00f5mbluku abil 2 t\u00f5mblukuga taskut kaanes (seest ja v\u00e4ljast) pehmendatud puusarihm Berghaus klambriga pehmendatud reguleeritava pikkusega \u00f5larihmad M\u00f5\u00f5dud: ca 88 x 57 x 33cm Kaal: ca 3kg Seljaosa pikkus: 1 (kasvule 153-165cm) 2 (kasvule 160-173cm) 3 (kasvule 170-183cm) 4 (kasvule\u00a0183-198cm) Seisukord: uus (kasutamata, v\u00f5ivad sisaldada hulgiladustamise j\u00e4lgi) uuev\u00e4\u00e4rne (sisaldab minimaalseid kulumisj\u00e4lgi ja v\u00f5ib olla kergelt m\u00e4\u00e4rdunud) kasutatud, Grade 1 (t\u00e4isfunktsionaalne ja heas korras, sisaldab kergeid kulumisj\u00e4lgi ja v\u00f5ib olla m\u00e4\u00e4rdunud ning sisaldada pisemaid vigastusi, k\u00fcljetaskute \u00f5larihmad ja k\u00fclgkinnitused ning peasahtli sisemine jaotaja v\u00f5ivad olla eemaldatud) kasutatud, Grade 2 (sisaldab m\u00f5\u00f5dukaid kulumisj\u00e4lgi, v\u00f5ib olla m\u00e4\u00e4rdunud. Ilma k\u00fcljetaskuteta. V\u00f5ib sisaldada v\u00e4ikseid parandatavaid vigastusi sh ka alumiiniumraamil, m\u00f5ni rihm v\u00f5ib puudu olla, peasahtli sisemine jaotaja v\u00f5ib olla eemaldatud. Puusarihm on olemas ja funktsionaalne, t\u00f5mblukud korras, rinnarihm v\u00f5ib puudu olla. Kokkuv\u00f5te: reeglina vajab v\u00e4iksemat remonti, mille j\u00e4rel muutub korralikuks seljakotiks, mida saab veel pikalt kasutada)\" \/>\n<meta property=\"og:url\" content=\"https:\/\/www.outdoors.ee\/et\/toode\/berghaus-crusader-9020-mmps-seljakott-cedar\/\" \/>\n<meta property=\"og:site_name\" content=\"Outdoors\" \/>\n<meta property=\"article:modified_time\" content=\"2026-04-23T15:17:04+00:00\" \/>\n<meta property=\"og:image\" content=\"https:\/\/www.outdoors.ee\/wp-content\/uploads\/2021\/12\/0538-BERGHAUS-Crusader-9020-MMPS-Rucksack-Cedar.png\" \/>\n\t<meta property=\"og:image:width\" content=\"700\" \/>\n\t<meta property=\"og:image:height\" content=\"950\" \/>\n\t<meta property=\"og:image:type\" content=\"image\/png\" \/>\n<meta name=\"twitter:card\" content=\"summary_large_image\" \/>\n<meta name=\"twitter:title\" content=\"BERGHAUS Crusader 90+20 MMPS seljakott\" \/>\n<meta name=\"twitter:label1\" content=\"Est. reading time\" \/>\n\t<meta name=\"twitter:data1\" content=\"1 minut\" \/>\n<script type=\"application\/ld+json\" class=\"yoast-schema-graph\">{\"@context\":\"https:\/\/schema.org\",\"@graph\":[{\"@type\":\"WebPage\",\"@id\":\"https:\/\/www.outdoors.ee\/et\/toode\/berghaus-crusader-9020-mmps-seljakott-cedar\/\",\"url\":\"https:\/\/www.outdoors.ee\/et\/toode\/berghaus-crusader-9020-mmps-seljakott-cedar\/\",\"name\":\"BERGHAUS Crusader 90+20 MMPS seljakott - outdoors.ee\",\"isPartOf\":{\"@id\":\"https:\/\/www.outdoors.ee\/#website\"},\"primaryImageOfPage\":{\"@id\":\"https:\/\/www.outdoors.ee\/et\/toode\/berghaus-crusader-9020-mmps-seljakott-cedar\/#primaryimage\"},\"image\":{\"@id\":\"https:\/\/www.outdoors.ee\/et\/toode\/berghaus-crusader-9020-mmps-seljakott-cedar\/#primaryimage\"},\"thumbnailUrl\":\"https:\/\/www.outdoors.ee\/wp-content\/uploads\/2021\/12\/0538-BERGHAUS-Crusader-9020-MMPS-Rucksack-Cedar.png\",\"datePublished\":\"2021-12-09T00:00:00+00:00\",\"dateModified\":\"2026-04-23T15:17:04+00:00\",\"description\":\"Originaalne Berghaus Crusader 90+20L MMPS (Multi Mission Pack System) seljakott Hollandi s\u00f5jav\u00e4e laovarudest. Toodetud vastupidavast tekstureeritud nailonist (Ardura 1000D). Omadused: kerge ja tugev kandekonstuktsioon Cyclops II eemaldatavad k\u00fcljetaskud, mis koos moodustavad v\u00e4iksema 20L seljakoti Molle paneelid lisavarustuse kinnitamiseks ees reguleeritava pikkusega kompressioonirihmad all ning k\u00fclgedel kergendatud ligip\u00e4\u00e4s alt seljakoti p\u00f5hjas asuva kahesuunalise t\u00f5mbluku abil 2 t\u00f5mblukuga taskut kaanes (seest ja v\u00e4ljast) pehmendatud puusarihm Berghaus klambriga pehmendatud reguleeritava pikkusega \u00f5larihmad M\u00f5\u00f5dud: ca 88 x 57 x 33cm Kaal: ca 3kg Seljaosa pikkus: 1 (kasvule 153-165cm) 2 (kasvule 160-173cm) 3 (kasvule 170-183cm) 4 (kasvule\u00a0183-198cm) Seisukord: uus (kasutamata, v\u00f5ivad sisaldada hulgiladustamise j\u00e4lgi) uuev\u00e4\u00e4rne (sisaldab minimaalseid kulumisj\u00e4lgi ja v\u00f5ib olla kergelt m\u00e4\u00e4rdunud) kasutatud, Grade 1 (t\u00e4isfunktsionaalne ja heas korras, sisaldab kergeid kulumisj\u00e4lgi ja v\u00f5ib olla m\u00e4\u00e4rdunud ning sisaldada pisemaid vigastusi, k\u00fcljetaskute \u00f5larihmad ja k\u00fclgkinnitused ning peasahtli sisemine jaotaja v\u00f5ivad olla eemaldatud) kasutatud, Grade 2 (sisaldab m\u00f5\u00f5dukaid kulumisj\u00e4lgi, v\u00f5ib olla m\u00e4\u00e4rdunud. Ilma k\u00fcljetaskuteta. V\u00f5ib sisaldada v\u00e4ikseid parandatavaid vigastusi sh ka alumiiniumraamil, m\u00f5ni rihm v\u00f5ib puudu olla, peasahtli sisemine jaotaja v\u00f5ib olla eemaldatud. Puusarihm on olemas ja funktsionaalne, t\u00f5mblukud korras, rinnarihm v\u00f5ib puudu olla. Kokkuv\u00f5te: reeglina vajab v\u00e4iksemat remonti, mille j\u00e4rel muutub korralikuks seljakotiks, mida saab veel pikalt kasutada)\",\"breadcrumb\":{\"@id\":\"https:\/\/www.outdoors.ee\/et\/toode\/berghaus-crusader-9020-mmps-seljakott-cedar\/#breadcrumb\"},\"inLanguage\":\"et\",\"potentialAction\":[{\"@type\":\"ReadAction\",\"target\":[\"https:\/\/www.outdoors.ee\/et\/toode\/berghaus-crusader-9020-mmps-seljakott-cedar\/\"]}]},{\"@type\":\"ImageObject\",\"inLanguage\":\"et\",\"@id\":\"https:\/\/www.outdoors.ee\/et\/toode\/berghaus-crusader-9020-mmps-seljakott-cedar\/#primaryimage\",\"url\":\"https:\/\/www.outdoors.ee\/wp-content\/uploads\/2021\/12\/0538-BERGHAUS-Crusader-9020-MMPS-Rucksack-Cedar.png\",\"contentUrl\":\"https:\/\/www.outdoors.ee\/wp-content\/uploads\/2021\/12\/0538-BERGHAUS-Crusader-9020-MMPS-Rucksack-Cedar.png\",\"width\":700,\"height\":950},{\"@type\":\"BreadcrumbList\",\"@id\":\"https:\/\/www.outdoors.ee\/et\/toode\/berghaus-crusader-9020-mmps-seljakott-cedar\/#breadcrumb\",\"itemListElement\":[{\"@type\":\"ListItem\",\"position\":1,\"name\":\"Home\",\"item\":\"https:\/\/www.outdoors.ee\/et\/\"},{\"@type\":\"ListItem\",\"position\":2,\"name\":\"Tooted\",\"item\":\"https:\/\/www.outdoors.ee\/products\/\"},{\"@type\":\"ListItem\",\"position\":3,\"name\":\"Berghaus\u00ae Crusader 90+20 MMPS seljakott Cedar\"}]},{\"@type\":\"WebSite\",\"@id\":\"https:\/\/www.outdoors.ee\/#website\",\"url\":\"https:\/\/www.outdoors.ee\/\",\"name\":\"Outdoors\",\"description\":\"Genuine military surplus and not only!\",\"potentialAction\":[{\"@type\":\"SearchAction\",\"target\":{\"@type\":\"EntryPoint\",\"urlTemplate\":\"https:\/\/www.outdoors.ee\/?s={search_term_string}\"},\"query-input\":{\"@type\":\"PropertyValueSpecification\",\"valueRequired\":true,\"valueName\":\"search_term_string\"}}],\"inLanguage\":\"et\"}]}<\/script>\n<!-- \/ Yoast SEO plugin. -->","yoast_head_json":{"title":"BERGHAUS Crusader 90+20 MMPS seljakott - outdoors.ee","description":"Originaalne Berghaus Crusader 90+20L MMPS (Multi Mission Pack System) seljakott Hollandi s\u00f5jav\u00e4e laovarudest. Toodetud vastupidavast tekstureeritud nailonist (Ardura 1000D). Omadused: kerge ja tugev kandekonstuktsioon Cyclops II eemaldatavad k\u00fcljetaskud, mis koos moodustavad v\u00e4iksema 20L seljakoti Molle paneelid lisavarustuse kinnitamiseks ees reguleeritava pikkusega kompressioonirihmad all ning k\u00fclgedel kergendatud ligip\u00e4\u00e4s alt seljakoti p\u00f5hjas asuva kahesuunalise t\u00f5mbluku abil 2 t\u00f5mblukuga taskut kaanes (seest ja v\u00e4ljast) pehmendatud puusarihm Berghaus klambriga pehmendatud reguleeritava pikkusega \u00f5larihmad M\u00f5\u00f5dud: ca 88 x 57 x 33cm Kaal: ca 3kg Seljaosa pikkus: 1 (kasvule 153-165cm) 2 (kasvule 160-173cm) 3 (kasvule 170-183cm) 4 (kasvule\u00a0183-198cm) Seisukord: uus (kasutamata, v\u00f5ivad sisaldada hulgiladustamise j\u00e4lgi) uuev\u00e4\u00e4rne (sisaldab minimaalseid kulumisj\u00e4lgi ja v\u00f5ib olla kergelt m\u00e4\u00e4rdunud) kasutatud, Grade 1 (t\u00e4isfunktsionaalne ja heas korras, sisaldab kergeid kulumisj\u00e4lgi ja v\u00f5ib olla m\u00e4\u00e4rdunud ning sisaldada pisemaid vigastusi, k\u00fcljetaskute \u00f5larihmad ja k\u00fclgkinnitused ning peasahtli sisemine jaotaja v\u00f5ivad olla eemaldatud) kasutatud, Grade 2 (sisaldab m\u00f5\u00f5dukaid kulumisj\u00e4lgi, v\u00f5ib olla m\u00e4\u00e4rdunud. Ilma k\u00fcljetaskuteta. V\u00f5ib sisaldada v\u00e4ikseid parandatavaid vigastusi sh ka alumiiniumraamil, m\u00f5ni rihm v\u00f5ib puudu olla, peasahtli sisemine jaotaja v\u00f5ib olla eemaldatud. Puusarihm on olemas ja funktsionaalne, t\u00f5mblukud korras, rinnarihm v\u00f5ib puudu olla. Kokkuv\u00f5te: reeglina vajab v\u00e4iksemat remonti, mille j\u00e4rel muutub korralikuks seljakotiks, mida saab veel pikalt kasutada)","robots":{"index":"index","follow":"follow","max-snippet":"max-snippet:-1","max-image-preview":"max-image-preview:large","max-video-preview":"max-video-preview:-1"},"canonical":"https:\/\/www.outdoors.ee\/et\/toode\/berghaus-crusader-9020-mmps-seljakott-cedar\/","og_locale":"et_EE","og_type":"article","og_title":"BERGHAUS Crusader 90+20 MMPS seljakott","og_description":"Originaalne Berghaus Crusader 90+20L MMPS (Multi Mission Pack System) seljakott Hollandi s\u00f5jav\u00e4e laovarudest. Toodetud vastupidavast tekstureeritud nailonist (Ardura 1000D). Omadused: kerge ja tugev kandekonstuktsioon Cyclops II eemaldatavad k\u00fcljetaskud, mis koos moodustavad v\u00e4iksema 20L seljakoti Molle paneelid lisavarustuse kinnitamiseks ees reguleeritava pikkusega kompressioonirihmad all ning k\u00fclgedel kergendatud ligip\u00e4\u00e4s alt seljakoti p\u00f5hjas asuva kahesuunalise t\u00f5mbluku abil 2 t\u00f5mblukuga taskut kaanes (seest ja v\u00e4ljast) pehmendatud puusarihm Berghaus klambriga pehmendatud reguleeritava pikkusega \u00f5larihmad M\u00f5\u00f5dud: ca 88 x 57 x 33cm Kaal: ca 3kg Seljaosa pikkus: 1 (kasvule 153-165cm) 2 (kasvule 160-173cm) 3 (kasvule 170-183cm) 4 (kasvule\u00a0183-198cm) Seisukord: uus (kasutamata, v\u00f5ivad sisaldada hulgiladustamise j\u00e4lgi) uuev\u00e4\u00e4rne (sisaldab minimaalseid kulumisj\u00e4lgi ja v\u00f5ib olla kergelt m\u00e4\u00e4rdunud) kasutatud, Grade 1 (t\u00e4isfunktsionaalne ja heas korras, sisaldab kergeid kulumisj\u00e4lgi ja v\u00f5ib olla m\u00e4\u00e4rdunud ning sisaldada pisemaid vigastusi, k\u00fcljetaskute \u00f5larihmad ja k\u00fclgkinnitused ning peasahtli sisemine jaotaja v\u00f5ivad olla eemaldatud) kasutatud, Grade 2 (sisaldab m\u00f5\u00f5dukaid kulumisj\u00e4lgi, v\u00f5ib olla m\u00e4\u00e4rdunud. Ilma k\u00fcljetaskuteta. V\u00f5ib sisaldada v\u00e4ikseid parandatavaid vigastusi sh ka alumiiniumraamil, m\u00f5ni rihm v\u00f5ib puudu olla, peasahtli sisemine jaotaja v\u00f5ib olla eemaldatud. Puusarihm on olemas ja funktsionaalne, t\u00f5mblukud korras, rinnarihm v\u00f5ib puudu olla. Kokkuv\u00f5te: reeglina vajab v\u00e4iksemat remonti, mille j\u00e4rel muutub korralikuks seljakotiks, mida saab veel pikalt kasutada)","og_url":"https:\/\/www.outdoors.ee\/et\/toode\/berghaus-crusader-9020-mmps-seljakott-cedar\/","og_site_name":"Outdoors","article_modified_time":"2026-04-23T15:17:04+00:00","og_image":[{"width":700,"height":950,"url":"https:\/\/www.outdoors.ee\/wp-content\/uploads\/2021\/12\/0538-BERGHAUS-Crusader-9020-MMPS-Rucksack-Cedar.png","type":"image\/png"}],"twitter_card":"summary_large_image","twitter_title":"BERGHAUS Crusader 90+20 MMPS seljakott","twitter_misc":{"Est. reading time":"1 minut"},"schema":{"@context":"https:\/\/schema.org","@graph":[{"@type":"WebPage","@id":"https:\/\/www.outdoors.ee\/et\/toode\/berghaus-crusader-9020-mmps-seljakott-cedar\/","url":"https:\/\/www.outdoors.ee\/et\/toode\/berghaus-crusader-9020-mmps-seljakott-cedar\/","name":"BERGHAUS Crusader 90+20 MMPS seljakott - outdoors.ee","isPartOf":{"@id":"https:\/\/www.outdoors.ee\/#website"},"primaryImageOfPage":{"@id":"https:\/\/www.outdoors.ee\/et\/toode\/berghaus-crusader-9020-mmps-seljakott-cedar\/#primaryimage"},"image":{"@id":"https:\/\/www.outdoors.ee\/et\/toode\/berghaus-crusader-9020-mmps-seljakott-cedar\/#primaryimage"},"thumbnailUrl":"https:\/\/www.outdoors.ee\/wp-content\/uploads\/2021\/12\/0538-BERGHAUS-Crusader-9020-MMPS-Rucksack-Cedar.png","datePublished":"2021-12-09T00:00:00+00:00","dateModified":"2026-04-23T15:17:04+00:00","description":"Originaalne Berghaus Crusader 90+20L MMPS (Multi Mission Pack System) seljakott Hollandi s\u00f5jav\u00e4e laovarudest. Toodetud vastupidavast tekstureeritud nailonist (Ardura 1000D). Omadused: kerge ja tugev kandekonstuktsioon Cyclops II eemaldatavad k\u00fcljetaskud, mis koos moodustavad v\u00e4iksema 20L seljakoti Molle paneelid lisavarustuse kinnitamiseks ees reguleeritava pikkusega kompressioonirihmad all ning k\u00fclgedel kergendatud ligip\u00e4\u00e4s alt seljakoti p\u00f5hjas asuva kahesuunalise t\u00f5mbluku abil 2 t\u00f5mblukuga taskut kaanes (seest ja v\u00e4ljast) pehmendatud puusarihm Berghaus klambriga pehmendatud reguleeritava pikkusega \u00f5larihmad M\u00f5\u00f5dud: ca 88 x 57 x 33cm Kaal: ca 3kg Seljaosa pikkus: 1 (kasvule 153-165cm) 2 (kasvule 160-173cm) 3 (kasvule 170-183cm) 4 (kasvule\u00a0183-198cm) Seisukord: uus (kasutamata, v\u00f5ivad sisaldada hulgiladustamise j\u00e4lgi) uuev\u00e4\u00e4rne (sisaldab minimaalseid kulumisj\u00e4lgi ja v\u00f5ib olla kergelt m\u00e4\u00e4rdunud) kasutatud, Grade 1 (t\u00e4isfunktsionaalne ja heas korras, sisaldab kergeid kulumisj\u00e4lgi ja v\u00f5ib olla m\u00e4\u00e4rdunud ning sisaldada pisemaid vigastusi, k\u00fcljetaskute \u00f5larihmad ja k\u00fclgkinnitused ning peasahtli sisemine jaotaja v\u00f5ivad olla eemaldatud) kasutatud, Grade 2 (sisaldab m\u00f5\u00f5dukaid kulumisj\u00e4lgi, v\u00f5ib olla m\u00e4\u00e4rdunud. Ilma k\u00fcljetaskuteta. V\u00f5ib sisaldada v\u00e4ikseid parandatavaid vigastusi sh ka alumiiniumraamil, m\u00f5ni rihm v\u00f5ib puudu olla, peasahtli sisemine jaotaja v\u00f5ib olla eemaldatud. Puusarihm on olemas ja funktsionaalne, t\u00f5mblukud korras, rinnarihm v\u00f5ib puudu olla. Kokkuv\u00f5te: reeglina vajab v\u00e4iksemat remonti, mille j\u00e4rel muutub korralikuks seljakotiks, mida saab veel pikalt kasutada)","breadcrumb":{"@id":"https:\/\/www.outdoors.ee\/et\/toode\/berghaus-crusader-9020-mmps-seljakott-cedar\/#breadcrumb"},"inLanguage":"et","potentialAction":[{"@type":"ReadAction","target":["https:\/\/www.outdoors.ee\/et\/toode\/berghaus-crusader-9020-mmps-seljakott-cedar\/"]}]},{"@type":"ImageObject","inLanguage":"et","@id":"https:\/\/www.outdoors.ee\/et\/toode\/berghaus-crusader-9020-mmps-seljakott-cedar\/#primaryimage","url":"https:\/\/www.outdoors.ee\/wp-content\/uploads\/2021\/12\/0538-BERGHAUS-Crusader-9020-MMPS-Rucksack-Cedar.png","contentUrl":"https:\/\/www.outdoors.ee\/wp-content\/uploads\/2021\/12\/0538-BERGHAUS-Crusader-9020-MMPS-Rucksack-Cedar.png","width":700,"height":950},{"@type":"BreadcrumbList","@id":"https:\/\/www.outdoors.ee\/et\/toode\/berghaus-crusader-9020-mmps-seljakott-cedar\/#breadcrumb","itemListElement":[{"@type":"ListItem","position":1,"name":"Home","item":"https:\/\/www.outdoors.ee\/et\/"},{"@type":"ListItem","position":2,"name":"Tooted","item":"https:\/\/www.outdoors.ee\/products\/"},{"@type":"ListItem","position":3,"name":"Berghaus\u00ae Crusader 90+20 MMPS seljakott Cedar"}]},{"@type":"WebSite","@id":"https:\/\/www.outdoors.ee\/#website","url":"https:\/\/www.outdoors.ee\/","name":"Outdoors","description":"Genuine military surplus and not only!","potentialAction":[{"@type":"SearchAction","target":{"@type":"EntryPoint","urlTemplate":"https:\/\/www.outdoors.ee\/?s={search_term_string}"},"query-input":{"@type":"PropertyValueSpecification","valueRequired":true,"valueName":"search_term_string"}}],"inLanguage":"et"}]}},"_links":{"self":[{"href":"https:\/\/www.outdoors.ee\/et\/wp-json\/wp\/v2\/product\/59631","targetHints":{"allow":["GET"]}}],"collection":[{"href":"https:\/\/www.outdoors.ee\/et\/wp-json\/wp\/v2\/product"}],"about":[{"href":"https:\/\/www.outdoors.ee\/et\/wp-json\/wp\/v2\/types\/product"}],"wp:featuredmedia":[{"embeddable":true,"href":"https:\/\/www.outdoors.ee\/et\/wp-json\/wp\/v2\/media\/92171"}],"wp:attachment":[{"href":"https:\/\/www.outdoors.ee\/et\/wp-json\/wp\/v2\/media?parent=59631"}],"wp:term":[{"taxonomy":"product_brand","embeddable":true,"href":"https:\/\/www.outdoors.ee\/et\/wp-json\/wp\/v2\/product_brand?post=59631"},{"taxonomy":"product_cat","embeddable":true,"href":"https:\/\/www.outdoors.ee\/et\/wp-json\/wp\/v2\/product_cat?post=59631"},{"taxonomy":"product_tag","embeddable":true,"href":"https:\/\/www.outdoors.ee\/et\/wp-json\/wp\/v2\/product_tag?post=59631"}],"curies":[{"name":"wp","href":"https:\/\/api.w.org\/{rel}","templated":true}]}}