{"id":59618,"date":"2021-12-09T00:00:00","date_gmt":"2021-12-08T22:00:00","guid":{"rendered":"https:\/\/www.outdoors.ee\/product\/hollandi-armee-arwy-120l-seljakott-woodland\/"},"modified":"2026-03-24T11:58:16","modified_gmt":"2026-03-24T09:58:16","slug":"hollandi-armee-120l-seljakott-woodland","status":"publish","type":"product","link":"https:\/\/www.outdoors.ee\/et\/toode\/hollandi-armee-120l-seljakott-woodland\/","title":{"rendered":"Hollandi Armee 120L seljakott Woodland"},"content":{"rendered":"<p><strong>Omadused:<\/strong><\/p>\n<ul>\n<li>Hollandi s\u00f5jav\u00e4e originaal<\/li>\n<li>maht k\u00fcljetaskutega ca 120L<\/li>\n<li>reguleeritava k\u00f5rgusega seljaosa, APS (Advanced Paralux System)<\/li>\n<li>pehmendatud seljaosa<\/li>\n<li>pehmendatud, reguleeritava pikkusega \u00f5larihmad<\/li>\n<li>pehmendatud puusarihm &#8220;Bergbuckle&#8221; t\u00fc\u00fcpi pandlaga<\/li>\n<li>kiirvabastuspandlaga rinnarihm<\/li>\n<li>seljakott on seest jaotatud suuremaks (\u00fclemiseks) ning v\u00e4iksemaks (alumiseks) sahtliks<\/li>\n<li>kahesuunalise t\u00f5mblukuga ligip\u00e4\u00e4s alumisse sahtlisse<\/li>\n<li>sisemine tasku joogikotile<\/li>\n<li>kaks sisemist taskut seljakoti peasahtli k\u00fclgedel<\/li>\n<li>t\u00f5mblukude abil kinnitatavad k\u00fcljetaskud, mis koos moodustavad v\u00e4iksema 20L seljakoti<\/li>\n<li>t\u00f5mblukuga taskud seljakoti kaanes<\/li>\n<li>magamiskoti (v\u00f5i muu varustuse) kinnitusaasad p\u00f5hjaosas<\/li>\n<li>vastupidavad kandesangad \u00fcleval nii ees kui taga<\/li>\n<li>Molle kinnituspaneelid ees, kaanel ning k\u00fcljetaskutel<\/li>\n<li>Materjal: 100% pol\u00fcamiid, PU kaetud<\/li>\n<\/ul>\n<p><strong>Seisukord:\u00a0<\/strong><\/p>\n<ul>\n<li>uus, k\u00fcljetaskutega v\u00f5i ilma, vastavalt rippmen\u00fc\u00fc valikule (v\u00f5ib sisaldada hulgiladustamise j\u00e4lgi)<\/li>\n<li>uuev\u00e4\u00e4rne, k\u00fcljetaskutega v\u00f5i ilma, vastavalt rippmen\u00fc\u00fc valikule (sisaldab minimaalseid kulumisj\u00e4lgi)<\/li>\n<li>kasutatud, Grade 1 (sisaldab m\u00f5\u00f5dukaid kulumisj\u00e4lgi, v\u00f5ib sisaldada v\u00e4ikseid vigastusi ning olla kergelt m\u00e4\u00e4rdunud, k\u00fcljetaskutega)<\/li>\n<\/ul>\n","protected":false},"excerpt":{"rendered":"<p>Omadused: Hollandi s\u00f5jav\u00e4e originaal maht k\u00fcljetaskutega ca 120L reguleeritava k\u00f5rgusega seljaosa, APS (Advanced Paralux System) pehmendatud seljaosa pehmendatud, reguleeritava pikkusega<\/p>\n","protected":false},"featured_media":66441,"template":"","meta":[],"product_brand":[],"product_cat":[3539],"product_tag":[],"class_list":{"0":"post-59618","1":"product","2":"type-product","3":"status-publish","4":"has-post-thumbnail","6":"product_cat-seljakotid","7":"pa_brand-dutch-military-surplus","8":"pa_condition-kasutatud-grade-1","9":"pa_condition-uuevaarne-ilma-kuljetaskuteta","10":"pa_condition-uuevaarne-kuljetaskutega","11":"pa_condition-uus-ilma-kuljetaskuteta","12":"pa_condition-uus-kuljetaskutega","14":"first","15":"instock","16":"taxable","17":"shipping-taxable","18":"purchasable","19":"product-type-variable"},"yoast_head":"<!-- This site is optimized with the Yoast SEO plugin v27.2 - https:\/\/yoast.com\/product\/yoast-seo-wordpress\/ -->\n<title>Hollandi Armee ARWY 120L seljakott Woodland - outdoors.ee<\/title>\n<meta name=\"description\" content=\"Originaalne Hollandi s\u00f5jav\u00e4e 120L seljakott vastupidavast pol\u00fcuretaaniga kaetud pol\u00fcamiidist (380 g\/m2). Omadused: reguleeritava pikkusega seljaosa, APS (Advanced Paralux System) polsterdatud seljaosa polsterdatud reguleeritavad \u00f5larihmad ja puusarihm &quot;Bergbuckle&quot; t\u00fc\u00fcpi pandlaga pandlaga rinnarihm \u00f5larihmade \u00fchendamiseks seljakott on seest jaotatud suuremaks (\u00fclemiseks) ning v\u00e4iksemaks (alumiseks) sahtliks eraldi kahesuunalise t\u00f5mblukuga ligip\u00e4\u00e4s alumisse sahtlisse sisemine tasku joogikoti jaoks t\u00f5mblukude abil kinnitatavad k\u00fcljetaskud, mis koos moodustavad v\u00e4iksema 20L seljakoti t\u00f5mblukuga taskud seljakoti kaanes v\u00e4iksemate asjade k\u00e4ep\u00e4raseks hoidmiseks magamiskoti (v\u00f5i muu varustuse) kinnitusaasad p\u00f5hjaosas vastupidavad kandesangad \u00fcleval nii ees kui taga Molle kinnituspaneelid ees, kaanel ning k\u00fcljetaskutel NB! k\u00fcljetaskud v\u00f5ivad olla varustatud kas ainult Molle paneelidega v\u00f5i lisaks ka rihmade\/klambritega. Valida neid kahjuks ei saa.\u00a0 Tootja: ARWY Maht: ca 120L koos k\u00fcljetaskutega Seisukord:\u00a0 uus (v\u00f5ib sisaldada hulgiladustamise j\u00e4lgi) uuev\u00e4\u00e4rne (sisaldab minimaalseid kulumisj\u00e4lgi) kasutatud, Grade 1 (heas korras, kergete v\u00f5i m\u00f5\u00f5dukate kulumisj\u00e4lgedega, ei sisalda m\u00e4rkimisv\u00e4\u00e4rseid vigastusi, v\u00f5ib olla kergelt m\u00e4\u00e4rdunud, rinnarihm ja k\u00fcljetaskud puduuvad) \u00a0\" \/>\n<meta name=\"robots\" content=\"index, follow, max-snippet:-1, max-image-preview:large, max-video-preview:-1\" \/>\n<link rel=\"canonical\" href=\"https:\/\/www.outdoors.ee\/et\/toode\/hollandi-armee-120l-seljakott-woodland\/\" \/>\n<meta property=\"og:locale\" content=\"et_EE\" \/>\n<meta property=\"og:type\" content=\"article\" \/>\n<meta property=\"og:title\" content=\"Hollandi Armee ARWY 120L seljakott Woodland\" \/>\n<meta property=\"og:description\" content=\"Originaalne Hollandi s\u00f5jav\u00e4e 120L seljakott vastupidavast pol\u00fcuretaaniga kaetud pol\u00fcamiidist (380 g\/m2). Omadused: reguleeritava pikkusega seljaosa, APS (Advanced Paralux System) polsterdatud seljaosa polsterdatud reguleeritavad \u00f5larihmad ja puusarihm &quot;Bergbuckle&quot; t\u00fc\u00fcpi pandlaga pandlaga rinnarihm \u00f5larihmade \u00fchendamiseks seljakott on seest jaotatud suuremaks (\u00fclemiseks) ning v\u00e4iksemaks (alumiseks) sahtliks eraldi kahesuunalise t\u00f5mblukuga ligip\u00e4\u00e4s alumisse sahtlisse sisemine tasku joogikoti jaoks t\u00f5mblukude abil kinnitatavad k\u00fcljetaskud, mis koos moodustavad v\u00e4iksema 20L seljakoti t\u00f5mblukuga taskud seljakoti kaanes v\u00e4iksemate asjade k\u00e4ep\u00e4raseks hoidmiseks magamiskoti (v\u00f5i muu varustuse) kinnitusaasad p\u00f5hjaosas vastupidavad kandesangad \u00fcleval nii ees kui taga Molle kinnituspaneelid ees, kaanel ning k\u00fcljetaskutel NB! k\u00fcljetaskud v\u00f5ivad olla varustatud kas ainult Molle paneelidega v\u00f5i lisaks ka rihmade\/klambritega. Valida neid kahjuks ei saa.\u00a0 Tootja: ARWY Maht: ca 120L koos k\u00fcljetaskutega Seisukord:\u00a0 uus (v\u00f5ib sisaldada hulgiladustamise j\u00e4lgi) uuev\u00e4\u00e4rne (sisaldab minimaalseid kulumisj\u00e4lgi) kasutatud, Grade 1 (heas korras, kergete v\u00f5i m\u00f5\u00f5dukate kulumisj\u00e4lgedega, ei sisalda m\u00e4rkimisv\u00e4\u00e4rseid vigastusi, v\u00f5ib olla kergelt m\u00e4\u00e4rdunud, rinnarihm ja k\u00fcljetaskud puduuvad) \u00a0\" \/>\n<meta property=\"og:url\" content=\"https:\/\/www.outdoors.ee\/et\/toode\/hollandi-armee-120l-seljakott-woodland\/\" \/>\n<meta property=\"og:site_name\" content=\"Outdoors\" \/>\n<meta property=\"article:modified_time\" content=\"2026-03-24T09:58:16+00:00\" \/>\n<meta property=\"og:image\" content=\"https:\/\/www.outdoors.ee\/wp-content\/uploads\/2021\/12\/0536-Dutch-Army-120L-Rucksack-Woodland.jpg\" \/>\n\t<meta property=\"og:image:width\" content=\"400\" \/>\n\t<meta property=\"og:image:height\" content=\"581\" \/>\n\t<meta property=\"og:image:type\" content=\"image\/jpeg\" \/>\n<meta name=\"twitter:card\" content=\"summary_large_image\" \/>\n<meta name=\"twitter:title\" content=\"Hollandi Armee ARWY 120L seljakott Woodland\" \/>\n<meta name=\"twitter:label1\" content=\"Est. reading time\" \/>\n\t<meta name=\"twitter:data1\" content=\"1 minut\" \/>\n<script type=\"application\/ld+json\" class=\"yoast-schema-graph\">{\"@context\":\"https:\/\/schema.org\",\"@graph\":[{\"@type\":\"WebPage\",\"@id\":\"https:\/\/www.outdoors.ee\/et\/toode\/hollandi-armee-120l-seljakott-woodland\/\",\"url\":\"https:\/\/www.outdoors.ee\/et\/toode\/hollandi-armee-120l-seljakott-woodland\/\",\"name\":\"Hollandi Armee ARWY 120L seljakott Woodland - outdoors.ee\",\"isPartOf\":{\"@id\":\"https:\/\/www.outdoors.ee\/#website\"},\"primaryImageOfPage\":{\"@id\":\"https:\/\/www.outdoors.ee\/et\/toode\/hollandi-armee-120l-seljakott-woodland\/#primaryimage\"},\"image\":{\"@id\":\"https:\/\/www.outdoors.ee\/et\/toode\/hollandi-armee-120l-seljakott-woodland\/#primaryimage\"},\"thumbnailUrl\":\"https:\/\/www.outdoors.ee\/wp-content\/uploads\/2021\/12\/0536-Dutch-Army-120L-Rucksack-Woodland.jpg\",\"datePublished\":\"2021-12-08T22:00:00+00:00\",\"dateModified\":\"2026-03-24T09:58:16+00:00\",\"description\":\"Originaalne Hollandi s\u00f5jav\u00e4e 120L seljakott vastupidavast pol\u00fcuretaaniga kaetud pol\u00fcamiidist (380 g\/m2). Omadused: reguleeritava pikkusega seljaosa, APS (Advanced Paralux System) polsterdatud seljaosa polsterdatud reguleeritavad \u00f5larihmad ja puusarihm \\\"Bergbuckle\\\" t\u00fc\u00fcpi pandlaga pandlaga rinnarihm \u00f5larihmade \u00fchendamiseks seljakott on seest jaotatud suuremaks (\u00fclemiseks) ning v\u00e4iksemaks (alumiseks) sahtliks eraldi kahesuunalise t\u00f5mblukuga ligip\u00e4\u00e4s alumisse sahtlisse sisemine tasku joogikoti jaoks t\u00f5mblukude abil kinnitatavad k\u00fcljetaskud, mis koos moodustavad v\u00e4iksema 20L seljakoti t\u00f5mblukuga taskud seljakoti kaanes v\u00e4iksemate asjade k\u00e4ep\u00e4raseks hoidmiseks magamiskoti (v\u00f5i muu varustuse) kinnitusaasad p\u00f5hjaosas vastupidavad kandesangad \u00fcleval nii ees kui taga Molle kinnituspaneelid ees, kaanel ning k\u00fcljetaskutel NB! k\u00fcljetaskud v\u00f5ivad olla varustatud kas ainult Molle paneelidega v\u00f5i lisaks ka rihmade\/klambritega. Valida neid kahjuks ei saa.\u00a0 Tootja: ARWY Maht: ca 120L koos k\u00fcljetaskutega Seisukord:\u00a0 uus (v\u00f5ib sisaldada hulgiladustamise j\u00e4lgi) uuev\u00e4\u00e4rne (sisaldab minimaalseid kulumisj\u00e4lgi) kasutatud, Grade 1 (heas korras, kergete v\u00f5i m\u00f5\u00f5dukate kulumisj\u00e4lgedega, ei sisalda m\u00e4rkimisv\u00e4\u00e4rseid vigastusi, v\u00f5ib olla kergelt m\u00e4\u00e4rdunud, rinnarihm ja k\u00fcljetaskud puduuvad) \u00a0\",\"breadcrumb\":{\"@id\":\"https:\/\/www.outdoors.ee\/et\/toode\/hollandi-armee-120l-seljakott-woodland\/#breadcrumb\"},\"inLanguage\":\"et\",\"potentialAction\":[{\"@type\":\"ReadAction\",\"target\":[\"https:\/\/www.outdoors.ee\/et\/toode\/hollandi-armee-120l-seljakott-woodland\/\"]}]},{\"@type\":\"ImageObject\",\"inLanguage\":\"et\",\"@id\":\"https:\/\/www.outdoors.ee\/et\/toode\/hollandi-armee-120l-seljakott-woodland\/#primaryimage\",\"url\":\"https:\/\/www.outdoors.ee\/wp-content\/uploads\/2021\/12\/0536-Dutch-Army-120L-Rucksack-Woodland.jpg\",\"contentUrl\":\"https:\/\/www.outdoors.ee\/wp-content\/uploads\/2021\/12\/0536-Dutch-Army-120L-Rucksack-Woodland.jpg\",\"width\":400,\"height\":581},{\"@type\":\"BreadcrumbList\",\"@id\":\"https:\/\/www.outdoors.ee\/et\/toode\/hollandi-armee-120l-seljakott-woodland\/#breadcrumb\",\"itemListElement\":[{\"@type\":\"ListItem\",\"position\":1,\"name\":\"Home\",\"item\":\"https:\/\/www.outdoors.ee\/et\/\"},{\"@type\":\"ListItem\",\"position\":2,\"name\":\"Tooted\",\"item\":\"https:\/\/www.outdoors.ee\/products\/\"},{\"@type\":\"ListItem\",\"position\":3,\"name\":\"Hollandi Armee 120L seljakott Woodland\"}]},{\"@type\":\"WebSite\",\"@id\":\"https:\/\/www.outdoors.ee\/#website\",\"url\":\"https:\/\/www.outdoors.ee\/\",\"name\":\"Outdoors\",\"description\":\"Genuine military surplus and not only!\",\"potentialAction\":[{\"@type\":\"SearchAction\",\"target\":{\"@type\":\"EntryPoint\",\"urlTemplate\":\"https:\/\/www.outdoors.ee\/?s={search_term_string}\"},\"query-input\":{\"@type\":\"PropertyValueSpecification\",\"valueRequired\":true,\"valueName\":\"search_term_string\"}}],\"inLanguage\":\"et\"}]}<\/script>\n<!-- \/ Yoast SEO plugin. -->","yoast_head_json":{"title":"Hollandi Armee ARWY 120L seljakott Woodland - outdoors.ee","description":"Originaalne Hollandi s\u00f5jav\u00e4e 120L seljakott vastupidavast pol\u00fcuretaaniga kaetud pol\u00fcamiidist (380 g\/m2). Omadused: reguleeritava pikkusega seljaosa, APS (Advanced Paralux System) polsterdatud seljaosa polsterdatud reguleeritavad \u00f5larihmad ja puusarihm \"Bergbuckle\" t\u00fc\u00fcpi pandlaga pandlaga rinnarihm \u00f5larihmade \u00fchendamiseks seljakott on seest jaotatud suuremaks (\u00fclemiseks) ning v\u00e4iksemaks (alumiseks) sahtliks eraldi kahesuunalise t\u00f5mblukuga ligip\u00e4\u00e4s alumisse sahtlisse sisemine tasku joogikoti jaoks t\u00f5mblukude abil kinnitatavad k\u00fcljetaskud, mis koos moodustavad v\u00e4iksema 20L seljakoti t\u00f5mblukuga taskud seljakoti kaanes v\u00e4iksemate asjade k\u00e4ep\u00e4raseks hoidmiseks magamiskoti (v\u00f5i muu varustuse) kinnitusaasad p\u00f5hjaosas vastupidavad kandesangad \u00fcleval nii ees kui taga Molle kinnituspaneelid ees, kaanel ning k\u00fcljetaskutel NB! k\u00fcljetaskud v\u00f5ivad olla varustatud kas ainult Molle paneelidega v\u00f5i lisaks ka rihmade\/klambritega. Valida neid kahjuks ei saa.\u00a0 Tootja: ARWY Maht: ca 120L koos k\u00fcljetaskutega Seisukord:\u00a0 uus (v\u00f5ib sisaldada hulgiladustamise j\u00e4lgi) uuev\u00e4\u00e4rne (sisaldab minimaalseid kulumisj\u00e4lgi) kasutatud, Grade 1 (heas korras, kergete v\u00f5i m\u00f5\u00f5dukate kulumisj\u00e4lgedega, ei sisalda m\u00e4rkimisv\u00e4\u00e4rseid vigastusi, v\u00f5ib olla kergelt m\u00e4\u00e4rdunud, rinnarihm ja k\u00fcljetaskud puduuvad) \u00a0","robots":{"index":"index","follow":"follow","max-snippet":"max-snippet:-1","max-image-preview":"max-image-preview:large","max-video-preview":"max-video-preview:-1"},"canonical":"https:\/\/www.outdoors.ee\/et\/toode\/hollandi-armee-120l-seljakott-woodland\/","og_locale":"et_EE","og_type":"article","og_title":"Hollandi Armee ARWY 120L seljakott Woodland","og_description":"Originaalne Hollandi s\u00f5jav\u00e4e 120L seljakott vastupidavast pol\u00fcuretaaniga kaetud pol\u00fcamiidist (380 g\/m2). Omadused: reguleeritava pikkusega seljaosa, APS (Advanced Paralux System) polsterdatud seljaosa polsterdatud reguleeritavad \u00f5larihmad ja puusarihm \"Bergbuckle\" t\u00fc\u00fcpi pandlaga pandlaga rinnarihm \u00f5larihmade \u00fchendamiseks seljakott on seest jaotatud suuremaks (\u00fclemiseks) ning v\u00e4iksemaks (alumiseks) sahtliks eraldi kahesuunalise t\u00f5mblukuga ligip\u00e4\u00e4s alumisse sahtlisse sisemine tasku joogikoti jaoks t\u00f5mblukude abil kinnitatavad k\u00fcljetaskud, mis koos moodustavad v\u00e4iksema 20L seljakoti t\u00f5mblukuga taskud seljakoti kaanes v\u00e4iksemate asjade k\u00e4ep\u00e4raseks hoidmiseks magamiskoti (v\u00f5i muu varustuse) kinnitusaasad p\u00f5hjaosas vastupidavad kandesangad \u00fcleval nii ees kui taga Molle kinnituspaneelid ees, kaanel ning k\u00fcljetaskutel NB! k\u00fcljetaskud v\u00f5ivad olla varustatud kas ainult Molle paneelidega v\u00f5i lisaks ka rihmade\/klambritega. Valida neid kahjuks ei saa.\u00a0 Tootja: ARWY Maht: ca 120L koos k\u00fcljetaskutega Seisukord:\u00a0 uus (v\u00f5ib sisaldada hulgiladustamise j\u00e4lgi) uuev\u00e4\u00e4rne (sisaldab minimaalseid kulumisj\u00e4lgi) kasutatud, Grade 1 (heas korras, kergete v\u00f5i m\u00f5\u00f5dukate kulumisj\u00e4lgedega, ei sisalda m\u00e4rkimisv\u00e4\u00e4rseid vigastusi, v\u00f5ib olla kergelt m\u00e4\u00e4rdunud, rinnarihm ja k\u00fcljetaskud puduuvad) \u00a0","og_url":"https:\/\/www.outdoors.ee\/et\/toode\/hollandi-armee-120l-seljakott-woodland\/","og_site_name":"Outdoors","article_modified_time":"2026-03-24T09:58:16+00:00","og_image":[{"width":400,"height":581,"url":"https:\/\/www.outdoors.ee\/wp-content\/uploads\/2021\/12\/0536-Dutch-Army-120L-Rucksack-Woodland.jpg","type":"image\/jpeg"}],"twitter_card":"summary_large_image","twitter_title":"Hollandi Armee ARWY 120L seljakott Woodland","twitter_misc":{"Est. reading time":"1 minut"},"schema":{"@context":"https:\/\/schema.org","@graph":[{"@type":"WebPage","@id":"https:\/\/www.outdoors.ee\/et\/toode\/hollandi-armee-120l-seljakott-woodland\/","url":"https:\/\/www.outdoors.ee\/et\/toode\/hollandi-armee-120l-seljakott-woodland\/","name":"Hollandi Armee ARWY 120L seljakott Woodland - outdoors.ee","isPartOf":{"@id":"https:\/\/www.outdoors.ee\/#website"},"primaryImageOfPage":{"@id":"https:\/\/www.outdoors.ee\/et\/toode\/hollandi-armee-120l-seljakott-woodland\/#primaryimage"},"image":{"@id":"https:\/\/www.outdoors.ee\/et\/toode\/hollandi-armee-120l-seljakott-woodland\/#primaryimage"},"thumbnailUrl":"https:\/\/www.outdoors.ee\/wp-content\/uploads\/2021\/12\/0536-Dutch-Army-120L-Rucksack-Woodland.jpg","datePublished":"2021-12-08T22:00:00+00:00","dateModified":"2026-03-24T09:58:16+00:00","description":"Originaalne Hollandi s\u00f5jav\u00e4e 120L seljakott vastupidavast pol\u00fcuretaaniga kaetud pol\u00fcamiidist (380 g\/m2). Omadused: reguleeritava pikkusega seljaosa, APS (Advanced Paralux System) polsterdatud seljaosa polsterdatud reguleeritavad \u00f5larihmad ja puusarihm \"Bergbuckle\" t\u00fc\u00fcpi pandlaga pandlaga rinnarihm \u00f5larihmade \u00fchendamiseks seljakott on seest jaotatud suuremaks (\u00fclemiseks) ning v\u00e4iksemaks (alumiseks) sahtliks eraldi kahesuunalise t\u00f5mblukuga ligip\u00e4\u00e4s alumisse sahtlisse sisemine tasku joogikoti jaoks t\u00f5mblukude abil kinnitatavad k\u00fcljetaskud, mis koos moodustavad v\u00e4iksema 20L seljakoti t\u00f5mblukuga taskud seljakoti kaanes v\u00e4iksemate asjade k\u00e4ep\u00e4raseks hoidmiseks magamiskoti (v\u00f5i muu varustuse) kinnitusaasad p\u00f5hjaosas vastupidavad kandesangad \u00fcleval nii ees kui taga Molle kinnituspaneelid ees, kaanel ning k\u00fcljetaskutel NB! k\u00fcljetaskud v\u00f5ivad olla varustatud kas ainult Molle paneelidega v\u00f5i lisaks ka rihmade\/klambritega. Valida neid kahjuks ei saa.\u00a0 Tootja: ARWY Maht: ca 120L koos k\u00fcljetaskutega Seisukord:\u00a0 uus (v\u00f5ib sisaldada hulgiladustamise j\u00e4lgi) uuev\u00e4\u00e4rne (sisaldab minimaalseid kulumisj\u00e4lgi) kasutatud, Grade 1 (heas korras, kergete v\u00f5i m\u00f5\u00f5dukate kulumisj\u00e4lgedega, ei sisalda m\u00e4rkimisv\u00e4\u00e4rseid vigastusi, v\u00f5ib olla kergelt m\u00e4\u00e4rdunud, rinnarihm ja k\u00fcljetaskud puduuvad) \u00a0","breadcrumb":{"@id":"https:\/\/www.outdoors.ee\/et\/toode\/hollandi-armee-120l-seljakott-woodland\/#breadcrumb"},"inLanguage":"et","potentialAction":[{"@type":"ReadAction","target":["https:\/\/www.outdoors.ee\/et\/toode\/hollandi-armee-120l-seljakott-woodland\/"]}]},{"@type":"ImageObject","inLanguage":"et","@id":"https:\/\/www.outdoors.ee\/et\/toode\/hollandi-armee-120l-seljakott-woodland\/#primaryimage","url":"https:\/\/www.outdoors.ee\/wp-content\/uploads\/2021\/12\/0536-Dutch-Army-120L-Rucksack-Woodland.jpg","contentUrl":"https:\/\/www.outdoors.ee\/wp-content\/uploads\/2021\/12\/0536-Dutch-Army-120L-Rucksack-Woodland.jpg","width":400,"height":581},{"@type":"BreadcrumbList","@id":"https:\/\/www.outdoors.ee\/et\/toode\/hollandi-armee-120l-seljakott-woodland\/#breadcrumb","itemListElement":[{"@type":"ListItem","position":1,"name":"Home","item":"https:\/\/www.outdoors.ee\/et\/"},{"@type":"ListItem","position":2,"name":"Tooted","item":"https:\/\/www.outdoors.ee\/products\/"},{"@type":"ListItem","position":3,"name":"Hollandi Armee 120L seljakott Woodland"}]},{"@type":"WebSite","@id":"https:\/\/www.outdoors.ee\/#website","url":"https:\/\/www.outdoors.ee\/","name":"Outdoors","description":"Genuine military surplus and not only!","potentialAction":[{"@type":"SearchAction","target":{"@type":"EntryPoint","urlTemplate":"https:\/\/www.outdoors.ee\/?s={search_term_string}"},"query-input":{"@type":"PropertyValueSpecification","valueRequired":true,"valueName":"search_term_string"}}],"inLanguage":"et"}]}},"_links":{"self":[{"href":"https:\/\/www.outdoors.ee\/et\/wp-json\/wp\/v2\/product\/59618","targetHints":{"allow":["GET"]}}],"collection":[{"href":"https:\/\/www.outdoors.ee\/et\/wp-json\/wp\/v2\/product"}],"about":[{"href":"https:\/\/www.outdoors.ee\/et\/wp-json\/wp\/v2\/types\/product"}],"wp:featuredmedia":[{"embeddable":true,"href":"https:\/\/www.outdoors.ee\/et\/wp-json\/wp\/v2\/media\/66441"}],"wp:attachment":[{"href":"https:\/\/www.outdoors.ee\/et\/wp-json\/wp\/v2\/media?parent=59618"}],"wp:term":[{"taxonomy":"product_brand","embeddable":true,"href":"https:\/\/www.outdoors.ee\/et\/wp-json\/wp\/v2\/product_brand?post=59618"},{"taxonomy":"product_cat","embeddable":true,"href":"https:\/\/www.outdoors.ee\/et\/wp-json\/wp\/v2\/product_cat?post=59618"},{"taxonomy":"product_tag","embeddable":true,"href":"https:\/\/www.outdoors.ee\/et\/wp-json\/wp\/v2\/product_tag?post=59618"}],"curies":[{"name":"wp","href":"https:\/\/api.w.org\/{rel}","templated":true}]}}