{"id":59612,"date":"2021-12-09T00:00:00","date_gmt":"2021-12-09T00:00:00","guid":{"rendered":"https:\/\/www.outdoors.ee\/product\/hollandi-armee-varustuse-kott-80l-must\/"},"modified":"2025-11-05T17:00:50","modified_gmt":"2025-11-05T15:00:50","slug":"hollandi-armee-varustuse-kott-80l-must","status":"publish","type":"product","link":"https:\/\/www.outdoors.ee\/et\/toode\/hollandi-armee-varustuse-kott-80l-must\/","title":{"rendered":"Hollandi Armee varustuse kott 80L Black"},"content":{"rendered":"<p>Hollandi s\u00f5jav\u00e4e mahukas musta v\u00e4rvi varustuse kott, mis on varustatud nii kande- kui \u00f5larihmadega.<\/p>\n<p><strong>Omadused:<\/strong><\/p>\n<ul>\n<li>vastupidav Cordura t\u00fc\u00fcpi materjal<\/li>\n<li>2 kanderihma<\/li>\n<li>reguleeritava pikkusega, pehmendatud \u00f5larihmad<\/li>\n<li>2 takjakinnitusega k\u00fcljetaskut \u00f5larihmade v\u00f5i kanderihmade peitmiseks<\/li>\n<li>massiivne kahesuunaline t\u00f5mblukk<\/li>\n<li>tugevdatud p\u00f5hi<\/li>\n<li>maht ca 80L<\/li>\n<\/ul>\n<p><strong>M\u00f5\u00f5dud:<\/strong> ca 80 x 35 x 30cm<\/p>\n<p><strong>Seisukord:<\/strong><\/p>\n<ul>\n<li>uus (ilma j\u00e4em\u00fc\u00fcgipakendita, v\u00f5ib sisaldada hulgiladustamise j\u00e4lgi)<\/li>\n<li>uuev\u00e4\u00e4rne (sisaldab kergeid kulumisj\u00e4lgi)<\/li>\n<li>kasutatud, Grade 1 (sisaldab m\u00f5\u00f5dukaid kulumisj\u00e4lgi, v\u00f5ib sisaldada v\u00e4iksemaid vigastusi ning olla kergelt m\u00e4\u00e4rdunud)<\/li>\n<\/ul>\n","protected":false},"excerpt":{"rendered":"<p>Hollandi Armee 80L varustuse kott, must<\/p>\n","protected":false},"featured_media":10350,"template":"","meta":[],"product_brand":[],"product_cat":[3541],"product_tag":[],"class_list":{"0":"post-59612","1":"product","2":"type-product","3":"status-publish","4":"has-post-thumbnail","6":"product_cat-kotid-taskud","7":"pa_brand-dutch-military-surplus","8":"pa_condition-kasutatud-grade-1","9":"pa_condition-uuevaarne","10":"pa_condition-uus","12":"first","13":"instock","14":"taxable","15":"shipping-taxable","16":"purchasable","17":"product-type-variable"},"yoast_head":"<!-- This site is optimized with the Yoast SEO plugin v27.2 - https:\/\/yoast.com\/product\/yoast-seo-wordpress\/ -->\n<title>Hollandi Armee varustuse kott 80L Black - outdoors.ee<\/title>\n<meta name=\"description\" content=\"Originaalne Hollandi s\u00f5jav\u00e4e mahukas musta v\u00e4rvi varustuse kott, mis on varustatud nii kande- kui \u00f5larihmadega. Omadused: vastupidav Cordura t\u00fc\u00fcpi materjal 2 kanderihma reguleeritava pikkusega, pehmendatud \u00f5larihmad 2 takjakinnitusega k\u00fcljetaskut \u00f5larihmade v\u00f5i kanderihmade peitmiseks massiivne kahesuunaline t\u00f5mblukk tugevdatud p\u00f5hi maht ca 80L M\u00f5\u00f5dud: ca 80 x 35 x 30cm Seisukord: uus (kasutamata, v\u00f5ivad sisaldada ladustamise j\u00e4lgi) uuev\u00e4\u00e4rne (sisaldab minimaalseid kulumisj\u00e4lgi) kasutatud, Grade 1 (sisaldab kulumisj\u00e4lgi, v\u00f5ib sisaldada v\u00e4iksemaid vigastusi, on s\u00e4ilitanud kasutusk\u00f5lblikkuse) \u00a0\" \/>\n<meta name=\"robots\" content=\"index, follow, max-snippet:-1, max-image-preview:large, max-video-preview:-1\" \/>\n<link rel=\"canonical\" href=\"https:\/\/www.outdoors.ee\/et\/toode\/hollandi-armee-varustuse-kott-80l-must\/\" \/>\n<meta property=\"og:locale\" content=\"et_EE\" \/>\n<meta property=\"og:type\" content=\"article\" \/>\n<meta property=\"og:title\" content=\"Hollandi Armee varustuse kott 80L Black\" \/>\n<meta property=\"og:description\" content=\"Originaalne Hollandi s\u00f5jav\u00e4e mahukas musta v\u00e4rvi varustuse kott, mis on varustatud nii kande- kui \u00f5larihmadega. Omadused: vastupidav Cordura t\u00fc\u00fcpi materjal 2 kanderihma reguleeritava pikkusega, pehmendatud \u00f5larihmad 2 takjakinnitusega k\u00fcljetaskut \u00f5larihmade v\u00f5i kanderihmade peitmiseks massiivne kahesuunaline t\u00f5mblukk tugevdatud p\u00f5hi maht ca 80L M\u00f5\u00f5dud: ca 80 x 35 x 30cm Seisukord: uus (kasutamata, v\u00f5ivad sisaldada ladustamise j\u00e4lgi) uuev\u00e4\u00e4rne (sisaldab minimaalseid kulumisj\u00e4lgi) kasutatud, Grade 1 (sisaldab kulumisj\u00e4lgi, v\u00f5ib sisaldada v\u00e4iksemaid vigastusi, on s\u00e4ilitanud kasutusk\u00f5lblikkuse) \u00a0\" \/>\n<meta property=\"og:url\" content=\"https:\/\/www.outdoors.ee\/et\/toode\/hollandi-armee-varustuse-kott-80l-must\/\" \/>\n<meta property=\"og:site_name\" content=\"Outdoors\" \/>\n<meta property=\"article:modified_time\" content=\"2025-11-05T15:00:50+00:00\" \/>\n<meta property=\"og:image\" content=\"https:\/\/www.outdoors.ee\/wp-content\/uploads\/2021\/08\/0535-Dutch-Army-80L-Deployment-Bag-Black-6.jpg\" \/>\n\t<meta property=\"og:image:width\" content=\"1200\" \/>\n\t<meta property=\"og:image:height\" content=\"1200\" \/>\n\t<meta property=\"og:image:type\" content=\"image\/jpeg\" \/>\n<meta name=\"twitter:card\" content=\"summary_large_image\" \/>\n<meta name=\"twitter:title\" content=\"Hollandi Armee varustuse kott 80L Black\" \/>\n<meta name=\"twitter:label1\" content=\"Est. reading time\" \/>\n\t<meta name=\"twitter:data1\" content=\"1 minut\" \/>\n<script type=\"application\/ld+json\" class=\"yoast-schema-graph\">{\"@context\":\"https:\/\/schema.org\",\"@graph\":[{\"@type\":\"WebPage\",\"@id\":\"https:\/\/www.outdoors.ee\/et\/toode\/hollandi-armee-varustuse-kott-80l-must\/\",\"url\":\"https:\/\/www.outdoors.ee\/et\/toode\/hollandi-armee-varustuse-kott-80l-must\/\",\"name\":\"Hollandi Armee varustuse kott 80L Black - outdoors.ee\",\"isPartOf\":{\"@id\":\"https:\/\/www.outdoors.ee\/#website\"},\"primaryImageOfPage\":{\"@id\":\"https:\/\/www.outdoors.ee\/et\/toode\/hollandi-armee-varustuse-kott-80l-must\/#primaryimage\"},\"image\":{\"@id\":\"https:\/\/www.outdoors.ee\/et\/toode\/hollandi-armee-varustuse-kott-80l-must\/#primaryimage\"},\"thumbnailUrl\":\"https:\/\/www.outdoors.ee\/wp-content\/uploads\/2021\/08\/0535-Dutch-Army-80L-Deployment-Bag-Black-6.jpg\",\"datePublished\":\"2021-12-09T00:00:00+00:00\",\"dateModified\":\"2025-11-05T15:00:50+00:00\",\"description\":\"Originaalne Hollandi s\u00f5jav\u00e4e mahukas musta v\u00e4rvi varustuse kott, mis on varustatud nii kande- kui \u00f5larihmadega. Omadused: vastupidav Cordura t\u00fc\u00fcpi materjal 2 kanderihma reguleeritava pikkusega, pehmendatud \u00f5larihmad 2 takjakinnitusega k\u00fcljetaskut \u00f5larihmade v\u00f5i kanderihmade peitmiseks massiivne kahesuunaline t\u00f5mblukk tugevdatud p\u00f5hi maht ca 80L M\u00f5\u00f5dud: ca 80 x 35 x 30cm Seisukord: uus (kasutamata, v\u00f5ivad sisaldada ladustamise j\u00e4lgi) uuev\u00e4\u00e4rne (sisaldab minimaalseid kulumisj\u00e4lgi) kasutatud, Grade 1 (sisaldab kulumisj\u00e4lgi, v\u00f5ib sisaldada v\u00e4iksemaid vigastusi, on s\u00e4ilitanud kasutusk\u00f5lblikkuse) \u00a0\",\"breadcrumb\":{\"@id\":\"https:\/\/www.outdoors.ee\/et\/toode\/hollandi-armee-varustuse-kott-80l-must\/#breadcrumb\"},\"inLanguage\":\"et\",\"potentialAction\":[{\"@type\":\"ReadAction\",\"target\":[\"https:\/\/www.outdoors.ee\/et\/toode\/hollandi-armee-varustuse-kott-80l-must\/\"]}]},{\"@type\":\"ImageObject\",\"inLanguage\":\"et\",\"@id\":\"https:\/\/www.outdoors.ee\/et\/toode\/hollandi-armee-varustuse-kott-80l-must\/#primaryimage\",\"url\":\"https:\/\/www.outdoors.ee\/wp-content\/uploads\/2021\/08\/0535-Dutch-Army-80L-Deployment-Bag-Black-6.jpg\",\"contentUrl\":\"https:\/\/www.outdoors.ee\/wp-content\/uploads\/2021\/08\/0535-Dutch-Army-80L-Deployment-Bag-Black-6.jpg\",\"width\":1200,\"height\":1200},{\"@type\":\"BreadcrumbList\",\"@id\":\"https:\/\/www.outdoors.ee\/et\/toode\/hollandi-armee-varustuse-kott-80l-must\/#breadcrumb\",\"itemListElement\":[{\"@type\":\"ListItem\",\"position\":1,\"name\":\"Home\",\"item\":\"https:\/\/www.outdoors.ee\/et\/\"},{\"@type\":\"ListItem\",\"position\":2,\"name\":\"Tooted\",\"item\":\"https:\/\/www.outdoors.ee\/products\/\"},{\"@type\":\"ListItem\",\"position\":3,\"name\":\"Hollandi Armee varustuse kott 80L Black\"}]},{\"@type\":\"WebSite\",\"@id\":\"https:\/\/www.outdoors.ee\/#website\",\"url\":\"https:\/\/www.outdoors.ee\/\",\"name\":\"Outdoors\",\"description\":\"Genuine military surplus and not only!\",\"potentialAction\":[{\"@type\":\"SearchAction\",\"target\":{\"@type\":\"EntryPoint\",\"urlTemplate\":\"https:\/\/www.outdoors.ee\/?s={search_term_string}\"},\"query-input\":{\"@type\":\"PropertyValueSpecification\",\"valueRequired\":true,\"valueName\":\"search_term_string\"}}],\"inLanguage\":\"et\"}]}<\/script>\n<!-- \/ Yoast SEO plugin. -->","yoast_head_json":{"title":"Hollandi Armee varustuse kott 80L Black - outdoors.ee","description":"Originaalne Hollandi s\u00f5jav\u00e4e mahukas musta v\u00e4rvi varustuse kott, mis on varustatud nii kande- kui \u00f5larihmadega. Omadused: vastupidav Cordura t\u00fc\u00fcpi materjal 2 kanderihma reguleeritava pikkusega, pehmendatud \u00f5larihmad 2 takjakinnitusega k\u00fcljetaskut \u00f5larihmade v\u00f5i kanderihmade peitmiseks massiivne kahesuunaline t\u00f5mblukk tugevdatud p\u00f5hi maht ca 80L M\u00f5\u00f5dud: ca 80 x 35 x 30cm Seisukord: uus (kasutamata, v\u00f5ivad sisaldada ladustamise j\u00e4lgi) uuev\u00e4\u00e4rne (sisaldab minimaalseid kulumisj\u00e4lgi) kasutatud, Grade 1 (sisaldab kulumisj\u00e4lgi, v\u00f5ib sisaldada v\u00e4iksemaid vigastusi, on s\u00e4ilitanud kasutusk\u00f5lblikkuse) \u00a0","robots":{"index":"index","follow":"follow","max-snippet":"max-snippet:-1","max-image-preview":"max-image-preview:large","max-video-preview":"max-video-preview:-1"},"canonical":"https:\/\/www.outdoors.ee\/et\/toode\/hollandi-armee-varustuse-kott-80l-must\/","og_locale":"et_EE","og_type":"article","og_title":"Hollandi Armee varustuse kott 80L Black","og_description":"Originaalne Hollandi s\u00f5jav\u00e4e mahukas musta v\u00e4rvi varustuse kott, mis on varustatud nii kande- kui \u00f5larihmadega. Omadused: vastupidav Cordura t\u00fc\u00fcpi materjal 2 kanderihma reguleeritava pikkusega, pehmendatud \u00f5larihmad 2 takjakinnitusega k\u00fcljetaskut \u00f5larihmade v\u00f5i kanderihmade peitmiseks massiivne kahesuunaline t\u00f5mblukk tugevdatud p\u00f5hi maht ca 80L M\u00f5\u00f5dud: ca 80 x 35 x 30cm Seisukord: uus (kasutamata, v\u00f5ivad sisaldada ladustamise j\u00e4lgi) uuev\u00e4\u00e4rne (sisaldab minimaalseid kulumisj\u00e4lgi) kasutatud, Grade 1 (sisaldab kulumisj\u00e4lgi, v\u00f5ib sisaldada v\u00e4iksemaid vigastusi, on s\u00e4ilitanud kasutusk\u00f5lblikkuse) \u00a0","og_url":"https:\/\/www.outdoors.ee\/et\/toode\/hollandi-armee-varustuse-kott-80l-must\/","og_site_name":"Outdoors","article_modified_time":"2025-11-05T15:00:50+00:00","og_image":[{"width":1200,"height":1200,"url":"https:\/\/www.outdoors.ee\/wp-content\/uploads\/2021\/08\/0535-Dutch-Army-80L-Deployment-Bag-Black-6.jpg","type":"image\/jpeg"}],"twitter_card":"summary_large_image","twitter_title":"Hollandi Armee varustuse kott 80L Black","twitter_misc":{"Est. reading time":"1 minut"},"schema":{"@context":"https:\/\/schema.org","@graph":[{"@type":"WebPage","@id":"https:\/\/www.outdoors.ee\/et\/toode\/hollandi-armee-varustuse-kott-80l-must\/","url":"https:\/\/www.outdoors.ee\/et\/toode\/hollandi-armee-varustuse-kott-80l-must\/","name":"Hollandi Armee varustuse kott 80L Black - outdoors.ee","isPartOf":{"@id":"https:\/\/www.outdoors.ee\/#website"},"primaryImageOfPage":{"@id":"https:\/\/www.outdoors.ee\/et\/toode\/hollandi-armee-varustuse-kott-80l-must\/#primaryimage"},"image":{"@id":"https:\/\/www.outdoors.ee\/et\/toode\/hollandi-armee-varustuse-kott-80l-must\/#primaryimage"},"thumbnailUrl":"https:\/\/www.outdoors.ee\/wp-content\/uploads\/2021\/08\/0535-Dutch-Army-80L-Deployment-Bag-Black-6.jpg","datePublished":"2021-12-09T00:00:00+00:00","dateModified":"2025-11-05T15:00:50+00:00","description":"Originaalne Hollandi s\u00f5jav\u00e4e mahukas musta v\u00e4rvi varustuse kott, mis on varustatud nii kande- kui \u00f5larihmadega. Omadused: vastupidav Cordura t\u00fc\u00fcpi materjal 2 kanderihma reguleeritava pikkusega, pehmendatud \u00f5larihmad 2 takjakinnitusega k\u00fcljetaskut \u00f5larihmade v\u00f5i kanderihmade peitmiseks massiivne kahesuunaline t\u00f5mblukk tugevdatud p\u00f5hi maht ca 80L M\u00f5\u00f5dud: ca 80 x 35 x 30cm Seisukord: uus (kasutamata, v\u00f5ivad sisaldada ladustamise j\u00e4lgi) uuev\u00e4\u00e4rne (sisaldab minimaalseid kulumisj\u00e4lgi) kasutatud, Grade 1 (sisaldab kulumisj\u00e4lgi, v\u00f5ib sisaldada v\u00e4iksemaid vigastusi, on s\u00e4ilitanud kasutusk\u00f5lblikkuse) \u00a0","breadcrumb":{"@id":"https:\/\/www.outdoors.ee\/et\/toode\/hollandi-armee-varustuse-kott-80l-must\/#breadcrumb"},"inLanguage":"et","potentialAction":[{"@type":"ReadAction","target":["https:\/\/www.outdoors.ee\/et\/toode\/hollandi-armee-varustuse-kott-80l-must\/"]}]},{"@type":"ImageObject","inLanguage":"et","@id":"https:\/\/www.outdoors.ee\/et\/toode\/hollandi-armee-varustuse-kott-80l-must\/#primaryimage","url":"https:\/\/www.outdoors.ee\/wp-content\/uploads\/2021\/08\/0535-Dutch-Army-80L-Deployment-Bag-Black-6.jpg","contentUrl":"https:\/\/www.outdoors.ee\/wp-content\/uploads\/2021\/08\/0535-Dutch-Army-80L-Deployment-Bag-Black-6.jpg","width":1200,"height":1200},{"@type":"BreadcrumbList","@id":"https:\/\/www.outdoors.ee\/et\/toode\/hollandi-armee-varustuse-kott-80l-must\/#breadcrumb","itemListElement":[{"@type":"ListItem","position":1,"name":"Home","item":"https:\/\/www.outdoors.ee\/et\/"},{"@type":"ListItem","position":2,"name":"Tooted","item":"https:\/\/www.outdoors.ee\/products\/"},{"@type":"ListItem","position":3,"name":"Hollandi Armee varustuse kott 80L Black"}]},{"@type":"WebSite","@id":"https:\/\/www.outdoors.ee\/#website","url":"https:\/\/www.outdoors.ee\/","name":"Outdoors","description":"Genuine military surplus and not only!","potentialAction":[{"@type":"SearchAction","target":{"@type":"EntryPoint","urlTemplate":"https:\/\/www.outdoors.ee\/?s={search_term_string}"},"query-input":{"@type":"PropertyValueSpecification","valueRequired":true,"valueName":"search_term_string"}}],"inLanguage":"et"}]}},"_links":{"self":[{"href":"https:\/\/www.outdoors.ee\/et\/wp-json\/wp\/v2\/product\/59612","targetHints":{"allow":["GET"]}}],"collection":[{"href":"https:\/\/www.outdoors.ee\/et\/wp-json\/wp\/v2\/product"}],"about":[{"href":"https:\/\/www.outdoors.ee\/et\/wp-json\/wp\/v2\/types\/product"}],"wp:featuredmedia":[{"embeddable":true,"href":"https:\/\/www.outdoors.ee\/et\/wp-json\/wp\/v2\/media\/10350"}],"wp:attachment":[{"href":"https:\/\/www.outdoors.ee\/et\/wp-json\/wp\/v2\/media?parent=59612"}],"wp:term":[{"taxonomy":"product_brand","embeddable":true,"href":"https:\/\/www.outdoors.ee\/et\/wp-json\/wp\/v2\/product_brand?post=59612"},{"taxonomy":"product_cat","embeddable":true,"href":"https:\/\/www.outdoors.ee\/et\/wp-json\/wp\/v2\/product_cat?post=59612"},{"taxonomy":"product_tag","embeddable":true,"href":"https:\/\/www.outdoors.ee\/et\/wp-json\/wp\/v2\/product_tag?post=59612"}],"curies":[{"name":"wp","href":"https:\/\/api.w.org\/{rel}","templated":true}]}}