{"id":59602,"date":"2021-12-09T00:00:00","date_gmt":"2021-12-09T00:00:00","guid":{"rendered":"https:\/\/www.outdoors.ee\/product\/hollandi-armee-seljakott-35l-woodland-2\/"},"modified":"2025-11-11T12:53:43","modified_gmt":"2025-11-11T10:53:43","slug":"hollandi-armee-seljakott-35l-woodland-2","status":"publish","type":"product","link":"https:\/\/www.outdoors.ee\/et\/toode\/hollandi-armee-seljakott-35l-woodland-2\/","title":{"rendered":"Hollandi Armee seljakott 35L Woodland"},"content":{"rendered":"<p>Hollandi s\u00f5jav\u00e4e metsalaigus taktikaline seljakott mahutavusega ca 35L, mis on valmistatud vastupidavast Cordura materjalist pol\u00fcuretaani kattega seest veekindluse tagamiseks.<\/p>\n<p><strong>Omadused<\/strong>:<\/p>\n<ul>\n<li>kolmeks jagatud peasahtel on suletav pingutusn\u00f6\u00f6ri-, klapi ning klambrite abil (uuema generatsiooni seljakotil puudub sisemine peasahtli jaotaja)<\/li>\n<li>eraldi sahtel pehmendustahvlile seljaosas (vahtplaat sees)<\/li>\n<li>kaks klapi ning trukkidega suletavat k\u00fcljetaskut<\/li>\n<li>tugev kandesang \u00fcleval<\/li>\n<li>Molle paneelid lisataskute ja varustuse kinnitamiseks<\/li>\n<li>reguleeritava pikkusega pehmendatud \u00f5larihmad<\/li>\n<li>varjatud, takjapaelaga suletav tasku pealmises kaanes<\/li>\n<li>ligikaudsed m\u00f5\u00f5dud: k\u00f5rgus \u2013 45cm, laius \u2013 40cm (taskute piirkonnas),\u00a0 s\u00fcgavus \u2013 15cm<\/li>\n<\/ul>\n<p><strong>Seisukord<\/strong>:<\/p>\n<ul>\n<li>uus (ilma j\u00e4em\u00fc\u00fcgipakendita, v\u00f5ib sisaldada hulgiladustamise j\u00e4lgi v\u00f5i kirjasid sildil)<\/li>\n<li>uuev\u00e4\u00e4rne (sisaldab kergeid kulumisj\u00e4lgi)<\/li>\n<li>kasutatud, Grade 1 (sisaldab m\u00f5\u00f5dukaid kulumisj\u00e4lgi, v\u00f5ib olla kergelt m\u00e4\u00e4rdunud ning sisaldada v\u00e4iksemaid vigastusi, peasahtli sisemine jagaja v\u00f5ib olla eemaldatud)<\/li>\n<\/ul>\n","protected":false},"excerpt":{"rendered":"<p>Hollandi s\u00f5jav\u00e4e metsalaigus taktikaline seljakott mahutavusega ca 35L, mis on valmistatud vastupidavast Cordura materjalist pol\u00fcuretaani kattega seest veekindluse tagamiseks. Omadused:<\/p>\n","protected":false},"featured_media":18008,"template":"","meta":[],"product_brand":[],"product_cat":[3539],"product_tag":[],"class_list":{"0":"post-59602","1":"product","2":"type-product","3":"status-publish","4":"has-post-thumbnail","6":"product_cat-seljakotid","7":"pa_brand-dutch-military-surplus","8":"pa_condition-kasutatud-grade-1","9":"pa_condition-uuevaarne","10":"pa_condition-uus","12":"first","13":"instock","14":"taxable","15":"shipping-taxable","16":"purchasable","17":"product-type-variable"},"yoast_head":"<!-- This site is optimized with the Yoast SEO plugin v27.2 - https:\/\/yoast.com\/product\/yoast-seo-wordpress\/ -->\n<title>Hollandi Armee seljakott 35L Woodland - outdoors.ee<\/title>\n<meta name=\"description\" content=\"Originaalne Hollandi s\u00f5jav\u00e4e taktikaline seljakott mahutavusega ca 35ltr k\u00f5rbe laigus, mis on valmistatud vastupidavast Cordura materjalist veekindla pol\u00fcuretaani kattega seest. Omadused: vastupidav originaalne militaarklassi seljakott kolmeks jagatud peasahtel on suletav pingutusn\u00f6\u00f6ri-, klapi ning klambrite abil\u00a0 sahtel pehmendustahvlile seljaosas (vahtplaat sees) kaks klapi ning trukkidega suletavat k\u00fcljetaskut tugev kandesang \u00fcleval Molle t\u00fc\u00fcpi kinnitused lisataskute ja varustuse kinnitamiseks esipaneelil ning \u00fclemisel kaanel reguleeritavad, pehmendusega ning omavahel klambritega \u00fchendatavad \u00f5larihmad Ligikaudsed m\u00f5\u00f5dud: k\u00f5rgus - 45cm, laius - 40cm (taskute piirkonnas), s\u00fcgavus - 15cm Seisukord:\u00a0 uus (v\u00f5ib sisaldada hulgiladustamise j\u00e4lgi v\u00f5i nime sildil) uuev\u00e4\u00e4rne (v\u00f5ib sisaldada vaid minimaalseid kulumisj\u00e4lgi) kasutatud, Grade 1 (sisaldab kergeid kulumisj\u00e4lgi, eemaldatav selja pehmenduspaneel puudub)\" \/>\n<meta name=\"robots\" content=\"index, follow, max-snippet:-1, max-image-preview:large, max-video-preview:-1\" \/>\n<link rel=\"canonical\" href=\"https:\/\/www.outdoors.ee\/et\/toode\/hollandi-armee-seljakott-35l-woodland-2\/\" \/>\n<meta property=\"og:locale\" content=\"et_EE\" \/>\n<meta property=\"og:type\" content=\"article\" \/>\n<meta property=\"og:title\" content=\"Hollandi Armee seljakott 35L Woodland\" \/>\n<meta property=\"og:description\" content=\"Originaalne Hollandi s\u00f5jav\u00e4e taktikaline seljakott mahutavusega ca 35ltr k\u00f5rbe laigus, mis on valmistatud vastupidavast Cordura materjalist veekindla pol\u00fcuretaani kattega seest. Omadused: vastupidav originaalne militaarklassi seljakott kolmeks jagatud peasahtel on suletav pingutusn\u00f6\u00f6ri-, klapi ning klambrite abil\u00a0 sahtel pehmendustahvlile seljaosas (vahtplaat sees) kaks klapi ning trukkidega suletavat k\u00fcljetaskut tugev kandesang \u00fcleval Molle t\u00fc\u00fcpi kinnitused lisataskute ja varustuse kinnitamiseks esipaneelil ning \u00fclemisel kaanel reguleeritavad, pehmendusega ning omavahel klambritega \u00fchendatavad \u00f5larihmad Ligikaudsed m\u00f5\u00f5dud: k\u00f5rgus - 45cm, laius - 40cm (taskute piirkonnas), s\u00fcgavus - 15cm Seisukord:\u00a0 uus (v\u00f5ib sisaldada hulgiladustamise j\u00e4lgi v\u00f5i nime sildil) uuev\u00e4\u00e4rne (v\u00f5ib sisaldada vaid minimaalseid kulumisj\u00e4lgi) kasutatud, Grade 1 (sisaldab kergeid kulumisj\u00e4lgi, eemaldatav selja pehmenduspaneel puudub)\" \/>\n<meta property=\"og:url\" content=\"https:\/\/www.outdoors.ee\/et\/toode\/hollandi-armee-seljakott-35l-woodland-2\/\" \/>\n<meta property=\"og:site_name\" content=\"Outdoors\" \/>\n<meta property=\"article:modified_time\" content=\"2025-11-11T10:53:43+00:00\" \/>\n<meta property=\"og:image\" content=\"https:\/\/www.outdoors.ee\/wp-content\/uploads\/2021\/09\/0533-Dutch-35L-Daypack-Woodland-2.jpg\" \/>\n\t<meta property=\"og:image:width\" content=\"1155\" \/>\n\t<meta property=\"og:image:height\" content=\"1155\" \/>\n\t<meta property=\"og:image:type\" content=\"image\/jpeg\" \/>\n<meta name=\"twitter:card\" content=\"summary_large_image\" \/>\n<meta name=\"twitter:title\" content=\"Hollandi Armee seljakott 35L Woodland\" \/>\n<meta name=\"twitter:label1\" content=\"Est. reading time\" \/>\n\t<meta name=\"twitter:data1\" content=\"1 minut\" \/>\n<script type=\"application\/ld+json\" class=\"yoast-schema-graph\">{\"@context\":\"https:\/\/schema.org\",\"@graph\":[{\"@type\":\"WebPage\",\"@id\":\"https:\/\/www.outdoors.ee\/et\/toode\/hollandi-armee-seljakott-35l-woodland-2\/\",\"url\":\"https:\/\/www.outdoors.ee\/et\/toode\/hollandi-armee-seljakott-35l-woodland-2\/\",\"name\":\"Hollandi Armee seljakott 35L Woodland - outdoors.ee\",\"isPartOf\":{\"@id\":\"https:\/\/www.outdoors.ee\/#website\"},\"primaryImageOfPage\":{\"@id\":\"https:\/\/www.outdoors.ee\/et\/toode\/hollandi-armee-seljakott-35l-woodland-2\/#primaryimage\"},\"image\":{\"@id\":\"https:\/\/www.outdoors.ee\/et\/toode\/hollandi-armee-seljakott-35l-woodland-2\/#primaryimage\"},\"thumbnailUrl\":\"https:\/\/www.outdoors.ee\/wp-content\/uploads\/2021\/09\/0533-Dutch-35L-Daypack-Woodland-2.jpg\",\"datePublished\":\"2021-12-09T00:00:00+00:00\",\"dateModified\":\"2025-11-11T10:53:43+00:00\",\"description\":\"Originaalne Hollandi s\u00f5jav\u00e4e taktikaline seljakott mahutavusega ca 35ltr k\u00f5rbe laigus, mis on valmistatud vastupidavast Cordura materjalist veekindla pol\u00fcuretaani kattega seest. Omadused: vastupidav originaalne militaarklassi seljakott kolmeks jagatud peasahtel on suletav pingutusn\u00f6\u00f6ri-, klapi ning klambrite abil\u00a0 sahtel pehmendustahvlile seljaosas (vahtplaat sees) kaks klapi ning trukkidega suletavat k\u00fcljetaskut tugev kandesang \u00fcleval Molle t\u00fc\u00fcpi kinnitused lisataskute ja varustuse kinnitamiseks esipaneelil ning \u00fclemisel kaanel reguleeritavad, pehmendusega ning omavahel klambritega \u00fchendatavad \u00f5larihmad Ligikaudsed m\u00f5\u00f5dud: k\u00f5rgus - 45cm, laius - 40cm (taskute piirkonnas), s\u00fcgavus - 15cm Seisukord:\u00a0 uus (v\u00f5ib sisaldada hulgiladustamise j\u00e4lgi v\u00f5i nime sildil) uuev\u00e4\u00e4rne (v\u00f5ib sisaldada vaid minimaalseid kulumisj\u00e4lgi) kasutatud, Grade 1 (sisaldab kergeid kulumisj\u00e4lgi, eemaldatav selja pehmenduspaneel puudub)\",\"breadcrumb\":{\"@id\":\"https:\/\/www.outdoors.ee\/et\/toode\/hollandi-armee-seljakott-35l-woodland-2\/#breadcrumb\"},\"inLanguage\":\"et\",\"potentialAction\":[{\"@type\":\"ReadAction\",\"target\":[\"https:\/\/www.outdoors.ee\/et\/toode\/hollandi-armee-seljakott-35l-woodland-2\/\"]}]},{\"@type\":\"ImageObject\",\"inLanguage\":\"et\",\"@id\":\"https:\/\/www.outdoors.ee\/et\/toode\/hollandi-armee-seljakott-35l-woodland-2\/#primaryimage\",\"url\":\"https:\/\/www.outdoors.ee\/wp-content\/uploads\/2021\/09\/0533-Dutch-35L-Daypack-Woodland-2.jpg\",\"contentUrl\":\"https:\/\/www.outdoors.ee\/wp-content\/uploads\/2021\/09\/0533-Dutch-35L-Daypack-Woodland-2.jpg\",\"width\":1155,\"height\":1155},{\"@type\":\"BreadcrumbList\",\"@id\":\"https:\/\/www.outdoors.ee\/et\/toode\/hollandi-armee-seljakott-35l-woodland-2\/#breadcrumb\",\"itemListElement\":[{\"@type\":\"ListItem\",\"position\":1,\"name\":\"Home\",\"item\":\"https:\/\/www.outdoors.ee\/et\/\"},{\"@type\":\"ListItem\",\"position\":2,\"name\":\"Tooted\",\"item\":\"https:\/\/www.outdoors.ee\/products\/\"},{\"@type\":\"ListItem\",\"position\":3,\"name\":\"Hollandi Armee seljakott 35L Woodland\"}]},{\"@type\":\"WebSite\",\"@id\":\"https:\/\/www.outdoors.ee\/#website\",\"url\":\"https:\/\/www.outdoors.ee\/\",\"name\":\"Outdoors\",\"description\":\"Genuine military surplus and not only!\",\"potentialAction\":[{\"@type\":\"SearchAction\",\"target\":{\"@type\":\"EntryPoint\",\"urlTemplate\":\"https:\/\/www.outdoors.ee\/?s={search_term_string}\"},\"query-input\":{\"@type\":\"PropertyValueSpecification\",\"valueRequired\":true,\"valueName\":\"search_term_string\"}}],\"inLanguage\":\"et\"}]}<\/script>\n<!-- \/ Yoast SEO plugin. -->","yoast_head_json":{"title":"Hollandi Armee seljakott 35L Woodland - outdoors.ee","description":"Originaalne Hollandi s\u00f5jav\u00e4e taktikaline seljakott mahutavusega ca 35ltr k\u00f5rbe laigus, mis on valmistatud vastupidavast Cordura materjalist veekindla pol\u00fcuretaani kattega seest. Omadused: vastupidav originaalne militaarklassi seljakott kolmeks jagatud peasahtel on suletav pingutusn\u00f6\u00f6ri-, klapi ning klambrite abil\u00a0 sahtel pehmendustahvlile seljaosas (vahtplaat sees) kaks klapi ning trukkidega suletavat k\u00fcljetaskut tugev kandesang \u00fcleval Molle t\u00fc\u00fcpi kinnitused lisataskute ja varustuse kinnitamiseks esipaneelil ning \u00fclemisel kaanel reguleeritavad, pehmendusega ning omavahel klambritega \u00fchendatavad \u00f5larihmad Ligikaudsed m\u00f5\u00f5dud: k\u00f5rgus - 45cm, laius - 40cm (taskute piirkonnas), s\u00fcgavus - 15cm Seisukord:\u00a0 uus (v\u00f5ib sisaldada hulgiladustamise j\u00e4lgi v\u00f5i nime sildil) uuev\u00e4\u00e4rne (v\u00f5ib sisaldada vaid minimaalseid kulumisj\u00e4lgi) kasutatud, Grade 1 (sisaldab kergeid kulumisj\u00e4lgi, eemaldatav selja pehmenduspaneel puudub)","robots":{"index":"index","follow":"follow","max-snippet":"max-snippet:-1","max-image-preview":"max-image-preview:large","max-video-preview":"max-video-preview:-1"},"canonical":"https:\/\/www.outdoors.ee\/et\/toode\/hollandi-armee-seljakott-35l-woodland-2\/","og_locale":"et_EE","og_type":"article","og_title":"Hollandi Armee seljakott 35L Woodland","og_description":"Originaalne Hollandi s\u00f5jav\u00e4e taktikaline seljakott mahutavusega ca 35ltr k\u00f5rbe laigus, mis on valmistatud vastupidavast Cordura materjalist veekindla pol\u00fcuretaani kattega seest. Omadused: vastupidav originaalne militaarklassi seljakott kolmeks jagatud peasahtel on suletav pingutusn\u00f6\u00f6ri-, klapi ning klambrite abil\u00a0 sahtel pehmendustahvlile seljaosas (vahtplaat sees) kaks klapi ning trukkidega suletavat k\u00fcljetaskut tugev kandesang \u00fcleval Molle t\u00fc\u00fcpi kinnitused lisataskute ja varustuse kinnitamiseks esipaneelil ning \u00fclemisel kaanel reguleeritavad, pehmendusega ning omavahel klambritega \u00fchendatavad \u00f5larihmad Ligikaudsed m\u00f5\u00f5dud: k\u00f5rgus - 45cm, laius - 40cm (taskute piirkonnas), s\u00fcgavus - 15cm Seisukord:\u00a0 uus (v\u00f5ib sisaldada hulgiladustamise j\u00e4lgi v\u00f5i nime sildil) uuev\u00e4\u00e4rne (v\u00f5ib sisaldada vaid minimaalseid kulumisj\u00e4lgi) kasutatud, Grade 1 (sisaldab kergeid kulumisj\u00e4lgi, eemaldatav selja pehmenduspaneel puudub)","og_url":"https:\/\/www.outdoors.ee\/et\/toode\/hollandi-armee-seljakott-35l-woodland-2\/","og_site_name":"Outdoors","article_modified_time":"2025-11-11T10:53:43+00:00","og_image":[{"width":1155,"height":1155,"url":"https:\/\/www.outdoors.ee\/wp-content\/uploads\/2021\/09\/0533-Dutch-35L-Daypack-Woodland-2.jpg","type":"image\/jpeg"}],"twitter_card":"summary_large_image","twitter_title":"Hollandi Armee seljakott 35L Woodland","twitter_misc":{"Est. reading time":"1 minut"},"schema":{"@context":"https:\/\/schema.org","@graph":[{"@type":"WebPage","@id":"https:\/\/www.outdoors.ee\/et\/toode\/hollandi-armee-seljakott-35l-woodland-2\/","url":"https:\/\/www.outdoors.ee\/et\/toode\/hollandi-armee-seljakott-35l-woodland-2\/","name":"Hollandi Armee seljakott 35L Woodland - outdoors.ee","isPartOf":{"@id":"https:\/\/www.outdoors.ee\/#website"},"primaryImageOfPage":{"@id":"https:\/\/www.outdoors.ee\/et\/toode\/hollandi-armee-seljakott-35l-woodland-2\/#primaryimage"},"image":{"@id":"https:\/\/www.outdoors.ee\/et\/toode\/hollandi-armee-seljakott-35l-woodland-2\/#primaryimage"},"thumbnailUrl":"https:\/\/www.outdoors.ee\/wp-content\/uploads\/2021\/09\/0533-Dutch-35L-Daypack-Woodland-2.jpg","datePublished":"2021-12-09T00:00:00+00:00","dateModified":"2025-11-11T10:53:43+00:00","description":"Originaalne Hollandi s\u00f5jav\u00e4e taktikaline seljakott mahutavusega ca 35ltr k\u00f5rbe laigus, mis on valmistatud vastupidavast Cordura materjalist veekindla pol\u00fcuretaani kattega seest. Omadused: vastupidav originaalne militaarklassi seljakott kolmeks jagatud peasahtel on suletav pingutusn\u00f6\u00f6ri-, klapi ning klambrite abil\u00a0 sahtel pehmendustahvlile seljaosas (vahtplaat sees) kaks klapi ning trukkidega suletavat k\u00fcljetaskut tugev kandesang \u00fcleval Molle t\u00fc\u00fcpi kinnitused lisataskute ja varustuse kinnitamiseks esipaneelil ning \u00fclemisel kaanel reguleeritavad, pehmendusega ning omavahel klambritega \u00fchendatavad \u00f5larihmad Ligikaudsed m\u00f5\u00f5dud: k\u00f5rgus - 45cm, laius - 40cm (taskute piirkonnas), s\u00fcgavus - 15cm Seisukord:\u00a0 uus (v\u00f5ib sisaldada hulgiladustamise j\u00e4lgi v\u00f5i nime sildil) uuev\u00e4\u00e4rne (v\u00f5ib sisaldada vaid minimaalseid kulumisj\u00e4lgi) kasutatud, Grade 1 (sisaldab kergeid kulumisj\u00e4lgi, eemaldatav selja pehmenduspaneel puudub)","breadcrumb":{"@id":"https:\/\/www.outdoors.ee\/et\/toode\/hollandi-armee-seljakott-35l-woodland-2\/#breadcrumb"},"inLanguage":"et","potentialAction":[{"@type":"ReadAction","target":["https:\/\/www.outdoors.ee\/et\/toode\/hollandi-armee-seljakott-35l-woodland-2\/"]}]},{"@type":"ImageObject","inLanguage":"et","@id":"https:\/\/www.outdoors.ee\/et\/toode\/hollandi-armee-seljakott-35l-woodland-2\/#primaryimage","url":"https:\/\/www.outdoors.ee\/wp-content\/uploads\/2021\/09\/0533-Dutch-35L-Daypack-Woodland-2.jpg","contentUrl":"https:\/\/www.outdoors.ee\/wp-content\/uploads\/2021\/09\/0533-Dutch-35L-Daypack-Woodland-2.jpg","width":1155,"height":1155},{"@type":"BreadcrumbList","@id":"https:\/\/www.outdoors.ee\/et\/toode\/hollandi-armee-seljakott-35l-woodland-2\/#breadcrumb","itemListElement":[{"@type":"ListItem","position":1,"name":"Home","item":"https:\/\/www.outdoors.ee\/et\/"},{"@type":"ListItem","position":2,"name":"Tooted","item":"https:\/\/www.outdoors.ee\/products\/"},{"@type":"ListItem","position":3,"name":"Hollandi Armee seljakott 35L Woodland"}]},{"@type":"WebSite","@id":"https:\/\/www.outdoors.ee\/#website","url":"https:\/\/www.outdoors.ee\/","name":"Outdoors","description":"Genuine military surplus and not only!","potentialAction":[{"@type":"SearchAction","target":{"@type":"EntryPoint","urlTemplate":"https:\/\/www.outdoors.ee\/?s={search_term_string}"},"query-input":{"@type":"PropertyValueSpecification","valueRequired":true,"valueName":"search_term_string"}}],"inLanguage":"et"}]}},"_links":{"self":[{"href":"https:\/\/www.outdoors.ee\/et\/wp-json\/wp\/v2\/product\/59602","targetHints":{"allow":["GET"]}}],"collection":[{"href":"https:\/\/www.outdoors.ee\/et\/wp-json\/wp\/v2\/product"}],"about":[{"href":"https:\/\/www.outdoors.ee\/et\/wp-json\/wp\/v2\/types\/product"}],"wp:featuredmedia":[{"embeddable":true,"href":"https:\/\/www.outdoors.ee\/et\/wp-json\/wp\/v2\/media\/18008"}],"wp:attachment":[{"href":"https:\/\/www.outdoors.ee\/et\/wp-json\/wp\/v2\/media?parent=59602"}],"wp:term":[{"taxonomy":"product_brand","embeddable":true,"href":"https:\/\/www.outdoors.ee\/et\/wp-json\/wp\/v2\/product_brand?post=59602"},{"taxonomy":"product_cat","embeddable":true,"href":"https:\/\/www.outdoors.ee\/et\/wp-json\/wp\/v2\/product_cat?post=59602"},{"taxonomy":"product_tag","embeddable":true,"href":"https:\/\/www.outdoors.ee\/et\/wp-json\/wp\/v2\/product_tag?post=59602"}],"curies":[{"name":"wp","href":"https:\/\/api.w.org\/{rel}","templated":true}]}}