{"id":59592,"date":"2021-12-09T00:00:00","date_gmt":"2021-12-09T00:00:00","guid":{"rendered":"https:\/\/www.outdoors.ee\/product\/hollandi-armee-seljakott-35l-woodland\/"},"modified":"2024-12-04T20:36:59","modified_gmt":"2024-12-04T18:36:59","slug":"hollandi-armee-seljakott-35l-woodland","status":"publish","type":"product","link":"https:\/\/www.outdoors.ee\/et\/toode\/hollandi-armee-seljakott-35l-woodland\/","title":{"rendered":"Hollandi Armee seljakott 35L Woodland"},"content":{"rendered":"<p style=\"text-align: justify;\"><strong>Omadused<\/strong>:<\/p>\n<ul style=\"text-align: justify;\">\n<li>Hollandi s\u00f5jav\u00e4e originaal<\/li>\n<li>kaks suurt sahtlit kahesuunalise t\u00f5mblukuga<\/li>\n<li>joogis\u00fcsteemi tasku peasahtli sees<\/li>\n<li>v\u00e4iksem t\u00f5mblukuga tasku esipaneelil<\/li>\n<li>tugev kandesang \u00fcleval, peidetud joogis\u00fcsteemi vooliku avaga sanga all<\/li>\n<li>Molle t\u00fc\u00fcpi kinnitused lisataskute ja varustuse kinnitamiseks k\u00fclgelel ning esipaneelil<\/li>\n<li>kaks takjapaneeli ees<\/li>\n<li>pehmendusega ja klambritega reguleeritavad \u00f5larihmad ning puusarihm<\/li>\n<li>ligikaudsed m\u00f5\u00f5dud: k\u00f5rgus &#8211; 45cm, laius (p\u00f5hi) &#8211; 37cm, laius (\u00fclemine osa) &#8211; 24cm, s\u00fcgavus &#8211; 19cm<\/li>\n<li>maht 35L<\/li>\n<\/ul>\n<p style=\"text-align: justify;\"><b>Seisukord<\/b>:<\/p>\n<ul>\n<li>uus (ilma j\u00e4em\u00fc\u00fcgipakendita, v\u00f5ib sisaldada hulgiladustamise j\u00e4lgi ja\/v\u00f5i kirjasid sildil)<\/li>\n<li>uuev\u00e4\u00e4rne (sisaldab kergeid kulumisj\u00e4lgi, <span style=\"text-decoration: underline;\">puusarihm puudub<\/span>)<\/li>\n<li>kasutatud, Grade 1 (sisaldab m\u00f5\u00f5dukaid kulumisj\u00e4lgi, v\u00f5ib olla kohati m\u00e4\u00e4rdunud ning sisaldada v\u00e4iksemaid vigastusi, <span style=\"text-decoration: underline;\">puusarihm puudub<\/span>)<\/li>\n<\/ul>\n","protected":false},"excerpt":{"rendered":"<p>Omadused: Hollandi s\u00f5jav\u00e4e originaal kaks suurt sahtlit kahesuunalise t\u00f5mblukuga joogis\u00fcsteemi tasku peasahtli sees v\u00e4iksem t\u00f5mblukuga tasku esipaneelil tugev kandesang \u00fcleval,<\/p>\n","protected":false},"featured_media":75572,"template":"","meta":[],"product_brand":[],"product_cat":[3539],"product_tag":[],"class_list":{"0":"post-59592","1":"product","2":"type-product","3":"status-publish","4":"has-post-thumbnail","6":"product_cat-seljakotid","7":"pa_brand-dutch-military-surplus","8":"pa_condition-kasutatud-grade-1","9":"pa_condition-uuevaarne","10":"pa_condition-uus","12":"first","13":"outofstock","14":"taxable","15":"shipping-taxable","16":"purchasable","17":"product-type-variable"},"yoast_head":"<!-- This site is optimized with the Yoast SEO plugin v27.2 - https:\/\/yoast.com\/product\/yoast-seo-wordpress\/ -->\n<title>Hollandi Armee seljakott 35L Woodland - outdoors.ee<\/title>\n<meta name=\"description\" content=\"Originaalne Hollandi s\u00f5jav\u00e4e nn kahe p\u00e4eva taktikaline metsa laigus seljakott mahutavusega 35 liitrit, mis on valmistatud vastupidavast pol\u00fcamiidist pol\u00fcuretaani kattega. Omadused: vastupidav originaalne militaarklassi seljakott (mitte koopia) kaks suurt peasahtlit kahesuunalise t\u00f5mblukuga joogis\u00fcsteemi tasku \u00fche sahtli sees v\u00e4iksem t\u00f5mblukuga tasku esipaneelil tugev kandesang \u00fcleval, peidetud joogis\u00fcsteemi vooliku avaga sanga all Molle t\u00fc\u00fcpi kinnitused lisataskute ja varustuse kinnitamiseks k\u00fclgelel ning esipaneelil kaks velcro paneeli ees pehmendusega ja klambritega reguleeritavad \u00f5larihmad ning puusarihm Ligikaudsed m\u00f5\u00f5dud: k\u00f5rgus - 45cm, laius (p\u00f5hi) - 37cm, laius (\u00fclemine osa) - 24cm, s\u00fcgavus - 19cm Seisukord: uus (v\u00f5ib sisaldada hulgiladustamise j\u00e4lgi) uuev\u00e4\u00e4rne (sisaldab minimaalseid kulumisj\u00e4lgi) kasutatud, Grade 1 (sisaldab kergeid kulumisj\u00e4lgi, v\u00f5ib olla kergelt m\u00e4\u00e4rdunud, puusarihm ja\/v\u00f5i m\u00f5ni kompressiooniriihm v\u00f5ib olla puudu)\" \/>\n<meta name=\"robots\" content=\"index, follow, max-snippet:-1, max-image-preview:large, max-video-preview:-1\" \/>\n<link rel=\"canonical\" href=\"https:\/\/www.outdoors.ee\/et\/toode\/hollandi-armee-seljakott-35l-woodland\/\" \/>\n<meta property=\"og:locale\" content=\"et_EE\" \/>\n<meta property=\"og:type\" content=\"article\" \/>\n<meta property=\"og:title\" content=\"Hollandi Armee seljakott 35L Woodland\" \/>\n<meta property=\"og:description\" content=\"Originaalne Hollandi s\u00f5jav\u00e4e nn kahe p\u00e4eva taktikaline metsa laigus seljakott mahutavusega 35 liitrit, mis on valmistatud vastupidavast pol\u00fcamiidist pol\u00fcuretaani kattega. Omadused: vastupidav originaalne militaarklassi seljakott (mitte koopia) kaks suurt peasahtlit kahesuunalise t\u00f5mblukuga joogis\u00fcsteemi tasku \u00fche sahtli sees v\u00e4iksem t\u00f5mblukuga tasku esipaneelil tugev kandesang \u00fcleval, peidetud joogis\u00fcsteemi vooliku avaga sanga all Molle t\u00fc\u00fcpi kinnitused lisataskute ja varustuse kinnitamiseks k\u00fclgelel ning esipaneelil kaks velcro paneeli ees pehmendusega ja klambritega reguleeritavad \u00f5larihmad ning puusarihm Ligikaudsed m\u00f5\u00f5dud: k\u00f5rgus - 45cm, laius (p\u00f5hi) - 37cm, laius (\u00fclemine osa) - 24cm, s\u00fcgavus - 19cm Seisukord: uus (v\u00f5ib sisaldada hulgiladustamise j\u00e4lgi) uuev\u00e4\u00e4rne (sisaldab minimaalseid kulumisj\u00e4lgi) kasutatud, Grade 1 (sisaldab kergeid kulumisj\u00e4lgi, v\u00f5ib olla kergelt m\u00e4\u00e4rdunud, puusarihm ja\/v\u00f5i m\u00f5ni kompressiooniriihm v\u00f5ib olla puudu)\" \/>\n<meta property=\"og:url\" content=\"https:\/\/www.outdoors.ee\/et\/toode\/hollandi-armee-seljakott-35l-woodland\/\" \/>\n<meta property=\"og:site_name\" content=\"Outdoors\" \/>\n<meta property=\"article:modified_time\" content=\"2024-12-04T18:36:59+00:00\" \/>\n<meta property=\"og:image\" content=\"https:\/\/www.outdoors.ee\/wp-content\/uploads\/2021\/12\/0532w-Dutch-Army-Daypack-35L-Woodland-1.png\" \/>\n\t<meta property=\"og:image:width\" content=\"400\" \/>\n\t<meta property=\"og:image:height\" content=\"450\" \/>\n\t<meta property=\"og:image:type\" content=\"image\/png\" \/>\n<meta name=\"twitter:card\" content=\"summary_large_image\" \/>\n<meta name=\"twitter:title\" content=\"Hollandi Armee seljakott 35L Woodland\" \/>\n<meta name=\"twitter:label1\" content=\"Est. reading time\" \/>\n\t<meta name=\"twitter:data1\" content=\"1 minut\" \/>\n<script type=\"application\/ld+json\" class=\"yoast-schema-graph\">{\"@context\":\"https:\/\/schema.org\",\"@graph\":[{\"@type\":\"WebPage\",\"@id\":\"https:\/\/www.outdoors.ee\/et\/toode\/hollandi-armee-seljakott-35l-woodland\/\",\"url\":\"https:\/\/www.outdoors.ee\/et\/toode\/hollandi-armee-seljakott-35l-woodland\/\",\"name\":\"Hollandi Armee seljakott 35L Woodland - outdoors.ee\",\"isPartOf\":{\"@id\":\"https:\/\/www.outdoors.ee\/#website\"},\"primaryImageOfPage\":{\"@id\":\"https:\/\/www.outdoors.ee\/et\/toode\/hollandi-armee-seljakott-35l-woodland\/#primaryimage\"},\"image\":{\"@id\":\"https:\/\/www.outdoors.ee\/et\/toode\/hollandi-armee-seljakott-35l-woodland\/#primaryimage\"},\"thumbnailUrl\":\"https:\/\/www.outdoors.ee\/wp-content\/uploads\/2021\/12\/0532w-Dutch-Army-Daypack-35L-Woodland-1.png\",\"datePublished\":\"2021-12-09T00:00:00+00:00\",\"dateModified\":\"2024-12-04T18:36:59+00:00\",\"description\":\"Originaalne Hollandi s\u00f5jav\u00e4e nn kahe p\u00e4eva taktikaline metsa laigus seljakott mahutavusega 35 liitrit, mis on valmistatud vastupidavast pol\u00fcamiidist pol\u00fcuretaani kattega. Omadused: vastupidav originaalne militaarklassi seljakott (mitte koopia) kaks suurt peasahtlit kahesuunalise t\u00f5mblukuga joogis\u00fcsteemi tasku \u00fche sahtli sees v\u00e4iksem t\u00f5mblukuga tasku esipaneelil tugev kandesang \u00fcleval, peidetud joogis\u00fcsteemi vooliku avaga sanga all Molle t\u00fc\u00fcpi kinnitused lisataskute ja varustuse kinnitamiseks k\u00fclgelel ning esipaneelil kaks velcro paneeli ees pehmendusega ja klambritega reguleeritavad \u00f5larihmad ning puusarihm Ligikaudsed m\u00f5\u00f5dud: k\u00f5rgus - 45cm, laius (p\u00f5hi) - 37cm, laius (\u00fclemine osa) - 24cm, s\u00fcgavus - 19cm Seisukord: uus (v\u00f5ib sisaldada hulgiladustamise j\u00e4lgi) uuev\u00e4\u00e4rne (sisaldab minimaalseid kulumisj\u00e4lgi) kasutatud, Grade 1 (sisaldab kergeid kulumisj\u00e4lgi, v\u00f5ib olla kergelt m\u00e4\u00e4rdunud, puusarihm ja\/v\u00f5i m\u00f5ni kompressiooniriihm v\u00f5ib olla puudu)\",\"breadcrumb\":{\"@id\":\"https:\/\/www.outdoors.ee\/et\/toode\/hollandi-armee-seljakott-35l-woodland\/#breadcrumb\"},\"inLanguage\":\"et\",\"potentialAction\":[{\"@type\":\"ReadAction\",\"target\":[\"https:\/\/www.outdoors.ee\/et\/toode\/hollandi-armee-seljakott-35l-woodland\/\"]}]},{\"@type\":\"ImageObject\",\"inLanguage\":\"et\",\"@id\":\"https:\/\/www.outdoors.ee\/et\/toode\/hollandi-armee-seljakott-35l-woodland\/#primaryimage\",\"url\":\"https:\/\/www.outdoors.ee\/wp-content\/uploads\/2021\/12\/0532w-Dutch-Army-Daypack-35L-Woodland-1.png\",\"contentUrl\":\"https:\/\/www.outdoors.ee\/wp-content\/uploads\/2021\/12\/0532w-Dutch-Army-Daypack-35L-Woodland-1.png\",\"width\":400,\"height\":450},{\"@type\":\"BreadcrumbList\",\"@id\":\"https:\/\/www.outdoors.ee\/et\/toode\/hollandi-armee-seljakott-35l-woodland\/#breadcrumb\",\"itemListElement\":[{\"@type\":\"ListItem\",\"position\":1,\"name\":\"Home\",\"item\":\"https:\/\/www.outdoors.ee\/et\/\"},{\"@type\":\"ListItem\",\"position\":2,\"name\":\"Tooted\",\"item\":\"https:\/\/www.outdoors.ee\/products\/\"},{\"@type\":\"ListItem\",\"position\":3,\"name\":\"Hollandi Armee seljakott 35L Woodland\"}]},{\"@type\":\"WebSite\",\"@id\":\"https:\/\/www.outdoors.ee\/#website\",\"url\":\"https:\/\/www.outdoors.ee\/\",\"name\":\"Outdoors\",\"description\":\"Genuine military surplus and not only!\",\"potentialAction\":[{\"@type\":\"SearchAction\",\"target\":{\"@type\":\"EntryPoint\",\"urlTemplate\":\"https:\/\/www.outdoors.ee\/?s={search_term_string}\"},\"query-input\":{\"@type\":\"PropertyValueSpecification\",\"valueRequired\":true,\"valueName\":\"search_term_string\"}}],\"inLanguage\":\"et\"}]}<\/script>\n<!-- \/ Yoast SEO plugin. -->","yoast_head_json":{"title":"Hollandi Armee seljakott 35L Woodland - outdoors.ee","description":"Originaalne Hollandi s\u00f5jav\u00e4e nn kahe p\u00e4eva taktikaline metsa laigus seljakott mahutavusega 35 liitrit, mis on valmistatud vastupidavast pol\u00fcamiidist pol\u00fcuretaani kattega. Omadused: vastupidav originaalne militaarklassi seljakott (mitte koopia) kaks suurt peasahtlit kahesuunalise t\u00f5mblukuga joogis\u00fcsteemi tasku \u00fche sahtli sees v\u00e4iksem t\u00f5mblukuga tasku esipaneelil tugev kandesang \u00fcleval, peidetud joogis\u00fcsteemi vooliku avaga sanga all Molle t\u00fc\u00fcpi kinnitused lisataskute ja varustuse kinnitamiseks k\u00fclgelel ning esipaneelil kaks velcro paneeli ees pehmendusega ja klambritega reguleeritavad \u00f5larihmad ning puusarihm Ligikaudsed m\u00f5\u00f5dud: k\u00f5rgus - 45cm, laius (p\u00f5hi) - 37cm, laius (\u00fclemine osa) - 24cm, s\u00fcgavus - 19cm Seisukord: uus (v\u00f5ib sisaldada hulgiladustamise j\u00e4lgi) uuev\u00e4\u00e4rne (sisaldab minimaalseid kulumisj\u00e4lgi) kasutatud, Grade 1 (sisaldab kergeid kulumisj\u00e4lgi, v\u00f5ib olla kergelt m\u00e4\u00e4rdunud, puusarihm ja\/v\u00f5i m\u00f5ni kompressiooniriihm v\u00f5ib olla puudu)","robots":{"index":"index","follow":"follow","max-snippet":"max-snippet:-1","max-image-preview":"max-image-preview:large","max-video-preview":"max-video-preview:-1"},"canonical":"https:\/\/www.outdoors.ee\/et\/toode\/hollandi-armee-seljakott-35l-woodland\/","og_locale":"et_EE","og_type":"article","og_title":"Hollandi Armee seljakott 35L Woodland","og_description":"Originaalne Hollandi s\u00f5jav\u00e4e nn kahe p\u00e4eva taktikaline metsa laigus seljakott mahutavusega 35 liitrit, mis on valmistatud vastupidavast pol\u00fcamiidist pol\u00fcuretaani kattega. Omadused: vastupidav originaalne militaarklassi seljakott (mitte koopia) kaks suurt peasahtlit kahesuunalise t\u00f5mblukuga joogis\u00fcsteemi tasku \u00fche sahtli sees v\u00e4iksem t\u00f5mblukuga tasku esipaneelil tugev kandesang \u00fcleval, peidetud joogis\u00fcsteemi vooliku avaga sanga all Molle t\u00fc\u00fcpi kinnitused lisataskute ja varustuse kinnitamiseks k\u00fclgelel ning esipaneelil kaks velcro paneeli ees pehmendusega ja klambritega reguleeritavad \u00f5larihmad ning puusarihm Ligikaudsed m\u00f5\u00f5dud: k\u00f5rgus - 45cm, laius (p\u00f5hi) - 37cm, laius (\u00fclemine osa) - 24cm, s\u00fcgavus - 19cm Seisukord: uus (v\u00f5ib sisaldada hulgiladustamise j\u00e4lgi) uuev\u00e4\u00e4rne (sisaldab minimaalseid kulumisj\u00e4lgi) kasutatud, Grade 1 (sisaldab kergeid kulumisj\u00e4lgi, v\u00f5ib olla kergelt m\u00e4\u00e4rdunud, puusarihm ja\/v\u00f5i m\u00f5ni kompressiooniriihm v\u00f5ib olla puudu)","og_url":"https:\/\/www.outdoors.ee\/et\/toode\/hollandi-armee-seljakott-35l-woodland\/","og_site_name":"Outdoors","article_modified_time":"2024-12-04T18:36:59+00:00","og_image":[{"width":400,"height":450,"url":"https:\/\/www.outdoors.ee\/wp-content\/uploads\/2021\/12\/0532w-Dutch-Army-Daypack-35L-Woodland-1.png","type":"image\/png"}],"twitter_card":"summary_large_image","twitter_title":"Hollandi Armee seljakott 35L Woodland","twitter_misc":{"Est. reading time":"1 minut"},"schema":{"@context":"https:\/\/schema.org","@graph":[{"@type":"WebPage","@id":"https:\/\/www.outdoors.ee\/et\/toode\/hollandi-armee-seljakott-35l-woodland\/","url":"https:\/\/www.outdoors.ee\/et\/toode\/hollandi-armee-seljakott-35l-woodland\/","name":"Hollandi Armee seljakott 35L Woodland - outdoors.ee","isPartOf":{"@id":"https:\/\/www.outdoors.ee\/#website"},"primaryImageOfPage":{"@id":"https:\/\/www.outdoors.ee\/et\/toode\/hollandi-armee-seljakott-35l-woodland\/#primaryimage"},"image":{"@id":"https:\/\/www.outdoors.ee\/et\/toode\/hollandi-armee-seljakott-35l-woodland\/#primaryimage"},"thumbnailUrl":"https:\/\/www.outdoors.ee\/wp-content\/uploads\/2021\/12\/0532w-Dutch-Army-Daypack-35L-Woodland-1.png","datePublished":"2021-12-09T00:00:00+00:00","dateModified":"2024-12-04T18:36:59+00:00","description":"Originaalne Hollandi s\u00f5jav\u00e4e nn kahe p\u00e4eva taktikaline metsa laigus seljakott mahutavusega 35 liitrit, mis on valmistatud vastupidavast pol\u00fcamiidist pol\u00fcuretaani kattega. Omadused: vastupidav originaalne militaarklassi seljakott (mitte koopia) kaks suurt peasahtlit kahesuunalise t\u00f5mblukuga joogis\u00fcsteemi tasku \u00fche sahtli sees v\u00e4iksem t\u00f5mblukuga tasku esipaneelil tugev kandesang \u00fcleval, peidetud joogis\u00fcsteemi vooliku avaga sanga all Molle t\u00fc\u00fcpi kinnitused lisataskute ja varustuse kinnitamiseks k\u00fclgelel ning esipaneelil kaks velcro paneeli ees pehmendusega ja klambritega reguleeritavad \u00f5larihmad ning puusarihm Ligikaudsed m\u00f5\u00f5dud: k\u00f5rgus - 45cm, laius (p\u00f5hi) - 37cm, laius (\u00fclemine osa) - 24cm, s\u00fcgavus - 19cm Seisukord: uus (v\u00f5ib sisaldada hulgiladustamise j\u00e4lgi) uuev\u00e4\u00e4rne (sisaldab minimaalseid kulumisj\u00e4lgi) kasutatud, Grade 1 (sisaldab kergeid kulumisj\u00e4lgi, v\u00f5ib olla kergelt m\u00e4\u00e4rdunud, puusarihm ja\/v\u00f5i m\u00f5ni kompressiooniriihm v\u00f5ib olla puudu)","breadcrumb":{"@id":"https:\/\/www.outdoors.ee\/et\/toode\/hollandi-armee-seljakott-35l-woodland\/#breadcrumb"},"inLanguage":"et","potentialAction":[{"@type":"ReadAction","target":["https:\/\/www.outdoors.ee\/et\/toode\/hollandi-armee-seljakott-35l-woodland\/"]}]},{"@type":"ImageObject","inLanguage":"et","@id":"https:\/\/www.outdoors.ee\/et\/toode\/hollandi-armee-seljakott-35l-woodland\/#primaryimage","url":"https:\/\/www.outdoors.ee\/wp-content\/uploads\/2021\/12\/0532w-Dutch-Army-Daypack-35L-Woodland-1.png","contentUrl":"https:\/\/www.outdoors.ee\/wp-content\/uploads\/2021\/12\/0532w-Dutch-Army-Daypack-35L-Woodland-1.png","width":400,"height":450},{"@type":"BreadcrumbList","@id":"https:\/\/www.outdoors.ee\/et\/toode\/hollandi-armee-seljakott-35l-woodland\/#breadcrumb","itemListElement":[{"@type":"ListItem","position":1,"name":"Home","item":"https:\/\/www.outdoors.ee\/et\/"},{"@type":"ListItem","position":2,"name":"Tooted","item":"https:\/\/www.outdoors.ee\/products\/"},{"@type":"ListItem","position":3,"name":"Hollandi Armee seljakott 35L Woodland"}]},{"@type":"WebSite","@id":"https:\/\/www.outdoors.ee\/#website","url":"https:\/\/www.outdoors.ee\/","name":"Outdoors","description":"Genuine military surplus and not only!","potentialAction":[{"@type":"SearchAction","target":{"@type":"EntryPoint","urlTemplate":"https:\/\/www.outdoors.ee\/?s={search_term_string}"},"query-input":{"@type":"PropertyValueSpecification","valueRequired":true,"valueName":"search_term_string"}}],"inLanguage":"et"}]}},"_links":{"self":[{"href":"https:\/\/www.outdoors.ee\/et\/wp-json\/wp\/v2\/product\/59592","targetHints":{"allow":["GET"]}}],"collection":[{"href":"https:\/\/www.outdoors.ee\/et\/wp-json\/wp\/v2\/product"}],"about":[{"href":"https:\/\/www.outdoors.ee\/et\/wp-json\/wp\/v2\/types\/product"}],"wp:featuredmedia":[{"embeddable":true,"href":"https:\/\/www.outdoors.ee\/et\/wp-json\/wp\/v2\/media\/75572"}],"wp:attachment":[{"href":"https:\/\/www.outdoors.ee\/et\/wp-json\/wp\/v2\/media?parent=59592"}],"wp:term":[{"taxonomy":"product_brand","embeddable":true,"href":"https:\/\/www.outdoors.ee\/et\/wp-json\/wp\/v2\/product_brand?post=59592"},{"taxonomy":"product_cat","embeddable":true,"href":"https:\/\/www.outdoors.ee\/et\/wp-json\/wp\/v2\/product_cat?post=59592"},{"taxonomy":"product_tag","embeddable":true,"href":"https:\/\/www.outdoors.ee\/et\/wp-json\/wp\/v2\/product_tag?post=59592"}],"curies":[{"name":"wp","href":"https:\/\/api.w.org\/{rel}","templated":true}]}}