{"id":59546,"date":"2021-12-09T00:00:00","date_gmt":"2021-12-09T00:00:00","guid":{"rendered":"https:\/\/www.outdoors.ee\/product\/hollandi-armee-termojope-flame-retardant-wool-thermal-jacket\/"},"modified":"2026-01-08T12:09:29","modified_gmt":"2026-01-08T10:09:29","slug":"hollandi-armee-termojope-flame-retardant-wool-thermal-jacket","status":"publish","type":"product","link":"https:\/\/www.outdoors.ee\/et\/toode\/hollandi-armee-termojope-flame-retardant-wool-thermal-jacket\/","title":{"rendered":"Hollandi Armee termojope Flame Retardant Wool Thermal Jacket"},"content":{"rendered":"<p>Hollandi s\u00f5jav\u00e4e originaal, raskelts\u00fcttiv 80%-lise villasisaldusega termojope. Kasutatav nii sooja vahekihina kui ka eraldiseisva jopena kuiva ilmaga.<\/p>\n<p><strong>Omadused<\/strong>:<\/p>\n<ul>\n<li>t\u00e4ispikkuses t\u00f5mblukk<\/li>\n<li>k\u00f5rge kaelus<\/li>\n<li>venivad mansetid n\u00e4puavaga<\/li>\n<li>2 t\u00f5mblukuga taskut ees<\/li>\n<li>materjal: 80% vill 20% pol\u00fcester<\/li>\n<\/ul>\n<p><strong>NATO suuruse t\u00f5lgendamise n\u00e4idis<\/strong>:<\/p>\n<p>6080\/9095 &#8211; pikkus 160-180cm \/ R\u00dc 90-95cm<\/p>\n<p>8000\/0005 &#8211; pikkus 180-200cm \/ R\u00dc 100-105cm<\/p>\n<p><strong>Seisukord<\/strong>:<\/p>\n<ul>\n<li>uus (ilma j\u00e4em\u00fc\u00fcgipakendita, v\u00f5ib sisaldada hulgiladustamise j\u00e4lgi ja\/v\u00f5i kirjasid sildil)<\/li>\n<li>uuev\u00e4\u00e4rne (sisaldab kergeid kulumisj\u00e4lgi)<\/li>\n<li>kasutatud, Grade 1 (sisaldab m\u00f5\u00f5dukaid kulumisj\u00e4lgi, v\u00f5ib sisaldada v\u00e4iksemaid vigastusi)<\/li>\n<\/ul>\n","protected":false},"excerpt":{"rendered":"<p>Hollandi Armee raskelts\u00fcttiv villane termojope, oliivroheline<\/p>\n","protected":false},"featured_media":104620,"template":"","meta":[],"product_brand":[],"product_cat":[2699],"product_tag":[],"class_list":{"0":"post-59546","1":"product","2":"type-product","3":"status-publish","4":"has-post-thumbnail","6":"product_cat-sviitrid-pulloverid","7":"pa_brand-dutch-military-surplus","8":"pa_condition-kasutatud-grade-1","9":"pa_condition-uuevaarne","10":"pa_size-large-long-8000-0005-3","11":"pa_size-large-long-8000-0510-2","12":"pa_size-large-regular-6080-0005-2","13":"pa_size-medium-long-8000-9095-2","14":"pa_size-medium-long-8000-9500-2","15":"pa_size-medium-regular-6080-9095-2","16":"pa_size-medium-regular-6080-9500-2","17":"pa_size-medium-short-5060-9095-2","18":"pa_size-small-regular-6080-8085-2","19":"pa_size-small-regular-6080-8590-2","20":"pa_size-xlarge-regular-7090-1015-2","21":"pa_size-xlarge-regular-7090-2025","22":"pa_size-xxlarge-xlong-9010-2535","24":"first","25":"instock","26":"taxable","27":"shipping-taxable","28":"purchasable","29":"product-type-variable"},"yoast_head":"<!-- This site is optimized with the Yoast SEO plugin v27.2 - https:\/\/yoast.com\/product\/yoast-seo-wordpress\/ -->\n<title>Hollandi Armee termojope Flame Retardant Wool Thermal Jacket - outdoors.ee<\/title>\n<meta name=\"description\" content=\"Hollandi s\u00f5jav\u00e4e originaal, raskelts\u00fcttiv 80%-lise villasisaldusega termojope. Kasutatav nii sooja vahekihina kui ka eraldiseisva jopena kuiva ilmaga. Omadused: t\u00e4ispikkuses t\u00f5mblukk k\u00f5rge kaelus venivad mansetid n\u00e4puavaga 2 t\u00f5mblukuga taskut ees Materjal: 80% vill 20% pol\u00fcester NATO suuruse t\u00f5lgendamise n\u00e4idis: 5060\/9095 - pikkus 150-160cm \/ R\u00dc 90-95cm 8000\/0005 - pikkus 180-200cm \/ R\u00dc 100-105cm Seisukord: kasutatud, heas korras, v\u00f5ib esineda kergeid kulumisj\u00e4lgi \u00a0\" \/>\n<meta name=\"robots\" content=\"index, follow, max-snippet:-1, max-image-preview:large, max-video-preview:-1\" \/>\n<link rel=\"canonical\" href=\"https:\/\/www.outdoors.ee\/et\/toode\/hollandi-armee-termojope-flame-retardant-wool-thermal-jacket\/\" \/>\n<meta property=\"og:locale\" content=\"et_EE\" \/>\n<meta property=\"og:type\" content=\"article\" \/>\n<meta property=\"og:title\" content=\"Hollandi Armee termojope Flame Retardant Wool Thermal Jacket\" \/>\n<meta property=\"og:description\" content=\"Hollandi s\u00f5jav\u00e4e originaal, raskelts\u00fcttiv 80%-lise villasisaldusega termojope. Kasutatav nii sooja vahekihina kui ka eraldiseisva jopena kuiva ilmaga. Omadused: t\u00e4ispikkuses t\u00f5mblukk k\u00f5rge kaelus venivad mansetid n\u00e4puavaga 2 t\u00f5mblukuga taskut ees Materjal: 80% vill 20% pol\u00fcester NATO suuruse t\u00f5lgendamise n\u00e4idis: 5060\/9095 - pikkus 150-160cm \/ R\u00dc 90-95cm 8000\/0005 - pikkus 180-200cm \/ R\u00dc 100-105cm Seisukord: kasutatud, heas korras, v\u00f5ib esineda kergeid kulumisj\u00e4lgi \u00a0\" \/>\n<meta property=\"og:url\" content=\"https:\/\/www.outdoors.ee\/et\/toode\/hollandi-armee-termojope-flame-retardant-wool-thermal-jacket\/\" \/>\n<meta property=\"og:site_name\" content=\"Outdoors\" \/>\n<meta property=\"article:modified_time\" content=\"2026-01-08T10:09:29+00:00\" \/>\n<meta property=\"og:image\" content=\"https:\/\/www.outdoors.ee\/wp-content\/uploads\/2021\/12\/0527-Dutch-Army-Flame-Retardant-Wool-Thermal-Jacket.jpg\" \/>\n\t<meta property=\"og:image:width\" content=\"970\" \/>\n\t<meta property=\"og:image:height\" content=\"1150\" \/>\n\t<meta property=\"og:image:type\" content=\"image\/jpeg\" \/>\n<meta name=\"twitter:card\" content=\"summary_large_image\" \/>\n<meta name=\"twitter:title\" content=\"Hollandi Armee termojope Flame Retardant Wool Thermal Jacket\" \/>\n<meta name=\"twitter:label1\" content=\"Est. reading time\" \/>\n\t<meta name=\"twitter:data1\" content=\"1 minut\" \/>\n<script type=\"application\/ld+json\" class=\"yoast-schema-graph\">{\"@context\":\"https:\/\/schema.org\",\"@graph\":[{\"@type\":\"WebPage\",\"@id\":\"https:\/\/www.outdoors.ee\/et\/toode\/hollandi-armee-termojope-flame-retardant-wool-thermal-jacket\/\",\"url\":\"https:\/\/www.outdoors.ee\/et\/toode\/hollandi-armee-termojope-flame-retardant-wool-thermal-jacket\/\",\"name\":\"Hollandi Armee termojope Flame Retardant Wool Thermal Jacket - outdoors.ee\",\"isPartOf\":{\"@id\":\"https:\/\/www.outdoors.ee\/#website\"},\"primaryImageOfPage\":{\"@id\":\"https:\/\/www.outdoors.ee\/et\/toode\/hollandi-armee-termojope-flame-retardant-wool-thermal-jacket\/#primaryimage\"},\"image\":{\"@id\":\"https:\/\/www.outdoors.ee\/et\/toode\/hollandi-armee-termojope-flame-retardant-wool-thermal-jacket\/#primaryimage\"},\"thumbnailUrl\":\"https:\/\/www.outdoors.ee\/wp-content\/uploads\/2021\/12\/0527-Dutch-Army-Flame-Retardant-Wool-Thermal-Jacket.jpg\",\"datePublished\":\"2021-12-09T00:00:00+00:00\",\"dateModified\":\"2026-01-08T10:09:29+00:00\",\"description\":\"Hollandi s\u00f5jav\u00e4e originaal, raskelts\u00fcttiv 80%-lise villasisaldusega termojope. Kasutatav nii sooja vahekihina kui ka eraldiseisva jopena kuiva ilmaga. Omadused: t\u00e4ispikkuses t\u00f5mblukk k\u00f5rge kaelus venivad mansetid n\u00e4puavaga 2 t\u00f5mblukuga taskut ees Materjal: 80% vill 20% pol\u00fcester NATO suuruse t\u00f5lgendamise n\u00e4idis: 5060\/9095 - pikkus 150-160cm \/ R\u00dc 90-95cm 8000\/0005 - pikkus 180-200cm \/ R\u00dc 100-105cm Seisukord: kasutatud, heas korras, v\u00f5ib esineda kergeid kulumisj\u00e4lgi \u00a0\",\"breadcrumb\":{\"@id\":\"https:\/\/www.outdoors.ee\/et\/toode\/hollandi-armee-termojope-flame-retardant-wool-thermal-jacket\/#breadcrumb\"},\"inLanguage\":\"et\",\"potentialAction\":[{\"@type\":\"ReadAction\",\"target\":[\"https:\/\/www.outdoors.ee\/et\/toode\/hollandi-armee-termojope-flame-retardant-wool-thermal-jacket\/\"]}]},{\"@type\":\"ImageObject\",\"inLanguage\":\"et\",\"@id\":\"https:\/\/www.outdoors.ee\/et\/toode\/hollandi-armee-termojope-flame-retardant-wool-thermal-jacket\/#primaryimage\",\"url\":\"https:\/\/www.outdoors.ee\/wp-content\/uploads\/2021\/12\/0527-Dutch-Army-Flame-Retardant-Wool-Thermal-Jacket.jpg\",\"contentUrl\":\"https:\/\/www.outdoors.ee\/wp-content\/uploads\/2021\/12\/0527-Dutch-Army-Flame-Retardant-Wool-Thermal-Jacket.jpg\",\"width\":970,\"height\":1150},{\"@type\":\"BreadcrumbList\",\"@id\":\"https:\/\/www.outdoors.ee\/et\/toode\/hollandi-armee-termojope-flame-retardant-wool-thermal-jacket\/#breadcrumb\",\"itemListElement\":[{\"@type\":\"ListItem\",\"position\":1,\"name\":\"Home\",\"item\":\"https:\/\/www.outdoors.ee\/et\/\"},{\"@type\":\"ListItem\",\"position\":2,\"name\":\"Tooted\",\"item\":\"https:\/\/www.outdoors.ee\/products\/\"},{\"@type\":\"ListItem\",\"position\":3,\"name\":\"Hollandi Armee termojope Flame Retardant Wool Thermal Jacket\"}]},{\"@type\":\"WebSite\",\"@id\":\"https:\/\/www.outdoors.ee\/#website\",\"url\":\"https:\/\/www.outdoors.ee\/\",\"name\":\"Outdoors\",\"description\":\"Genuine military surplus and not only!\",\"potentialAction\":[{\"@type\":\"SearchAction\",\"target\":{\"@type\":\"EntryPoint\",\"urlTemplate\":\"https:\/\/www.outdoors.ee\/?s={search_term_string}\"},\"query-input\":{\"@type\":\"PropertyValueSpecification\",\"valueRequired\":true,\"valueName\":\"search_term_string\"}}],\"inLanguage\":\"et\"}]}<\/script>\n<!-- \/ Yoast SEO plugin. -->","yoast_head_json":{"title":"Hollandi Armee termojope Flame Retardant Wool Thermal Jacket - outdoors.ee","description":"Hollandi s\u00f5jav\u00e4e originaal, raskelts\u00fcttiv 80%-lise villasisaldusega termojope. Kasutatav nii sooja vahekihina kui ka eraldiseisva jopena kuiva ilmaga. Omadused: t\u00e4ispikkuses t\u00f5mblukk k\u00f5rge kaelus venivad mansetid n\u00e4puavaga 2 t\u00f5mblukuga taskut ees Materjal: 80% vill 20% pol\u00fcester NATO suuruse t\u00f5lgendamise n\u00e4idis: 5060\/9095 - pikkus 150-160cm \/ R\u00dc 90-95cm 8000\/0005 - pikkus 180-200cm \/ R\u00dc 100-105cm Seisukord: kasutatud, heas korras, v\u00f5ib esineda kergeid kulumisj\u00e4lgi \u00a0","robots":{"index":"index","follow":"follow","max-snippet":"max-snippet:-1","max-image-preview":"max-image-preview:large","max-video-preview":"max-video-preview:-1"},"canonical":"https:\/\/www.outdoors.ee\/et\/toode\/hollandi-armee-termojope-flame-retardant-wool-thermal-jacket\/","og_locale":"et_EE","og_type":"article","og_title":"Hollandi Armee termojope Flame Retardant Wool Thermal Jacket","og_description":"Hollandi s\u00f5jav\u00e4e originaal, raskelts\u00fcttiv 80%-lise villasisaldusega termojope. Kasutatav nii sooja vahekihina kui ka eraldiseisva jopena kuiva ilmaga. Omadused: t\u00e4ispikkuses t\u00f5mblukk k\u00f5rge kaelus venivad mansetid n\u00e4puavaga 2 t\u00f5mblukuga taskut ees Materjal: 80% vill 20% pol\u00fcester NATO suuruse t\u00f5lgendamise n\u00e4idis: 5060\/9095 - pikkus 150-160cm \/ R\u00dc 90-95cm 8000\/0005 - pikkus 180-200cm \/ R\u00dc 100-105cm Seisukord: kasutatud, heas korras, v\u00f5ib esineda kergeid kulumisj\u00e4lgi \u00a0","og_url":"https:\/\/www.outdoors.ee\/et\/toode\/hollandi-armee-termojope-flame-retardant-wool-thermal-jacket\/","og_site_name":"Outdoors","article_modified_time":"2026-01-08T10:09:29+00:00","og_image":[{"width":970,"height":1150,"url":"https:\/\/www.outdoors.ee\/wp-content\/uploads\/2021\/12\/0527-Dutch-Army-Flame-Retardant-Wool-Thermal-Jacket.jpg","type":"image\/jpeg"}],"twitter_card":"summary_large_image","twitter_title":"Hollandi Armee termojope Flame Retardant Wool Thermal Jacket","twitter_misc":{"Est. reading time":"1 minut"},"schema":{"@context":"https:\/\/schema.org","@graph":[{"@type":"WebPage","@id":"https:\/\/www.outdoors.ee\/et\/toode\/hollandi-armee-termojope-flame-retardant-wool-thermal-jacket\/","url":"https:\/\/www.outdoors.ee\/et\/toode\/hollandi-armee-termojope-flame-retardant-wool-thermal-jacket\/","name":"Hollandi Armee termojope Flame Retardant Wool Thermal Jacket - outdoors.ee","isPartOf":{"@id":"https:\/\/www.outdoors.ee\/#website"},"primaryImageOfPage":{"@id":"https:\/\/www.outdoors.ee\/et\/toode\/hollandi-armee-termojope-flame-retardant-wool-thermal-jacket\/#primaryimage"},"image":{"@id":"https:\/\/www.outdoors.ee\/et\/toode\/hollandi-armee-termojope-flame-retardant-wool-thermal-jacket\/#primaryimage"},"thumbnailUrl":"https:\/\/www.outdoors.ee\/wp-content\/uploads\/2021\/12\/0527-Dutch-Army-Flame-Retardant-Wool-Thermal-Jacket.jpg","datePublished":"2021-12-09T00:00:00+00:00","dateModified":"2026-01-08T10:09:29+00:00","description":"Hollandi s\u00f5jav\u00e4e originaal, raskelts\u00fcttiv 80%-lise villasisaldusega termojope. Kasutatav nii sooja vahekihina kui ka eraldiseisva jopena kuiva ilmaga. Omadused: t\u00e4ispikkuses t\u00f5mblukk k\u00f5rge kaelus venivad mansetid n\u00e4puavaga 2 t\u00f5mblukuga taskut ees Materjal: 80% vill 20% pol\u00fcester NATO suuruse t\u00f5lgendamise n\u00e4idis: 5060\/9095 - pikkus 150-160cm \/ R\u00dc 90-95cm 8000\/0005 - pikkus 180-200cm \/ R\u00dc 100-105cm Seisukord: kasutatud, heas korras, v\u00f5ib esineda kergeid kulumisj\u00e4lgi \u00a0","breadcrumb":{"@id":"https:\/\/www.outdoors.ee\/et\/toode\/hollandi-armee-termojope-flame-retardant-wool-thermal-jacket\/#breadcrumb"},"inLanguage":"et","potentialAction":[{"@type":"ReadAction","target":["https:\/\/www.outdoors.ee\/et\/toode\/hollandi-armee-termojope-flame-retardant-wool-thermal-jacket\/"]}]},{"@type":"ImageObject","inLanguage":"et","@id":"https:\/\/www.outdoors.ee\/et\/toode\/hollandi-armee-termojope-flame-retardant-wool-thermal-jacket\/#primaryimage","url":"https:\/\/www.outdoors.ee\/wp-content\/uploads\/2021\/12\/0527-Dutch-Army-Flame-Retardant-Wool-Thermal-Jacket.jpg","contentUrl":"https:\/\/www.outdoors.ee\/wp-content\/uploads\/2021\/12\/0527-Dutch-Army-Flame-Retardant-Wool-Thermal-Jacket.jpg","width":970,"height":1150},{"@type":"BreadcrumbList","@id":"https:\/\/www.outdoors.ee\/et\/toode\/hollandi-armee-termojope-flame-retardant-wool-thermal-jacket\/#breadcrumb","itemListElement":[{"@type":"ListItem","position":1,"name":"Home","item":"https:\/\/www.outdoors.ee\/et\/"},{"@type":"ListItem","position":2,"name":"Tooted","item":"https:\/\/www.outdoors.ee\/products\/"},{"@type":"ListItem","position":3,"name":"Hollandi Armee termojope Flame Retardant Wool Thermal Jacket"}]},{"@type":"WebSite","@id":"https:\/\/www.outdoors.ee\/#website","url":"https:\/\/www.outdoors.ee\/","name":"Outdoors","description":"Genuine military surplus and not only!","potentialAction":[{"@type":"SearchAction","target":{"@type":"EntryPoint","urlTemplate":"https:\/\/www.outdoors.ee\/?s={search_term_string}"},"query-input":{"@type":"PropertyValueSpecification","valueRequired":true,"valueName":"search_term_string"}}],"inLanguage":"et"}]}},"_links":{"self":[{"href":"https:\/\/www.outdoors.ee\/et\/wp-json\/wp\/v2\/product\/59546","targetHints":{"allow":["GET"]}}],"collection":[{"href":"https:\/\/www.outdoors.ee\/et\/wp-json\/wp\/v2\/product"}],"about":[{"href":"https:\/\/www.outdoors.ee\/et\/wp-json\/wp\/v2\/types\/product"}],"wp:featuredmedia":[{"embeddable":true,"href":"https:\/\/www.outdoors.ee\/et\/wp-json\/wp\/v2\/media\/104620"}],"wp:attachment":[{"href":"https:\/\/www.outdoors.ee\/et\/wp-json\/wp\/v2\/media?parent=59546"}],"wp:term":[{"taxonomy":"product_brand","embeddable":true,"href":"https:\/\/www.outdoors.ee\/et\/wp-json\/wp\/v2\/product_brand?post=59546"},{"taxonomy":"product_cat","embeddable":true,"href":"https:\/\/www.outdoors.ee\/et\/wp-json\/wp\/v2\/product_cat?post=59546"},{"taxonomy":"product_tag","embeddable":true,"href":"https:\/\/www.outdoors.ee\/et\/wp-json\/wp\/v2\/product_tag?post=59546"}],"curies":[{"name":"wp","href":"https:\/\/api.w.org\/{rel}","templated":true}]}}