{"id":59443,"date":"2021-12-09T00:00:00","date_gmt":"2021-12-09T00:00:00","guid":{"rendered":"https:\/\/www.outdoors.ee\/product\/hollandi-armee-magamiskott-mediumweight\/"},"modified":"2024-08-23T09:15:47","modified_gmt":"2024-08-23T06:15:47","slug":"hollandi-armee-magamiskott-mediumweight","status":"publish","type":"product","link":"https:\/\/www.outdoors.ee\/et\/toode\/hollandi-armee-magamiskott-mediumweight\/","title":{"rendered":"Hollandi Armee magamiskott Mediumweight"},"content":{"rendered":"<p style=\"text-align: justify;\">Hollandi s\u00f5jav\u00e4e kahekihilise struktuuriga, s\u00fcnteetilise soojustusega,\u00a0muumia t\u00fc\u00fcpi\u00a0magamiskott. Magamiskott kuulub modulaars\u00fcsteemi ning on kasutatav koos suvise &#8220;lightweight&#8221; magamiskotiga k\u00fclma ilmastiku tingimustes. Takjapaela abil suletava klapiga kaetud t\u00f5mblukk keskel, kapuutsi pingutusn\u00f6\u00f6r. Komforttemp. kuni -15C.<\/p>\n<p style=\"text-align: justify;\">Magamiskott on m\u00fc\u00fcgil\u00a0koos\u00a0modulaasr\u00fcsteemi kompressioonkotiga (vaata ka seisukorra kirjeldust!). Kuna see kompressioonkott on m\u00f5eldud m\u00f5lema (lightweight ja mediumweight) magamiskoti samaaegseks hoiustamiseks, siis \u00fche jaoks eraldi (eriti lightweight magamiskoti jaoks) j\u00e4\u00e4b see veidi suureks.<\/p>\n<p style=\"text-align: justify;\"><strong>Ligikaudsed m\u00f5\u00f5dud:<\/strong><\/p>\n<p>Suurus M (\u00fcldpikkus &#8211; 200cm, laius jalgade piirkonnas &#8211; 50cm,\u00a0laius \u00f5lgade piirkonnas &#8211; 80cm, kaal &#8211; 1,65kg)<\/p>\n<p>V\u00e4rv v\u00f5ib veidi varjeeruda helerohelisest tumeroheliseni.<\/p>\n<p style=\"text-align: justify;\"><strong>Seisukord:\u00a0<\/strong><\/p>\n<ul>\n<li>uus (ilma j\u00e4em\u00fc\u00fcgipakendita, v\u00f5ib sisaldada hulgiladustamise j\u00e4lgi)<\/li>\n<li>uuev\u00e4\u00e4rne (sisaldab kergeid kulumisj\u00e4lgi, <strong><span style=\"text-decoration: underline;\">ilma<\/span> <\/strong>kompressioonkotita)<\/li>\n<li>kasutatud, Grade 1 (sisaldab kergeid v\u00f5i m\u00f5\u00f5dukaid kulumisj\u00e4lgi, kuid v\u00f5ib esineda v\u00e4iksemaid pealiskihi vigastusi. <strong><span style=\"text-decoration: underline;\">ilma<\/span> <\/strong>kompressioonkotita)<\/li>\n<\/ul>\n<p style=\"text-align: justify;\">\n","protected":false},"excerpt":{"rendered":"<p>Hollandi Armee magamiskott Mediumweight, oliivroheline<\/p>\n","protected":false},"featured_media":65754,"template":"","meta":[],"product_brand":[],"product_cat":[150],"product_tag":[],"class_list":{"0":"post-59443","1":"product","2":"type-product","3":"status-publish","4":"has-post-thumbnail","6":"product_cat-magamisvarustus","7":"pa_brand-dutch-military-surplus","8":"pa_condition-kasutatud-grade-1","9":"pa_condition-uuevaarne","10":"pa_condition-uus","11":"pa_size-l-2","12":"pa_size-m-2","13":"pa_size-xl-2","15":"first","16":"outofstock","17":"taxable","18":"shipping-taxable","19":"purchasable","20":"product-type-variable"},"yoast_head":"<!-- This site is optimized with the Yoast SEO plugin v27.2 - https:\/\/yoast.com\/product\/yoast-seo-wordpress\/ -->\n<title>Hollandi Armee magamiskott Mediumweight - outdoors.ee<\/title>\n<meta name=\"description\" content=\"Hollandi s\u00f5jav\u00e4e kahekihilise struktuuriga, s\u00fcnteetilise soojustusega,\u00a0muumia t\u00fc\u00fcpi\u00a0magamiskott. Magamiskott kuulub modulaars\u00fcsteemi ning on kasutatav koos suvise &quot;lightweight&quot; magamiskotiga k\u00fclma ilmastiku tingimustes. Takjapaela abil suletava klapiga kaetud t\u00f5mblukk keskel, kapuutsi pingutusn\u00f6\u00f6r. Komforttemp. kuni -15C. Magamiskott on m\u00fc\u00fcgil\u00a0koos\u00a0modulaasr\u00fcsteemi kompressioonkotiga (vaata ka seisukorra kirjeldust!). Kuna see kompressioonkott on m\u00f5eldud m\u00f5lema (lightweight ja mediumweight) magamiskoti samaaegseks hoiustamiseks, siis \u00fche jaoks eraldi (eriti lightweight magamiskoti jaoks) j\u00e4\u00e4b see veidi suureks. Ligikaudsed m\u00f5\u00f5dud: Suurus M (\u00fcldpikkus - 200cm, laius jalgade piirkonnas - 50cm,\u00a0laius \u00f5lgade piirkonnas - 80cm, kaal - 1,65kg) V\u00e4rv v\u00f5ib veidi varjeeruda helerohelisest tumeroheliseni. Seisukord:\u00a0 uus (v\u00f5ib sisaldada hulgiladustamise j\u00e4lgi ning kirjeid sildil) uuev\u00e4\u00e4rne (sisaldab minimaalseid kulumisj\u00e4lgi) kasutatud, Grade 1 (sisaldab vaid kergeid v\u00f5i m\u00f5\u00f5dukaid kulumisj\u00e4lgi, kuid v\u00f5ib esineda v\u00e4iksemaid pealiskihi vigastusi. selle seisukorra puhul ei tule kompressioonikott\u00a0magamiskotiga kaasa) \u00a0\" \/>\n<meta name=\"robots\" content=\"index, follow, max-snippet:-1, max-image-preview:large, max-video-preview:-1\" \/>\n<link rel=\"canonical\" href=\"https:\/\/www.outdoors.ee\/et\/toode\/hollandi-armee-magamiskott-mediumweight\/\" \/>\n<meta property=\"og:locale\" content=\"et_EE\" \/>\n<meta property=\"og:type\" content=\"article\" \/>\n<meta property=\"og:title\" content=\"Hollandi Armee magamiskott Mediumweight\" \/>\n<meta property=\"og:description\" content=\"Hollandi s\u00f5jav\u00e4e kahekihilise struktuuriga, s\u00fcnteetilise soojustusega,\u00a0muumia t\u00fc\u00fcpi\u00a0magamiskott. Magamiskott kuulub modulaars\u00fcsteemi ning on kasutatav koos suvise &quot;lightweight&quot; magamiskotiga k\u00fclma ilmastiku tingimustes. Takjapaela abil suletava klapiga kaetud t\u00f5mblukk keskel, kapuutsi pingutusn\u00f6\u00f6r. Komforttemp. kuni -15C. Magamiskott on m\u00fc\u00fcgil\u00a0koos\u00a0modulaasr\u00fcsteemi kompressioonkotiga (vaata ka seisukorra kirjeldust!). Kuna see kompressioonkott on m\u00f5eldud m\u00f5lema (lightweight ja mediumweight) magamiskoti samaaegseks hoiustamiseks, siis \u00fche jaoks eraldi (eriti lightweight magamiskoti jaoks) j\u00e4\u00e4b see veidi suureks. Ligikaudsed m\u00f5\u00f5dud: Suurus M (\u00fcldpikkus - 200cm, laius jalgade piirkonnas - 50cm,\u00a0laius \u00f5lgade piirkonnas - 80cm, kaal - 1,65kg) V\u00e4rv v\u00f5ib veidi varjeeruda helerohelisest tumeroheliseni. Seisukord:\u00a0 uus (v\u00f5ib sisaldada hulgiladustamise j\u00e4lgi ning kirjeid sildil) uuev\u00e4\u00e4rne (sisaldab minimaalseid kulumisj\u00e4lgi) kasutatud, Grade 1 (sisaldab vaid kergeid v\u00f5i m\u00f5\u00f5dukaid kulumisj\u00e4lgi, kuid v\u00f5ib esineda v\u00e4iksemaid pealiskihi vigastusi. selle seisukorra puhul ei tule kompressioonikott\u00a0magamiskotiga kaasa) \u00a0\" \/>\n<meta property=\"og:url\" content=\"https:\/\/www.outdoors.ee\/et\/toode\/hollandi-armee-magamiskott-mediumweight\/\" \/>\n<meta property=\"og:site_name\" content=\"Outdoors\" \/>\n<meta property=\"article:modified_time\" content=\"2024-08-23T06:15:47+00:00\" \/>\n<meta property=\"og:image\" content=\"https:\/\/www.outdoors.ee\/wp-content\/uploads\/2021\/12\/0509-Dutch-Army-Mediumweight-Sleeping-Bag.png\" \/>\n\t<meta property=\"og:image:width\" content=\"475\" \/>\n\t<meta property=\"og:image:height\" content=\"526\" \/>\n\t<meta property=\"og:image:type\" content=\"image\/png\" \/>\n<meta name=\"twitter:card\" content=\"summary_large_image\" \/>\n<meta name=\"twitter:title\" content=\"Hollandi Armee magamiskott Mediumweight\" \/>\n<meta name=\"twitter:label1\" content=\"Est. reading time\" \/>\n\t<meta name=\"twitter:data1\" content=\"1 minut\" \/>\n<script type=\"application\/ld+json\" class=\"yoast-schema-graph\">{\"@context\":\"https:\/\/schema.org\",\"@graph\":[{\"@type\":\"WebPage\",\"@id\":\"https:\/\/www.outdoors.ee\/et\/toode\/hollandi-armee-magamiskott-mediumweight\/\",\"url\":\"https:\/\/www.outdoors.ee\/et\/toode\/hollandi-armee-magamiskott-mediumweight\/\",\"name\":\"Hollandi Armee magamiskott Mediumweight - outdoors.ee\",\"isPartOf\":{\"@id\":\"https:\/\/www.outdoors.ee\/#website\"},\"primaryImageOfPage\":{\"@id\":\"https:\/\/www.outdoors.ee\/et\/toode\/hollandi-armee-magamiskott-mediumweight\/#primaryimage\"},\"image\":{\"@id\":\"https:\/\/www.outdoors.ee\/et\/toode\/hollandi-armee-magamiskott-mediumweight\/#primaryimage\"},\"thumbnailUrl\":\"https:\/\/www.outdoors.ee\/wp-content\/uploads\/2021\/12\/0509-Dutch-Army-Mediumweight-Sleeping-Bag.png\",\"datePublished\":\"2021-12-09T00:00:00+00:00\",\"dateModified\":\"2024-08-23T06:15:47+00:00\",\"description\":\"Hollandi s\u00f5jav\u00e4e kahekihilise struktuuriga, s\u00fcnteetilise soojustusega,\u00a0muumia t\u00fc\u00fcpi\u00a0magamiskott. Magamiskott kuulub modulaars\u00fcsteemi ning on kasutatav koos suvise \\\"lightweight\\\" magamiskotiga k\u00fclma ilmastiku tingimustes. Takjapaela abil suletava klapiga kaetud t\u00f5mblukk keskel, kapuutsi pingutusn\u00f6\u00f6r. Komforttemp. kuni -15C. Magamiskott on m\u00fc\u00fcgil\u00a0koos\u00a0modulaasr\u00fcsteemi kompressioonkotiga (vaata ka seisukorra kirjeldust!). Kuna see kompressioonkott on m\u00f5eldud m\u00f5lema (lightweight ja mediumweight) magamiskoti samaaegseks hoiustamiseks, siis \u00fche jaoks eraldi (eriti lightweight magamiskoti jaoks) j\u00e4\u00e4b see veidi suureks. Ligikaudsed m\u00f5\u00f5dud: Suurus M (\u00fcldpikkus - 200cm, laius jalgade piirkonnas - 50cm,\u00a0laius \u00f5lgade piirkonnas - 80cm, kaal - 1,65kg) V\u00e4rv v\u00f5ib veidi varjeeruda helerohelisest tumeroheliseni. Seisukord:\u00a0 uus (v\u00f5ib sisaldada hulgiladustamise j\u00e4lgi ning kirjeid sildil) uuev\u00e4\u00e4rne (sisaldab minimaalseid kulumisj\u00e4lgi) kasutatud, Grade 1 (sisaldab vaid kergeid v\u00f5i m\u00f5\u00f5dukaid kulumisj\u00e4lgi, kuid v\u00f5ib esineda v\u00e4iksemaid pealiskihi vigastusi. selle seisukorra puhul ei tule kompressioonikott\u00a0magamiskotiga kaasa) \u00a0\",\"breadcrumb\":{\"@id\":\"https:\/\/www.outdoors.ee\/et\/toode\/hollandi-armee-magamiskott-mediumweight\/#breadcrumb\"},\"inLanguage\":\"et\",\"potentialAction\":[{\"@type\":\"ReadAction\",\"target\":[\"https:\/\/www.outdoors.ee\/et\/toode\/hollandi-armee-magamiskott-mediumweight\/\"]}]},{\"@type\":\"ImageObject\",\"inLanguage\":\"et\",\"@id\":\"https:\/\/www.outdoors.ee\/et\/toode\/hollandi-armee-magamiskott-mediumweight\/#primaryimage\",\"url\":\"https:\/\/www.outdoors.ee\/wp-content\/uploads\/2021\/12\/0509-Dutch-Army-Mediumweight-Sleeping-Bag.png\",\"contentUrl\":\"https:\/\/www.outdoors.ee\/wp-content\/uploads\/2021\/12\/0509-Dutch-Army-Mediumweight-Sleeping-Bag.png\",\"width\":475,\"height\":526},{\"@type\":\"BreadcrumbList\",\"@id\":\"https:\/\/www.outdoors.ee\/et\/toode\/hollandi-armee-magamiskott-mediumweight\/#breadcrumb\",\"itemListElement\":[{\"@type\":\"ListItem\",\"position\":1,\"name\":\"Home\",\"item\":\"https:\/\/www.outdoors.ee\/et\/\"},{\"@type\":\"ListItem\",\"position\":2,\"name\":\"Tooted\",\"item\":\"https:\/\/www.outdoors.ee\/products\/\"},{\"@type\":\"ListItem\",\"position\":3,\"name\":\"Hollandi Armee magamiskott Mediumweight\"}]},{\"@type\":\"WebSite\",\"@id\":\"https:\/\/www.outdoors.ee\/#website\",\"url\":\"https:\/\/www.outdoors.ee\/\",\"name\":\"Outdoors\",\"description\":\"Genuine military surplus and not only!\",\"potentialAction\":[{\"@type\":\"SearchAction\",\"target\":{\"@type\":\"EntryPoint\",\"urlTemplate\":\"https:\/\/www.outdoors.ee\/?s={search_term_string}\"},\"query-input\":{\"@type\":\"PropertyValueSpecification\",\"valueRequired\":true,\"valueName\":\"search_term_string\"}}],\"inLanguage\":\"et\"}]}<\/script>\n<!-- \/ Yoast SEO plugin. -->","yoast_head_json":{"title":"Hollandi Armee magamiskott Mediumweight - outdoors.ee","description":"Hollandi s\u00f5jav\u00e4e kahekihilise struktuuriga, s\u00fcnteetilise soojustusega,\u00a0muumia t\u00fc\u00fcpi\u00a0magamiskott. Magamiskott kuulub modulaars\u00fcsteemi ning on kasutatav koos suvise \"lightweight\" magamiskotiga k\u00fclma ilmastiku tingimustes. Takjapaela abil suletava klapiga kaetud t\u00f5mblukk keskel, kapuutsi pingutusn\u00f6\u00f6r. Komforttemp. kuni -15C. Magamiskott on m\u00fc\u00fcgil\u00a0koos\u00a0modulaasr\u00fcsteemi kompressioonkotiga (vaata ka seisukorra kirjeldust!). Kuna see kompressioonkott on m\u00f5eldud m\u00f5lema (lightweight ja mediumweight) magamiskoti samaaegseks hoiustamiseks, siis \u00fche jaoks eraldi (eriti lightweight magamiskoti jaoks) j\u00e4\u00e4b see veidi suureks. Ligikaudsed m\u00f5\u00f5dud: Suurus M (\u00fcldpikkus - 200cm, laius jalgade piirkonnas - 50cm,\u00a0laius \u00f5lgade piirkonnas - 80cm, kaal - 1,65kg) V\u00e4rv v\u00f5ib veidi varjeeruda helerohelisest tumeroheliseni. Seisukord:\u00a0 uus (v\u00f5ib sisaldada hulgiladustamise j\u00e4lgi ning kirjeid sildil) uuev\u00e4\u00e4rne (sisaldab minimaalseid kulumisj\u00e4lgi) kasutatud, Grade 1 (sisaldab vaid kergeid v\u00f5i m\u00f5\u00f5dukaid kulumisj\u00e4lgi, kuid v\u00f5ib esineda v\u00e4iksemaid pealiskihi vigastusi. selle seisukorra puhul ei tule kompressioonikott\u00a0magamiskotiga kaasa) \u00a0","robots":{"index":"index","follow":"follow","max-snippet":"max-snippet:-1","max-image-preview":"max-image-preview:large","max-video-preview":"max-video-preview:-1"},"canonical":"https:\/\/www.outdoors.ee\/et\/toode\/hollandi-armee-magamiskott-mediumweight\/","og_locale":"et_EE","og_type":"article","og_title":"Hollandi Armee magamiskott Mediumweight","og_description":"Hollandi s\u00f5jav\u00e4e kahekihilise struktuuriga, s\u00fcnteetilise soojustusega,\u00a0muumia t\u00fc\u00fcpi\u00a0magamiskott. Magamiskott kuulub modulaars\u00fcsteemi ning on kasutatav koos suvise \"lightweight\" magamiskotiga k\u00fclma ilmastiku tingimustes. Takjapaela abil suletava klapiga kaetud t\u00f5mblukk keskel, kapuutsi pingutusn\u00f6\u00f6r. Komforttemp. kuni -15C. Magamiskott on m\u00fc\u00fcgil\u00a0koos\u00a0modulaasr\u00fcsteemi kompressioonkotiga (vaata ka seisukorra kirjeldust!). Kuna see kompressioonkott on m\u00f5eldud m\u00f5lema (lightweight ja mediumweight) magamiskoti samaaegseks hoiustamiseks, siis \u00fche jaoks eraldi (eriti lightweight magamiskoti jaoks) j\u00e4\u00e4b see veidi suureks. Ligikaudsed m\u00f5\u00f5dud: Suurus M (\u00fcldpikkus - 200cm, laius jalgade piirkonnas - 50cm,\u00a0laius \u00f5lgade piirkonnas - 80cm, kaal - 1,65kg) V\u00e4rv v\u00f5ib veidi varjeeruda helerohelisest tumeroheliseni. Seisukord:\u00a0 uus (v\u00f5ib sisaldada hulgiladustamise j\u00e4lgi ning kirjeid sildil) uuev\u00e4\u00e4rne (sisaldab minimaalseid kulumisj\u00e4lgi) kasutatud, Grade 1 (sisaldab vaid kergeid v\u00f5i m\u00f5\u00f5dukaid kulumisj\u00e4lgi, kuid v\u00f5ib esineda v\u00e4iksemaid pealiskihi vigastusi. selle seisukorra puhul ei tule kompressioonikott\u00a0magamiskotiga kaasa) \u00a0","og_url":"https:\/\/www.outdoors.ee\/et\/toode\/hollandi-armee-magamiskott-mediumweight\/","og_site_name":"Outdoors","article_modified_time":"2024-08-23T06:15:47+00:00","og_image":[{"width":475,"height":526,"url":"https:\/\/www.outdoors.ee\/wp-content\/uploads\/2021\/12\/0509-Dutch-Army-Mediumweight-Sleeping-Bag.png","type":"image\/png"}],"twitter_card":"summary_large_image","twitter_title":"Hollandi Armee magamiskott Mediumweight","twitter_misc":{"Est. reading time":"1 minut"},"schema":{"@context":"https:\/\/schema.org","@graph":[{"@type":"WebPage","@id":"https:\/\/www.outdoors.ee\/et\/toode\/hollandi-armee-magamiskott-mediumweight\/","url":"https:\/\/www.outdoors.ee\/et\/toode\/hollandi-armee-magamiskott-mediumweight\/","name":"Hollandi Armee magamiskott Mediumweight - outdoors.ee","isPartOf":{"@id":"https:\/\/www.outdoors.ee\/#website"},"primaryImageOfPage":{"@id":"https:\/\/www.outdoors.ee\/et\/toode\/hollandi-armee-magamiskott-mediumweight\/#primaryimage"},"image":{"@id":"https:\/\/www.outdoors.ee\/et\/toode\/hollandi-armee-magamiskott-mediumweight\/#primaryimage"},"thumbnailUrl":"https:\/\/www.outdoors.ee\/wp-content\/uploads\/2021\/12\/0509-Dutch-Army-Mediumweight-Sleeping-Bag.png","datePublished":"2021-12-09T00:00:00+00:00","dateModified":"2024-08-23T06:15:47+00:00","description":"Hollandi s\u00f5jav\u00e4e kahekihilise struktuuriga, s\u00fcnteetilise soojustusega,\u00a0muumia t\u00fc\u00fcpi\u00a0magamiskott. Magamiskott kuulub modulaars\u00fcsteemi ning on kasutatav koos suvise \"lightweight\" magamiskotiga k\u00fclma ilmastiku tingimustes. Takjapaela abil suletava klapiga kaetud t\u00f5mblukk keskel, kapuutsi pingutusn\u00f6\u00f6r. Komforttemp. kuni -15C. Magamiskott on m\u00fc\u00fcgil\u00a0koos\u00a0modulaasr\u00fcsteemi kompressioonkotiga (vaata ka seisukorra kirjeldust!). Kuna see kompressioonkott on m\u00f5eldud m\u00f5lema (lightweight ja mediumweight) magamiskoti samaaegseks hoiustamiseks, siis \u00fche jaoks eraldi (eriti lightweight magamiskoti jaoks) j\u00e4\u00e4b see veidi suureks. Ligikaudsed m\u00f5\u00f5dud: Suurus M (\u00fcldpikkus - 200cm, laius jalgade piirkonnas - 50cm,\u00a0laius \u00f5lgade piirkonnas - 80cm, kaal - 1,65kg) V\u00e4rv v\u00f5ib veidi varjeeruda helerohelisest tumeroheliseni. Seisukord:\u00a0 uus (v\u00f5ib sisaldada hulgiladustamise j\u00e4lgi ning kirjeid sildil) uuev\u00e4\u00e4rne (sisaldab minimaalseid kulumisj\u00e4lgi) kasutatud, Grade 1 (sisaldab vaid kergeid v\u00f5i m\u00f5\u00f5dukaid kulumisj\u00e4lgi, kuid v\u00f5ib esineda v\u00e4iksemaid pealiskihi vigastusi. selle seisukorra puhul ei tule kompressioonikott\u00a0magamiskotiga kaasa) \u00a0","breadcrumb":{"@id":"https:\/\/www.outdoors.ee\/et\/toode\/hollandi-armee-magamiskott-mediumweight\/#breadcrumb"},"inLanguage":"et","potentialAction":[{"@type":"ReadAction","target":["https:\/\/www.outdoors.ee\/et\/toode\/hollandi-armee-magamiskott-mediumweight\/"]}]},{"@type":"ImageObject","inLanguage":"et","@id":"https:\/\/www.outdoors.ee\/et\/toode\/hollandi-armee-magamiskott-mediumweight\/#primaryimage","url":"https:\/\/www.outdoors.ee\/wp-content\/uploads\/2021\/12\/0509-Dutch-Army-Mediumweight-Sleeping-Bag.png","contentUrl":"https:\/\/www.outdoors.ee\/wp-content\/uploads\/2021\/12\/0509-Dutch-Army-Mediumweight-Sleeping-Bag.png","width":475,"height":526},{"@type":"BreadcrumbList","@id":"https:\/\/www.outdoors.ee\/et\/toode\/hollandi-armee-magamiskott-mediumweight\/#breadcrumb","itemListElement":[{"@type":"ListItem","position":1,"name":"Home","item":"https:\/\/www.outdoors.ee\/et\/"},{"@type":"ListItem","position":2,"name":"Tooted","item":"https:\/\/www.outdoors.ee\/products\/"},{"@type":"ListItem","position":3,"name":"Hollandi Armee magamiskott Mediumweight"}]},{"@type":"WebSite","@id":"https:\/\/www.outdoors.ee\/#website","url":"https:\/\/www.outdoors.ee\/","name":"Outdoors","description":"Genuine military surplus and not only!","potentialAction":[{"@type":"SearchAction","target":{"@type":"EntryPoint","urlTemplate":"https:\/\/www.outdoors.ee\/?s={search_term_string}"},"query-input":{"@type":"PropertyValueSpecification","valueRequired":true,"valueName":"search_term_string"}}],"inLanguage":"et"}]}},"_links":{"self":[{"href":"https:\/\/www.outdoors.ee\/et\/wp-json\/wp\/v2\/product\/59443","targetHints":{"allow":["GET"]}}],"collection":[{"href":"https:\/\/www.outdoors.ee\/et\/wp-json\/wp\/v2\/product"}],"about":[{"href":"https:\/\/www.outdoors.ee\/et\/wp-json\/wp\/v2\/types\/product"}],"wp:featuredmedia":[{"embeddable":true,"href":"https:\/\/www.outdoors.ee\/et\/wp-json\/wp\/v2\/media\/65754"}],"wp:attachment":[{"href":"https:\/\/www.outdoors.ee\/et\/wp-json\/wp\/v2\/media?parent=59443"}],"wp:term":[{"taxonomy":"product_brand","embeddable":true,"href":"https:\/\/www.outdoors.ee\/et\/wp-json\/wp\/v2\/product_brand?post=59443"},{"taxonomy":"product_cat","embeddable":true,"href":"https:\/\/www.outdoors.ee\/et\/wp-json\/wp\/v2\/product_cat?post=59443"},{"taxonomy":"product_tag","embeddable":true,"href":"https:\/\/www.outdoors.ee\/et\/wp-json\/wp\/v2\/product_tag?post=59443"}],"curies":[{"name":"wp","href":"https:\/\/api.w.org\/{rel}","templated":true}]}}