{"id":59426,"date":"2021-12-09T00:00:00","date_gmt":"2021-12-09T00:00:00","guid":{"rendered":"https:\/\/www.outdoors.ee\/product\/hollandi-armee-taktikaline-molle-vest-taskutega-olive\/"},"modified":"2026-04-17T20:14:05","modified_gmt":"2026-04-17T17:14:05","slug":"hollandi-armee-taktikaline-molle-vest-olive","status":"publish","type":"product","link":"https:\/\/www.outdoors.ee\/et\/toode\/hollandi-armee-taktikaline-molle-vest-olive\/","title":{"rendered":"Hollandi Armee taktikaline Molle vest Olive"},"content":{"rendered":"<p style=\"text-align: justify\">Hollandi s\u00f5jav\u00e4e taktikaline vest reguleeritava suurusega (pikkus\/laius) ja kahe t\u00f5mblukuga suletava sisetaskuga.<\/p>\n<p style=\"text-align: justify\"><strong>Seisukord:<\/strong><\/p>\n<ul>\n<li style=\"text-align: justify\">uus (v\u00f5ib sisaldada hulgiladustamise j\u00e4lgi)<\/li>\n<li style=\"text-align: justify\">uuev\u00e4\u00e4rne (sisaldab minimaalseid kulumisj\u00e4lgi)<\/li>\n<li style=\"text-align: justify\">kasutatud, Grade 1 (sisaldab m\u00f5\u00f5dukaid kulumisj\u00e4lgi, v\u00f5ib sisaldada v\u00e4iksemaid vigastusi)<\/li>\n<\/ul>\n","protected":false},"excerpt":{"rendered":"<p>Hollandi Armee taktikaline Molle vest, oliivroheline<\/p>\n","protected":false},"featured_media":18034,"template":"","meta":[],"product_brand":[],"product_cat":[149],"product_tag":[],"class_list":{"0":"post-59426","1":"product","2":"type-product","3":"status-publish","4":"has-post-thumbnail","6":"product_cat-taktikaline-varustus","7":"pa_brand-dutch-military-surplus","8":"pa_condition-uuevaarne","9":"pa_condition-uus","10":"pa_size-l-2","11":"pa_size-m-2","12":"pa_size-xl-2","14":"first","15":"instock","16":"taxable","17":"shipping-taxable","18":"purchasable","19":"product-type-variable"},"yoast_head":"<!-- This site is optimized with the Yoast SEO plugin v27.2 - https:\/\/yoast.com\/product\/yoast-seo-wordpress\/ -->\n<title>Hollandi Armee taktikaline Molle vest taskutega, Olive - outdoors.ee<\/title>\n<meta name=\"description\" content=\"Originaalne Hollandi s\u00f5jav\u00e4e metsalaigus Molle vest reguleeritava suurusega (pikkus\/laius) ja kahe t\u00f5mblukuga suletava sisetaskuga. NB! Vestiga tuleb kaasa v\u00e4hemalt 7 erineva suurusega molle taskut Hollandi s\u00f5jav\u00e4e metsalaigus. S\u00f5ltumata vesti seisukorrast kaasa tulevad peamiselt kasutatud taskud. N\u00e4idiskomplekti n\u00e4eb viimasel pildil. Reeglina on kaasas 4 suuremat (sap\u00f6\u00f6rilabidatasku, salvetaskud) ning 3 v\u00e4iksemat (p\u00fcstolisalve-, granaaditaskud jne). Taskuid valida ei saa. Seisukord: uus (v\u00f5ib sisaldada hulgiladustamise j\u00e4lgi) uuev\u00e4\u00e4rne (sisaldab minimaalseid kulumisj\u00e4lgi) kasutatud, Grade 1 (sisaldab m\u00f5\u00f5dukaid kulumism\u00e4rke, heas korras)\" \/>\n<meta name=\"robots\" content=\"index, follow, max-snippet:-1, max-image-preview:large, max-video-preview:-1\" \/>\n<link rel=\"canonical\" href=\"https:\/\/www.outdoors.ee\/et\/toode\/hollandi-armee-taktikaline-molle-vest-olive\/\" \/>\n<meta property=\"og:locale\" content=\"et_EE\" \/>\n<meta property=\"og:type\" content=\"article\" \/>\n<meta property=\"og:title\" content=\"Hollandi Armee taktikaline Molle vest taskutega, Olive\" \/>\n<meta property=\"og:description\" content=\"Originaalne Hollandi s\u00f5jav\u00e4e metsalaigus Molle vest reguleeritava suurusega (pikkus\/laius) ja kahe t\u00f5mblukuga suletava sisetaskuga. NB! Vestiga tuleb kaasa v\u00e4hemalt 7 erineva suurusega molle taskut Hollandi s\u00f5jav\u00e4e metsalaigus. S\u00f5ltumata vesti seisukorrast kaasa tulevad peamiselt kasutatud taskud. N\u00e4idiskomplekti n\u00e4eb viimasel pildil. Reeglina on kaasas 4 suuremat (sap\u00f6\u00f6rilabidatasku, salvetaskud) ning 3 v\u00e4iksemat (p\u00fcstolisalve-, granaaditaskud jne). Taskuid valida ei saa. Seisukord: uus (v\u00f5ib sisaldada hulgiladustamise j\u00e4lgi) uuev\u00e4\u00e4rne (sisaldab minimaalseid kulumisj\u00e4lgi) kasutatud, Grade 1 (sisaldab m\u00f5\u00f5dukaid kulumism\u00e4rke, heas korras)\" \/>\n<meta property=\"og:url\" content=\"https:\/\/www.outdoors.ee\/et\/toode\/hollandi-armee-taktikaline-molle-vest-olive\/\" \/>\n<meta property=\"og:site_name\" content=\"Outdoors\" \/>\n<meta property=\"article:modified_time\" content=\"2026-04-17T17:14:05+00:00\" \/>\n<meta property=\"og:image\" content=\"https:\/\/www.outdoors.ee\/wp-content\/uploads\/2021\/09\/0505-Dutch-Tactical-Modular-Vest-black-OD-2.jpg\" \/>\n\t<meta property=\"og:image:width\" content=\"500\" \/>\n\t<meta property=\"og:image:height\" content=\"623\" \/>\n\t<meta property=\"og:image:type\" content=\"image\/jpeg\" \/>\n<meta name=\"twitter:card\" content=\"summary_large_image\" \/>\n<meta name=\"twitter:title\" content=\"Hollandi Armee taktikaline Molle vest taskutega, Olive\" \/>\n<meta name=\"twitter:label1\" content=\"Est. reading time\" \/>\n\t<meta name=\"twitter:data1\" content=\"1 minut\" \/>\n<script type=\"application\/ld+json\" class=\"yoast-schema-graph\">{\"@context\":\"https:\/\/schema.org\",\"@graph\":[{\"@type\":\"WebPage\",\"@id\":\"https:\/\/www.outdoors.ee\/et\/toode\/hollandi-armee-taktikaline-molle-vest-olive\/\",\"url\":\"https:\/\/www.outdoors.ee\/et\/toode\/hollandi-armee-taktikaline-molle-vest-olive\/\",\"name\":\"Hollandi Armee taktikaline Molle vest taskutega, Olive - outdoors.ee\",\"isPartOf\":{\"@id\":\"https:\/\/www.outdoors.ee\/#website\"},\"primaryImageOfPage\":{\"@id\":\"https:\/\/www.outdoors.ee\/et\/toode\/hollandi-armee-taktikaline-molle-vest-olive\/#primaryimage\"},\"image\":{\"@id\":\"https:\/\/www.outdoors.ee\/et\/toode\/hollandi-armee-taktikaline-molle-vest-olive\/#primaryimage\"},\"thumbnailUrl\":\"https:\/\/www.outdoors.ee\/wp-content\/uploads\/2021\/09\/0505-Dutch-Tactical-Modular-Vest-black-OD-2.jpg\",\"datePublished\":\"2021-12-09T00:00:00+00:00\",\"dateModified\":\"2026-04-17T17:14:05+00:00\",\"description\":\"Originaalne Hollandi s\u00f5jav\u00e4e metsalaigus Molle vest reguleeritava suurusega (pikkus\/laius) ja kahe t\u00f5mblukuga suletava sisetaskuga. NB! Vestiga tuleb kaasa v\u00e4hemalt 7 erineva suurusega molle taskut Hollandi s\u00f5jav\u00e4e metsalaigus. S\u00f5ltumata vesti seisukorrast kaasa tulevad peamiselt kasutatud taskud. N\u00e4idiskomplekti n\u00e4eb viimasel pildil. Reeglina on kaasas 4 suuremat (sap\u00f6\u00f6rilabidatasku, salvetaskud) ning 3 v\u00e4iksemat (p\u00fcstolisalve-, granaaditaskud jne). Taskuid valida ei saa. Seisukord: uus (v\u00f5ib sisaldada hulgiladustamise j\u00e4lgi) uuev\u00e4\u00e4rne (sisaldab minimaalseid kulumisj\u00e4lgi) kasutatud, Grade 1 (sisaldab m\u00f5\u00f5dukaid kulumism\u00e4rke, heas korras)\",\"breadcrumb\":{\"@id\":\"https:\/\/www.outdoors.ee\/et\/toode\/hollandi-armee-taktikaline-molle-vest-olive\/#breadcrumb\"},\"inLanguage\":\"et\",\"potentialAction\":[{\"@type\":\"ReadAction\",\"target\":[\"https:\/\/www.outdoors.ee\/et\/toode\/hollandi-armee-taktikaline-molle-vest-olive\/\"]}]},{\"@type\":\"ImageObject\",\"inLanguage\":\"et\",\"@id\":\"https:\/\/www.outdoors.ee\/et\/toode\/hollandi-armee-taktikaline-molle-vest-olive\/#primaryimage\",\"url\":\"https:\/\/www.outdoors.ee\/wp-content\/uploads\/2021\/09\/0505-Dutch-Tactical-Modular-Vest-black-OD-2.jpg\",\"contentUrl\":\"https:\/\/www.outdoors.ee\/wp-content\/uploads\/2021\/09\/0505-Dutch-Tactical-Modular-Vest-black-OD-2.jpg\",\"width\":500,\"height\":623},{\"@type\":\"BreadcrumbList\",\"@id\":\"https:\/\/www.outdoors.ee\/et\/toode\/hollandi-armee-taktikaline-molle-vest-olive\/#breadcrumb\",\"itemListElement\":[{\"@type\":\"ListItem\",\"position\":1,\"name\":\"Home\",\"item\":\"https:\/\/www.outdoors.ee\/et\/\"},{\"@type\":\"ListItem\",\"position\":2,\"name\":\"Tooted\",\"item\":\"https:\/\/www.outdoors.ee\/products\/\"},{\"@type\":\"ListItem\",\"position\":3,\"name\":\"Hollandi Armee taktikaline Molle vest Olive\"}]},{\"@type\":\"WebSite\",\"@id\":\"https:\/\/www.outdoors.ee\/#website\",\"url\":\"https:\/\/www.outdoors.ee\/\",\"name\":\"Outdoors\",\"description\":\"Genuine military surplus and not only!\",\"potentialAction\":[{\"@type\":\"SearchAction\",\"target\":{\"@type\":\"EntryPoint\",\"urlTemplate\":\"https:\/\/www.outdoors.ee\/?s={search_term_string}\"},\"query-input\":{\"@type\":\"PropertyValueSpecification\",\"valueRequired\":true,\"valueName\":\"search_term_string\"}}],\"inLanguage\":\"et\"}]}<\/script>\n<!-- \/ Yoast SEO plugin. -->","yoast_head_json":{"title":"Hollandi Armee taktikaline Molle vest taskutega, Olive - outdoors.ee","description":"Originaalne Hollandi s\u00f5jav\u00e4e metsalaigus Molle vest reguleeritava suurusega (pikkus\/laius) ja kahe t\u00f5mblukuga suletava sisetaskuga. NB! Vestiga tuleb kaasa v\u00e4hemalt 7 erineva suurusega molle taskut Hollandi s\u00f5jav\u00e4e metsalaigus. S\u00f5ltumata vesti seisukorrast kaasa tulevad peamiselt kasutatud taskud. N\u00e4idiskomplekti n\u00e4eb viimasel pildil. Reeglina on kaasas 4 suuremat (sap\u00f6\u00f6rilabidatasku, salvetaskud) ning 3 v\u00e4iksemat (p\u00fcstolisalve-, granaaditaskud jne). Taskuid valida ei saa. Seisukord: uus (v\u00f5ib sisaldada hulgiladustamise j\u00e4lgi) uuev\u00e4\u00e4rne (sisaldab minimaalseid kulumisj\u00e4lgi) kasutatud, Grade 1 (sisaldab m\u00f5\u00f5dukaid kulumism\u00e4rke, heas korras)","robots":{"index":"index","follow":"follow","max-snippet":"max-snippet:-1","max-image-preview":"max-image-preview:large","max-video-preview":"max-video-preview:-1"},"canonical":"https:\/\/www.outdoors.ee\/et\/toode\/hollandi-armee-taktikaline-molle-vest-olive\/","og_locale":"et_EE","og_type":"article","og_title":"Hollandi Armee taktikaline Molle vest taskutega, Olive","og_description":"Originaalne Hollandi s\u00f5jav\u00e4e metsalaigus Molle vest reguleeritava suurusega (pikkus\/laius) ja kahe t\u00f5mblukuga suletava sisetaskuga. NB! Vestiga tuleb kaasa v\u00e4hemalt 7 erineva suurusega molle taskut Hollandi s\u00f5jav\u00e4e metsalaigus. S\u00f5ltumata vesti seisukorrast kaasa tulevad peamiselt kasutatud taskud. N\u00e4idiskomplekti n\u00e4eb viimasel pildil. Reeglina on kaasas 4 suuremat (sap\u00f6\u00f6rilabidatasku, salvetaskud) ning 3 v\u00e4iksemat (p\u00fcstolisalve-, granaaditaskud jne). Taskuid valida ei saa. Seisukord: uus (v\u00f5ib sisaldada hulgiladustamise j\u00e4lgi) uuev\u00e4\u00e4rne (sisaldab minimaalseid kulumisj\u00e4lgi) kasutatud, Grade 1 (sisaldab m\u00f5\u00f5dukaid kulumism\u00e4rke, heas korras)","og_url":"https:\/\/www.outdoors.ee\/et\/toode\/hollandi-armee-taktikaline-molle-vest-olive\/","og_site_name":"Outdoors","article_modified_time":"2026-04-17T17:14:05+00:00","og_image":[{"width":500,"height":623,"url":"https:\/\/www.outdoors.ee\/wp-content\/uploads\/2021\/09\/0505-Dutch-Tactical-Modular-Vest-black-OD-2.jpg","type":"image\/jpeg"}],"twitter_card":"summary_large_image","twitter_title":"Hollandi Armee taktikaline Molle vest taskutega, Olive","twitter_misc":{"Est. reading time":"1 minut"},"schema":{"@context":"https:\/\/schema.org","@graph":[{"@type":"WebPage","@id":"https:\/\/www.outdoors.ee\/et\/toode\/hollandi-armee-taktikaline-molle-vest-olive\/","url":"https:\/\/www.outdoors.ee\/et\/toode\/hollandi-armee-taktikaline-molle-vest-olive\/","name":"Hollandi Armee taktikaline Molle vest taskutega, Olive - outdoors.ee","isPartOf":{"@id":"https:\/\/www.outdoors.ee\/#website"},"primaryImageOfPage":{"@id":"https:\/\/www.outdoors.ee\/et\/toode\/hollandi-armee-taktikaline-molle-vest-olive\/#primaryimage"},"image":{"@id":"https:\/\/www.outdoors.ee\/et\/toode\/hollandi-armee-taktikaline-molle-vest-olive\/#primaryimage"},"thumbnailUrl":"https:\/\/www.outdoors.ee\/wp-content\/uploads\/2021\/09\/0505-Dutch-Tactical-Modular-Vest-black-OD-2.jpg","datePublished":"2021-12-09T00:00:00+00:00","dateModified":"2026-04-17T17:14:05+00:00","description":"Originaalne Hollandi s\u00f5jav\u00e4e metsalaigus Molle vest reguleeritava suurusega (pikkus\/laius) ja kahe t\u00f5mblukuga suletava sisetaskuga. NB! Vestiga tuleb kaasa v\u00e4hemalt 7 erineva suurusega molle taskut Hollandi s\u00f5jav\u00e4e metsalaigus. S\u00f5ltumata vesti seisukorrast kaasa tulevad peamiselt kasutatud taskud. N\u00e4idiskomplekti n\u00e4eb viimasel pildil. Reeglina on kaasas 4 suuremat (sap\u00f6\u00f6rilabidatasku, salvetaskud) ning 3 v\u00e4iksemat (p\u00fcstolisalve-, granaaditaskud jne). Taskuid valida ei saa. Seisukord: uus (v\u00f5ib sisaldada hulgiladustamise j\u00e4lgi) uuev\u00e4\u00e4rne (sisaldab minimaalseid kulumisj\u00e4lgi) kasutatud, Grade 1 (sisaldab m\u00f5\u00f5dukaid kulumism\u00e4rke, heas korras)","breadcrumb":{"@id":"https:\/\/www.outdoors.ee\/et\/toode\/hollandi-armee-taktikaline-molle-vest-olive\/#breadcrumb"},"inLanguage":"et","potentialAction":[{"@type":"ReadAction","target":["https:\/\/www.outdoors.ee\/et\/toode\/hollandi-armee-taktikaline-molle-vest-olive\/"]}]},{"@type":"ImageObject","inLanguage":"et","@id":"https:\/\/www.outdoors.ee\/et\/toode\/hollandi-armee-taktikaline-molle-vest-olive\/#primaryimage","url":"https:\/\/www.outdoors.ee\/wp-content\/uploads\/2021\/09\/0505-Dutch-Tactical-Modular-Vest-black-OD-2.jpg","contentUrl":"https:\/\/www.outdoors.ee\/wp-content\/uploads\/2021\/09\/0505-Dutch-Tactical-Modular-Vest-black-OD-2.jpg","width":500,"height":623},{"@type":"BreadcrumbList","@id":"https:\/\/www.outdoors.ee\/et\/toode\/hollandi-armee-taktikaline-molle-vest-olive\/#breadcrumb","itemListElement":[{"@type":"ListItem","position":1,"name":"Home","item":"https:\/\/www.outdoors.ee\/et\/"},{"@type":"ListItem","position":2,"name":"Tooted","item":"https:\/\/www.outdoors.ee\/products\/"},{"@type":"ListItem","position":3,"name":"Hollandi Armee taktikaline Molle vest Olive"}]},{"@type":"WebSite","@id":"https:\/\/www.outdoors.ee\/#website","url":"https:\/\/www.outdoors.ee\/","name":"Outdoors","description":"Genuine military surplus and not only!","potentialAction":[{"@type":"SearchAction","target":{"@type":"EntryPoint","urlTemplate":"https:\/\/www.outdoors.ee\/?s={search_term_string}"},"query-input":{"@type":"PropertyValueSpecification","valueRequired":true,"valueName":"search_term_string"}}],"inLanguage":"et"}]}},"_links":{"self":[{"href":"https:\/\/www.outdoors.ee\/et\/wp-json\/wp\/v2\/product\/59426","targetHints":{"allow":["GET"]}}],"collection":[{"href":"https:\/\/www.outdoors.ee\/et\/wp-json\/wp\/v2\/product"}],"about":[{"href":"https:\/\/www.outdoors.ee\/et\/wp-json\/wp\/v2\/types\/product"}],"wp:featuredmedia":[{"embeddable":true,"href":"https:\/\/www.outdoors.ee\/et\/wp-json\/wp\/v2\/media\/18034"}],"wp:attachment":[{"href":"https:\/\/www.outdoors.ee\/et\/wp-json\/wp\/v2\/media?parent=59426"}],"wp:term":[{"taxonomy":"product_brand","embeddable":true,"href":"https:\/\/www.outdoors.ee\/et\/wp-json\/wp\/v2\/product_brand?post=59426"},{"taxonomy":"product_cat","embeddable":true,"href":"https:\/\/www.outdoors.ee\/et\/wp-json\/wp\/v2\/product_cat?post=59426"},{"taxonomy":"product_tag","embeddable":true,"href":"https:\/\/www.outdoors.ee\/et\/wp-json\/wp\/v2\/product_tag?post=59426"}],"curies":[{"name":"wp","href":"https:\/\/api.w.org\/{rel}","templated":true}]}}