{"id":59410,"date":"2021-12-09T00:00:00","date_gmt":"2021-12-08T22:00:00","guid":{"rendered":"https:\/\/www.outdoors.ee\/product\/hollandi-armee-vihmamantel-pontso-woodland\/"},"modified":"2026-03-04T17:56:55","modified_gmt":"2026-03-04T15:56:55","slug":"hollandi-armee-vihmamantel-pontso-woodland","status":"publish","type":"product","link":"https:\/\/www.outdoors.ee\/et\/toode\/hollandi-armee-vihmamantel-pontso-woodland\/","title":{"rendered":"Hollandi Armee vihmamantel-pont\u0161o Woodland"},"content":{"rendered":"<div style=\"text-align: justify;\">Hollandi s\u00f5jav\u00e4e metsalaigus pont\u0161o ehk vihmakeep v\u00f5i telkmantel on m\u00f5eldud tuule- ning vihmakaitsena ning on mitmeotstarbeliselt kasutatav. Vihmakeebi servades olevate aasade abil on v\u00f5imalik kaks v\u00f5i mitu pont\u0161ot omavahel \u00fchendada luues seel\u00e4bi varjualune.<\/div>\n<div style=\"text-align: justify;\"><\/div>\n<div><strong>Omadused:<\/strong><\/div>\n<div>\n<ul>\n<li>kerge ning kompaktselt pakitav<\/li>\n<li>metallr\u00f5ngastega servades<\/li>\n<li>pingutusn\u00f6\u00f6riga kapuuts<\/li>\n<li>integreeritud pakketasku<\/li>\n<li>materjal: pol\u00fcamiid<\/li>\n<li>m\u00f5\u00f5dud: ca 2,2 x 1,65m laiali laotatuna<\/li>\n<\/ul>\n<p><strong>Seisukord<\/strong>:<\/p>\n<ul>\n<li>uus (ilma j\u00e4em\u00fc\u00fcgipakendita, v\u00f5ib sisaldada hulgiladustamise j\u00e4lgi)<\/li>\n<li>uuev\u00e4\u00e4rne (sisaldab kergeid kulumisj\u00e4lgi)<\/li>\n<li>kasutatud, Grade 1 (sisaldab m\u00f5\u00f5dukaid kulumisj\u00e4lgi, ei sisalda m\u00e4rkimisv\u00e4\u00e4rseid vigastusi, v\u00f5ib olla m\u00e4\u00e4rdunud)<\/li>\n<li>kasutatud, Grade 2 (sisaldab s\u00fcgavamaid kulumisj\u00e4lgi, v\u00f5ib sisaldada v\u00e4ikseid parandatavaid vigastusi, delaminatsiooni, v\u00f5ib olla m\u00e4\u00e4rdunud)<\/li>\n<\/ul>\n<\/div>\n","protected":false},"excerpt":{"rendered":"<p>Hollandi s\u00f5jav\u00e4e metsalaigus pont\u0161o ehk vihmakeep v\u00f5i telkmantel on m\u00f5eldud tuule- ning vihmakaitsena ning on mitmeotstarbeliselt kasutatav. Vihmakeebi servades olevate<\/p>\n","protected":false},"featured_media":18096,"template":"","meta":[],"product_brand":[],"product_cat":[101],"product_tag":[3143],"class_list":{"0":"post-59410","1":"product","2":"type-product","3":"status-publish","4":"has-post-thumbnail","6":"product_cat-joped-parkad","7":"product_tag-vihmariided","8":"pa_brand-dutch-military-surplus","9":"pa_condition-kasutatud-grade-1","10":"pa_condition-kasutatud-grade-2","11":"pa_condition-uuevaarne","12":"pa_condition-uus","14":"first","15":"instock","16":"taxable","17":"shipping-taxable","18":"purchasable","19":"product-type-variable"},"yoast_head":"<!-- This site is optimized with the Yoast SEO plugin v27.2 - https:\/\/yoast.com\/product\/yoast-seo-wordpress\/ -->\n<title>Hollandi Armee vihmamantel-pont\u0161o Woodland - outdoors.ee<\/title>\n<meta name=\"description\" content=\"Originaalne Hollandi Armee metsa laigus pont\u0161o ehk vihmakeep v\u00f5i telkmantel on m\u00f5eldud tuule- ning vihmakaitsena ning on mitmeotstarbeliselt kasutatav. Vihmakeebi servades olevate aasade abil on v\u00f5imalik kaks v\u00f5i mitu pont\u0161ot omavahel \u00fchendada luues seel\u00e4bi varjualune. Suurep\u00e4rane abivahend matkajale. \u00a0 Omadused: tugev vihmakindel materjal kerge kuid vastupidav\u00a0 metallr\u00f5ngastega servades pingitusn\u00f6\u00f6riga kapuuts integreeritud pakketasku Materjal: pol\u00fcamiid M\u00f5\u00f5dud: ca 2,2 x 1,65m laiali laotatuna Seisukord: uus uuev\u00e4\u00e4rne (v\u00f5ib sisaldada minimaalseid kulumisj\u00e4lgi) kasutatud, Grade 1 (kulumisj\u00e4lgedega, kuid terve ja heas korras)\" \/>\n<meta name=\"robots\" content=\"index, follow, max-snippet:-1, max-image-preview:large, max-video-preview:-1\" \/>\n<link rel=\"canonical\" href=\"https:\/\/www.outdoors.ee\/et\/toode\/hollandi-armee-vihmamantel-pontso-woodland\/\" \/>\n<meta property=\"og:locale\" content=\"et_EE\" \/>\n<meta property=\"og:type\" content=\"article\" \/>\n<meta property=\"og:title\" content=\"Hollandi Armee vihmamantel-pont\u0161o Woodland\" \/>\n<meta property=\"og:description\" content=\"Originaalne Hollandi Armee metsa laigus pont\u0161o ehk vihmakeep v\u00f5i telkmantel on m\u00f5eldud tuule- ning vihmakaitsena ning on mitmeotstarbeliselt kasutatav. Vihmakeebi servades olevate aasade abil on v\u00f5imalik kaks v\u00f5i mitu pont\u0161ot omavahel \u00fchendada luues seel\u00e4bi varjualune. Suurep\u00e4rane abivahend matkajale. \u00a0 Omadused: tugev vihmakindel materjal kerge kuid vastupidav\u00a0 metallr\u00f5ngastega servades pingitusn\u00f6\u00f6riga kapuuts integreeritud pakketasku Materjal: pol\u00fcamiid M\u00f5\u00f5dud: ca 2,2 x 1,65m laiali laotatuna Seisukord: uus uuev\u00e4\u00e4rne (v\u00f5ib sisaldada minimaalseid kulumisj\u00e4lgi) kasutatud, Grade 1 (kulumisj\u00e4lgedega, kuid terve ja heas korras)\" \/>\n<meta property=\"og:url\" content=\"https:\/\/www.outdoors.ee\/et\/toode\/hollandi-armee-vihmamantel-pontso-woodland\/\" \/>\n<meta property=\"og:site_name\" content=\"Outdoors\" \/>\n<meta property=\"article:modified_time\" content=\"2026-03-04T15:56:55+00:00\" \/>\n<meta property=\"og:image\" content=\"https:\/\/www.outdoors.ee\/wp-content\/uploads\/2021\/09\/0502-Dutch-Poncho-1.jpg\" \/>\n\t<meta property=\"og:image:width\" content=\"1000\" \/>\n\t<meta property=\"og:image:height\" content=\"1000\" \/>\n\t<meta property=\"og:image:type\" content=\"image\/jpeg\" \/>\n<meta name=\"twitter:card\" content=\"summary_large_image\" \/>\n<meta name=\"twitter:title\" content=\"Hollandi Armee vihmamantel-pont\u0161o Woodland\" \/>\n<meta name=\"twitter:label1\" content=\"Est. reading time\" \/>\n\t<meta name=\"twitter:data1\" content=\"1 minut\" \/>\n<script type=\"application\/ld+json\" class=\"yoast-schema-graph\">{\"@context\":\"https:\/\/schema.org\",\"@graph\":[{\"@type\":\"WebPage\",\"@id\":\"https:\/\/www.outdoors.ee\/et\/toode\/hollandi-armee-vihmamantel-pontso-woodland\/\",\"url\":\"https:\/\/www.outdoors.ee\/et\/toode\/hollandi-armee-vihmamantel-pontso-woodland\/\",\"name\":\"Hollandi Armee vihmamantel-pont\u0161o Woodland - outdoors.ee\",\"isPartOf\":{\"@id\":\"https:\/\/www.outdoors.ee\/#website\"},\"primaryImageOfPage\":{\"@id\":\"https:\/\/www.outdoors.ee\/et\/toode\/hollandi-armee-vihmamantel-pontso-woodland\/#primaryimage\"},\"image\":{\"@id\":\"https:\/\/www.outdoors.ee\/et\/toode\/hollandi-armee-vihmamantel-pontso-woodland\/#primaryimage\"},\"thumbnailUrl\":\"https:\/\/www.outdoors.ee\/wp-content\/uploads\/2021\/09\/0502-Dutch-Poncho-1.jpg\",\"datePublished\":\"2021-12-08T22:00:00+00:00\",\"dateModified\":\"2026-03-04T15:56:55+00:00\",\"description\":\"Originaalne Hollandi Armee metsa laigus pont\u0161o ehk vihmakeep v\u00f5i telkmantel on m\u00f5eldud tuule- ning vihmakaitsena ning on mitmeotstarbeliselt kasutatav. Vihmakeebi servades olevate aasade abil on v\u00f5imalik kaks v\u00f5i mitu pont\u0161ot omavahel \u00fchendada luues seel\u00e4bi varjualune. Suurep\u00e4rane abivahend matkajale. \u00a0 Omadused: tugev vihmakindel materjal kerge kuid vastupidav\u00a0 metallr\u00f5ngastega servades pingitusn\u00f6\u00f6riga kapuuts integreeritud pakketasku Materjal: pol\u00fcamiid M\u00f5\u00f5dud: ca 2,2 x 1,65m laiali laotatuna Seisukord: uus uuev\u00e4\u00e4rne (v\u00f5ib sisaldada minimaalseid kulumisj\u00e4lgi) kasutatud, Grade 1 (kulumisj\u00e4lgedega, kuid terve ja heas korras)\",\"breadcrumb\":{\"@id\":\"https:\/\/www.outdoors.ee\/et\/toode\/hollandi-armee-vihmamantel-pontso-woodland\/#breadcrumb\"},\"inLanguage\":\"et\",\"potentialAction\":[{\"@type\":\"ReadAction\",\"target\":[\"https:\/\/www.outdoors.ee\/et\/toode\/hollandi-armee-vihmamantel-pontso-woodland\/\"]}]},{\"@type\":\"ImageObject\",\"inLanguage\":\"et\",\"@id\":\"https:\/\/www.outdoors.ee\/et\/toode\/hollandi-armee-vihmamantel-pontso-woodland\/#primaryimage\",\"url\":\"https:\/\/www.outdoors.ee\/wp-content\/uploads\/2021\/09\/0502-Dutch-Poncho-1.jpg\",\"contentUrl\":\"https:\/\/www.outdoors.ee\/wp-content\/uploads\/2021\/09\/0502-Dutch-Poncho-1.jpg\",\"width\":1000,\"height\":1000},{\"@type\":\"BreadcrumbList\",\"@id\":\"https:\/\/www.outdoors.ee\/et\/toode\/hollandi-armee-vihmamantel-pontso-woodland\/#breadcrumb\",\"itemListElement\":[{\"@type\":\"ListItem\",\"position\":1,\"name\":\"Home\",\"item\":\"https:\/\/www.outdoors.ee\/et\/\"},{\"@type\":\"ListItem\",\"position\":2,\"name\":\"Tooted\",\"item\":\"https:\/\/www.outdoors.ee\/products\/\"},{\"@type\":\"ListItem\",\"position\":3,\"name\":\"Hollandi Armee vihmamantel-pont\u0161o Woodland\"}]},{\"@type\":\"WebSite\",\"@id\":\"https:\/\/www.outdoors.ee\/#website\",\"url\":\"https:\/\/www.outdoors.ee\/\",\"name\":\"Outdoors\",\"description\":\"Genuine military surplus and not only!\",\"potentialAction\":[{\"@type\":\"SearchAction\",\"target\":{\"@type\":\"EntryPoint\",\"urlTemplate\":\"https:\/\/www.outdoors.ee\/?s={search_term_string}\"},\"query-input\":{\"@type\":\"PropertyValueSpecification\",\"valueRequired\":true,\"valueName\":\"search_term_string\"}}],\"inLanguage\":\"et\"}]}<\/script>\n<!-- \/ Yoast SEO plugin. -->","yoast_head_json":{"title":"Hollandi Armee vihmamantel-pont\u0161o Woodland - outdoors.ee","description":"Originaalne Hollandi Armee metsa laigus pont\u0161o ehk vihmakeep v\u00f5i telkmantel on m\u00f5eldud tuule- ning vihmakaitsena ning on mitmeotstarbeliselt kasutatav. Vihmakeebi servades olevate aasade abil on v\u00f5imalik kaks v\u00f5i mitu pont\u0161ot omavahel \u00fchendada luues seel\u00e4bi varjualune. Suurep\u00e4rane abivahend matkajale. \u00a0 Omadused: tugev vihmakindel materjal kerge kuid vastupidav\u00a0 metallr\u00f5ngastega servades pingitusn\u00f6\u00f6riga kapuuts integreeritud pakketasku Materjal: pol\u00fcamiid M\u00f5\u00f5dud: ca 2,2 x 1,65m laiali laotatuna Seisukord: uus uuev\u00e4\u00e4rne (v\u00f5ib sisaldada minimaalseid kulumisj\u00e4lgi) kasutatud, Grade 1 (kulumisj\u00e4lgedega, kuid terve ja heas korras)","robots":{"index":"index","follow":"follow","max-snippet":"max-snippet:-1","max-image-preview":"max-image-preview:large","max-video-preview":"max-video-preview:-1"},"canonical":"https:\/\/www.outdoors.ee\/et\/toode\/hollandi-armee-vihmamantel-pontso-woodland\/","og_locale":"et_EE","og_type":"article","og_title":"Hollandi Armee vihmamantel-pont\u0161o Woodland","og_description":"Originaalne Hollandi Armee metsa laigus pont\u0161o ehk vihmakeep v\u00f5i telkmantel on m\u00f5eldud tuule- ning vihmakaitsena ning on mitmeotstarbeliselt kasutatav. Vihmakeebi servades olevate aasade abil on v\u00f5imalik kaks v\u00f5i mitu pont\u0161ot omavahel \u00fchendada luues seel\u00e4bi varjualune. Suurep\u00e4rane abivahend matkajale. \u00a0 Omadused: tugev vihmakindel materjal kerge kuid vastupidav\u00a0 metallr\u00f5ngastega servades pingitusn\u00f6\u00f6riga kapuuts integreeritud pakketasku Materjal: pol\u00fcamiid M\u00f5\u00f5dud: ca 2,2 x 1,65m laiali laotatuna Seisukord: uus uuev\u00e4\u00e4rne (v\u00f5ib sisaldada minimaalseid kulumisj\u00e4lgi) kasutatud, Grade 1 (kulumisj\u00e4lgedega, kuid terve ja heas korras)","og_url":"https:\/\/www.outdoors.ee\/et\/toode\/hollandi-armee-vihmamantel-pontso-woodland\/","og_site_name":"Outdoors","article_modified_time":"2026-03-04T15:56:55+00:00","og_image":[{"width":1000,"height":1000,"url":"https:\/\/www.outdoors.ee\/wp-content\/uploads\/2021\/09\/0502-Dutch-Poncho-1.jpg","type":"image\/jpeg"}],"twitter_card":"summary_large_image","twitter_title":"Hollandi Armee vihmamantel-pont\u0161o Woodland","twitter_misc":{"Est. reading time":"1 minut"},"schema":{"@context":"https:\/\/schema.org","@graph":[{"@type":"WebPage","@id":"https:\/\/www.outdoors.ee\/et\/toode\/hollandi-armee-vihmamantel-pontso-woodland\/","url":"https:\/\/www.outdoors.ee\/et\/toode\/hollandi-armee-vihmamantel-pontso-woodland\/","name":"Hollandi Armee vihmamantel-pont\u0161o Woodland - outdoors.ee","isPartOf":{"@id":"https:\/\/www.outdoors.ee\/#website"},"primaryImageOfPage":{"@id":"https:\/\/www.outdoors.ee\/et\/toode\/hollandi-armee-vihmamantel-pontso-woodland\/#primaryimage"},"image":{"@id":"https:\/\/www.outdoors.ee\/et\/toode\/hollandi-armee-vihmamantel-pontso-woodland\/#primaryimage"},"thumbnailUrl":"https:\/\/www.outdoors.ee\/wp-content\/uploads\/2021\/09\/0502-Dutch-Poncho-1.jpg","datePublished":"2021-12-08T22:00:00+00:00","dateModified":"2026-03-04T15:56:55+00:00","description":"Originaalne Hollandi Armee metsa laigus pont\u0161o ehk vihmakeep v\u00f5i telkmantel on m\u00f5eldud tuule- ning vihmakaitsena ning on mitmeotstarbeliselt kasutatav. Vihmakeebi servades olevate aasade abil on v\u00f5imalik kaks v\u00f5i mitu pont\u0161ot omavahel \u00fchendada luues seel\u00e4bi varjualune. Suurep\u00e4rane abivahend matkajale. \u00a0 Omadused: tugev vihmakindel materjal kerge kuid vastupidav\u00a0 metallr\u00f5ngastega servades pingitusn\u00f6\u00f6riga kapuuts integreeritud pakketasku Materjal: pol\u00fcamiid M\u00f5\u00f5dud: ca 2,2 x 1,65m laiali laotatuna Seisukord: uus uuev\u00e4\u00e4rne (v\u00f5ib sisaldada minimaalseid kulumisj\u00e4lgi) kasutatud, Grade 1 (kulumisj\u00e4lgedega, kuid terve ja heas korras)","breadcrumb":{"@id":"https:\/\/www.outdoors.ee\/et\/toode\/hollandi-armee-vihmamantel-pontso-woodland\/#breadcrumb"},"inLanguage":"et","potentialAction":[{"@type":"ReadAction","target":["https:\/\/www.outdoors.ee\/et\/toode\/hollandi-armee-vihmamantel-pontso-woodland\/"]}]},{"@type":"ImageObject","inLanguage":"et","@id":"https:\/\/www.outdoors.ee\/et\/toode\/hollandi-armee-vihmamantel-pontso-woodland\/#primaryimage","url":"https:\/\/www.outdoors.ee\/wp-content\/uploads\/2021\/09\/0502-Dutch-Poncho-1.jpg","contentUrl":"https:\/\/www.outdoors.ee\/wp-content\/uploads\/2021\/09\/0502-Dutch-Poncho-1.jpg","width":1000,"height":1000},{"@type":"BreadcrumbList","@id":"https:\/\/www.outdoors.ee\/et\/toode\/hollandi-armee-vihmamantel-pontso-woodland\/#breadcrumb","itemListElement":[{"@type":"ListItem","position":1,"name":"Home","item":"https:\/\/www.outdoors.ee\/et\/"},{"@type":"ListItem","position":2,"name":"Tooted","item":"https:\/\/www.outdoors.ee\/products\/"},{"@type":"ListItem","position":3,"name":"Hollandi Armee vihmamantel-pont\u0161o Woodland"}]},{"@type":"WebSite","@id":"https:\/\/www.outdoors.ee\/#website","url":"https:\/\/www.outdoors.ee\/","name":"Outdoors","description":"Genuine military surplus and not only!","potentialAction":[{"@type":"SearchAction","target":{"@type":"EntryPoint","urlTemplate":"https:\/\/www.outdoors.ee\/?s={search_term_string}"},"query-input":{"@type":"PropertyValueSpecification","valueRequired":true,"valueName":"search_term_string"}}],"inLanguage":"et"}]}},"_links":{"self":[{"href":"https:\/\/www.outdoors.ee\/et\/wp-json\/wp\/v2\/product\/59410","targetHints":{"allow":["GET"]}}],"collection":[{"href":"https:\/\/www.outdoors.ee\/et\/wp-json\/wp\/v2\/product"}],"about":[{"href":"https:\/\/www.outdoors.ee\/et\/wp-json\/wp\/v2\/types\/product"}],"wp:featuredmedia":[{"embeddable":true,"href":"https:\/\/www.outdoors.ee\/et\/wp-json\/wp\/v2\/media\/18096"}],"wp:attachment":[{"href":"https:\/\/www.outdoors.ee\/et\/wp-json\/wp\/v2\/media?parent=59410"}],"wp:term":[{"taxonomy":"product_brand","embeddable":true,"href":"https:\/\/www.outdoors.ee\/et\/wp-json\/wp\/v2\/product_brand?post=59410"},{"taxonomy":"product_cat","embeddable":true,"href":"https:\/\/www.outdoors.ee\/et\/wp-json\/wp\/v2\/product_cat?post=59410"},{"taxonomy":"product_tag","embeddable":true,"href":"https:\/\/www.outdoors.ee\/et\/wp-json\/wp\/v2\/product_tag?post=59410"}],"curies":[{"name":"wp","href":"https:\/\/api.w.org\/{rel}","templated":true}]}}