{"id":59408,"date":"2021-12-09T00:00:00","date_gmt":"2021-12-09T00:00:00","guid":{"rendered":"https:\/\/www.outdoors.ee\/product\/hollandi-armee-vihmamantel-pontso-vt\/"},"modified":"2025-10-06T09:51:26","modified_gmt":"2025-10-06T06:51:26","slug":"hollandi-armee-vihmamantel-pontso-vt-blue","status":"publish","type":"product","link":"https:\/\/www.outdoors.ee\/et\/toode\/hollandi-armee-vihmamantel-pontso-vt-blue\/","title":{"rendered":"Hollandi Armee vihmamantel-pont\u0161o VT Blue"},"content":{"rendered":"<div style=\"text-align: justify;\">Hollandi Armee tumesinist v\u00e4rvi pont\u0161o ehk vihmakeep v\u00f5i telkmantel. Pont\u0161o servades olevate trukkide abil on v\u00f5imalik kaks\u00a0 pont\u0161ot omavahel \u00fchendada luues seel\u00e4bi varjualune. Pont\u0161o disain on selline, et seda saab kanda seljakoti peale: laiem seljaosa sisaldab seljakoti mahutamiseks m\u00f5eldud t\u00f5mblukuga taskut.<\/div>\n<div style=\"text-align: justify;\"><\/div>\n<div style=\"text-align: justify;\"><strong>Omadused<\/strong>:<\/div>\n<div>\n<ul style=\"text-align: justify;\">\n<li>kerge kuid vastupidav ja vihmakindel<\/li>\n<li>trukkidega servades<\/li>\n<li>pingitusn\u00f6\u00f6riga kapuuts<\/li>\n<li>integreeritud pakketasku<\/li>\n<li>t\u00f5mblukuga seljakoti laiendus<\/li>\n<li>materjal: pol\u00fcamiid pol\u00fcuretaani kattega<\/li>\n<li>m\u00f5\u00f5dud laiali laotatuna: laius eest &#8211; 162cm, laius tagant &#8211; 210cm, k\u00fclgede pikkus &#8211; 220cm<\/li>\n<\/ul>\n<p style=\"text-align: justify;\"><strong>Seisukord<\/strong>:<\/p>\n<ul>\n<li style=\"text-align: justify;\">uus (ilma j\u00e4em\u00fc\u00fcgipakendita, v\u00f5ib sisaldada hulgiladustamise j\u00e4lgi)<\/li>\n<li style=\"text-align: justify;\">uuev\u00e4\u00e4rne (sisaldab kergeid kulumisj\u00e4lgi)<\/li>\n<li>kasutatud, Grade 1 (sisaldab m\u00f5\u00f5dukaid kulumisj\u00e4lgi, v\u00f5ib sisaldada v\u00e4iksemaid vigastusi)<\/li>\n<\/ul>\n<\/div>\n","protected":false},"excerpt":{"rendered":"<p>Hollandi Armee vihmamantel-pont\u0161o VT, tumesinine<\/p>\n","protected":false},"featured_media":72737,"template":"","meta":[],"product_brand":[],"product_cat":[101],"product_tag":[3143],"class_list":{"0":"post-59408","1":"product","2":"type-product","3":"status-publish","4":"has-post-thumbnail","6":"product_cat-joped-parkad","7":"product_tag-vihmariided","8":"pa_brand-dutch-military-surplus","9":"pa_condition-kasutatud-grade-1","10":"pa_condition-uuevaarne","11":"pa_condition-uus","13":"first","14":"instock","15":"taxable","16":"shipping-taxable","17":"purchasable","18":"product-type-variable"},"yoast_head":"<!-- This site is optimized with the Yoast SEO plugin v27.2 - https:\/\/yoast.com\/product\/yoast-seo-wordpress\/ -->\n<title>Hollandi Armee vihmamantel-pont\u0161o VT - outdoors.ee<\/title>\n<meta name=\"robots\" content=\"index, follow, max-snippet:-1, max-image-preview:large, max-video-preview:-1\" \/>\n<link rel=\"canonical\" href=\"https:\/\/www.outdoors.ee\/et\/toode\/hollandi-armee-vihmamantel-pontso-vt-blue\/\" \/>\n<meta property=\"og:locale\" content=\"et_EE\" \/>\n<meta property=\"og:type\" content=\"article\" \/>\n<meta property=\"og:title\" content=\"Hollandi Armee vihmamantel-pont\u0161o VT\" \/>\n<meta property=\"og:description\" content=\"Hollandi Armee vihmamantel-pont\u0161o VT, tumesinine\" \/>\n<meta property=\"og:url\" content=\"https:\/\/www.outdoors.ee\/et\/toode\/hollandi-armee-vihmamantel-pontso-vt-blue\/\" \/>\n<meta property=\"og:site_name\" content=\"Outdoors\" \/>\n<meta property=\"article:modified_time\" content=\"2025-10-06T06:51:26+00:00\" \/>\n<meta property=\"og:image\" content=\"https:\/\/www.outdoors.ee\/wp-content\/uploads\/2021\/12\/2502-Dutch-Army-Rainproof-Poncho-VT-Blue-1.jpg\" \/>\n\t<meta property=\"og:image:width\" content=\"500\" \/>\n\t<meta property=\"og:image:height\" content=\"600\" \/>\n\t<meta property=\"og:image:type\" content=\"image\/jpeg\" \/>\n<meta name=\"twitter:card\" content=\"summary_large_image\" \/>\n<meta name=\"twitter:title\" content=\"Hollandi Armee vihmamantel-pont\u0161o VT\" \/>\n<meta name=\"twitter:label1\" content=\"Est. reading time\" \/>\n\t<meta name=\"twitter:data1\" content=\"1 minut\" \/>\n<script type=\"application\/ld+json\" class=\"yoast-schema-graph\">{\"@context\":\"https:\/\/schema.org\",\"@graph\":[{\"@type\":\"WebPage\",\"@id\":\"https:\/\/www.outdoors.ee\/et\/toode\/hollandi-armee-vihmamantel-pontso-vt-blue\/\",\"url\":\"https:\/\/www.outdoors.ee\/et\/toode\/hollandi-armee-vihmamantel-pontso-vt-blue\/\",\"name\":\"Hollandi Armee vihmamantel-pont\u0161o VT - outdoors.ee\",\"isPartOf\":{\"@id\":\"https:\/\/www.outdoors.ee\/#website\"},\"primaryImageOfPage\":{\"@id\":\"https:\/\/www.outdoors.ee\/et\/toode\/hollandi-armee-vihmamantel-pontso-vt-blue\/#primaryimage\"},\"image\":{\"@id\":\"https:\/\/www.outdoors.ee\/et\/toode\/hollandi-armee-vihmamantel-pontso-vt-blue\/#primaryimage\"},\"thumbnailUrl\":\"https:\/\/www.outdoors.ee\/wp-content\/uploads\/2021\/12\/2502-Dutch-Army-Rainproof-Poncho-VT-Blue-1.jpg\",\"datePublished\":\"2021-12-09T00:00:00+00:00\",\"dateModified\":\"2025-10-06T06:51:26+00:00\",\"breadcrumb\":{\"@id\":\"https:\/\/www.outdoors.ee\/et\/toode\/hollandi-armee-vihmamantel-pontso-vt-blue\/#breadcrumb\"},\"inLanguage\":\"et\",\"potentialAction\":[{\"@type\":\"ReadAction\",\"target\":[\"https:\/\/www.outdoors.ee\/et\/toode\/hollandi-armee-vihmamantel-pontso-vt-blue\/\"]}]},{\"@type\":\"ImageObject\",\"inLanguage\":\"et\",\"@id\":\"https:\/\/www.outdoors.ee\/et\/toode\/hollandi-armee-vihmamantel-pontso-vt-blue\/#primaryimage\",\"url\":\"https:\/\/www.outdoors.ee\/wp-content\/uploads\/2021\/12\/2502-Dutch-Army-Rainproof-Poncho-VT-Blue-1.jpg\",\"contentUrl\":\"https:\/\/www.outdoors.ee\/wp-content\/uploads\/2021\/12\/2502-Dutch-Army-Rainproof-Poncho-VT-Blue-1.jpg\",\"width\":500,\"height\":600},{\"@type\":\"BreadcrumbList\",\"@id\":\"https:\/\/www.outdoors.ee\/et\/toode\/hollandi-armee-vihmamantel-pontso-vt-blue\/#breadcrumb\",\"itemListElement\":[{\"@type\":\"ListItem\",\"position\":1,\"name\":\"Home\",\"item\":\"https:\/\/www.outdoors.ee\/et\/\"},{\"@type\":\"ListItem\",\"position\":2,\"name\":\"Tooted\",\"item\":\"https:\/\/www.outdoors.ee\/products\/\"},{\"@type\":\"ListItem\",\"position\":3,\"name\":\"Hollandi Armee vihmamantel-pont\u0161o VT Blue\"}]},{\"@type\":\"WebSite\",\"@id\":\"https:\/\/www.outdoors.ee\/#website\",\"url\":\"https:\/\/www.outdoors.ee\/\",\"name\":\"Outdoors\",\"description\":\"Genuine military surplus and not only!\",\"potentialAction\":[{\"@type\":\"SearchAction\",\"target\":{\"@type\":\"EntryPoint\",\"urlTemplate\":\"https:\/\/www.outdoors.ee\/?s={search_term_string}\"},\"query-input\":{\"@type\":\"PropertyValueSpecification\",\"valueRequired\":true,\"valueName\":\"search_term_string\"}}],\"inLanguage\":\"et\"}]}<\/script>\n<!-- \/ Yoast SEO plugin. -->","yoast_head_json":{"title":"Hollandi Armee vihmamantel-pont\u0161o VT - outdoors.ee","robots":{"index":"index","follow":"follow","max-snippet":"max-snippet:-1","max-image-preview":"max-image-preview:large","max-video-preview":"max-video-preview:-1"},"canonical":"https:\/\/www.outdoors.ee\/et\/toode\/hollandi-armee-vihmamantel-pontso-vt-blue\/","og_locale":"et_EE","og_type":"article","og_title":"Hollandi Armee vihmamantel-pont\u0161o VT","og_description":"Hollandi Armee vihmamantel-pont\u0161o VT, tumesinine","og_url":"https:\/\/www.outdoors.ee\/et\/toode\/hollandi-armee-vihmamantel-pontso-vt-blue\/","og_site_name":"Outdoors","article_modified_time":"2025-10-06T06:51:26+00:00","og_image":[{"width":500,"height":600,"url":"https:\/\/www.outdoors.ee\/wp-content\/uploads\/2021\/12\/2502-Dutch-Army-Rainproof-Poncho-VT-Blue-1.jpg","type":"image\/jpeg"}],"twitter_card":"summary_large_image","twitter_title":"Hollandi Armee vihmamantel-pont\u0161o VT","twitter_misc":{"Est. reading time":"1 minut"},"schema":{"@context":"https:\/\/schema.org","@graph":[{"@type":"WebPage","@id":"https:\/\/www.outdoors.ee\/et\/toode\/hollandi-armee-vihmamantel-pontso-vt-blue\/","url":"https:\/\/www.outdoors.ee\/et\/toode\/hollandi-armee-vihmamantel-pontso-vt-blue\/","name":"Hollandi Armee vihmamantel-pont\u0161o VT - outdoors.ee","isPartOf":{"@id":"https:\/\/www.outdoors.ee\/#website"},"primaryImageOfPage":{"@id":"https:\/\/www.outdoors.ee\/et\/toode\/hollandi-armee-vihmamantel-pontso-vt-blue\/#primaryimage"},"image":{"@id":"https:\/\/www.outdoors.ee\/et\/toode\/hollandi-armee-vihmamantel-pontso-vt-blue\/#primaryimage"},"thumbnailUrl":"https:\/\/www.outdoors.ee\/wp-content\/uploads\/2021\/12\/2502-Dutch-Army-Rainproof-Poncho-VT-Blue-1.jpg","datePublished":"2021-12-09T00:00:00+00:00","dateModified":"2025-10-06T06:51:26+00:00","breadcrumb":{"@id":"https:\/\/www.outdoors.ee\/et\/toode\/hollandi-armee-vihmamantel-pontso-vt-blue\/#breadcrumb"},"inLanguage":"et","potentialAction":[{"@type":"ReadAction","target":["https:\/\/www.outdoors.ee\/et\/toode\/hollandi-armee-vihmamantel-pontso-vt-blue\/"]}]},{"@type":"ImageObject","inLanguage":"et","@id":"https:\/\/www.outdoors.ee\/et\/toode\/hollandi-armee-vihmamantel-pontso-vt-blue\/#primaryimage","url":"https:\/\/www.outdoors.ee\/wp-content\/uploads\/2021\/12\/2502-Dutch-Army-Rainproof-Poncho-VT-Blue-1.jpg","contentUrl":"https:\/\/www.outdoors.ee\/wp-content\/uploads\/2021\/12\/2502-Dutch-Army-Rainproof-Poncho-VT-Blue-1.jpg","width":500,"height":600},{"@type":"BreadcrumbList","@id":"https:\/\/www.outdoors.ee\/et\/toode\/hollandi-armee-vihmamantel-pontso-vt-blue\/#breadcrumb","itemListElement":[{"@type":"ListItem","position":1,"name":"Home","item":"https:\/\/www.outdoors.ee\/et\/"},{"@type":"ListItem","position":2,"name":"Tooted","item":"https:\/\/www.outdoors.ee\/products\/"},{"@type":"ListItem","position":3,"name":"Hollandi Armee vihmamantel-pont\u0161o VT Blue"}]},{"@type":"WebSite","@id":"https:\/\/www.outdoors.ee\/#website","url":"https:\/\/www.outdoors.ee\/","name":"Outdoors","description":"Genuine military surplus and not only!","potentialAction":[{"@type":"SearchAction","target":{"@type":"EntryPoint","urlTemplate":"https:\/\/www.outdoors.ee\/?s={search_term_string}"},"query-input":{"@type":"PropertyValueSpecification","valueRequired":true,"valueName":"search_term_string"}}],"inLanguage":"et"}]}},"_links":{"self":[{"href":"https:\/\/www.outdoors.ee\/et\/wp-json\/wp\/v2\/product\/59408","targetHints":{"allow":["GET"]}}],"collection":[{"href":"https:\/\/www.outdoors.ee\/et\/wp-json\/wp\/v2\/product"}],"about":[{"href":"https:\/\/www.outdoors.ee\/et\/wp-json\/wp\/v2\/types\/product"}],"wp:featuredmedia":[{"embeddable":true,"href":"https:\/\/www.outdoors.ee\/et\/wp-json\/wp\/v2\/media\/72737"}],"wp:attachment":[{"href":"https:\/\/www.outdoors.ee\/et\/wp-json\/wp\/v2\/media?parent=59408"}],"wp:term":[{"taxonomy":"product_brand","embeddable":true,"href":"https:\/\/www.outdoors.ee\/et\/wp-json\/wp\/v2\/product_brand?post=59408"},{"taxonomy":"product_cat","embeddable":true,"href":"https:\/\/www.outdoors.ee\/et\/wp-json\/wp\/v2\/product_cat?post=59408"},{"taxonomy":"product_tag","embeddable":true,"href":"https:\/\/www.outdoors.ee\/et\/wp-json\/wp\/v2\/product_tag?post=59408"}],"curies":[{"name":"wp","href":"https:\/\/api.w.org\/{rel}","templated":true}]}}