{"id":59387,"date":"2021-12-09T00:00:00","date_gmt":"2021-12-08T22:00:00","guid":{"rendered":"https:\/\/www.outdoors.ee\/product\/austria-armee-dzemper\/"},"modified":"2026-03-29T21:54:11","modified_gmt":"2026-03-29T18:54:11","slug":"austria-armee-villane-dzemper","status":"publish","type":"product","link":"https:\/\/www.outdoors.ee\/et\/toode\/austria-armee-villane-dzemper\/","title":{"rendered":"Austria Armee villane d\u017eemper"},"content":{"rendered":"<p style=\"text-align: justify;\">Kerge ja komfortne Austria s\u00f5jav\u00e4e villane d\u017eemper. Klassikaline kehasse disain ning mugavalt veniv kangastruktuur, mis ei piira liikumisvabadust.<\/p>\n<p style=\"text-align: justify;\"><strong>Omadused:<\/strong><\/p>\n<ul style=\"text-align: justify;\">\n<li>\u00fcmar kaelus<\/li>\n<li>tugevdused k\u00fc\u00fcnarnuki- ning \u00f5lapiirkonnas<\/li>\n<li>n\u00f6\u00f6pidega auastme eraldusm\u00e4rgi klapid \u00f5lgadel<\/li>\n<li>Bundesheer (Austria s\u00f5jav\u00e4e) embleem vasakul k\u00e4isel<\/li>\n<li>nimesildi takjapael rinnal<\/li>\n<li>venivad mansetid<\/li>\n<li>materjal: 50% neitsivill 50% akr\u00fc\u00fcl (LeAcryl &#8211; NP)<\/li>\n<\/ul>\n<p style=\"text-align: justify;\"><strong>Seisukord<\/strong>: uus (ilma j\u00e4em\u00fc\u00fcgi pakendita, v\u00f5ib sisaldada hulgiladustamise j\u00e4lgi)<\/p>\n","protected":false},"excerpt":{"rendered":"<p>Austria Armee villane d\u017eemper, oliivroheline<\/p>\n","protected":false},"featured_media":88108,"template":"","meta":[],"product_brand":[],"product_cat":[2699],"product_tag":[],"class_list":{"0":"post-59387","1":"product","2":"type-product","3":"status-publish","4":"has-post-thumbnail","6":"product_cat-sviitrid-pulloverid","7":"pa_brand-austrian-military-surplus","8":"pa_size-3-medium-100cm","9":"pa_size-4-large-104cm","10":"pa_size-5-large-108cm","11":"pa_size-6-xlarge-112cm","13":"first","14":"instock","15":"taxable","16":"shipping-taxable","17":"purchasable","18":"product-type-variable"},"yoast_head":"<!-- This site is optimized with the Yoast SEO plugin v27.2 - https:\/\/yoast.com\/product\/yoast-seo-wordpress\/ -->\n<title>Austria Armee d\u017eemper - outdoors.ee<\/title>\n<meta name=\"description\" content=\"Kerge ja komfortne Austria s&otilde;jav&auml;e villane d\u017eemper. Klassikaline kehasse disain ning mugav veniv kangastruktuur, mis ei piira liikumisvabadust. Omadused: &uuml;mar kaelus tugevdused k&uuml;&uuml;narnuki- ning &otilde;lapiirkonnas n&ouml;&ouml;pidega auastme eraldusm&auml;rgi klapid &otilde;lgadel&nbsp; Bundesheer (Austria s&otilde;jav&auml;e) logo vasakul k&auml;isel nimesildi takjapael rinnal&nbsp; Materjal: 50% neitsivill 50% s&uuml;nteetilised kiud Suurus rippmen&uuml;&uuml;s: rinna&uuml;mberm&otilde;&otilde;t \/ cm Seisukord: uus\" \/>\n<meta name=\"robots\" content=\"index, follow, max-snippet:-1, max-image-preview:large, max-video-preview:-1\" \/>\n<link rel=\"canonical\" href=\"https:\/\/www.outdoors.ee\/toode\/austrian-army-wool-jumper\/\" \/>\n<meta property=\"og:locale\" content=\"et_EE\" \/>\n<meta property=\"og:type\" content=\"article\" \/>\n<meta property=\"og:title\" content=\"Austria Armee d\u017eemper\" \/>\n<meta property=\"og:description\" content=\"Kerge ja komfortne Austria s&otilde;jav&auml;e villane d\u017eemper. Klassikaline kehasse disain ning mugav veniv kangastruktuur, mis ei piira liikumisvabadust. Omadused: &uuml;mar kaelus tugevdused k&uuml;&uuml;narnuki- ning &otilde;lapiirkonnas n&ouml;&ouml;pidega auastme eraldusm&auml;rgi klapid &otilde;lgadel&nbsp; Bundesheer (Austria s&otilde;jav&auml;e) logo vasakul k&auml;isel nimesildi takjapael rinnal&nbsp; Materjal: 50% neitsivill 50% s&uuml;nteetilised kiud Suurus rippmen&uuml;&uuml;s: rinna&uuml;mberm&otilde;&otilde;t \/ cm Seisukord: uus\" \/>\n<meta property=\"og:url\" content=\"https:\/\/www.outdoors.ee\/toode\/austrian-army-wool-jumper\/\" \/>\n<meta property=\"og:site_name\" content=\"Outdoors\" \/>\n<meta property=\"article:modified_time\" content=\"2026-03-29T18:54:11+00:00\" \/>\n<meta property=\"og:image\" content=\"https:\/\/www.outdoors.ee\/wp-content\/uploads\/2021\/12\/0490-Austrian-Army-Wool-Jumper-Olive.jpg\" \/>\n\t<meta property=\"og:image:width\" content=\"500\" \/>\n\t<meta property=\"og:image:height\" content=\"500\" \/>\n\t<meta property=\"og:image:type\" content=\"image\/jpeg\" \/>\n<meta name=\"twitter:card\" content=\"summary_large_image\" \/>\n<meta name=\"twitter:title\" content=\"Austria Armee d\u017eemper\" \/>\n<script type=\"application\/ld+json\" class=\"yoast-schema-graph\">{\"@context\":\"https:\/\/schema.org\",\"@graph\":[{\"@type\":\"WebPage\",\"@id\":\"https:\/\/www.outdoors.ee\/toode\/austrian-army-wool-jumper\/\",\"url\":\"https:\/\/www.outdoors.ee\/toode\/austrian-army-wool-jumper\/\",\"name\":\"Austria Armee d\u017eemper - outdoors.ee\",\"isPartOf\":{\"@id\":\"https:\/\/www.outdoors.ee\/#website\"},\"primaryImageOfPage\":{\"@id\":\"https:\/\/www.outdoors.ee\/toode\/austrian-army-wool-jumper\/#primaryimage\"},\"image\":{\"@id\":\"https:\/\/www.outdoors.ee\/toode\/austrian-army-wool-jumper\/#primaryimage\"},\"thumbnailUrl\":\"https:\/\/www.outdoors.ee\/wp-content\/uploads\/2021\/12\/0490-Austrian-Army-Wool-Jumper-Olive.jpg\",\"datePublished\":\"2021-12-08T22:00:00+00:00\",\"dateModified\":\"2026-03-29T18:54:11+00:00\",\"description\":\"Kerge ja komfortne Austria s&otilde;jav&auml;e villane d\u017eemper. Klassikaline kehasse disain ning mugav veniv kangastruktuur, mis ei piira liikumisvabadust. Omadused: &uuml;mar kaelus tugevdused k&uuml;&uuml;narnuki- ning &otilde;lapiirkonnas n&ouml;&ouml;pidega auastme eraldusm&auml;rgi klapid &otilde;lgadel&nbsp; Bundesheer (Austria s&otilde;jav&auml;e) logo vasakul k&auml;isel nimesildi takjapael rinnal&nbsp; Materjal: 50% neitsivill 50% s&uuml;nteetilised kiud Suurus rippmen&uuml;&uuml;s: rinna&uuml;mberm&otilde;&otilde;t \/ cm Seisukord: uus\",\"breadcrumb\":{\"@id\":\"https:\/\/www.outdoors.ee\/toode\/austrian-army-wool-jumper\/#breadcrumb\"},\"inLanguage\":\"et\",\"potentialAction\":[{\"@type\":\"ReadAction\",\"target\":[\"https:\/\/www.outdoors.ee\/toode\/austrian-army-wool-jumper\/\"]}]},{\"@type\":\"ImageObject\",\"inLanguage\":\"et\",\"@id\":\"https:\/\/www.outdoors.ee\/toode\/austrian-army-wool-jumper\/#primaryimage\",\"url\":\"https:\/\/www.outdoors.ee\/wp-content\/uploads\/2021\/12\/0490-Austrian-Army-Wool-Jumper-Olive.jpg\",\"contentUrl\":\"https:\/\/www.outdoors.ee\/wp-content\/uploads\/2021\/12\/0490-Austrian-Army-Wool-Jumper-Olive.jpg\",\"width\":500,\"height\":500},{\"@type\":\"BreadcrumbList\",\"@id\":\"https:\/\/www.outdoors.ee\/toode\/austrian-army-wool-jumper\/#breadcrumb\",\"itemListElement\":[{\"@type\":\"ListItem\",\"position\":1,\"name\":\"Home\",\"item\":\"https:\/\/www.outdoors.ee\/et\/\"},{\"@type\":\"ListItem\",\"position\":2,\"name\":\"Tooted\",\"item\":\"https:\/\/www.outdoors.ee\/products\/\"},{\"@type\":\"ListItem\",\"position\":3,\"name\":\"Austria Armee villane d\u017eemper\"}]},{\"@type\":\"WebSite\",\"@id\":\"https:\/\/www.outdoors.ee\/#website\",\"url\":\"https:\/\/www.outdoors.ee\/\",\"name\":\"Outdoors\",\"description\":\"Genuine military surplus and not only!\",\"potentialAction\":[{\"@type\":\"SearchAction\",\"target\":{\"@type\":\"EntryPoint\",\"urlTemplate\":\"https:\/\/www.outdoors.ee\/?s={search_term_string}\"},\"query-input\":{\"@type\":\"PropertyValueSpecification\",\"valueRequired\":true,\"valueName\":\"search_term_string\"}}],\"inLanguage\":\"et\"}]}<\/script>\n<!-- \/ Yoast SEO plugin. -->","yoast_head_json":{"title":"Austria Armee d\u017eemper - outdoors.ee","description":"Kerge ja komfortne Austria s&otilde;jav&auml;e villane d\u017eemper. Klassikaline kehasse disain ning mugav veniv kangastruktuur, mis ei piira liikumisvabadust. Omadused: &uuml;mar kaelus tugevdused k&uuml;&uuml;narnuki- ning &otilde;lapiirkonnas n&ouml;&ouml;pidega auastme eraldusm&auml;rgi klapid &otilde;lgadel&nbsp; Bundesheer (Austria s&otilde;jav&auml;e) logo vasakul k&auml;isel nimesildi takjapael rinnal&nbsp; Materjal: 50% neitsivill 50% s&uuml;nteetilised kiud Suurus rippmen&uuml;&uuml;s: rinna&uuml;mberm&otilde;&otilde;t \/ cm Seisukord: uus","robots":{"index":"index","follow":"follow","max-snippet":"max-snippet:-1","max-image-preview":"max-image-preview:large","max-video-preview":"max-video-preview:-1"},"canonical":"https:\/\/www.outdoors.ee\/toode\/austrian-army-wool-jumper\/","og_locale":"et_EE","og_type":"article","og_title":"Austria Armee d\u017eemper","og_description":"Kerge ja komfortne Austria s&otilde;jav&auml;e villane d\u017eemper. Klassikaline kehasse disain ning mugav veniv kangastruktuur, mis ei piira liikumisvabadust. Omadused: &uuml;mar kaelus tugevdused k&uuml;&uuml;narnuki- ning &otilde;lapiirkonnas n&ouml;&ouml;pidega auastme eraldusm&auml;rgi klapid &otilde;lgadel&nbsp; Bundesheer (Austria s&otilde;jav&auml;e) logo vasakul k&auml;isel nimesildi takjapael rinnal&nbsp; Materjal: 50% neitsivill 50% s&uuml;nteetilised kiud Suurus rippmen&uuml;&uuml;s: rinna&uuml;mberm&otilde;&otilde;t \/ cm Seisukord: uus","og_url":"https:\/\/www.outdoors.ee\/toode\/austrian-army-wool-jumper\/","og_site_name":"Outdoors","article_modified_time":"2026-03-29T18:54:11+00:00","og_image":[{"width":500,"height":500,"url":"https:\/\/www.outdoors.ee\/wp-content\/uploads\/2021\/12\/0490-Austrian-Army-Wool-Jumper-Olive.jpg","type":"image\/jpeg"}],"twitter_card":"summary_large_image","twitter_title":"Austria Armee d\u017eemper","schema":{"@context":"https:\/\/schema.org","@graph":[{"@type":"WebPage","@id":"https:\/\/www.outdoors.ee\/toode\/austrian-army-wool-jumper\/","url":"https:\/\/www.outdoors.ee\/toode\/austrian-army-wool-jumper\/","name":"Austria Armee d\u017eemper - outdoors.ee","isPartOf":{"@id":"https:\/\/www.outdoors.ee\/#website"},"primaryImageOfPage":{"@id":"https:\/\/www.outdoors.ee\/toode\/austrian-army-wool-jumper\/#primaryimage"},"image":{"@id":"https:\/\/www.outdoors.ee\/toode\/austrian-army-wool-jumper\/#primaryimage"},"thumbnailUrl":"https:\/\/www.outdoors.ee\/wp-content\/uploads\/2021\/12\/0490-Austrian-Army-Wool-Jumper-Olive.jpg","datePublished":"2021-12-08T22:00:00+00:00","dateModified":"2026-03-29T18:54:11+00:00","description":"Kerge ja komfortne Austria s&otilde;jav&auml;e villane d\u017eemper. Klassikaline kehasse disain ning mugav veniv kangastruktuur, mis ei piira liikumisvabadust. Omadused: &uuml;mar kaelus tugevdused k&uuml;&uuml;narnuki- ning &otilde;lapiirkonnas n&ouml;&ouml;pidega auastme eraldusm&auml;rgi klapid &otilde;lgadel&nbsp; Bundesheer (Austria s&otilde;jav&auml;e) logo vasakul k&auml;isel nimesildi takjapael rinnal&nbsp; Materjal: 50% neitsivill 50% s&uuml;nteetilised kiud Suurus rippmen&uuml;&uuml;s: rinna&uuml;mberm&otilde;&otilde;t \/ cm Seisukord: uus","breadcrumb":{"@id":"https:\/\/www.outdoors.ee\/toode\/austrian-army-wool-jumper\/#breadcrumb"},"inLanguage":"et","potentialAction":[{"@type":"ReadAction","target":["https:\/\/www.outdoors.ee\/toode\/austrian-army-wool-jumper\/"]}]},{"@type":"ImageObject","inLanguage":"et","@id":"https:\/\/www.outdoors.ee\/toode\/austrian-army-wool-jumper\/#primaryimage","url":"https:\/\/www.outdoors.ee\/wp-content\/uploads\/2021\/12\/0490-Austrian-Army-Wool-Jumper-Olive.jpg","contentUrl":"https:\/\/www.outdoors.ee\/wp-content\/uploads\/2021\/12\/0490-Austrian-Army-Wool-Jumper-Olive.jpg","width":500,"height":500},{"@type":"BreadcrumbList","@id":"https:\/\/www.outdoors.ee\/toode\/austrian-army-wool-jumper\/#breadcrumb","itemListElement":[{"@type":"ListItem","position":1,"name":"Home","item":"https:\/\/www.outdoors.ee\/et\/"},{"@type":"ListItem","position":2,"name":"Tooted","item":"https:\/\/www.outdoors.ee\/products\/"},{"@type":"ListItem","position":3,"name":"Austria Armee villane d\u017eemper"}]},{"@type":"WebSite","@id":"https:\/\/www.outdoors.ee\/#website","url":"https:\/\/www.outdoors.ee\/","name":"Outdoors","description":"Genuine military surplus and not only!","potentialAction":[{"@type":"SearchAction","target":{"@type":"EntryPoint","urlTemplate":"https:\/\/www.outdoors.ee\/?s={search_term_string}"},"query-input":{"@type":"PropertyValueSpecification","valueRequired":true,"valueName":"search_term_string"}}],"inLanguage":"et"}]}},"_links":{"self":[{"href":"https:\/\/www.outdoors.ee\/et\/wp-json\/wp\/v2\/product\/59387","targetHints":{"allow":["GET"]}}],"collection":[{"href":"https:\/\/www.outdoors.ee\/et\/wp-json\/wp\/v2\/product"}],"about":[{"href":"https:\/\/www.outdoors.ee\/et\/wp-json\/wp\/v2\/types\/product"}],"wp:featuredmedia":[{"embeddable":true,"href":"https:\/\/www.outdoors.ee\/et\/wp-json\/wp\/v2\/media\/88108"}],"wp:attachment":[{"href":"https:\/\/www.outdoors.ee\/et\/wp-json\/wp\/v2\/media?parent=59387"}],"wp:term":[{"taxonomy":"product_brand","embeddable":true,"href":"https:\/\/www.outdoors.ee\/et\/wp-json\/wp\/v2\/product_brand?post=59387"},{"taxonomy":"product_cat","embeddable":true,"href":"https:\/\/www.outdoors.ee\/et\/wp-json\/wp\/v2\/product_cat?post=59387"},{"taxonomy":"product_tag","embeddable":true,"href":"https:\/\/www.outdoors.ee\/et\/wp-json\/wp\/v2\/product_tag?post=59387"}],"curies":[{"name":"wp","href":"https:\/\/api.w.org\/{rel}","templated":true}]}}