{"id":59362,"date":"2021-12-09T00:00:00","date_gmt":"2021-12-09T00:00:00","guid":{"rendered":"https:\/\/www.outdoors.ee\/product\/austria-armee-sviiter-100-keedetud-villast\/"},"modified":"2024-12-16T23:21:39","modified_gmt":"2024-12-16T21:21:39","slug":"austria-armee-sviiter-100-keedetud-villast","status":"publish","type":"product","link":"https:\/\/www.outdoors.ee\/et\/toode\/austria-armee-sviiter-100-keedetud-villast\/","title":{"rendered":"Austria Armee sviiter 100% keedetud villast"},"content":{"rendered":"<p style=\"text-align: justify;\">Austria s\u00f5jav\u00e4e paks ja \u00fclimalt soe sviiter keedetud villast. Haruldane eksemplar, mille tootmine Austria s\u00f5jav\u00e4e tarbeks on l\u00f5petatud ning turul leiab vaid \u00fcksikuid eksemplaare ning erinevaid koopiaid.<\/p>\n<p style=\"text-align: justify;\"><strong>Omadused:<\/strong><\/p>\n<ul style=\"text-align: justify;\">\n<li>paks ja tihe tekstuur\u00a0v\u00f5imaldab kanda sviitrit k\u00fclma ja tuulise ilmaga<\/li>\n<li>suurep\u00e4rane soojaisolatsioon ning hingavus<\/li>\n<li>vastupidav m\u00e4\u00e4rdumisele, reeglina piisab tavalise harjaga puhastamisest<\/li>\n<li>puuvillased tugevdused \u00f5lgadel ja k\u00fc\u00fcnarnukkidel<\/li>\n<li>k\u00f5rge kaelus n\u00f6\u00f6pidega<\/li>\n<li>n\u00f6\u00f6pidega auastme eraldusm\u00e4rgi klapid \u00f5lgadel<\/li>\n<li>Bundesheer\u00b4i logo vasakul k\u00e4isel<\/li>\n<li>nimesildi takjapaela riba paremal rinnal<\/li>\n<\/ul>\n<p>NB! S\u00f5ltuvalt tootjast sviiter v\u00f5ib olla ilma klappideta \u00f5lgadel, ilma Bundesheer\u00b4i logota k\u00e4isel ning takjapaela ribata rinnal<\/p>\n<p style=\"text-align: justify;\"><strong>Suurus rippmen\u00fc\u00fcs (cm):<\/strong>\u00a0rinna\u00fcmberm\u00f5\u00f5t<\/p>\n<p><strong>Seisukord:<\/strong><\/p>\n<ul>\n<li>uus (v\u00f5ib sisaldada hulgiladustamise j\u00e4lgi)<\/li>\n<li>uuev\u00e4\u00e4rne (sisaldavad vaid minimaalseid kulumisj\u00e4lgi)<\/li>\n<li>kasutatud, Grade 1 (sisaldab m\u00f5\u00f5dukaid kulumisj\u00e4lgi, v\u00f5ib sisaldada v\u00e4iksemaid vigastusi)<\/li>\n<\/ul>\n","protected":false},"excerpt":{"rendered":"<p>Austria Armee keedetud villast sviiter, oliivroheline<\/p>\n","protected":false},"featured_media":76743,"template":"","meta":[],"product_brand":[],"product_cat":[2699],"product_tag":[],"class_list":{"0":"post-59362","1":"product","2":"type-product","3":"status-publish","4":"has-post-thumbnail","6":"product_cat-sviitrid-pulloverid","7":"pa_brand-austrian-military-surplus","8":"pa_condition-kasutatud-grade-1","9":"pa_condition-uuevaarne","10":"pa_condition-uus","11":"pa_size-1-92cm-3","12":"pa_size-2-medium-96cm","13":"pa_size-3-medium-100cm","14":"pa_size-4-large-104cm","15":"pa_size-5-large-108cm","16":"pa_size-6-xlarge-112cm","17":"pa_size-7-xlarge-116cm","19":"first","20":"outofstock","21":"taxable","22":"shipping-taxable","23":"purchasable","24":"product-type-variable"},"yoast_head":"<!-- This site is optimized with the Yoast SEO plugin v27.2 - https:\/\/yoast.com\/product\/yoast-seo-wordpress\/ -->\n<title>Austria Armee sviiter 100% keedetud villast - outdoors.ee<\/title>\n<meta name=\"description\" content=\"Austria s\u00f5jav\u00e4e paks ja \u00fclimalt soe sviiter keedetud villast. Haruldane eksemplar, mille tootmine Austria s\u00f5jav\u00e4e tarbeks on l\u00f5petatud ning turul leiab vaid \u00fcksikuid eksemplaare v\u00f5i erinevaid koopiaid. Omadused: paks ja tihe tekstuur\u00a0v\u00f5imaldab kanda sviitrit k\u00fclma ja tuulise ilmaga suurep\u00e4rane soojaisolatsioon ning hingavus vastupidav m\u00e4\u00e4rdumisele, reeglina piisab tavalise harjaga puhastamisest puuvillased tugevdused \u00f5lgadel ja k\u00fc\u00fcnarnukkidel n\u00f6\u00f6pidega auastme eraldusm\u00e4rgi klapid \u00f5lgadel\u00a0 k\u00f5rge kaelus n\u00f6\u00f6pidega Bundesheer\u00b4i logo vasakul k\u00e4isel (v\u00f5ib olla ka ilma logota) Suurus rippmen\u00fc\u00fcs (cm):\u00a0rinna\u00fcmberm\u00f5\u00f5t Seisukord: uus (v\u00f5ib sisaldada hulgiladustamise j\u00e4lgi) uuev\u00e4\u00e4rne (sisaldavad vaid minimaalseid kulumisj\u00e4lgi) kasutatud, Grade 1 (sisaldab m\u00f5\u00f5dukaid kulumisj\u00e4lgi, v\u00f5ib sisaldada v\u00e4iksemaid vigastusi)\" \/>\n<meta name=\"robots\" content=\"index, follow, max-snippet:-1, max-image-preview:large, max-video-preview:-1\" \/>\n<link rel=\"canonical\" href=\"https:\/\/www.outdoors.ee\/et\/toode\/austria-armee-sviiter-100-keedetud-villast\/\" \/>\n<meta property=\"og:locale\" content=\"et_EE\" \/>\n<meta property=\"og:type\" content=\"article\" \/>\n<meta property=\"og:title\" content=\"Austria Armee sviiter 100% keedetud villast\" \/>\n<meta property=\"og:description\" content=\"Austria s\u00f5jav\u00e4e paks ja \u00fclimalt soe sviiter keedetud villast. Haruldane eksemplar, mille tootmine Austria s\u00f5jav\u00e4e tarbeks on l\u00f5petatud ning turul leiab vaid \u00fcksikuid eksemplaare v\u00f5i erinevaid koopiaid. Omadused: paks ja tihe tekstuur\u00a0v\u00f5imaldab kanda sviitrit k\u00fclma ja tuulise ilmaga suurep\u00e4rane soojaisolatsioon ning hingavus vastupidav m\u00e4\u00e4rdumisele, reeglina piisab tavalise harjaga puhastamisest puuvillased tugevdused \u00f5lgadel ja k\u00fc\u00fcnarnukkidel n\u00f6\u00f6pidega auastme eraldusm\u00e4rgi klapid \u00f5lgadel\u00a0 k\u00f5rge kaelus n\u00f6\u00f6pidega Bundesheer\u00b4i logo vasakul k\u00e4isel (v\u00f5ib olla ka ilma logota) Suurus rippmen\u00fc\u00fcs (cm):\u00a0rinna\u00fcmberm\u00f5\u00f5t Seisukord: uus (v\u00f5ib sisaldada hulgiladustamise j\u00e4lgi) uuev\u00e4\u00e4rne (sisaldavad vaid minimaalseid kulumisj\u00e4lgi) kasutatud, Grade 1 (sisaldab m\u00f5\u00f5dukaid kulumisj\u00e4lgi, v\u00f5ib sisaldada v\u00e4iksemaid vigastusi)\" \/>\n<meta property=\"og:url\" content=\"https:\/\/www.outdoors.ee\/et\/toode\/austria-armee-sviiter-100-keedetud-villast\/\" \/>\n<meta property=\"og:site_name\" content=\"Outdoors\" \/>\n<meta property=\"article:modified_time\" content=\"2024-12-16T21:21:39+00:00\" \/>\n<meta property=\"og:image\" content=\"https:\/\/www.outdoors.ee\/wp-content\/uploads\/2021\/12\/0473-Austrian-Army-Heavyweight-Boiled-Wool-Sweater-1.jpg\" \/>\n\t<meta property=\"og:image:width\" content=\"1200\" \/>\n\t<meta property=\"og:image:height\" content=\"1350\" \/>\n\t<meta property=\"og:image:type\" content=\"image\/jpeg\" \/>\n<meta name=\"twitter:card\" content=\"summary_large_image\" \/>\n<meta name=\"twitter:title\" content=\"Austria Armee sviiter 100% keedetud villast\" \/>\n<meta name=\"twitter:label1\" content=\"Est. reading time\" \/>\n\t<meta name=\"twitter:data1\" content=\"1 minut\" \/>\n<script type=\"application\/ld+json\" class=\"yoast-schema-graph\">{\"@context\":\"https:\/\/schema.org\",\"@graph\":[{\"@type\":\"WebPage\",\"@id\":\"https:\/\/www.outdoors.ee\/et\/toode\/austria-armee-sviiter-100-keedetud-villast\/\",\"url\":\"https:\/\/www.outdoors.ee\/et\/toode\/austria-armee-sviiter-100-keedetud-villast\/\",\"name\":\"Austria Armee sviiter 100% keedetud villast - outdoors.ee\",\"isPartOf\":{\"@id\":\"https:\/\/www.outdoors.ee\/#website\"},\"primaryImageOfPage\":{\"@id\":\"https:\/\/www.outdoors.ee\/et\/toode\/austria-armee-sviiter-100-keedetud-villast\/#primaryimage\"},\"image\":{\"@id\":\"https:\/\/www.outdoors.ee\/et\/toode\/austria-armee-sviiter-100-keedetud-villast\/#primaryimage\"},\"thumbnailUrl\":\"https:\/\/www.outdoors.ee\/wp-content\/uploads\/2021\/12\/0473-Austrian-Army-Heavyweight-Boiled-Wool-Sweater-1.jpg\",\"datePublished\":\"2021-12-09T00:00:00+00:00\",\"dateModified\":\"2024-12-16T21:21:39+00:00\",\"description\":\"Austria s\u00f5jav\u00e4e paks ja \u00fclimalt soe sviiter keedetud villast. Haruldane eksemplar, mille tootmine Austria s\u00f5jav\u00e4e tarbeks on l\u00f5petatud ning turul leiab vaid \u00fcksikuid eksemplaare v\u00f5i erinevaid koopiaid. Omadused: paks ja tihe tekstuur\u00a0v\u00f5imaldab kanda sviitrit k\u00fclma ja tuulise ilmaga suurep\u00e4rane soojaisolatsioon ning hingavus vastupidav m\u00e4\u00e4rdumisele, reeglina piisab tavalise harjaga puhastamisest puuvillased tugevdused \u00f5lgadel ja k\u00fc\u00fcnarnukkidel n\u00f6\u00f6pidega auastme eraldusm\u00e4rgi klapid \u00f5lgadel\u00a0 k\u00f5rge kaelus n\u00f6\u00f6pidega Bundesheer\u00b4i logo vasakul k\u00e4isel (v\u00f5ib olla ka ilma logota) Suurus rippmen\u00fc\u00fcs (cm):\u00a0rinna\u00fcmberm\u00f5\u00f5t Seisukord: uus (v\u00f5ib sisaldada hulgiladustamise j\u00e4lgi) uuev\u00e4\u00e4rne (sisaldavad vaid minimaalseid kulumisj\u00e4lgi) kasutatud, Grade 1 (sisaldab m\u00f5\u00f5dukaid kulumisj\u00e4lgi, v\u00f5ib sisaldada v\u00e4iksemaid vigastusi)\",\"breadcrumb\":{\"@id\":\"https:\/\/www.outdoors.ee\/et\/toode\/austria-armee-sviiter-100-keedetud-villast\/#breadcrumb\"},\"inLanguage\":\"et\",\"potentialAction\":[{\"@type\":\"ReadAction\",\"target\":[\"https:\/\/www.outdoors.ee\/et\/toode\/austria-armee-sviiter-100-keedetud-villast\/\"]}]},{\"@type\":\"ImageObject\",\"inLanguage\":\"et\",\"@id\":\"https:\/\/www.outdoors.ee\/et\/toode\/austria-armee-sviiter-100-keedetud-villast\/#primaryimage\",\"url\":\"https:\/\/www.outdoors.ee\/wp-content\/uploads\/2021\/12\/0473-Austrian-Army-Heavyweight-Boiled-Wool-Sweater-1.jpg\",\"contentUrl\":\"https:\/\/www.outdoors.ee\/wp-content\/uploads\/2021\/12\/0473-Austrian-Army-Heavyweight-Boiled-Wool-Sweater-1.jpg\",\"width\":1200,\"height\":1350},{\"@type\":\"BreadcrumbList\",\"@id\":\"https:\/\/www.outdoors.ee\/et\/toode\/austria-armee-sviiter-100-keedetud-villast\/#breadcrumb\",\"itemListElement\":[{\"@type\":\"ListItem\",\"position\":1,\"name\":\"Home\",\"item\":\"https:\/\/www.outdoors.ee\/et\/\"},{\"@type\":\"ListItem\",\"position\":2,\"name\":\"Tooted\",\"item\":\"https:\/\/www.outdoors.ee\/products\/\"},{\"@type\":\"ListItem\",\"position\":3,\"name\":\"Austria Armee sviiter 100% keedetud villast\"}]},{\"@type\":\"WebSite\",\"@id\":\"https:\/\/www.outdoors.ee\/#website\",\"url\":\"https:\/\/www.outdoors.ee\/\",\"name\":\"Outdoors\",\"description\":\"Genuine military surplus and not only!\",\"potentialAction\":[{\"@type\":\"SearchAction\",\"target\":{\"@type\":\"EntryPoint\",\"urlTemplate\":\"https:\/\/www.outdoors.ee\/?s={search_term_string}\"},\"query-input\":{\"@type\":\"PropertyValueSpecification\",\"valueRequired\":true,\"valueName\":\"search_term_string\"}}],\"inLanguage\":\"et\"}]}<\/script>\n<!-- \/ Yoast SEO plugin. -->","yoast_head_json":{"title":"Austria Armee sviiter 100% keedetud villast - outdoors.ee","description":"Austria s\u00f5jav\u00e4e paks ja \u00fclimalt soe sviiter keedetud villast. Haruldane eksemplar, mille tootmine Austria s\u00f5jav\u00e4e tarbeks on l\u00f5petatud ning turul leiab vaid \u00fcksikuid eksemplaare v\u00f5i erinevaid koopiaid. Omadused: paks ja tihe tekstuur\u00a0v\u00f5imaldab kanda sviitrit k\u00fclma ja tuulise ilmaga suurep\u00e4rane soojaisolatsioon ning hingavus vastupidav m\u00e4\u00e4rdumisele, reeglina piisab tavalise harjaga puhastamisest puuvillased tugevdused \u00f5lgadel ja k\u00fc\u00fcnarnukkidel n\u00f6\u00f6pidega auastme eraldusm\u00e4rgi klapid \u00f5lgadel\u00a0 k\u00f5rge kaelus n\u00f6\u00f6pidega Bundesheer\u00b4i logo vasakul k\u00e4isel (v\u00f5ib olla ka ilma logota) Suurus rippmen\u00fc\u00fcs (cm):\u00a0rinna\u00fcmberm\u00f5\u00f5t Seisukord: uus (v\u00f5ib sisaldada hulgiladustamise j\u00e4lgi) uuev\u00e4\u00e4rne (sisaldavad vaid minimaalseid kulumisj\u00e4lgi) kasutatud, Grade 1 (sisaldab m\u00f5\u00f5dukaid kulumisj\u00e4lgi, v\u00f5ib sisaldada v\u00e4iksemaid vigastusi)","robots":{"index":"index","follow":"follow","max-snippet":"max-snippet:-1","max-image-preview":"max-image-preview:large","max-video-preview":"max-video-preview:-1"},"canonical":"https:\/\/www.outdoors.ee\/et\/toode\/austria-armee-sviiter-100-keedetud-villast\/","og_locale":"et_EE","og_type":"article","og_title":"Austria Armee sviiter 100% keedetud villast","og_description":"Austria s\u00f5jav\u00e4e paks ja \u00fclimalt soe sviiter keedetud villast. Haruldane eksemplar, mille tootmine Austria s\u00f5jav\u00e4e tarbeks on l\u00f5petatud ning turul leiab vaid \u00fcksikuid eksemplaare v\u00f5i erinevaid koopiaid. Omadused: paks ja tihe tekstuur\u00a0v\u00f5imaldab kanda sviitrit k\u00fclma ja tuulise ilmaga suurep\u00e4rane soojaisolatsioon ning hingavus vastupidav m\u00e4\u00e4rdumisele, reeglina piisab tavalise harjaga puhastamisest puuvillased tugevdused \u00f5lgadel ja k\u00fc\u00fcnarnukkidel n\u00f6\u00f6pidega auastme eraldusm\u00e4rgi klapid \u00f5lgadel\u00a0 k\u00f5rge kaelus n\u00f6\u00f6pidega Bundesheer\u00b4i logo vasakul k\u00e4isel (v\u00f5ib olla ka ilma logota) Suurus rippmen\u00fc\u00fcs (cm):\u00a0rinna\u00fcmberm\u00f5\u00f5t Seisukord: uus (v\u00f5ib sisaldada hulgiladustamise j\u00e4lgi) uuev\u00e4\u00e4rne (sisaldavad vaid minimaalseid kulumisj\u00e4lgi) kasutatud, Grade 1 (sisaldab m\u00f5\u00f5dukaid kulumisj\u00e4lgi, v\u00f5ib sisaldada v\u00e4iksemaid vigastusi)","og_url":"https:\/\/www.outdoors.ee\/et\/toode\/austria-armee-sviiter-100-keedetud-villast\/","og_site_name":"Outdoors","article_modified_time":"2024-12-16T21:21:39+00:00","og_image":[{"width":1200,"height":1350,"url":"https:\/\/www.outdoors.ee\/wp-content\/uploads\/2021\/12\/0473-Austrian-Army-Heavyweight-Boiled-Wool-Sweater-1.jpg","type":"image\/jpeg"}],"twitter_card":"summary_large_image","twitter_title":"Austria Armee sviiter 100% keedetud villast","twitter_misc":{"Est. reading time":"1 minut"},"schema":{"@context":"https:\/\/schema.org","@graph":[{"@type":"WebPage","@id":"https:\/\/www.outdoors.ee\/et\/toode\/austria-armee-sviiter-100-keedetud-villast\/","url":"https:\/\/www.outdoors.ee\/et\/toode\/austria-armee-sviiter-100-keedetud-villast\/","name":"Austria Armee sviiter 100% keedetud villast - outdoors.ee","isPartOf":{"@id":"https:\/\/www.outdoors.ee\/#website"},"primaryImageOfPage":{"@id":"https:\/\/www.outdoors.ee\/et\/toode\/austria-armee-sviiter-100-keedetud-villast\/#primaryimage"},"image":{"@id":"https:\/\/www.outdoors.ee\/et\/toode\/austria-armee-sviiter-100-keedetud-villast\/#primaryimage"},"thumbnailUrl":"https:\/\/www.outdoors.ee\/wp-content\/uploads\/2021\/12\/0473-Austrian-Army-Heavyweight-Boiled-Wool-Sweater-1.jpg","datePublished":"2021-12-09T00:00:00+00:00","dateModified":"2024-12-16T21:21:39+00:00","description":"Austria s\u00f5jav\u00e4e paks ja \u00fclimalt soe sviiter keedetud villast. Haruldane eksemplar, mille tootmine Austria s\u00f5jav\u00e4e tarbeks on l\u00f5petatud ning turul leiab vaid \u00fcksikuid eksemplaare v\u00f5i erinevaid koopiaid. Omadused: paks ja tihe tekstuur\u00a0v\u00f5imaldab kanda sviitrit k\u00fclma ja tuulise ilmaga suurep\u00e4rane soojaisolatsioon ning hingavus vastupidav m\u00e4\u00e4rdumisele, reeglina piisab tavalise harjaga puhastamisest puuvillased tugevdused \u00f5lgadel ja k\u00fc\u00fcnarnukkidel n\u00f6\u00f6pidega auastme eraldusm\u00e4rgi klapid \u00f5lgadel\u00a0 k\u00f5rge kaelus n\u00f6\u00f6pidega Bundesheer\u00b4i logo vasakul k\u00e4isel (v\u00f5ib olla ka ilma logota) Suurus rippmen\u00fc\u00fcs (cm):\u00a0rinna\u00fcmberm\u00f5\u00f5t Seisukord: uus (v\u00f5ib sisaldada hulgiladustamise j\u00e4lgi) uuev\u00e4\u00e4rne (sisaldavad vaid minimaalseid kulumisj\u00e4lgi) kasutatud, Grade 1 (sisaldab m\u00f5\u00f5dukaid kulumisj\u00e4lgi, v\u00f5ib sisaldada v\u00e4iksemaid vigastusi)","breadcrumb":{"@id":"https:\/\/www.outdoors.ee\/et\/toode\/austria-armee-sviiter-100-keedetud-villast\/#breadcrumb"},"inLanguage":"et","potentialAction":[{"@type":"ReadAction","target":["https:\/\/www.outdoors.ee\/et\/toode\/austria-armee-sviiter-100-keedetud-villast\/"]}]},{"@type":"ImageObject","inLanguage":"et","@id":"https:\/\/www.outdoors.ee\/et\/toode\/austria-armee-sviiter-100-keedetud-villast\/#primaryimage","url":"https:\/\/www.outdoors.ee\/wp-content\/uploads\/2021\/12\/0473-Austrian-Army-Heavyweight-Boiled-Wool-Sweater-1.jpg","contentUrl":"https:\/\/www.outdoors.ee\/wp-content\/uploads\/2021\/12\/0473-Austrian-Army-Heavyweight-Boiled-Wool-Sweater-1.jpg","width":1200,"height":1350},{"@type":"BreadcrumbList","@id":"https:\/\/www.outdoors.ee\/et\/toode\/austria-armee-sviiter-100-keedetud-villast\/#breadcrumb","itemListElement":[{"@type":"ListItem","position":1,"name":"Home","item":"https:\/\/www.outdoors.ee\/et\/"},{"@type":"ListItem","position":2,"name":"Tooted","item":"https:\/\/www.outdoors.ee\/products\/"},{"@type":"ListItem","position":3,"name":"Austria Armee sviiter 100% keedetud villast"}]},{"@type":"WebSite","@id":"https:\/\/www.outdoors.ee\/#website","url":"https:\/\/www.outdoors.ee\/","name":"Outdoors","description":"Genuine military surplus and not only!","potentialAction":[{"@type":"SearchAction","target":{"@type":"EntryPoint","urlTemplate":"https:\/\/www.outdoors.ee\/?s={search_term_string}"},"query-input":{"@type":"PropertyValueSpecification","valueRequired":true,"valueName":"search_term_string"}}],"inLanguage":"et"}]}},"_links":{"self":[{"href":"https:\/\/www.outdoors.ee\/et\/wp-json\/wp\/v2\/product\/59362","targetHints":{"allow":["GET"]}}],"collection":[{"href":"https:\/\/www.outdoors.ee\/et\/wp-json\/wp\/v2\/product"}],"about":[{"href":"https:\/\/www.outdoors.ee\/et\/wp-json\/wp\/v2\/types\/product"}],"wp:featuredmedia":[{"embeddable":true,"href":"https:\/\/www.outdoors.ee\/et\/wp-json\/wp\/v2\/media\/76743"}],"wp:attachment":[{"href":"https:\/\/www.outdoors.ee\/et\/wp-json\/wp\/v2\/media?parent=59362"}],"wp:term":[{"taxonomy":"product_brand","embeddable":true,"href":"https:\/\/www.outdoors.ee\/et\/wp-json\/wp\/v2\/product_brand?post=59362"},{"taxonomy":"product_cat","embeddable":true,"href":"https:\/\/www.outdoors.ee\/et\/wp-json\/wp\/v2\/product_cat?post=59362"},{"taxonomy":"product_tag","embeddable":true,"href":"https:\/\/www.outdoors.ee\/et\/wp-json\/wp\/v2\/product_tag?post=59362"}],"curies":[{"name":"wp","href":"https:\/\/api.w.org\/{rel}","templated":true}]}}