{"id":59333,"date":"2021-12-09T00:00:00","date_gmt":"2021-12-08T22:00:00","guid":{"rendered":"https:\/\/www.outdoors.ee\/product\/austria-armee-luhikese-varrukaga-sark\/"},"modified":"2025-08-19T13:45:01","modified_gmt":"2025-08-19T10:45:01","slug":"austria-armee-luhikese-varrukaga-sark","status":"publish","type":"product","link":"https:\/\/www.outdoors.ee\/et\/toode\/austria-armee-luhikese-varrukaga-sark\/","title":{"rendered":"Austria Armee l\u00fchikese varrukaga s\u00e4rk"},"content":{"rendered":"<p><strong>Omadused<\/strong>:<\/p>\n<ul>\n<li>Austria s\u00f5jav\u00e4e originaal<\/li>\n<li>n\u00f6\u00f6pidega eest suletav<\/li>\n<li>2 n\u00f6\u00f6biga rinnataskut<\/li>\n<li>auastme eraldusm\u00e4rgi klapp rinnal\u00a0n\u00f6\u00f6biga<\/li>\n<li>takjakinnituse riba nimesildile rinnal<\/li>\n<li>Bundesheer\u00b4i logo vasakul k\u00e4isel<\/li>\n<li>Materjal: 50% puuvill 50% pol\u00fcester<\/li>\n<\/ul>\n<p><strong>Seisukord<\/strong>:<\/p>\n<ul>\n<li>uus (ilma originaalpakendita, v\u00f5ib sisaldada hulgiladustamise j\u00e4lgi)<\/li>\n<li>kasutatud, Grade 1 (sisaldab m\u00f5\u00f5dukaid kulumisj\u00e4lgi, ei sisalda m\u00e4rkimisv\u00e4\u00e4rseid vigastusi)<\/li>\n<\/ul>\n","protected":false},"excerpt":{"rendered":"<p>Austria Armee l\u00fchikese varrukaga s\u00e4rk, oliivroheline<\/p>\n","protected":false},"featured_media":64137,"template":"","meta":[],"product_brand":[],"product_cat":[2715],"product_tag":[],"class_list":{"0":"post-59333","1":"product","2":"type-product","3":"status-publish","4":"has-post-thumbnail","6":"product_cat-sargid-jakid","7":"pa_brand-austrian-military-surplus","8":"pa_condition-kasutatud-grade-1","9":"pa_condition-uus","10":"pa_size-36-2","11":"pa_size-38-2","12":"pa_size-39-2-2","13":"pa_size-41-3","14":"pa_size-43-2","15":"pa_size-45-2","16":"pa_size-47-3","17":"pa_size-48-2","18":"pa_size-49-2","20":"first","21":"instock","22":"taxable","23":"shipping-taxable","24":"purchasable","25":"product-type-variable"},"yoast_head":"<!-- This site is optimized with the Yoast SEO plugin v27.2 - https:\/\/yoast.com\/product\/yoast-seo-wordpress\/ -->\n<title>Austria Armee l\u00fchikese varrukaga s\u00e4rk - outdoors.ee<\/title>\n<meta name=\"description\" content=\"Originaalne Austria s\u00f5jav\u00e4e vormis\u00e4rk l\u00fchikese varrukaga.\u00a0 Omadused: n\u00f6\u00f6pidega eest suletav 2 n\u00f6\u00f6biga rinnataskut auastme eraldusm\u00e4rgi klapp rinnal\u00a0n\u00f6\u00f6biga\u00a0 takjakinnituse riba nimesildile rinnal Bundesheer\u00b4i logo vasakul k\u00e4isel Materjal: 50% puuvill 50% pol\u00fcester Seisukord: uus (v\u00f5ib sisaldada hulgiladustamise j\u00e4lgi) kasutatud, Grade 1 (heas korras, kergete v\u00f5i m\u00f5\u00f5dukate kulumisj\u00e4lgedega)\" \/>\n<meta name=\"robots\" content=\"index, follow, max-snippet:-1, max-image-preview:large, max-video-preview:-1\" \/>\n<link rel=\"canonical\" href=\"https:\/\/www.outdoors.ee\/et\/toode\/austria-armee-luhikese-varrukaga-sark\/\" \/>\n<meta property=\"og:locale\" content=\"et_EE\" \/>\n<meta property=\"og:type\" content=\"article\" \/>\n<meta property=\"og:title\" content=\"Austria Armee l\u00fchikese varrukaga s\u00e4rk\" \/>\n<meta property=\"og:description\" content=\"Originaalne Austria s\u00f5jav\u00e4e vormis\u00e4rk l\u00fchikese varrukaga.\u00a0 Omadused: n\u00f6\u00f6pidega eest suletav 2 n\u00f6\u00f6biga rinnataskut auastme eraldusm\u00e4rgi klapp rinnal\u00a0n\u00f6\u00f6biga\u00a0 takjakinnituse riba nimesildile rinnal Bundesheer\u00b4i logo vasakul k\u00e4isel Materjal: 50% puuvill 50% pol\u00fcester Seisukord: uus (v\u00f5ib sisaldada hulgiladustamise j\u00e4lgi) kasutatud, Grade 1 (heas korras, kergete v\u00f5i m\u00f5\u00f5dukate kulumisj\u00e4lgedega)\" \/>\n<meta property=\"og:url\" content=\"https:\/\/www.outdoors.ee\/et\/toode\/austria-armee-luhikese-varrukaga-sark\/\" \/>\n<meta property=\"og:site_name\" content=\"Outdoors\" \/>\n<meta property=\"article:modified_time\" content=\"2025-08-19T10:45:01+00:00\" \/>\n<meta property=\"og:image\" content=\"https:\/\/www.outdoors.ee\/wp-content\/uploads\/2021\/12\/0452-Austrian-Army-Short-Sleeve-Shirt-1.png\" \/>\n\t<meta property=\"og:image:width\" content=\"497\" \/>\n\t<meta property=\"og:image:height\" content=\"520\" \/>\n\t<meta property=\"og:image:type\" content=\"image\/png\" \/>\n<meta name=\"twitter:card\" content=\"summary_large_image\" \/>\n<meta name=\"twitter:title\" content=\"Austria Armee l\u00fchikese varrukaga s\u00e4rk\" \/>\n<meta name=\"twitter:label1\" content=\"Est. reading time\" \/>\n\t<meta name=\"twitter:data1\" content=\"1 minut\" \/>\n<script type=\"application\/ld+json\" class=\"yoast-schema-graph\">{\"@context\":\"https:\/\/schema.org\",\"@graph\":[{\"@type\":\"WebPage\",\"@id\":\"https:\/\/www.outdoors.ee\/et\/toode\/austria-armee-luhikese-varrukaga-sark\/\",\"url\":\"https:\/\/www.outdoors.ee\/et\/toode\/austria-armee-luhikese-varrukaga-sark\/\",\"name\":\"Austria Armee l\u00fchikese varrukaga s\u00e4rk - outdoors.ee\",\"isPartOf\":{\"@id\":\"https:\/\/www.outdoors.ee\/#website\"},\"primaryImageOfPage\":{\"@id\":\"https:\/\/www.outdoors.ee\/et\/toode\/austria-armee-luhikese-varrukaga-sark\/#primaryimage\"},\"image\":{\"@id\":\"https:\/\/www.outdoors.ee\/et\/toode\/austria-armee-luhikese-varrukaga-sark\/#primaryimage\"},\"thumbnailUrl\":\"https:\/\/www.outdoors.ee\/wp-content\/uploads\/2021\/12\/0452-Austrian-Army-Short-Sleeve-Shirt-1.png\",\"datePublished\":\"2021-12-08T22:00:00+00:00\",\"dateModified\":\"2025-08-19T10:45:01+00:00\",\"description\":\"Originaalne Austria s\u00f5jav\u00e4e vormis\u00e4rk l\u00fchikese varrukaga.\u00a0 Omadused: n\u00f6\u00f6pidega eest suletav 2 n\u00f6\u00f6biga rinnataskut auastme eraldusm\u00e4rgi klapp rinnal\u00a0n\u00f6\u00f6biga\u00a0 takjakinnituse riba nimesildile rinnal Bundesheer\u00b4i logo vasakul k\u00e4isel Materjal: 50% puuvill 50% pol\u00fcester Seisukord: uus (v\u00f5ib sisaldada hulgiladustamise j\u00e4lgi) kasutatud, Grade 1 (heas korras, kergete v\u00f5i m\u00f5\u00f5dukate kulumisj\u00e4lgedega)\",\"breadcrumb\":{\"@id\":\"https:\/\/www.outdoors.ee\/et\/toode\/austria-armee-luhikese-varrukaga-sark\/#breadcrumb\"},\"inLanguage\":\"et\",\"potentialAction\":[{\"@type\":\"ReadAction\",\"target\":[\"https:\/\/www.outdoors.ee\/et\/toode\/austria-armee-luhikese-varrukaga-sark\/\"]}]},{\"@type\":\"ImageObject\",\"inLanguage\":\"et\",\"@id\":\"https:\/\/www.outdoors.ee\/et\/toode\/austria-armee-luhikese-varrukaga-sark\/#primaryimage\",\"url\":\"https:\/\/www.outdoors.ee\/wp-content\/uploads\/2021\/12\/0452-Austrian-Army-Short-Sleeve-Shirt-1.png\",\"contentUrl\":\"https:\/\/www.outdoors.ee\/wp-content\/uploads\/2021\/12\/0452-Austrian-Army-Short-Sleeve-Shirt-1.png\",\"width\":497,\"height\":520},{\"@type\":\"BreadcrumbList\",\"@id\":\"https:\/\/www.outdoors.ee\/et\/toode\/austria-armee-luhikese-varrukaga-sark\/#breadcrumb\",\"itemListElement\":[{\"@type\":\"ListItem\",\"position\":1,\"name\":\"Home\",\"item\":\"https:\/\/www.outdoors.ee\/et\/\"},{\"@type\":\"ListItem\",\"position\":2,\"name\":\"Tooted\",\"item\":\"https:\/\/www.outdoors.ee\/products\/\"},{\"@type\":\"ListItem\",\"position\":3,\"name\":\"Austria Armee l\u00fchikese varrukaga s\u00e4rk\"}]},{\"@type\":\"WebSite\",\"@id\":\"https:\/\/www.outdoors.ee\/#website\",\"url\":\"https:\/\/www.outdoors.ee\/\",\"name\":\"Outdoors\",\"description\":\"Genuine military surplus and not only!\",\"potentialAction\":[{\"@type\":\"SearchAction\",\"target\":{\"@type\":\"EntryPoint\",\"urlTemplate\":\"https:\/\/www.outdoors.ee\/?s={search_term_string}\"},\"query-input\":{\"@type\":\"PropertyValueSpecification\",\"valueRequired\":true,\"valueName\":\"search_term_string\"}}],\"inLanguage\":\"et\"}]}<\/script>\n<!-- \/ Yoast SEO plugin. -->","yoast_head_json":{"title":"Austria Armee l\u00fchikese varrukaga s\u00e4rk - outdoors.ee","description":"Originaalne Austria s\u00f5jav\u00e4e vormis\u00e4rk l\u00fchikese varrukaga.\u00a0 Omadused: n\u00f6\u00f6pidega eest suletav 2 n\u00f6\u00f6biga rinnataskut auastme eraldusm\u00e4rgi klapp rinnal\u00a0n\u00f6\u00f6biga\u00a0 takjakinnituse riba nimesildile rinnal Bundesheer\u00b4i logo vasakul k\u00e4isel Materjal: 50% puuvill 50% pol\u00fcester Seisukord: uus (v\u00f5ib sisaldada hulgiladustamise j\u00e4lgi) kasutatud, Grade 1 (heas korras, kergete v\u00f5i m\u00f5\u00f5dukate kulumisj\u00e4lgedega)","robots":{"index":"index","follow":"follow","max-snippet":"max-snippet:-1","max-image-preview":"max-image-preview:large","max-video-preview":"max-video-preview:-1"},"canonical":"https:\/\/www.outdoors.ee\/et\/toode\/austria-armee-luhikese-varrukaga-sark\/","og_locale":"et_EE","og_type":"article","og_title":"Austria Armee l\u00fchikese varrukaga s\u00e4rk","og_description":"Originaalne Austria s\u00f5jav\u00e4e vormis\u00e4rk l\u00fchikese varrukaga.\u00a0 Omadused: n\u00f6\u00f6pidega eest suletav 2 n\u00f6\u00f6biga rinnataskut auastme eraldusm\u00e4rgi klapp rinnal\u00a0n\u00f6\u00f6biga\u00a0 takjakinnituse riba nimesildile rinnal Bundesheer\u00b4i logo vasakul k\u00e4isel Materjal: 50% puuvill 50% pol\u00fcester Seisukord: uus (v\u00f5ib sisaldada hulgiladustamise j\u00e4lgi) kasutatud, Grade 1 (heas korras, kergete v\u00f5i m\u00f5\u00f5dukate kulumisj\u00e4lgedega)","og_url":"https:\/\/www.outdoors.ee\/et\/toode\/austria-armee-luhikese-varrukaga-sark\/","og_site_name":"Outdoors","article_modified_time":"2025-08-19T10:45:01+00:00","og_image":[{"width":497,"height":520,"url":"https:\/\/www.outdoors.ee\/wp-content\/uploads\/2021\/12\/0452-Austrian-Army-Short-Sleeve-Shirt-1.png","type":"image\/png"}],"twitter_card":"summary_large_image","twitter_title":"Austria Armee l\u00fchikese varrukaga s\u00e4rk","twitter_misc":{"Est. reading time":"1 minut"},"schema":{"@context":"https:\/\/schema.org","@graph":[{"@type":"WebPage","@id":"https:\/\/www.outdoors.ee\/et\/toode\/austria-armee-luhikese-varrukaga-sark\/","url":"https:\/\/www.outdoors.ee\/et\/toode\/austria-armee-luhikese-varrukaga-sark\/","name":"Austria Armee l\u00fchikese varrukaga s\u00e4rk - outdoors.ee","isPartOf":{"@id":"https:\/\/www.outdoors.ee\/#website"},"primaryImageOfPage":{"@id":"https:\/\/www.outdoors.ee\/et\/toode\/austria-armee-luhikese-varrukaga-sark\/#primaryimage"},"image":{"@id":"https:\/\/www.outdoors.ee\/et\/toode\/austria-armee-luhikese-varrukaga-sark\/#primaryimage"},"thumbnailUrl":"https:\/\/www.outdoors.ee\/wp-content\/uploads\/2021\/12\/0452-Austrian-Army-Short-Sleeve-Shirt-1.png","datePublished":"2021-12-08T22:00:00+00:00","dateModified":"2025-08-19T10:45:01+00:00","description":"Originaalne Austria s\u00f5jav\u00e4e vormis\u00e4rk l\u00fchikese varrukaga.\u00a0 Omadused: n\u00f6\u00f6pidega eest suletav 2 n\u00f6\u00f6biga rinnataskut auastme eraldusm\u00e4rgi klapp rinnal\u00a0n\u00f6\u00f6biga\u00a0 takjakinnituse riba nimesildile rinnal Bundesheer\u00b4i logo vasakul k\u00e4isel Materjal: 50% puuvill 50% pol\u00fcester Seisukord: uus (v\u00f5ib sisaldada hulgiladustamise j\u00e4lgi) kasutatud, Grade 1 (heas korras, kergete v\u00f5i m\u00f5\u00f5dukate kulumisj\u00e4lgedega)","breadcrumb":{"@id":"https:\/\/www.outdoors.ee\/et\/toode\/austria-armee-luhikese-varrukaga-sark\/#breadcrumb"},"inLanguage":"et","potentialAction":[{"@type":"ReadAction","target":["https:\/\/www.outdoors.ee\/et\/toode\/austria-armee-luhikese-varrukaga-sark\/"]}]},{"@type":"ImageObject","inLanguage":"et","@id":"https:\/\/www.outdoors.ee\/et\/toode\/austria-armee-luhikese-varrukaga-sark\/#primaryimage","url":"https:\/\/www.outdoors.ee\/wp-content\/uploads\/2021\/12\/0452-Austrian-Army-Short-Sleeve-Shirt-1.png","contentUrl":"https:\/\/www.outdoors.ee\/wp-content\/uploads\/2021\/12\/0452-Austrian-Army-Short-Sleeve-Shirt-1.png","width":497,"height":520},{"@type":"BreadcrumbList","@id":"https:\/\/www.outdoors.ee\/et\/toode\/austria-armee-luhikese-varrukaga-sark\/#breadcrumb","itemListElement":[{"@type":"ListItem","position":1,"name":"Home","item":"https:\/\/www.outdoors.ee\/et\/"},{"@type":"ListItem","position":2,"name":"Tooted","item":"https:\/\/www.outdoors.ee\/products\/"},{"@type":"ListItem","position":3,"name":"Austria Armee l\u00fchikese varrukaga s\u00e4rk"}]},{"@type":"WebSite","@id":"https:\/\/www.outdoors.ee\/#website","url":"https:\/\/www.outdoors.ee\/","name":"Outdoors","description":"Genuine military surplus and not only!","potentialAction":[{"@type":"SearchAction","target":{"@type":"EntryPoint","urlTemplate":"https:\/\/www.outdoors.ee\/?s={search_term_string}"},"query-input":{"@type":"PropertyValueSpecification","valueRequired":true,"valueName":"search_term_string"}}],"inLanguage":"et"}]}},"_links":{"self":[{"href":"https:\/\/www.outdoors.ee\/et\/wp-json\/wp\/v2\/product\/59333","targetHints":{"allow":["GET"]}}],"collection":[{"href":"https:\/\/www.outdoors.ee\/et\/wp-json\/wp\/v2\/product"}],"about":[{"href":"https:\/\/www.outdoors.ee\/et\/wp-json\/wp\/v2\/types\/product"}],"wp:featuredmedia":[{"embeddable":true,"href":"https:\/\/www.outdoors.ee\/et\/wp-json\/wp\/v2\/media\/64137"}],"wp:attachment":[{"href":"https:\/\/www.outdoors.ee\/et\/wp-json\/wp\/v2\/media?parent=59333"}],"wp:term":[{"taxonomy":"product_brand","embeddable":true,"href":"https:\/\/www.outdoors.ee\/et\/wp-json\/wp\/v2\/product_brand?post=59333"},{"taxonomy":"product_cat","embeddable":true,"href":"https:\/\/www.outdoors.ee\/et\/wp-json\/wp\/v2\/product_cat?post=59333"},{"taxonomy":"product_tag","embeddable":true,"href":"https:\/\/www.outdoors.ee\/et\/wp-json\/wp\/v2\/product_tag?post=59333"}],"curies":[{"name":"wp","href":"https:\/\/api.w.org\/{rel}","templated":true}]}}