{"id":59301,"date":"2021-12-09T00:00:00","date_gmt":"2021-12-08T22:00:00","guid":{"rendered":"https:\/\/www.outdoors.ee\/product\/austria-armee-tehniku-kombinesoon\/"},"modified":"2025-01-16T18:32:30","modified_gmt":"2025-01-16T16:32:30","slug":"austria-armee-tehniku-kombinesoon","status":"publish","type":"product","link":"https:\/\/www.outdoors.ee\/et\/toode\/austria-armee-tehniku-kombinesoon\/","title":{"rendered":"Austria Armee tehniku kombinesoon"},"content":{"rendered":"<p><strong>Omadused:<\/strong><\/p>\n<ul>\n<li>Austria s\u00f5jav\u00e4e originaal<\/li>\n<li>2 suurt n\u00f6\u00f6biga rinnataskut<\/li>\n<li>2 suurt n\u00f6\u00f6biga reietaskut<\/li>\n<li>kahesuunaline t\u00f5mblukk<\/li>\n<li>n\u00f6\u00f6biga reguleeritav manseti laius<\/li>\n<li>auaustme eraldusm\u00e4rgi klapid \u00f5ldagel<\/li>\n<li>takjakinnitusriba nimesildile rinnal<\/li>\n<li>materjal: 67% pol\u00fcester, 33% puuvill<\/li>\n<\/ul>\n<p><strong>Seisukord<\/strong>: uuev\u00e4\u00e4rne (sisaldab minimaalseid kulumisj\u00e4lgi)<\/p>\n","protected":false},"excerpt":{"rendered":"<p>Austria Armee tehniku kombinesoon, oliivroheline<\/p>\n","protected":false},"featured_media":64133,"template":"","meta":[],"product_brand":[],"product_cat":[2709],"product_tag":[],"class_list":{"0":"post-59301","1":"product","2":"type-product","3":"status-publish","4":"has-post-thumbnail","6":"product_cat-kombinesoonid","7":"pa_brand-austrian-military-surplus","8":"pa_size-large-long-2","9":"pa_size-large-regular-2","10":"pa_size-medium-long-2","11":"pa_size-medium-regular-2","12":"pa_size-medium-short-2","13":"pa_size-small-long-2","14":"pa_size-xlarge-long-2","15":"pa_size-xlarge-regular-3","16":"pa_size-xlarge-short-2","18":"first","19":"instock","20":"taxable","21":"shipping-taxable","22":"purchasable","23":"product-type-variable"},"yoast_head":"<!-- This site is optimized with the Yoast SEO plugin v27.2 - https:\/\/yoast.com\/product\/yoast-seo-wordpress\/ -->\n<title>Austria Armee tehniku kombinesoon - outdoors.ee<\/title>\n<meta name=\"description\" content=\"Omadused: 2 suurt n&ouml;&ouml;biga rinnataskut 2 suurt n&ouml;&ouml;biga reietaskut kahesuunaline t&otilde;mblukk n&ouml;&ouml;biga reguleeritav manseti laius auaustme eraldusm&auml;rgi klapid &otilde;ldagel takjakinnitusriba nimesildile&nbsp;rinnal &nbsp; Materjal: 67% pol&uuml;ester, 33% puuvill Seisukord: uuev&auml;&auml;rne (v&otilde;ib sisaldada minimaalseid kulumisj&auml;lgi)\" \/>\n<meta name=\"robots\" content=\"index, follow, max-snippet:-1, max-image-preview:large, max-video-preview:-1\" \/>\n<link rel=\"canonical\" href=\"https:\/\/www.outdoors.ee\/toode\/austrian-army-mechanics-coverall\/\" \/>\n<meta property=\"og:locale\" content=\"et_EE\" \/>\n<meta property=\"og:type\" content=\"article\" \/>\n<meta property=\"og:title\" content=\"Austria Armee tehniku kombinesoon\" \/>\n<meta property=\"og:description\" content=\"Omadused: 2 suurt n&ouml;&ouml;biga rinnataskut 2 suurt n&ouml;&ouml;biga reietaskut kahesuunaline t&otilde;mblukk n&ouml;&ouml;biga reguleeritav manseti laius auaustme eraldusm&auml;rgi klapid &otilde;ldagel takjakinnitusriba nimesildile&nbsp;rinnal &nbsp; Materjal: 67% pol&uuml;ester, 33% puuvill Seisukord: uuev&auml;&auml;rne (v&otilde;ib sisaldada minimaalseid kulumisj&auml;lgi)\" \/>\n<meta property=\"og:url\" content=\"https:\/\/www.outdoors.ee\/toode\/austrian-army-mechanics-coverall\/\" \/>\n<meta property=\"og:site_name\" content=\"Outdoors\" \/>\n<meta property=\"article:modified_time\" content=\"2025-01-16T16:32:30+00:00\" \/>\n<meta property=\"og:image\" content=\"https:\/\/www.outdoors.ee\/wp-content\/uploads\/2021\/12\/0444-Austrian-Army-Mechanic-Overall.png\" \/>\n\t<meta property=\"og:image:width\" content=\"449\" \/>\n\t<meta property=\"og:image:height\" content=\"574\" \/>\n\t<meta property=\"og:image:type\" content=\"image\/png\" \/>\n<meta name=\"twitter:card\" content=\"summary_large_image\" \/>\n<meta name=\"twitter:title\" content=\"Austria Armee tehniku kombinesoon\" \/>\n<script type=\"application\/ld+json\" class=\"yoast-schema-graph\">{\"@context\":\"https:\/\/schema.org\",\"@graph\":[{\"@type\":\"WebPage\",\"@id\":\"https:\/\/www.outdoors.ee\/toode\/austrian-army-mechanics-coverall\/\",\"url\":\"https:\/\/www.outdoors.ee\/toode\/austrian-army-mechanics-coverall\/\",\"name\":\"Austria Armee tehniku kombinesoon - outdoors.ee\",\"isPartOf\":{\"@id\":\"https:\/\/www.outdoors.ee\/#website\"},\"primaryImageOfPage\":{\"@id\":\"https:\/\/www.outdoors.ee\/toode\/austrian-army-mechanics-coverall\/#primaryimage\"},\"image\":{\"@id\":\"https:\/\/www.outdoors.ee\/toode\/austrian-army-mechanics-coverall\/#primaryimage\"},\"thumbnailUrl\":\"https:\/\/www.outdoors.ee\/wp-content\/uploads\/2021\/12\/0444-Austrian-Army-Mechanic-Overall.png\",\"datePublished\":\"2021-12-08T22:00:00+00:00\",\"dateModified\":\"2025-01-16T16:32:30+00:00\",\"description\":\"Omadused: 2 suurt n&ouml;&ouml;biga rinnataskut 2 suurt n&ouml;&ouml;biga reietaskut kahesuunaline t&otilde;mblukk n&ouml;&ouml;biga reguleeritav manseti laius auaustme eraldusm&auml;rgi klapid &otilde;ldagel takjakinnitusriba nimesildile&nbsp;rinnal &nbsp; Materjal: 67% pol&uuml;ester, 33% puuvill Seisukord: uuev&auml;&auml;rne (v&otilde;ib sisaldada minimaalseid kulumisj&auml;lgi)\",\"breadcrumb\":{\"@id\":\"https:\/\/www.outdoors.ee\/toode\/austrian-army-mechanics-coverall\/#breadcrumb\"},\"inLanguage\":\"et\",\"potentialAction\":[{\"@type\":\"ReadAction\",\"target\":[\"https:\/\/www.outdoors.ee\/toode\/austrian-army-mechanics-coverall\/\"]}]},{\"@type\":\"ImageObject\",\"inLanguage\":\"et\",\"@id\":\"https:\/\/www.outdoors.ee\/toode\/austrian-army-mechanics-coverall\/#primaryimage\",\"url\":\"https:\/\/www.outdoors.ee\/wp-content\/uploads\/2021\/12\/0444-Austrian-Army-Mechanic-Overall.png\",\"contentUrl\":\"https:\/\/www.outdoors.ee\/wp-content\/uploads\/2021\/12\/0444-Austrian-Army-Mechanic-Overall.png\",\"width\":449,\"height\":574},{\"@type\":\"BreadcrumbList\",\"@id\":\"https:\/\/www.outdoors.ee\/toode\/austrian-army-mechanics-coverall\/#breadcrumb\",\"itemListElement\":[{\"@type\":\"ListItem\",\"position\":1,\"name\":\"Home\",\"item\":\"https:\/\/www.outdoors.ee\/et\/\"},{\"@type\":\"ListItem\",\"position\":2,\"name\":\"Tooted\",\"item\":\"https:\/\/www.outdoors.ee\/products\/\"},{\"@type\":\"ListItem\",\"position\":3,\"name\":\"Austria Armee tehniku kombinesoon\"}]},{\"@type\":\"WebSite\",\"@id\":\"https:\/\/www.outdoors.ee\/#website\",\"url\":\"https:\/\/www.outdoors.ee\/\",\"name\":\"Outdoors\",\"description\":\"Genuine military surplus and not only!\",\"potentialAction\":[{\"@type\":\"SearchAction\",\"target\":{\"@type\":\"EntryPoint\",\"urlTemplate\":\"https:\/\/www.outdoors.ee\/?s={search_term_string}\"},\"query-input\":{\"@type\":\"PropertyValueSpecification\",\"valueRequired\":true,\"valueName\":\"search_term_string\"}}],\"inLanguage\":\"et\"}]}<\/script>\n<!-- \/ Yoast SEO plugin. -->","yoast_head_json":{"title":"Austria Armee tehniku kombinesoon - outdoors.ee","description":"Omadused: 2 suurt n&ouml;&ouml;biga rinnataskut 2 suurt n&ouml;&ouml;biga reietaskut kahesuunaline t&otilde;mblukk n&ouml;&ouml;biga reguleeritav manseti laius auaustme eraldusm&auml;rgi klapid &otilde;ldagel takjakinnitusriba nimesildile&nbsp;rinnal &nbsp; Materjal: 67% pol&uuml;ester, 33% puuvill Seisukord: uuev&auml;&auml;rne (v&otilde;ib sisaldada minimaalseid kulumisj&auml;lgi)","robots":{"index":"index","follow":"follow","max-snippet":"max-snippet:-1","max-image-preview":"max-image-preview:large","max-video-preview":"max-video-preview:-1"},"canonical":"https:\/\/www.outdoors.ee\/toode\/austrian-army-mechanics-coverall\/","og_locale":"et_EE","og_type":"article","og_title":"Austria Armee tehniku kombinesoon","og_description":"Omadused: 2 suurt n&ouml;&ouml;biga rinnataskut 2 suurt n&ouml;&ouml;biga reietaskut kahesuunaline t&otilde;mblukk n&ouml;&ouml;biga reguleeritav manseti laius auaustme eraldusm&auml;rgi klapid &otilde;ldagel takjakinnitusriba nimesildile&nbsp;rinnal &nbsp; Materjal: 67% pol&uuml;ester, 33% puuvill Seisukord: uuev&auml;&auml;rne (v&otilde;ib sisaldada minimaalseid kulumisj&auml;lgi)","og_url":"https:\/\/www.outdoors.ee\/toode\/austrian-army-mechanics-coverall\/","og_site_name":"Outdoors","article_modified_time":"2025-01-16T16:32:30+00:00","og_image":[{"width":449,"height":574,"url":"https:\/\/www.outdoors.ee\/wp-content\/uploads\/2021\/12\/0444-Austrian-Army-Mechanic-Overall.png","type":"image\/png"}],"twitter_card":"summary_large_image","twitter_title":"Austria Armee tehniku kombinesoon","schema":{"@context":"https:\/\/schema.org","@graph":[{"@type":"WebPage","@id":"https:\/\/www.outdoors.ee\/toode\/austrian-army-mechanics-coverall\/","url":"https:\/\/www.outdoors.ee\/toode\/austrian-army-mechanics-coverall\/","name":"Austria Armee tehniku kombinesoon - outdoors.ee","isPartOf":{"@id":"https:\/\/www.outdoors.ee\/#website"},"primaryImageOfPage":{"@id":"https:\/\/www.outdoors.ee\/toode\/austrian-army-mechanics-coverall\/#primaryimage"},"image":{"@id":"https:\/\/www.outdoors.ee\/toode\/austrian-army-mechanics-coverall\/#primaryimage"},"thumbnailUrl":"https:\/\/www.outdoors.ee\/wp-content\/uploads\/2021\/12\/0444-Austrian-Army-Mechanic-Overall.png","datePublished":"2021-12-08T22:00:00+00:00","dateModified":"2025-01-16T16:32:30+00:00","description":"Omadused: 2 suurt n&ouml;&ouml;biga rinnataskut 2 suurt n&ouml;&ouml;biga reietaskut kahesuunaline t&otilde;mblukk n&ouml;&ouml;biga reguleeritav manseti laius auaustme eraldusm&auml;rgi klapid &otilde;ldagel takjakinnitusriba nimesildile&nbsp;rinnal &nbsp; Materjal: 67% pol&uuml;ester, 33% puuvill Seisukord: uuev&auml;&auml;rne (v&otilde;ib sisaldada minimaalseid kulumisj&auml;lgi)","breadcrumb":{"@id":"https:\/\/www.outdoors.ee\/toode\/austrian-army-mechanics-coverall\/#breadcrumb"},"inLanguage":"et","potentialAction":[{"@type":"ReadAction","target":["https:\/\/www.outdoors.ee\/toode\/austrian-army-mechanics-coverall\/"]}]},{"@type":"ImageObject","inLanguage":"et","@id":"https:\/\/www.outdoors.ee\/toode\/austrian-army-mechanics-coverall\/#primaryimage","url":"https:\/\/www.outdoors.ee\/wp-content\/uploads\/2021\/12\/0444-Austrian-Army-Mechanic-Overall.png","contentUrl":"https:\/\/www.outdoors.ee\/wp-content\/uploads\/2021\/12\/0444-Austrian-Army-Mechanic-Overall.png","width":449,"height":574},{"@type":"BreadcrumbList","@id":"https:\/\/www.outdoors.ee\/toode\/austrian-army-mechanics-coverall\/#breadcrumb","itemListElement":[{"@type":"ListItem","position":1,"name":"Home","item":"https:\/\/www.outdoors.ee\/et\/"},{"@type":"ListItem","position":2,"name":"Tooted","item":"https:\/\/www.outdoors.ee\/products\/"},{"@type":"ListItem","position":3,"name":"Austria Armee tehniku kombinesoon"}]},{"@type":"WebSite","@id":"https:\/\/www.outdoors.ee\/#website","url":"https:\/\/www.outdoors.ee\/","name":"Outdoors","description":"Genuine military surplus and not only!","potentialAction":[{"@type":"SearchAction","target":{"@type":"EntryPoint","urlTemplate":"https:\/\/www.outdoors.ee\/?s={search_term_string}"},"query-input":{"@type":"PropertyValueSpecification","valueRequired":true,"valueName":"search_term_string"}}],"inLanguage":"et"}]}},"_links":{"self":[{"href":"https:\/\/www.outdoors.ee\/et\/wp-json\/wp\/v2\/product\/59301","targetHints":{"allow":["GET"]}}],"collection":[{"href":"https:\/\/www.outdoors.ee\/et\/wp-json\/wp\/v2\/product"}],"about":[{"href":"https:\/\/www.outdoors.ee\/et\/wp-json\/wp\/v2\/types\/product"}],"wp:featuredmedia":[{"embeddable":true,"href":"https:\/\/www.outdoors.ee\/et\/wp-json\/wp\/v2\/media\/64133"}],"wp:attachment":[{"href":"https:\/\/www.outdoors.ee\/et\/wp-json\/wp\/v2\/media?parent=59301"}],"wp:term":[{"taxonomy":"product_brand","embeddable":true,"href":"https:\/\/www.outdoors.ee\/et\/wp-json\/wp\/v2\/product_brand?post=59301"},{"taxonomy":"product_cat","embeddable":true,"href":"https:\/\/www.outdoors.ee\/et\/wp-json\/wp\/v2\/product_cat?post=59301"},{"taxonomy":"product_tag","embeddable":true,"href":"https:\/\/www.outdoors.ee\/et\/wp-json\/wp\/v2\/product_tag?post=59301"}],"curies":[{"name":"wp","href":"https:\/\/api.w.org\/{rel}","templated":true}]}}