{"id":59273,"date":"2021-12-09T00:00:00","date_gmt":"2021-12-08T22:00:00","guid":{"rendered":"https:\/\/www.outdoors.ee\/product\/austria-armee-nahast-lahingsaapad-full-lined\/"},"modified":"2026-03-22T15:15:09","modified_gmt":"2026-03-22T13:15:09","slug":"austria-armee-nahast-lahingsaapad-kaz-03-black","status":"publish","type":"product","link":"https:\/\/www.outdoors.ee\/et\/toode\/austria-armee-nahast-lahingsaapad-kaz-03-black\/","title":{"rendered":"Austria Armee nahast lahingsaapad KAZ-03 Black"},"content":{"rendered":"<p style=\"text-align: justify;\">Rasked, robustsed ning \u00fclimalt vastupidavad Austria s\u00f5jav\u00e4e m\u00e4gi\/lahingsaapad.<\/p>\n<p style=\"text-align: justify;\"><strong>Omadused:<\/strong><\/p>\n<ul style=\"text-align: justify;\">\n<li>veekindlast t\u00e4isnahast pealne<\/li>\n<li>nahast sisevooder terve saapa ulatuses<\/li>\n<li>k\u00f5rge, pehmendatud s\u00e4\u00e4rega (ca 28cm)<\/li>\n<li>s\u00fcgava libisemisvastase mustriga kummist v\u00e4listald<\/li>\n<li>saapa k\u00fclge \u00f5mmeldud saapa keel<\/li>\n<li>kinnise D-kujulise aasaga ning lahtise haagiga paelas\u00fcsteem<\/li>\n<li>taastamist v\u00f5imaldav v\u00e4listald<\/li>\n<li>originaalsuurus ainult EU skaalas<\/li>\n<li>tootjaks enamjaolt V\u00f6lkl, Saksamaa<\/li>\n<\/ul>\n<p style=\"text-align: justify;\"><strong>Seisukord:<\/strong><\/p>\n<ul>\n<li>uuev\u00e4\u00e4rne (sisaldavad kergeid kulumisj\u00e4lgi)<\/li>\n<li style=\"text-align: justify;\">kasutatud, Grade 1 (sisaldavad m\u00f5\u00f5dukaid kulumisj\u00e4lgi ning v\u00f5ivad sisaldada v\u00e4iksemaid vigastusi, mis ei v\u00e4lista kasutamist. Sisetallad v\u00f5ivad puududa)<\/li>\n<li>kasutatud, Grade 2 (sisaldavad s\u00fcgavamaid kulumisj\u00e4lgi, v\u00f5ivad sisaldada v\u00e4iksemaid vigastusi, kanna deformeerumist jne. Sisetallad v\u00f5ivad puududa)<\/li>\n<\/ul>\n","protected":false},"excerpt":{"rendered":"<p>Rasked, robustsed ning \u00fclimalt vastupidavad Austria s\u00f5jav\u00e4e m\u00e4gi\/lahingsaapad. Omadused: veekindlast t\u00e4isnahast pealne nahast sisevooder terve saapa ulatuses k\u00f5rge, pehmendatud s\u00e4\u00e4rega<\/p>\n","protected":false},"featured_media":107855,"template":"","meta":[],"product_brand":[],"product_cat":[70],"product_tag":[],"class_list":{"0":"post-59273","1":"product","2":"type-product","3":"status-publish","4":"has-post-thumbnail","6":"product_cat-jalanoud","7":"pa_brand-austrian-military-surplus","8":"pa_condition-kasutatud-grade-1","9":"pa_condition-kasutatud-grade-2","10":"pa_condition-uuevaarne","11":"pa_size-uk10-us11-eu45-2-2","12":"pa_size-uk11-us12-eu46-2","13":"pa_size-uk125-us135-eu48-2","14":"pa_size-uk12-us13-eu47-3","15":"pa_size-uk135-us145-eu49-2","16":"pa_size-uk55-us65-eu39-2","17":"pa_size-uk5-us6-eu38-2","18":"pa_size-uk65-us75-eu40-2-2","19":"pa_size-uk7-us8-eu41-2","20":"pa_size-uk8-us9-eu42-3","21":"pa_size-uk95-us105-eu44-2","22":"pa_size-uk9-us10-eu43-2","24":"first","25":"instock","26":"featured","27":"taxable","28":"shipping-taxable","29":"purchasable","30":"product-type-variable"},"yoast_head":"<!-- This site is optimized with the Yoast SEO plugin v27.2 - https:\/\/yoast.com\/product\/yoast-seo-wordpress\/ -->\n<title>Austria Armee nahast lahingsaapad Full-Lined - outdoors.ee<\/title>\n<meta name=\"description\" content=\"Rasked, robustsed ning \u00fclimalt vastupidavad Austria s\u00f5jav\u00e4e m\u00e4gi\/lahingsaapad. Omadused: veekindlast t\u00e4isnahast pealne nahast sisevooder terve saapa ulatuses k\u00f5rge, pehmendatud s\u00e4\u00e4rega (ca 28cm) s\u00fcgava libisemisvastase mustriga kummist v\u00e4listald saapa k\u00fclge \u00f5mmeldud saapa keel kinnise D-kujulise aasaga ning lahtise haagiga paelas\u00fcsteem taastamist v\u00f5imaldav v\u00e4listald Tootja:\u00a0V\u00f6lkl, Saksamaa Kaal: ca\u00a02250g\/paar (suurus EU43) Seisukord: kasutatud, sisaldavad m\u00f5\u00f5dukaid kulumisj\u00e4lgi, kuid ilma m\u00e4rkimisv\u00e4\u00e4rsete vigastusteta. Sisetallad ja paelad v\u00f5ivad vajada asendamist.\" \/>\n<meta name=\"robots\" content=\"index, follow, max-snippet:-1, max-image-preview:large, max-video-preview:-1\" \/>\n<link rel=\"canonical\" href=\"https:\/\/www.outdoors.ee\/et\/toode\/austria-armee-nahast-lahingsaapad-kaz-03-black\/\" \/>\n<meta property=\"og:locale\" content=\"et_EE\" \/>\n<meta property=\"og:type\" content=\"article\" \/>\n<meta property=\"og:title\" content=\"Austria Armee nahast lahingsaapad Full-Lined\" \/>\n<meta property=\"og:description\" content=\"Rasked, robustsed ning \u00fclimalt vastupidavad Austria s\u00f5jav\u00e4e m\u00e4gi\/lahingsaapad. Omadused: veekindlast t\u00e4isnahast pealne nahast sisevooder terve saapa ulatuses k\u00f5rge, pehmendatud s\u00e4\u00e4rega (ca 28cm) s\u00fcgava libisemisvastase mustriga kummist v\u00e4listald saapa k\u00fclge \u00f5mmeldud saapa keel kinnise D-kujulise aasaga ning lahtise haagiga paelas\u00fcsteem taastamist v\u00f5imaldav v\u00e4listald Tootja:\u00a0V\u00f6lkl, Saksamaa Kaal: ca\u00a02250g\/paar (suurus EU43) Seisukord: kasutatud, sisaldavad m\u00f5\u00f5dukaid kulumisj\u00e4lgi, kuid ilma m\u00e4rkimisv\u00e4\u00e4rsete vigastusteta. Sisetallad ja paelad v\u00f5ivad vajada asendamist.\" \/>\n<meta property=\"og:url\" content=\"https:\/\/www.outdoors.ee\/et\/toode\/austria-armee-nahast-lahingsaapad-kaz-03-black\/\" \/>\n<meta property=\"og:site_name\" content=\"Outdoors\" \/>\n<meta property=\"article:modified_time\" content=\"2026-03-22T13:15:09+00:00\" \/>\n<meta property=\"og:image\" content=\"https:\/\/www.outdoors.ee\/wp-content\/uploads\/2021\/12\/0439-Austrian-Army-KAZ-03-Leather-Combat-Boots-1.png\" \/>\n\t<meta property=\"og:image:width\" content=\"960\" \/>\n\t<meta property=\"og:image:height\" content=\"1100\" \/>\n\t<meta property=\"og:image:type\" content=\"image\/png\" \/>\n<meta name=\"twitter:card\" content=\"summary_large_image\" \/>\n<meta name=\"twitter:title\" content=\"Austria Armee nahast lahingsaapad Full-Lined\" \/>\n<meta name=\"twitter:label1\" content=\"Est. reading time\" \/>\n\t<meta name=\"twitter:data1\" content=\"1 minut\" \/>\n<script type=\"application\/ld+json\" class=\"yoast-schema-graph\">{\"@context\":\"https:\/\/schema.org\",\"@graph\":[{\"@type\":\"WebPage\",\"@id\":\"https:\/\/www.outdoors.ee\/et\/toode\/austria-armee-nahast-lahingsaapad-kaz-03-black\/\",\"url\":\"https:\/\/www.outdoors.ee\/et\/toode\/austria-armee-nahast-lahingsaapad-kaz-03-black\/\",\"name\":\"Austria Armee nahast lahingsaapad Full-Lined - outdoors.ee\",\"isPartOf\":{\"@id\":\"https:\/\/www.outdoors.ee\/#website\"},\"primaryImageOfPage\":{\"@id\":\"https:\/\/www.outdoors.ee\/et\/toode\/austria-armee-nahast-lahingsaapad-kaz-03-black\/#primaryimage\"},\"image\":{\"@id\":\"https:\/\/www.outdoors.ee\/et\/toode\/austria-armee-nahast-lahingsaapad-kaz-03-black\/#primaryimage\"},\"thumbnailUrl\":\"https:\/\/www.outdoors.ee\/wp-content\/uploads\/2021\/12\/0439-Austrian-Army-KAZ-03-Leather-Combat-Boots-1.png\",\"datePublished\":\"2021-12-08T22:00:00+00:00\",\"dateModified\":\"2026-03-22T13:15:09+00:00\",\"description\":\"Rasked, robustsed ning \u00fclimalt vastupidavad Austria s\u00f5jav\u00e4e m\u00e4gi\/lahingsaapad. Omadused: veekindlast t\u00e4isnahast pealne nahast sisevooder terve saapa ulatuses k\u00f5rge, pehmendatud s\u00e4\u00e4rega (ca 28cm) s\u00fcgava libisemisvastase mustriga kummist v\u00e4listald saapa k\u00fclge \u00f5mmeldud saapa keel kinnise D-kujulise aasaga ning lahtise haagiga paelas\u00fcsteem taastamist v\u00f5imaldav v\u00e4listald Tootja:\u00a0V\u00f6lkl, Saksamaa Kaal: ca\u00a02250g\/paar (suurus EU43) Seisukord: kasutatud, sisaldavad m\u00f5\u00f5dukaid kulumisj\u00e4lgi, kuid ilma m\u00e4rkimisv\u00e4\u00e4rsete vigastusteta. Sisetallad ja paelad v\u00f5ivad vajada asendamist.\",\"breadcrumb\":{\"@id\":\"https:\/\/www.outdoors.ee\/et\/toode\/austria-armee-nahast-lahingsaapad-kaz-03-black\/#breadcrumb\"},\"inLanguage\":\"et\",\"potentialAction\":[{\"@type\":\"ReadAction\",\"target\":[\"https:\/\/www.outdoors.ee\/et\/toode\/austria-armee-nahast-lahingsaapad-kaz-03-black\/\"]}]},{\"@type\":\"ImageObject\",\"inLanguage\":\"et\",\"@id\":\"https:\/\/www.outdoors.ee\/et\/toode\/austria-armee-nahast-lahingsaapad-kaz-03-black\/#primaryimage\",\"url\":\"https:\/\/www.outdoors.ee\/wp-content\/uploads\/2021\/12\/0439-Austrian-Army-KAZ-03-Leather-Combat-Boots-1.png\",\"contentUrl\":\"https:\/\/www.outdoors.ee\/wp-content\/uploads\/2021\/12\/0439-Austrian-Army-KAZ-03-Leather-Combat-Boots-1.png\",\"width\":960,\"height\":1100},{\"@type\":\"BreadcrumbList\",\"@id\":\"https:\/\/www.outdoors.ee\/et\/toode\/austria-armee-nahast-lahingsaapad-kaz-03-black\/#breadcrumb\",\"itemListElement\":[{\"@type\":\"ListItem\",\"position\":1,\"name\":\"Home\",\"item\":\"https:\/\/www.outdoors.ee\/et\/\"},{\"@type\":\"ListItem\",\"position\":2,\"name\":\"Tooted\",\"item\":\"https:\/\/www.outdoors.ee\/products\/\"},{\"@type\":\"ListItem\",\"position\":3,\"name\":\"Austria Armee nahast lahingsaapad KAZ-03 Black\"}]},{\"@type\":\"WebSite\",\"@id\":\"https:\/\/www.outdoors.ee\/#website\",\"url\":\"https:\/\/www.outdoors.ee\/\",\"name\":\"Outdoors\",\"description\":\"Genuine military surplus and not only!\",\"potentialAction\":[{\"@type\":\"SearchAction\",\"target\":{\"@type\":\"EntryPoint\",\"urlTemplate\":\"https:\/\/www.outdoors.ee\/?s={search_term_string}\"},\"query-input\":{\"@type\":\"PropertyValueSpecification\",\"valueRequired\":true,\"valueName\":\"search_term_string\"}}],\"inLanguage\":\"et\"}]}<\/script>\n<!-- \/ Yoast SEO plugin. -->","yoast_head_json":{"title":"Austria Armee nahast lahingsaapad Full-Lined - outdoors.ee","description":"Rasked, robustsed ning \u00fclimalt vastupidavad Austria s\u00f5jav\u00e4e m\u00e4gi\/lahingsaapad. Omadused: veekindlast t\u00e4isnahast pealne nahast sisevooder terve saapa ulatuses k\u00f5rge, pehmendatud s\u00e4\u00e4rega (ca 28cm) s\u00fcgava libisemisvastase mustriga kummist v\u00e4listald saapa k\u00fclge \u00f5mmeldud saapa keel kinnise D-kujulise aasaga ning lahtise haagiga paelas\u00fcsteem taastamist v\u00f5imaldav v\u00e4listald Tootja:\u00a0V\u00f6lkl, Saksamaa Kaal: ca\u00a02250g\/paar (suurus EU43) Seisukord: kasutatud, sisaldavad m\u00f5\u00f5dukaid kulumisj\u00e4lgi, kuid ilma m\u00e4rkimisv\u00e4\u00e4rsete vigastusteta. Sisetallad ja paelad v\u00f5ivad vajada asendamist.","robots":{"index":"index","follow":"follow","max-snippet":"max-snippet:-1","max-image-preview":"max-image-preview:large","max-video-preview":"max-video-preview:-1"},"canonical":"https:\/\/www.outdoors.ee\/et\/toode\/austria-armee-nahast-lahingsaapad-kaz-03-black\/","og_locale":"et_EE","og_type":"article","og_title":"Austria Armee nahast lahingsaapad Full-Lined","og_description":"Rasked, robustsed ning \u00fclimalt vastupidavad Austria s\u00f5jav\u00e4e m\u00e4gi\/lahingsaapad. Omadused: veekindlast t\u00e4isnahast pealne nahast sisevooder terve saapa ulatuses k\u00f5rge, pehmendatud s\u00e4\u00e4rega (ca 28cm) s\u00fcgava libisemisvastase mustriga kummist v\u00e4listald saapa k\u00fclge \u00f5mmeldud saapa keel kinnise D-kujulise aasaga ning lahtise haagiga paelas\u00fcsteem taastamist v\u00f5imaldav v\u00e4listald Tootja:\u00a0V\u00f6lkl, Saksamaa Kaal: ca\u00a02250g\/paar (suurus EU43) Seisukord: kasutatud, sisaldavad m\u00f5\u00f5dukaid kulumisj\u00e4lgi, kuid ilma m\u00e4rkimisv\u00e4\u00e4rsete vigastusteta. Sisetallad ja paelad v\u00f5ivad vajada asendamist.","og_url":"https:\/\/www.outdoors.ee\/et\/toode\/austria-armee-nahast-lahingsaapad-kaz-03-black\/","og_site_name":"Outdoors","article_modified_time":"2026-03-22T13:15:09+00:00","og_image":[{"width":960,"height":1100,"url":"https:\/\/www.outdoors.ee\/wp-content\/uploads\/2021\/12\/0439-Austrian-Army-KAZ-03-Leather-Combat-Boots-1.png","type":"image\/png"}],"twitter_card":"summary_large_image","twitter_title":"Austria Armee nahast lahingsaapad Full-Lined","twitter_misc":{"Est. reading time":"1 minut"},"schema":{"@context":"https:\/\/schema.org","@graph":[{"@type":"WebPage","@id":"https:\/\/www.outdoors.ee\/et\/toode\/austria-armee-nahast-lahingsaapad-kaz-03-black\/","url":"https:\/\/www.outdoors.ee\/et\/toode\/austria-armee-nahast-lahingsaapad-kaz-03-black\/","name":"Austria Armee nahast lahingsaapad Full-Lined - outdoors.ee","isPartOf":{"@id":"https:\/\/www.outdoors.ee\/#website"},"primaryImageOfPage":{"@id":"https:\/\/www.outdoors.ee\/et\/toode\/austria-armee-nahast-lahingsaapad-kaz-03-black\/#primaryimage"},"image":{"@id":"https:\/\/www.outdoors.ee\/et\/toode\/austria-armee-nahast-lahingsaapad-kaz-03-black\/#primaryimage"},"thumbnailUrl":"https:\/\/www.outdoors.ee\/wp-content\/uploads\/2021\/12\/0439-Austrian-Army-KAZ-03-Leather-Combat-Boots-1.png","datePublished":"2021-12-08T22:00:00+00:00","dateModified":"2026-03-22T13:15:09+00:00","description":"Rasked, robustsed ning \u00fclimalt vastupidavad Austria s\u00f5jav\u00e4e m\u00e4gi\/lahingsaapad. Omadused: veekindlast t\u00e4isnahast pealne nahast sisevooder terve saapa ulatuses k\u00f5rge, pehmendatud s\u00e4\u00e4rega (ca 28cm) s\u00fcgava libisemisvastase mustriga kummist v\u00e4listald saapa k\u00fclge \u00f5mmeldud saapa keel kinnise D-kujulise aasaga ning lahtise haagiga paelas\u00fcsteem taastamist v\u00f5imaldav v\u00e4listald Tootja:\u00a0V\u00f6lkl, Saksamaa Kaal: ca\u00a02250g\/paar (suurus EU43) Seisukord: kasutatud, sisaldavad m\u00f5\u00f5dukaid kulumisj\u00e4lgi, kuid ilma m\u00e4rkimisv\u00e4\u00e4rsete vigastusteta. Sisetallad ja paelad v\u00f5ivad vajada asendamist.","breadcrumb":{"@id":"https:\/\/www.outdoors.ee\/et\/toode\/austria-armee-nahast-lahingsaapad-kaz-03-black\/#breadcrumb"},"inLanguage":"et","potentialAction":[{"@type":"ReadAction","target":["https:\/\/www.outdoors.ee\/et\/toode\/austria-armee-nahast-lahingsaapad-kaz-03-black\/"]}]},{"@type":"ImageObject","inLanguage":"et","@id":"https:\/\/www.outdoors.ee\/et\/toode\/austria-armee-nahast-lahingsaapad-kaz-03-black\/#primaryimage","url":"https:\/\/www.outdoors.ee\/wp-content\/uploads\/2021\/12\/0439-Austrian-Army-KAZ-03-Leather-Combat-Boots-1.png","contentUrl":"https:\/\/www.outdoors.ee\/wp-content\/uploads\/2021\/12\/0439-Austrian-Army-KAZ-03-Leather-Combat-Boots-1.png","width":960,"height":1100},{"@type":"BreadcrumbList","@id":"https:\/\/www.outdoors.ee\/et\/toode\/austria-armee-nahast-lahingsaapad-kaz-03-black\/#breadcrumb","itemListElement":[{"@type":"ListItem","position":1,"name":"Home","item":"https:\/\/www.outdoors.ee\/et\/"},{"@type":"ListItem","position":2,"name":"Tooted","item":"https:\/\/www.outdoors.ee\/products\/"},{"@type":"ListItem","position":3,"name":"Austria Armee nahast lahingsaapad KAZ-03 Black"}]},{"@type":"WebSite","@id":"https:\/\/www.outdoors.ee\/#website","url":"https:\/\/www.outdoors.ee\/","name":"Outdoors","description":"Genuine military surplus and not only!","potentialAction":[{"@type":"SearchAction","target":{"@type":"EntryPoint","urlTemplate":"https:\/\/www.outdoors.ee\/?s={search_term_string}"},"query-input":{"@type":"PropertyValueSpecification","valueRequired":true,"valueName":"search_term_string"}}],"inLanguage":"et"}]}},"_links":{"self":[{"href":"https:\/\/www.outdoors.ee\/et\/wp-json\/wp\/v2\/product\/59273","targetHints":{"allow":["GET"]}}],"collection":[{"href":"https:\/\/www.outdoors.ee\/et\/wp-json\/wp\/v2\/product"}],"about":[{"href":"https:\/\/www.outdoors.ee\/et\/wp-json\/wp\/v2\/types\/product"}],"wp:featuredmedia":[{"embeddable":true,"href":"https:\/\/www.outdoors.ee\/et\/wp-json\/wp\/v2\/media\/107855"}],"wp:attachment":[{"href":"https:\/\/www.outdoors.ee\/et\/wp-json\/wp\/v2\/media?parent=59273"}],"wp:term":[{"taxonomy":"product_brand","embeddable":true,"href":"https:\/\/www.outdoors.ee\/et\/wp-json\/wp\/v2\/product_brand?post=59273"},{"taxonomy":"product_cat","embeddable":true,"href":"https:\/\/www.outdoors.ee\/et\/wp-json\/wp\/v2\/product_cat?post=59273"},{"taxonomy":"product_tag","embeddable":true,"href":"https:\/\/www.outdoors.ee\/et\/wp-json\/wp\/v2\/product_tag?post=59273"}],"curies":[{"name":"wp","href":"https:\/\/api.w.org\/{rel}","templated":true}]}}