{"id":59253,"date":"2021-12-09T00:00:00","date_gmt":"2021-12-08T22:00:00","guid":{"rendered":"https:\/\/www.outdoors.ee\/product\/austria-armee-gore-tex-vihmajope-kaenlaaluse-ventilatsiooniga\/"},"modified":"2026-04-28T17:17:47","modified_gmt":"2026-04-28T14:17:47","slug":"austria-armee-gore-tex-vihmajope-kaenlaaluse-ventilatsiooniga","status":"publish","type":"product","link":"https:\/\/www.outdoors.ee\/et\/toode\/austria-armee-gore-tex-vihmajope-kaenlaaluse-ventilatsiooniga\/","title":{"rendered":"Austria Armee Gore-Tex\u00ae vihmajope kaenlaaluse ventilatsiooniga"},"content":{"rendered":"<p style=\"text-align: justify;\">Austria s\u00f5jav\u00e4e vihmajope, millega varustati Austria m\u00e4e\u00fcksusi. Jope on toodetud vastupidavast veekindlast ja hingavast Gore-Tex\u00ae materjalist, mis lubab kehaniiskusel \u00e4ra auruda, pakkudes samal ajal kaitset vihma ning tuule eest. Vihmajope on ilma sisevoodrita ning on m\u00f5eldud kasutamiseks vetth\u00fclgava pealiskihina ning sellep\u00e4rast on see laia l\u00f5ikega, v\u00f5imaldades mitme sooja aluskihi kandmist ilma liikumisvabadust piiramata. Sobib oma v\u00e4rvi poolest h\u00e4sti nendele, kes ei soovi kanda laigulisi s\u00f5jav\u00e4e riideid.<\/p>\n<p style=\"text-align: justify;\"><strong>Omadused:\u00a0<\/strong><\/p>\n<ul style=\"text-align: justify;\">\n<li>t\u00e4ispikkuses t\u00f5mbluku ning takjaklapiga ees<\/li>\n<li>k\u00f5rge p\u00fcstkraega<\/li>\n<li>suure kokkupandava kapuutsiga, mis on varustatud nokatsiga ning pingutusn\u00f6\u00f6riga<\/li>\n<li>2 suurt t\u00f5mblukuga\u00a0rinnataskut<\/li>\n<li>2 takjapaelaga suletavat k\u00e4etaskut<\/li>\n<li>takjapaela abil reguleeritav manseti laius<\/li>\n<li>v\u00f6\u00f6koha ning alumise \u00e4\u00e4re pingutusn\u00f6\u00f6ridega (m\u00f5ni mudel v\u00f5ib olla vaid 1 pingutusn\u00f6\u00f6riga)<\/li>\n<li>kaenlaalune ventilatsioon t\u00f5mblukude n\u00e4ol<\/li>\n<li>kaal ca 850g<\/li>\n<\/ul>\n<p><strong>Suurus<\/strong>: See toode kipub olema suurem. Soovitame valida selle toote \u00fcks samm v\u00e4iksemas rinna\u00fcmberm\u00f5\u00f5du suuruses kui teie tavap\u00e4rane suurus.<\/p>\n<p style=\"text-align: justify;\"><strong>Seisukord:\u00a0<\/strong><\/p>\n<ul>\n<li>uus (ilma j\u00e4em\u00fc\u00fcgipakendita, v\u00f5ib sisaldada hulgiladustamise j\u00e4lgi ning m\u00e4rgistusi\/kirjasid sees)<\/li>\n<li>uuev\u00e4\u00e4rne (sisaldab kergeid kulumisj\u00e4lgi)<\/li>\n<li>kasutatud, Grade 1 (sisaldab m\u00f5\u00f5dukaid kulumisj\u00e4lgi, v\u00f5ib sisaldada v\u00e4iksemaid vigastusi)<\/li>\n<li>kasutatud, Grade 2 (sisaldab s\u00fcgavamaid kulumisj\u00e4lgi ning v\u00e4iksemaid parandatavaid vigastusi, t\u00f5mblukk on toimiv)<\/li>\n<\/ul>\n","protected":false},"excerpt":{"rendered":"<p>Austria Armee Gore-Tex\u00ae vihmajope kaenlaaluste t\u00f5mblukkudega, oliivroheline<\/p>\n","protected":false},"featured_media":26096,"template":"","meta":[],"product_brand":[],"product_cat":[101],"product_tag":[3143],"class_list":{"0":"post-59253","1":"product","2":"type-product","3":"status-publish","4":"has-post-thumbnail","6":"product_cat-joped-parkad","7":"product_tag-vihmariided","8":"pa_brand-austrian-military-surplus","9":"pa_condition-kasutatud-grade-1","10":"pa_condition-kasutatud-grade-2","11":"pa_condition-uuevaarne","12":"pa_condition-uus","13":"pa_size-large-long-2","14":"pa_size-large-regular-2","15":"pa_size-large-short-2","16":"pa_size-medium-long-2","17":"pa_size-medium-regular-2","18":"pa_size-medium-short-2","19":"pa_size-small-long-2","20":"pa_size-small-regular-2","21":"pa_size-small-short-2","22":"pa_size-xlarge-long-2","23":"pa_size-xlarge-regular-3","24":"pa_size-xlarge-short-2","25":"pa_size-xsmall-long-2","26":"pa_size-xsmall-regular-2","27":"pa_size-xsmall-short-2","28":"pa_size-xxlarge-long-2","29":"pa_size-xxlarge-regular-2","30":"pa_size-xxlarge-short-2","31":"pa_size-xxxlarge-regular-2","33":"first","34":"instock","35":"taxable","36":"shipping-taxable","37":"purchasable","38":"product-type-variable"},"yoast_head":"<!-- This site is optimized with the Yoast SEO plugin v27.2 - https:\/\/yoast.com\/product\/yoast-seo-wordpress\/ -->\n<title>Austria Armee Gore-Tex\u00ae vihmajope kaenlaaluse ventilatsiooniga - outdoors.ee<\/title>\n<meta name=\"description\" content=\"Originaalne Austria s\u00f5jav\u00e4e vihmajope, millega varustati Austria m\u00e4e\u00fcksusi. Jope on toodetud vastupidavast veekindlast ja hingavast Gore-Tex\u00ae materjalist, mis lubab kehaniiskusel \u00e4ra auruda, pakkudes samal ajal kaitset vihma ning tuule eest. Vihmajope on ilma sisevoodrita ning on m\u00f5eldud kasutamiseks vetth\u00fclgava pealiskihina ning sellep\u00e4rast on see laia l\u00f5ikega, v\u00f5imaldades mitme sooja aluskihi kandmist ilma liikumisvabadust piiramata. Sobib oma v\u00e4rvi poolest h\u00e4sti nendele, kes ei soovi kanda laigulisi s\u00f5jav\u00e4e riideid. Omadused:\u00a0 t\u00e4ispikkuses t\u00f5mbluku ning takjaklapiga ees k\u00f5rge p\u00fcstkraega suure kokkupandava kapuutsiga, mis on varustatud nokatsiga ning pingutusn\u00f6\u00f6riga 2 suurt t\u00f5mblukuga\u00a0rinnataskut\u00a0\u00a0 2 takjapaelaga suletavat k\u00e4etaskut\u00a0 takjapaela abil reguleeritav manseti laius v\u00f6\u00f6koha ning alumise \u00e4\u00e4re pingutusn\u00f6\u00f6ridega (m\u00f5ni mudel v\u00f5ib olla vaid 1 pingutusn\u00f6\u00f6riga) kaenlaalune ventilatsioon t\u00f5mblukude n\u00e4ol\u00a0 Kaal: ca 800g s\u00f5ltuvalt suurusest Seisukord:\u00a0 uus (v\u00f5ib sisaldada hulgiladustamise j\u00e4lgi ning m\u00e4rgistusi\/kirjasid sees) uuev\u00e4\u00e4rne (sisaldab minimaalseid\/kergeid kulumisj\u00e4lgi) kasutatud, Grade 1 (heas korras, m\u00f5\u00f5dukate kulumisj\u00e4lgedega, ei sisalda m\u00e4rkimisv\u00e4\u00e4rseid vigastusi) \u00a0\" \/>\n<meta name=\"robots\" content=\"index, follow, max-snippet:-1, max-image-preview:large, max-video-preview:-1\" \/>\n<link rel=\"canonical\" href=\"https:\/\/www.outdoors.ee\/et\/toode\/austria-armee-gore-tex-vihmajope-kaenlaaluse-ventilatsiooniga\/\" \/>\n<meta property=\"og:locale\" content=\"et_EE\" \/>\n<meta property=\"og:type\" content=\"article\" \/>\n<meta property=\"og:title\" content=\"Austria Armee Gore-Tex\u00ae vihmajope kaenlaaluse ventilatsiooniga\" \/>\n<meta property=\"og:description\" content=\"Originaalne Austria s\u00f5jav\u00e4e vihmajope, millega varustati Austria m\u00e4e\u00fcksusi. Jope on toodetud vastupidavast veekindlast ja hingavast Gore-Tex\u00ae materjalist, mis lubab kehaniiskusel \u00e4ra auruda, pakkudes samal ajal kaitset vihma ning tuule eest. Vihmajope on ilma sisevoodrita ning on m\u00f5eldud kasutamiseks vetth\u00fclgava pealiskihina ning sellep\u00e4rast on see laia l\u00f5ikega, v\u00f5imaldades mitme sooja aluskihi kandmist ilma liikumisvabadust piiramata. Sobib oma v\u00e4rvi poolest h\u00e4sti nendele, kes ei soovi kanda laigulisi s\u00f5jav\u00e4e riideid. Omadused:\u00a0 t\u00e4ispikkuses t\u00f5mbluku ning takjaklapiga ees k\u00f5rge p\u00fcstkraega suure kokkupandava kapuutsiga, mis on varustatud nokatsiga ning pingutusn\u00f6\u00f6riga 2 suurt t\u00f5mblukuga\u00a0rinnataskut\u00a0\u00a0 2 takjapaelaga suletavat k\u00e4etaskut\u00a0 takjapaela abil reguleeritav manseti laius v\u00f6\u00f6koha ning alumise \u00e4\u00e4re pingutusn\u00f6\u00f6ridega (m\u00f5ni mudel v\u00f5ib olla vaid 1 pingutusn\u00f6\u00f6riga) kaenlaalune ventilatsioon t\u00f5mblukude n\u00e4ol\u00a0 Kaal: ca 800g s\u00f5ltuvalt suurusest Seisukord:\u00a0 uus (v\u00f5ib sisaldada hulgiladustamise j\u00e4lgi ning m\u00e4rgistusi\/kirjasid sees) uuev\u00e4\u00e4rne (sisaldab minimaalseid\/kergeid kulumisj\u00e4lgi) kasutatud, Grade 1 (heas korras, m\u00f5\u00f5dukate kulumisj\u00e4lgedega, ei sisalda m\u00e4rkimisv\u00e4\u00e4rseid vigastusi) \u00a0\" \/>\n<meta property=\"og:url\" content=\"https:\/\/www.outdoors.ee\/et\/toode\/austria-armee-gore-tex-vihmajope-kaenlaaluse-ventilatsiooniga\/\" \/>\n<meta property=\"og:site_name\" content=\"Outdoors\" \/>\n<meta property=\"article:modified_time\" content=\"2026-04-28T14:17:47+00:00\" \/>\n<meta property=\"og:image\" content=\"https:\/\/www.outdoors.ee\/wp-content\/uploads\/2021\/12\/0408-Austrian-Alpine-Gore-tex-Jacket.jpg\" \/>\n\t<meta property=\"og:image:width\" content=\"800\" \/>\n\t<meta property=\"og:image:height\" content=\"800\" \/>\n\t<meta property=\"og:image:type\" content=\"image\/jpeg\" \/>\n<meta name=\"twitter:card\" content=\"summary_large_image\" \/>\n<meta name=\"twitter:title\" content=\"Austria Armee Gore-Tex\u00ae vihmajope kaenlaaluse ventilatsiooniga\" \/>\n<meta name=\"twitter:label1\" content=\"Est. reading time\" \/>\n\t<meta name=\"twitter:data1\" content=\"1 minut\" \/>\n<script type=\"application\/ld+json\" class=\"yoast-schema-graph\">{\"@context\":\"https:\/\/schema.org\",\"@graph\":[{\"@type\":\"WebPage\",\"@id\":\"https:\/\/www.outdoors.ee\/et\/toode\/austria-armee-gore-tex-vihmajope-kaenlaaluse-ventilatsiooniga\/\",\"url\":\"https:\/\/www.outdoors.ee\/et\/toode\/austria-armee-gore-tex-vihmajope-kaenlaaluse-ventilatsiooniga\/\",\"name\":\"Austria Armee Gore-Tex\u00ae vihmajope kaenlaaluse ventilatsiooniga - outdoors.ee\",\"isPartOf\":{\"@id\":\"https:\/\/www.outdoors.ee\/#website\"},\"primaryImageOfPage\":{\"@id\":\"https:\/\/www.outdoors.ee\/et\/toode\/austria-armee-gore-tex-vihmajope-kaenlaaluse-ventilatsiooniga\/#primaryimage\"},\"image\":{\"@id\":\"https:\/\/www.outdoors.ee\/et\/toode\/austria-armee-gore-tex-vihmajope-kaenlaaluse-ventilatsiooniga\/#primaryimage\"},\"thumbnailUrl\":\"https:\/\/www.outdoors.ee\/wp-content\/uploads\/2021\/12\/0408-Austrian-Alpine-Gore-tex-Jacket.jpg\",\"datePublished\":\"2021-12-08T22:00:00+00:00\",\"dateModified\":\"2026-04-28T14:17:47+00:00\",\"description\":\"Originaalne Austria s\u00f5jav\u00e4e vihmajope, millega varustati Austria m\u00e4e\u00fcksusi. Jope on toodetud vastupidavast veekindlast ja hingavast Gore-Tex\u00ae materjalist, mis lubab kehaniiskusel \u00e4ra auruda, pakkudes samal ajal kaitset vihma ning tuule eest. Vihmajope on ilma sisevoodrita ning on m\u00f5eldud kasutamiseks vetth\u00fclgava pealiskihina ning sellep\u00e4rast on see laia l\u00f5ikega, v\u00f5imaldades mitme sooja aluskihi kandmist ilma liikumisvabadust piiramata. Sobib oma v\u00e4rvi poolest h\u00e4sti nendele, kes ei soovi kanda laigulisi s\u00f5jav\u00e4e riideid. Omadused:\u00a0 t\u00e4ispikkuses t\u00f5mbluku ning takjaklapiga ees k\u00f5rge p\u00fcstkraega suure kokkupandava kapuutsiga, mis on varustatud nokatsiga ning pingutusn\u00f6\u00f6riga 2 suurt t\u00f5mblukuga\u00a0rinnataskut\u00a0\u00a0 2 takjapaelaga suletavat k\u00e4etaskut\u00a0 takjapaela abil reguleeritav manseti laius v\u00f6\u00f6koha ning alumise \u00e4\u00e4re pingutusn\u00f6\u00f6ridega (m\u00f5ni mudel v\u00f5ib olla vaid 1 pingutusn\u00f6\u00f6riga) kaenlaalune ventilatsioon t\u00f5mblukude n\u00e4ol\u00a0 Kaal: ca 800g s\u00f5ltuvalt suurusest Seisukord:\u00a0 uus (v\u00f5ib sisaldada hulgiladustamise j\u00e4lgi ning m\u00e4rgistusi\/kirjasid sees) uuev\u00e4\u00e4rne (sisaldab minimaalseid\/kergeid kulumisj\u00e4lgi) kasutatud, Grade 1 (heas korras, m\u00f5\u00f5dukate kulumisj\u00e4lgedega, ei sisalda m\u00e4rkimisv\u00e4\u00e4rseid vigastusi) \u00a0\",\"breadcrumb\":{\"@id\":\"https:\/\/www.outdoors.ee\/et\/toode\/austria-armee-gore-tex-vihmajope-kaenlaaluse-ventilatsiooniga\/#breadcrumb\"},\"inLanguage\":\"et\",\"potentialAction\":[{\"@type\":\"ReadAction\",\"target\":[\"https:\/\/www.outdoors.ee\/et\/toode\/austria-armee-gore-tex-vihmajope-kaenlaaluse-ventilatsiooniga\/\"]}]},{\"@type\":\"ImageObject\",\"inLanguage\":\"et\",\"@id\":\"https:\/\/www.outdoors.ee\/et\/toode\/austria-armee-gore-tex-vihmajope-kaenlaaluse-ventilatsiooniga\/#primaryimage\",\"url\":\"https:\/\/www.outdoors.ee\/wp-content\/uploads\/2021\/12\/0408-Austrian-Alpine-Gore-tex-Jacket.jpg\",\"contentUrl\":\"https:\/\/www.outdoors.ee\/wp-content\/uploads\/2021\/12\/0408-Austrian-Alpine-Gore-tex-Jacket.jpg\",\"width\":800,\"height\":800},{\"@type\":\"BreadcrumbList\",\"@id\":\"https:\/\/www.outdoors.ee\/et\/toode\/austria-armee-gore-tex-vihmajope-kaenlaaluse-ventilatsiooniga\/#breadcrumb\",\"itemListElement\":[{\"@type\":\"ListItem\",\"position\":1,\"name\":\"Home\",\"item\":\"https:\/\/www.outdoors.ee\/et\/\"},{\"@type\":\"ListItem\",\"position\":2,\"name\":\"Tooted\",\"item\":\"https:\/\/www.outdoors.ee\/products\/\"},{\"@type\":\"ListItem\",\"position\":3,\"name\":\"Austria Armee Gore-Tex\u00ae vihmajope kaenlaaluse ventilatsiooniga\"}]},{\"@type\":\"WebSite\",\"@id\":\"https:\/\/www.outdoors.ee\/#website\",\"url\":\"https:\/\/www.outdoors.ee\/\",\"name\":\"Outdoors\",\"description\":\"Genuine military surplus and not only!\",\"potentialAction\":[{\"@type\":\"SearchAction\",\"target\":{\"@type\":\"EntryPoint\",\"urlTemplate\":\"https:\/\/www.outdoors.ee\/?s={search_term_string}\"},\"query-input\":{\"@type\":\"PropertyValueSpecification\",\"valueRequired\":true,\"valueName\":\"search_term_string\"}}],\"inLanguage\":\"et\"}]}<\/script>\n<!-- \/ Yoast SEO plugin. -->","yoast_head_json":{"title":"Austria Armee Gore-Tex\u00ae vihmajope kaenlaaluse ventilatsiooniga - outdoors.ee","description":"Originaalne Austria s\u00f5jav\u00e4e vihmajope, millega varustati Austria m\u00e4e\u00fcksusi. Jope on toodetud vastupidavast veekindlast ja hingavast Gore-Tex\u00ae materjalist, mis lubab kehaniiskusel \u00e4ra auruda, pakkudes samal ajal kaitset vihma ning tuule eest. Vihmajope on ilma sisevoodrita ning on m\u00f5eldud kasutamiseks vetth\u00fclgava pealiskihina ning sellep\u00e4rast on see laia l\u00f5ikega, v\u00f5imaldades mitme sooja aluskihi kandmist ilma liikumisvabadust piiramata. Sobib oma v\u00e4rvi poolest h\u00e4sti nendele, kes ei soovi kanda laigulisi s\u00f5jav\u00e4e riideid. Omadused:\u00a0 t\u00e4ispikkuses t\u00f5mbluku ning takjaklapiga ees k\u00f5rge p\u00fcstkraega suure kokkupandava kapuutsiga, mis on varustatud nokatsiga ning pingutusn\u00f6\u00f6riga 2 suurt t\u00f5mblukuga\u00a0rinnataskut\u00a0\u00a0 2 takjapaelaga suletavat k\u00e4etaskut\u00a0 takjapaela abil reguleeritav manseti laius v\u00f6\u00f6koha ning alumise \u00e4\u00e4re pingutusn\u00f6\u00f6ridega (m\u00f5ni mudel v\u00f5ib olla vaid 1 pingutusn\u00f6\u00f6riga) kaenlaalune ventilatsioon t\u00f5mblukude n\u00e4ol\u00a0 Kaal: ca 800g s\u00f5ltuvalt suurusest Seisukord:\u00a0 uus (v\u00f5ib sisaldada hulgiladustamise j\u00e4lgi ning m\u00e4rgistusi\/kirjasid sees) uuev\u00e4\u00e4rne (sisaldab minimaalseid\/kergeid kulumisj\u00e4lgi) kasutatud, Grade 1 (heas korras, m\u00f5\u00f5dukate kulumisj\u00e4lgedega, ei sisalda m\u00e4rkimisv\u00e4\u00e4rseid vigastusi) \u00a0","robots":{"index":"index","follow":"follow","max-snippet":"max-snippet:-1","max-image-preview":"max-image-preview:large","max-video-preview":"max-video-preview:-1"},"canonical":"https:\/\/www.outdoors.ee\/et\/toode\/austria-armee-gore-tex-vihmajope-kaenlaaluse-ventilatsiooniga\/","og_locale":"et_EE","og_type":"article","og_title":"Austria Armee Gore-Tex\u00ae vihmajope kaenlaaluse ventilatsiooniga","og_description":"Originaalne Austria s\u00f5jav\u00e4e vihmajope, millega varustati Austria m\u00e4e\u00fcksusi. Jope on toodetud vastupidavast veekindlast ja hingavast Gore-Tex\u00ae materjalist, mis lubab kehaniiskusel \u00e4ra auruda, pakkudes samal ajal kaitset vihma ning tuule eest. Vihmajope on ilma sisevoodrita ning on m\u00f5eldud kasutamiseks vetth\u00fclgava pealiskihina ning sellep\u00e4rast on see laia l\u00f5ikega, v\u00f5imaldades mitme sooja aluskihi kandmist ilma liikumisvabadust piiramata. Sobib oma v\u00e4rvi poolest h\u00e4sti nendele, kes ei soovi kanda laigulisi s\u00f5jav\u00e4e riideid. Omadused:\u00a0 t\u00e4ispikkuses t\u00f5mbluku ning takjaklapiga ees k\u00f5rge p\u00fcstkraega suure kokkupandava kapuutsiga, mis on varustatud nokatsiga ning pingutusn\u00f6\u00f6riga 2 suurt t\u00f5mblukuga\u00a0rinnataskut\u00a0\u00a0 2 takjapaelaga suletavat k\u00e4etaskut\u00a0 takjapaela abil reguleeritav manseti laius v\u00f6\u00f6koha ning alumise \u00e4\u00e4re pingutusn\u00f6\u00f6ridega (m\u00f5ni mudel v\u00f5ib olla vaid 1 pingutusn\u00f6\u00f6riga) kaenlaalune ventilatsioon t\u00f5mblukude n\u00e4ol\u00a0 Kaal: ca 800g s\u00f5ltuvalt suurusest Seisukord:\u00a0 uus (v\u00f5ib sisaldada hulgiladustamise j\u00e4lgi ning m\u00e4rgistusi\/kirjasid sees) uuev\u00e4\u00e4rne (sisaldab minimaalseid\/kergeid kulumisj\u00e4lgi) kasutatud, Grade 1 (heas korras, m\u00f5\u00f5dukate kulumisj\u00e4lgedega, ei sisalda m\u00e4rkimisv\u00e4\u00e4rseid vigastusi) \u00a0","og_url":"https:\/\/www.outdoors.ee\/et\/toode\/austria-armee-gore-tex-vihmajope-kaenlaaluse-ventilatsiooniga\/","og_site_name":"Outdoors","article_modified_time":"2026-04-28T14:17:47+00:00","og_image":[{"width":800,"height":800,"url":"https:\/\/www.outdoors.ee\/wp-content\/uploads\/2021\/12\/0408-Austrian-Alpine-Gore-tex-Jacket.jpg","type":"image\/jpeg"}],"twitter_card":"summary_large_image","twitter_title":"Austria Armee Gore-Tex\u00ae vihmajope kaenlaaluse ventilatsiooniga","twitter_misc":{"Est. reading time":"1 minut"},"schema":{"@context":"https:\/\/schema.org","@graph":[{"@type":"WebPage","@id":"https:\/\/www.outdoors.ee\/et\/toode\/austria-armee-gore-tex-vihmajope-kaenlaaluse-ventilatsiooniga\/","url":"https:\/\/www.outdoors.ee\/et\/toode\/austria-armee-gore-tex-vihmajope-kaenlaaluse-ventilatsiooniga\/","name":"Austria Armee Gore-Tex\u00ae vihmajope kaenlaaluse ventilatsiooniga - outdoors.ee","isPartOf":{"@id":"https:\/\/www.outdoors.ee\/#website"},"primaryImageOfPage":{"@id":"https:\/\/www.outdoors.ee\/et\/toode\/austria-armee-gore-tex-vihmajope-kaenlaaluse-ventilatsiooniga\/#primaryimage"},"image":{"@id":"https:\/\/www.outdoors.ee\/et\/toode\/austria-armee-gore-tex-vihmajope-kaenlaaluse-ventilatsiooniga\/#primaryimage"},"thumbnailUrl":"https:\/\/www.outdoors.ee\/wp-content\/uploads\/2021\/12\/0408-Austrian-Alpine-Gore-tex-Jacket.jpg","datePublished":"2021-12-08T22:00:00+00:00","dateModified":"2026-04-28T14:17:47+00:00","description":"Originaalne Austria s\u00f5jav\u00e4e vihmajope, millega varustati Austria m\u00e4e\u00fcksusi. Jope on toodetud vastupidavast veekindlast ja hingavast Gore-Tex\u00ae materjalist, mis lubab kehaniiskusel \u00e4ra auruda, pakkudes samal ajal kaitset vihma ning tuule eest. Vihmajope on ilma sisevoodrita ning on m\u00f5eldud kasutamiseks vetth\u00fclgava pealiskihina ning sellep\u00e4rast on see laia l\u00f5ikega, v\u00f5imaldades mitme sooja aluskihi kandmist ilma liikumisvabadust piiramata. Sobib oma v\u00e4rvi poolest h\u00e4sti nendele, kes ei soovi kanda laigulisi s\u00f5jav\u00e4e riideid. Omadused:\u00a0 t\u00e4ispikkuses t\u00f5mbluku ning takjaklapiga ees k\u00f5rge p\u00fcstkraega suure kokkupandava kapuutsiga, mis on varustatud nokatsiga ning pingutusn\u00f6\u00f6riga 2 suurt t\u00f5mblukuga\u00a0rinnataskut\u00a0\u00a0 2 takjapaelaga suletavat k\u00e4etaskut\u00a0 takjapaela abil reguleeritav manseti laius v\u00f6\u00f6koha ning alumise \u00e4\u00e4re pingutusn\u00f6\u00f6ridega (m\u00f5ni mudel v\u00f5ib olla vaid 1 pingutusn\u00f6\u00f6riga) kaenlaalune ventilatsioon t\u00f5mblukude n\u00e4ol\u00a0 Kaal: ca 800g s\u00f5ltuvalt suurusest Seisukord:\u00a0 uus (v\u00f5ib sisaldada hulgiladustamise j\u00e4lgi ning m\u00e4rgistusi\/kirjasid sees) uuev\u00e4\u00e4rne (sisaldab minimaalseid\/kergeid kulumisj\u00e4lgi) kasutatud, Grade 1 (heas korras, m\u00f5\u00f5dukate kulumisj\u00e4lgedega, ei sisalda m\u00e4rkimisv\u00e4\u00e4rseid vigastusi) \u00a0","breadcrumb":{"@id":"https:\/\/www.outdoors.ee\/et\/toode\/austria-armee-gore-tex-vihmajope-kaenlaaluse-ventilatsiooniga\/#breadcrumb"},"inLanguage":"et","potentialAction":[{"@type":"ReadAction","target":["https:\/\/www.outdoors.ee\/et\/toode\/austria-armee-gore-tex-vihmajope-kaenlaaluse-ventilatsiooniga\/"]}]},{"@type":"ImageObject","inLanguage":"et","@id":"https:\/\/www.outdoors.ee\/et\/toode\/austria-armee-gore-tex-vihmajope-kaenlaaluse-ventilatsiooniga\/#primaryimage","url":"https:\/\/www.outdoors.ee\/wp-content\/uploads\/2021\/12\/0408-Austrian-Alpine-Gore-tex-Jacket.jpg","contentUrl":"https:\/\/www.outdoors.ee\/wp-content\/uploads\/2021\/12\/0408-Austrian-Alpine-Gore-tex-Jacket.jpg","width":800,"height":800},{"@type":"BreadcrumbList","@id":"https:\/\/www.outdoors.ee\/et\/toode\/austria-armee-gore-tex-vihmajope-kaenlaaluse-ventilatsiooniga\/#breadcrumb","itemListElement":[{"@type":"ListItem","position":1,"name":"Home","item":"https:\/\/www.outdoors.ee\/et\/"},{"@type":"ListItem","position":2,"name":"Tooted","item":"https:\/\/www.outdoors.ee\/products\/"},{"@type":"ListItem","position":3,"name":"Austria Armee Gore-Tex\u00ae vihmajope kaenlaaluse ventilatsiooniga"}]},{"@type":"WebSite","@id":"https:\/\/www.outdoors.ee\/#website","url":"https:\/\/www.outdoors.ee\/","name":"Outdoors","description":"Genuine military surplus and not only!","potentialAction":[{"@type":"SearchAction","target":{"@type":"EntryPoint","urlTemplate":"https:\/\/www.outdoors.ee\/?s={search_term_string}"},"query-input":{"@type":"PropertyValueSpecification","valueRequired":true,"valueName":"search_term_string"}}],"inLanguage":"et"}]}},"_links":{"self":[{"href":"https:\/\/www.outdoors.ee\/et\/wp-json\/wp\/v2\/product\/59253","targetHints":{"allow":["GET"]}}],"collection":[{"href":"https:\/\/www.outdoors.ee\/et\/wp-json\/wp\/v2\/product"}],"about":[{"href":"https:\/\/www.outdoors.ee\/et\/wp-json\/wp\/v2\/types\/product"}],"wp:featuredmedia":[{"embeddable":true,"href":"https:\/\/www.outdoors.ee\/et\/wp-json\/wp\/v2\/media\/26096"}],"wp:attachment":[{"href":"https:\/\/www.outdoors.ee\/et\/wp-json\/wp\/v2\/media?parent=59253"}],"wp:term":[{"taxonomy":"product_brand","embeddable":true,"href":"https:\/\/www.outdoors.ee\/et\/wp-json\/wp\/v2\/product_brand?post=59253"},{"taxonomy":"product_cat","embeddable":true,"href":"https:\/\/www.outdoors.ee\/et\/wp-json\/wp\/v2\/product_cat?post=59253"},{"taxonomy":"product_tag","embeddable":true,"href":"https:\/\/www.outdoors.ee\/et\/wp-json\/wp\/v2\/product_tag?post=59253"}],"curies":[{"name":"wp","href":"https:\/\/api.w.org\/{rel}","templated":true}]}}