{"id":59228,"date":"2021-12-09T00:00:00","date_gmt":"2021-12-09T00:00:00","guid":{"rendered":"https:\/\/www.outdoors.ee\/product\/austria-armee-talvine-nokkmuts\/"},"modified":"2024-12-01T22:38:14","modified_gmt":"2024-12-01T20:38:14","slug":"austria-armee-talvine-nokkmuts","status":"publish","type":"product","link":"https:\/\/www.outdoors.ee\/et\/toode\/austria-armee-talvine-nokkmuts\/","title":{"rendered":"Austria Armee talvine nokkm\u00fcts"},"content":{"rendered":"<p>Austria s\u00f5jav\u00e4e talvine nokkm\u00fcts kokkupandava kaelaklapiga ning traditsioonilise Austria lipu embleemiga ees.<\/p>\n<p>Materjal: puuvill \/pol\u00fcester<\/p>\n<p><strong>Seisukord<\/strong>: uuev\u00e4\u00e4rne (sisaldab minimaalseid kulumisj\u00e4lgi)<\/p>\n","protected":false},"excerpt":{"rendered":"<p>Austria Armee talvine nokkm\u00fcts, oliivroheline<\/p>\n","protected":false},"featured_media":84468,"template":"","meta":[],"product_brand":[],"product_cat":[128],"product_tag":[],"class_list":{"0":"post-59228","1":"product","2":"type-product","3":"status-publish","4":"has-post-thumbnail","6":"product_cat-peakatted","7":"pa_brand-austrian-military-surplus","8":"pa_size-58-2","9":"pa_size-59-3","10":"pa_size-60-3","11":"pa_size-61-2","13":"first","14":"instock","15":"taxable","16":"shipping-taxable","17":"purchasable","18":"product-type-variable"},"yoast_head":"<!-- This site is optimized with the Yoast SEO plugin v27.2 - https:\/\/yoast.com\/product\/yoast-seo-wordpress\/ -->\n<title>Austria Armee talvine nokkm\u00fcts - Outdoors<\/title>\n<meta name=\"robots\" content=\"index, follow, max-snippet:-1, max-image-preview:large, max-video-preview:-1\" \/>\n<link rel=\"canonical\" href=\"https:\/\/www.outdoors.ee\/toode\/austrian-army-winter-field-cap\/\" \/>\n<meta property=\"og:locale\" content=\"et_EE\" \/>\n<meta property=\"og:type\" content=\"article\" \/>\n<meta property=\"og:title\" content=\"Austria Armee talvine nokkm\u00fcts\" \/>\n<meta property=\"og:description\" content=\"Austria Armee talvine nokkm\u00fcts, oliivroheline\" \/>\n<meta property=\"og:url\" content=\"https:\/\/www.outdoors.ee\/toode\/austrian-army-winter-field-cap\/\" \/>\n<meta property=\"og:site_name\" content=\"Outdoors\" \/>\n<meta property=\"article:modified_time\" content=\"2024-12-01T20:38:14+00:00\" \/>\n<meta property=\"og:image\" content=\"https:\/\/www.outdoors.ee\/wp-content\/uploads\/2021\/12\/0421w-Austrian-Army-Winter-Field-Cap-1.jpg\" \/>\n\t<meta property=\"og:image:width\" content=\"405\" \/>\n\t<meta property=\"og:image:height\" content=\"349\" \/>\n\t<meta property=\"og:image:type\" content=\"image\/jpeg\" \/>\n<meta name=\"twitter:card\" content=\"summary_large_image\" \/>\n<script type=\"application\/ld+json\" class=\"yoast-schema-graph\">{\"@context\":\"https:\/\/schema.org\",\"@graph\":[{\"@type\":\"WebPage\",\"@id\":\"https:\/\/www.outdoors.ee\/toode\/austrian-army-winter-field-cap\/\",\"url\":\"https:\/\/www.outdoors.ee\/toode\/austrian-army-winter-field-cap\/\",\"name\":\"Austria Armee talvine nokkm\u00fcts - Outdoors\",\"isPartOf\":{\"@id\":\"https:\/\/www.outdoors.ee\/#website\"},\"primaryImageOfPage\":{\"@id\":\"https:\/\/www.outdoors.ee\/toode\/austrian-army-winter-field-cap\/#primaryimage\"},\"image\":{\"@id\":\"https:\/\/www.outdoors.ee\/toode\/austrian-army-winter-field-cap\/#primaryimage\"},\"thumbnailUrl\":\"https:\/\/www.outdoors.ee\/wp-content\/uploads\/2021\/12\/0421w-Austrian-Army-Winter-Field-Cap-1.jpg\",\"datePublished\":\"2021-12-09T00:00:00+00:00\",\"dateModified\":\"2024-12-01T20:38:14+00:00\",\"breadcrumb\":{\"@id\":\"https:\/\/www.outdoors.ee\/toode\/austrian-army-winter-field-cap\/#breadcrumb\"},\"inLanguage\":\"et\",\"potentialAction\":[{\"@type\":\"ReadAction\",\"target\":[\"https:\/\/www.outdoors.ee\/toode\/austrian-army-winter-field-cap\/\"]}]},{\"@type\":\"ImageObject\",\"inLanguage\":\"et\",\"@id\":\"https:\/\/www.outdoors.ee\/toode\/austrian-army-winter-field-cap\/#primaryimage\",\"url\":\"https:\/\/www.outdoors.ee\/wp-content\/uploads\/2021\/12\/0421w-Austrian-Army-Winter-Field-Cap-1.jpg\",\"contentUrl\":\"https:\/\/www.outdoors.ee\/wp-content\/uploads\/2021\/12\/0421w-Austrian-Army-Winter-Field-Cap-1.jpg\",\"width\":405,\"height\":349},{\"@type\":\"BreadcrumbList\",\"@id\":\"https:\/\/www.outdoors.ee\/toode\/austrian-army-winter-field-cap\/#breadcrumb\",\"itemListElement\":[{\"@type\":\"ListItem\",\"position\":1,\"name\":\"Home\",\"item\":\"https:\/\/www.outdoors.ee\/et\/\"},{\"@type\":\"ListItem\",\"position\":2,\"name\":\"Tooted\",\"item\":\"https:\/\/www.outdoors.ee\/products\/\"},{\"@type\":\"ListItem\",\"position\":3,\"name\":\"Austria Armee talvine nokkm\u00fcts\"}]},{\"@type\":\"WebSite\",\"@id\":\"https:\/\/www.outdoors.ee\/#website\",\"url\":\"https:\/\/www.outdoors.ee\/\",\"name\":\"Outdoors\",\"description\":\"Genuine military surplus and not only!\",\"potentialAction\":[{\"@type\":\"SearchAction\",\"target\":{\"@type\":\"EntryPoint\",\"urlTemplate\":\"https:\/\/www.outdoors.ee\/?s={search_term_string}\"},\"query-input\":{\"@type\":\"PropertyValueSpecification\",\"valueRequired\":true,\"valueName\":\"search_term_string\"}}],\"inLanguage\":\"et\"}]}<\/script>\n<!-- \/ Yoast SEO plugin. -->","yoast_head_json":{"title":"Austria Armee talvine nokkm\u00fcts - Outdoors","robots":{"index":"index","follow":"follow","max-snippet":"max-snippet:-1","max-image-preview":"max-image-preview:large","max-video-preview":"max-video-preview:-1"},"canonical":"https:\/\/www.outdoors.ee\/toode\/austrian-army-winter-field-cap\/","og_locale":"et_EE","og_type":"article","og_title":"Austria Armee talvine nokkm\u00fcts","og_description":"Austria Armee talvine nokkm\u00fcts, oliivroheline","og_url":"https:\/\/www.outdoors.ee\/toode\/austrian-army-winter-field-cap\/","og_site_name":"Outdoors","article_modified_time":"2024-12-01T20:38:14+00:00","og_image":[{"width":405,"height":349,"url":"https:\/\/www.outdoors.ee\/wp-content\/uploads\/2021\/12\/0421w-Austrian-Army-Winter-Field-Cap-1.jpg","type":"image\/jpeg"}],"twitter_card":"summary_large_image","schema":{"@context":"https:\/\/schema.org","@graph":[{"@type":"WebPage","@id":"https:\/\/www.outdoors.ee\/toode\/austrian-army-winter-field-cap\/","url":"https:\/\/www.outdoors.ee\/toode\/austrian-army-winter-field-cap\/","name":"Austria Armee talvine nokkm\u00fcts - Outdoors","isPartOf":{"@id":"https:\/\/www.outdoors.ee\/#website"},"primaryImageOfPage":{"@id":"https:\/\/www.outdoors.ee\/toode\/austrian-army-winter-field-cap\/#primaryimage"},"image":{"@id":"https:\/\/www.outdoors.ee\/toode\/austrian-army-winter-field-cap\/#primaryimage"},"thumbnailUrl":"https:\/\/www.outdoors.ee\/wp-content\/uploads\/2021\/12\/0421w-Austrian-Army-Winter-Field-Cap-1.jpg","datePublished":"2021-12-09T00:00:00+00:00","dateModified":"2024-12-01T20:38:14+00:00","breadcrumb":{"@id":"https:\/\/www.outdoors.ee\/toode\/austrian-army-winter-field-cap\/#breadcrumb"},"inLanguage":"et","potentialAction":[{"@type":"ReadAction","target":["https:\/\/www.outdoors.ee\/toode\/austrian-army-winter-field-cap\/"]}]},{"@type":"ImageObject","inLanguage":"et","@id":"https:\/\/www.outdoors.ee\/toode\/austrian-army-winter-field-cap\/#primaryimage","url":"https:\/\/www.outdoors.ee\/wp-content\/uploads\/2021\/12\/0421w-Austrian-Army-Winter-Field-Cap-1.jpg","contentUrl":"https:\/\/www.outdoors.ee\/wp-content\/uploads\/2021\/12\/0421w-Austrian-Army-Winter-Field-Cap-1.jpg","width":405,"height":349},{"@type":"BreadcrumbList","@id":"https:\/\/www.outdoors.ee\/toode\/austrian-army-winter-field-cap\/#breadcrumb","itemListElement":[{"@type":"ListItem","position":1,"name":"Home","item":"https:\/\/www.outdoors.ee\/et\/"},{"@type":"ListItem","position":2,"name":"Tooted","item":"https:\/\/www.outdoors.ee\/products\/"},{"@type":"ListItem","position":3,"name":"Austria Armee talvine nokkm\u00fcts"}]},{"@type":"WebSite","@id":"https:\/\/www.outdoors.ee\/#website","url":"https:\/\/www.outdoors.ee\/","name":"Outdoors","description":"Genuine military surplus and not only!","potentialAction":[{"@type":"SearchAction","target":{"@type":"EntryPoint","urlTemplate":"https:\/\/www.outdoors.ee\/?s={search_term_string}"},"query-input":{"@type":"PropertyValueSpecification","valueRequired":true,"valueName":"search_term_string"}}],"inLanguage":"et"}]}},"_links":{"self":[{"href":"https:\/\/www.outdoors.ee\/et\/wp-json\/wp\/v2\/product\/59228","targetHints":{"allow":["GET"]}}],"collection":[{"href":"https:\/\/www.outdoors.ee\/et\/wp-json\/wp\/v2\/product"}],"about":[{"href":"https:\/\/www.outdoors.ee\/et\/wp-json\/wp\/v2\/types\/product"}],"wp:featuredmedia":[{"embeddable":true,"href":"https:\/\/www.outdoors.ee\/et\/wp-json\/wp\/v2\/media\/84468"}],"wp:attachment":[{"href":"https:\/\/www.outdoors.ee\/et\/wp-json\/wp\/v2\/media?parent=59228"}],"wp:term":[{"taxonomy":"product_brand","embeddable":true,"href":"https:\/\/www.outdoors.ee\/et\/wp-json\/wp\/v2\/product_brand?post=59228"},{"taxonomy":"product_cat","embeddable":true,"href":"https:\/\/www.outdoors.ee\/et\/wp-json\/wp\/v2\/product_cat?post=59228"},{"taxonomy":"product_tag","embeddable":true,"href":"https:\/\/www.outdoors.ee\/et\/wp-json\/wp\/v2\/product_tag?post=59228"}],"curies":[{"name":"wp","href":"https:\/\/api.w.org\/{rel}","templated":true}]}}