{"id":59213,"date":"2021-12-09T00:00:00","date_gmt":"2021-12-08T22:00:00","guid":{"rendered":"https:\/\/www.outdoors.ee\/product\/austria-armee-nahast-kindad\/"},"modified":"2026-04-22T10:10:00","modified_gmt":"2026-04-22T07:10:00","slug":"austria-armee-nahast-kindad","status":"publish","type":"product","link":"https:\/\/www.outdoors.ee\/et\/toode\/austria-armee-nahast-kindad\/","title":{"rendered":"Austria Armee nahast kindad"},"content":{"rendered":"<p style=\"text-align: justify;\">Austria s\u00f5jav\u00e4e originaal nahkkindad sooja villase voodriga. Takjapaelaga randmerihm ei lase k\u00fclmal ligi p\u00e4\u00e4seda.<\/p>\n<p><strong>Seisukord:<\/strong><\/p>\n<ul>\n<li>uus (ilma j\u00e4em\u00fc\u00fcgipakendita, v\u00f5ivad sisaldada hulgiladustamise j\u00e4lgi)<\/li>\n<li>uuev\u00e4\u00e4rne (sisaldavad kergeid kulumisj\u00e4lgi)<\/li>\n<li>kasutatud, Grade 1 (sisaldavad m\u00f5\u00f5dukaid kulumisj\u00e4lgi, ei sisalda m\u00e4rkimisv\u00e4\u00e4rseid vigastusi)<\/li>\n<\/ul>\n","protected":false},"excerpt":{"rendered":"<p>Austria Armee nahast kindad, must<\/p>\n","protected":false},"featured_media":64226,"template":"","meta":[],"product_brand":[],"product_cat":[98],"product_tag":[],"class_list":{"0":"post-59213","1":"product","2":"type-product","3":"status-publish","4":"has-post-thumbnail","6":"product_cat-kindad","7":"pa_brand-austrian-military-surplus","8":"pa_condition-kasutatud-grade-1","9":"pa_condition-uuevaarne","10":"pa_condition-uus","11":"pa_size-10-2","12":"pa_size-11-2","13":"pa_size-65-2","14":"pa_size-7-3","15":"pa_size-8-2","16":"pa_size-9-2","18":"first","19":"instock","20":"taxable","21":"shipping-taxable","22":"purchasable","23":"product-type-variable"},"yoast_head":"<!-- This site is optimized with the Yoast SEO plugin v27.2 - https:\/\/yoast.com\/product\/yoast-seo-wordpress\/ -->\n<title>Austria Armee nahast kindad - outdoors.ee<\/title>\n<meta name=\"description\" content=\"Originaalsed Austria s\u00f5jav\u00e4e nahkkindad sooja villase voodriga. Takjakinnitusega randmerihm hoiab kinnast kindlalt k\u00e4el ning ei lase k\u00fclmal ligi p\u00e4\u00e4seda. Seisukord: uued kasutatud, Grade 1 (kergete kulumisj\u00e4lgedega, ilma m\u00e4rkimisv\u00e4\u00e4rsete vigastusteta)\" \/>\n<meta name=\"robots\" content=\"index, follow, max-snippet:-1, max-image-preview:large, max-video-preview:-1\" \/>\n<link rel=\"canonical\" href=\"https:\/\/www.outdoors.ee\/et\/toode\/austria-armee-nahast-kindad\/\" \/>\n<meta property=\"og:locale\" content=\"et_EE\" \/>\n<meta property=\"og:type\" content=\"article\" \/>\n<meta property=\"og:title\" content=\"Austria Armee nahast kindad\" \/>\n<meta property=\"og:description\" content=\"Originaalsed Austria s\u00f5jav\u00e4e nahkkindad sooja villase voodriga. Takjakinnitusega randmerihm hoiab kinnast kindlalt k\u00e4el ning ei lase k\u00fclmal ligi p\u00e4\u00e4seda. Seisukord: uued kasutatud, Grade 1 (kergete kulumisj\u00e4lgedega, ilma m\u00e4rkimisv\u00e4\u00e4rsete vigastusteta)\" \/>\n<meta property=\"og:url\" content=\"https:\/\/www.outdoors.ee\/et\/toode\/austria-armee-nahast-kindad\/\" \/>\n<meta property=\"og:site_name\" content=\"Outdoors\" \/>\n<meta property=\"article:modified_time\" content=\"2026-04-22T07:10:00+00:00\" \/>\n<meta property=\"og:image\" content=\"https:\/\/www.outdoors.ee\/wp-content\/uploads\/2021\/12\/0420-Austrian-Army-Leather-Combat-Gloves.png\" \/>\n\t<meta property=\"og:image:width\" content=\"338\" \/>\n\t<meta property=\"og:image:height\" content=\"300\" \/>\n\t<meta property=\"og:image:type\" content=\"image\/png\" \/>\n<meta name=\"twitter:card\" content=\"summary_large_image\" \/>\n<meta name=\"twitter:title\" content=\"Austria Armee nahast kindad\" \/>\n<meta name=\"twitter:label1\" content=\"Est. reading time\" \/>\n\t<meta name=\"twitter:data1\" content=\"1 minut\" \/>\n<script type=\"application\/ld+json\" class=\"yoast-schema-graph\">{\"@context\":\"https:\/\/schema.org\",\"@graph\":[{\"@type\":\"WebPage\",\"@id\":\"https:\/\/www.outdoors.ee\/et\/toode\/austria-armee-nahast-kindad\/\",\"url\":\"https:\/\/www.outdoors.ee\/et\/toode\/austria-armee-nahast-kindad\/\",\"name\":\"Austria Armee nahast kindad - outdoors.ee\",\"isPartOf\":{\"@id\":\"https:\/\/www.outdoors.ee\/#website\"},\"primaryImageOfPage\":{\"@id\":\"https:\/\/www.outdoors.ee\/et\/toode\/austria-armee-nahast-kindad\/#primaryimage\"},\"image\":{\"@id\":\"https:\/\/www.outdoors.ee\/et\/toode\/austria-armee-nahast-kindad\/#primaryimage\"},\"thumbnailUrl\":\"https:\/\/www.outdoors.ee\/wp-content\/uploads\/2021\/12\/0420-Austrian-Army-Leather-Combat-Gloves.png\",\"datePublished\":\"2021-12-08T22:00:00+00:00\",\"dateModified\":\"2026-04-22T07:10:00+00:00\",\"description\":\"Originaalsed Austria s\u00f5jav\u00e4e nahkkindad sooja villase voodriga. Takjakinnitusega randmerihm hoiab kinnast kindlalt k\u00e4el ning ei lase k\u00fclmal ligi p\u00e4\u00e4seda. Seisukord: uued kasutatud, Grade 1 (kergete kulumisj\u00e4lgedega, ilma m\u00e4rkimisv\u00e4\u00e4rsete vigastusteta)\",\"breadcrumb\":{\"@id\":\"https:\/\/www.outdoors.ee\/et\/toode\/austria-armee-nahast-kindad\/#breadcrumb\"},\"inLanguage\":\"et\",\"potentialAction\":[{\"@type\":\"ReadAction\",\"target\":[\"https:\/\/www.outdoors.ee\/et\/toode\/austria-armee-nahast-kindad\/\"]}]},{\"@type\":\"ImageObject\",\"inLanguage\":\"et\",\"@id\":\"https:\/\/www.outdoors.ee\/et\/toode\/austria-armee-nahast-kindad\/#primaryimage\",\"url\":\"https:\/\/www.outdoors.ee\/wp-content\/uploads\/2021\/12\/0420-Austrian-Army-Leather-Combat-Gloves.png\",\"contentUrl\":\"https:\/\/www.outdoors.ee\/wp-content\/uploads\/2021\/12\/0420-Austrian-Army-Leather-Combat-Gloves.png\",\"width\":338,\"height\":300},{\"@type\":\"BreadcrumbList\",\"@id\":\"https:\/\/www.outdoors.ee\/et\/toode\/austria-armee-nahast-kindad\/#breadcrumb\",\"itemListElement\":[{\"@type\":\"ListItem\",\"position\":1,\"name\":\"Home\",\"item\":\"https:\/\/www.outdoors.ee\/et\/\"},{\"@type\":\"ListItem\",\"position\":2,\"name\":\"Tooted\",\"item\":\"https:\/\/www.outdoors.ee\/products\/\"},{\"@type\":\"ListItem\",\"position\":3,\"name\":\"Austria Armee nahast kindad\"}]},{\"@type\":\"WebSite\",\"@id\":\"https:\/\/www.outdoors.ee\/#website\",\"url\":\"https:\/\/www.outdoors.ee\/\",\"name\":\"Outdoors\",\"description\":\"Genuine military surplus and not only!\",\"potentialAction\":[{\"@type\":\"SearchAction\",\"target\":{\"@type\":\"EntryPoint\",\"urlTemplate\":\"https:\/\/www.outdoors.ee\/?s={search_term_string}\"},\"query-input\":{\"@type\":\"PropertyValueSpecification\",\"valueRequired\":true,\"valueName\":\"search_term_string\"}}],\"inLanguage\":\"et\"}]}<\/script>\n<!-- \/ Yoast SEO plugin. -->","yoast_head_json":{"title":"Austria Armee nahast kindad - outdoors.ee","description":"Originaalsed Austria s\u00f5jav\u00e4e nahkkindad sooja villase voodriga. Takjakinnitusega randmerihm hoiab kinnast kindlalt k\u00e4el ning ei lase k\u00fclmal ligi p\u00e4\u00e4seda. Seisukord: uued kasutatud, Grade 1 (kergete kulumisj\u00e4lgedega, ilma m\u00e4rkimisv\u00e4\u00e4rsete vigastusteta)","robots":{"index":"index","follow":"follow","max-snippet":"max-snippet:-1","max-image-preview":"max-image-preview:large","max-video-preview":"max-video-preview:-1"},"canonical":"https:\/\/www.outdoors.ee\/et\/toode\/austria-armee-nahast-kindad\/","og_locale":"et_EE","og_type":"article","og_title":"Austria Armee nahast kindad","og_description":"Originaalsed Austria s\u00f5jav\u00e4e nahkkindad sooja villase voodriga. Takjakinnitusega randmerihm hoiab kinnast kindlalt k\u00e4el ning ei lase k\u00fclmal ligi p\u00e4\u00e4seda. Seisukord: uued kasutatud, Grade 1 (kergete kulumisj\u00e4lgedega, ilma m\u00e4rkimisv\u00e4\u00e4rsete vigastusteta)","og_url":"https:\/\/www.outdoors.ee\/et\/toode\/austria-armee-nahast-kindad\/","og_site_name":"Outdoors","article_modified_time":"2026-04-22T07:10:00+00:00","og_image":[{"width":338,"height":300,"url":"https:\/\/www.outdoors.ee\/wp-content\/uploads\/2021\/12\/0420-Austrian-Army-Leather-Combat-Gloves.png","type":"image\/png"}],"twitter_card":"summary_large_image","twitter_title":"Austria Armee nahast kindad","twitter_misc":{"Est. reading time":"1 minut"},"schema":{"@context":"https:\/\/schema.org","@graph":[{"@type":"WebPage","@id":"https:\/\/www.outdoors.ee\/et\/toode\/austria-armee-nahast-kindad\/","url":"https:\/\/www.outdoors.ee\/et\/toode\/austria-armee-nahast-kindad\/","name":"Austria Armee nahast kindad - outdoors.ee","isPartOf":{"@id":"https:\/\/www.outdoors.ee\/#website"},"primaryImageOfPage":{"@id":"https:\/\/www.outdoors.ee\/et\/toode\/austria-armee-nahast-kindad\/#primaryimage"},"image":{"@id":"https:\/\/www.outdoors.ee\/et\/toode\/austria-armee-nahast-kindad\/#primaryimage"},"thumbnailUrl":"https:\/\/www.outdoors.ee\/wp-content\/uploads\/2021\/12\/0420-Austrian-Army-Leather-Combat-Gloves.png","datePublished":"2021-12-08T22:00:00+00:00","dateModified":"2026-04-22T07:10:00+00:00","description":"Originaalsed Austria s\u00f5jav\u00e4e nahkkindad sooja villase voodriga. Takjakinnitusega randmerihm hoiab kinnast kindlalt k\u00e4el ning ei lase k\u00fclmal ligi p\u00e4\u00e4seda. Seisukord: uued kasutatud, Grade 1 (kergete kulumisj\u00e4lgedega, ilma m\u00e4rkimisv\u00e4\u00e4rsete vigastusteta)","breadcrumb":{"@id":"https:\/\/www.outdoors.ee\/et\/toode\/austria-armee-nahast-kindad\/#breadcrumb"},"inLanguage":"et","potentialAction":[{"@type":"ReadAction","target":["https:\/\/www.outdoors.ee\/et\/toode\/austria-armee-nahast-kindad\/"]}]},{"@type":"ImageObject","inLanguage":"et","@id":"https:\/\/www.outdoors.ee\/et\/toode\/austria-armee-nahast-kindad\/#primaryimage","url":"https:\/\/www.outdoors.ee\/wp-content\/uploads\/2021\/12\/0420-Austrian-Army-Leather-Combat-Gloves.png","contentUrl":"https:\/\/www.outdoors.ee\/wp-content\/uploads\/2021\/12\/0420-Austrian-Army-Leather-Combat-Gloves.png","width":338,"height":300},{"@type":"BreadcrumbList","@id":"https:\/\/www.outdoors.ee\/et\/toode\/austria-armee-nahast-kindad\/#breadcrumb","itemListElement":[{"@type":"ListItem","position":1,"name":"Home","item":"https:\/\/www.outdoors.ee\/et\/"},{"@type":"ListItem","position":2,"name":"Tooted","item":"https:\/\/www.outdoors.ee\/products\/"},{"@type":"ListItem","position":3,"name":"Austria Armee nahast kindad"}]},{"@type":"WebSite","@id":"https:\/\/www.outdoors.ee\/#website","url":"https:\/\/www.outdoors.ee\/","name":"Outdoors","description":"Genuine military surplus and not only!","potentialAction":[{"@type":"SearchAction","target":{"@type":"EntryPoint","urlTemplate":"https:\/\/www.outdoors.ee\/?s={search_term_string}"},"query-input":{"@type":"PropertyValueSpecification","valueRequired":true,"valueName":"search_term_string"}}],"inLanguage":"et"}]}},"_links":{"self":[{"href":"https:\/\/www.outdoors.ee\/et\/wp-json\/wp\/v2\/product\/59213","targetHints":{"allow":["GET"]}}],"collection":[{"href":"https:\/\/www.outdoors.ee\/et\/wp-json\/wp\/v2\/product"}],"about":[{"href":"https:\/\/www.outdoors.ee\/et\/wp-json\/wp\/v2\/types\/product"}],"wp:featuredmedia":[{"embeddable":true,"href":"https:\/\/www.outdoors.ee\/et\/wp-json\/wp\/v2\/media\/64226"}],"wp:attachment":[{"href":"https:\/\/www.outdoors.ee\/et\/wp-json\/wp\/v2\/media?parent=59213"}],"wp:term":[{"taxonomy":"product_brand","embeddable":true,"href":"https:\/\/www.outdoors.ee\/et\/wp-json\/wp\/v2\/product_brand?post=59213"},{"taxonomy":"product_cat","embeddable":true,"href":"https:\/\/www.outdoors.ee\/et\/wp-json\/wp\/v2\/product_cat?post=59213"},{"taxonomy":"product_tag","embeddable":true,"href":"https:\/\/www.outdoors.ee\/et\/wp-json\/wp\/v2\/product_tag?post=59213"}],"curies":[{"name":"wp","href":"https:\/\/api.w.org\/{rel}","templated":true}]}}