{"id":59189,"date":"2021-12-09T00:00:00","date_gmt":"2021-12-08T22:00:00","guid":{"rendered":"https:\/\/www.outdoors.ee\/product\/austria-armee-m65-gore-tex-jope-kasutatud\/"},"modified":"2026-04-27T16:52:23","modified_gmt":"2026-04-27T13:52:23","slug":"austria-armee-m65-gore-tex-jope","status":"publish","type":"product","link":"https:\/\/www.outdoors.ee\/et\/toode\/austria-armee-m65-gore-tex-jope\/","title":{"rendered":"Austria Armee M65 Gore-Tex\u00ae v\u00e4lijope"},"content":{"rendered":"<p style=\"text-align: justify;\">Vastupidav ja praktiline Austria s\u00f5jav\u00e4e parka Gore-Tex\u00ae v\u00f5i Sympatex\u00ae (olemuselt sama) membraaniga. Mudelilt meenutab kuulsat Vietmani s\u00f5ja aegset ameerika M-65 jopet, kuid see austerlane on lisaks niiskuse ning tuulekindel. Gore-Tex\u00ae niiskus- ning tuulekindel membraan asub vastupidava jope pealiskihi ning sisemise vooderkihi vahel. Jope on ruumika l\u00f5ikega, mis v\u00f5imaldab paksema aluskihi kandmist. Suurep\u00e4rane diskreetses v\u00e4rvuses jope kevad\/s\u00fcgis hooajale praktiliste omadustega, mis sobib Eesti kliima tingimustesse.<\/p>\n<p><strong>Omadused:<\/strong><\/p>\n<ul>\n<li>vastupidava v\u00e4liskihiga, suurte taskutega praktiline jope<\/li>\n<li>kraesse kokkupandav kapuuts<\/li>\n<li>Gore-Tex\u00ae v\u00f5i Sympatex\u00ae\u00a0membraan<\/li>\n<li>lai l\u00f5ige (kui olete kahe suuruse vahel tasub valida v\u00e4iksem)<\/li>\n<li>t\u00e4ispikkuses t\u00f5mblukk ning trukkidega suletav t\u00f5mbluku klapp<\/li>\n<li>4 suurt trukiga taskut ees<\/li>\n<li>v\u00f6\u00f6koha pingutusn\u00f6\u00f6r<\/li>\n<li>takjapael nimesildile rinnal ning Bundesheer\u00b4i embleem vasakul k\u00e4isel<\/li>\n<\/ul>\n<p><strong>Materjal:<\/strong><\/p>\n<p>Pealiskiht: 50\/50 v\u00f5i 65\/35 pol\u00fcestri ja puuvilla segu v\u00f5i 100% pol\u00fcester<\/p>\n<p>Membraan: Gore-Tex\u00ae v\u00f5i Sympatex\u00ae, olemuselt sama<\/p>\n<p>Vooder: 100% pol\u00fcester v\u00f5i 100% pol\u00fcamiid<\/p>\n<p><strong>NB!<\/strong> <span class=\"Y2IQFc\" lang=\"et\">See toode kipub olema suurem. Soovitame valida seda pigem v\u00e4iksemas suuruses.<\/span><\/p>\n<p style=\"text-align: justify;\"><strong>Seisukord<\/strong>:<\/p>\n<ul>\n<li>uus (ilma j\u00e4em\u00fc\u00fcgi pakendita, v\u00f5ib sisaldada hulgiladustamise j\u00e4lgi)<\/li>\n<li>uuev\u00e4\u00e4rne (sisaldab kergeid kulumisj\u00e4lgi)<\/li>\n<li>kasutatud, Grade 1 (sisaldab m\u00f5\u00f5dukaid kulumisj\u00e4lgi, v\u00f5ib sisaldada professionaalseid parandusi ning v\u00e4iksemaid vigastusi)<\/li>\n<li>kasutatud, Grade 2 (sisaldab s\u00fcgavamaid kulumisj\u00e4lgi, v\u00f5ib sisaldada v\u00e4ikseid vigastusi ning parandusi)<\/li>\n<\/ul>\n","protected":false},"excerpt":{"rendered":"<p>Austria Armee M65 Gore-Tex\u00ae jope, oliivroheline<\/p>\n","protected":false},"featured_media":64101,"template":"","meta":[],"product_brand":[],"product_cat":[101],"product_tag":[3143],"class_list":{"0":"post-59189","1":"product","2":"type-product","3":"status-publish","4":"has-post-thumbnail","6":"product_cat-joped-parkad","7":"product_tag-vihmariided","8":"pa_brand-austrian-military-surplus","9":"pa_condition-kasutatud-grade-1","10":"pa_condition-kasutatud-grade-2","11":"pa_condition-uuevaarne","12":"pa_condition-uus","13":"pa_size-large-long-2","14":"pa_size-large-regular-2","15":"pa_size-large-short-2","16":"pa_size-large-xlong-2","17":"pa_size-medium-long-2","18":"pa_size-medium-regular-2","19":"pa_size-medium-short-2","20":"pa_size-small-long-2","21":"pa_size-small-regular-2","22":"pa_size-small-short-2","23":"pa_size-small-xlong-2","24":"pa_size-xlarge-long-2","25":"pa_size-xlarge-regular-3","26":"pa_size-xlarge-short-2","27":"pa_size-xsmall-short-2","28":"pa_size-xxlarge-long-2","29":"pa_size-xxlarge-regular-2","30":"pa_size-xxlarge-short-2","31":"pa_size-xxlarge-xlong","32":"pa_size-xxxlarge-regular-2","34":"first","35":"instock","36":"taxable","37":"shipping-taxable","38":"purchasable","39":"product-type-variable"},"yoast_head":"<!-- This site is optimized with the Yoast SEO plugin v27.2 - https:\/\/yoast.com\/product\/yoast-seo-wordpress\/ -->\n<title>Austria Armee M65 Gore-Tex\u00ae jope - outdoors.ee<\/title>\n<meta name=\"description\" content=\"Vastupidav ja praktiline Austria s\u00f5jav\u00e4e parka Gore-Tex\u00ae\u00a0v\u00f5i Sympatex\u00ae (olemuselt sama)\u00a0membraaniga. Mudelilt meenutab kuulsat Vietmani s\u00f5ja aegset ameerika\u00a0M-1965 jopet, kuid see austerlane on lisaks niiskuse ning tuulekindel. Gore-Tex\u00ae\u00a0niiskus- ning tuulekindel membraan asub vastupidava jope pealiskihi ning sisemise vooderkihi vahel. Jope on ruumika l\u00f5ikega, mis v\u00f5imaldab paksema aluskihi kandmist. Suurep\u00e4rane diskreetses v\u00e4rvuses jope kevad\/s\u00fcgis hooajale praktiliste omadustega, mis sobib Eesti kliima tingimustesse. Omadused: vastupidava v\u00e4liskihiga, suurte taskutega praktiline jope kraesse kokkupandav kapuuts Gore-Tex\u00ae v\u00f5i Sympatex\u00ae\u00a0membraan lai l\u00f5ige (kui olete kahe suuruse vahel tasub valida v\u00e4iksem) t\u00e4ispikkuses t\u00f5mblukk ning trukkidega suletav t\u00f5mbluku klapp 4 suurt trukiga taskut ees v\u00f6\u00f6koha pingutusn\u00f6\u00f6r takjapael nimesildile rinnal ning Bundesheer\u00b4i embleem vasakul k\u00e4isel Materjal: Pealiskiht: 50\/50 v\u00f5i 65\/35 pol\u00fcestri ja puuvilla segu v\u00f5i 100% pol\u00fcester Membraan: Gore-Tex\u00ae v\u00f5i Sympatex\u00ae, olemuselt sama Vooder: 100% pol\u00fcester v\u00f5i 100% pol\u00fcamiid Suurus rippmen\u00fc\u00fcs: R\u00dc \/ pikkus (vt. viimast pilti) Seisukord:\u00a0 uuev\u00e4\u00e4rne (sisaldab minimaalseid kulumisj\u00e4lgi) kasutatud, Grade 1 (sisaldab m\u00f5\u00f5dukaid kulumisj\u00e4lgi, v\u00f5ib sisaldada professionaalseid parandusi ning pisemaid vigastusi)\" \/>\n<meta name=\"robots\" content=\"index, follow, max-snippet:-1, max-image-preview:large, max-video-preview:-1\" \/>\n<link rel=\"canonical\" href=\"https:\/\/www.outdoors.ee\/et\/toode\/austria-armee-m65-gore-tex-jope\/\" \/>\n<meta property=\"og:locale\" content=\"et_EE\" \/>\n<meta property=\"og:type\" content=\"article\" \/>\n<meta property=\"og:title\" content=\"Austria Armee M65 Gore-Tex\u00ae jope, kasutatud\" \/>\n<meta property=\"og:description\" content=\"Vastupidav ja praktiline Austria s\u00f5jav\u00e4e parka Gore-Tex\u00ae\u00a0v\u00f5i Sympatex\u00ae (olemuselt sama)\u00a0membraaniga. Mudelilt meenutab kuulsat Vietmani s\u00f5ja aegset ameerika\u00a0M-1965 jopet, kuid see austerlane on lisaks niiskuse ning tuulekindel. Gore-Tex\u00ae\u00a0niiskus- ning tuulekindel membraan asub vastupidava jope pealiskihi ning sisemise vooderkihi vahel. Jope on ruumika l\u00f5ikega, mis v\u00f5imaldab paksema aluskihi kandmist. Suurep\u00e4rane diskreetses v\u00e4rvuses jope kevad\/s\u00fcgis hooajale praktiliste omadustega, mis sobib Eesti kliima tingimustesse. Omadused: vastupidava v\u00e4liskihiga, suurte taskutega praktiline jope kraesse kokkupandav kapuuts Gore-Tex\u00ae v\u00f5i Sympatex\u00ae\u00a0membraan lai l\u00f5ige (kui olete kahe suuruse vahel tasub valida v\u00e4iksem) t\u00e4ispikkuses t\u00f5mblukk ning trukkidega suletav t\u00f5mbluku klapp 4 suurt trukiga taskut ees v\u00f6\u00f6koha pingutusn\u00f6\u00f6r takjapael nimesildile rinnal ning Bundesheer\u00b4i embleem vasakul k\u00e4isel Materjal: Pealiskiht: 50\/50 v\u00f5i 65\/35 pol\u00fcestri ja puuvilla segu v\u00f5i 100% pol\u00fcester Membraan: Gore-Tex\u00ae v\u00f5i Sympatex\u00ae, olemuselt sama Vooder: 100% pol\u00fcester v\u00f5i 100% pol\u00fcamiid Suurus rippmen\u00fc\u00fcs: R\u00dc \/ pikkus (vt. viimast pilti) Seisukord:\u00a0 uuev\u00e4\u00e4rne (sisaldab minimaalseid kulumisj\u00e4lgi) kasutatud, Grade 1 (sisaldab m\u00f5\u00f5dukaid kulumisj\u00e4lgi, v\u00f5ib sisaldada professionaalseid parandusi ning pisemaid vigastusi)\" \/>\n<meta property=\"og:url\" content=\"https:\/\/www.outdoors.ee\/et\/toode\/austria-armee-m65-gore-tex-jope\/\" \/>\n<meta property=\"og:site_name\" content=\"Outdoors\" \/>\n<meta property=\"article:modified_time\" content=\"2026-04-27T13:52:23+00:00\" \/>\n<meta property=\"og:image\" content=\"https:\/\/www.outdoors.ee\/wp-content\/uploads\/2021\/12\/0409-Austrian-Army-M65-Gore-Tex-Jacket-1.png\" \/>\n\t<meta property=\"og:image:width\" content=\"455\" \/>\n\t<meta property=\"og:image:height\" content=\"529\" \/>\n\t<meta property=\"og:image:type\" content=\"image\/png\" \/>\n<meta name=\"twitter:card\" content=\"summary_large_image\" \/>\n<meta name=\"twitter:title\" content=\"Austria Armee M65 Gore-Tex\u00ae jope\" \/>\n<meta name=\"twitter:label1\" content=\"Est. reading time\" \/>\n\t<meta name=\"twitter:data1\" content=\"2 minutit\" \/>\n<script type=\"application\/ld+json\" class=\"yoast-schema-graph\">{\"@context\":\"https:\/\/schema.org\",\"@graph\":[{\"@type\":\"WebPage\",\"@id\":\"https:\/\/www.outdoors.ee\/et\/toode\/austria-armee-m65-gore-tex-jope\/\",\"url\":\"https:\/\/www.outdoors.ee\/et\/toode\/austria-armee-m65-gore-tex-jope\/\",\"name\":\"Austria Armee M65 Gore-Tex\u00ae jope - outdoors.ee\",\"isPartOf\":{\"@id\":\"https:\/\/www.outdoors.ee\/#website\"},\"primaryImageOfPage\":{\"@id\":\"https:\/\/www.outdoors.ee\/et\/toode\/austria-armee-m65-gore-tex-jope\/#primaryimage\"},\"image\":{\"@id\":\"https:\/\/www.outdoors.ee\/et\/toode\/austria-armee-m65-gore-tex-jope\/#primaryimage\"},\"thumbnailUrl\":\"https:\/\/www.outdoors.ee\/wp-content\/uploads\/2021\/12\/0409-Austrian-Army-M65-Gore-Tex-Jacket-1.png\",\"datePublished\":\"2021-12-08T22:00:00+00:00\",\"dateModified\":\"2026-04-27T13:52:23+00:00\",\"description\":\"Vastupidav ja praktiline Austria s\u00f5jav\u00e4e parka Gore-Tex\u00ae\u00a0v\u00f5i Sympatex\u00ae (olemuselt sama)\u00a0membraaniga. Mudelilt meenutab kuulsat Vietmani s\u00f5ja aegset ameerika\u00a0M-1965 jopet, kuid see austerlane on lisaks niiskuse ning tuulekindel. Gore-Tex\u00ae\u00a0niiskus- ning tuulekindel membraan asub vastupidava jope pealiskihi ning sisemise vooderkihi vahel. Jope on ruumika l\u00f5ikega, mis v\u00f5imaldab paksema aluskihi kandmist. Suurep\u00e4rane diskreetses v\u00e4rvuses jope kevad\/s\u00fcgis hooajale praktiliste omadustega, mis sobib Eesti kliima tingimustesse. Omadused: vastupidava v\u00e4liskihiga, suurte taskutega praktiline jope kraesse kokkupandav kapuuts Gore-Tex\u00ae v\u00f5i Sympatex\u00ae\u00a0membraan lai l\u00f5ige (kui olete kahe suuruse vahel tasub valida v\u00e4iksem) t\u00e4ispikkuses t\u00f5mblukk ning trukkidega suletav t\u00f5mbluku klapp 4 suurt trukiga taskut ees v\u00f6\u00f6koha pingutusn\u00f6\u00f6r takjapael nimesildile rinnal ning Bundesheer\u00b4i embleem vasakul k\u00e4isel Materjal: Pealiskiht: 50\/50 v\u00f5i 65\/35 pol\u00fcestri ja puuvilla segu v\u00f5i 100% pol\u00fcester Membraan: Gore-Tex\u00ae v\u00f5i Sympatex\u00ae, olemuselt sama Vooder: 100% pol\u00fcester v\u00f5i 100% pol\u00fcamiid Suurus rippmen\u00fc\u00fcs: R\u00dc \/ pikkus (vt. viimast pilti) Seisukord:\u00a0 uuev\u00e4\u00e4rne (sisaldab minimaalseid kulumisj\u00e4lgi) kasutatud, Grade 1 (sisaldab m\u00f5\u00f5dukaid kulumisj\u00e4lgi, v\u00f5ib sisaldada professionaalseid parandusi ning pisemaid vigastusi)\",\"breadcrumb\":{\"@id\":\"https:\/\/www.outdoors.ee\/et\/toode\/austria-armee-m65-gore-tex-jope\/#breadcrumb\"},\"inLanguage\":\"et\",\"potentialAction\":[{\"@type\":\"ReadAction\",\"target\":[\"https:\/\/www.outdoors.ee\/et\/toode\/austria-armee-m65-gore-tex-jope\/\"]}]},{\"@type\":\"ImageObject\",\"inLanguage\":\"et\",\"@id\":\"https:\/\/www.outdoors.ee\/et\/toode\/austria-armee-m65-gore-tex-jope\/#primaryimage\",\"url\":\"https:\/\/www.outdoors.ee\/wp-content\/uploads\/2021\/12\/0409-Austrian-Army-M65-Gore-Tex-Jacket-1.png\",\"contentUrl\":\"https:\/\/www.outdoors.ee\/wp-content\/uploads\/2021\/12\/0409-Austrian-Army-M65-Gore-Tex-Jacket-1.png\",\"width\":455,\"height\":529},{\"@type\":\"BreadcrumbList\",\"@id\":\"https:\/\/www.outdoors.ee\/et\/toode\/austria-armee-m65-gore-tex-jope\/#breadcrumb\",\"itemListElement\":[{\"@type\":\"ListItem\",\"position\":1,\"name\":\"Home\",\"item\":\"https:\/\/www.outdoors.ee\/et\/\"},{\"@type\":\"ListItem\",\"position\":2,\"name\":\"Tooted\",\"item\":\"https:\/\/www.outdoors.ee\/products\/\"},{\"@type\":\"ListItem\",\"position\":3,\"name\":\"Austria Armee M65 Gore-Tex\u00ae v\u00e4lijope\"}]},{\"@type\":\"WebSite\",\"@id\":\"https:\/\/www.outdoors.ee\/#website\",\"url\":\"https:\/\/www.outdoors.ee\/\",\"name\":\"Outdoors\",\"description\":\"Genuine military surplus and not only!\",\"potentialAction\":[{\"@type\":\"SearchAction\",\"target\":{\"@type\":\"EntryPoint\",\"urlTemplate\":\"https:\/\/www.outdoors.ee\/?s={search_term_string}\"},\"query-input\":{\"@type\":\"PropertyValueSpecification\",\"valueRequired\":true,\"valueName\":\"search_term_string\"}}],\"inLanguage\":\"et\"}]}<\/script>\n<!-- \/ Yoast SEO plugin. -->","yoast_head_json":{"title":"Austria Armee M65 Gore-Tex\u00ae jope - outdoors.ee","description":"Vastupidav ja praktiline Austria s\u00f5jav\u00e4e parka Gore-Tex\u00ae\u00a0v\u00f5i Sympatex\u00ae (olemuselt sama)\u00a0membraaniga. Mudelilt meenutab kuulsat Vietmani s\u00f5ja aegset ameerika\u00a0M-1965 jopet, kuid see austerlane on lisaks niiskuse ning tuulekindel. Gore-Tex\u00ae\u00a0niiskus- ning tuulekindel membraan asub vastupidava jope pealiskihi ning sisemise vooderkihi vahel. Jope on ruumika l\u00f5ikega, mis v\u00f5imaldab paksema aluskihi kandmist. Suurep\u00e4rane diskreetses v\u00e4rvuses jope kevad\/s\u00fcgis hooajale praktiliste omadustega, mis sobib Eesti kliima tingimustesse. Omadused: vastupidava v\u00e4liskihiga, suurte taskutega praktiline jope kraesse kokkupandav kapuuts Gore-Tex\u00ae v\u00f5i Sympatex\u00ae\u00a0membraan lai l\u00f5ige (kui olete kahe suuruse vahel tasub valida v\u00e4iksem) t\u00e4ispikkuses t\u00f5mblukk ning trukkidega suletav t\u00f5mbluku klapp 4 suurt trukiga taskut ees v\u00f6\u00f6koha pingutusn\u00f6\u00f6r takjapael nimesildile rinnal ning Bundesheer\u00b4i embleem vasakul k\u00e4isel Materjal: Pealiskiht: 50\/50 v\u00f5i 65\/35 pol\u00fcestri ja puuvilla segu v\u00f5i 100% pol\u00fcester Membraan: Gore-Tex\u00ae v\u00f5i Sympatex\u00ae, olemuselt sama Vooder: 100% pol\u00fcester v\u00f5i 100% pol\u00fcamiid Suurus rippmen\u00fc\u00fcs: R\u00dc \/ pikkus (vt. viimast pilti) Seisukord:\u00a0 uuev\u00e4\u00e4rne (sisaldab minimaalseid kulumisj\u00e4lgi) kasutatud, Grade 1 (sisaldab m\u00f5\u00f5dukaid kulumisj\u00e4lgi, v\u00f5ib sisaldada professionaalseid parandusi ning pisemaid vigastusi)","robots":{"index":"index","follow":"follow","max-snippet":"max-snippet:-1","max-image-preview":"max-image-preview:large","max-video-preview":"max-video-preview:-1"},"canonical":"https:\/\/www.outdoors.ee\/et\/toode\/austria-armee-m65-gore-tex-jope\/","og_locale":"et_EE","og_type":"article","og_title":"Austria Armee M65 Gore-Tex\u00ae jope, kasutatud","og_description":"Vastupidav ja praktiline Austria s\u00f5jav\u00e4e parka Gore-Tex\u00ae\u00a0v\u00f5i Sympatex\u00ae (olemuselt sama)\u00a0membraaniga. Mudelilt meenutab kuulsat Vietmani s\u00f5ja aegset ameerika\u00a0M-1965 jopet, kuid see austerlane on lisaks niiskuse ning tuulekindel. Gore-Tex\u00ae\u00a0niiskus- ning tuulekindel membraan asub vastupidava jope pealiskihi ning sisemise vooderkihi vahel. Jope on ruumika l\u00f5ikega, mis v\u00f5imaldab paksema aluskihi kandmist. Suurep\u00e4rane diskreetses v\u00e4rvuses jope kevad\/s\u00fcgis hooajale praktiliste omadustega, mis sobib Eesti kliima tingimustesse. Omadused: vastupidava v\u00e4liskihiga, suurte taskutega praktiline jope kraesse kokkupandav kapuuts Gore-Tex\u00ae v\u00f5i Sympatex\u00ae\u00a0membraan lai l\u00f5ige (kui olete kahe suuruse vahel tasub valida v\u00e4iksem) t\u00e4ispikkuses t\u00f5mblukk ning trukkidega suletav t\u00f5mbluku klapp 4 suurt trukiga taskut ees v\u00f6\u00f6koha pingutusn\u00f6\u00f6r takjapael nimesildile rinnal ning Bundesheer\u00b4i embleem vasakul k\u00e4isel Materjal: Pealiskiht: 50\/50 v\u00f5i 65\/35 pol\u00fcestri ja puuvilla segu v\u00f5i 100% pol\u00fcester Membraan: Gore-Tex\u00ae v\u00f5i Sympatex\u00ae, olemuselt sama Vooder: 100% pol\u00fcester v\u00f5i 100% pol\u00fcamiid Suurus rippmen\u00fc\u00fcs: R\u00dc \/ pikkus (vt. viimast pilti) Seisukord:\u00a0 uuev\u00e4\u00e4rne (sisaldab minimaalseid kulumisj\u00e4lgi) kasutatud, Grade 1 (sisaldab m\u00f5\u00f5dukaid kulumisj\u00e4lgi, v\u00f5ib sisaldada professionaalseid parandusi ning pisemaid vigastusi)","og_url":"https:\/\/www.outdoors.ee\/et\/toode\/austria-armee-m65-gore-tex-jope\/","og_site_name":"Outdoors","article_modified_time":"2026-04-27T13:52:23+00:00","og_image":[{"width":455,"height":529,"url":"https:\/\/www.outdoors.ee\/wp-content\/uploads\/2021\/12\/0409-Austrian-Army-M65-Gore-Tex-Jacket-1.png","type":"image\/png"}],"twitter_card":"summary_large_image","twitter_title":"Austria Armee M65 Gore-Tex\u00ae jope","twitter_misc":{"Est. reading time":"2 minutit"},"schema":{"@context":"https:\/\/schema.org","@graph":[{"@type":"WebPage","@id":"https:\/\/www.outdoors.ee\/et\/toode\/austria-armee-m65-gore-tex-jope\/","url":"https:\/\/www.outdoors.ee\/et\/toode\/austria-armee-m65-gore-tex-jope\/","name":"Austria Armee M65 Gore-Tex\u00ae jope - outdoors.ee","isPartOf":{"@id":"https:\/\/www.outdoors.ee\/#website"},"primaryImageOfPage":{"@id":"https:\/\/www.outdoors.ee\/et\/toode\/austria-armee-m65-gore-tex-jope\/#primaryimage"},"image":{"@id":"https:\/\/www.outdoors.ee\/et\/toode\/austria-armee-m65-gore-tex-jope\/#primaryimage"},"thumbnailUrl":"https:\/\/www.outdoors.ee\/wp-content\/uploads\/2021\/12\/0409-Austrian-Army-M65-Gore-Tex-Jacket-1.png","datePublished":"2021-12-08T22:00:00+00:00","dateModified":"2026-04-27T13:52:23+00:00","description":"Vastupidav ja praktiline Austria s\u00f5jav\u00e4e parka Gore-Tex\u00ae\u00a0v\u00f5i Sympatex\u00ae (olemuselt sama)\u00a0membraaniga. Mudelilt meenutab kuulsat Vietmani s\u00f5ja aegset ameerika\u00a0M-1965 jopet, kuid see austerlane on lisaks niiskuse ning tuulekindel. Gore-Tex\u00ae\u00a0niiskus- ning tuulekindel membraan asub vastupidava jope pealiskihi ning sisemise vooderkihi vahel. Jope on ruumika l\u00f5ikega, mis v\u00f5imaldab paksema aluskihi kandmist. Suurep\u00e4rane diskreetses v\u00e4rvuses jope kevad\/s\u00fcgis hooajale praktiliste omadustega, mis sobib Eesti kliima tingimustesse. Omadused: vastupidava v\u00e4liskihiga, suurte taskutega praktiline jope kraesse kokkupandav kapuuts Gore-Tex\u00ae v\u00f5i Sympatex\u00ae\u00a0membraan lai l\u00f5ige (kui olete kahe suuruse vahel tasub valida v\u00e4iksem) t\u00e4ispikkuses t\u00f5mblukk ning trukkidega suletav t\u00f5mbluku klapp 4 suurt trukiga taskut ees v\u00f6\u00f6koha pingutusn\u00f6\u00f6r takjapael nimesildile rinnal ning Bundesheer\u00b4i embleem vasakul k\u00e4isel Materjal: Pealiskiht: 50\/50 v\u00f5i 65\/35 pol\u00fcestri ja puuvilla segu v\u00f5i 100% pol\u00fcester Membraan: Gore-Tex\u00ae v\u00f5i Sympatex\u00ae, olemuselt sama Vooder: 100% pol\u00fcester v\u00f5i 100% pol\u00fcamiid Suurus rippmen\u00fc\u00fcs: R\u00dc \/ pikkus (vt. viimast pilti) Seisukord:\u00a0 uuev\u00e4\u00e4rne (sisaldab minimaalseid kulumisj\u00e4lgi) kasutatud, Grade 1 (sisaldab m\u00f5\u00f5dukaid kulumisj\u00e4lgi, v\u00f5ib sisaldada professionaalseid parandusi ning pisemaid vigastusi)","breadcrumb":{"@id":"https:\/\/www.outdoors.ee\/et\/toode\/austria-armee-m65-gore-tex-jope\/#breadcrumb"},"inLanguage":"et","potentialAction":[{"@type":"ReadAction","target":["https:\/\/www.outdoors.ee\/et\/toode\/austria-armee-m65-gore-tex-jope\/"]}]},{"@type":"ImageObject","inLanguage":"et","@id":"https:\/\/www.outdoors.ee\/et\/toode\/austria-armee-m65-gore-tex-jope\/#primaryimage","url":"https:\/\/www.outdoors.ee\/wp-content\/uploads\/2021\/12\/0409-Austrian-Army-M65-Gore-Tex-Jacket-1.png","contentUrl":"https:\/\/www.outdoors.ee\/wp-content\/uploads\/2021\/12\/0409-Austrian-Army-M65-Gore-Tex-Jacket-1.png","width":455,"height":529},{"@type":"BreadcrumbList","@id":"https:\/\/www.outdoors.ee\/et\/toode\/austria-armee-m65-gore-tex-jope\/#breadcrumb","itemListElement":[{"@type":"ListItem","position":1,"name":"Home","item":"https:\/\/www.outdoors.ee\/et\/"},{"@type":"ListItem","position":2,"name":"Tooted","item":"https:\/\/www.outdoors.ee\/products\/"},{"@type":"ListItem","position":3,"name":"Austria Armee M65 Gore-Tex\u00ae v\u00e4lijope"}]},{"@type":"WebSite","@id":"https:\/\/www.outdoors.ee\/#website","url":"https:\/\/www.outdoors.ee\/","name":"Outdoors","description":"Genuine military surplus and not only!","potentialAction":[{"@type":"SearchAction","target":{"@type":"EntryPoint","urlTemplate":"https:\/\/www.outdoors.ee\/?s={search_term_string}"},"query-input":{"@type":"PropertyValueSpecification","valueRequired":true,"valueName":"search_term_string"}}],"inLanguage":"et"}]}},"_links":{"self":[{"href":"https:\/\/www.outdoors.ee\/et\/wp-json\/wp\/v2\/product\/59189","targetHints":{"allow":["GET"]}}],"collection":[{"href":"https:\/\/www.outdoors.ee\/et\/wp-json\/wp\/v2\/product"}],"about":[{"href":"https:\/\/www.outdoors.ee\/et\/wp-json\/wp\/v2\/types\/product"}],"wp:featuredmedia":[{"embeddable":true,"href":"https:\/\/www.outdoors.ee\/et\/wp-json\/wp\/v2\/media\/64101"}],"wp:attachment":[{"href":"https:\/\/www.outdoors.ee\/et\/wp-json\/wp\/v2\/media?parent=59189"}],"wp:term":[{"taxonomy":"product_brand","embeddable":true,"href":"https:\/\/www.outdoors.ee\/et\/wp-json\/wp\/v2\/product_brand?post=59189"},{"taxonomy":"product_cat","embeddable":true,"href":"https:\/\/www.outdoors.ee\/et\/wp-json\/wp\/v2\/product_cat?post=59189"},{"taxonomy":"product_tag","embeddable":true,"href":"https:\/\/www.outdoors.ee\/et\/wp-json\/wp\/v2\/product_tag?post=59189"}],"curies":[{"name":"wp","href":"https:\/\/api.w.org\/{rel}","templated":true}]}}