{"id":59147,"date":"2021-12-09T00:00:00","date_gmt":"2021-12-08T22:00:00","guid":{"rendered":"https:\/\/www.outdoors.ee\/product\/austrian-army-gore-tex-trousers\/"},"modified":"2026-04-24T11:35:45","modified_gmt":"2026-04-24T08:35:45","slug":"austria-armee-gore-tex-puksid","status":"publish","type":"product","link":"https:\/\/www.outdoors.ee\/et\/toode\/austria-armee-gore-tex-puksid\/","title":{"rendered":"Austria Armee Gore-Tex\u00ae p\u00fcksid"},"content":{"rendered":"<p style=\"text-align: justify;\">Austria s\u00f5jav\u00e4e originaal, niiskuskindlad ja hingavad Gore-Tex\u00ae membraniga materjalist \u00fclep\u00fcksid praktiliste omadustega: traksid, t\u00e4ispikkuses t\u00f5mblukud k\u00fclgedel, reguleeritava laiusega mansetid, v\u00f6\u00f6koha pingutusn\u00f6\u00f6r ning tagumine sisemine tasku v\u00e4iksematele esemetele. T\u00f5mblukud k\u00fclgedel annavad ligip\u00e4\u00e4su allolevatele p\u00fckstele ja reguleeritava pikkusega traksid ei lase \u00fclep\u00fckstel maha libiseda.<\/p>\n<p>P\u00fckste hilisematel versioonidel on sildile m\u00e4rgitud ainult tehniline termin \u2018PTFE\u2019 ja Gore-Tex\u00ae kaubam\u00e4rki enam ei kasutata. K\u00f5ik vihmajope vastavad endiselt samadele kaitseministeeriumi tootespetsifikatsiooni n\u00f5uetele.<\/p>\n<p style=\"text-align: justify;\">NB! Mudel ja v\u00e4rvitoon v\u00f5ivad veidi varjeeruda<\/p>\n<p>Suuruste tabel on lisatud viimase pildina. \u00dclep\u00fcksid on laia l\u00f5ikega, v\u00e4iksem suurus v\u00f5ib olla parem valik.<\/p>\n<p style=\"text-align: justify;\"><strong>Seisukord<\/strong>:<\/p>\n<ul>\n<li>uus (ilma jaem\u00fc\u00fcgipakendita, v\u00f5ivad sisaldada hulgiladustamise j\u00e4lgi)<\/li>\n<li>uuev\u00e4\u00e4rne (sisaldavad kergeid kulumisj\u00e4lgi)<\/li>\n<li>kasutatud, Grade 1 (sisaldavad m\u00f5\u00f5dukaid kulumisj\u00e4lgi, v\u00f5ivad sisaldada v\u00e4iksemaid vigastusi)<\/li>\n<li>kasutatud, Grade 2 (sisaldavad s\u00fcgavamaid kulumisj\u00e4lgi, v\u00f5ivad sisaldada vigastusi, puuduvaid t\u00f5mbluku tilasid, parandusi ning kohati ka kanga delamineerimist)<\/li>\n<\/ul>\n","protected":false},"excerpt":{"rendered":"<p>Austria Armee Gore-Tex\u00ae p\u00fcksid, oliivroheline<\/p>\n","protected":false},"featured_media":17373,"template":"","meta":[],"product_brand":[],"product_cat":[111],"product_tag":[3143],"class_list":{"0":"post-59147","1":"product","2":"type-product","3":"status-publish","4":"has-post-thumbnail","6":"product_cat-puksid","7":"product_tag-vihmariided","8":"pa_brand-austrian-military-surplus","9":"pa_condition-kasutatud-grade-1","10":"pa_condition-kasutatud-grade-2","11":"pa_condition-uuevaarne","12":"pa_condition-uus","13":"pa_size-large-long-2","14":"pa_size-large-regular-2","15":"pa_size-large-short-2","16":"pa_size-large-xlong-2","17":"pa_size-medium-long-2","18":"pa_size-medium-regular-2","19":"pa_size-medium-short-2","20":"pa_size-medium-xlong-2","21":"pa_size-small-long-2","22":"pa_size-small-regular-2","23":"pa_size-small-short-2","24":"pa_size-xlarge-long-2","25":"pa_size-xlarge-regular-3","26":"pa_size-xlarge-short-2","27":"pa_size-xsmall-long-2","28":"pa_size-xsmall-regular-2","29":"pa_size-xsmall-short-2","30":"pa_size-xxlarge-long-2","31":"pa_size-xxlarge-regular-2","32":"pa_size-xxlarge-short-2","33":"pa_size-xxlarge-xlong","34":"pa_size-xxsmall-long","35":"pa_size-xxsmall-regular-2","36":"pa_size-xxxlarge-long-2-2","37":"pa_size-xxxlarge-regular-2","38":"pa_size-xxxlarge-short-2","39":"pa_size-xxxlarge-xlong","41":"first","42":"instock","43":"taxable","44":"shipping-taxable","45":"purchasable","46":"product-type-variable"},"yoast_head":"<!-- This site is optimized with the Yoast SEO plugin v27.2 - https:\/\/yoast.com\/product\/yoast-seo-wordpress\/ -->\n<title>Austrian Army Gore-Tex\u00ae Trousers - outdoors.ee<\/title>\n<meta name=\"description\" content=\"Original Austrian Army waterproof, breathable trousers packed with practical features like full lenght zips on the sides, braces and a rear interior pocket for storing small items. An adjustable brace system\u00a0allows you to buckle straps over your shoulders to keep the trousers secured. Full lenght zippers on the sides give you access to pockets underneath. These are ideal hunting and fishing overtrousers. Colour and model may slightly vary. Condition: New (may contain bulk storage marks) Pre-owned, SuperGrade (may contain just light signs of wear)\" \/>\n<meta name=\"robots\" content=\"index, follow, max-snippet:-1, max-image-preview:large, max-video-preview:-1\" \/>\n<link rel=\"canonical\" href=\"https:\/\/www.outdoors.ee\/et\/toode\/austria-armee-gore-tex-puksid\/\" \/>\n<meta property=\"og:locale\" content=\"et_EE\" \/>\n<meta property=\"og:type\" content=\"article\" \/>\n<meta property=\"og:title\" content=\"Austrian Army Gore-Tex\u00ae Trousers\" \/>\n<meta property=\"og:description\" content=\"Original Austrian Army waterproof, breathable trousers packed with practical features like full lenght zips on the sides, braces and a rear interior pocket for storing small items. An adjustable brace system\u00a0allows you to buckle straps over your shoulders to keep the trousers secured. Full lenght zippers on the sides give you access to pockets underneath. These are ideal hunting and fishing overtrousers. Colour and model may slightly vary. Condition: New (may contain bulk storage marks) Pre-owned, SuperGrade (may contain just light signs of wear)\" \/>\n<meta property=\"og:url\" content=\"https:\/\/www.outdoors.ee\/et\/toode\/austria-armee-gore-tex-puksid\/\" \/>\n<meta property=\"og:site_name\" content=\"Outdoors\" \/>\n<meta property=\"article:modified_time\" content=\"2026-04-24T08:35:45+00:00\" \/>\n<meta property=\"og:image\" content=\"https:\/\/www.outdoors.ee\/wp-content\/uploads\/2021\/09\/0411-1-Austrian-Gore-Tex-Trousers-with-braces.jpg\" \/>\n\t<meta property=\"og:image:width\" content=\"637\" \/>\n\t<meta property=\"og:image:height\" content=\"637\" \/>\n\t<meta property=\"og:image:type\" content=\"image\/jpeg\" \/>\n<meta name=\"twitter:card\" content=\"summary_large_image\" \/>\n<meta name=\"twitter:title\" content=\"Austrian Army Gore-Tex\u00ae Trousers\" \/>\n<meta name=\"twitter:label1\" content=\"Est. reading time\" \/>\n\t<meta name=\"twitter:data1\" content=\"1 minut\" \/>\n<script type=\"application\/ld+json\" class=\"yoast-schema-graph\">{\"@context\":\"https:\/\/schema.org\",\"@graph\":[{\"@type\":\"WebPage\",\"@id\":\"https:\/\/www.outdoors.ee\/et\/toode\/austria-armee-gore-tex-puksid\/\",\"url\":\"https:\/\/www.outdoors.ee\/et\/toode\/austria-armee-gore-tex-puksid\/\",\"name\":\"Austrian Army Gore-Tex\u00ae Trousers - outdoors.ee\",\"isPartOf\":{\"@id\":\"https:\/\/www.outdoors.ee\/#website\"},\"primaryImageOfPage\":{\"@id\":\"https:\/\/www.outdoors.ee\/et\/toode\/austria-armee-gore-tex-puksid\/#primaryimage\"},\"image\":{\"@id\":\"https:\/\/www.outdoors.ee\/et\/toode\/austria-armee-gore-tex-puksid\/#primaryimage\"},\"thumbnailUrl\":\"https:\/\/www.outdoors.ee\/wp-content\/uploads\/2021\/09\/0411-1-Austrian-Gore-Tex-Trousers-with-braces.jpg\",\"datePublished\":\"2021-12-08T22:00:00+00:00\",\"dateModified\":\"2026-04-24T08:35:45+00:00\",\"description\":\"Original Austrian Army waterproof, breathable trousers packed with practical features like full lenght zips on the sides, braces and a rear interior pocket for storing small items. An adjustable brace system\u00a0allows you to buckle straps over your shoulders to keep the trousers secured. Full lenght zippers on the sides give you access to pockets underneath. These are ideal hunting and fishing overtrousers. Colour and model may slightly vary. Condition: New (may contain bulk storage marks) Pre-owned, SuperGrade (may contain just light signs of wear)\",\"breadcrumb\":{\"@id\":\"https:\/\/www.outdoors.ee\/et\/toode\/austria-armee-gore-tex-puksid\/#breadcrumb\"},\"inLanguage\":\"et\",\"potentialAction\":[{\"@type\":\"ReadAction\",\"target\":[\"https:\/\/www.outdoors.ee\/et\/toode\/austria-armee-gore-tex-puksid\/\"]}]},{\"@type\":\"ImageObject\",\"inLanguage\":\"et\",\"@id\":\"https:\/\/www.outdoors.ee\/et\/toode\/austria-armee-gore-tex-puksid\/#primaryimage\",\"url\":\"https:\/\/www.outdoors.ee\/wp-content\/uploads\/2021\/09\/0411-1-Austrian-Gore-Tex-Trousers-with-braces.jpg\",\"contentUrl\":\"https:\/\/www.outdoors.ee\/wp-content\/uploads\/2021\/09\/0411-1-Austrian-Gore-Tex-Trousers-with-braces.jpg\",\"width\":637,\"height\":637},{\"@type\":\"BreadcrumbList\",\"@id\":\"https:\/\/www.outdoors.ee\/et\/toode\/austria-armee-gore-tex-puksid\/#breadcrumb\",\"itemListElement\":[{\"@type\":\"ListItem\",\"position\":1,\"name\":\"Home\",\"item\":\"https:\/\/www.outdoors.ee\/et\/\"},{\"@type\":\"ListItem\",\"position\":2,\"name\":\"Tooted\",\"item\":\"https:\/\/www.outdoors.ee\/products\/\"},{\"@type\":\"ListItem\",\"position\":3,\"name\":\"Austria Armee Gore-Tex\u00ae p\u00fcksid\"}]},{\"@type\":\"WebSite\",\"@id\":\"https:\/\/www.outdoors.ee\/#website\",\"url\":\"https:\/\/www.outdoors.ee\/\",\"name\":\"Outdoors\",\"description\":\"Genuine military surplus and not only!\",\"potentialAction\":[{\"@type\":\"SearchAction\",\"target\":{\"@type\":\"EntryPoint\",\"urlTemplate\":\"https:\/\/www.outdoors.ee\/?s={search_term_string}\"},\"query-input\":{\"@type\":\"PropertyValueSpecification\",\"valueRequired\":true,\"valueName\":\"search_term_string\"}}],\"inLanguage\":\"et\"}]}<\/script>\n<!-- \/ Yoast SEO plugin. -->","yoast_head_json":{"title":"Austrian Army Gore-Tex\u00ae Trousers - outdoors.ee","description":"Original Austrian Army waterproof, breathable trousers packed with practical features like full lenght zips on the sides, braces and a rear interior pocket for storing small items. An adjustable brace system\u00a0allows you to buckle straps over your shoulders to keep the trousers secured. Full lenght zippers on the sides give you access to pockets underneath. These are ideal hunting and fishing overtrousers. Colour and model may slightly vary. Condition: New (may contain bulk storage marks) Pre-owned, SuperGrade (may contain just light signs of wear)","robots":{"index":"index","follow":"follow","max-snippet":"max-snippet:-1","max-image-preview":"max-image-preview:large","max-video-preview":"max-video-preview:-1"},"canonical":"https:\/\/www.outdoors.ee\/et\/toode\/austria-armee-gore-tex-puksid\/","og_locale":"et_EE","og_type":"article","og_title":"Austrian Army Gore-Tex\u00ae Trousers","og_description":"Original Austrian Army waterproof, breathable trousers packed with practical features like full lenght zips on the sides, braces and a rear interior pocket for storing small items. An adjustable brace system\u00a0allows you to buckle straps over your shoulders to keep the trousers secured. Full lenght zippers on the sides give you access to pockets underneath. These are ideal hunting and fishing overtrousers. Colour and model may slightly vary. Condition: New (may contain bulk storage marks) Pre-owned, SuperGrade (may contain just light signs of wear)","og_url":"https:\/\/www.outdoors.ee\/et\/toode\/austria-armee-gore-tex-puksid\/","og_site_name":"Outdoors","article_modified_time":"2026-04-24T08:35:45+00:00","og_image":[{"width":637,"height":637,"url":"https:\/\/www.outdoors.ee\/wp-content\/uploads\/2021\/09\/0411-1-Austrian-Gore-Tex-Trousers-with-braces.jpg","type":"image\/jpeg"}],"twitter_card":"summary_large_image","twitter_title":"Austrian Army Gore-Tex\u00ae Trousers","twitter_misc":{"Est. reading time":"1 minut"},"schema":{"@context":"https:\/\/schema.org","@graph":[{"@type":"WebPage","@id":"https:\/\/www.outdoors.ee\/et\/toode\/austria-armee-gore-tex-puksid\/","url":"https:\/\/www.outdoors.ee\/et\/toode\/austria-armee-gore-tex-puksid\/","name":"Austrian Army Gore-Tex\u00ae Trousers - outdoors.ee","isPartOf":{"@id":"https:\/\/www.outdoors.ee\/#website"},"primaryImageOfPage":{"@id":"https:\/\/www.outdoors.ee\/et\/toode\/austria-armee-gore-tex-puksid\/#primaryimage"},"image":{"@id":"https:\/\/www.outdoors.ee\/et\/toode\/austria-armee-gore-tex-puksid\/#primaryimage"},"thumbnailUrl":"https:\/\/www.outdoors.ee\/wp-content\/uploads\/2021\/09\/0411-1-Austrian-Gore-Tex-Trousers-with-braces.jpg","datePublished":"2021-12-08T22:00:00+00:00","dateModified":"2026-04-24T08:35:45+00:00","description":"Original Austrian Army waterproof, breathable trousers packed with practical features like full lenght zips on the sides, braces and a rear interior pocket for storing small items. An adjustable brace system\u00a0allows you to buckle straps over your shoulders to keep the trousers secured. Full lenght zippers on the sides give you access to pockets underneath. These are ideal hunting and fishing overtrousers. Colour and model may slightly vary. Condition: New (may contain bulk storage marks) Pre-owned, SuperGrade (may contain just light signs of wear)","breadcrumb":{"@id":"https:\/\/www.outdoors.ee\/et\/toode\/austria-armee-gore-tex-puksid\/#breadcrumb"},"inLanguage":"et","potentialAction":[{"@type":"ReadAction","target":["https:\/\/www.outdoors.ee\/et\/toode\/austria-armee-gore-tex-puksid\/"]}]},{"@type":"ImageObject","inLanguage":"et","@id":"https:\/\/www.outdoors.ee\/et\/toode\/austria-armee-gore-tex-puksid\/#primaryimage","url":"https:\/\/www.outdoors.ee\/wp-content\/uploads\/2021\/09\/0411-1-Austrian-Gore-Tex-Trousers-with-braces.jpg","contentUrl":"https:\/\/www.outdoors.ee\/wp-content\/uploads\/2021\/09\/0411-1-Austrian-Gore-Tex-Trousers-with-braces.jpg","width":637,"height":637},{"@type":"BreadcrumbList","@id":"https:\/\/www.outdoors.ee\/et\/toode\/austria-armee-gore-tex-puksid\/#breadcrumb","itemListElement":[{"@type":"ListItem","position":1,"name":"Home","item":"https:\/\/www.outdoors.ee\/et\/"},{"@type":"ListItem","position":2,"name":"Tooted","item":"https:\/\/www.outdoors.ee\/products\/"},{"@type":"ListItem","position":3,"name":"Austria Armee Gore-Tex\u00ae p\u00fcksid"}]},{"@type":"WebSite","@id":"https:\/\/www.outdoors.ee\/#website","url":"https:\/\/www.outdoors.ee\/","name":"Outdoors","description":"Genuine military surplus and not only!","potentialAction":[{"@type":"SearchAction","target":{"@type":"EntryPoint","urlTemplate":"https:\/\/www.outdoors.ee\/?s={search_term_string}"},"query-input":{"@type":"PropertyValueSpecification","valueRequired":true,"valueName":"search_term_string"}}],"inLanguage":"et"}]}},"_links":{"self":[{"href":"https:\/\/www.outdoors.ee\/et\/wp-json\/wp\/v2\/product\/59147","targetHints":{"allow":["GET"]}}],"collection":[{"href":"https:\/\/www.outdoors.ee\/et\/wp-json\/wp\/v2\/product"}],"about":[{"href":"https:\/\/www.outdoors.ee\/et\/wp-json\/wp\/v2\/types\/product"}],"wp:featuredmedia":[{"embeddable":true,"href":"https:\/\/www.outdoors.ee\/et\/wp-json\/wp\/v2\/media\/17373"}],"wp:attachment":[{"href":"https:\/\/www.outdoors.ee\/et\/wp-json\/wp\/v2\/media?parent=59147"}],"wp:term":[{"taxonomy":"product_brand","embeddable":true,"href":"https:\/\/www.outdoors.ee\/et\/wp-json\/wp\/v2\/product_brand?post=59147"},{"taxonomy":"product_cat","embeddable":true,"href":"https:\/\/www.outdoors.ee\/et\/wp-json\/wp\/v2\/product_cat?post=59147"},{"taxonomy":"product_tag","embeddable":true,"href":"https:\/\/www.outdoors.ee\/et\/wp-json\/wp\/v2\/product_tag?post=59147"}],"curies":[{"name":"wp","href":"https:\/\/api.w.org\/{rel}","templated":true}]}}