{"id":59137,"date":"2021-12-09T00:00:00","date_gmt":"2021-12-09T00:00:00","guid":{"rendered":"https:\/\/www.outdoors.ee\/product\/austria-armee-lahinguvormi-puksid-m75-kasutatud\/"},"modified":"2024-12-11T13:40:36","modified_gmt":"2024-12-11T11:40:36","slug":"austria-armee-valivormi-puksid-m75-vaiksed-suurused","status":"publish","type":"product","link":"https:\/\/www.outdoors.ee\/et\/toode\/austria-armee-valivormi-puksid-m75-vaiksed-suurused\/","title":{"rendered":"Austria Armee v\u00e4livormi p\u00fcksid M75, v\u00e4iksed suurused"},"content":{"rendered":"<p style=\"text-align: justify;\">Austria s\u00f5jav\u00e4e vormi p\u00fcksid vastupidavast materjalist, mis oma v\u00e4ljan\u00e4gemise ning funktsionaalsuse poolest sobivad h\u00e4sti ka tsiviilkasutusse.<\/p>\n<p style=\"text-align: justify;\"><strong>Omadused:\u00a0<\/strong><\/p>\n<ul style=\"text-align: justify;\">\n<li>2 k\u00e4etaskut<\/li>\n<li>2 suurt n\u00f6\u00f6biga suletavat reietaskut<\/li>\n<li>n\u00f6\u00f6pidega eest suletavad<\/li>\n<li>40mm laiad v\u00f6\u00f6rihma aasad<\/li>\n<li>materjal: 50% pol\u00fcester 50% puuvill v\u00f5i 67% pol\u00fcester 33% viskoos<\/li>\n<\/ul>\n<p style=\"text-align: justify;\"><strong>Suuruste tabel<\/strong>: vt. viimast pilti.<\/p>\n<p style=\"text-align: justify;\"><strong>Seisukord<\/strong>: uuev\u00e4\u00e4rne (sisaldavad kergeid kulumisj\u00e4lgi)<\/p>\n","protected":false},"excerpt":{"rendered":"<p>Austria Armee v\u00e4livormi p\u00fcksid M75, oliivroheline<\/p>\n","protected":false},"featured_media":17399,"template":"","meta":[],"product_brand":[],"product_cat":[111],"product_tag":[],"class_list":{"0":"post-59137","1":"product","2":"type-product","3":"status-publish","4":"has-post-thumbnail","6":"product_cat-puksid","7":"pa_brand-austrian-military-surplus","8":"pa_condition-uuevaarne","9":"pa_size-36-i-2","10":"pa_size-36-ii-2","11":"pa_size-38-i-2","12":"pa_size-38-ii-2","13":"pa_size-38-iii-2","14":"pa_size-40-ii-2","15":"pa_size-40-iii-3","16":"pa_size-42-i-3","17":"pa_size-42-ii-2","18":"pa_size-42-iii-2","20":"first","21":"instock","22":"taxable","23":"shipping-taxable","24":"purchasable","25":"product-type-variable"},"yoast_head":"<!-- This site is optimized with the Yoast SEO plugin v27.2 - https:\/\/yoast.com\/product\/yoast-seo-wordpress\/ -->\n<title>Austria Armee lahinguvormi p\u00fcksid M75, kasutatud - outdoors.ee<\/title>\n<meta name=\"description\" content=\"Originaalsed Austria s&otilde;jav&auml;e lahinguvormi p&uuml;ksid vastupidavast materjalist, mis oma v&auml;ljan&auml;gemise ning funktsionaalsuse poolest sobivad h&auml;sti ka tsiviilkasutusse. Omadused:&nbsp; 2 k&auml;etaskut 2 suurt n&ouml;&ouml;biga suletavat reietaskut n&ouml;&ouml;pidega eest suletavad 40mm laiad v&ouml;&ouml;rihma aasad Materjal: 50% pol&uuml;ester 50% puuvill v&otilde;i 67% pol&uuml;ester 33% viskoos Suuruste info: vt. viimast pilti. Seisukord: uuev&auml;&auml;rsed, minimaalsete kulumisj&auml;lgedega &nbsp;\" \/>\n<meta name=\"robots\" content=\"index, follow, max-snippet:-1, max-image-preview:large, max-video-preview:-1\" \/>\n<link rel=\"canonical\" href=\"https:\/\/www.outdoors.ee\/et\/toode\/austria-armee-valivormi-puksid-m75-vaiksed-suurused\/\" \/>\n<meta property=\"og:locale\" content=\"et_EE\" \/>\n<meta property=\"og:type\" content=\"article\" \/>\n<meta property=\"og:title\" content=\"Austria Armee lahinguvormi p\u00fcksid M75, kasutatud\" \/>\n<meta property=\"og:description\" content=\"Originaalsed Austria s&otilde;jav&auml;e lahinguvormi p&uuml;ksid vastupidavast materjalist, mis oma v&auml;ljan&auml;gemise ning funktsionaalsuse poolest sobivad h&auml;sti ka tsiviilkasutusse. Omadused:&nbsp; 2 k&auml;etaskut 2 suurt n&ouml;&ouml;biga suletavat reietaskut n&ouml;&ouml;pidega eest suletavad 40mm laiad v&ouml;&ouml;rihma aasad Materjal: 50% pol&uuml;ester 50% puuvill v&otilde;i 67% pol&uuml;ester 33% viskoos Suuruste info: vt. viimast pilti. Seisukord: uuev&auml;&auml;rsed, minimaalsete kulumisj&auml;lgedega &nbsp;\" \/>\n<meta property=\"og:url\" content=\"https:\/\/www.outdoors.ee\/et\/toode\/austria-armee-valivormi-puksid-m75-vaiksed-suurused\/\" \/>\n<meta property=\"og:site_name\" content=\"Outdoors\" \/>\n<meta property=\"article:modified_time\" content=\"2024-12-11T11:40:36+00:00\" \/>\n<meta property=\"og:image\" content=\"https:\/\/www.outdoors.ee\/wp-content\/uploads\/2021\/09\/0410-2-Austrian-M1975-Trousers-1.jpg\" \/>\n\t<meta property=\"og:image:width\" content=\"637\" \/>\n\t<meta property=\"og:image:height\" content=\"637\" \/>\n\t<meta property=\"og:image:type\" content=\"image\/jpeg\" \/>\n<meta name=\"twitter:card\" content=\"summary_large_image\" \/>\n<meta name=\"twitter:title\" content=\"Austria Armee lahinguvormi p\u00fcksid M75, kasutatud\" \/>\n<script type=\"application\/ld+json\" class=\"yoast-schema-graph\">{\"@context\":\"https:\/\/schema.org\",\"@graph\":[{\"@type\":\"WebPage\",\"@id\":\"https:\/\/www.outdoors.ee\/et\/toode\/austria-armee-valivormi-puksid-m75-vaiksed-suurused\/\",\"url\":\"https:\/\/www.outdoors.ee\/et\/toode\/austria-armee-valivormi-puksid-m75-vaiksed-suurused\/\",\"name\":\"Austria Armee lahinguvormi p\u00fcksid M75, kasutatud - outdoors.ee\",\"isPartOf\":{\"@id\":\"https:\/\/www.outdoors.ee\/#website\"},\"primaryImageOfPage\":{\"@id\":\"https:\/\/www.outdoors.ee\/et\/toode\/austria-armee-valivormi-puksid-m75-vaiksed-suurused\/#primaryimage\"},\"image\":{\"@id\":\"https:\/\/www.outdoors.ee\/et\/toode\/austria-armee-valivormi-puksid-m75-vaiksed-suurused\/#primaryimage\"},\"thumbnailUrl\":\"https:\/\/www.outdoors.ee\/wp-content\/uploads\/2021\/09\/0410-2-Austrian-M1975-Trousers-1.jpg\",\"datePublished\":\"2021-12-09T00:00:00+00:00\",\"dateModified\":\"2024-12-11T11:40:36+00:00\",\"description\":\"Originaalsed Austria s&otilde;jav&auml;e lahinguvormi p&uuml;ksid vastupidavast materjalist, mis oma v&auml;ljan&auml;gemise ning funktsionaalsuse poolest sobivad h&auml;sti ka tsiviilkasutusse. Omadused:&nbsp; 2 k&auml;etaskut 2 suurt n&ouml;&ouml;biga suletavat reietaskut n&ouml;&ouml;pidega eest suletavad 40mm laiad v&ouml;&ouml;rihma aasad Materjal: 50% pol&uuml;ester 50% puuvill v&otilde;i 67% pol&uuml;ester 33% viskoos Suuruste info: vt. viimast pilti. Seisukord: uuev&auml;&auml;rsed, minimaalsete kulumisj&auml;lgedega &nbsp;\",\"breadcrumb\":{\"@id\":\"https:\/\/www.outdoors.ee\/et\/toode\/austria-armee-valivormi-puksid-m75-vaiksed-suurused\/#breadcrumb\"},\"inLanguage\":\"et\",\"potentialAction\":[{\"@type\":\"ReadAction\",\"target\":[\"https:\/\/www.outdoors.ee\/et\/toode\/austria-armee-valivormi-puksid-m75-vaiksed-suurused\/\"]}]},{\"@type\":\"ImageObject\",\"inLanguage\":\"et\",\"@id\":\"https:\/\/www.outdoors.ee\/et\/toode\/austria-armee-valivormi-puksid-m75-vaiksed-suurused\/#primaryimage\",\"url\":\"https:\/\/www.outdoors.ee\/wp-content\/uploads\/2021\/09\/0410-2-Austrian-M1975-Trousers-1.jpg\",\"contentUrl\":\"https:\/\/www.outdoors.ee\/wp-content\/uploads\/2021\/09\/0410-2-Austrian-M1975-Trousers-1.jpg\",\"width\":637,\"height\":637},{\"@type\":\"BreadcrumbList\",\"@id\":\"https:\/\/www.outdoors.ee\/et\/toode\/austria-armee-valivormi-puksid-m75-vaiksed-suurused\/#breadcrumb\",\"itemListElement\":[{\"@type\":\"ListItem\",\"position\":1,\"name\":\"Home\",\"item\":\"https:\/\/www.outdoors.ee\/et\/\"},{\"@type\":\"ListItem\",\"position\":2,\"name\":\"Tooted\",\"item\":\"https:\/\/www.outdoors.ee\/products\/\"},{\"@type\":\"ListItem\",\"position\":3,\"name\":\"Austria Armee v\u00e4livormi p\u00fcksid M75, v\u00e4iksed suurused\"}]},{\"@type\":\"WebSite\",\"@id\":\"https:\/\/www.outdoors.ee\/#website\",\"url\":\"https:\/\/www.outdoors.ee\/\",\"name\":\"Outdoors\",\"description\":\"Genuine military surplus and not only!\",\"potentialAction\":[{\"@type\":\"SearchAction\",\"target\":{\"@type\":\"EntryPoint\",\"urlTemplate\":\"https:\/\/www.outdoors.ee\/?s={search_term_string}\"},\"query-input\":{\"@type\":\"PropertyValueSpecification\",\"valueRequired\":true,\"valueName\":\"search_term_string\"}}],\"inLanguage\":\"et\"}]}<\/script>\n<!-- \/ Yoast SEO plugin. -->","yoast_head_json":{"title":"Austria Armee lahinguvormi p\u00fcksid M75, kasutatud - outdoors.ee","description":"Originaalsed Austria s&otilde;jav&auml;e lahinguvormi p&uuml;ksid vastupidavast materjalist, mis oma v&auml;ljan&auml;gemise ning funktsionaalsuse poolest sobivad h&auml;sti ka tsiviilkasutusse. Omadused:&nbsp; 2 k&auml;etaskut 2 suurt n&ouml;&ouml;biga suletavat reietaskut n&ouml;&ouml;pidega eest suletavad 40mm laiad v&ouml;&ouml;rihma aasad Materjal: 50% pol&uuml;ester 50% puuvill v&otilde;i 67% pol&uuml;ester 33% viskoos Suuruste info: vt. viimast pilti. Seisukord: uuev&auml;&auml;rsed, minimaalsete kulumisj&auml;lgedega &nbsp;","robots":{"index":"index","follow":"follow","max-snippet":"max-snippet:-1","max-image-preview":"max-image-preview:large","max-video-preview":"max-video-preview:-1"},"canonical":"https:\/\/www.outdoors.ee\/et\/toode\/austria-armee-valivormi-puksid-m75-vaiksed-suurused\/","og_locale":"et_EE","og_type":"article","og_title":"Austria Armee lahinguvormi p\u00fcksid M75, kasutatud","og_description":"Originaalsed Austria s&otilde;jav&auml;e lahinguvormi p&uuml;ksid vastupidavast materjalist, mis oma v&auml;ljan&auml;gemise ning funktsionaalsuse poolest sobivad h&auml;sti ka tsiviilkasutusse. Omadused:&nbsp; 2 k&auml;etaskut 2 suurt n&ouml;&ouml;biga suletavat reietaskut n&ouml;&ouml;pidega eest suletavad 40mm laiad v&ouml;&ouml;rihma aasad Materjal: 50% pol&uuml;ester 50% puuvill v&otilde;i 67% pol&uuml;ester 33% viskoos Suuruste info: vt. viimast pilti. Seisukord: uuev&auml;&auml;rsed, minimaalsete kulumisj&auml;lgedega &nbsp;","og_url":"https:\/\/www.outdoors.ee\/et\/toode\/austria-armee-valivormi-puksid-m75-vaiksed-suurused\/","og_site_name":"Outdoors","article_modified_time":"2024-12-11T11:40:36+00:00","og_image":[{"width":637,"height":637,"url":"https:\/\/www.outdoors.ee\/wp-content\/uploads\/2021\/09\/0410-2-Austrian-M1975-Trousers-1.jpg","type":"image\/jpeg"}],"twitter_card":"summary_large_image","twitter_title":"Austria Armee lahinguvormi p\u00fcksid M75, kasutatud","schema":{"@context":"https:\/\/schema.org","@graph":[{"@type":"WebPage","@id":"https:\/\/www.outdoors.ee\/et\/toode\/austria-armee-valivormi-puksid-m75-vaiksed-suurused\/","url":"https:\/\/www.outdoors.ee\/et\/toode\/austria-armee-valivormi-puksid-m75-vaiksed-suurused\/","name":"Austria Armee lahinguvormi p\u00fcksid M75, kasutatud - outdoors.ee","isPartOf":{"@id":"https:\/\/www.outdoors.ee\/#website"},"primaryImageOfPage":{"@id":"https:\/\/www.outdoors.ee\/et\/toode\/austria-armee-valivormi-puksid-m75-vaiksed-suurused\/#primaryimage"},"image":{"@id":"https:\/\/www.outdoors.ee\/et\/toode\/austria-armee-valivormi-puksid-m75-vaiksed-suurused\/#primaryimage"},"thumbnailUrl":"https:\/\/www.outdoors.ee\/wp-content\/uploads\/2021\/09\/0410-2-Austrian-M1975-Trousers-1.jpg","datePublished":"2021-12-09T00:00:00+00:00","dateModified":"2024-12-11T11:40:36+00:00","description":"Originaalsed Austria s&otilde;jav&auml;e lahinguvormi p&uuml;ksid vastupidavast materjalist, mis oma v&auml;ljan&auml;gemise ning funktsionaalsuse poolest sobivad h&auml;sti ka tsiviilkasutusse. Omadused:&nbsp; 2 k&auml;etaskut 2 suurt n&ouml;&ouml;biga suletavat reietaskut n&ouml;&ouml;pidega eest suletavad 40mm laiad v&ouml;&ouml;rihma aasad Materjal: 50% pol&uuml;ester 50% puuvill v&otilde;i 67% pol&uuml;ester 33% viskoos Suuruste info: vt. viimast pilti. Seisukord: uuev&auml;&auml;rsed, minimaalsete kulumisj&auml;lgedega &nbsp;","breadcrumb":{"@id":"https:\/\/www.outdoors.ee\/et\/toode\/austria-armee-valivormi-puksid-m75-vaiksed-suurused\/#breadcrumb"},"inLanguage":"et","potentialAction":[{"@type":"ReadAction","target":["https:\/\/www.outdoors.ee\/et\/toode\/austria-armee-valivormi-puksid-m75-vaiksed-suurused\/"]}]},{"@type":"ImageObject","inLanguage":"et","@id":"https:\/\/www.outdoors.ee\/et\/toode\/austria-armee-valivormi-puksid-m75-vaiksed-suurused\/#primaryimage","url":"https:\/\/www.outdoors.ee\/wp-content\/uploads\/2021\/09\/0410-2-Austrian-M1975-Trousers-1.jpg","contentUrl":"https:\/\/www.outdoors.ee\/wp-content\/uploads\/2021\/09\/0410-2-Austrian-M1975-Trousers-1.jpg","width":637,"height":637},{"@type":"BreadcrumbList","@id":"https:\/\/www.outdoors.ee\/et\/toode\/austria-armee-valivormi-puksid-m75-vaiksed-suurused\/#breadcrumb","itemListElement":[{"@type":"ListItem","position":1,"name":"Home","item":"https:\/\/www.outdoors.ee\/et\/"},{"@type":"ListItem","position":2,"name":"Tooted","item":"https:\/\/www.outdoors.ee\/products\/"},{"@type":"ListItem","position":3,"name":"Austria Armee v\u00e4livormi p\u00fcksid M75, v\u00e4iksed suurused"}]},{"@type":"WebSite","@id":"https:\/\/www.outdoors.ee\/#website","url":"https:\/\/www.outdoors.ee\/","name":"Outdoors","description":"Genuine military surplus and not only!","potentialAction":[{"@type":"SearchAction","target":{"@type":"EntryPoint","urlTemplate":"https:\/\/www.outdoors.ee\/?s={search_term_string}"},"query-input":{"@type":"PropertyValueSpecification","valueRequired":true,"valueName":"search_term_string"}}],"inLanguage":"et"}]}},"_links":{"self":[{"href":"https:\/\/www.outdoors.ee\/et\/wp-json\/wp\/v2\/product\/59137","targetHints":{"allow":["GET"]}}],"collection":[{"href":"https:\/\/www.outdoors.ee\/et\/wp-json\/wp\/v2\/product"}],"about":[{"href":"https:\/\/www.outdoors.ee\/et\/wp-json\/wp\/v2\/types\/product"}],"wp:featuredmedia":[{"embeddable":true,"href":"https:\/\/www.outdoors.ee\/et\/wp-json\/wp\/v2\/media\/17399"}],"wp:attachment":[{"href":"https:\/\/www.outdoors.ee\/et\/wp-json\/wp\/v2\/media?parent=59137"}],"wp:term":[{"taxonomy":"product_brand","embeddable":true,"href":"https:\/\/www.outdoors.ee\/et\/wp-json\/wp\/v2\/product_brand?post=59137"},{"taxonomy":"product_cat","embeddable":true,"href":"https:\/\/www.outdoors.ee\/et\/wp-json\/wp\/v2\/product_cat?post=59137"},{"taxonomy":"product_tag","embeddable":true,"href":"https:\/\/www.outdoors.ee\/et\/wp-json\/wp\/v2\/product_tag?post=59137"}],"curies":[{"name":"wp","href":"https:\/\/api.w.org\/{rel}","templated":true}]}}