{"id":59052,"date":"2021-12-09T00:00:00","date_gmt":"2021-12-08T22:00:00","guid":{"rendered":"https:\/\/www.outdoors.ee\/product\/austria-armee-lahinguvormi-puksid-anzug-03-kasutatud\/"},"modified":"2026-04-25T17:59:02","modified_gmt":"2026-04-25T14:59:02","slug":"austria-armee-anzug-03-valivormi-puksid","status":"publish","type":"product","link":"https:\/\/www.outdoors.ee\/et\/toode\/austria-armee-anzug-03-valivormi-puksid\/","title":{"rendered":"Austria Armee Anzug-03 v\u00e4livormi p\u00fcksid"},"content":{"rendered":"<p style=\"text-align: justify;\"><strong>Omadused:<\/strong><\/p>\n<ul style=\"text-align: justify;\">\n<li>n\u00f6\u00f6bi ning t\u00f5mblukuga eest suletavad<\/li>\n<li>pingutusn\u00f6\u00f6ridega alt<\/li>\n<li>ca 40mm laiad v\u00f6\u00f6rihma aasad<\/li>\n<li>2 k\u00e4estaskut<\/li>\n<li>t\u00f5mblukuga reietaskud<\/li>\n<li>tugevdatud p\u00f5lvekohad<\/li>\n<li>materjal 50 %puuvill 50% pol\u00fcester<\/li>\n<\/ul>\n<p><strong>NB!<\/strong> Soovitame osta see toode pigem v\u00e4iksemas suuruses<\/p>\n<p style=\"text-align: justify;\"><strong>Seisukord:<\/strong><\/p>\n<ul>\n<li>uued (ilma j\u00e4em\u00fc\u00fcgipakendita, v\u00f5ivad sisaldada hulgiladustamise j\u00e4lgi)<\/li>\n<li>uuev\u00e4\u00e4rsed (sisaldavad kergeid kulumisj\u00e4lgi)<\/li>\n<li>kasutatud, Grade 1 (sisaldavad m\u00f5\u00f5dukaid kulumisj\u00e4lgi, v\u00f5ivad sisaldada v\u00e4ikseid vigastusi, n\u00f6\u00f6p v\u00f5i alumised pingutusn\u00f6\u00f6rid v\u00f5ivad puududa, tasku t\u00f5mblukk mittefunktsionaalne)<\/li>\n<\/ul>\n","protected":false},"excerpt":{"rendered":"<p>Austria Armee Anzug-03 v\u00e4livormi p\u00fcksid, oliivroheline<\/p>\n","protected":false},"featured_media":17398,"template":"","meta":[],"product_brand":[],"product_cat":[111],"product_tag":[],"class_list":{"0":"post-59052","1":"product","2":"type-product","3":"status-publish","4":"has-post-thumbnail","6":"product_cat-puksid","7":"pa_brand-austrian-military-surplus","8":"pa_condition-kasutatud-grade-1","9":"pa_condition-uuevaarne","10":"pa_condition-uus","11":"pa_size-large-long-2","12":"pa_size-large-regular-2","13":"pa_size-large-short-2","14":"pa_size-large-xlong-2","15":"pa_size-medium-long-2","16":"pa_size-medium-regular-2","17":"pa_size-medium-short-2","18":"pa_size-medium-xlong-2","19":"pa_size-small-long-2","20":"pa_size-small-regular-2","21":"pa_size-small-short-2","22":"pa_size-small-xlong-2","23":"pa_size-xlarge-long-2","24":"pa_size-xlarge-regular-3","25":"pa_size-xlarge-short-2","26":"pa_size-xlarge-xlong-2","27":"pa_size-xsmall-long-2","28":"pa_size-xsmall-regular-2","29":"pa_size-xsmall-short-2","30":"pa_size-xxlarge-long-2","31":"pa_size-xxlarge-regular-2","32":"pa_size-xxlarge-short-2","33":"pa_size-xxsmall-regular-2","34":"pa_size-xxxlarge-regular-2","36":"first","37":"instock","38":"taxable","39":"shipping-taxable","40":"purchasable","41":"product-type-variable"},"yoast_head":"<!-- This site is optimized with the Yoast SEO plugin v27.2 - https:\/\/yoast.com\/product\/yoast-seo-wordpress\/ -->\n<title>Austria Armee lahinguvormi p\u00fcksid Anzug-03, kasutatud - outdoors.ee<\/title>\n<meta name=\"description\" content=\"Originaalsed Austria s\u00f5jav\u00e4e lahinguvormi p\u00fcksid on toodetud vastupidavast, kiiresti kuivavast, suhteliselt kergest puuvilla ning pol\u00fcestri segukangast. Omadused: n\u00f6\u00f6biga ning t\u00f5mblukuga eest suletavad pingutusn\u00f6\u00f6ridega alt laiad v\u00f6\u00f6rihma aasad s\u00fcgavad k\u00e4estaskud t\u00f5mblukuga reietaskud tugevdatud p\u00f5lvekohad Seisukord: kasutatud, heas korras (n\u00f6\u00f6p v\u00f5i alumised pingutusn\u00f6\u00f6rid v\u00f5ivad puudu olla)\" \/>\n<meta name=\"robots\" content=\"index, follow, max-snippet:-1, max-image-preview:large, max-video-preview:-1\" \/>\n<link rel=\"canonical\" href=\"https:\/\/www.outdoors.ee\/et\/toode\/austria-armee-anzug-03-valivormi-puksid\/\" \/>\n<meta property=\"og:locale\" content=\"et_EE\" \/>\n<meta property=\"og:type\" content=\"article\" \/>\n<meta property=\"og:title\" content=\"Austria Armee lahinguvormi p\u00fcksid Anzug-03, kasutatud\" \/>\n<meta property=\"og:description\" content=\"Originaalsed Austria s\u00f5jav\u00e4e lahinguvormi p\u00fcksid on toodetud vastupidavast, kiiresti kuivavast, suhteliselt kergest puuvilla ning pol\u00fcestri segukangast. Omadused: n\u00f6\u00f6biga ning t\u00f5mblukuga eest suletavad pingutusn\u00f6\u00f6ridega alt laiad v\u00f6\u00f6rihma aasad s\u00fcgavad k\u00e4estaskud t\u00f5mblukuga reietaskud tugevdatud p\u00f5lvekohad Seisukord: kasutatud, heas korras (n\u00f6\u00f6p v\u00f5i alumised pingutusn\u00f6\u00f6rid v\u00f5ivad puudu olla)\" \/>\n<meta property=\"og:url\" content=\"https:\/\/www.outdoors.ee\/et\/toode\/austria-armee-anzug-03-valivormi-puksid\/\" \/>\n<meta property=\"og:site_name\" content=\"Outdoors\" \/>\n<meta property=\"article:modified_time\" content=\"2026-04-25T14:59:02+00:00\" \/>\n<meta property=\"og:image\" content=\"https:\/\/www.outdoors.ee\/wp-content\/uploads\/2021\/09\/0405-1-Austrian-Anzug-03-trousers.jpg\" \/>\n\t<meta property=\"og:image:width\" content=\"637\" \/>\n\t<meta property=\"og:image:height\" content=\"637\" \/>\n\t<meta property=\"og:image:type\" content=\"image\/jpeg\" \/>\n<meta name=\"twitter:card\" content=\"summary_large_image\" \/>\n<meta name=\"twitter:title\" content=\"Austria Armee lahinguvormi p\u00fcksid Anzug-03, kasutatud\" \/>\n<meta name=\"twitter:label1\" content=\"Est. reading time\" \/>\n\t<meta name=\"twitter:data1\" content=\"1 minut\" \/>\n<script type=\"application\/ld+json\" class=\"yoast-schema-graph\">{\"@context\":\"https:\/\/schema.org\",\"@graph\":[{\"@type\":\"WebPage\",\"@id\":\"https:\/\/www.outdoors.ee\/et\/toode\/austria-armee-anzug-03-valivormi-puksid\/\",\"url\":\"https:\/\/www.outdoors.ee\/et\/toode\/austria-armee-anzug-03-valivormi-puksid\/\",\"name\":\"Austria Armee lahinguvormi p\u00fcksid Anzug-03, kasutatud - outdoors.ee\",\"isPartOf\":{\"@id\":\"https:\/\/www.outdoors.ee\/#website\"},\"primaryImageOfPage\":{\"@id\":\"https:\/\/www.outdoors.ee\/et\/toode\/austria-armee-anzug-03-valivormi-puksid\/#primaryimage\"},\"image\":{\"@id\":\"https:\/\/www.outdoors.ee\/et\/toode\/austria-armee-anzug-03-valivormi-puksid\/#primaryimage\"},\"thumbnailUrl\":\"https:\/\/www.outdoors.ee\/wp-content\/uploads\/2021\/09\/0405-1-Austrian-Anzug-03-trousers.jpg\",\"datePublished\":\"2021-12-08T22:00:00+00:00\",\"dateModified\":\"2026-04-25T14:59:02+00:00\",\"description\":\"Originaalsed Austria s\u00f5jav\u00e4e lahinguvormi p\u00fcksid on toodetud vastupidavast, kiiresti kuivavast, suhteliselt kergest puuvilla ning pol\u00fcestri segukangast. Omadused: n\u00f6\u00f6biga ning t\u00f5mblukuga eest suletavad pingutusn\u00f6\u00f6ridega alt laiad v\u00f6\u00f6rihma aasad s\u00fcgavad k\u00e4estaskud t\u00f5mblukuga reietaskud tugevdatud p\u00f5lvekohad Seisukord: kasutatud, heas korras (n\u00f6\u00f6p v\u00f5i alumised pingutusn\u00f6\u00f6rid v\u00f5ivad puudu olla)\",\"breadcrumb\":{\"@id\":\"https:\/\/www.outdoors.ee\/et\/toode\/austria-armee-anzug-03-valivormi-puksid\/#breadcrumb\"},\"inLanguage\":\"et\",\"potentialAction\":[{\"@type\":\"ReadAction\",\"target\":[\"https:\/\/www.outdoors.ee\/et\/toode\/austria-armee-anzug-03-valivormi-puksid\/\"]}]},{\"@type\":\"ImageObject\",\"inLanguage\":\"et\",\"@id\":\"https:\/\/www.outdoors.ee\/et\/toode\/austria-armee-anzug-03-valivormi-puksid\/#primaryimage\",\"url\":\"https:\/\/www.outdoors.ee\/wp-content\/uploads\/2021\/09\/0405-1-Austrian-Anzug-03-trousers.jpg\",\"contentUrl\":\"https:\/\/www.outdoors.ee\/wp-content\/uploads\/2021\/09\/0405-1-Austrian-Anzug-03-trousers.jpg\",\"width\":637,\"height\":637},{\"@type\":\"BreadcrumbList\",\"@id\":\"https:\/\/www.outdoors.ee\/et\/toode\/austria-armee-anzug-03-valivormi-puksid\/#breadcrumb\",\"itemListElement\":[{\"@type\":\"ListItem\",\"position\":1,\"name\":\"Home\",\"item\":\"https:\/\/www.outdoors.ee\/et\/\"},{\"@type\":\"ListItem\",\"position\":2,\"name\":\"Tooted\",\"item\":\"https:\/\/www.outdoors.ee\/products\/\"},{\"@type\":\"ListItem\",\"position\":3,\"name\":\"Austria Armee Anzug-03 v\u00e4livormi p\u00fcksid\"}]},{\"@type\":\"WebSite\",\"@id\":\"https:\/\/www.outdoors.ee\/#website\",\"url\":\"https:\/\/www.outdoors.ee\/\",\"name\":\"Outdoors\",\"description\":\"Genuine military surplus and not only!\",\"potentialAction\":[{\"@type\":\"SearchAction\",\"target\":{\"@type\":\"EntryPoint\",\"urlTemplate\":\"https:\/\/www.outdoors.ee\/?s={search_term_string}\"},\"query-input\":{\"@type\":\"PropertyValueSpecification\",\"valueRequired\":true,\"valueName\":\"search_term_string\"}}],\"inLanguage\":\"et\"}]}<\/script>\n<!-- \/ Yoast SEO plugin. -->","yoast_head_json":{"title":"Austria Armee lahinguvormi p\u00fcksid Anzug-03, kasutatud - outdoors.ee","description":"Originaalsed Austria s\u00f5jav\u00e4e lahinguvormi p\u00fcksid on toodetud vastupidavast, kiiresti kuivavast, suhteliselt kergest puuvilla ning pol\u00fcestri segukangast. Omadused: n\u00f6\u00f6biga ning t\u00f5mblukuga eest suletavad pingutusn\u00f6\u00f6ridega alt laiad v\u00f6\u00f6rihma aasad s\u00fcgavad k\u00e4estaskud t\u00f5mblukuga reietaskud tugevdatud p\u00f5lvekohad Seisukord: kasutatud, heas korras (n\u00f6\u00f6p v\u00f5i alumised pingutusn\u00f6\u00f6rid v\u00f5ivad puudu olla)","robots":{"index":"index","follow":"follow","max-snippet":"max-snippet:-1","max-image-preview":"max-image-preview:large","max-video-preview":"max-video-preview:-1"},"canonical":"https:\/\/www.outdoors.ee\/et\/toode\/austria-armee-anzug-03-valivormi-puksid\/","og_locale":"et_EE","og_type":"article","og_title":"Austria Armee lahinguvormi p\u00fcksid Anzug-03, kasutatud","og_description":"Originaalsed Austria s\u00f5jav\u00e4e lahinguvormi p\u00fcksid on toodetud vastupidavast, kiiresti kuivavast, suhteliselt kergest puuvilla ning pol\u00fcestri segukangast. Omadused: n\u00f6\u00f6biga ning t\u00f5mblukuga eest suletavad pingutusn\u00f6\u00f6ridega alt laiad v\u00f6\u00f6rihma aasad s\u00fcgavad k\u00e4estaskud t\u00f5mblukuga reietaskud tugevdatud p\u00f5lvekohad Seisukord: kasutatud, heas korras (n\u00f6\u00f6p v\u00f5i alumised pingutusn\u00f6\u00f6rid v\u00f5ivad puudu olla)","og_url":"https:\/\/www.outdoors.ee\/et\/toode\/austria-armee-anzug-03-valivormi-puksid\/","og_site_name":"Outdoors","article_modified_time":"2026-04-25T14:59:02+00:00","og_image":[{"width":637,"height":637,"url":"https:\/\/www.outdoors.ee\/wp-content\/uploads\/2021\/09\/0405-1-Austrian-Anzug-03-trousers.jpg","type":"image\/jpeg"}],"twitter_card":"summary_large_image","twitter_title":"Austria Armee lahinguvormi p\u00fcksid Anzug-03, kasutatud","twitter_misc":{"Est. reading time":"1 minut"},"schema":{"@context":"https:\/\/schema.org","@graph":[{"@type":"WebPage","@id":"https:\/\/www.outdoors.ee\/et\/toode\/austria-armee-anzug-03-valivormi-puksid\/","url":"https:\/\/www.outdoors.ee\/et\/toode\/austria-armee-anzug-03-valivormi-puksid\/","name":"Austria Armee lahinguvormi p\u00fcksid Anzug-03, kasutatud - outdoors.ee","isPartOf":{"@id":"https:\/\/www.outdoors.ee\/#website"},"primaryImageOfPage":{"@id":"https:\/\/www.outdoors.ee\/et\/toode\/austria-armee-anzug-03-valivormi-puksid\/#primaryimage"},"image":{"@id":"https:\/\/www.outdoors.ee\/et\/toode\/austria-armee-anzug-03-valivormi-puksid\/#primaryimage"},"thumbnailUrl":"https:\/\/www.outdoors.ee\/wp-content\/uploads\/2021\/09\/0405-1-Austrian-Anzug-03-trousers.jpg","datePublished":"2021-12-08T22:00:00+00:00","dateModified":"2026-04-25T14:59:02+00:00","description":"Originaalsed Austria s\u00f5jav\u00e4e lahinguvormi p\u00fcksid on toodetud vastupidavast, kiiresti kuivavast, suhteliselt kergest puuvilla ning pol\u00fcestri segukangast. Omadused: n\u00f6\u00f6biga ning t\u00f5mblukuga eest suletavad pingutusn\u00f6\u00f6ridega alt laiad v\u00f6\u00f6rihma aasad s\u00fcgavad k\u00e4estaskud t\u00f5mblukuga reietaskud tugevdatud p\u00f5lvekohad Seisukord: kasutatud, heas korras (n\u00f6\u00f6p v\u00f5i alumised pingutusn\u00f6\u00f6rid v\u00f5ivad puudu olla)","breadcrumb":{"@id":"https:\/\/www.outdoors.ee\/et\/toode\/austria-armee-anzug-03-valivormi-puksid\/#breadcrumb"},"inLanguage":"et","potentialAction":[{"@type":"ReadAction","target":["https:\/\/www.outdoors.ee\/et\/toode\/austria-armee-anzug-03-valivormi-puksid\/"]}]},{"@type":"ImageObject","inLanguage":"et","@id":"https:\/\/www.outdoors.ee\/et\/toode\/austria-armee-anzug-03-valivormi-puksid\/#primaryimage","url":"https:\/\/www.outdoors.ee\/wp-content\/uploads\/2021\/09\/0405-1-Austrian-Anzug-03-trousers.jpg","contentUrl":"https:\/\/www.outdoors.ee\/wp-content\/uploads\/2021\/09\/0405-1-Austrian-Anzug-03-trousers.jpg","width":637,"height":637},{"@type":"BreadcrumbList","@id":"https:\/\/www.outdoors.ee\/et\/toode\/austria-armee-anzug-03-valivormi-puksid\/#breadcrumb","itemListElement":[{"@type":"ListItem","position":1,"name":"Home","item":"https:\/\/www.outdoors.ee\/et\/"},{"@type":"ListItem","position":2,"name":"Tooted","item":"https:\/\/www.outdoors.ee\/products\/"},{"@type":"ListItem","position":3,"name":"Austria Armee Anzug-03 v\u00e4livormi p\u00fcksid"}]},{"@type":"WebSite","@id":"https:\/\/www.outdoors.ee\/#website","url":"https:\/\/www.outdoors.ee\/","name":"Outdoors","description":"Genuine military surplus and not only!","potentialAction":[{"@type":"SearchAction","target":{"@type":"EntryPoint","urlTemplate":"https:\/\/www.outdoors.ee\/?s={search_term_string}"},"query-input":{"@type":"PropertyValueSpecification","valueRequired":true,"valueName":"search_term_string"}}],"inLanguage":"et"}]}},"_links":{"self":[{"href":"https:\/\/www.outdoors.ee\/et\/wp-json\/wp\/v2\/product\/59052","targetHints":{"allow":["GET"]}}],"collection":[{"href":"https:\/\/www.outdoors.ee\/et\/wp-json\/wp\/v2\/product"}],"about":[{"href":"https:\/\/www.outdoors.ee\/et\/wp-json\/wp\/v2\/types\/product"}],"wp:featuredmedia":[{"embeddable":true,"href":"https:\/\/www.outdoors.ee\/et\/wp-json\/wp\/v2\/media\/17398"}],"wp:attachment":[{"href":"https:\/\/www.outdoors.ee\/et\/wp-json\/wp\/v2\/media?parent=59052"}],"wp:term":[{"taxonomy":"product_brand","embeddable":true,"href":"https:\/\/www.outdoors.ee\/et\/wp-json\/wp\/v2\/product_brand?post=59052"},{"taxonomy":"product_cat","embeddable":true,"href":"https:\/\/www.outdoors.ee\/et\/wp-json\/wp\/v2\/product_cat?post=59052"},{"taxonomy":"product_tag","embeddable":true,"href":"https:\/\/www.outdoors.ee\/et\/wp-json\/wp\/v2\/product_tag?post=59052"}],"curies":[{"name":"wp","href":"https:\/\/api.w.org\/{rel}","templated":true}]}}