{"id":59034,"date":"2021-12-09T00:00:00","date_gmt":"2021-12-08T22:00:00","guid":{"rendered":"https:\/\/www.outdoors.ee\/product\/austria-armee-kaz-03-ripstop-jakk\/"},"modified":"2026-05-01T14:12:31","modified_gmt":"2026-05-01T11:12:31","slug":"austria-armee-kaz-03-ripstop-valivormi-jakk","status":"publish","type":"product","link":"https:\/\/www.outdoors.ee\/et\/toode\/austria-armee-kaz-03-ripstop-valivormi-jakk\/","title":{"rendered":"Austria Armee KAZ-03 Ripstop v\u00e4livormi jakk"},"content":{"rendered":"<p style=\"text-align: justify;\">Austria s\u00f5jav\u00e4e v\u00e4livormi jakk prantsuse F2 jaki stiilis.<\/p>\n<p style=\"text-align: justify;\"><strong>Omadused:<\/strong><\/p>\n<ul style=\"text-align: justify;\">\n<li>vastupidav ripstop materjal<\/li>\n<li>2 t\u00f5mblukuga rinnataskut<\/li>\n<li>pagunialus rinnal<\/li>\n<li>n\u00f6\u00f6pidega eest suletav<\/li>\n<li>ventileerimisavad kaenla all<\/li>\n<li>takjapaela abil (v\u00f5i n\u00f6\u00f6pidega) reguleeritavad mansetid<\/li>\n<li>t\u00f5mblukuga tasku vasakul k\u00e4isel<\/li>\n<li>takjapaela riba nimesildile rinnal<\/li>\n<li>material: 67% pol\u00fcester 33% puuvill<\/li>\n<\/ul>\n<p style=\"text-align: justify;\"><strong>Seisukord:<\/strong><\/p>\n<ul>\n<li>uus (ilma j\u00e4em\u00fc\u00fcgi pakendita, v\u00f5ib sisaldada hulgiladustamise j\u00e4lgi)<\/li>\n<li>uuev\u00e4\u00e4rne (sisaldab kergeid kulumisj\u00e4lgi)<\/li>\n<li>kasutatud, Grade 1 (sisaldab m\u00f5\u00f5dukaid kulumisj\u00e4lgi, v\u00f5ib sisaldada v\u00e4iksemaid vigastusi ning professionaalseid parandusi)<\/li>\n<\/ul>\n","protected":false},"excerpt":{"rendered":"<p>Austria Armee v\u00e4livormi jakk KAZ-03 Ripstop, oliivroheline<\/p>\n","protected":false},"featured_media":17384,"template":"","meta":[],"product_brand":[],"product_cat":[2715],"product_tag":[],"class_list":{"0":"post-59034","1":"product","2":"type-product","3":"status-publish","4":"has-post-thumbnail","6":"product_cat-sargid-jakid","7":"pa_brand-austrian-military-surplus","8":"pa_condition-kasutatud-grade-1","9":"pa_condition-uuevaarne","10":"pa_condition-uus","11":"pa_size-large-long-2","12":"pa_size-large-regular-2","13":"pa_size-large-short-2","14":"pa_size-medium-long-2","15":"pa_size-medium-regular-2","16":"pa_size-medium-short-2","17":"pa_size-small-long-2","18":"pa_size-small-regular-2","19":"pa_size-small-short-2","20":"pa_size-xlarge-long-2","21":"pa_size-xlarge-regular-3","22":"pa_size-xlarge-short-2","23":"pa_size-xsmall-long-2","24":"pa_size-xsmall-regular-2","25":"pa_size-xsmall-short-2","26":"pa_size-xxlarge-long-2","27":"pa_size-xxlarge-regular-2","28":"pa_size-xxlarge-short-2","29":"pa_size-xxxlarge-long-2-2","30":"pa_size-xxxlarge-regular-2","31":"pa_size-xxxlarge-short-2","33":"first","34":"instock","35":"taxable","36":"shipping-taxable","37":"purchasable","38":"product-type-variable"},"yoast_head":"<!-- This site is optimized with the Yoast SEO plugin v27.2 - https:\/\/yoast.com\/product\/yoast-seo-wordpress\/ -->\n<title>Austria Armee KAZ-03 Ripstop jakk - outdoors.ee<\/title>\n<meta name=\"description\" content=\"Originaalne Austria s\u00f5jav\u00e4e v\u00e4lijakk prantsuse F2 v\u00e4lijaki stiilis. See lahingu jakk on toodetud vastupidavast ripstop kangast Austria s\u00f5jav\u00e4e terminoloogia j\u00e4rgi tumedas oliivrohelises v\u00e4rvuses, mis pigem meenutab tumehalli. Kangas absorbeerib v\u00e4ga v\u00e4hesel m\u00e4\u00e4ral vett ning praktiliselt ei muutu m\u00e4rjaks saamisel raskemaks.\u00a0 Omadused: kvaliteetne ripstop materjal 2 t\u00f5mblukuga rinnataskut auastme eraldusm\u00e4rgi klapp rinnal n\u00f6\u00f6pidega eest suletav ventileerimisavad kaenla all takjakinnitusega reguleeritav manseti laius t\u00f5mblukuga tasku vasakul k\u00e4isel takjakinnitusriba nimesildile rinnal Material: 67% pol\u00fcester, 33% puuvill Seisukord: kasutatud, heas korras, v\u00f5ib esineda v\u00e4iksemaid vigastusi, t\u00f5mbluku tilad v\u00f5ivad puudu olla\" \/>\n<meta name=\"robots\" content=\"index, follow, max-snippet:-1, max-image-preview:large, max-video-preview:-1\" \/>\n<link rel=\"canonical\" href=\"https:\/\/www.outdoors.ee\/et\/toode\/austria-armee-kaz-03-ripstop-valivormi-jakk\/\" \/>\n<meta property=\"og:locale\" content=\"et_EE\" \/>\n<meta property=\"og:type\" content=\"article\" \/>\n<meta property=\"og:title\" content=\"Austria Armee KAZ-03 Ripstop jakk\" \/>\n<meta property=\"og:description\" content=\"Originaalne Austria s\u00f5jav\u00e4e v\u00e4lijakk prantsuse F2 v\u00e4lijaki stiilis. See lahingu jakk on toodetud vastupidavast ripstop kangast Austria s\u00f5jav\u00e4e terminoloogia j\u00e4rgi tumedas oliivrohelises v\u00e4rvuses, mis pigem meenutab tumehalli. Kangas absorbeerib v\u00e4ga v\u00e4hesel m\u00e4\u00e4ral vett ning praktiliselt ei muutu m\u00e4rjaks saamisel raskemaks.\u00a0 Omadused: kvaliteetne ripstop materjal 2 t\u00f5mblukuga rinnataskut auastme eraldusm\u00e4rgi klapp rinnal n\u00f6\u00f6pidega eest suletav ventileerimisavad kaenla all takjakinnitusega reguleeritav manseti laius t\u00f5mblukuga tasku vasakul k\u00e4isel takjakinnitusriba nimesildile rinnal Material: 67% pol\u00fcester, 33% puuvill Seisukord: kasutatud, heas korras, v\u00f5ib esineda v\u00e4iksemaid vigastusi, t\u00f5mbluku tilad v\u00f5ivad puudu olla\" \/>\n<meta property=\"og:url\" content=\"https:\/\/www.outdoors.ee\/et\/toode\/austria-armee-kaz-03-ripstop-valivormi-jakk\/\" \/>\n<meta property=\"og:site_name\" content=\"Outdoors\" \/>\n<meta property=\"article:modified_time\" content=\"2026-05-01T11:12:31+00:00\" \/>\n<meta property=\"og:image\" content=\"https:\/\/www.outdoors.ee\/wp-content\/uploads\/2021\/09\/0403-1-Austrian-F2-Style-Combat-Jacket.jpg\" \/>\n\t<meta property=\"og:image:width\" content=\"1598\" \/>\n\t<meta property=\"og:image:height\" content=\"1600\" \/>\n\t<meta property=\"og:image:type\" content=\"image\/jpeg\" \/>\n<meta name=\"twitter:card\" content=\"summary_large_image\" \/>\n<meta name=\"twitter:title\" content=\"Austria Armee KAZ-03 Ripstop jakk\" \/>\n<meta name=\"twitter:label1\" content=\"Est. reading time\" \/>\n\t<meta name=\"twitter:data1\" content=\"1 minut\" \/>\n<script type=\"application\/ld+json\" class=\"yoast-schema-graph\">{\"@context\":\"https:\/\/schema.org\",\"@graph\":[{\"@type\":\"WebPage\",\"@id\":\"https:\/\/www.outdoors.ee\/et\/toode\/austria-armee-kaz-03-ripstop-valivormi-jakk\/\",\"url\":\"https:\/\/www.outdoors.ee\/et\/toode\/austria-armee-kaz-03-ripstop-valivormi-jakk\/\",\"name\":\"Austria Armee KAZ-03 Ripstop jakk - outdoors.ee\",\"isPartOf\":{\"@id\":\"https:\/\/www.outdoors.ee\/#website\"},\"primaryImageOfPage\":{\"@id\":\"https:\/\/www.outdoors.ee\/et\/toode\/austria-armee-kaz-03-ripstop-valivormi-jakk\/#primaryimage\"},\"image\":{\"@id\":\"https:\/\/www.outdoors.ee\/et\/toode\/austria-armee-kaz-03-ripstop-valivormi-jakk\/#primaryimage\"},\"thumbnailUrl\":\"https:\/\/www.outdoors.ee\/wp-content\/uploads\/2021\/09\/0403-1-Austrian-F2-Style-Combat-Jacket.jpg\",\"datePublished\":\"2021-12-08T22:00:00+00:00\",\"dateModified\":\"2026-05-01T11:12:31+00:00\",\"description\":\"Originaalne Austria s\u00f5jav\u00e4e v\u00e4lijakk prantsuse F2 v\u00e4lijaki stiilis. See lahingu jakk on toodetud vastupidavast ripstop kangast Austria s\u00f5jav\u00e4e terminoloogia j\u00e4rgi tumedas oliivrohelises v\u00e4rvuses, mis pigem meenutab tumehalli. Kangas absorbeerib v\u00e4ga v\u00e4hesel m\u00e4\u00e4ral vett ning praktiliselt ei muutu m\u00e4rjaks saamisel raskemaks.\u00a0 Omadused: kvaliteetne ripstop materjal 2 t\u00f5mblukuga rinnataskut auastme eraldusm\u00e4rgi klapp rinnal n\u00f6\u00f6pidega eest suletav ventileerimisavad kaenla all takjakinnitusega reguleeritav manseti laius t\u00f5mblukuga tasku vasakul k\u00e4isel takjakinnitusriba nimesildile rinnal Material: 67% pol\u00fcester, 33% puuvill Seisukord: kasutatud, heas korras, v\u00f5ib esineda v\u00e4iksemaid vigastusi, t\u00f5mbluku tilad v\u00f5ivad puudu olla\",\"breadcrumb\":{\"@id\":\"https:\/\/www.outdoors.ee\/et\/toode\/austria-armee-kaz-03-ripstop-valivormi-jakk\/#breadcrumb\"},\"inLanguage\":\"et\",\"potentialAction\":[{\"@type\":\"ReadAction\",\"target\":[\"https:\/\/www.outdoors.ee\/et\/toode\/austria-armee-kaz-03-ripstop-valivormi-jakk\/\"]}]},{\"@type\":\"ImageObject\",\"inLanguage\":\"et\",\"@id\":\"https:\/\/www.outdoors.ee\/et\/toode\/austria-armee-kaz-03-ripstop-valivormi-jakk\/#primaryimage\",\"url\":\"https:\/\/www.outdoors.ee\/wp-content\/uploads\/2021\/09\/0403-1-Austrian-F2-Style-Combat-Jacket.jpg\",\"contentUrl\":\"https:\/\/www.outdoors.ee\/wp-content\/uploads\/2021\/09\/0403-1-Austrian-F2-Style-Combat-Jacket.jpg\",\"width\":1598,\"height\":1600},{\"@type\":\"BreadcrumbList\",\"@id\":\"https:\/\/www.outdoors.ee\/et\/toode\/austria-armee-kaz-03-ripstop-valivormi-jakk\/#breadcrumb\",\"itemListElement\":[{\"@type\":\"ListItem\",\"position\":1,\"name\":\"Home\",\"item\":\"https:\/\/www.outdoors.ee\/et\/\"},{\"@type\":\"ListItem\",\"position\":2,\"name\":\"Tooted\",\"item\":\"https:\/\/www.outdoors.ee\/products\/\"},{\"@type\":\"ListItem\",\"position\":3,\"name\":\"Austria Armee KAZ-03 Ripstop v\u00e4livormi jakk\"}]},{\"@type\":\"WebSite\",\"@id\":\"https:\/\/www.outdoors.ee\/#website\",\"url\":\"https:\/\/www.outdoors.ee\/\",\"name\":\"Outdoors\",\"description\":\"Genuine military surplus and not only!\",\"potentialAction\":[{\"@type\":\"SearchAction\",\"target\":{\"@type\":\"EntryPoint\",\"urlTemplate\":\"https:\/\/www.outdoors.ee\/?s={search_term_string}\"},\"query-input\":{\"@type\":\"PropertyValueSpecification\",\"valueRequired\":true,\"valueName\":\"search_term_string\"}}],\"inLanguage\":\"et\"}]}<\/script>\n<!-- \/ Yoast SEO plugin. -->","yoast_head_json":{"title":"Austria Armee KAZ-03 Ripstop jakk - outdoors.ee","description":"Originaalne Austria s\u00f5jav\u00e4e v\u00e4lijakk prantsuse F2 v\u00e4lijaki stiilis. See lahingu jakk on toodetud vastupidavast ripstop kangast Austria s\u00f5jav\u00e4e terminoloogia j\u00e4rgi tumedas oliivrohelises v\u00e4rvuses, mis pigem meenutab tumehalli. Kangas absorbeerib v\u00e4ga v\u00e4hesel m\u00e4\u00e4ral vett ning praktiliselt ei muutu m\u00e4rjaks saamisel raskemaks.\u00a0 Omadused: kvaliteetne ripstop materjal 2 t\u00f5mblukuga rinnataskut auastme eraldusm\u00e4rgi klapp rinnal n\u00f6\u00f6pidega eest suletav ventileerimisavad kaenla all takjakinnitusega reguleeritav manseti laius t\u00f5mblukuga tasku vasakul k\u00e4isel takjakinnitusriba nimesildile rinnal Material: 67% pol\u00fcester, 33% puuvill Seisukord: kasutatud, heas korras, v\u00f5ib esineda v\u00e4iksemaid vigastusi, t\u00f5mbluku tilad v\u00f5ivad puudu olla","robots":{"index":"index","follow":"follow","max-snippet":"max-snippet:-1","max-image-preview":"max-image-preview:large","max-video-preview":"max-video-preview:-1"},"canonical":"https:\/\/www.outdoors.ee\/et\/toode\/austria-armee-kaz-03-ripstop-valivormi-jakk\/","og_locale":"et_EE","og_type":"article","og_title":"Austria Armee KAZ-03 Ripstop jakk","og_description":"Originaalne Austria s\u00f5jav\u00e4e v\u00e4lijakk prantsuse F2 v\u00e4lijaki stiilis. See lahingu jakk on toodetud vastupidavast ripstop kangast Austria s\u00f5jav\u00e4e terminoloogia j\u00e4rgi tumedas oliivrohelises v\u00e4rvuses, mis pigem meenutab tumehalli. Kangas absorbeerib v\u00e4ga v\u00e4hesel m\u00e4\u00e4ral vett ning praktiliselt ei muutu m\u00e4rjaks saamisel raskemaks.\u00a0 Omadused: kvaliteetne ripstop materjal 2 t\u00f5mblukuga rinnataskut auastme eraldusm\u00e4rgi klapp rinnal n\u00f6\u00f6pidega eest suletav ventileerimisavad kaenla all takjakinnitusega reguleeritav manseti laius t\u00f5mblukuga tasku vasakul k\u00e4isel takjakinnitusriba nimesildile rinnal Material: 67% pol\u00fcester, 33% puuvill Seisukord: kasutatud, heas korras, v\u00f5ib esineda v\u00e4iksemaid vigastusi, t\u00f5mbluku tilad v\u00f5ivad puudu olla","og_url":"https:\/\/www.outdoors.ee\/et\/toode\/austria-armee-kaz-03-ripstop-valivormi-jakk\/","og_site_name":"Outdoors","article_modified_time":"2026-05-01T11:12:31+00:00","og_image":[{"width":1598,"height":1600,"url":"https:\/\/www.outdoors.ee\/wp-content\/uploads\/2021\/09\/0403-1-Austrian-F2-Style-Combat-Jacket.jpg","type":"image\/jpeg"}],"twitter_card":"summary_large_image","twitter_title":"Austria Armee KAZ-03 Ripstop jakk","twitter_misc":{"Est. reading time":"1 minut"},"schema":{"@context":"https:\/\/schema.org","@graph":[{"@type":"WebPage","@id":"https:\/\/www.outdoors.ee\/et\/toode\/austria-armee-kaz-03-ripstop-valivormi-jakk\/","url":"https:\/\/www.outdoors.ee\/et\/toode\/austria-armee-kaz-03-ripstop-valivormi-jakk\/","name":"Austria Armee KAZ-03 Ripstop jakk - outdoors.ee","isPartOf":{"@id":"https:\/\/www.outdoors.ee\/#website"},"primaryImageOfPage":{"@id":"https:\/\/www.outdoors.ee\/et\/toode\/austria-armee-kaz-03-ripstop-valivormi-jakk\/#primaryimage"},"image":{"@id":"https:\/\/www.outdoors.ee\/et\/toode\/austria-armee-kaz-03-ripstop-valivormi-jakk\/#primaryimage"},"thumbnailUrl":"https:\/\/www.outdoors.ee\/wp-content\/uploads\/2021\/09\/0403-1-Austrian-F2-Style-Combat-Jacket.jpg","datePublished":"2021-12-08T22:00:00+00:00","dateModified":"2026-05-01T11:12:31+00:00","description":"Originaalne Austria s\u00f5jav\u00e4e v\u00e4lijakk prantsuse F2 v\u00e4lijaki stiilis. See lahingu jakk on toodetud vastupidavast ripstop kangast Austria s\u00f5jav\u00e4e terminoloogia j\u00e4rgi tumedas oliivrohelises v\u00e4rvuses, mis pigem meenutab tumehalli. Kangas absorbeerib v\u00e4ga v\u00e4hesel m\u00e4\u00e4ral vett ning praktiliselt ei muutu m\u00e4rjaks saamisel raskemaks.\u00a0 Omadused: kvaliteetne ripstop materjal 2 t\u00f5mblukuga rinnataskut auastme eraldusm\u00e4rgi klapp rinnal n\u00f6\u00f6pidega eest suletav ventileerimisavad kaenla all takjakinnitusega reguleeritav manseti laius t\u00f5mblukuga tasku vasakul k\u00e4isel takjakinnitusriba nimesildile rinnal Material: 67% pol\u00fcester, 33% puuvill Seisukord: kasutatud, heas korras, v\u00f5ib esineda v\u00e4iksemaid vigastusi, t\u00f5mbluku tilad v\u00f5ivad puudu olla","breadcrumb":{"@id":"https:\/\/www.outdoors.ee\/et\/toode\/austria-armee-kaz-03-ripstop-valivormi-jakk\/#breadcrumb"},"inLanguage":"et","potentialAction":[{"@type":"ReadAction","target":["https:\/\/www.outdoors.ee\/et\/toode\/austria-armee-kaz-03-ripstop-valivormi-jakk\/"]}]},{"@type":"ImageObject","inLanguage":"et","@id":"https:\/\/www.outdoors.ee\/et\/toode\/austria-armee-kaz-03-ripstop-valivormi-jakk\/#primaryimage","url":"https:\/\/www.outdoors.ee\/wp-content\/uploads\/2021\/09\/0403-1-Austrian-F2-Style-Combat-Jacket.jpg","contentUrl":"https:\/\/www.outdoors.ee\/wp-content\/uploads\/2021\/09\/0403-1-Austrian-F2-Style-Combat-Jacket.jpg","width":1598,"height":1600},{"@type":"BreadcrumbList","@id":"https:\/\/www.outdoors.ee\/et\/toode\/austria-armee-kaz-03-ripstop-valivormi-jakk\/#breadcrumb","itemListElement":[{"@type":"ListItem","position":1,"name":"Home","item":"https:\/\/www.outdoors.ee\/et\/"},{"@type":"ListItem","position":2,"name":"Tooted","item":"https:\/\/www.outdoors.ee\/products\/"},{"@type":"ListItem","position":3,"name":"Austria Armee KAZ-03 Ripstop v\u00e4livormi jakk"}]},{"@type":"WebSite","@id":"https:\/\/www.outdoors.ee\/#website","url":"https:\/\/www.outdoors.ee\/","name":"Outdoors","description":"Genuine military surplus and not only!","potentialAction":[{"@type":"SearchAction","target":{"@type":"EntryPoint","urlTemplate":"https:\/\/www.outdoors.ee\/?s={search_term_string}"},"query-input":{"@type":"PropertyValueSpecification","valueRequired":true,"valueName":"search_term_string"}}],"inLanguage":"et"}]}},"_links":{"self":[{"href":"https:\/\/www.outdoors.ee\/et\/wp-json\/wp\/v2\/product\/59034","targetHints":{"allow":["GET"]}}],"collection":[{"href":"https:\/\/www.outdoors.ee\/et\/wp-json\/wp\/v2\/product"}],"about":[{"href":"https:\/\/www.outdoors.ee\/et\/wp-json\/wp\/v2\/types\/product"}],"wp:featuredmedia":[{"embeddable":true,"href":"https:\/\/www.outdoors.ee\/et\/wp-json\/wp\/v2\/media\/17384"}],"wp:attachment":[{"href":"https:\/\/www.outdoors.ee\/et\/wp-json\/wp\/v2\/media?parent=59034"}],"wp:term":[{"taxonomy":"product_brand","embeddable":true,"href":"https:\/\/www.outdoors.ee\/et\/wp-json\/wp\/v2\/product_brand?post=59034"},{"taxonomy":"product_cat","embeddable":true,"href":"https:\/\/www.outdoors.ee\/et\/wp-json\/wp\/v2\/product_cat?post=59034"},{"taxonomy":"product_tag","embeddable":true,"href":"https:\/\/www.outdoors.ee\/et\/wp-json\/wp\/v2\/product_tag?post=59034"}],"curies":[{"name":"wp","href":"https:\/\/api.w.org\/{rel}","templated":true}]}}