{"id":59016,"date":"2021-12-09T00:00:00","date_gmt":"2021-12-09T00:00:00","guid":{"rendered":"https:\/\/www.outdoors.ee\/product\/austria-armee-m65-jope\/"},"modified":"2026-04-18T17:02:26","modified_gmt":"2026-04-18T14:02:26","slug":"austria-armee-m65-jope","status":"publish","type":"product","link":"https:\/\/www.outdoors.ee\/et\/toode\/austria-armee-m65-jope\/","title":{"rendered":"Austria Armee M65 v\u00e4lijope"},"content":{"rendered":"<p style=\"text-align: justify;\">Austria s\u00f5jav\u00e4e (Bundesheer) v\u00e4lijope\/parka, mis mudeli poolest sarnaneb tuntud ameerika M-1965 v\u00e4lijopega.<\/p>\n<p style=\"text-align: justify;\"><strong>Omadused<\/strong>:<\/p>\n<ul style=\"text-align: justify;\">\n<li>kahekihiline jope vastupidavast pol\u00fcestri ja puuvilla segukangast<\/li>\n<li>kraesse kokkupandav kapuuts<\/li>\n<li>t\u00f5mbluku ning klapiga eest suletav<\/li>\n<li>4 suurt taskut ees<\/li>\n<li>v\u00f6\u00f6koha pingutusn\u00f6\u00f6r<\/li>\n<li>takjakinnituse riba nimesildile rinnal<\/li>\n<li>Bundesheer\u00b4i logo vasakul k\u00e4isel (v\u00f5ib olla eemaldatud)<\/li>\n<li>materjal: 65% pol\u00fcester 35% puuvill<\/li>\n<\/ul>\n<p style=\"text-align: justify;\"><strong>Seisukord<\/strong>:<\/p>\n<ul>\n<li>uus (ilma j\u00e4em\u00fc\u00fcgipakendita, v\u00f5ib sisaldada hulgiladustamise j\u00e4lgi)<\/li>\n<li>uuev\u00e4\u00e4rne (sisaldab kergeid kulumisj\u00e4lgi)<\/li>\n<li>kasutatud, Grade 1 (sisaldab m\u00f5\u00f5dukaid kulumisj\u00e4lgi, v\u00f5ib olla veidi m\u00e4\u00e4rdunud ning sisaldada v\u00e4iksemaid vigastusi)<\/li>\n<\/ul>\n","protected":false},"excerpt":{"rendered":"<p>Austria Armee M65 v\u00e4lijope, oliivroheline<\/p>\n","protected":false},"featured_media":17415,"template":"","meta":[],"product_brand":[],"product_cat":[101],"product_tag":[],"class_list":{"0":"post-59016","1":"product","2":"type-product","3":"status-publish","4":"has-post-thumbnail","6":"product_cat-joped-parkad","7":"pa_brand-austrian-military-surplus","8":"pa_condition-kasutatud-grade-1","9":"pa_condition-uuevaarne","10":"pa_condition-uus","11":"pa_size-large-long-2","12":"pa_size-large-regular-2","13":"pa_size-large-short-2","14":"pa_size-medium-long-2","15":"pa_size-medium-regular-2","16":"pa_size-medium-short-2","17":"pa_size-medium-xlong-2","18":"pa_size-small-long-2","19":"pa_size-small-regular-2","20":"pa_size-small-short-2","21":"pa_size-xlarge-long-2","22":"pa_size-xlarge-regular-3","23":"pa_size-xlarge-short-2","25":"first","26":"instock","27":"taxable","28":"shipping-taxable","29":"purchasable","30":"product-type-variable"},"yoast_head":"<!-- This site is optimized with the Yoast SEO plugin v27.2 - https:\/\/yoast.com\/product\/yoast-seo-wordpress\/ -->\n<title>Austria Armee M65 jope - outdoors.ee<\/title>\n<meta name=\"description\" content=\"Austria sojavae (Bundesheer) jope\/parka, mis mudeli poolest sarnaneb tuntud ameerika M-1965 v\u00e4lijopega. Pikaajaline s\u00f5jav\u00e4e r\u00f5ivastuse lemmik tsiviilisikute hulgas oma praktiliste omaduste ning diskreetse v\u00e4rvi t\u00f5ttu. Omadused: kahekihiline jope vastupidavast pol\u00fcestri ja puuvilla segukangast kraesse kokkupandav kapuuts t\u00f5mbluku ning klapiga eest suletav 4 suurt taskut ees v\u00f6\u00f6koha pingutusn\u00f6\u00f6r takjakinnituse riba nimesildile rinnal vasakul k\u00e4isel v\u00f5ib olla Bundesheer\u00b4i logo Materjal: 65% pol\u00fcester 35% puuvill Suurus rippmen\u00fc\u00fcs: rinna \u00fcmberm\u00f5\u00f5t \/ pikkus, vt pilt 3 Seisukord: uus (v\u00f5ib sisaldada hulgiladustamise j\u00e4lgi) kasutatud, Grade 1 (sisaldab kergeid kulumisj\u00e4lgi, v\u00f5ib olla veidi pleekinud, ei sisalda m\u00e4rkimisv\u00e4\u00e4rseid vigastusi) \u00a0\" \/>\n<meta name=\"robots\" content=\"index, follow, max-snippet:-1, max-image-preview:large, max-video-preview:-1\" \/>\n<link rel=\"canonical\" href=\"https:\/\/www.outdoors.ee\/et\/toode\/austria-armee-m65-jope\/\" \/>\n<meta property=\"og:locale\" content=\"et_EE\" \/>\n<meta property=\"og:type\" content=\"article\" \/>\n<meta property=\"og:title\" content=\"Austria Armee M65 jope\" \/>\n<meta property=\"og:description\" content=\"Austria sojavae (Bundesheer) jope\/parka, mis mudeli poolest sarnaneb tuntud ameerika M-1965 v\u00e4lijopega. Pikaajaline s\u00f5jav\u00e4e r\u00f5ivastuse lemmik tsiviilisikute hulgas oma praktiliste omaduste ning diskreetse v\u00e4rvi t\u00f5ttu. Omadused: kahekihiline jope vastupidavast pol\u00fcestri ja puuvilla segukangast kraesse kokkupandav kapuuts t\u00f5mbluku ning klapiga eest suletav 4 suurt taskut ees v\u00f6\u00f6koha pingutusn\u00f6\u00f6r takjakinnituse riba nimesildile rinnal vasakul k\u00e4isel v\u00f5ib olla Bundesheer\u00b4i logo Materjal: 65% pol\u00fcester 35% puuvill Suurus rippmen\u00fc\u00fcs: rinna \u00fcmberm\u00f5\u00f5t \/ pikkus, vt pilt 3 Seisukord: uus (v\u00f5ib sisaldada hulgiladustamise j\u00e4lgi) kasutatud, Grade 1 (sisaldab kergeid kulumisj\u00e4lgi, v\u00f5ib olla veidi pleekinud, ei sisalda m\u00e4rkimisv\u00e4\u00e4rseid vigastusi) \u00a0\" \/>\n<meta property=\"og:url\" content=\"https:\/\/www.outdoors.ee\/et\/toode\/austria-armee-m65-jope\/\" \/>\n<meta property=\"og:site_name\" content=\"Outdoors\" \/>\n<meta property=\"article:modified_time\" content=\"2026-04-18T14:02:26+00:00\" \/>\n<meta property=\"og:image\" content=\"https:\/\/www.outdoors.ee\/wp-content\/uploads\/2021\/09\/0402-Austrian-Army-M65-Jacket-1.jpg\" \/>\n\t<meta property=\"og:image:width\" content=\"1200\" \/>\n\t<meta property=\"og:image:height\" content=\"1200\" \/>\n\t<meta property=\"og:image:type\" content=\"image\/jpeg\" \/>\n<meta name=\"twitter:card\" content=\"summary_large_image\" \/>\n<meta name=\"twitter:title\" content=\"Austria Armee M65 jope\" \/>\n<meta name=\"twitter:label1\" content=\"Est. reading time\" \/>\n\t<meta name=\"twitter:data1\" content=\"1 minut\" \/>\n<script type=\"application\/ld+json\" class=\"yoast-schema-graph\">{\"@context\":\"https:\/\/schema.org\",\"@graph\":[{\"@type\":\"WebPage\",\"@id\":\"https:\/\/www.outdoors.ee\/et\/toode\/austria-armee-m65-jope\/\",\"url\":\"https:\/\/www.outdoors.ee\/et\/toode\/austria-armee-m65-jope\/\",\"name\":\"Austria Armee M65 jope - outdoors.ee\",\"isPartOf\":{\"@id\":\"https:\/\/www.outdoors.ee\/#website\"},\"primaryImageOfPage\":{\"@id\":\"https:\/\/www.outdoors.ee\/et\/toode\/austria-armee-m65-jope\/#primaryimage\"},\"image\":{\"@id\":\"https:\/\/www.outdoors.ee\/et\/toode\/austria-armee-m65-jope\/#primaryimage\"},\"thumbnailUrl\":\"https:\/\/www.outdoors.ee\/wp-content\/uploads\/2021\/09\/0402-Austrian-Army-M65-Jacket-1.jpg\",\"datePublished\":\"2021-12-09T00:00:00+00:00\",\"dateModified\":\"2026-04-18T14:02:26+00:00\",\"description\":\"Austria sojavae (Bundesheer) jope\/parka, mis mudeli poolest sarnaneb tuntud ameerika M-1965 v\u00e4lijopega. Pikaajaline s\u00f5jav\u00e4e r\u00f5ivastuse lemmik tsiviilisikute hulgas oma praktiliste omaduste ning diskreetse v\u00e4rvi t\u00f5ttu. Omadused: kahekihiline jope vastupidavast pol\u00fcestri ja puuvilla segukangast kraesse kokkupandav kapuuts t\u00f5mbluku ning klapiga eest suletav 4 suurt taskut ees v\u00f6\u00f6koha pingutusn\u00f6\u00f6r takjakinnituse riba nimesildile rinnal vasakul k\u00e4isel v\u00f5ib olla Bundesheer\u00b4i logo Materjal: 65% pol\u00fcester 35% puuvill Suurus rippmen\u00fc\u00fcs: rinna \u00fcmberm\u00f5\u00f5t \/ pikkus, vt pilt 3 Seisukord: uus (v\u00f5ib sisaldada hulgiladustamise j\u00e4lgi) kasutatud, Grade 1 (sisaldab kergeid kulumisj\u00e4lgi, v\u00f5ib olla veidi pleekinud, ei sisalda m\u00e4rkimisv\u00e4\u00e4rseid vigastusi) \u00a0\",\"breadcrumb\":{\"@id\":\"https:\/\/www.outdoors.ee\/et\/toode\/austria-armee-m65-jope\/#breadcrumb\"},\"inLanguage\":\"et\",\"potentialAction\":[{\"@type\":\"ReadAction\",\"target\":[\"https:\/\/www.outdoors.ee\/et\/toode\/austria-armee-m65-jope\/\"]}]},{\"@type\":\"ImageObject\",\"inLanguage\":\"et\",\"@id\":\"https:\/\/www.outdoors.ee\/et\/toode\/austria-armee-m65-jope\/#primaryimage\",\"url\":\"https:\/\/www.outdoors.ee\/wp-content\/uploads\/2021\/09\/0402-Austrian-Army-M65-Jacket-1.jpg\",\"contentUrl\":\"https:\/\/www.outdoors.ee\/wp-content\/uploads\/2021\/09\/0402-Austrian-Army-M65-Jacket-1.jpg\",\"width\":1200,\"height\":1200},{\"@type\":\"BreadcrumbList\",\"@id\":\"https:\/\/www.outdoors.ee\/et\/toode\/austria-armee-m65-jope\/#breadcrumb\",\"itemListElement\":[{\"@type\":\"ListItem\",\"position\":1,\"name\":\"Home\",\"item\":\"https:\/\/www.outdoors.ee\/et\/\"},{\"@type\":\"ListItem\",\"position\":2,\"name\":\"Tooted\",\"item\":\"https:\/\/www.outdoors.ee\/products\/\"},{\"@type\":\"ListItem\",\"position\":3,\"name\":\"Austria Armee M65 v\u00e4lijope\"}]},{\"@type\":\"WebSite\",\"@id\":\"https:\/\/www.outdoors.ee\/#website\",\"url\":\"https:\/\/www.outdoors.ee\/\",\"name\":\"Outdoors\",\"description\":\"Genuine military surplus and not only!\",\"potentialAction\":[{\"@type\":\"SearchAction\",\"target\":{\"@type\":\"EntryPoint\",\"urlTemplate\":\"https:\/\/www.outdoors.ee\/?s={search_term_string}\"},\"query-input\":{\"@type\":\"PropertyValueSpecification\",\"valueRequired\":true,\"valueName\":\"search_term_string\"}}],\"inLanguage\":\"et\"}]}<\/script>\n<!-- \/ Yoast SEO plugin. -->","yoast_head_json":{"title":"Austria Armee M65 jope - outdoors.ee","description":"Austria sojavae (Bundesheer) jope\/parka, mis mudeli poolest sarnaneb tuntud ameerika M-1965 v\u00e4lijopega. Pikaajaline s\u00f5jav\u00e4e r\u00f5ivastuse lemmik tsiviilisikute hulgas oma praktiliste omaduste ning diskreetse v\u00e4rvi t\u00f5ttu. Omadused: kahekihiline jope vastupidavast pol\u00fcestri ja puuvilla segukangast kraesse kokkupandav kapuuts t\u00f5mbluku ning klapiga eest suletav 4 suurt taskut ees v\u00f6\u00f6koha pingutusn\u00f6\u00f6r takjakinnituse riba nimesildile rinnal vasakul k\u00e4isel v\u00f5ib olla Bundesheer\u00b4i logo Materjal: 65% pol\u00fcester 35% puuvill Suurus rippmen\u00fc\u00fcs: rinna \u00fcmberm\u00f5\u00f5t \/ pikkus, vt pilt 3 Seisukord: uus (v\u00f5ib sisaldada hulgiladustamise j\u00e4lgi) kasutatud, Grade 1 (sisaldab kergeid kulumisj\u00e4lgi, v\u00f5ib olla veidi pleekinud, ei sisalda m\u00e4rkimisv\u00e4\u00e4rseid vigastusi) \u00a0","robots":{"index":"index","follow":"follow","max-snippet":"max-snippet:-1","max-image-preview":"max-image-preview:large","max-video-preview":"max-video-preview:-1"},"canonical":"https:\/\/www.outdoors.ee\/et\/toode\/austria-armee-m65-jope\/","og_locale":"et_EE","og_type":"article","og_title":"Austria Armee M65 jope","og_description":"Austria sojavae (Bundesheer) jope\/parka, mis mudeli poolest sarnaneb tuntud ameerika M-1965 v\u00e4lijopega. Pikaajaline s\u00f5jav\u00e4e r\u00f5ivastuse lemmik tsiviilisikute hulgas oma praktiliste omaduste ning diskreetse v\u00e4rvi t\u00f5ttu. Omadused: kahekihiline jope vastupidavast pol\u00fcestri ja puuvilla segukangast kraesse kokkupandav kapuuts t\u00f5mbluku ning klapiga eest suletav 4 suurt taskut ees v\u00f6\u00f6koha pingutusn\u00f6\u00f6r takjakinnituse riba nimesildile rinnal vasakul k\u00e4isel v\u00f5ib olla Bundesheer\u00b4i logo Materjal: 65% pol\u00fcester 35% puuvill Suurus rippmen\u00fc\u00fcs: rinna \u00fcmberm\u00f5\u00f5t \/ pikkus, vt pilt 3 Seisukord: uus (v\u00f5ib sisaldada hulgiladustamise j\u00e4lgi) kasutatud, Grade 1 (sisaldab kergeid kulumisj\u00e4lgi, v\u00f5ib olla veidi pleekinud, ei sisalda m\u00e4rkimisv\u00e4\u00e4rseid vigastusi) \u00a0","og_url":"https:\/\/www.outdoors.ee\/et\/toode\/austria-armee-m65-jope\/","og_site_name":"Outdoors","article_modified_time":"2026-04-18T14:02:26+00:00","og_image":[{"width":1200,"height":1200,"url":"https:\/\/www.outdoors.ee\/wp-content\/uploads\/2021\/09\/0402-Austrian-Army-M65-Jacket-1.jpg","type":"image\/jpeg"}],"twitter_card":"summary_large_image","twitter_title":"Austria Armee M65 jope","twitter_misc":{"Est. reading time":"1 minut"},"schema":{"@context":"https:\/\/schema.org","@graph":[{"@type":"WebPage","@id":"https:\/\/www.outdoors.ee\/et\/toode\/austria-armee-m65-jope\/","url":"https:\/\/www.outdoors.ee\/et\/toode\/austria-armee-m65-jope\/","name":"Austria Armee M65 jope - outdoors.ee","isPartOf":{"@id":"https:\/\/www.outdoors.ee\/#website"},"primaryImageOfPage":{"@id":"https:\/\/www.outdoors.ee\/et\/toode\/austria-armee-m65-jope\/#primaryimage"},"image":{"@id":"https:\/\/www.outdoors.ee\/et\/toode\/austria-armee-m65-jope\/#primaryimage"},"thumbnailUrl":"https:\/\/www.outdoors.ee\/wp-content\/uploads\/2021\/09\/0402-Austrian-Army-M65-Jacket-1.jpg","datePublished":"2021-12-09T00:00:00+00:00","dateModified":"2026-04-18T14:02:26+00:00","description":"Austria sojavae (Bundesheer) jope\/parka, mis mudeli poolest sarnaneb tuntud ameerika M-1965 v\u00e4lijopega. Pikaajaline s\u00f5jav\u00e4e r\u00f5ivastuse lemmik tsiviilisikute hulgas oma praktiliste omaduste ning diskreetse v\u00e4rvi t\u00f5ttu. Omadused: kahekihiline jope vastupidavast pol\u00fcestri ja puuvilla segukangast kraesse kokkupandav kapuuts t\u00f5mbluku ning klapiga eest suletav 4 suurt taskut ees v\u00f6\u00f6koha pingutusn\u00f6\u00f6r takjakinnituse riba nimesildile rinnal vasakul k\u00e4isel v\u00f5ib olla Bundesheer\u00b4i logo Materjal: 65% pol\u00fcester 35% puuvill Suurus rippmen\u00fc\u00fcs: rinna \u00fcmberm\u00f5\u00f5t \/ pikkus, vt pilt 3 Seisukord: uus (v\u00f5ib sisaldada hulgiladustamise j\u00e4lgi) kasutatud, Grade 1 (sisaldab kergeid kulumisj\u00e4lgi, v\u00f5ib olla veidi pleekinud, ei sisalda m\u00e4rkimisv\u00e4\u00e4rseid vigastusi) \u00a0","breadcrumb":{"@id":"https:\/\/www.outdoors.ee\/et\/toode\/austria-armee-m65-jope\/#breadcrumb"},"inLanguage":"et","potentialAction":[{"@type":"ReadAction","target":["https:\/\/www.outdoors.ee\/et\/toode\/austria-armee-m65-jope\/"]}]},{"@type":"ImageObject","inLanguage":"et","@id":"https:\/\/www.outdoors.ee\/et\/toode\/austria-armee-m65-jope\/#primaryimage","url":"https:\/\/www.outdoors.ee\/wp-content\/uploads\/2021\/09\/0402-Austrian-Army-M65-Jacket-1.jpg","contentUrl":"https:\/\/www.outdoors.ee\/wp-content\/uploads\/2021\/09\/0402-Austrian-Army-M65-Jacket-1.jpg","width":1200,"height":1200},{"@type":"BreadcrumbList","@id":"https:\/\/www.outdoors.ee\/et\/toode\/austria-armee-m65-jope\/#breadcrumb","itemListElement":[{"@type":"ListItem","position":1,"name":"Home","item":"https:\/\/www.outdoors.ee\/et\/"},{"@type":"ListItem","position":2,"name":"Tooted","item":"https:\/\/www.outdoors.ee\/products\/"},{"@type":"ListItem","position":3,"name":"Austria Armee M65 v\u00e4lijope"}]},{"@type":"WebSite","@id":"https:\/\/www.outdoors.ee\/#website","url":"https:\/\/www.outdoors.ee\/","name":"Outdoors","description":"Genuine military surplus and not only!","potentialAction":[{"@type":"SearchAction","target":{"@type":"EntryPoint","urlTemplate":"https:\/\/www.outdoors.ee\/?s={search_term_string}"},"query-input":{"@type":"PropertyValueSpecification","valueRequired":true,"valueName":"search_term_string"}}],"inLanguage":"et"}]}},"_links":{"self":[{"href":"https:\/\/www.outdoors.ee\/et\/wp-json\/wp\/v2\/product\/59016","targetHints":{"allow":["GET"]}}],"collection":[{"href":"https:\/\/www.outdoors.ee\/et\/wp-json\/wp\/v2\/product"}],"about":[{"href":"https:\/\/www.outdoors.ee\/et\/wp-json\/wp\/v2\/types\/product"}],"wp:featuredmedia":[{"embeddable":true,"href":"https:\/\/www.outdoors.ee\/et\/wp-json\/wp\/v2\/media\/17415"}],"wp:attachment":[{"href":"https:\/\/www.outdoors.ee\/et\/wp-json\/wp\/v2\/media?parent=59016"}],"wp:term":[{"taxonomy":"product_brand","embeddable":true,"href":"https:\/\/www.outdoors.ee\/et\/wp-json\/wp\/v2\/product_brand?post=59016"},{"taxonomy":"product_cat","embeddable":true,"href":"https:\/\/www.outdoors.ee\/et\/wp-json\/wp\/v2\/product_cat?post=59016"},{"taxonomy":"product_tag","embeddable":true,"href":"https:\/\/www.outdoors.ee\/et\/wp-json\/wp\/v2\/product_tag?post=59016"}],"curies":[{"name":"wp","href":"https:\/\/api.w.org\/{rel}","templated":true}]}}