{"id":59006,"date":"2021-12-09T00:00:00","date_gmt":"2021-12-09T00:00:00","guid":{"rendered":"https:\/\/www.outdoors.ee\/product\/austria-armee-valijope-kaz-02-kasutatud\/"},"modified":"2026-05-07T11:50:59","modified_gmt":"2026-05-07T08:50:59","slug":"austria-armee-anzug-03-valijope","status":"publish","type":"product","link":"https:\/\/www.outdoors.ee\/et\/toode\/austria-armee-anzug-03-valijope\/","title":{"rendered":"Austria Armee Anzug-03 v\u00e4lijope"},"content":{"rendered":"<p style=\"text-align: justify;\"><strong>Omadused<\/strong>:<\/p>\n<div>\n<ul style=\"text-align: justify;\">\n<li>Austria s\u00f5jav\u00e4e originaal<\/li>\n<li>2 suurt t\u00f5mblukuga rinnataskut<\/li>\n<li>2 n\u00f6\u00f6biga suletavat sisetaskut<\/li>\n<li>2 t\u00f5mblukuga k\u00e4etaskut<\/li>\n<li>1 t\u00f5mblukuga tasku vasakul k\u00e4isel<\/li>\n<li>k\u00f5rge p\u00fcstkrae pingutusn\u00f6\u00f6riga<\/li>\n<li>v\u00f6\u00f6koha ning alumise \u00e4\u00e4re pingutusn\u00f6\u00f6rid<\/li>\n<li>paguni klapp rinnal takjakinnitusega<\/li>\n<li>takjapaela riba nimesildile rinnal<\/li>\n<li>t\u00f5mblukuga eest suletav<\/li>\n<li>n\u00f6\u00f6pidega t\u00f5mbluku klapp<\/li>\n<li>n\u00f6\u00f6pidega reguleeritav manseti laius<\/li>\n<li>materjal: 65% pol\u00fcester, 35% puuvill<\/li>\n<\/ul>\n<p>NB! <span class=\"Y2IQFc\" lang=\"et\">See toode kipub olema suurem. Soovitame osta seda pigem v\u00e4iksemas suuruses.<\/span><\/p>\n<p style=\"text-align: justify;\"><strong>Seisukord<\/strong>:<\/p>\n<ul>\n<li style=\"text-align: justify;\">Uus (ilma j\u00e4em\u00fc\u00fcgipakendita, v\u00f5ib sisaldada hulgiladustamise j\u00e4lgi)<\/li>\n<li>Uuev\u00e4\u00e4rne (sisaldab minimaalseid kulumisj\u00e4lgi)<\/li>\n<li style=\"text-align: justify;\">kasutatud, Grade 1 (sisaldab m\u00f5\u00f5dukaid kulumisj\u00e4lgi, v\u00f5ib sisaldada v\u00e4ikseid vigastusi)<\/li>\n<\/ul>\n<\/div>\n","protected":false},"excerpt":{"rendered":"<p>Austria Armee Anzug-03 v\u00e4lijope, oliivroheline<\/p>\n","protected":false},"featured_media":90701,"template":"","meta":[],"product_brand":[],"product_cat":[101],"product_tag":[],"class_list":{"0":"post-59006","1":"product","2":"type-product","3":"status-publish","4":"has-post-thumbnail","6":"product_cat-joped-parkad","7":"pa_brand-austrian-military-surplus","8":"pa_condition-uuevaarne","9":"pa_condition-uus","10":"pa_size-large-long-2","11":"pa_size-large-regular-2","12":"pa_size-large-short-2","13":"pa_size-medium-long-2","14":"pa_size-medium-regular-2","15":"pa_size-medium-short-2","16":"pa_size-small-long-2","17":"pa_size-small-regular-2","18":"pa_size-small-short-2","19":"pa_size-xlarge-long-2","20":"pa_size-xlarge-regular-3","21":"pa_size-xlarge-short-2","22":"pa_size-xsmall-long-2","23":"pa_size-xsmall-regular-2","24":"pa_size-xsmall-short-2","25":"pa_size-xxlarge-long-2","26":"pa_size-xxlarge-regular-2","27":"pa_size-xxlarge-short-2","28":"pa_size-xxxlarge-long-2-2","29":"pa_size-xxxlarge-regular-2","30":"pa_size-xxxlarge-short-2","32":"first","33":"instock","34":"taxable","35":"shipping-taxable","36":"purchasable","37":"product-type-variable"},"yoast_head":"<!-- This site is optimized with the Yoast SEO plugin v27.2 - https:\/\/yoast.com\/product\/yoast-seo-wordpress\/ -->\n<title>Austrian Army Anzug-03 Combat Jacket - outdoors.ee<\/title>\n<meta name=\"robots\" content=\"index, follow, max-snippet:-1, max-image-preview:large, max-video-preview:-1\" \/>\n<link rel=\"canonical\" href=\"https:\/\/www.outdoors.ee\/et\/toode\/austria-armee-anzug-03-valijope\/\" \/>\n<meta property=\"og:locale\" content=\"et_EE\" \/>\n<meta property=\"og:type\" content=\"article\" \/>\n<meta property=\"og:title\" content=\"Austria Armee v\u00e4lijope KAZ-02, kasutatud\" \/>\n<meta property=\"og:description\" content=\"Austria Armee Anzug-03 v\u00e4lijope, oliivroheline\" \/>\n<meta property=\"og:url\" content=\"https:\/\/www.outdoors.ee\/et\/toode\/austria-armee-anzug-03-valijope\/\" \/>\n<meta property=\"og:site_name\" content=\"Outdoors\" \/>\n<meta property=\"article:modified_time\" content=\"2026-05-07T08:50:59+00:00\" \/>\n<meta property=\"og:image\" content=\"https:\/\/www.outdoors.ee\/wp-content\/uploads\/2021\/12\/0401-Austrian-Army-Anzug-03-Combat-Jacket.png\" \/>\n\t<meta property=\"og:image:width\" content=\"1150\" \/>\n\t<meta property=\"og:image:height\" content=\"1100\" \/>\n\t<meta property=\"og:image:type\" content=\"image\/png\" \/>\n<meta name=\"twitter:card\" content=\"summary_large_image\" \/>\n<meta name=\"twitter:label1\" content=\"Est. reading time\" \/>\n\t<meta name=\"twitter:data1\" content=\"1 minut\" \/>\n<script type=\"application\/ld+json\" class=\"yoast-schema-graph\">{\"@context\":\"https:\/\/schema.org\",\"@graph\":[{\"@type\":\"WebPage\",\"@id\":\"https:\/\/www.outdoors.ee\/et\/toode\/austria-armee-anzug-03-valijope\/\",\"url\":\"https:\/\/www.outdoors.ee\/et\/toode\/austria-armee-anzug-03-valijope\/\",\"name\":\"Austrian Army Anzug-03 Combat Jacket - outdoors.ee\",\"isPartOf\":{\"@id\":\"https:\/\/www.outdoors.ee\/#website\"},\"primaryImageOfPage\":{\"@id\":\"https:\/\/www.outdoors.ee\/et\/toode\/austria-armee-anzug-03-valijope\/#primaryimage\"},\"image\":{\"@id\":\"https:\/\/www.outdoors.ee\/et\/toode\/austria-armee-anzug-03-valijope\/#primaryimage\"},\"thumbnailUrl\":\"https:\/\/www.outdoors.ee\/wp-content\/uploads\/2021\/12\/0401-Austrian-Army-Anzug-03-Combat-Jacket.png\",\"datePublished\":\"2021-12-09T00:00:00+00:00\",\"dateModified\":\"2026-05-07T08:50:59+00:00\",\"breadcrumb\":{\"@id\":\"https:\/\/www.outdoors.ee\/et\/toode\/austria-armee-anzug-03-valijope\/#breadcrumb\"},\"inLanguage\":\"et\",\"potentialAction\":[{\"@type\":\"ReadAction\",\"target\":[\"https:\/\/www.outdoors.ee\/et\/toode\/austria-armee-anzug-03-valijope\/\"]}]},{\"@type\":\"ImageObject\",\"inLanguage\":\"et\",\"@id\":\"https:\/\/www.outdoors.ee\/et\/toode\/austria-armee-anzug-03-valijope\/#primaryimage\",\"url\":\"https:\/\/www.outdoors.ee\/wp-content\/uploads\/2021\/12\/0401-Austrian-Army-Anzug-03-Combat-Jacket.png\",\"contentUrl\":\"https:\/\/www.outdoors.ee\/wp-content\/uploads\/2021\/12\/0401-Austrian-Army-Anzug-03-Combat-Jacket.png\",\"width\":1150,\"height\":1100},{\"@type\":\"BreadcrumbList\",\"@id\":\"https:\/\/www.outdoors.ee\/et\/toode\/austria-armee-anzug-03-valijope\/#breadcrumb\",\"itemListElement\":[{\"@type\":\"ListItem\",\"position\":1,\"name\":\"Home\",\"item\":\"https:\/\/www.outdoors.ee\/et\/\"},{\"@type\":\"ListItem\",\"position\":2,\"name\":\"Tooted\",\"item\":\"https:\/\/www.outdoors.ee\/products\/\"},{\"@type\":\"ListItem\",\"position\":3,\"name\":\"Austria Armee Anzug-03 v\u00e4lijope\"}]},{\"@type\":\"WebSite\",\"@id\":\"https:\/\/www.outdoors.ee\/#website\",\"url\":\"https:\/\/www.outdoors.ee\/\",\"name\":\"Outdoors\",\"description\":\"Genuine military surplus and not only!\",\"potentialAction\":[{\"@type\":\"SearchAction\",\"target\":{\"@type\":\"EntryPoint\",\"urlTemplate\":\"https:\/\/www.outdoors.ee\/?s={search_term_string}\"},\"query-input\":{\"@type\":\"PropertyValueSpecification\",\"valueRequired\":true,\"valueName\":\"search_term_string\"}}],\"inLanguage\":\"et\"}]}<\/script>\n<!-- \/ Yoast SEO plugin. -->","yoast_head_json":{"title":"Austrian Army Anzug-03 Combat Jacket - outdoors.ee","robots":{"index":"index","follow":"follow","max-snippet":"max-snippet:-1","max-image-preview":"max-image-preview:large","max-video-preview":"max-video-preview:-1"},"canonical":"https:\/\/www.outdoors.ee\/et\/toode\/austria-armee-anzug-03-valijope\/","og_locale":"et_EE","og_type":"article","og_title":"Austria Armee v\u00e4lijope KAZ-02, kasutatud","og_description":"Austria Armee Anzug-03 v\u00e4lijope, oliivroheline","og_url":"https:\/\/www.outdoors.ee\/et\/toode\/austria-armee-anzug-03-valijope\/","og_site_name":"Outdoors","article_modified_time":"2026-05-07T08:50:59+00:00","og_image":[{"width":1150,"height":1100,"url":"https:\/\/www.outdoors.ee\/wp-content\/uploads\/2021\/12\/0401-Austrian-Army-Anzug-03-Combat-Jacket.png","type":"image\/png"}],"twitter_card":"summary_large_image","twitter_misc":{"Est. reading time":"1 minut"},"schema":{"@context":"https:\/\/schema.org","@graph":[{"@type":"WebPage","@id":"https:\/\/www.outdoors.ee\/et\/toode\/austria-armee-anzug-03-valijope\/","url":"https:\/\/www.outdoors.ee\/et\/toode\/austria-armee-anzug-03-valijope\/","name":"Austrian Army Anzug-03 Combat Jacket - outdoors.ee","isPartOf":{"@id":"https:\/\/www.outdoors.ee\/#website"},"primaryImageOfPage":{"@id":"https:\/\/www.outdoors.ee\/et\/toode\/austria-armee-anzug-03-valijope\/#primaryimage"},"image":{"@id":"https:\/\/www.outdoors.ee\/et\/toode\/austria-armee-anzug-03-valijope\/#primaryimage"},"thumbnailUrl":"https:\/\/www.outdoors.ee\/wp-content\/uploads\/2021\/12\/0401-Austrian-Army-Anzug-03-Combat-Jacket.png","datePublished":"2021-12-09T00:00:00+00:00","dateModified":"2026-05-07T08:50:59+00:00","breadcrumb":{"@id":"https:\/\/www.outdoors.ee\/et\/toode\/austria-armee-anzug-03-valijope\/#breadcrumb"},"inLanguage":"et","potentialAction":[{"@type":"ReadAction","target":["https:\/\/www.outdoors.ee\/et\/toode\/austria-armee-anzug-03-valijope\/"]}]},{"@type":"ImageObject","inLanguage":"et","@id":"https:\/\/www.outdoors.ee\/et\/toode\/austria-armee-anzug-03-valijope\/#primaryimage","url":"https:\/\/www.outdoors.ee\/wp-content\/uploads\/2021\/12\/0401-Austrian-Army-Anzug-03-Combat-Jacket.png","contentUrl":"https:\/\/www.outdoors.ee\/wp-content\/uploads\/2021\/12\/0401-Austrian-Army-Anzug-03-Combat-Jacket.png","width":1150,"height":1100},{"@type":"BreadcrumbList","@id":"https:\/\/www.outdoors.ee\/et\/toode\/austria-armee-anzug-03-valijope\/#breadcrumb","itemListElement":[{"@type":"ListItem","position":1,"name":"Home","item":"https:\/\/www.outdoors.ee\/et\/"},{"@type":"ListItem","position":2,"name":"Tooted","item":"https:\/\/www.outdoors.ee\/products\/"},{"@type":"ListItem","position":3,"name":"Austria Armee Anzug-03 v\u00e4lijope"}]},{"@type":"WebSite","@id":"https:\/\/www.outdoors.ee\/#website","url":"https:\/\/www.outdoors.ee\/","name":"Outdoors","description":"Genuine military surplus and not only!","potentialAction":[{"@type":"SearchAction","target":{"@type":"EntryPoint","urlTemplate":"https:\/\/www.outdoors.ee\/?s={search_term_string}"},"query-input":{"@type":"PropertyValueSpecification","valueRequired":true,"valueName":"search_term_string"}}],"inLanguage":"et"}]}},"_links":{"self":[{"href":"https:\/\/www.outdoors.ee\/et\/wp-json\/wp\/v2\/product\/59006","targetHints":{"allow":["GET"]}}],"collection":[{"href":"https:\/\/www.outdoors.ee\/et\/wp-json\/wp\/v2\/product"}],"about":[{"href":"https:\/\/www.outdoors.ee\/et\/wp-json\/wp\/v2\/types\/product"}],"wp:featuredmedia":[{"embeddable":true,"href":"https:\/\/www.outdoors.ee\/et\/wp-json\/wp\/v2\/media\/90701"}],"wp:attachment":[{"href":"https:\/\/www.outdoors.ee\/et\/wp-json\/wp\/v2\/media?parent=59006"}],"wp:term":[{"taxonomy":"product_brand","embeddable":true,"href":"https:\/\/www.outdoors.ee\/et\/wp-json\/wp\/v2\/product_brand?post=59006"},{"taxonomy":"product_cat","embeddable":true,"href":"https:\/\/www.outdoors.ee\/et\/wp-json\/wp\/v2\/product_cat?post=59006"},{"taxonomy":"product_tag","embeddable":true,"href":"https:\/\/www.outdoors.ee\/et\/wp-json\/wp\/v2\/product_tag?post=59006"}],"curies":[{"name":"wp","href":"https:\/\/api.w.org\/{rel}","templated":true}]}}