{"id":59003,"date":"2021-12-09T00:00:00","date_gmt":"2021-12-08T22:00:00","guid":{"rendered":"https:\/\/www.outdoors.ee\/product\/mfh-fliisjakk-combat-flecktarn\/"},"modified":"2025-08-27T13:21:42","modified_gmt":"2025-08-27T10:21:42","slug":"mfh-fliisjakk-combat","status":"publish","type":"product","link":"https:\/\/www.outdoors.ee\/et\/toode\/mfh-fliisjakk-combat\/","title":{"rendered":"MFH\u00ae fliisjakk Combat"},"content":{"rendered":"<p><strong>Omadused<\/strong>:<\/p>\n<ul>\n<li>t\u00e4ispikkuses t\u00f5mblukk<\/li>\n<li>YKK t\u00f5mblukud<\/li>\n<li>2 t\u00f5mblukuga taskut ees<\/li>\n<li>2 t\u00f5mblukuga taskut k\u00e4istel, velcro paneelid peal<\/li>\n<li>RipStop kangast tugevdused \u00f5lgadel ning k\u00e4istel<\/li>\n<li>kaenlaalused vent.t\u00f5mblukud<\/li>\n<li>takjapaela abil reguleeritav manseti laius<\/li>\n<li>v\u00f6\u00f6koha pingutusn\u00f6\u00f6r<\/li>\n<li>materjal: 100% pol\u00fcester, tugevdus: 65% pol\u00fcester 35% puuvill<\/li>\n<\/ul>\n<p><strong>Seisukord<\/strong>: uus<\/p>\n","protected":false},"excerpt":{"rendered":"<p>Omadused: t\u00e4ispikkuses t\u00f5mblukk YKK t\u00f5mblukud 2 t\u00f5mblukuga taskut ees 2 t\u00f5mblukuga taskut k\u00e4istel, velcro paneelid peal RipStop kangast tugevdused \u00f5lgadel<\/p>\n","protected":false},"featured_media":97476,"template":"","meta":[],"product_brand":[],"product_cat":[101],"product_tag":[],"class_list":{"0":"post-59003","1":"product","2":"type-product","3":"status-publish","4":"has-post-thumbnail","6":"product_cat-joped-parkad","7":"pa_brand-mfh-2","8":"pa_color-coyote-2","9":"pa_color-flecktarn-2","10":"pa_color-m05-2","11":"pa_color-olive-2","12":"pa_size-l-2","13":"pa_size-m-2","14":"pa_size-xl-2","16":"first","17":"instock","18":"taxable","19":"shipping-taxable","20":"purchasable","21":"product-type-variable"},"yoast_head":"<!-- This site is optimized with the Yoast SEO plugin v27.2 - https:\/\/yoast.com\/product\/yoast-seo-wordpress\/ -->\n<title>MFH fliisjakk Combat Flecktarn - outdoors.ee<\/title>\n<meta name=\"description\" content=\"Omadused: T\u00e4ispikkuses t\u00f5mblukk YKK t\u00f5mblukud 2 t\u00f5mblukuga taskut ees 2 t\u00f5mblukuga taskut k\u00e4istel, velcro paneelid peal Rip-stop kangast tugevdused \u00f5lgadel ning k\u00e4istel\u00a0 Kaenlaalused t\u00f5mblukud Velcro abil reguleeritav manseti laius V\u00f6\u00f6koha pingutusn\u00f6\u00f6r Materjal:\u00a0100% pol\u00fcester, tugevdus: 65% pol\u00fcester 35% puuvill Seisukord: uus\" \/>\n<meta name=\"robots\" content=\"index, follow, max-snippet:-1, max-image-preview:large, max-video-preview:-1\" \/>\n<link rel=\"canonical\" href=\"https:\/\/www.outdoors.ee\/et\/toode\/mfh-fliisjakk-combat\/\" \/>\n<meta property=\"og:locale\" content=\"et_EE\" \/>\n<meta property=\"og:type\" content=\"article\" \/>\n<meta property=\"og:title\" content=\"MFH fliisjakk Combat Flecktarn\" \/>\n<meta property=\"og:description\" content=\"Omadused: T\u00e4ispikkuses t\u00f5mblukk YKK t\u00f5mblukud 2 t\u00f5mblukuga taskut ees 2 t\u00f5mblukuga taskut k\u00e4istel, velcro paneelid peal Rip-stop kangast tugevdused \u00f5lgadel ning k\u00e4istel\u00a0 Kaenlaalused t\u00f5mblukud Velcro abil reguleeritav manseti laius V\u00f6\u00f6koha pingutusn\u00f6\u00f6r Materjal:\u00a0100% pol\u00fcester, tugevdus: 65% pol\u00fcester 35% puuvill Seisukord: uus\" \/>\n<meta property=\"og:url\" content=\"https:\/\/www.outdoors.ee\/et\/toode\/mfh-fliisjakk-combat\/\" \/>\n<meta property=\"og:site_name\" content=\"Outdoors\" \/>\n<meta property=\"article:modified_time\" content=\"2025-08-27T10:21:42+00:00\" \/>\n<meta property=\"og:image\" content=\"https:\/\/www.outdoors.ee\/wp-content\/uploads\/2021\/12\/03811Y-MFH-Combat-Fleece-Jacket-1.jpg\" \/>\n\t<meta property=\"og:image:width\" content=\"1200\" \/>\n\t<meta property=\"og:image:height\" content=\"1200\" \/>\n\t<meta property=\"og:image:type\" content=\"image\/jpeg\" \/>\n<meta name=\"twitter:card\" content=\"summary_large_image\" \/>\n<meta name=\"twitter:title\" content=\"MFH fliisjakk Combat Flecktarn\" \/>\n<meta name=\"twitter:label1\" content=\"Est. reading time\" \/>\n\t<meta name=\"twitter:data1\" content=\"1 minut\" \/>\n<script type=\"application\/ld+json\" class=\"yoast-schema-graph\">{\"@context\":\"https:\/\/schema.org\",\"@graph\":[{\"@type\":\"WebPage\",\"@id\":\"https:\/\/www.outdoors.ee\/et\/toode\/mfh-fliisjakk-combat\/\",\"url\":\"https:\/\/www.outdoors.ee\/et\/toode\/mfh-fliisjakk-combat\/\",\"name\":\"MFH fliisjakk Combat Flecktarn - outdoors.ee\",\"isPartOf\":{\"@id\":\"https:\/\/www.outdoors.ee\/#website\"},\"primaryImageOfPage\":{\"@id\":\"https:\/\/www.outdoors.ee\/et\/toode\/mfh-fliisjakk-combat\/#primaryimage\"},\"image\":{\"@id\":\"https:\/\/www.outdoors.ee\/et\/toode\/mfh-fliisjakk-combat\/#primaryimage\"},\"thumbnailUrl\":\"https:\/\/www.outdoors.ee\/wp-content\/uploads\/2021\/12\/03811Y-MFH-Combat-Fleece-Jacket-1.jpg\",\"datePublished\":\"2021-12-08T22:00:00+00:00\",\"dateModified\":\"2025-08-27T10:21:42+00:00\",\"description\":\"Omadused: T\u00e4ispikkuses t\u00f5mblukk YKK t\u00f5mblukud 2 t\u00f5mblukuga taskut ees 2 t\u00f5mblukuga taskut k\u00e4istel, velcro paneelid peal Rip-stop kangast tugevdused \u00f5lgadel ning k\u00e4istel\u00a0 Kaenlaalused t\u00f5mblukud Velcro abil reguleeritav manseti laius V\u00f6\u00f6koha pingutusn\u00f6\u00f6r Materjal:\u00a0100% pol\u00fcester, tugevdus: 65% pol\u00fcester 35% puuvill Seisukord: uus\",\"breadcrumb\":{\"@id\":\"https:\/\/www.outdoors.ee\/et\/toode\/mfh-fliisjakk-combat\/#breadcrumb\"},\"inLanguage\":\"et\",\"potentialAction\":[{\"@type\":\"ReadAction\",\"target\":[\"https:\/\/www.outdoors.ee\/et\/toode\/mfh-fliisjakk-combat\/\"]}]},{\"@type\":\"ImageObject\",\"inLanguage\":\"et\",\"@id\":\"https:\/\/www.outdoors.ee\/et\/toode\/mfh-fliisjakk-combat\/#primaryimage\",\"url\":\"https:\/\/www.outdoors.ee\/wp-content\/uploads\/2021\/12\/03811Y-MFH-Combat-Fleece-Jacket-1.jpg\",\"contentUrl\":\"https:\/\/www.outdoors.ee\/wp-content\/uploads\/2021\/12\/03811Y-MFH-Combat-Fleece-Jacket-1.jpg\",\"width\":1200,\"height\":1200},{\"@type\":\"BreadcrumbList\",\"@id\":\"https:\/\/www.outdoors.ee\/et\/toode\/mfh-fliisjakk-combat\/#breadcrumb\",\"itemListElement\":[{\"@type\":\"ListItem\",\"position\":1,\"name\":\"Home\",\"item\":\"https:\/\/www.outdoors.ee\/et\/\"},{\"@type\":\"ListItem\",\"position\":2,\"name\":\"Tooted\",\"item\":\"https:\/\/www.outdoors.ee\/products\/\"},{\"@type\":\"ListItem\",\"position\":3,\"name\":\"MFH\u00ae fliisjakk Combat\"}]},{\"@type\":\"WebSite\",\"@id\":\"https:\/\/www.outdoors.ee\/#website\",\"url\":\"https:\/\/www.outdoors.ee\/\",\"name\":\"Outdoors\",\"description\":\"Genuine military surplus and not only!\",\"potentialAction\":[{\"@type\":\"SearchAction\",\"target\":{\"@type\":\"EntryPoint\",\"urlTemplate\":\"https:\/\/www.outdoors.ee\/?s={search_term_string}\"},\"query-input\":{\"@type\":\"PropertyValueSpecification\",\"valueRequired\":true,\"valueName\":\"search_term_string\"}}],\"inLanguage\":\"et\"}]}<\/script>\n<!-- \/ Yoast SEO plugin. -->","yoast_head_json":{"title":"MFH fliisjakk Combat Flecktarn - outdoors.ee","description":"Omadused: T\u00e4ispikkuses t\u00f5mblukk YKK t\u00f5mblukud 2 t\u00f5mblukuga taskut ees 2 t\u00f5mblukuga taskut k\u00e4istel, velcro paneelid peal Rip-stop kangast tugevdused \u00f5lgadel ning k\u00e4istel\u00a0 Kaenlaalused t\u00f5mblukud Velcro abil reguleeritav manseti laius V\u00f6\u00f6koha pingutusn\u00f6\u00f6r Materjal:\u00a0100% pol\u00fcester, tugevdus: 65% pol\u00fcester 35% puuvill Seisukord: uus","robots":{"index":"index","follow":"follow","max-snippet":"max-snippet:-1","max-image-preview":"max-image-preview:large","max-video-preview":"max-video-preview:-1"},"canonical":"https:\/\/www.outdoors.ee\/et\/toode\/mfh-fliisjakk-combat\/","og_locale":"et_EE","og_type":"article","og_title":"MFH fliisjakk Combat Flecktarn","og_description":"Omadused: T\u00e4ispikkuses t\u00f5mblukk YKK t\u00f5mblukud 2 t\u00f5mblukuga taskut ees 2 t\u00f5mblukuga taskut k\u00e4istel, velcro paneelid peal Rip-stop kangast tugevdused \u00f5lgadel ning k\u00e4istel\u00a0 Kaenlaalused t\u00f5mblukud Velcro abil reguleeritav manseti laius V\u00f6\u00f6koha pingutusn\u00f6\u00f6r Materjal:\u00a0100% pol\u00fcester, tugevdus: 65% pol\u00fcester 35% puuvill Seisukord: uus","og_url":"https:\/\/www.outdoors.ee\/et\/toode\/mfh-fliisjakk-combat\/","og_site_name":"Outdoors","article_modified_time":"2025-08-27T10:21:42+00:00","og_image":[{"width":1200,"height":1200,"url":"https:\/\/www.outdoors.ee\/wp-content\/uploads\/2021\/12\/03811Y-MFH-Combat-Fleece-Jacket-1.jpg","type":"image\/jpeg"}],"twitter_card":"summary_large_image","twitter_title":"MFH fliisjakk Combat Flecktarn","twitter_misc":{"Est. reading time":"1 minut"},"schema":{"@context":"https:\/\/schema.org","@graph":[{"@type":"WebPage","@id":"https:\/\/www.outdoors.ee\/et\/toode\/mfh-fliisjakk-combat\/","url":"https:\/\/www.outdoors.ee\/et\/toode\/mfh-fliisjakk-combat\/","name":"MFH fliisjakk Combat Flecktarn - outdoors.ee","isPartOf":{"@id":"https:\/\/www.outdoors.ee\/#website"},"primaryImageOfPage":{"@id":"https:\/\/www.outdoors.ee\/et\/toode\/mfh-fliisjakk-combat\/#primaryimage"},"image":{"@id":"https:\/\/www.outdoors.ee\/et\/toode\/mfh-fliisjakk-combat\/#primaryimage"},"thumbnailUrl":"https:\/\/www.outdoors.ee\/wp-content\/uploads\/2021\/12\/03811Y-MFH-Combat-Fleece-Jacket-1.jpg","datePublished":"2021-12-08T22:00:00+00:00","dateModified":"2025-08-27T10:21:42+00:00","description":"Omadused: T\u00e4ispikkuses t\u00f5mblukk YKK t\u00f5mblukud 2 t\u00f5mblukuga taskut ees 2 t\u00f5mblukuga taskut k\u00e4istel, velcro paneelid peal Rip-stop kangast tugevdused \u00f5lgadel ning k\u00e4istel\u00a0 Kaenlaalused t\u00f5mblukud Velcro abil reguleeritav manseti laius V\u00f6\u00f6koha pingutusn\u00f6\u00f6r Materjal:\u00a0100% pol\u00fcester, tugevdus: 65% pol\u00fcester 35% puuvill Seisukord: uus","breadcrumb":{"@id":"https:\/\/www.outdoors.ee\/et\/toode\/mfh-fliisjakk-combat\/#breadcrumb"},"inLanguage":"et","potentialAction":[{"@type":"ReadAction","target":["https:\/\/www.outdoors.ee\/et\/toode\/mfh-fliisjakk-combat\/"]}]},{"@type":"ImageObject","inLanguage":"et","@id":"https:\/\/www.outdoors.ee\/et\/toode\/mfh-fliisjakk-combat\/#primaryimage","url":"https:\/\/www.outdoors.ee\/wp-content\/uploads\/2021\/12\/03811Y-MFH-Combat-Fleece-Jacket-1.jpg","contentUrl":"https:\/\/www.outdoors.ee\/wp-content\/uploads\/2021\/12\/03811Y-MFH-Combat-Fleece-Jacket-1.jpg","width":1200,"height":1200},{"@type":"BreadcrumbList","@id":"https:\/\/www.outdoors.ee\/et\/toode\/mfh-fliisjakk-combat\/#breadcrumb","itemListElement":[{"@type":"ListItem","position":1,"name":"Home","item":"https:\/\/www.outdoors.ee\/et\/"},{"@type":"ListItem","position":2,"name":"Tooted","item":"https:\/\/www.outdoors.ee\/products\/"},{"@type":"ListItem","position":3,"name":"MFH\u00ae fliisjakk Combat"}]},{"@type":"WebSite","@id":"https:\/\/www.outdoors.ee\/#website","url":"https:\/\/www.outdoors.ee\/","name":"Outdoors","description":"Genuine military surplus and not only!","potentialAction":[{"@type":"SearchAction","target":{"@type":"EntryPoint","urlTemplate":"https:\/\/www.outdoors.ee\/?s={search_term_string}"},"query-input":{"@type":"PropertyValueSpecification","valueRequired":true,"valueName":"search_term_string"}}],"inLanguage":"et"}]}},"_links":{"self":[{"href":"https:\/\/www.outdoors.ee\/et\/wp-json\/wp\/v2\/product\/59003","targetHints":{"allow":["GET"]}}],"collection":[{"href":"https:\/\/www.outdoors.ee\/et\/wp-json\/wp\/v2\/product"}],"about":[{"href":"https:\/\/www.outdoors.ee\/et\/wp-json\/wp\/v2\/types\/product"}],"wp:featuredmedia":[{"embeddable":true,"href":"https:\/\/www.outdoors.ee\/et\/wp-json\/wp\/v2\/media\/97476"}],"wp:attachment":[{"href":"https:\/\/www.outdoors.ee\/et\/wp-json\/wp\/v2\/media?parent=59003"}],"wp:term":[{"taxonomy":"product_brand","embeddable":true,"href":"https:\/\/www.outdoors.ee\/et\/wp-json\/wp\/v2\/product_brand?post=59003"},{"taxonomy":"product_cat","embeddable":true,"href":"https:\/\/www.outdoors.ee\/et\/wp-json\/wp\/v2\/product_cat?post=59003"},{"taxonomy":"product_tag","embeddable":true,"href":"https:\/\/www.outdoors.ee\/et\/wp-json\/wp\/v2\/product_tag?post=59003"}],"curies":[{"name":"wp","href":"https:\/\/api.w.org\/{rel}","templated":true}]}}