{"id":58982,"date":"2021-12-09T00:00:00","date_gmt":"2021-12-09T00:00:00","guid":{"rendered":"https:\/\/www.outdoors.ee\/product\/mfh-softshell-jope-scorpion-coyote\/"},"modified":"2025-08-27T13:23:27","modified_gmt":"2025-08-27T10:23:27","slug":"mfh-softshell-jope-scorpion-coyote","status":"publish","type":"product","link":"https:\/\/www.outdoors.ee\/et\/toode\/mfh-softshell-jope-scorpion-coyote\/","title":{"rendered":"MFH\u00ae softshell jope Scorpion"},"content":{"rendered":"<p>Kvaliteetne, vett- ja mustusth\u00fclgav, tuulekindel ja hingav softshell jope.<\/p>\n<p><strong>Omadused<\/strong>:<\/p>\n<ul>\n<li>kahesuunaline t\u00f5mblukk l\u00f5uakaitsmega<\/li>\n<li>2 t\u00f5mblukuga rinnataskut<\/li>\n<li>t\u00f5mblukuga tasku vasakul k\u00e4sivarrel<\/li>\n<li>2 t\u00f5mblukuga \u00f5lavarretaskut takjapaneeliga<\/li>\n<li>suur tagatasku kahe t\u00f5mblukuga<\/li>\n<li>p\u00fcstkrae, kokkuvolditava kapuutsiga<\/li>\n<li>takjapaela abil reguleeritav randme laius<\/li>\n<li>v\u00f6\u00f6koha ja kapuutsi pingutusn\u00f6\u00f6rid<\/li>\n<li>YKK\u00ae t\u00f5mblukud<\/li>\n<li>kaenlaalused t\u00f5mblukud ventilatsiooniks<\/li>\n<li>vetth\u00fclgav 8000mm<\/li>\n<li>hingav 5000 g\/m2\/24h<\/li>\n<li>materjal: 94% pol\u00fcester, 6% elastaan. Vooder: 100% pol\u00fcester<\/li>\n<\/ul>\n<p><strong>Seisukord<\/strong>: uus<\/p>\n","protected":false},"excerpt":{"rendered":"<p>Kvaliteetne, vett- ja mustusth\u00fclgav, tuulekindel ja hingav softshell jope. Omadused: kahesuunaline t\u00f5mblukk l\u00f5uakaitsmega 2 t\u00f5mblukuga rinnataskut t\u00f5mblukuga tasku vasakul k\u00e4sivarrel<\/p>\n","protected":false},"featured_media":100386,"template":"","meta":[],"product_brand":[],"product_cat":[101],"product_tag":[],"class_list":{"0":"post-58982","1":"product","2":"type-product","3":"status-publish","4":"has-post-thumbnail","6":"product_cat-joped-parkad","7":"pa_brand-mfh-2","8":"pa_color-coyote-2","9":"pa_color-m05-2","10":"pa_color-olive-2","11":"pa_size-l-2","12":"pa_size-m-2","13":"pa_size-xl-2","15":"first","16":"instock","17":"taxable","18":"shipping-taxable","19":"purchasable","20":"product-type-variable"},"yoast_head":"<!-- This site is optimized with the Yoast SEO plugin v27.2 - https:\/\/yoast.com\/product\/yoast-seo-wordpress\/ -->\n<title>MFH Softshell jope Scorpion Coyote - outdoors.ee<\/title>\n<meta name=\"description\" content=\"Kvaliteetne, vett- ja mustusth\u00fclgav, tuulekindel ja hingav softshell jope. Omadused: 2-suunaline t\u00f5mblukk l\u00f5uakaitsmega 2 t\u00f5mblukuga rinnataskut t\u00f5mblukuga tasku vasakul k\u00e4sivarrel 2 t\u00f5mblukuga \u00f5lavarretaskut takjapaneeliga suur tagatasku kahe t\u00f5mblukuga p\u00fcstkrae, kokkuvolditava kapuutsiga takjapaela abil reguleeritav randme laius v\u00f6\u00f6koha ja kapuutsi pingutusn\u00f6\u00f6rid YKK\u00ae t\u00f5mblukud kaenlaalused t\u00f5mblukud ventilatsiooniks veekindel\/hingav - 8K\/5K Materjal: 94% pol\u00fcester, 6% elastaan. Vooder: 100% pol\u00fcester Tootja: MFH Seisukord: uus\" \/>\n<meta name=\"robots\" content=\"index, follow, max-snippet:-1, max-image-preview:large, max-video-preview:-1\" \/>\n<link rel=\"canonical\" href=\"https:\/\/www.outdoors.ee\/et\/toode\/mfh-softshell-jope-scorpion-coyote\/\" \/>\n<meta property=\"og:locale\" content=\"et_EE\" \/>\n<meta property=\"og:type\" content=\"article\" \/>\n<meta property=\"og:title\" content=\"MFH Softshell jope Scorpion Coyote\" \/>\n<meta property=\"og:description\" content=\"Kvaliteetne, vett- ja mustusth\u00fclgav, tuulekindel ja hingav softshell jope. Omadused: 2-suunaline t\u00f5mblukk l\u00f5uakaitsmega 2 t\u00f5mblukuga rinnataskut t\u00f5mblukuga tasku vasakul k\u00e4sivarrel 2 t\u00f5mblukuga \u00f5lavarretaskut takjapaneeliga suur tagatasku kahe t\u00f5mblukuga p\u00fcstkrae, kokkuvolditava kapuutsiga takjapaela abil reguleeritav randme laius v\u00f6\u00f6koha ja kapuutsi pingutusn\u00f6\u00f6rid YKK\u00ae t\u00f5mblukud kaenlaalused t\u00f5mblukud ventilatsiooniks veekindel\/hingav - 8K\/5K Materjal: 94% pol\u00fcester, 6% elastaan. Vooder: 100% pol\u00fcester Tootja: MFH Seisukord: uus\" \/>\n<meta property=\"og:url\" content=\"https:\/\/www.outdoors.ee\/et\/toode\/mfh-softshell-jope-scorpion-coyote\/\" \/>\n<meta property=\"og:site_name\" content=\"Outdoors\" \/>\n<meta property=\"article:modified_time\" content=\"2025-08-27T10:23:27+00:00\" \/>\n<meta property=\"og:image\" content=\"https:\/\/www.outdoors.ee\/wp-content\/uploads\/2021\/12\/03415Y-MFH-Softshell-Jacket-Scorpion-M05-2.jpg\" \/>\n\t<meta property=\"og:image:width\" content=\"1200\" \/>\n\t<meta property=\"og:image:height\" content=\"1200\" \/>\n\t<meta property=\"og:image:type\" content=\"image\/jpeg\" \/>\n<meta name=\"twitter:card\" content=\"summary_large_image\" \/>\n<meta name=\"twitter:title\" content=\"MFH Softshell jope Scorpion Coyote\" \/>\n<meta name=\"twitter:label1\" content=\"Est. reading time\" \/>\n\t<meta name=\"twitter:data1\" content=\"1 minut\" \/>\n<script type=\"application\/ld+json\" class=\"yoast-schema-graph\">{\"@context\":\"https:\/\/schema.org\",\"@graph\":[{\"@type\":\"WebPage\",\"@id\":\"https:\/\/www.outdoors.ee\/et\/toode\/mfh-softshell-jope-scorpion-coyote\/\",\"url\":\"https:\/\/www.outdoors.ee\/et\/toode\/mfh-softshell-jope-scorpion-coyote\/\",\"name\":\"MFH Softshell jope Scorpion Coyote - outdoors.ee\",\"isPartOf\":{\"@id\":\"https:\/\/www.outdoors.ee\/#website\"},\"primaryImageOfPage\":{\"@id\":\"https:\/\/www.outdoors.ee\/et\/toode\/mfh-softshell-jope-scorpion-coyote\/#primaryimage\"},\"image\":{\"@id\":\"https:\/\/www.outdoors.ee\/et\/toode\/mfh-softshell-jope-scorpion-coyote\/#primaryimage\"},\"thumbnailUrl\":\"https:\/\/www.outdoors.ee\/wp-content\/uploads\/2021\/12\/03415Y-MFH-Softshell-Jacket-Scorpion-M05-2.jpg\",\"datePublished\":\"2021-12-09T00:00:00+00:00\",\"dateModified\":\"2025-08-27T10:23:27+00:00\",\"description\":\"Kvaliteetne, vett- ja mustusth\u00fclgav, tuulekindel ja hingav softshell jope. Omadused: 2-suunaline t\u00f5mblukk l\u00f5uakaitsmega 2 t\u00f5mblukuga rinnataskut t\u00f5mblukuga tasku vasakul k\u00e4sivarrel 2 t\u00f5mblukuga \u00f5lavarretaskut takjapaneeliga suur tagatasku kahe t\u00f5mblukuga p\u00fcstkrae, kokkuvolditava kapuutsiga takjapaela abil reguleeritav randme laius v\u00f6\u00f6koha ja kapuutsi pingutusn\u00f6\u00f6rid YKK\u00ae t\u00f5mblukud kaenlaalused t\u00f5mblukud ventilatsiooniks veekindel\/hingav - 8K\/5K Materjal: 94% pol\u00fcester, 6% elastaan. Vooder: 100% pol\u00fcester Tootja: MFH Seisukord: uus\",\"breadcrumb\":{\"@id\":\"https:\/\/www.outdoors.ee\/et\/toode\/mfh-softshell-jope-scorpion-coyote\/#breadcrumb\"},\"inLanguage\":\"et\",\"potentialAction\":[{\"@type\":\"ReadAction\",\"target\":[\"https:\/\/www.outdoors.ee\/et\/toode\/mfh-softshell-jope-scorpion-coyote\/\"]}]},{\"@type\":\"ImageObject\",\"inLanguage\":\"et\",\"@id\":\"https:\/\/www.outdoors.ee\/et\/toode\/mfh-softshell-jope-scorpion-coyote\/#primaryimage\",\"url\":\"https:\/\/www.outdoors.ee\/wp-content\/uploads\/2021\/12\/03415Y-MFH-Softshell-Jacket-Scorpion-M05-2.jpg\",\"contentUrl\":\"https:\/\/www.outdoors.ee\/wp-content\/uploads\/2021\/12\/03415Y-MFH-Softshell-Jacket-Scorpion-M05-2.jpg\",\"width\":1200,\"height\":1200},{\"@type\":\"BreadcrumbList\",\"@id\":\"https:\/\/www.outdoors.ee\/et\/toode\/mfh-softshell-jope-scorpion-coyote\/#breadcrumb\",\"itemListElement\":[{\"@type\":\"ListItem\",\"position\":1,\"name\":\"Home\",\"item\":\"https:\/\/www.outdoors.ee\/et\/\"},{\"@type\":\"ListItem\",\"position\":2,\"name\":\"Tooted\",\"item\":\"https:\/\/www.outdoors.ee\/products\/\"},{\"@type\":\"ListItem\",\"position\":3,\"name\":\"MFH\u00ae softshell jope Scorpion\"}]},{\"@type\":\"WebSite\",\"@id\":\"https:\/\/www.outdoors.ee\/#website\",\"url\":\"https:\/\/www.outdoors.ee\/\",\"name\":\"Outdoors\",\"description\":\"Genuine military surplus and not only!\",\"potentialAction\":[{\"@type\":\"SearchAction\",\"target\":{\"@type\":\"EntryPoint\",\"urlTemplate\":\"https:\/\/www.outdoors.ee\/?s={search_term_string}\"},\"query-input\":{\"@type\":\"PropertyValueSpecification\",\"valueRequired\":true,\"valueName\":\"search_term_string\"}}],\"inLanguage\":\"et\"}]}<\/script>\n<!-- \/ Yoast SEO plugin. -->","yoast_head_json":{"title":"MFH Softshell jope Scorpion Coyote - outdoors.ee","description":"Kvaliteetne, vett- ja mustusth\u00fclgav, tuulekindel ja hingav softshell jope. Omadused: 2-suunaline t\u00f5mblukk l\u00f5uakaitsmega 2 t\u00f5mblukuga rinnataskut t\u00f5mblukuga tasku vasakul k\u00e4sivarrel 2 t\u00f5mblukuga \u00f5lavarretaskut takjapaneeliga suur tagatasku kahe t\u00f5mblukuga p\u00fcstkrae, kokkuvolditava kapuutsiga takjapaela abil reguleeritav randme laius v\u00f6\u00f6koha ja kapuutsi pingutusn\u00f6\u00f6rid YKK\u00ae t\u00f5mblukud kaenlaalused t\u00f5mblukud ventilatsiooniks veekindel\/hingav - 8K\/5K Materjal: 94% pol\u00fcester, 6% elastaan. Vooder: 100% pol\u00fcester Tootja: MFH Seisukord: uus","robots":{"index":"index","follow":"follow","max-snippet":"max-snippet:-1","max-image-preview":"max-image-preview:large","max-video-preview":"max-video-preview:-1"},"canonical":"https:\/\/www.outdoors.ee\/et\/toode\/mfh-softshell-jope-scorpion-coyote\/","og_locale":"et_EE","og_type":"article","og_title":"MFH Softshell jope Scorpion Coyote","og_description":"Kvaliteetne, vett- ja mustusth\u00fclgav, tuulekindel ja hingav softshell jope. Omadused: 2-suunaline t\u00f5mblukk l\u00f5uakaitsmega 2 t\u00f5mblukuga rinnataskut t\u00f5mblukuga tasku vasakul k\u00e4sivarrel 2 t\u00f5mblukuga \u00f5lavarretaskut takjapaneeliga suur tagatasku kahe t\u00f5mblukuga p\u00fcstkrae, kokkuvolditava kapuutsiga takjapaela abil reguleeritav randme laius v\u00f6\u00f6koha ja kapuutsi pingutusn\u00f6\u00f6rid YKK\u00ae t\u00f5mblukud kaenlaalused t\u00f5mblukud ventilatsiooniks veekindel\/hingav - 8K\/5K Materjal: 94% pol\u00fcester, 6% elastaan. Vooder: 100% pol\u00fcester Tootja: MFH Seisukord: uus","og_url":"https:\/\/www.outdoors.ee\/et\/toode\/mfh-softshell-jope-scorpion-coyote\/","og_site_name":"Outdoors","article_modified_time":"2025-08-27T10:23:27+00:00","og_image":[{"width":1200,"height":1200,"url":"https:\/\/www.outdoors.ee\/wp-content\/uploads\/2021\/12\/03415Y-MFH-Softshell-Jacket-Scorpion-M05-2.jpg","type":"image\/jpeg"}],"twitter_card":"summary_large_image","twitter_title":"MFH Softshell jope Scorpion Coyote","twitter_misc":{"Est. reading time":"1 minut"},"schema":{"@context":"https:\/\/schema.org","@graph":[{"@type":"WebPage","@id":"https:\/\/www.outdoors.ee\/et\/toode\/mfh-softshell-jope-scorpion-coyote\/","url":"https:\/\/www.outdoors.ee\/et\/toode\/mfh-softshell-jope-scorpion-coyote\/","name":"MFH Softshell jope Scorpion Coyote - outdoors.ee","isPartOf":{"@id":"https:\/\/www.outdoors.ee\/#website"},"primaryImageOfPage":{"@id":"https:\/\/www.outdoors.ee\/et\/toode\/mfh-softshell-jope-scorpion-coyote\/#primaryimage"},"image":{"@id":"https:\/\/www.outdoors.ee\/et\/toode\/mfh-softshell-jope-scorpion-coyote\/#primaryimage"},"thumbnailUrl":"https:\/\/www.outdoors.ee\/wp-content\/uploads\/2021\/12\/03415Y-MFH-Softshell-Jacket-Scorpion-M05-2.jpg","datePublished":"2021-12-09T00:00:00+00:00","dateModified":"2025-08-27T10:23:27+00:00","description":"Kvaliteetne, vett- ja mustusth\u00fclgav, tuulekindel ja hingav softshell jope. Omadused: 2-suunaline t\u00f5mblukk l\u00f5uakaitsmega 2 t\u00f5mblukuga rinnataskut t\u00f5mblukuga tasku vasakul k\u00e4sivarrel 2 t\u00f5mblukuga \u00f5lavarretaskut takjapaneeliga suur tagatasku kahe t\u00f5mblukuga p\u00fcstkrae, kokkuvolditava kapuutsiga takjapaela abil reguleeritav randme laius v\u00f6\u00f6koha ja kapuutsi pingutusn\u00f6\u00f6rid YKK\u00ae t\u00f5mblukud kaenlaalused t\u00f5mblukud ventilatsiooniks veekindel\/hingav - 8K\/5K Materjal: 94% pol\u00fcester, 6% elastaan. Vooder: 100% pol\u00fcester Tootja: MFH Seisukord: uus","breadcrumb":{"@id":"https:\/\/www.outdoors.ee\/et\/toode\/mfh-softshell-jope-scorpion-coyote\/#breadcrumb"},"inLanguage":"et","potentialAction":[{"@type":"ReadAction","target":["https:\/\/www.outdoors.ee\/et\/toode\/mfh-softshell-jope-scorpion-coyote\/"]}]},{"@type":"ImageObject","inLanguage":"et","@id":"https:\/\/www.outdoors.ee\/et\/toode\/mfh-softshell-jope-scorpion-coyote\/#primaryimage","url":"https:\/\/www.outdoors.ee\/wp-content\/uploads\/2021\/12\/03415Y-MFH-Softshell-Jacket-Scorpion-M05-2.jpg","contentUrl":"https:\/\/www.outdoors.ee\/wp-content\/uploads\/2021\/12\/03415Y-MFH-Softshell-Jacket-Scorpion-M05-2.jpg","width":1200,"height":1200},{"@type":"BreadcrumbList","@id":"https:\/\/www.outdoors.ee\/et\/toode\/mfh-softshell-jope-scorpion-coyote\/#breadcrumb","itemListElement":[{"@type":"ListItem","position":1,"name":"Home","item":"https:\/\/www.outdoors.ee\/et\/"},{"@type":"ListItem","position":2,"name":"Tooted","item":"https:\/\/www.outdoors.ee\/products\/"},{"@type":"ListItem","position":3,"name":"MFH\u00ae softshell jope Scorpion"}]},{"@type":"WebSite","@id":"https:\/\/www.outdoors.ee\/#website","url":"https:\/\/www.outdoors.ee\/","name":"Outdoors","description":"Genuine military surplus and not only!","potentialAction":[{"@type":"SearchAction","target":{"@type":"EntryPoint","urlTemplate":"https:\/\/www.outdoors.ee\/?s={search_term_string}"},"query-input":{"@type":"PropertyValueSpecification","valueRequired":true,"valueName":"search_term_string"}}],"inLanguage":"et"}]}},"_links":{"self":[{"href":"https:\/\/www.outdoors.ee\/et\/wp-json\/wp\/v2\/product\/58982","targetHints":{"allow":["GET"]}}],"collection":[{"href":"https:\/\/www.outdoors.ee\/et\/wp-json\/wp\/v2\/product"}],"about":[{"href":"https:\/\/www.outdoors.ee\/et\/wp-json\/wp\/v2\/types\/product"}],"wp:featuredmedia":[{"embeddable":true,"href":"https:\/\/www.outdoors.ee\/et\/wp-json\/wp\/v2\/media\/100386"}],"wp:attachment":[{"href":"https:\/\/www.outdoors.ee\/et\/wp-json\/wp\/v2\/media?parent=58982"}],"wp:term":[{"taxonomy":"product_brand","embeddable":true,"href":"https:\/\/www.outdoors.ee\/et\/wp-json\/wp\/v2\/product_brand?post=58982"},{"taxonomy":"product_cat","embeddable":true,"href":"https:\/\/www.outdoors.ee\/et\/wp-json\/wp\/v2\/product_cat?post=58982"},{"taxonomy":"product_tag","embeddable":true,"href":"https:\/\/www.outdoors.ee\/et\/wp-json\/wp\/v2\/product_tag?post=58982"}],"curies":[{"name":"wp","href":"https:\/\/api.w.org\/{rel}","templated":true}]}}