{"id":58958,"date":"2021-12-09T00:00:00","date_gmt":"2021-12-09T00:00:00","guid":{"rendered":"https:\/\/www.outdoors.ee\/product\/poola-armee-valijope-wz-93-pantera\/"},"modified":"2024-04-19T03:35:49","modified_gmt":"2024-04-19T00:35:49","slug":"poola-armee-valijope-wz-93-pantera","status":"publish","type":"product","link":"https:\/\/www.outdoors.ee\/et\/toode\/poola-armee-valijope-wz-93-pantera\/","title":{"rendered":"Poola Armee v\u00e4lijope wz.93 Pantera"},"content":{"rendered":"<p>Poola s\u00f5jav\u00e4e v\u00e4lijope, originaal. Vastupidav USA M65 jopega sarnase l\u00f5ikega parka Poola &#8220;wz.93 Pantera&#8221; kamuflaa\u017eis.<\/p>\n<p><strong>Omadused<\/strong>:<\/p>\n<ul>\n<li>n\u00f6\u00f6pide ning tormklapiga eest suletav<\/li>\n<li>v\u00f6\u00f6koha pingutusn\u00f6\u00f6r<\/li>\n<li>4 taskut ees<\/li>\n<li>2+1 taskut varrukatel<\/li>\n<li>2 t\u00f5mblukuga tagataskut<\/li>\n<li>Auastme eraldusm\u00e4rgi klapid \u00f5lgadel<\/li>\n<li>Poola lipuembleem enamasti m\u00f5lemal \u00f5lal (v\u00f5ib olla ainult \u00fchel)<\/li>\n<\/ul>\n<p><strong>Materjal<\/strong>: 80% puuvill 20% pol\u00fcester<\/p>\n<p><strong>Suurus rippmen\u00fc\u00fcs<\/strong>: rinna\u00fcmberm\u00f5\u00f5t \/ pikkus, cm<\/p>\n<p><strong>Kaal<\/strong>: ca 1,6kg\u00a0(suurus 92\/178)<\/p>\n<p><strong>Seisukord<\/strong>: uus<\/p>\n","protected":false},"excerpt":{"rendered":"<p>Poola Armee v\u00e4lijope, wz.93 Pantera<\/p>\n","protected":false},"featured_media":11108,"template":"","meta":[],"product_brand":[],"product_cat":[101],"product_tag":[],"class_list":{"0":"post-58958","1":"product","2":"type-product","3":"status-publish","4":"has-post-thumbnail","6":"product_cat-joped-parkad","7":"pa_brand-polish-military-surplus","8":"pa_size-104-166-3","9":"pa_size-92-166-3","10":"pa_size-92-178-2","11":"pa_size-98-163-2","12":"pa_size-98-169-3","14":"first","15":"instock","16":"taxable","17":"shipping-taxable","18":"purchasable","19":"product-type-variable"},"yoast_head":"<!-- This site is optimized with the Yoast SEO plugin v27.2 - https:\/\/yoast.com\/product\/yoast-seo-wordpress\/ -->\n<title>Poola Armee v\u00e4lijope wz.93 Pantera - outdoors.ee<\/title>\n<meta name=\"robots\" content=\"index, follow, max-snippet:-1, max-image-preview:large, max-video-preview:-1\" \/>\n<link rel=\"canonical\" href=\"https:\/\/www.outdoors.ee\/toode\/polish-army-field-jacket-wz-93-pantera\/\" \/>\n<meta property=\"og:locale\" content=\"et_EE\" \/>\n<meta property=\"og:type\" content=\"article\" \/>\n<meta property=\"og:title\" content=\"Poola Armee v\u00e4lijope wz.93 Pantera\" \/>\n<meta property=\"og:description\" content=\"Poola Armee v\u00e4lijope, wz.93 Pantera\" \/>\n<meta property=\"og:url\" content=\"https:\/\/www.outdoors.ee\/toode\/polish-army-field-jacket-wz-93-pantera\/\" \/>\n<meta property=\"og:site_name\" content=\"Outdoors\" \/>\n<meta property=\"article:modified_time\" content=\"2024-04-19T00:35:49+00:00\" \/>\n<meta property=\"og:image\" content=\"https:\/\/www.outdoors.ee\/wp-content\/uploads\/2021\/08\/Polish-Army-Field-Jacket-wz.93-Pantera-1.jpg\" \/>\n\t<meta property=\"og:image:width\" content=\"947\" \/>\n\t<meta property=\"og:image:height\" content=\"1120\" \/>\n\t<meta property=\"og:image:type\" content=\"image\/jpeg\" \/>\n<meta name=\"twitter:card\" content=\"summary_large_image\" \/>\n<meta name=\"twitter:title\" content=\"Poola Armee v\u00e4lijope wz.93 Pantera\" \/>\n<script type=\"application\/ld+json\" class=\"yoast-schema-graph\">{\"@context\":\"https:\/\/schema.org\",\"@graph\":[{\"@type\":\"WebPage\",\"@id\":\"https:\/\/www.outdoors.ee\/toode\/polish-army-field-jacket-wz-93-pantera\/\",\"url\":\"https:\/\/www.outdoors.ee\/toode\/polish-army-field-jacket-wz-93-pantera\/\",\"name\":\"Poola Armee v\u00e4lijope wz.93 Pantera - outdoors.ee\",\"isPartOf\":{\"@id\":\"https:\/\/www.outdoors.ee\/#website\"},\"primaryImageOfPage\":{\"@id\":\"https:\/\/www.outdoors.ee\/toode\/polish-army-field-jacket-wz-93-pantera\/#primaryimage\"},\"image\":{\"@id\":\"https:\/\/www.outdoors.ee\/toode\/polish-army-field-jacket-wz-93-pantera\/#primaryimage\"},\"thumbnailUrl\":\"https:\/\/www.outdoors.ee\/wp-content\/uploads\/2021\/08\/Polish-Army-Field-Jacket-wz.93-Pantera-1.jpg\",\"datePublished\":\"2021-12-09T00:00:00+00:00\",\"dateModified\":\"2024-04-19T00:35:49+00:00\",\"breadcrumb\":{\"@id\":\"https:\/\/www.outdoors.ee\/toode\/polish-army-field-jacket-wz-93-pantera\/#breadcrumb\"},\"inLanguage\":\"et\",\"potentialAction\":[{\"@type\":\"ReadAction\",\"target\":[\"https:\/\/www.outdoors.ee\/toode\/polish-army-field-jacket-wz-93-pantera\/\"]}]},{\"@type\":\"ImageObject\",\"inLanguage\":\"et\",\"@id\":\"https:\/\/www.outdoors.ee\/toode\/polish-army-field-jacket-wz-93-pantera\/#primaryimage\",\"url\":\"https:\/\/www.outdoors.ee\/wp-content\/uploads\/2021\/08\/Polish-Army-Field-Jacket-wz.93-Pantera-1.jpg\",\"contentUrl\":\"https:\/\/www.outdoors.ee\/wp-content\/uploads\/2021\/08\/Polish-Army-Field-Jacket-wz.93-Pantera-1.jpg\",\"width\":947,\"height\":1120},{\"@type\":\"BreadcrumbList\",\"@id\":\"https:\/\/www.outdoors.ee\/toode\/polish-army-field-jacket-wz-93-pantera\/#breadcrumb\",\"itemListElement\":[{\"@type\":\"ListItem\",\"position\":1,\"name\":\"Home\",\"item\":\"https:\/\/www.outdoors.ee\/et\/\"},{\"@type\":\"ListItem\",\"position\":2,\"name\":\"Tooted\",\"item\":\"https:\/\/www.outdoors.ee\/products\/\"},{\"@type\":\"ListItem\",\"position\":3,\"name\":\"Poola Armee v\u00e4lijope wz.93 Pantera\"}]},{\"@type\":\"WebSite\",\"@id\":\"https:\/\/www.outdoors.ee\/#website\",\"url\":\"https:\/\/www.outdoors.ee\/\",\"name\":\"Outdoors\",\"description\":\"Genuine military surplus and not only!\",\"potentialAction\":[{\"@type\":\"SearchAction\",\"target\":{\"@type\":\"EntryPoint\",\"urlTemplate\":\"https:\/\/www.outdoors.ee\/?s={search_term_string}\"},\"query-input\":{\"@type\":\"PropertyValueSpecification\",\"valueRequired\":true,\"valueName\":\"search_term_string\"}}],\"inLanguage\":\"et\"}]}<\/script>\n<!-- \/ Yoast SEO plugin. -->","yoast_head_json":{"title":"Poola Armee v\u00e4lijope wz.93 Pantera - outdoors.ee","robots":{"index":"index","follow":"follow","max-snippet":"max-snippet:-1","max-image-preview":"max-image-preview:large","max-video-preview":"max-video-preview:-1"},"canonical":"https:\/\/www.outdoors.ee\/toode\/polish-army-field-jacket-wz-93-pantera\/","og_locale":"et_EE","og_type":"article","og_title":"Poola Armee v\u00e4lijope wz.93 Pantera","og_description":"Poola Armee v\u00e4lijope, wz.93 Pantera","og_url":"https:\/\/www.outdoors.ee\/toode\/polish-army-field-jacket-wz-93-pantera\/","og_site_name":"Outdoors","article_modified_time":"2024-04-19T00:35:49+00:00","og_image":[{"width":947,"height":1120,"url":"https:\/\/www.outdoors.ee\/wp-content\/uploads\/2021\/08\/Polish-Army-Field-Jacket-wz.93-Pantera-1.jpg","type":"image\/jpeg"}],"twitter_card":"summary_large_image","twitter_title":"Poola Armee v\u00e4lijope wz.93 Pantera","schema":{"@context":"https:\/\/schema.org","@graph":[{"@type":"WebPage","@id":"https:\/\/www.outdoors.ee\/toode\/polish-army-field-jacket-wz-93-pantera\/","url":"https:\/\/www.outdoors.ee\/toode\/polish-army-field-jacket-wz-93-pantera\/","name":"Poola Armee v\u00e4lijope wz.93 Pantera - outdoors.ee","isPartOf":{"@id":"https:\/\/www.outdoors.ee\/#website"},"primaryImageOfPage":{"@id":"https:\/\/www.outdoors.ee\/toode\/polish-army-field-jacket-wz-93-pantera\/#primaryimage"},"image":{"@id":"https:\/\/www.outdoors.ee\/toode\/polish-army-field-jacket-wz-93-pantera\/#primaryimage"},"thumbnailUrl":"https:\/\/www.outdoors.ee\/wp-content\/uploads\/2021\/08\/Polish-Army-Field-Jacket-wz.93-Pantera-1.jpg","datePublished":"2021-12-09T00:00:00+00:00","dateModified":"2024-04-19T00:35:49+00:00","breadcrumb":{"@id":"https:\/\/www.outdoors.ee\/toode\/polish-army-field-jacket-wz-93-pantera\/#breadcrumb"},"inLanguage":"et","potentialAction":[{"@type":"ReadAction","target":["https:\/\/www.outdoors.ee\/toode\/polish-army-field-jacket-wz-93-pantera\/"]}]},{"@type":"ImageObject","inLanguage":"et","@id":"https:\/\/www.outdoors.ee\/toode\/polish-army-field-jacket-wz-93-pantera\/#primaryimage","url":"https:\/\/www.outdoors.ee\/wp-content\/uploads\/2021\/08\/Polish-Army-Field-Jacket-wz.93-Pantera-1.jpg","contentUrl":"https:\/\/www.outdoors.ee\/wp-content\/uploads\/2021\/08\/Polish-Army-Field-Jacket-wz.93-Pantera-1.jpg","width":947,"height":1120},{"@type":"BreadcrumbList","@id":"https:\/\/www.outdoors.ee\/toode\/polish-army-field-jacket-wz-93-pantera\/#breadcrumb","itemListElement":[{"@type":"ListItem","position":1,"name":"Home","item":"https:\/\/www.outdoors.ee\/et\/"},{"@type":"ListItem","position":2,"name":"Tooted","item":"https:\/\/www.outdoors.ee\/products\/"},{"@type":"ListItem","position":3,"name":"Poola Armee v\u00e4lijope wz.93 Pantera"}]},{"@type":"WebSite","@id":"https:\/\/www.outdoors.ee\/#website","url":"https:\/\/www.outdoors.ee\/","name":"Outdoors","description":"Genuine military surplus and not only!","potentialAction":[{"@type":"SearchAction","target":{"@type":"EntryPoint","urlTemplate":"https:\/\/www.outdoors.ee\/?s={search_term_string}"},"query-input":{"@type":"PropertyValueSpecification","valueRequired":true,"valueName":"search_term_string"}}],"inLanguage":"et"}]}},"_links":{"self":[{"href":"https:\/\/www.outdoors.ee\/et\/wp-json\/wp\/v2\/product\/58958","targetHints":{"allow":["GET"]}}],"collection":[{"href":"https:\/\/www.outdoors.ee\/et\/wp-json\/wp\/v2\/product"}],"about":[{"href":"https:\/\/www.outdoors.ee\/et\/wp-json\/wp\/v2\/types\/product"}],"wp:featuredmedia":[{"embeddable":true,"href":"https:\/\/www.outdoors.ee\/et\/wp-json\/wp\/v2\/media\/11108"}],"wp:attachment":[{"href":"https:\/\/www.outdoors.ee\/et\/wp-json\/wp\/v2\/media?parent=58958"}],"wp:term":[{"taxonomy":"product_brand","embeddable":true,"href":"https:\/\/www.outdoors.ee\/et\/wp-json\/wp\/v2\/product_brand?post=58958"},{"taxonomy":"product_cat","embeddable":true,"href":"https:\/\/www.outdoors.ee\/et\/wp-json\/wp\/v2\/product_cat?post=58958"},{"taxonomy":"product_tag","embeddable":true,"href":"https:\/\/www.outdoors.ee\/et\/wp-json\/wp\/v2\/product_tag?post=58958"}],"curies":[{"name":"wp","href":"https:\/\/api.w.org\/{rel}","templated":true}]}}