{"id":58887,"date":"2021-12-09T00:00:00","date_gmt":"2021-12-09T00:00:00","guid":{"rendered":"https:\/\/www.outdoors.ee\/product\/tuulekindel-ja-vetthulgav-parka-uus\/"},"modified":"2025-01-10T17:12:09","modified_gmt":"2025-01-10T15:12:09","slug":"tuulekindel-ja-vetthulgav-parka-uus","status":"publish","type":"product","link":"https:\/\/www.outdoors.ee\/et\/toode\/tuulekindel-ja-vetthulgav-parka-uus\/","title":{"rendered":"Tuulekindel ja vetth\u00fclgav parka, uus"},"content":{"rendered":"<p>Vetth\u00fclgav, hingav ja tuulekindel parka k\u00fclma v\u00f5i jahelaos ning v\u00e4listingimustes t\u00f6\u00f6tavale inimesele k\u00f5rge krae ning kokkupandava kapuutsiga.<\/p>\n<p><strong>Omadused:<\/strong><\/p>\n<ul>\n<li>kokkupandav kapuuts kraes<\/li>\n<li>t\u00f5mblukuga rinnatasku ning kaks k\u00e4etaskut<\/li>\n<li>v\u00f6\u00f6koha pingutusn\u00f6\u00f6r<\/li>\n<li>tormiklapiga t\u00f5mblukk<\/li>\n<li>pestav temperatuuril kuni\u00a040\u00b0<\/li>\n<li>100% pol\u00fcuretaaniga kaetud nailon<\/li>\n<\/ul>\n<p>Mudel v\u00f5id veidi varjeeruda<\/p>\n<p><strong>Seisukord<\/strong>: uus<\/p>\n","protected":false},"excerpt":{"rendered":"<p>Tuulekindel ja vetth&uuml;lgav parka, sinine<\/p>\n","protected":false},"featured_media":18309,"template":"","meta":[],"product_brand":[],"product_cat":[185],"product_tag":[],"class_list":{"0":"post-58887","1":"product","2":"type-product","3":"status-publish","4":"has-post-thumbnail","6":"product_cat-tooroivad","7":"pa_size-2xl-3","8":"pa_size-3xl-2","9":"pa_size-4xl-2","10":"pa_size-l-2","11":"pa_size-m-2","12":"pa_size-s-2","13":"pa_size-xl-2","14":"pa_size-xs-2","16":"first","17":"instock","18":"taxable","19":"shipping-taxable","20":"purchasable","21":"product-type-variable"},"yoast_head":"<!-- This site is optimized with the Yoast SEO plugin v27.2 - https:\/\/yoast.com\/product\/yoast-seo-wordpress\/ -->\n<title>Tuulekindel ja vetth\u00fclgav parka, uus - outdoors.ee<\/title>\n<meta name=\"description\" content=\"Vetth&uuml;lgav, hingav ja tuulekindel parka k&uuml;lma v&otilde;i jahelaos ning v&auml;listingimustes t&ouml;&ouml;tavale inimesele k&otilde;rge krae ning kokkupandava kapuutsiga. Omadused: kokkupandav kapuuts kraes t&otilde;mblukuga rinnatasku ning kaks k&auml;etaskut v&ouml;&ouml;koha pingutusn&ouml;&ouml;r tormiklapiga t&otilde;mblukk pestav temperatuuril kuni&nbsp;40&deg; 100% pol&uuml;uretaaniga kaetud nailon Mudel v&otilde;id veidi varjeeruda Seisukord: uus&nbsp;\" \/>\n<meta name=\"robots\" content=\"index, follow, max-snippet:-1, max-image-preview:large, max-video-preview:-1\" \/>\n<link rel=\"canonical\" href=\"https:\/\/www.outdoors.ee\/et\/toode\/tuulekindel-ja-vetthulgav-parka-uus\/\" \/>\n<meta property=\"og:locale\" content=\"et_EE\" \/>\n<meta property=\"og:type\" content=\"article\" \/>\n<meta property=\"og:title\" content=\"Tuulekindel ja vetth\u00fclgav parka, uus\" \/>\n<meta property=\"og:description\" content=\"Vetth&uuml;lgav, hingav ja tuulekindel parka k&uuml;lma v&otilde;i jahelaos ning v&auml;listingimustes t&ouml;&ouml;tavale inimesele k&otilde;rge krae ning kokkupandava kapuutsiga. Omadused: kokkupandav kapuuts kraes t&otilde;mblukuga rinnatasku ning kaks k&auml;etaskut v&ouml;&ouml;koha pingutusn&ouml;&ouml;r tormiklapiga t&otilde;mblukk pestav temperatuuril kuni&nbsp;40&deg; 100% pol&uuml;uretaaniga kaetud nailon Mudel v&otilde;id veidi varjeeruda Seisukord: uus&nbsp;\" \/>\n<meta property=\"og:url\" content=\"https:\/\/www.outdoors.ee\/et\/toode\/tuulekindel-ja-vetthulgav-parka-uus\/\" \/>\n<meta property=\"og:site_name\" content=\"Outdoors\" \/>\n<meta property=\"article:modified_time\" content=\"2025-01-10T15:12:09+00:00\" \/>\n<meta property=\"og:image\" content=\"https:\/\/www.outdoors.ee\/wp-content\/uploads\/2021\/09\/0301-Carillion-Blue-Parka-1.png\" \/>\n\t<meta property=\"og:image:width\" content=\"433\" \/>\n\t<meta property=\"og:image:height\" content=\"577\" \/>\n\t<meta property=\"og:image:type\" content=\"image\/png\" \/>\n<meta name=\"twitter:card\" content=\"summary_large_image\" \/>\n<meta name=\"twitter:title\" content=\"Tuulekindel ja vetth\u00fclgav parka, uus\" \/>\n<script type=\"application\/ld+json\" class=\"yoast-schema-graph\">{\"@context\":\"https:\/\/schema.org\",\"@graph\":[{\"@type\":\"WebPage\",\"@id\":\"https:\/\/www.outdoors.ee\/et\/toode\/tuulekindel-ja-vetthulgav-parka-uus\/\",\"url\":\"https:\/\/www.outdoors.ee\/et\/toode\/tuulekindel-ja-vetthulgav-parka-uus\/\",\"name\":\"Tuulekindel ja vetth\u00fclgav parka, uus - outdoors.ee\",\"isPartOf\":{\"@id\":\"https:\/\/www.outdoors.ee\/#website\"},\"primaryImageOfPage\":{\"@id\":\"https:\/\/www.outdoors.ee\/et\/toode\/tuulekindel-ja-vetthulgav-parka-uus\/#primaryimage\"},\"image\":{\"@id\":\"https:\/\/www.outdoors.ee\/et\/toode\/tuulekindel-ja-vetthulgav-parka-uus\/#primaryimage\"},\"thumbnailUrl\":\"https:\/\/www.outdoors.ee\/wp-content\/uploads\/2021\/09\/0301-Carillion-Blue-Parka-1.png\",\"datePublished\":\"2021-12-09T00:00:00+00:00\",\"dateModified\":\"2025-01-10T15:12:09+00:00\",\"description\":\"Vetth&uuml;lgav, hingav ja tuulekindel parka k&uuml;lma v&otilde;i jahelaos ning v&auml;listingimustes t&ouml;&ouml;tavale inimesele k&otilde;rge krae ning kokkupandava kapuutsiga. Omadused: kokkupandav kapuuts kraes t&otilde;mblukuga rinnatasku ning kaks k&auml;etaskut v&ouml;&ouml;koha pingutusn&ouml;&ouml;r tormiklapiga t&otilde;mblukk pestav temperatuuril kuni&nbsp;40&deg; 100% pol&uuml;uretaaniga kaetud nailon Mudel v&otilde;id veidi varjeeruda Seisukord: uus&nbsp;\",\"breadcrumb\":{\"@id\":\"https:\/\/www.outdoors.ee\/et\/toode\/tuulekindel-ja-vetthulgav-parka-uus\/#breadcrumb\"},\"inLanguage\":\"et\",\"potentialAction\":[{\"@type\":\"ReadAction\",\"target\":[\"https:\/\/www.outdoors.ee\/et\/toode\/tuulekindel-ja-vetthulgav-parka-uus\/\"]}]},{\"@type\":\"ImageObject\",\"inLanguage\":\"et\",\"@id\":\"https:\/\/www.outdoors.ee\/et\/toode\/tuulekindel-ja-vetthulgav-parka-uus\/#primaryimage\",\"url\":\"https:\/\/www.outdoors.ee\/wp-content\/uploads\/2021\/09\/0301-Carillion-Blue-Parka-1.png\",\"contentUrl\":\"https:\/\/www.outdoors.ee\/wp-content\/uploads\/2021\/09\/0301-Carillion-Blue-Parka-1.png\",\"width\":433,\"height\":577},{\"@type\":\"BreadcrumbList\",\"@id\":\"https:\/\/www.outdoors.ee\/et\/toode\/tuulekindel-ja-vetthulgav-parka-uus\/#breadcrumb\",\"itemListElement\":[{\"@type\":\"ListItem\",\"position\":1,\"name\":\"Home\",\"item\":\"https:\/\/www.outdoors.ee\/et\/\"},{\"@type\":\"ListItem\",\"position\":2,\"name\":\"Tooted\",\"item\":\"https:\/\/www.outdoors.ee\/products\/\"},{\"@type\":\"ListItem\",\"position\":3,\"name\":\"Tuulekindel ja vetth\u00fclgav parka, uus\"}]},{\"@type\":\"WebSite\",\"@id\":\"https:\/\/www.outdoors.ee\/#website\",\"url\":\"https:\/\/www.outdoors.ee\/\",\"name\":\"Outdoors\",\"description\":\"Genuine military surplus and not only!\",\"potentialAction\":[{\"@type\":\"SearchAction\",\"target\":{\"@type\":\"EntryPoint\",\"urlTemplate\":\"https:\/\/www.outdoors.ee\/?s={search_term_string}\"},\"query-input\":{\"@type\":\"PropertyValueSpecification\",\"valueRequired\":true,\"valueName\":\"search_term_string\"}}],\"inLanguage\":\"et\"}]}<\/script>\n<!-- \/ Yoast SEO plugin. -->","yoast_head_json":{"title":"Tuulekindel ja vetth\u00fclgav parka, uus - outdoors.ee","description":"Vetth&uuml;lgav, hingav ja tuulekindel parka k&uuml;lma v&otilde;i jahelaos ning v&auml;listingimustes t&ouml;&ouml;tavale inimesele k&otilde;rge krae ning kokkupandava kapuutsiga. Omadused: kokkupandav kapuuts kraes t&otilde;mblukuga rinnatasku ning kaks k&auml;etaskut v&ouml;&ouml;koha pingutusn&ouml;&ouml;r tormiklapiga t&otilde;mblukk pestav temperatuuril kuni&nbsp;40&deg; 100% pol&uuml;uretaaniga kaetud nailon Mudel v&otilde;id veidi varjeeruda Seisukord: uus&nbsp;","robots":{"index":"index","follow":"follow","max-snippet":"max-snippet:-1","max-image-preview":"max-image-preview:large","max-video-preview":"max-video-preview:-1"},"canonical":"https:\/\/www.outdoors.ee\/et\/toode\/tuulekindel-ja-vetthulgav-parka-uus\/","og_locale":"et_EE","og_type":"article","og_title":"Tuulekindel ja vetth\u00fclgav parka, uus","og_description":"Vetth&uuml;lgav, hingav ja tuulekindel parka k&uuml;lma v&otilde;i jahelaos ning v&auml;listingimustes t&ouml;&ouml;tavale inimesele k&otilde;rge krae ning kokkupandava kapuutsiga. Omadused: kokkupandav kapuuts kraes t&otilde;mblukuga rinnatasku ning kaks k&auml;etaskut v&ouml;&ouml;koha pingutusn&ouml;&ouml;r tormiklapiga t&otilde;mblukk pestav temperatuuril kuni&nbsp;40&deg; 100% pol&uuml;uretaaniga kaetud nailon Mudel v&otilde;id veidi varjeeruda Seisukord: uus&nbsp;","og_url":"https:\/\/www.outdoors.ee\/et\/toode\/tuulekindel-ja-vetthulgav-parka-uus\/","og_site_name":"Outdoors","article_modified_time":"2025-01-10T15:12:09+00:00","og_image":[{"width":433,"height":577,"url":"https:\/\/www.outdoors.ee\/wp-content\/uploads\/2021\/09\/0301-Carillion-Blue-Parka-1.png","type":"image\/png"}],"twitter_card":"summary_large_image","twitter_title":"Tuulekindel ja vetth\u00fclgav parka, uus","schema":{"@context":"https:\/\/schema.org","@graph":[{"@type":"WebPage","@id":"https:\/\/www.outdoors.ee\/et\/toode\/tuulekindel-ja-vetthulgav-parka-uus\/","url":"https:\/\/www.outdoors.ee\/et\/toode\/tuulekindel-ja-vetthulgav-parka-uus\/","name":"Tuulekindel ja vetth\u00fclgav parka, uus - outdoors.ee","isPartOf":{"@id":"https:\/\/www.outdoors.ee\/#website"},"primaryImageOfPage":{"@id":"https:\/\/www.outdoors.ee\/et\/toode\/tuulekindel-ja-vetthulgav-parka-uus\/#primaryimage"},"image":{"@id":"https:\/\/www.outdoors.ee\/et\/toode\/tuulekindel-ja-vetthulgav-parka-uus\/#primaryimage"},"thumbnailUrl":"https:\/\/www.outdoors.ee\/wp-content\/uploads\/2021\/09\/0301-Carillion-Blue-Parka-1.png","datePublished":"2021-12-09T00:00:00+00:00","dateModified":"2025-01-10T15:12:09+00:00","description":"Vetth&uuml;lgav, hingav ja tuulekindel parka k&uuml;lma v&otilde;i jahelaos ning v&auml;listingimustes t&ouml;&ouml;tavale inimesele k&otilde;rge krae ning kokkupandava kapuutsiga. Omadused: kokkupandav kapuuts kraes t&otilde;mblukuga rinnatasku ning kaks k&auml;etaskut v&ouml;&ouml;koha pingutusn&ouml;&ouml;r tormiklapiga t&otilde;mblukk pestav temperatuuril kuni&nbsp;40&deg; 100% pol&uuml;uretaaniga kaetud nailon Mudel v&otilde;id veidi varjeeruda Seisukord: uus&nbsp;","breadcrumb":{"@id":"https:\/\/www.outdoors.ee\/et\/toode\/tuulekindel-ja-vetthulgav-parka-uus\/#breadcrumb"},"inLanguage":"et","potentialAction":[{"@type":"ReadAction","target":["https:\/\/www.outdoors.ee\/et\/toode\/tuulekindel-ja-vetthulgav-parka-uus\/"]}]},{"@type":"ImageObject","inLanguage":"et","@id":"https:\/\/www.outdoors.ee\/et\/toode\/tuulekindel-ja-vetthulgav-parka-uus\/#primaryimage","url":"https:\/\/www.outdoors.ee\/wp-content\/uploads\/2021\/09\/0301-Carillion-Blue-Parka-1.png","contentUrl":"https:\/\/www.outdoors.ee\/wp-content\/uploads\/2021\/09\/0301-Carillion-Blue-Parka-1.png","width":433,"height":577},{"@type":"BreadcrumbList","@id":"https:\/\/www.outdoors.ee\/et\/toode\/tuulekindel-ja-vetthulgav-parka-uus\/#breadcrumb","itemListElement":[{"@type":"ListItem","position":1,"name":"Home","item":"https:\/\/www.outdoors.ee\/et\/"},{"@type":"ListItem","position":2,"name":"Tooted","item":"https:\/\/www.outdoors.ee\/products\/"},{"@type":"ListItem","position":3,"name":"Tuulekindel ja vetth\u00fclgav parka, uus"}]},{"@type":"WebSite","@id":"https:\/\/www.outdoors.ee\/#website","url":"https:\/\/www.outdoors.ee\/","name":"Outdoors","description":"Genuine military surplus and not only!","potentialAction":[{"@type":"SearchAction","target":{"@type":"EntryPoint","urlTemplate":"https:\/\/www.outdoors.ee\/?s={search_term_string}"},"query-input":{"@type":"PropertyValueSpecification","valueRequired":true,"valueName":"search_term_string"}}],"inLanguage":"et"}]}},"_links":{"self":[{"href":"https:\/\/www.outdoors.ee\/et\/wp-json\/wp\/v2\/product\/58887","targetHints":{"allow":["GET"]}}],"collection":[{"href":"https:\/\/www.outdoors.ee\/et\/wp-json\/wp\/v2\/product"}],"about":[{"href":"https:\/\/www.outdoors.ee\/et\/wp-json\/wp\/v2\/types\/product"}],"wp:featuredmedia":[{"embeddable":true,"href":"https:\/\/www.outdoors.ee\/et\/wp-json\/wp\/v2\/media\/18309"}],"wp:attachment":[{"href":"https:\/\/www.outdoors.ee\/et\/wp-json\/wp\/v2\/media?parent=58887"}],"wp:term":[{"taxonomy":"product_brand","embeddable":true,"href":"https:\/\/www.outdoors.ee\/et\/wp-json\/wp\/v2\/product_brand?post=58887"},{"taxonomy":"product_cat","embeddable":true,"href":"https:\/\/www.outdoors.ee\/et\/wp-json\/wp\/v2\/product_cat?post=58887"},{"taxonomy":"product_tag","embeddable":true,"href":"https:\/\/www.outdoors.ee\/et\/wp-json\/wp\/v2\/product_tag?post=58887"}],"curies":[{"name":"wp","href":"https:\/\/api.w.org\/{rel}","templated":true}]}}