{"id":58878,"date":"2021-12-09T00:00:00","date_gmt":"2021-12-09T00:00:00","guid":{"rendered":"https:\/\/www.outdoors.ee\/product\/briti-armee-soojapesu-puksid-fr-desert\/"},"modified":"2024-01-12T18:38:47","modified_gmt":"2024-01-12T16:38:47","slug":"briti-armee-soojapesu-puksid-fr-desert","status":"publish","type":"product","link":"https:\/\/www.outdoors.ee\/et\/toode\/briti-armee-soojapesu-puksid-fr-desert\/","title":{"rendered":"Briti Armee soojapesu p\u00fcksid FR Desert"},"content":{"rendered":"<p style=\"text-align: justify;\"><strong>Omadused<\/strong>:<\/p>\n<ul>\n<li>Briti s\u00f5jav\u00e4e originaal<\/li>\n<li>veniv v\u00f6\u00f6 ja mansetid<\/li>\n<li>raskelts\u00fcttiv, termostabiilne aluskiht<\/li>\n<li>kiri sildil: Long Johns FR Desert<\/li>\n<\/ul>\n<p style=\"text-align: justify;\"><strong>Materjal:<\/strong>\u00a050% pol\u00fcamiid 50% viskoos v\u00f5i 50% kermel 50% viskoos<\/p>\n<p style=\"text-align: justify;\"><strong>Kaal<\/strong>: ca 300g<\/p>\n<p style=\"text-align: justify;\"><b>Suurus\u00a0<\/b>(v\u00f6\u00f6\u00fcmberm\u00f5\u00f5t):\u00a0<strong>2XS<\/strong> (28in\/71cm), <strong>XS<\/strong> (30in\/76cm), <b>S <\/b>(32in\/81cm), <b>M<\/b>(34in\/86cm), <strong>L<\/strong> (36in\/91cm), <strong>XL <\/strong>(38in\/96cm),<strong> 2XL<\/strong>(40in\/101cm), <strong>3XL<\/strong> (44in\/112cm), 4<strong>XL<\/strong> (46in\/117cm)<\/p>\n<p style=\"text-align: justify;\"><strong>Seisukord:<\/strong>\u00a0uus<\/p>\n","protected":false},"excerpt":{"rendered":"<p>Briti Armee raskelts\u00fcttivad soojapesu p\u00fcksid, bee\u017e<\/p>\n","protected":false},"featured_media":66102,"template":"","meta":[],"product_brand":[],"product_cat":[129],"product_tag":[],"class_list":{"0":"post-58878","1":"product","2":"type-product","3":"status-publish","4":"has-post-thumbnail","6":"product_cat-soe-pesu-aluskiht","7":"pa_brand-british-military-surplus","8":"pa_size-2xs-2","9":"pa_size-3xl-2","10":"pa_size-4xl-2","11":"pa_size-l-2","12":"pa_size-m-2","13":"pa_size-s-2","14":"pa_size-xl-2","15":"pa_size-xs-2","16":"pa_size-xxl-2","18":"first","19":"instock","20":"taxable","21":"shipping-taxable","22":"purchasable","23":"product-type-variable"},"yoast_head":"<!-- This site is optimized with the Yoast SEO plugin v27.2 - https:\/\/yoast.com\/product\/yoast-seo-wordpress\/ -->\n<title>Briti Armee soojapesu p\u00fcksid FR Desert - outdoors.ee<\/title>\n<meta name=\"description\" content=\"Omadused: Briti s\u00f5jav\u00e4e originaal veniv v\u00f6\u00f6 ja mansetid raskelts\u00fcttiv, termostabiilne aluskiht kiri sildil: Long Johns FR Desert Materjal:\u00a050% pol\u00fcamiid 50% viskoos v\u00f5i 50% kermel 50% viskoos Kaal: ca 300g Suurus\u00a0(V\u00dc): L (40in\/101cm), XL (44in\/112cm), XXL (46in\/117cm) Seisukord:\u00a0uus\" \/>\n<meta name=\"robots\" content=\"index, follow, max-snippet:-1, max-image-preview:large, max-video-preview:-1\" \/>\n<link rel=\"canonical\" href=\"https:\/\/www.outdoors.ee\/toode\/british-army-fire-retardant-thermal-drawers-desert\/\" \/>\n<meta property=\"og:locale\" content=\"et_EE\" \/>\n<meta property=\"og:type\" content=\"article\" \/>\n<meta property=\"og:title\" content=\"Briti Armee soojapesu p\u00fcksid FR Desert\" \/>\n<meta property=\"og:description\" content=\"Omadused: Briti s\u00f5jav\u00e4e originaal veniv v\u00f6\u00f6 ja mansetid raskelts\u00fcttiv, termostabiilne aluskiht kiri sildil: Long Johns FR Desert Materjal:\u00a050% pol\u00fcamiid 50% viskoos v\u00f5i 50% kermel 50% viskoos Kaal: ca 300g Suurus\u00a0(V\u00dc): L (40in\/101cm), XL (44in\/112cm), XXL (46in\/117cm) Seisukord:\u00a0uus\" \/>\n<meta property=\"og:url\" content=\"https:\/\/www.outdoors.ee\/toode\/british-army-fire-retardant-thermal-drawers-desert\/\" \/>\n<meta property=\"og:site_name\" content=\"Outdoors\" \/>\n<meta property=\"article:modified_time\" content=\"2024-01-12T16:38:47+00:00\" \/>\n<meta property=\"og:image\" content=\"https:\/\/www.outdoors.ee\/wp-content\/uploads\/2021\/12\/0284-British-Army-Fire-Retardant-Thermal-Drawers-Desert-3.jpg\" \/>\n\t<meta property=\"og:image:width\" content=\"1116\" \/>\n\t<meta property=\"og:image:height\" content=\"1312\" \/>\n\t<meta property=\"og:image:type\" content=\"image\/jpeg\" \/>\n<meta name=\"twitter:card\" content=\"summary_large_image\" \/>\n<meta name=\"twitter:title\" content=\"Briti Armee soojapesu p\u00fcksid FR Desert\" \/>\n<meta name=\"twitter:label1\" content=\"Est. reading time\" \/>\n\t<meta name=\"twitter:data1\" content=\"1 minut\" \/>\n<script type=\"application\/ld+json\" class=\"yoast-schema-graph\">{\"@context\":\"https:\/\/schema.org\",\"@graph\":[{\"@type\":\"WebPage\",\"@id\":\"https:\/\/www.outdoors.ee\/toode\/british-army-fire-retardant-thermal-drawers-desert\/\",\"url\":\"https:\/\/www.outdoors.ee\/toode\/british-army-fire-retardant-thermal-drawers-desert\/\",\"name\":\"Briti Armee soojapesu p\u00fcksid FR Desert - outdoors.ee\",\"isPartOf\":{\"@id\":\"https:\/\/www.outdoors.ee\/#website\"},\"primaryImageOfPage\":{\"@id\":\"https:\/\/www.outdoors.ee\/toode\/british-army-fire-retardant-thermal-drawers-desert\/#primaryimage\"},\"image\":{\"@id\":\"https:\/\/www.outdoors.ee\/toode\/british-army-fire-retardant-thermal-drawers-desert\/#primaryimage\"},\"thumbnailUrl\":\"https:\/\/www.outdoors.ee\/wp-content\/uploads\/2021\/12\/0284-British-Army-Fire-Retardant-Thermal-Drawers-Desert-3.jpg\",\"datePublished\":\"2021-12-09T00:00:00+00:00\",\"dateModified\":\"2024-01-12T16:38:47+00:00\",\"description\":\"Omadused: Briti s\u00f5jav\u00e4e originaal veniv v\u00f6\u00f6 ja mansetid raskelts\u00fcttiv, termostabiilne aluskiht kiri sildil: Long Johns FR Desert Materjal:\u00a050% pol\u00fcamiid 50% viskoos v\u00f5i 50% kermel 50% viskoos Kaal: ca 300g Suurus\u00a0(V\u00dc): L (40in\/101cm), XL (44in\/112cm), XXL (46in\/117cm) Seisukord:\u00a0uus\",\"breadcrumb\":{\"@id\":\"https:\/\/www.outdoors.ee\/toode\/british-army-fire-retardant-thermal-drawers-desert\/#breadcrumb\"},\"inLanguage\":\"et\",\"potentialAction\":[{\"@type\":\"ReadAction\",\"target\":[\"https:\/\/www.outdoors.ee\/toode\/british-army-fire-retardant-thermal-drawers-desert\/\"]}]},{\"@type\":\"ImageObject\",\"inLanguage\":\"et\",\"@id\":\"https:\/\/www.outdoors.ee\/toode\/british-army-fire-retardant-thermal-drawers-desert\/#primaryimage\",\"url\":\"https:\/\/www.outdoors.ee\/wp-content\/uploads\/2021\/12\/0284-British-Army-Fire-Retardant-Thermal-Drawers-Desert-3.jpg\",\"contentUrl\":\"https:\/\/www.outdoors.ee\/wp-content\/uploads\/2021\/12\/0284-British-Army-Fire-Retardant-Thermal-Drawers-Desert-3.jpg\",\"width\":1116,\"height\":1312},{\"@type\":\"BreadcrumbList\",\"@id\":\"https:\/\/www.outdoors.ee\/toode\/british-army-fire-retardant-thermal-drawers-desert\/#breadcrumb\",\"itemListElement\":[{\"@type\":\"ListItem\",\"position\":1,\"name\":\"Home\",\"item\":\"https:\/\/www.outdoors.ee\/et\/\"},{\"@type\":\"ListItem\",\"position\":2,\"name\":\"Tooted\",\"item\":\"https:\/\/www.outdoors.ee\/products\/\"},{\"@type\":\"ListItem\",\"position\":3,\"name\":\"Briti Armee soojapesu p\u00fcksid FR Desert\"}]},{\"@type\":\"WebSite\",\"@id\":\"https:\/\/www.outdoors.ee\/#website\",\"url\":\"https:\/\/www.outdoors.ee\/\",\"name\":\"Outdoors\",\"description\":\"Genuine military surplus and not only!\",\"potentialAction\":[{\"@type\":\"SearchAction\",\"target\":{\"@type\":\"EntryPoint\",\"urlTemplate\":\"https:\/\/www.outdoors.ee\/?s={search_term_string}\"},\"query-input\":{\"@type\":\"PropertyValueSpecification\",\"valueRequired\":true,\"valueName\":\"search_term_string\"}}],\"inLanguage\":\"et\"}]}<\/script>\n<!-- \/ Yoast SEO plugin. -->","yoast_head_json":{"title":"Briti Armee soojapesu p\u00fcksid FR Desert - outdoors.ee","description":"Omadused: Briti s\u00f5jav\u00e4e originaal veniv v\u00f6\u00f6 ja mansetid raskelts\u00fcttiv, termostabiilne aluskiht kiri sildil: Long Johns FR Desert Materjal:\u00a050% pol\u00fcamiid 50% viskoos v\u00f5i 50% kermel 50% viskoos Kaal: ca 300g Suurus\u00a0(V\u00dc): L (40in\/101cm), XL (44in\/112cm), XXL (46in\/117cm) Seisukord:\u00a0uus","robots":{"index":"index","follow":"follow","max-snippet":"max-snippet:-1","max-image-preview":"max-image-preview:large","max-video-preview":"max-video-preview:-1"},"canonical":"https:\/\/www.outdoors.ee\/toode\/british-army-fire-retardant-thermal-drawers-desert\/","og_locale":"et_EE","og_type":"article","og_title":"Briti Armee soojapesu p\u00fcksid FR Desert","og_description":"Omadused: Briti s\u00f5jav\u00e4e originaal veniv v\u00f6\u00f6 ja mansetid raskelts\u00fcttiv, termostabiilne aluskiht kiri sildil: Long Johns FR Desert Materjal:\u00a050% pol\u00fcamiid 50% viskoos v\u00f5i 50% kermel 50% viskoos Kaal: ca 300g Suurus\u00a0(V\u00dc): L (40in\/101cm), XL (44in\/112cm), XXL (46in\/117cm) Seisukord:\u00a0uus","og_url":"https:\/\/www.outdoors.ee\/toode\/british-army-fire-retardant-thermal-drawers-desert\/","og_site_name":"Outdoors","article_modified_time":"2024-01-12T16:38:47+00:00","og_image":[{"width":1116,"height":1312,"url":"https:\/\/www.outdoors.ee\/wp-content\/uploads\/2021\/12\/0284-British-Army-Fire-Retardant-Thermal-Drawers-Desert-3.jpg","type":"image\/jpeg"}],"twitter_card":"summary_large_image","twitter_title":"Briti Armee soojapesu p\u00fcksid FR Desert","twitter_misc":{"Est. reading time":"1 minut"},"schema":{"@context":"https:\/\/schema.org","@graph":[{"@type":"WebPage","@id":"https:\/\/www.outdoors.ee\/toode\/british-army-fire-retardant-thermal-drawers-desert\/","url":"https:\/\/www.outdoors.ee\/toode\/british-army-fire-retardant-thermal-drawers-desert\/","name":"Briti Armee soojapesu p\u00fcksid FR Desert - outdoors.ee","isPartOf":{"@id":"https:\/\/www.outdoors.ee\/#website"},"primaryImageOfPage":{"@id":"https:\/\/www.outdoors.ee\/toode\/british-army-fire-retardant-thermal-drawers-desert\/#primaryimage"},"image":{"@id":"https:\/\/www.outdoors.ee\/toode\/british-army-fire-retardant-thermal-drawers-desert\/#primaryimage"},"thumbnailUrl":"https:\/\/www.outdoors.ee\/wp-content\/uploads\/2021\/12\/0284-British-Army-Fire-Retardant-Thermal-Drawers-Desert-3.jpg","datePublished":"2021-12-09T00:00:00+00:00","dateModified":"2024-01-12T16:38:47+00:00","description":"Omadused: Briti s\u00f5jav\u00e4e originaal veniv v\u00f6\u00f6 ja mansetid raskelts\u00fcttiv, termostabiilne aluskiht kiri sildil: Long Johns FR Desert Materjal:\u00a050% pol\u00fcamiid 50% viskoos v\u00f5i 50% kermel 50% viskoos Kaal: ca 300g Suurus\u00a0(V\u00dc): L (40in\/101cm), XL (44in\/112cm), XXL (46in\/117cm) Seisukord:\u00a0uus","breadcrumb":{"@id":"https:\/\/www.outdoors.ee\/toode\/british-army-fire-retardant-thermal-drawers-desert\/#breadcrumb"},"inLanguage":"et","potentialAction":[{"@type":"ReadAction","target":["https:\/\/www.outdoors.ee\/toode\/british-army-fire-retardant-thermal-drawers-desert\/"]}]},{"@type":"ImageObject","inLanguage":"et","@id":"https:\/\/www.outdoors.ee\/toode\/british-army-fire-retardant-thermal-drawers-desert\/#primaryimage","url":"https:\/\/www.outdoors.ee\/wp-content\/uploads\/2021\/12\/0284-British-Army-Fire-Retardant-Thermal-Drawers-Desert-3.jpg","contentUrl":"https:\/\/www.outdoors.ee\/wp-content\/uploads\/2021\/12\/0284-British-Army-Fire-Retardant-Thermal-Drawers-Desert-3.jpg","width":1116,"height":1312},{"@type":"BreadcrumbList","@id":"https:\/\/www.outdoors.ee\/toode\/british-army-fire-retardant-thermal-drawers-desert\/#breadcrumb","itemListElement":[{"@type":"ListItem","position":1,"name":"Home","item":"https:\/\/www.outdoors.ee\/et\/"},{"@type":"ListItem","position":2,"name":"Tooted","item":"https:\/\/www.outdoors.ee\/products\/"},{"@type":"ListItem","position":3,"name":"Briti Armee soojapesu p\u00fcksid FR Desert"}]},{"@type":"WebSite","@id":"https:\/\/www.outdoors.ee\/#website","url":"https:\/\/www.outdoors.ee\/","name":"Outdoors","description":"Genuine military surplus and not only!","potentialAction":[{"@type":"SearchAction","target":{"@type":"EntryPoint","urlTemplate":"https:\/\/www.outdoors.ee\/?s={search_term_string}"},"query-input":{"@type":"PropertyValueSpecification","valueRequired":true,"valueName":"search_term_string"}}],"inLanguage":"et"}]}},"_links":{"self":[{"href":"https:\/\/www.outdoors.ee\/et\/wp-json\/wp\/v2\/product\/58878","targetHints":{"allow":["GET"]}}],"collection":[{"href":"https:\/\/www.outdoors.ee\/et\/wp-json\/wp\/v2\/product"}],"about":[{"href":"https:\/\/www.outdoors.ee\/et\/wp-json\/wp\/v2\/types\/product"}],"wp:featuredmedia":[{"embeddable":true,"href":"https:\/\/www.outdoors.ee\/et\/wp-json\/wp\/v2\/media\/66102"}],"wp:attachment":[{"href":"https:\/\/www.outdoors.ee\/et\/wp-json\/wp\/v2\/media?parent=58878"}],"wp:term":[{"taxonomy":"product_brand","embeddable":true,"href":"https:\/\/www.outdoors.ee\/et\/wp-json\/wp\/v2\/product_brand?post=58878"},{"taxonomy":"product_cat","embeddable":true,"href":"https:\/\/www.outdoors.ee\/et\/wp-json\/wp\/v2\/product_cat?post=58878"},{"taxonomy":"product_tag","embeddable":true,"href":"https:\/\/www.outdoors.ee\/et\/wp-json\/wp\/v2\/product_tag?post=58878"}],"curies":[{"name":"wp","href":"https:\/\/api.w.org\/{rel}","templated":true}]}}