{"id":58851,"date":"2021-12-09T00:00:00","date_gmt":"2021-12-09T00:00:00","guid":{"rendered":"https:\/\/www.outdoors.ee\/product\/briti-armee-magnum-uniform-service-trainers-spordijalatsid\/"},"modified":"2026-01-22T09:41:02","modified_gmt":"2026-01-22T07:41:02","slug":"briti-armee-magnum-uniform-service-trainers-spordijalatsid","status":"publish","type":"product","link":"https:\/\/www.outdoors.ee\/et\/toode\/briti-armee-magnum-uniform-service-trainers-spordijalatsid\/","title":{"rendered":"Briti Armee spordijalatsid Magnum\u00ae Uniform Service Trainers"},"content":{"rendered":"<p style=\"text-align: justify;\">Briti Kaitseministeeriumi tellimusel MAGNUM\u00b4i poolt v\u00e4lja t\u00f6\u00f6tatud ning toodetud spordijalatsite mudel.<\/p>\n<p style=\"text-align: justify;\"><strong>Omadused:<\/strong><\/p>\n<ul style=\"text-align: justify;\">\n<li>s\u00fcnteetilisest materjalist pealne<\/li>\n<li>hingav, antibakteriaalsete omadustega sisevooder<\/li>\n<li>EVA vahetald ja eemaldatav sisetald heade p\u00f5rutust neelavate omadustega<\/li>\n<li>vastupidav Vibram\u00ae v\u00e4listald<\/li>\n<li>pehmendatud kaelus ja keel<\/li>\n<\/ul>\n<p style=\"text-align: justify;\">\u00a0<strong>Seisukord:<\/strong><\/p>\n<ul>\n<li style=\"text-align: justify;\">uued (v\u00f5ivad sisaldada hulgiladustamise j\u00e4lgi)<\/li>\n<li style=\"text-align: justify;\">uuev\u00e4\u00e4rsed (sisaldavad minimaalseid kulumisj\u00e4lgi)<\/li>\n<li style=\"text-align: justify;\">kasutatud, Grade 1 (sisaldavad m\u00f5\u00f5dukaid kulumisj\u00e4lgi, v\u00f5ivad sisaldada v\u00e4iksemaid vigastusi)<\/li>\n<\/ul>\n","protected":false},"excerpt":{"rendered":"<p>Briti Armee MAGNUM Uniform Service Trainers (M.U.S.T.) spordijalatsid, must<\/p>\n","protected":false},"featured_media":64242,"template":"","meta":[],"product_brand":[],"product_cat":[70],"product_tag":[],"class_list":{"0":"post-58851","1":"product","2":"type-product","3":"status-publish","4":"has-post-thumbnail","6":"product_cat-jalanoud","7":"pa_brand-british-military-surplus","8":"pa_brand-magnum-2","9":"pa_condition-uuevaarne","10":"pa_condition-uus","11":"pa_size-uk10-us11-eu44-2","12":"pa_size-uk11-us12-eu45-2","13":"pa_size-uk12-us13-eu46-2","14":"pa_size-uk13-us14-eu47-3","15":"pa_size-uk14-us15-eu48-2","16":"pa_size-uk5-us6-eu38-2","17":"pa_size-uk5-us7-eu38-2-2","18":"pa_size-uk6-us7-eu39-2","19":"pa_size-uk6-us8-eu39-2","20":"pa_size-uk7-us8-eu41-2","21":"pa_size-uk8-us9-eu42-3","22":"pa_size-uk9-us10-eu43-2","24":"first","25":"instock","26":"taxable","27":"shipping-taxable","28":"purchasable","29":"product-type-variable"},"yoast_head":"<!-- This site is optimized with the Yoast SEO plugin v27.2 - https:\/\/yoast.com\/product\/yoast-seo-wordpress\/ -->\n<title>Briti Armee MAGNUM Uniform Service Trainers spordijalatsid - outdoors.ee<\/title>\n<meta name=\"description\" content=\"Briti Kaitseministeeriumi tellimusel MAGNUM\u00b4i poolt v\u00e4lja t\u00f6\u00f6tatud ning toodetud spordijalatsite mudel. Omadused: s\u00fcnteetilisest materjalist pealne hingav, antibakteriaalsete omadustega sisevooder EVA vahetald ja eemaldatav sisetald heade p\u00f5rutust neelavate omadustega vastupidav Vibram\u00ae v\u00e4listald pehmendatud kaelus ja keel \u00a0Seisukord: uued (v\u00f5ivad sisaldada hulgiladustamise j\u00e4lgi) uuev\u00e4\u00e4rsed (sisaldavad minimaalseid kulumisj\u00e4lgi) kasutatud, Grade 1 (heas korras, m\u00f5\u00f5dukate kulumisj\u00e4lgedega, ilma m\u00e4rkimisv\u00e4\u00e4rsete vigastusteta)\" \/>\n<meta name=\"robots\" content=\"index, follow, max-snippet:-1, max-image-preview:large, max-video-preview:-1\" \/>\n<link rel=\"canonical\" href=\"https:\/\/www.outdoors.ee\/et\/toode\/briti-armee-magnum-uniform-service-trainers-spordijalatsid\/\" \/>\n<meta property=\"og:locale\" content=\"et_EE\" \/>\n<meta property=\"og:type\" content=\"article\" \/>\n<meta property=\"og:title\" content=\"Briti Armee MAGNUM Uniform Service Trainers spordijalatsid\" \/>\n<meta property=\"og:description\" content=\"Briti Kaitseministeeriumi tellimusel MAGNUM\u00b4i poolt v\u00e4lja t\u00f6\u00f6tatud ning toodetud spordijalatsite mudel. Omadused: s\u00fcnteetilisest materjalist pealne hingav, antibakteriaalsete omadustega sisevooder EVA vahetald ja eemaldatav sisetald heade p\u00f5rutust neelavate omadustega vastupidav Vibram\u00ae v\u00e4listald pehmendatud kaelus ja keel \u00a0Seisukord: uued (v\u00f5ivad sisaldada hulgiladustamise j\u00e4lgi) uuev\u00e4\u00e4rsed (sisaldavad minimaalseid kulumisj\u00e4lgi) kasutatud, Grade 1 (heas korras, m\u00f5\u00f5dukate kulumisj\u00e4lgedega, ilma m\u00e4rkimisv\u00e4\u00e4rsete vigastusteta)\" \/>\n<meta property=\"og:url\" content=\"https:\/\/www.outdoors.ee\/et\/toode\/briti-armee-magnum-uniform-service-trainers-spordijalatsid\/\" \/>\n<meta property=\"og:site_name\" content=\"Outdoors\" \/>\n<meta property=\"article:modified_time\" content=\"2026-01-22T07:41:02+00:00\" \/>\n<meta property=\"og:image\" content=\"https:\/\/www.outdoors.ee\/wp-content\/uploads\/2021\/12\/0279-British-Army-MAGNUM-Uniform-Service-Trainers.png\" \/>\n\t<meta property=\"og:image:width\" content=\"627\" \/>\n\t<meta property=\"og:image:height\" content=\"412\" \/>\n\t<meta property=\"og:image:type\" content=\"image\/png\" \/>\n<meta name=\"twitter:card\" content=\"summary_large_image\" \/>\n<meta name=\"twitter:title\" content=\"Briti Armee MAGNUM Uniform Service Trainers spordijalatsid\" \/>\n<script type=\"application\/ld+json\" class=\"yoast-schema-graph\">{\"@context\":\"https:\/\/schema.org\",\"@graph\":[{\"@type\":\"WebPage\",\"@id\":\"https:\/\/www.outdoors.ee\/et\/toode\/briti-armee-magnum-uniform-service-trainers-spordijalatsid\/\",\"url\":\"https:\/\/www.outdoors.ee\/et\/toode\/briti-armee-magnum-uniform-service-trainers-spordijalatsid\/\",\"name\":\"Briti Armee MAGNUM Uniform Service Trainers spordijalatsid - outdoors.ee\",\"isPartOf\":{\"@id\":\"https:\/\/www.outdoors.ee\/#website\"},\"primaryImageOfPage\":{\"@id\":\"https:\/\/www.outdoors.ee\/et\/toode\/briti-armee-magnum-uniform-service-trainers-spordijalatsid\/#primaryimage\"},\"image\":{\"@id\":\"https:\/\/www.outdoors.ee\/et\/toode\/briti-armee-magnum-uniform-service-trainers-spordijalatsid\/#primaryimage\"},\"thumbnailUrl\":\"https:\/\/www.outdoors.ee\/wp-content\/uploads\/2021\/12\/0279-British-Army-MAGNUM-Uniform-Service-Trainers.png\",\"datePublished\":\"2021-12-09T00:00:00+00:00\",\"dateModified\":\"2026-01-22T07:41:02+00:00\",\"description\":\"Briti Kaitseministeeriumi tellimusel MAGNUM\u00b4i poolt v\u00e4lja t\u00f6\u00f6tatud ning toodetud spordijalatsite mudel. Omadused: s\u00fcnteetilisest materjalist pealne hingav, antibakteriaalsete omadustega sisevooder EVA vahetald ja eemaldatav sisetald heade p\u00f5rutust neelavate omadustega vastupidav Vibram\u00ae v\u00e4listald pehmendatud kaelus ja keel \u00a0Seisukord: uued (v\u00f5ivad sisaldada hulgiladustamise j\u00e4lgi) uuev\u00e4\u00e4rsed (sisaldavad minimaalseid kulumisj\u00e4lgi) kasutatud, Grade 1 (heas korras, m\u00f5\u00f5dukate kulumisj\u00e4lgedega, ilma m\u00e4rkimisv\u00e4\u00e4rsete vigastusteta)\",\"breadcrumb\":{\"@id\":\"https:\/\/www.outdoors.ee\/et\/toode\/briti-armee-magnum-uniform-service-trainers-spordijalatsid\/#breadcrumb\"},\"inLanguage\":\"et\",\"potentialAction\":[{\"@type\":\"ReadAction\",\"target\":[\"https:\/\/www.outdoors.ee\/et\/toode\/briti-armee-magnum-uniform-service-trainers-spordijalatsid\/\"]}]},{\"@type\":\"ImageObject\",\"inLanguage\":\"et\",\"@id\":\"https:\/\/www.outdoors.ee\/et\/toode\/briti-armee-magnum-uniform-service-trainers-spordijalatsid\/#primaryimage\",\"url\":\"https:\/\/www.outdoors.ee\/wp-content\/uploads\/2021\/12\/0279-British-Army-MAGNUM-Uniform-Service-Trainers.png\",\"contentUrl\":\"https:\/\/www.outdoors.ee\/wp-content\/uploads\/2021\/12\/0279-British-Army-MAGNUM-Uniform-Service-Trainers.png\",\"width\":627,\"height\":412},{\"@type\":\"BreadcrumbList\",\"@id\":\"https:\/\/www.outdoors.ee\/et\/toode\/briti-armee-magnum-uniform-service-trainers-spordijalatsid\/#breadcrumb\",\"itemListElement\":[{\"@type\":\"ListItem\",\"position\":1,\"name\":\"Home\",\"item\":\"https:\/\/www.outdoors.ee\/et\/\"},{\"@type\":\"ListItem\",\"position\":2,\"name\":\"Tooted\",\"item\":\"https:\/\/www.outdoors.ee\/products\/\"},{\"@type\":\"ListItem\",\"position\":3,\"name\":\"Briti Armee spordijalatsid Magnum\u00ae Uniform Service Trainers\"}]},{\"@type\":\"WebSite\",\"@id\":\"https:\/\/www.outdoors.ee\/#website\",\"url\":\"https:\/\/www.outdoors.ee\/\",\"name\":\"Outdoors\",\"description\":\"Genuine military surplus and not only!\",\"potentialAction\":[{\"@type\":\"SearchAction\",\"target\":{\"@type\":\"EntryPoint\",\"urlTemplate\":\"https:\/\/www.outdoors.ee\/?s={search_term_string}\"},\"query-input\":{\"@type\":\"PropertyValueSpecification\",\"valueRequired\":true,\"valueName\":\"search_term_string\"}}],\"inLanguage\":\"et\"}]}<\/script>\n<!-- \/ Yoast SEO plugin. -->","yoast_head_json":{"title":"Briti Armee MAGNUM Uniform Service Trainers spordijalatsid - outdoors.ee","description":"Briti Kaitseministeeriumi tellimusel MAGNUM\u00b4i poolt v\u00e4lja t\u00f6\u00f6tatud ning toodetud spordijalatsite mudel. Omadused: s\u00fcnteetilisest materjalist pealne hingav, antibakteriaalsete omadustega sisevooder EVA vahetald ja eemaldatav sisetald heade p\u00f5rutust neelavate omadustega vastupidav Vibram\u00ae v\u00e4listald pehmendatud kaelus ja keel \u00a0Seisukord: uued (v\u00f5ivad sisaldada hulgiladustamise j\u00e4lgi) uuev\u00e4\u00e4rsed (sisaldavad minimaalseid kulumisj\u00e4lgi) kasutatud, Grade 1 (heas korras, m\u00f5\u00f5dukate kulumisj\u00e4lgedega, ilma m\u00e4rkimisv\u00e4\u00e4rsete vigastusteta)","robots":{"index":"index","follow":"follow","max-snippet":"max-snippet:-1","max-image-preview":"max-image-preview:large","max-video-preview":"max-video-preview:-1"},"canonical":"https:\/\/www.outdoors.ee\/et\/toode\/briti-armee-magnum-uniform-service-trainers-spordijalatsid\/","og_locale":"et_EE","og_type":"article","og_title":"Briti Armee MAGNUM Uniform Service Trainers spordijalatsid","og_description":"Briti Kaitseministeeriumi tellimusel MAGNUM\u00b4i poolt v\u00e4lja t\u00f6\u00f6tatud ning toodetud spordijalatsite mudel. Omadused: s\u00fcnteetilisest materjalist pealne hingav, antibakteriaalsete omadustega sisevooder EVA vahetald ja eemaldatav sisetald heade p\u00f5rutust neelavate omadustega vastupidav Vibram\u00ae v\u00e4listald pehmendatud kaelus ja keel \u00a0Seisukord: uued (v\u00f5ivad sisaldada hulgiladustamise j\u00e4lgi) uuev\u00e4\u00e4rsed (sisaldavad minimaalseid kulumisj\u00e4lgi) kasutatud, Grade 1 (heas korras, m\u00f5\u00f5dukate kulumisj\u00e4lgedega, ilma m\u00e4rkimisv\u00e4\u00e4rsete vigastusteta)","og_url":"https:\/\/www.outdoors.ee\/et\/toode\/briti-armee-magnum-uniform-service-trainers-spordijalatsid\/","og_site_name":"Outdoors","article_modified_time":"2026-01-22T07:41:02+00:00","og_image":[{"width":627,"height":412,"url":"https:\/\/www.outdoors.ee\/wp-content\/uploads\/2021\/12\/0279-British-Army-MAGNUM-Uniform-Service-Trainers.png","type":"image\/png"}],"twitter_card":"summary_large_image","twitter_title":"Briti Armee MAGNUM Uniform Service Trainers spordijalatsid","schema":{"@context":"https:\/\/schema.org","@graph":[{"@type":"WebPage","@id":"https:\/\/www.outdoors.ee\/et\/toode\/briti-armee-magnum-uniform-service-trainers-spordijalatsid\/","url":"https:\/\/www.outdoors.ee\/et\/toode\/briti-armee-magnum-uniform-service-trainers-spordijalatsid\/","name":"Briti Armee MAGNUM Uniform Service Trainers spordijalatsid - outdoors.ee","isPartOf":{"@id":"https:\/\/www.outdoors.ee\/#website"},"primaryImageOfPage":{"@id":"https:\/\/www.outdoors.ee\/et\/toode\/briti-armee-magnum-uniform-service-trainers-spordijalatsid\/#primaryimage"},"image":{"@id":"https:\/\/www.outdoors.ee\/et\/toode\/briti-armee-magnum-uniform-service-trainers-spordijalatsid\/#primaryimage"},"thumbnailUrl":"https:\/\/www.outdoors.ee\/wp-content\/uploads\/2021\/12\/0279-British-Army-MAGNUM-Uniform-Service-Trainers.png","datePublished":"2021-12-09T00:00:00+00:00","dateModified":"2026-01-22T07:41:02+00:00","description":"Briti Kaitseministeeriumi tellimusel MAGNUM\u00b4i poolt v\u00e4lja t\u00f6\u00f6tatud ning toodetud spordijalatsite mudel. Omadused: s\u00fcnteetilisest materjalist pealne hingav, antibakteriaalsete omadustega sisevooder EVA vahetald ja eemaldatav sisetald heade p\u00f5rutust neelavate omadustega vastupidav Vibram\u00ae v\u00e4listald pehmendatud kaelus ja keel \u00a0Seisukord: uued (v\u00f5ivad sisaldada hulgiladustamise j\u00e4lgi) uuev\u00e4\u00e4rsed (sisaldavad minimaalseid kulumisj\u00e4lgi) kasutatud, Grade 1 (heas korras, m\u00f5\u00f5dukate kulumisj\u00e4lgedega, ilma m\u00e4rkimisv\u00e4\u00e4rsete vigastusteta)","breadcrumb":{"@id":"https:\/\/www.outdoors.ee\/et\/toode\/briti-armee-magnum-uniform-service-trainers-spordijalatsid\/#breadcrumb"},"inLanguage":"et","potentialAction":[{"@type":"ReadAction","target":["https:\/\/www.outdoors.ee\/et\/toode\/briti-armee-magnum-uniform-service-trainers-spordijalatsid\/"]}]},{"@type":"ImageObject","inLanguage":"et","@id":"https:\/\/www.outdoors.ee\/et\/toode\/briti-armee-magnum-uniform-service-trainers-spordijalatsid\/#primaryimage","url":"https:\/\/www.outdoors.ee\/wp-content\/uploads\/2021\/12\/0279-British-Army-MAGNUM-Uniform-Service-Trainers.png","contentUrl":"https:\/\/www.outdoors.ee\/wp-content\/uploads\/2021\/12\/0279-British-Army-MAGNUM-Uniform-Service-Trainers.png","width":627,"height":412},{"@type":"BreadcrumbList","@id":"https:\/\/www.outdoors.ee\/et\/toode\/briti-armee-magnum-uniform-service-trainers-spordijalatsid\/#breadcrumb","itemListElement":[{"@type":"ListItem","position":1,"name":"Home","item":"https:\/\/www.outdoors.ee\/et\/"},{"@type":"ListItem","position":2,"name":"Tooted","item":"https:\/\/www.outdoors.ee\/products\/"},{"@type":"ListItem","position":3,"name":"Briti Armee spordijalatsid Magnum\u00ae Uniform Service Trainers"}]},{"@type":"WebSite","@id":"https:\/\/www.outdoors.ee\/#website","url":"https:\/\/www.outdoors.ee\/","name":"Outdoors","description":"Genuine military surplus and not only!","potentialAction":[{"@type":"SearchAction","target":{"@type":"EntryPoint","urlTemplate":"https:\/\/www.outdoors.ee\/?s={search_term_string}"},"query-input":{"@type":"PropertyValueSpecification","valueRequired":true,"valueName":"search_term_string"}}],"inLanguage":"et"}]}},"_links":{"self":[{"href":"https:\/\/www.outdoors.ee\/et\/wp-json\/wp\/v2\/product\/58851","targetHints":{"allow":["GET"]}}],"collection":[{"href":"https:\/\/www.outdoors.ee\/et\/wp-json\/wp\/v2\/product"}],"about":[{"href":"https:\/\/www.outdoors.ee\/et\/wp-json\/wp\/v2\/types\/product"}],"wp:featuredmedia":[{"embeddable":true,"href":"https:\/\/www.outdoors.ee\/et\/wp-json\/wp\/v2\/media\/64242"}],"wp:attachment":[{"href":"https:\/\/www.outdoors.ee\/et\/wp-json\/wp\/v2\/media?parent=58851"}],"wp:term":[{"taxonomy":"product_brand","embeddable":true,"href":"https:\/\/www.outdoors.ee\/et\/wp-json\/wp\/v2\/product_brand?post=58851"},{"taxonomy":"product_cat","embeddable":true,"href":"https:\/\/www.outdoors.ee\/et\/wp-json\/wp\/v2\/product_cat?post=58851"},{"taxonomy":"product_tag","embeddable":true,"href":"https:\/\/www.outdoors.ee\/et\/wp-json\/wp\/v2\/product_tag?post=58851"}],"curies":[{"name":"wp","href":"https:\/\/api.w.org\/{rel}","templated":true}]}}