{"id":58806,"date":"2021-12-09T00:00:00","date_gmt":"2021-12-08T22:00:00","guid":{"rendered":"https:\/\/www.outdoors.ee\/product\/briti-armee-vihmajope-mvp-woodland\/"},"modified":"2026-02-17T14:31:40","modified_gmt":"2026-02-17T12:31:40","slug":"briti-armee-vihmajope-mvp-woodland","status":"publish","type":"product","link":"https:\/\/www.outdoors.ee\/et\/toode\/briti-armee-vihmajope-mvp-woodland\/","title":{"rendered":"Briti Armee vihmajope MVP Woodland"},"content":{"rendered":"<p style=\"text-align: justify;\">Briti s\u00f5jav\u00e4e vihmajope klassikalises metsalaigus, mis on toodetud Gore-Texi ekvivalentsest Briti s\u00f5jav\u00e4e MVPst (Moisture Vapour Permeable) vetth\u00fclgavast ja hingavast materjalist.<\/p>\n<p style=\"text-align: justify;\"><strong>Omadused<\/strong>:<\/p>\n<ul>\n<li>toodetud Ripstop pol\u00fcestrist veekindla ning hingava membraaniga<\/li>\n<li>pikk kehaosa ja\u00a0lai l\u00f5ige<\/li>\n<li>pingutusn\u00f6\u00f6riga, kraesse kokkupandav kapuuts<\/li>\n<li>t\u00e4ispikkuses t\u00f5mbluku ning takjapaela klapiga eest suletav<\/li>\n<li>alumise \u00e4\u00e4re pingutusn\u00f6\u00f6r<\/li>\n<li>takjapeala abil reguleeritavad mansetid<\/li>\n<li>2 suurt t\u00f5mbluku ning takjapaela klapiga suletavat taskut ees<\/li>\n<\/ul>\n<p><b>Suurus\u00a0<\/b>(pikkus\/R\u00dc, cm): S &#8211; 170\/88, M &#8211; 180\/96, L &#8211; 180\/104, XL &#8211; 180\/112<\/p>\n<p>S<strong>eisukord<\/strong>:<\/p>\n<ul>\n<li>uus (v\u00f5ib sisaldada hulgiladustamise j\u00e4lgi)<\/li>\n<li>uuev\u00e4\u00e4rne (sisaldab minimaalseid kulumisj\u00e4lgi)<\/li>\n<\/ul>\n","protected":false},"excerpt":{"rendered":"<p>Briti Armee vihmajope MVP, Woodland<\/p>\n","protected":false},"featured_media":9383,"template":"","meta":[],"product_brand":[],"product_cat":[101],"product_tag":[3143],"class_list":{"0":"post-58806","1":"product","2":"type-product","3":"status-publish","4":"has-post-thumbnail","6":"product_cat-joped-parkad","7":"product_tag-vihmariided","8":"pa_brand-british-military-surplus","9":"pa_condition-uuevaarne","10":"pa_condition-uus","11":"pa_size-l-2","12":"pa_size-m-2","13":"pa_size-s-2","14":"pa_size-xl-2","15":"pa_size-xxl-2","17":"first","18":"instock","19":"taxable","20":"shipping-taxable","21":"purchasable","22":"product-type-variable"},"yoast_head":"<!-- This site is optimized with the Yoast SEO plugin v27.2 - https:\/\/yoast.com\/product\/yoast-seo-wordpress\/ -->\n<title>Briti Armee vihmajope MVP Woodland - outdoors.ee<\/title>\n<meta name=\"description\" content=\"Originaalne kaasaaegne Briti s\u00f5jav\u00e4e vihmajope klassikalises metsalaigus, mis on toodetud Gore-Texi ekvivalentsest Briti s\u00f5jav\u00e4e MVPst (Moisture Vapour Permeable) vetth\u00fclgavast ja hingavast materjalist.\u00a0 Omadused: pikk kehaosa ja\u00a0lai l\u00f5ige pingutusn\u00f6\u00f6riga, kraesse kokkupandav kapuuts t\u00e4ispikkuses t\u00f5mbluku ning takjaklapiga eest suletav alumise \u00e4\u00e4re pingutusn\u00f6\u00f6r takjapeala abil reguleeritavad mansetid 2 suurt t\u00f5mbluku ning takjaklapiga suletavat taskut ees Suurus\u00a0(pikkus\/R\u00dc, cm): S - 170\/88, M - 180\/96, L - 180\/104, XL - 180\/112\u00a0 Seisukord:\u00a0 uus (v\u00f5ib sisaldada hulgiladustamise j\u00e4lgi) uuev\u00e4\u00e4rne (v\u00f5ib sisaldada vaid minimaalseid kulumisj\u00e4lgi)\" \/>\n<meta name=\"robots\" content=\"index, follow, max-snippet:-1, max-image-preview:large, max-video-preview:-1\" \/>\n<link rel=\"canonical\" href=\"https:\/\/www.outdoors.ee\/et\/toode\/briti-armee-vihmajope-mvp-woodland\/\" \/>\n<meta property=\"og:locale\" content=\"et_EE\" \/>\n<meta property=\"og:type\" content=\"article\" \/>\n<meta property=\"og:title\" content=\"Briti Armee vihmajope MVP Woodland\" \/>\n<meta property=\"og:description\" content=\"Originaalne kaasaaegne Briti s\u00f5jav\u00e4e vihmajope klassikalises metsalaigus, mis on toodetud Gore-Texi ekvivalentsest Briti s\u00f5jav\u00e4e MVPst (Moisture Vapour Permeable) vetth\u00fclgavast ja hingavast materjalist.\u00a0 Omadused: pikk kehaosa ja\u00a0lai l\u00f5ige pingutusn\u00f6\u00f6riga, kraesse kokkupandav kapuuts t\u00e4ispikkuses t\u00f5mbluku ning takjaklapiga eest suletav alumise \u00e4\u00e4re pingutusn\u00f6\u00f6r takjapeala abil reguleeritavad mansetid 2 suurt t\u00f5mbluku ning takjaklapiga suletavat taskut ees Suurus\u00a0(pikkus\/R\u00dc, cm): S - 170\/88, M - 180\/96, L - 180\/104, XL - 180\/112\u00a0 Seisukord:\u00a0 uus (v\u00f5ib sisaldada hulgiladustamise j\u00e4lgi) uuev\u00e4\u00e4rne (v\u00f5ib sisaldada vaid minimaalseid kulumisj\u00e4lgi)\" \/>\n<meta property=\"og:url\" content=\"https:\/\/www.outdoors.ee\/et\/toode\/briti-armee-vihmajope-mvp-woodland\/\" \/>\n<meta property=\"og:site_name\" content=\"Outdoors\" \/>\n<meta property=\"article:modified_time\" content=\"2026-02-17T12:31:40+00:00\" \/>\n<meta property=\"og:image\" content=\"https:\/\/www.outdoors.ee\/wp-content\/uploads\/2021\/08\/0276-British-Army-Waterproof-jacket-MVP-Woodland.jpg\" \/>\n\t<meta property=\"og:image:width\" content=\"468\" \/>\n\t<meta property=\"og:image:height\" content=\"596\" \/>\n\t<meta property=\"og:image:type\" content=\"image\/jpeg\" \/>\n<meta name=\"twitter:card\" content=\"summary_large_image\" \/>\n<meta name=\"twitter:title\" content=\"Briti Armee vihmajope MVP Woodland\" \/>\n<meta name=\"twitter:label1\" content=\"Est. reading time\" \/>\n\t<meta name=\"twitter:data1\" content=\"1 minut\" \/>\n<script type=\"application\/ld+json\" class=\"yoast-schema-graph\">{\"@context\":\"https:\/\/schema.org\",\"@graph\":[{\"@type\":\"WebPage\",\"@id\":\"https:\/\/www.outdoors.ee\/et\/toode\/briti-armee-vihmajope-mvp-woodland\/\",\"url\":\"https:\/\/www.outdoors.ee\/et\/toode\/briti-armee-vihmajope-mvp-woodland\/\",\"name\":\"Briti Armee vihmajope MVP Woodland - outdoors.ee\",\"isPartOf\":{\"@id\":\"https:\/\/www.outdoors.ee\/#website\"},\"primaryImageOfPage\":{\"@id\":\"https:\/\/www.outdoors.ee\/et\/toode\/briti-armee-vihmajope-mvp-woodland\/#primaryimage\"},\"image\":{\"@id\":\"https:\/\/www.outdoors.ee\/et\/toode\/briti-armee-vihmajope-mvp-woodland\/#primaryimage\"},\"thumbnailUrl\":\"https:\/\/www.outdoors.ee\/wp-content\/uploads\/2021\/08\/0276-British-Army-Waterproof-jacket-MVP-Woodland.jpg\",\"datePublished\":\"2021-12-08T22:00:00+00:00\",\"dateModified\":\"2026-02-17T12:31:40+00:00\",\"description\":\"Originaalne kaasaaegne Briti s\u00f5jav\u00e4e vihmajope klassikalises metsalaigus, mis on toodetud Gore-Texi ekvivalentsest Briti s\u00f5jav\u00e4e MVPst (Moisture Vapour Permeable) vetth\u00fclgavast ja hingavast materjalist.\u00a0 Omadused: pikk kehaosa ja\u00a0lai l\u00f5ige pingutusn\u00f6\u00f6riga, kraesse kokkupandav kapuuts t\u00e4ispikkuses t\u00f5mbluku ning takjaklapiga eest suletav alumise \u00e4\u00e4re pingutusn\u00f6\u00f6r takjapeala abil reguleeritavad mansetid 2 suurt t\u00f5mbluku ning takjaklapiga suletavat taskut ees Suurus\u00a0(pikkus\/R\u00dc, cm): S - 170\/88, M - 180\/96, L - 180\/104, XL - 180\/112\u00a0 Seisukord:\u00a0 uus (v\u00f5ib sisaldada hulgiladustamise j\u00e4lgi) uuev\u00e4\u00e4rne (v\u00f5ib sisaldada vaid minimaalseid kulumisj\u00e4lgi)\",\"breadcrumb\":{\"@id\":\"https:\/\/www.outdoors.ee\/et\/toode\/briti-armee-vihmajope-mvp-woodland\/#breadcrumb\"},\"inLanguage\":\"et\",\"potentialAction\":[{\"@type\":\"ReadAction\",\"target\":[\"https:\/\/www.outdoors.ee\/et\/toode\/briti-armee-vihmajope-mvp-woodland\/\"]}]},{\"@type\":\"ImageObject\",\"inLanguage\":\"et\",\"@id\":\"https:\/\/www.outdoors.ee\/et\/toode\/briti-armee-vihmajope-mvp-woodland\/#primaryimage\",\"url\":\"https:\/\/www.outdoors.ee\/wp-content\/uploads\/2021\/08\/0276-British-Army-Waterproof-jacket-MVP-Woodland.jpg\",\"contentUrl\":\"https:\/\/www.outdoors.ee\/wp-content\/uploads\/2021\/08\/0276-British-Army-Waterproof-jacket-MVP-Woodland.jpg\",\"width\":468,\"height\":596},{\"@type\":\"BreadcrumbList\",\"@id\":\"https:\/\/www.outdoors.ee\/et\/toode\/briti-armee-vihmajope-mvp-woodland\/#breadcrumb\",\"itemListElement\":[{\"@type\":\"ListItem\",\"position\":1,\"name\":\"Home\",\"item\":\"https:\/\/www.outdoors.ee\/et\/\"},{\"@type\":\"ListItem\",\"position\":2,\"name\":\"Tooted\",\"item\":\"https:\/\/www.outdoors.ee\/products\/\"},{\"@type\":\"ListItem\",\"position\":3,\"name\":\"Briti Armee vihmajope MVP Woodland\"}]},{\"@type\":\"WebSite\",\"@id\":\"https:\/\/www.outdoors.ee\/#website\",\"url\":\"https:\/\/www.outdoors.ee\/\",\"name\":\"Outdoors\",\"description\":\"Genuine military surplus and not only!\",\"potentialAction\":[{\"@type\":\"SearchAction\",\"target\":{\"@type\":\"EntryPoint\",\"urlTemplate\":\"https:\/\/www.outdoors.ee\/?s={search_term_string}\"},\"query-input\":{\"@type\":\"PropertyValueSpecification\",\"valueRequired\":true,\"valueName\":\"search_term_string\"}}],\"inLanguage\":\"et\"}]}<\/script>\n<!-- \/ Yoast SEO plugin. -->","yoast_head_json":{"title":"Briti Armee vihmajope MVP Woodland - outdoors.ee","description":"Originaalne kaasaaegne Briti s\u00f5jav\u00e4e vihmajope klassikalises metsalaigus, mis on toodetud Gore-Texi ekvivalentsest Briti s\u00f5jav\u00e4e MVPst (Moisture Vapour Permeable) vetth\u00fclgavast ja hingavast materjalist.\u00a0 Omadused: pikk kehaosa ja\u00a0lai l\u00f5ige pingutusn\u00f6\u00f6riga, kraesse kokkupandav kapuuts t\u00e4ispikkuses t\u00f5mbluku ning takjaklapiga eest suletav alumise \u00e4\u00e4re pingutusn\u00f6\u00f6r takjapeala abil reguleeritavad mansetid 2 suurt t\u00f5mbluku ning takjaklapiga suletavat taskut ees Suurus\u00a0(pikkus\/R\u00dc, cm): S - 170\/88, M - 180\/96, L - 180\/104, XL - 180\/112\u00a0 Seisukord:\u00a0 uus (v\u00f5ib sisaldada hulgiladustamise j\u00e4lgi) uuev\u00e4\u00e4rne (v\u00f5ib sisaldada vaid minimaalseid kulumisj\u00e4lgi)","robots":{"index":"index","follow":"follow","max-snippet":"max-snippet:-1","max-image-preview":"max-image-preview:large","max-video-preview":"max-video-preview:-1"},"canonical":"https:\/\/www.outdoors.ee\/et\/toode\/briti-armee-vihmajope-mvp-woodland\/","og_locale":"et_EE","og_type":"article","og_title":"Briti Armee vihmajope MVP Woodland","og_description":"Originaalne kaasaaegne Briti s\u00f5jav\u00e4e vihmajope klassikalises metsalaigus, mis on toodetud Gore-Texi ekvivalentsest Briti s\u00f5jav\u00e4e MVPst (Moisture Vapour Permeable) vetth\u00fclgavast ja hingavast materjalist.\u00a0 Omadused: pikk kehaosa ja\u00a0lai l\u00f5ige pingutusn\u00f6\u00f6riga, kraesse kokkupandav kapuuts t\u00e4ispikkuses t\u00f5mbluku ning takjaklapiga eest suletav alumise \u00e4\u00e4re pingutusn\u00f6\u00f6r takjapeala abil reguleeritavad mansetid 2 suurt t\u00f5mbluku ning takjaklapiga suletavat taskut ees Suurus\u00a0(pikkus\/R\u00dc, cm): S - 170\/88, M - 180\/96, L - 180\/104, XL - 180\/112\u00a0 Seisukord:\u00a0 uus (v\u00f5ib sisaldada hulgiladustamise j\u00e4lgi) uuev\u00e4\u00e4rne (v\u00f5ib sisaldada vaid minimaalseid kulumisj\u00e4lgi)","og_url":"https:\/\/www.outdoors.ee\/et\/toode\/briti-armee-vihmajope-mvp-woodland\/","og_site_name":"Outdoors","article_modified_time":"2026-02-17T12:31:40+00:00","og_image":[{"width":468,"height":596,"url":"https:\/\/www.outdoors.ee\/wp-content\/uploads\/2021\/08\/0276-British-Army-Waterproof-jacket-MVP-Woodland.jpg","type":"image\/jpeg"}],"twitter_card":"summary_large_image","twitter_title":"Briti Armee vihmajope MVP Woodland","twitter_misc":{"Est. reading time":"1 minut"},"schema":{"@context":"https:\/\/schema.org","@graph":[{"@type":"WebPage","@id":"https:\/\/www.outdoors.ee\/et\/toode\/briti-armee-vihmajope-mvp-woodland\/","url":"https:\/\/www.outdoors.ee\/et\/toode\/briti-armee-vihmajope-mvp-woodland\/","name":"Briti Armee vihmajope MVP Woodland - outdoors.ee","isPartOf":{"@id":"https:\/\/www.outdoors.ee\/#website"},"primaryImageOfPage":{"@id":"https:\/\/www.outdoors.ee\/et\/toode\/briti-armee-vihmajope-mvp-woodland\/#primaryimage"},"image":{"@id":"https:\/\/www.outdoors.ee\/et\/toode\/briti-armee-vihmajope-mvp-woodland\/#primaryimage"},"thumbnailUrl":"https:\/\/www.outdoors.ee\/wp-content\/uploads\/2021\/08\/0276-British-Army-Waterproof-jacket-MVP-Woodland.jpg","datePublished":"2021-12-08T22:00:00+00:00","dateModified":"2026-02-17T12:31:40+00:00","description":"Originaalne kaasaaegne Briti s\u00f5jav\u00e4e vihmajope klassikalises metsalaigus, mis on toodetud Gore-Texi ekvivalentsest Briti s\u00f5jav\u00e4e MVPst (Moisture Vapour Permeable) vetth\u00fclgavast ja hingavast materjalist.\u00a0 Omadused: pikk kehaosa ja\u00a0lai l\u00f5ige pingutusn\u00f6\u00f6riga, kraesse kokkupandav kapuuts t\u00e4ispikkuses t\u00f5mbluku ning takjaklapiga eest suletav alumise \u00e4\u00e4re pingutusn\u00f6\u00f6r takjapeala abil reguleeritavad mansetid 2 suurt t\u00f5mbluku ning takjaklapiga suletavat taskut ees Suurus\u00a0(pikkus\/R\u00dc, cm): S - 170\/88, M - 180\/96, L - 180\/104, XL - 180\/112\u00a0 Seisukord:\u00a0 uus (v\u00f5ib sisaldada hulgiladustamise j\u00e4lgi) uuev\u00e4\u00e4rne (v\u00f5ib sisaldada vaid minimaalseid kulumisj\u00e4lgi)","breadcrumb":{"@id":"https:\/\/www.outdoors.ee\/et\/toode\/briti-armee-vihmajope-mvp-woodland\/#breadcrumb"},"inLanguage":"et","potentialAction":[{"@type":"ReadAction","target":["https:\/\/www.outdoors.ee\/et\/toode\/briti-armee-vihmajope-mvp-woodland\/"]}]},{"@type":"ImageObject","inLanguage":"et","@id":"https:\/\/www.outdoors.ee\/et\/toode\/briti-armee-vihmajope-mvp-woodland\/#primaryimage","url":"https:\/\/www.outdoors.ee\/wp-content\/uploads\/2021\/08\/0276-British-Army-Waterproof-jacket-MVP-Woodland.jpg","contentUrl":"https:\/\/www.outdoors.ee\/wp-content\/uploads\/2021\/08\/0276-British-Army-Waterproof-jacket-MVP-Woodland.jpg","width":468,"height":596},{"@type":"BreadcrumbList","@id":"https:\/\/www.outdoors.ee\/et\/toode\/briti-armee-vihmajope-mvp-woodland\/#breadcrumb","itemListElement":[{"@type":"ListItem","position":1,"name":"Home","item":"https:\/\/www.outdoors.ee\/et\/"},{"@type":"ListItem","position":2,"name":"Tooted","item":"https:\/\/www.outdoors.ee\/products\/"},{"@type":"ListItem","position":3,"name":"Briti Armee vihmajope MVP Woodland"}]},{"@type":"WebSite","@id":"https:\/\/www.outdoors.ee\/#website","url":"https:\/\/www.outdoors.ee\/","name":"Outdoors","description":"Genuine military surplus and not only!","potentialAction":[{"@type":"SearchAction","target":{"@type":"EntryPoint","urlTemplate":"https:\/\/www.outdoors.ee\/?s={search_term_string}"},"query-input":{"@type":"PropertyValueSpecification","valueRequired":true,"valueName":"search_term_string"}}],"inLanguage":"et"}]}},"_links":{"self":[{"href":"https:\/\/www.outdoors.ee\/et\/wp-json\/wp\/v2\/product\/58806","targetHints":{"allow":["GET"]}}],"collection":[{"href":"https:\/\/www.outdoors.ee\/et\/wp-json\/wp\/v2\/product"}],"about":[{"href":"https:\/\/www.outdoors.ee\/et\/wp-json\/wp\/v2\/types\/product"}],"wp:featuredmedia":[{"embeddable":true,"href":"https:\/\/www.outdoors.ee\/et\/wp-json\/wp\/v2\/media\/9383"}],"wp:attachment":[{"href":"https:\/\/www.outdoors.ee\/et\/wp-json\/wp\/v2\/media?parent=58806"}],"wp:term":[{"taxonomy":"product_brand","embeddable":true,"href":"https:\/\/www.outdoors.ee\/et\/wp-json\/wp\/v2\/product_brand?post=58806"},{"taxonomy":"product_cat","embeddable":true,"href":"https:\/\/www.outdoors.ee\/et\/wp-json\/wp\/v2\/product_cat?post=58806"},{"taxonomy":"product_tag","embeddable":true,"href":"https:\/\/www.outdoors.ee\/et\/wp-json\/wp\/v2\/product_tag?post=58806"}],"curies":[{"name":"wp","href":"https:\/\/api.w.org\/{rel}","templated":true}]}}