{"id":58801,"date":"2021-12-09T00:00:00","date_gmt":"2021-12-09T00:00:00","guid":{"rendered":"https:\/\/www.outdoors.ee\/product\/briti-armee-magamiskoti-umbris-mvp-dpm-woodland\/"},"modified":"2025-09-29T09:10:09","modified_gmt":"2025-09-29T06:10:09","slug":"briti-armee-magamiskoti-umbris-mvp-dpm-woodland","status":"publish","type":"product","link":"https:\/\/www.outdoors.ee\/et\/toode\/briti-armee-magamiskoti-umbris-mvp-dpm-woodland\/","title":{"rendered":"Briti Armee magamiskoti \u00fcmbris MVP DPM Woodland"},"content":{"rendered":"<p style=\"text-align: justify;\">Briti s\u00f5jav\u00e4e magamiskoti \u00fcmbris metslaigus, niiskuskindlast ja hingavast MVP (Moisture Vapour Permeable) materjalist (Gore-Tex\u00b4i ekvivalent). Kasutatakse v\u00e4litingimustes ilma tendi v\u00f5i varjualuseta magamiseks.<\/p>\n<p><strong>Omadused:<\/strong><\/p>\n<ul>\n<li>laiendatud \u00fclemine osa<\/li>\n<li>pingutusn\u00f6\u00f6riga kapuutsi osa<\/li>\n<li>suurem\u00f5\u00f5duline, sobib kasutamiseks peaaegu iga magamiskotiga<\/li>\n<li>teibitud \u00f5mblused<\/li>\n<li>materjal:\u00a0MVP (Moisture Vapour Permeable) niiskuskindel ja hingav laminaat<\/li>\n<li>kaal ca 800g<\/li>\n<\/ul>\n<p><strong style=\"text-align: justify;\">Seisukord:<\/strong><\/p>\n<ul>\n<li><span style=\"text-align: justify;\">uus (ilma j\u00e4em\u00fc\u00fcgipakendita, v\u00f5ib sisaldada hulgiladustamise j\u00e4lgi)<\/span><\/li>\n<li><span style=\"text-align: justify;\">uuev\u00e4\u00e4rne (sisaldab kergeid kulumisj\u00e4lgi)<\/span><\/li>\n<li><span style=\"text-align: justify;\">kasutatud, Grade 1 (sisaldab m\u00f5\u00f5dukaid kulumisj\u00e4lgi, v\u00f5ib olla kergelt m\u00e4\u00e4rdunud)<\/span><\/li>\n<li>kasutatud, Grade 2 (sisaldab m\u00f5\u00f5dukaid kulumisj\u00e4lgi, esineb v\u00e4iksemaid parandatavaid vigastusi, v\u00f5ib olla m\u00e4\u00e4rdunud)<\/li>\n<\/ul>\n","protected":false},"excerpt":{"rendered":"<p>Briti Armee magamiskoti &uuml;mbris, DPM Woodland<\/p>\n","protected":false},"featured_media":8936,"template":"","meta":[],"product_brand":[],"product_cat":[150],"product_tag":[],"class_list":{"0":"post-58801","1":"product","2":"type-product","3":"status-publish","4":"has-post-thumbnail","6":"product_cat-magamisvarustus","7":"pa_brand-british-military-surplus","8":"pa_condition-kasutatud-grade-1","9":"pa_condition-kasutatud-grade-2","10":"pa_condition-uuevaarne","11":"pa_condition-uus","13":"first","14":"instock","15":"taxable","16":"shipping-taxable","17":"purchasable","18":"product-type-variable"},"yoast_head":"<!-- This site is optimized with the Yoast SEO plugin v27.2 - https:\/\/yoast.com\/product\/yoast-seo-wordpress\/ -->\n<title>Briti Armee magamiskoti \u00fcmbris MVP DPM Woodland - outdoors.ee<\/title>\n<meta name=\"description\" content=\"Originaalne Briti s&otilde;jav&auml;e magamiskoti&nbsp;&uuml;mbris metslaigus, niiskuskindlast ja hingavast MVP (Moisture Vapour Permeable) materjalist (Gore-Tex&acute;i ekvivalent). Kasutatakse v&auml;litingimustes ilma tendi v&otilde;i varjualuseta magamiseks. Omadused: laiendatud &uuml;lemine osa pingutusn&ouml;&ouml;riga kapuutsi osa suurem&otilde;&otilde;duline, sobib kasutamiseks peaaegu iga magamiskotiga teibitud &otilde;mblused Materjal:&nbsp;MVP (Moisture Vapour Permeable) niiskuskindel ja hingav laminaat Seisukord: uus (v&otilde;ib sisaldada hulgiladustamise j&auml;lgi) uuev&auml;&auml;rne (sisaldab minimaalseid kulumisj&auml;lgi) kasutatud, Grade 1 (sisaldab kergeid v&otilde;i m&otilde;&otilde;dukaid kulumisj&auml;lgi, v&otilde;ib olla kergelt m&auml;&auml;rdunud) kasutatud, Grade 2 (sisaldab kergeid v&otilde;i m&otilde;&otilde;dukaid kulumisj&auml;lgi, esineb v&auml;iksemaid parandatavaid vigastusi)\" \/>\n<meta name=\"robots\" content=\"index, follow, max-snippet:-1, max-image-preview:large, max-video-preview:-1\" \/>\n<link rel=\"canonical\" href=\"https:\/\/www.outdoors.ee\/et\/toode\/briti-armee-magamiskoti-umbris-mvp-dpm-woodland\/\" \/>\n<meta property=\"og:locale\" content=\"et_EE\" \/>\n<meta property=\"og:type\" content=\"article\" \/>\n<meta property=\"og:title\" content=\"Briti Armee magamiskoti \u00fcmbris MVP DPM Woodland\" \/>\n<meta property=\"og:description\" content=\"Originaalne Briti s&otilde;jav&auml;e magamiskoti&nbsp;&uuml;mbris metslaigus, niiskuskindlast ja hingavast MVP (Moisture Vapour Permeable) materjalist (Gore-Tex&acute;i ekvivalent). Kasutatakse v&auml;litingimustes ilma tendi v&otilde;i varjualuseta magamiseks. Omadused: laiendatud &uuml;lemine osa pingutusn&ouml;&ouml;riga kapuutsi osa suurem&otilde;&otilde;duline, sobib kasutamiseks peaaegu iga magamiskotiga teibitud &otilde;mblused Materjal:&nbsp;MVP (Moisture Vapour Permeable) niiskuskindel ja hingav laminaat Seisukord: uus (v&otilde;ib sisaldada hulgiladustamise j&auml;lgi) uuev&auml;&auml;rne (sisaldab minimaalseid kulumisj&auml;lgi) kasutatud, Grade 1 (sisaldab kergeid v&otilde;i m&otilde;&otilde;dukaid kulumisj&auml;lgi, v&otilde;ib olla kergelt m&auml;&auml;rdunud) kasutatud, Grade 2 (sisaldab kergeid v&otilde;i m&otilde;&otilde;dukaid kulumisj&auml;lgi, esineb v&auml;iksemaid parandatavaid vigastusi)\" \/>\n<meta property=\"og:url\" content=\"https:\/\/www.outdoors.ee\/et\/toode\/briti-armee-magamiskoti-umbris-mvp-dpm-woodland\/\" \/>\n<meta property=\"og:site_name\" content=\"Outdoors\" \/>\n<meta property=\"article:modified_time\" content=\"2025-09-29T06:10:09+00:00\" \/>\n<meta property=\"og:image\" content=\"https:\/\/www.outdoors.ee\/wp-content\/uploads\/2021\/08\/0275-British-Bivy-Cover-DPM-Woodland.jpg\" \/>\n\t<meta property=\"og:image:width\" content=\"400\" \/>\n\t<meta property=\"og:image:height\" content=\"400\" \/>\n\t<meta property=\"og:image:type\" content=\"image\/jpeg\" \/>\n<meta name=\"twitter:card\" content=\"summary_large_image\" \/>\n<meta name=\"twitter:title\" content=\"Briti Armee magamiskoti \u00fcmbris MVP DPM Woodland\" \/>\n<meta name=\"twitter:label1\" content=\"Est. reading time\" \/>\n\t<meta name=\"twitter:data1\" content=\"1 minut\" \/>\n<script type=\"application\/ld+json\" class=\"yoast-schema-graph\">{\"@context\":\"https:\/\/schema.org\",\"@graph\":[{\"@type\":\"WebPage\",\"@id\":\"https:\/\/www.outdoors.ee\/et\/toode\/briti-armee-magamiskoti-umbris-mvp-dpm-woodland\/\",\"url\":\"https:\/\/www.outdoors.ee\/et\/toode\/briti-armee-magamiskoti-umbris-mvp-dpm-woodland\/\",\"name\":\"Briti Armee magamiskoti \u00fcmbris MVP DPM Woodland - outdoors.ee\",\"isPartOf\":{\"@id\":\"https:\/\/www.outdoors.ee\/#website\"},\"primaryImageOfPage\":{\"@id\":\"https:\/\/www.outdoors.ee\/et\/toode\/briti-armee-magamiskoti-umbris-mvp-dpm-woodland\/#primaryimage\"},\"image\":{\"@id\":\"https:\/\/www.outdoors.ee\/et\/toode\/briti-armee-magamiskoti-umbris-mvp-dpm-woodland\/#primaryimage\"},\"thumbnailUrl\":\"https:\/\/www.outdoors.ee\/wp-content\/uploads\/2021\/08\/0275-British-Bivy-Cover-DPM-Woodland.jpg\",\"datePublished\":\"2021-12-09T00:00:00+00:00\",\"dateModified\":\"2025-09-29T06:10:09+00:00\",\"description\":\"Originaalne Briti s&otilde;jav&auml;e magamiskoti&nbsp;&uuml;mbris metslaigus, niiskuskindlast ja hingavast MVP (Moisture Vapour Permeable) materjalist (Gore-Tex&acute;i ekvivalent). Kasutatakse v&auml;litingimustes ilma tendi v&otilde;i varjualuseta magamiseks. Omadused: laiendatud &uuml;lemine osa pingutusn&ouml;&ouml;riga kapuutsi osa suurem&otilde;&otilde;duline, sobib kasutamiseks peaaegu iga magamiskotiga teibitud &otilde;mblused Materjal:&nbsp;MVP (Moisture Vapour Permeable) niiskuskindel ja hingav laminaat Seisukord: uus (v&otilde;ib sisaldada hulgiladustamise j&auml;lgi) uuev&auml;&auml;rne (sisaldab minimaalseid kulumisj&auml;lgi) kasutatud, Grade 1 (sisaldab kergeid v&otilde;i m&otilde;&otilde;dukaid kulumisj&auml;lgi, v&otilde;ib olla kergelt m&auml;&auml;rdunud) kasutatud, Grade 2 (sisaldab kergeid v&otilde;i m&otilde;&otilde;dukaid kulumisj&auml;lgi, esineb v&auml;iksemaid parandatavaid vigastusi)\",\"breadcrumb\":{\"@id\":\"https:\/\/www.outdoors.ee\/et\/toode\/briti-armee-magamiskoti-umbris-mvp-dpm-woodland\/#breadcrumb\"},\"inLanguage\":\"et\",\"potentialAction\":[{\"@type\":\"ReadAction\",\"target\":[\"https:\/\/www.outdoors.ee\/et\/toode\/briti-armee-magamiskoti-umbris-mvp-dpm-woodland\/\"]}]},{\"@type\":\"ImageObject\",\"inLanguage\":\"et\",\"@id\":\"https:\/\/www.outdoors.ee\/et\/toode\/briti-armee-magamiskoti-umbris-mvp-dpm-woodland\/#primaryimage\",\"url\":\"https:\/\/www.outdoors.ee\/wp-content\/uploads\/2021\/08\/0275-British-Bivy-Cover-DPM-Woodland.jpg\",\"contentUrl\":\"https:\/\/www.outdoors.ee\/wp-content\/uploads\/2021\/08\/0275-British-Bivy-Cover-DPM-Woodland.jpg\",\"width\":400,\"height\":400},{\"@type\":\"BreadcrumbList\",\"@id\":\"https:\/\/www.outdoors.ee\/et\/toode\/briti-armee-magamiskoti-umbris-mvp-dpm-woodland\/#breadcrumb\",\"itemListElement\":[{\"@type\":\"ListItem\",\"position\":1,\"name\":\"Home\",\"item\":\"https:\/\/www.outdoors.ee\/et\/\"},{\"@type\":\"ListItem\",\"position\":2,\"name\":\"Tooted\",\"item\":\"https:\/\/www.outdoors.ee\/products\/\"},{\"@type\":\"ListItem\",\"position\":3,\"name\":\"Briti Armee magamiskoti \u00fcmbris MVP DPM Woodland\"}]},{\"@type\":\"WebSite\",\"@id\":\"https:\/\/www.outdoors.ee\/#website\",\"url\":\"https:\/\/www.outdoors.ee\/\",\"name\":\"Outdoors\",\"description\":\"Genuine military surplus and not only!\",\"potentialAction\":[{\"@type\":\"SearchAction\",\"target\":{\"@type\":\"EntryPoint\",\"urlTemplate\":\"https:\/\/www.outdoors.ee\/?s={search_term_string}\"},\"query-input\":{\"@type\":\"PropertyValueSpecification\",\"valueRequired\":true,\"valueName\":\"search_term_string\"}}],\"inLanguage\":\"et\"}]}<\/script>\n<!-- \/ Yoast SEO plugin. -->","yoast_head_json":{"title":"Briti Armee magamiskoti \u00fcmbris MVP DPM Woodland - outdoors.ee","description":"Originaalne Briti s&otilde;jav&auml;e magamiskoti&nbsp;&uuml;mbris metslaigus, niiskuskindlast ja hingavast MVP (Moisture Vapour Permeable) materjalist (Gore-Tex&acute;i ekvivalent). Kasutatakse v&auml;litingimustes ilma tendi v&otilde;i varjualuseta magamiseks. Omadused: laiendatud &uuml;lemine osa pingutusn&ouml;&ouml;riga kapuutsi osa suurem&otilde;&otilde;duline, sobib kasutamiseks peaaegu iga magamiskotiga teibitud &otilde;mblused Materjal:&nbsp;MVP (Moisture Vapour Permeable) niiskuskindel ja hingav laminaat Seisukord: uus (v&otilde;ib sisaldada hulgiladustamise j&auml;lgi) uuev&auml;&auml;rne (sisaldab minimaalseid kulumisj&auml;lgi) kasutatud, Grade 1 (sisaldab kergeid v&otilde;i m&otilde;&otilde;dukaid kulumisj&auml;lgi, v&otilde;ib olla kergelt m&auml;&auml;rdunud) kasutatud, Grade 2 (sisaldab kergeid v&otilde;i m&otilde;&otilde;dukaid kulumisj&auml;lgi, esineb v&auml;iksemaid parandatavaid vigastusi)","robots":{"index":"index","follow":"follow","max-snippet":"max-snippet:-1","max-image-preview":"max-image-preview:large","max-video-preview":"max-video-preview:-1"},"canonical":"https:\/\/www.outdoors.ee\/et\/toode\/briti-armee-magamiskoti-umbris-mvp-dpm-woodland\/","og_locale":"et_EE","og_type":"article","og_title":"Briti Armee magamiskoti \u00fcmbris MVP DPM Woodland","og_description":"Originaalne Briti s&otilde;jav&auml;e magamiskoti&nbsp;&uuml;mbris metslaigus, niiskuskindlast ja hingavast MVP (Moisture Vapour Permeable) materjalist (Gore-Tex&acute;i ekvivalent). Kasutatakse v&auml;litingimustes ilma tendi v&otilde;i varjualuseta magamiseks. Omadused: laiendatud &uuml;lemine osa pingutusn&ouml;&ouml;riga kapuutsi osa suurem&otilde;&otilde;duline, sobib kasutamiseks peaaegu iga magamiskotiga teibitud &otilde;mblused Materjal:&nbsp;MVP (Moisture Vapour Permeable) niiskuskindel ja hingav laminaat Seisukord: uus (v&otilde;ib sisaldada hulgiladustamise j&auml;lgi) uuev&auml;&auml;rne (sisaldab minimaalseid kulumisj&auml;lgi) kasutatud, Grade 1 (sisaldab kergeid v&otilde;i m&otilde;&otilde;dukaid kulumisj&auml;lgi, v&otilde;ib olla kergelt m&auml;&auml;rdunud) kasutatud, Grade 2 (sisaldab kergeid v&otilde;i m&otilde;&otilde;dukaid kulumisj&auml;lgi, esineb v&auml;iksemaid parandatavaid vigastusi)","og_url":"https:\/\/www.outdoors.ee\/et\/toode\/briti-armee-magamiskoti-umbris-mvp-dpm-woodland\/","og_site_name":"Outdoors","article_modified_time":"2025-09-29T06:10:09+00:00","og_image":[{"width":400,"height":400,"url":"https:\/\/www.outdoors.ee\/wp-content\/uploads\/2021\/08\/0275-British-Bivy-Cover-DPM-Woodland.jpg","type":"image\/jpeg"}],"twitter_card":"summary_large_image","twitter_title":"Briti Armee magamiskoti \u00fcmbris MVP DPM Woodland","twitter_misc":{"Est. reading time":"1 minut"},"schema":{"@context":"https:\/\/schema.org","@graph":[{"@type":"WebPage","@id":"https:\/\/www.outdoors.ee\/et\/toode\/briti-armee-magamiskoti-umbris-mvp-dpm-woodland\/","url":"https:\/\/www.outdoors.ee\/et\/toode\/briti-armee-magamiskoti-umbris-mvp-dpm-woodland\/","name":"Briti Armee magamiskoti \u00fcmbris MVP DPM Woodland - outdoors.ee","isPartOf":{"@id":"https:\/\/www.outdoors.ee\/#website"},"primaryImageOfPage":{"@id":"https:\/\/www.outdoors.ee\/et\/toode\/briti-armee-magamiskoti-umbris-mvp-dpm-woodland\/#primaryimage"},"image":{"@id":"https:\/\/www.outdoors.ee\/et\/toode\/briti-armee-magamiskoti-umbris-mvp-dpm-woodland\/#primaryimage"},"thumbnailUrl":"https:\/\/www.outdoors.ee\/wp-content\/uploads\/2021\/08\/0275-British-Bivy-Cover-DPM-Woodland.jpg","datePublished":"2021-12-09T00:00:00+00:00","dateModified":"2025-09-29T06:10:09+00:00","description":"Originaalne Briti s&otilde;jav&auml;e magamiskoti&nbsp;&uuml;mbris metslaigus, niiskuskindlast ja hingavast MVP (Moisture Vapour Permeable) materjalist (Gore-Tex&acute;i ekvivalent). Kasutatakse v&auml;litingimustes ilma tendi v&otilde;i varjualuseta magamiseks. Omadused: laiendatud &uuml;lemine osa pingutusn&ouml;&ouml;riga kapuutsi osa suurem&otilde;&otilde;duline, sobib kasutamiseks peaaegu iga magamiskotiga teibitud &otilde;mblused Materjal:&nbsp;MVP (Moisture Vapour Permeable) niiskuskindel ja hingav laminaat Seisukord: uus (v&otilde;ib sisaldada hulgiladustamise j&auml;lgi) uuev&auml;&auml;rne (sisaldab minimaalseid kulumisj&auml;lgi) kasutatud, Grade 1 (sisaldab kergeid v&otilde;i m&otilde;&otilde;dukaid kulumisj&auml;lgi, v&otilde;ib olla kergelt m&auml;&auml;rdunud) kasutatud, Grade 2 (sisaldab kergeid v&otilde;i m&otilde;&otilde;dukaid kulumisj&auml;lgi, esineb v&auml;iksemaid parandatavaid vigastusi)","breadcrumb":{"@id":"https:\/\/www.outdoors.ee\/et\/toode\/briti-armee-magamiskoti-umbris-mvp-dpm-woodland\/#breadcrumb"},"inLanguage":"et","potentialAction":[{"@type":"ReadAction","target":["https:\/\/www.outdoors.ee\/et\/toode\/briti-armee-magamiskoti-umbris-mvp-dpm-woodland\/"]}]},{"@type":"ImageObject","inLanguage":"et","@id":"https:\/\/www.outdoors.ee\/et\/toode\/briti-armee-magamiskoti-umbris-mvp-dpm-woodland\/#primaryimage","url":"https:\/\/www.outdoors.ee\/wp-content\/uploads\/2021\/08\/0275-British-Bivy-Cover-DPM-Woodland.jpg","contentUrl":"https:\/\/www.outdoors.ee\/wp-content\/uploads\/2021\/08\/0275-British-Bivy-Cover-DPM-Woodland.jpg","width":400,"height":400},{"@type":"BreadcrumbList","@id":"https:\/\/www.outdoors.ee\/et\/toode\/briti-armee-magamiskoti-umbris-mvp-dpm-woodland\/#breadcrumb","itemListElement":[{"@type":"ListItem","position":1,"name":"Home","item":"https:\/\/www.outdoors.ee\/et\/"},{"@type":"ListItem","position":2,"name":"Tooted","item":"https:\/\/www.outdoors.ee\/products\/"},{"@type":"ListItem","position":3,"name":"Briti Armee magamiskoti \u00fcmbris MVP DPM Woodland"}]},{"@type":"WebSite","@id":"https:\/\/www.outdoors.ee\/#website","url":"https:\/\/www.outdoors.ee\/","name":"Outdoors","description":"Genuine military surplus and not only!","potentialAction":[{"@type":"SearchAction","target":{"@type":"EntryPoint","urlTemplate":"https:\/\/www.outdoors.ee\/?s={search_term_string}"},"query-input":{"@type":"PropertyValueSpecification","valueRequired":true,"valueName":"search_term_string"}}],"inLanguage":"et"}]}},"_links":{"self":[{"href":"https:\/\/www.outdoors.ee\/et\/wp-json\/wp\/v2\/product\/58801","targetHints":{"allow":["GET"]}}],"collection":[{"href":"https:\/\/www.outdoors.ee\/et\/wp-json\/wp\/v2\/product"}],"about":[{"href":"https:\/\/www.outdoors.ee\/et\/wp-json\/wp\/v2\/types\/product"}],"wp:featuredmedia":[{"embeddable":true,"href":"https:\/\/www.outdoors.ee\/et\/wp-json\/wp\/v2\/media\/8936"}],"wp:attachment":[{"href":"https:\/\/www.outdoors.ee\/et\/wp-json\/wp\/v2\/media?parent=58801"}],"wp:term":[{"taxonomy":"product_brand","embeddable":true,"href":"https:\/\/www.outdoors.ee\/et\/wp-json\/wp\/v2\/product_brand?post=58801"},{"taxonomy":"product_cat","embeddable":true,"href":"https:\/\/www.outdoors.ee\/et\/wp-json\/wp\/v2\/product_cat?post=58801"},{"taxonomy":"product_tag","embeddable":true,"href":"https:\/\/www.outdoors.ee\/et\/wp-json\/wp\/v2\/product_tag?post=58801"}],"curies":[{"name":"wp","href":"https:\/\/api.w.org\/{rel}","templated":true}]}}