{"id":58784,"date":"2021-12-09T00:00:00","date_gmt":"2021-12-09T00:00:00","guid":{"rendered":"https:\/\/www.outdoors.ee\/product\/briti-armee-metalltrossiga-saarised-mvp-dpm\/"},"modified":"2025-01-12T21:39:04","modified_gmt":"2025-01-12T19:39:04","slug":"briti-armee-metalltrossiga-saarised-mvp-dpm","status":"publish","type":"product","link":"https:\/\/www.outdoors.ee\/et\/toode\/briti-armee-metalltrossiga-saarised-mvp-dpm\/","title":{"rendered":"Briti Armee metalltrossiga s\u00e4\u00e4rised MVP DPM"},"content":{"rendered":"<p style=\"text-align: justify;\"><strong>Omadused:<\/strong><\/p>\n<ul style=\"text-align: justify;\">\n<li>Briti s\u00f5jav\u00e4e originaal<\/li>\n<li>Vastupidav Cordura t\u00fc\u00fcpi v\u00e4lismaterjal<\/li>\n<li>Niiskuskindel ja hingav MVP (Moisture Vapour Permeable) membraan, Gore-Tex\u00b4i ekvivalent<\/li>\n<li>suletavad t\u00e4ispikkuses trukkide, t\u00f5mbluku ning takjapaelaga<\/li>\n<li>keskel on pingutuskumm, et s\u00e4\u00e4ris ei vajuks alla<\/li>\n<li>pingitusn\u00f6\u00f6riga \u00fcleval<\/li>\n<li>trossi pikkus on reguleeritav<\/li>\n<li>alumine serv on kahe haagiga saapapaelte k\u00fclge kinnitatav, et s\u00e4\u00e4ris ei t\u00f5useks \u00fcles<\/li>\n<li>kaal ca 600g\/paar<\/li>\n<li>ligikaudsed m\u00f5\u00f5tmed. Suurus &#8220;Standard&#8221; kogupikkus \u2013 44cm, \u00fclemise otsa laius \u2013 20cm; Suurus &#8220;Long&#8221; kogupikkus \u2013 50cm, \u00fclemise otsa laius \u2013 21cm<\/li>\n<\/ul>\n<p style=\"text-align: justify;\"><strong>Seisukord:<\/strong><\/p>\n<ul>\n<li>uued (v\u00f5ivad sisaldada hulgiladustamise j\u00e4lgi ja kirjasid sildil)<\/li>\n<li>uuev\u00e4\u00e4rne (sisaldavad kergeid kulumisj\u00e4lgi)<\/li>\n<\/ul>\n","protected":false},"excerpt":{"rendered":"<p>Briti Armee metalltrossiga s\u00e4\u00e4rised MVP, DPM<\/p>\n","protected":false},"featured_media":64820,"template":"","meta":[],"product_brand":[],"product_cat":[197],"product_tag":[3143],"class_list":{"0":"post-58784","1":"product","2":"type-product","3":"status-publish","4":"has-post-thumbnail","6":"product_cat-sokid-saarised","7":"product_tag-vihmariided","8":"pa_brand-british-military-surplus","9":"pa_condition-uuevaarne","10":"pa_condition-uus","11":"pa_size-long-2","12":"pa_size-standard-2","14":"first","15":"instock","16":"taxable","17":"shipping-taxable","18":"purchasable","19":"product-type-variable"},"yoast_head":"<!-- This site is optimized with the Yoast SEO plugin v27.2 - https:\/\/yoast.com\/product\/yoast-seo-wordpress\/ -->\n<title>Briti Armee metalltrossiga s\u00e4\u00e4rised MVP DPM - outdoors.ee<\/title>\n<meta name=\"description\" content=\"Originaalsed ja vastupidavad Briti s\u00f5jav\u00e4e vetth\u00fclgavast ning hingavast materjalist (Moistrure Vapour Permeable) s\u00e4\u00e4rised metallist ja kummist tallapaelaga. Omadused: suletavad t\u00e4ispikkuses trukkide, t\u00f5mbluku ning takjapaelaga keskel ning \u00fcleval on pingutuskumm, et s\u00e4\u00e4ris ei vajuks alla pingitusn\u00f6\u00f6riga \u00fcleval trossi pikkus on reguleeritav alumine serv on kahe haagiga saapapaelte k\u00fclge kinnitatav, et s\u00e4\u00e4ris ei t\u00f5useks \u00fcles Seisukord: uued kasutatud, Grade 1 (heas korras, kergete kulumisj\u00e4lgedega)\" \/>\n<meta name=\"robots\" content=\"index, follow, max-snippet:-1, max-image-preview:large, max-video-preview:-1\" \/>\n<link rel=\"canonical\" href=\"https:\/\/www.outdoors.ee\/et\/toode\/briti-armee-metalltrossiga-saarised-mvp-dpm\/\" \/>\n<meta property=\"og:locale\" content=\"et_EE\" \/>\n<meta property=\"og:type\" content=\"article\" \/>\n<meta property=\"og:title\" content=\"Briti Armee metalltrossiga s\u00e4\u00e4rised MVP DPM\" \/>\n<meta property=\"og:description\" content=\"Originaalsed ja vastupidavad Briti s\u00f5jav\u00e4e vetth\u00fclgavast ning hingavast materjalist (Moistrure Vapour Permeable) s\u00e4\u00e4rised metallist ja kummist tallapaelaga. Omadused: suletavad t\u00e4ispikkuses trukkide, t\u00f5mbluku ning takjapaelaga keskel ning \u00fcleval on pingutuskumm, et s\u00e4\u00e4ris ei vajuks alla pingitusn\u00f6\u00f6riga \u00fcleval trossi pikkus on reguleeritav alumine serv on kahe haagiga saapapaelte k\u00fclge kinnitatav, et s\u00e4\u00e4ris ei t\u00f5useks \u00fcles Seisukord: uued kasutatud, Grade 1 (heas korras, kergete kulumisj\u00e4lgedega)\" \/>\n<meta property=\"og:url\" content=\"https:\/\/www.outdoors.ee\/et\/toode\/briti-armee-metalltrossiga-saarised-mvp-dpm\/\" \/>\n<meta property=\"og:site_name\" content=\"Outdoors\" \/>\n<meta property=\"article:modified_time\" content=\"2025-01-12T19:39:04+00:00\" \/>\n<meta property=\"og:image\" content=\"https:\/\/www.outdoors.ee\/wp-content\/uploads\/2021\/12\/0290-British-Army-Gaiters-MVP-DPM-1.jpg\" \/>\n\t<meta property=\"og:image:width\" content=\"485\" \/>\n\t<meta property=\"og:image:height\" content=\"543\" \/>\n\t<meta property=\"og:image:type\" content=\"image\/jpeg\" \/>\n<meta name=\"twitter:card\" content=\"summary_large_image\" \/>\n<meta name=\"twitter:title\" content=\"Briti Armee metalltrossiga s\u00e4\u00e4rised MVP DPM\" \/>\n<meta name=\"twitter:label1\" content=\"Est. reading time\" \/>\n\t<meta name=\"twitter:data1\" content=\"1 minut\" \/>\n<script type=\"application\/ld+json\" class=\"yoast-schema-graph\">{\"@context\":\"https:\/\/schema.org\",\"@graph\":[{\"@type\":\"WebPage\",\"@id\":\"https:\/\/www.outdoors.ee\/et\/toode\/briti-armee-metalltrossiga-saarised-mvp-dpm\/\",\"url\":\"https:\/\/www.outdoors.ee\/et\/toode\/briti-armee-metalltrossiga-saarised-mvp-dpm\/\",\"name\":\"Briti Armee metalltrossiga s\u00e4\u00e4rised MVP DPM - outdoors.ee\",\"isPartOf\":{\"@id\":\"https:\/\/www.outdoors.ee\/#website\"},\"primaryImageOfPage\":{\"@id\":\"https:\/\/www.outdoors.ee\/et\/toode\/briti-armee-metalltrossiga-saarised-mvp-dpm\/#primaryimage\"},\"image\":{\"@id\":\"https:\/\/www.outdoors.ee\/et\/toode\/briti-armee-metalltrossiga-saarised-mvp-dpm\/#primaryimage\"},\"thumbnailUrl\":\"https:\/\/www.outdoors.ee\/wp-content\/uploads\/2021\/12\/0290-British-Army-Gaiters-MVP-DPM-1.jpg\",\"datePublished\":\"2021-12-09T00:00:00+00:00\",\"dateModified\":\"2025-01-12T19:39:04+00:00\",\"description\":\"Originaalsed ja vastupidavad Briti s\u00f5jav\u00e4e vetth\u00fclgavast ning hingavast materjalist (Moistrure Vapour Permeable) s\u00e4\u00e4rised metallist ja kummist tallapaelaga. Omadused: suletavad t\u00e4ispikkuses trukkide, t\u00f5mbluku ning takjapaelaga keskel ning \u00fcleval on pingutuskumm, et s\u00e4\u00e4ris ei vajuks alla pingitusn\u00f6\u00f6riga \u00fcleval trossi pikkus on reguleeritav alumine serv on kahe haagiga saapapaelte k\u00fclge kinnitatav, et s\u00e4\u00e4ris ei t\u00f5useks \u00fcles Seisukord: uued kasutatud, Grade 1 (heas korras, kergete kulumisj\u00e4lgedega)\",\"breadcrumb\":{\"@id\":\"https:\/\/www.outdoors.ee\/et\/toode\/briti-armee-metalltrossiga-saarised-mvp-dpm\/#breadcrumb\"},\"inLanguage\":\"et\",\"potentialAction\":[{\"@type\":\"ReadAction\",\"target\":[\"https:\/\/www.outdoors.ee\/et\/toode\/briti-armee-metalltrossiga-saarised-mvp-dpm\/\"]}]},{\"@type\":\"ImageObject\",\"inLanguage\":\"et\",\"@id\":\"https:\/\/www.outdoors.ee\/et\/toode\/briti-armee-metalltrossiga-saarised-mvp-dpm\/#primaryimage\",\"url\":\"https:\/\/www.outdoors.ee\/wp-content\/uploads\/2021\/12\/0290-British-Army-Gaiters-MVP-DPM-1.jpg\",\"contentUrl\":\"https:\/\/www.outdoors.ee\/wp-content\/uploads\/2021\/12\/0290-British-Army-Gaiters-MVP-DPM-1.jpg\",\"width\":485,\"height\":543},{\"@type\":\"BreadcrumbList\",\"@id\":\"https:\/\/www.outdoors.ee\/et\/toode\/briti-armee-metalltrossiga-saarised-mvp-dpm\/#breadcrumb\",\"itemListElement\":[{\"@type\":\"ListItem\",\"position\":1,\"name\":\"Home\",\"item\":\"https:\/\/www.outdoors.ee\/et\/\"},{\"@type\":\"ListItem\",\"position\":2,\"name\":\"Tooted\",\"item\":\"https:\/\/www.outdoors.ee\/products\/\"},{\"@type\":\"ListItem\",\"position\":3,\"name\":\"Briti Armee metalltrossiga s\u00e4\u00e4rised MVP DPM\"}]},{\"@type\":\"WebSite\",\"@id\":\"https:\/\/www.outdoors.ee\/#website\",\"url\":\"https:\/\/www.outdoors.ee\/\",\"name\":\"Outdoors\",\"description\":\"Genuine military surplus and not only!\",\"potentialAction\":[{\"@type\":\"SearchAction\",\"target\":{\"@type\":\"EntryPoint\",\"urlTemplate\":\"https:\/\/www.outdoors.ee\/?s={search_term_string}\"},\"query-input\":{\"@type\":\"PropertyValueSpecification\",\"valueRequired\":true,\"valueName\":\"search_term_string\"}}],\"inLanguage\":\"et\"}]}<\/script>\n<!-- \/ Yoast SEO plugin. -->","yoast_head_json":{"title":"Briti Armee metalltrossiga s\u00e4\u00e4rised MVP DPM - outdoors.ee","description":"Originaalsed ja vastupidavad Briti s\u00f5jav\u00e4e vetth\u00fclgavast ning hingavast materjalist (Moistrure Vapour Permeable) s\u00e4\u00e4rised metallist ja kummist tallapaelaga. Omadused: suletavad t\u00e4ispikkuses trukkide, t\u00f5mbluku ning takjapaelaga keskel ning \u00fcleval on pingutuskumm, et s\u00e4\u00e4ris ei vajuks alla pingitusn\u00f6\u00f6riga \u00fcleval trossi pikkus on reguleeritav alumine serv on kahe haagiga saapapaelte k\u00fclge kinnitatav, et s\u00e4\u00e4ris ei t\u00f5useks \u00fcles Seisukord: uued kasutatud, Grade 1 (heas korras, kergete kulumisj\u00e4lgedega)","robots":{"index":"index","follow":"follow","max-snippet":"max-snippet:-1","max-image-preview":"max-image-preview:large","max-video-preview":"max-video-preview:-1"},"canonical":"https:\/\/www.outdoors.ee\/et\/toode\/briti-armee-metalltrossiga-saarised-mvp-dpm\/","og_locale":"et_EE","og_type":"article","og_title":"Briti Armee metalltrossiga s\u00e4\u00e4rised MVP DPM","og_description":"Originaalsed ja vastupidavad Briti s\u00f5jav\u00e4e vetth\u00fclgavast ning hingavast materjalist (Moistrure Vapour Permeable) s\u00e4\u00e4rised metallist ja kummist tallapaelaga. Omadused: suletavad t\u00e4ispikkuses trukkide, t\u00f5mbluku ning takjapaelaga keskel ning \u00fcleval on pingutuskumm, et s\u00e4\u00e4ris ei vajuks alla pingitusn\u00f6\u00f6riga \u00fcleval trossi pikkus on reguleeritav alumine serv on kahe haagiga saapapaelte k\u00fclge kinnitatav, et s\u00e4\u00e4ris ei t\u00f5useks \u00fcles Seisukord: uued kasutatud, Grade 1 (heas korras, kergete kulumisj\u00e4lgedega)","og_url":"https:\/\/www.outdoors.ee\/et\/toode\/briti-armee-metalltrossiga-saarised-mvp-dpm\/","og_site_name":"Outdoors","article_modified_time":"2025-01-12T19:39:04+00:00","og_image":[{"width":485,"height":543,"url":"https:\/\/www.outdoors.ee\/wp-content\/uploads\/2021\/12\/0290-British-Army-Gaiters-MVP-DPM-1.jpg","type":"image\/jpeg"}],"twitter_card":"summary_large_image","twitter_title":"Briti Armee metalltrossiga s\u00e4\u00e4rised MVP DPM","twitter_misc":{"Est. reading time":"1 minut"},"schema":{"@context":"https:\/\/schema.org","@graph":[{"@type":"WebPage","@id":"https:\/\/www.outdoors.ee\/et\/toode\/briti-armee-metalltrossiga-saarised-mvp-dpm\/","url":"https:\/\/www.outdoors.ee\/et\/toode\/briti-armee-metalltrossiga-saarised-mvp-dpm\/","name":"Briti Armee metalltrossiga s\u00e4\u00e4rised MVP DPM - outdoors.ee","isPartOf":{"@id":"https:\/\/www.outdoors.ee\/#website"},"primaryImageOfPage":{"@id":"https:\/\/www.outdoors.ee\/et\/toode\/briti-armee-metalltrossiga-saarised-mvp-dpm\/#primaryimage"},"image":{"@id":"https:\/\/www.outdoors.ee\/et\/toode\/briti-armee-metalltrossiga-saarised-mvp-dpm\/#primaryimage"},"thumbnailUrl":"https:\/\/www.outdoors.ee\/wp-content\/uploads\/2021\/12\/0290-British-Army-Gaiters-MVP-DPM-1.jpg","datePublished":"2021-12-09T00:00:00+00:00","dateModified":"2025-01-12T19:39:04+00:00","description":"Originaalsed ja vastupidavad Briti s\u00f5jav\u00e4e vetth\u00fclgavast ning hingavast materjalist (Moistrure Vapour Permeable) s\u00e4\u00e4rised metallist ja kummist tallapaelaga. Omadused: suletavad t\u00e4ispikkuses trukkide, t\u00f5mbluku ning takjapaelaga keskel ning \u00fcleval on pingutuskumm, et s\u00e4\u00e4ris ei vajuks alla pingitusn\u00f6\u00f6riga \u00fcleval trossi pikkus on reguleeritav alumine serv on kahe haagiga saapapaelte k\u00fclge kinnitatav, et s\u00e4\u00e4ris ei t\u00f5useks \u00fcles Seisukord: uued kasutatud, Grade 1 (heas korras, kergete kulumisj\u00e4lgedega)","breadcrumb":{"@id":"https:\/\/www.outdoors.ee\/et\/toode\/briti-armee-metalltrossiga-saarised-mvp-dpm\/#breadcrumb"},"inLanguage":"et","potentialAction":[{"@type":"ReadAction","target":["https:\/\/www.outdoors.ee\/et\/toode\/briti-armee-metalltrossiga-saarised-mvp-dpm\/"]}]},{"@type":"ImageObject","inLanguage":"et","@id":"https:\/\/www.outdoors.ee\/et\/toode\/briti-armee-metalltrossiga-saarised-mvp-dpm\/#primaryimage","url":"https:\/\/www.outdoors.ee\/wp-content\/uploads\/2021\/12\/0290-British-Army-Gaiters-MVP-DPM-1.jpg","contentUrl":"https:\/\/www.outdoors.ee\/wp-content\/uploads\/2021\/12\/0290-British-Army-Gaiters-MVP-DPM-1.jpg","width":485,"height":543},{"@type":"BreadcrumbList","@id":"https:\/\/www.outdoors.ee\/et\/toode\/briti-armee-metalltrossiga-saarised-mvp-dpm\/#breadcrumb","itemListElement":[{"@type":"ListItem","position":1,"name":"Home","item":"https:\/\/www.outdoors.ee\/et\/"},{"@type":"ListItem","position":2,"name":"Tooted","item":"https:\/\/www.outdoors.ee\/products\/"},{"@type":"ListItem","position":3,"name":"Briti Armee metalltrossiga s\u00e4\u00e4rised MVP DPM"}]},{"@type":"WebSite","@id":"https:\/\/www.outdoors.ee\/#website","url":"https:\/\/www.outdoors.ee\/","name":"Outdoors","description":"Genuine military surplus and not only!","potentialAction":[{"@type":"SearchAction","target":{"@type":"EntryPoint","urlTemplate":"https:\/\/www.outdoors.ee\/?s={search_term_string}"},"query-input":{"@type":"PropertyValueSpecification","valueRequired":true,"valueName":"search_term_string"}}],"inLanguage":"et"}]}},"_links":{"self":[{"href":"https:\/\/www.outdoors.ee\/et\/wp-json\/wp\/v2\/product\/58784","targetHints":{"allow":["GET"]}}],"collection":[{"href":"https:\/\/www.outdoors.ee\/et\/wp-json\/wp\/v2\/product"}],"about":[{"href":"https:\/\/www.outdoors.ee\/et\/wp-json\/wp\/v2\/types\/product"}],"wp:featuredmedia":[{"embeddable":true,"href":"https:\/\/www.outdoors.ee\/et\/wp-json\/wp\/v2\/media\/64820"}],"wp:attachment":[{"href":"https:\/\/www.outdoors.ee\/et\/wp-json\/wp\/v2\/media?parent=58784"}],"wp:term":[{"taxonomy":"product_brand","embeddable":true,"href":"https:\/\/www.outdoors.ee\/et\/wp-json\/wp\/v2\/product_brand?post=58784"},{"taxonomy":"product_cat","embeddable":true,"href":"https:\/\/www.outdoors.ee\/et\/wp-json\/wp\/v2\/product_cat?post=58784"},{"taxonomy":"product_tag","embeddable":true,"href":"https:\/\/www.outdoors.ee\/et\/wp-json\/wp\/v2\/product_tag?post=58784"}],"curies":[{"name":"wp","href":"https:\/\/api.w.org\/{rel}","templated":true}]}}