{"id":58768,"date":"2021-12-09T00:00:00","date_gmt":"2021-12-09T00:00:00","guid":{"rendered":"https:\/\/www.outdoors.ee\/product\/briti-armee-vihmapuksid-wet-weather-mvp-desert\/"},"modified":"2025-04-22T13:04:54","modified_gmt":"2025-04-22T10:04:54","slug":"briti-armee-vihmapuksid-wet-weather-mvp-desert","status":"publish","type":"product","link":"https:\/\/www.outdoors.ee\/et\/toode\/briti-armee-vihmapuksid-wet-weather-mvp-desert\/","title":{"rendered":"Briti Armee vihmap\u00fcksid Wet Weather MVP Desert"},"content":{"rendered":"<p style=\"text-align: justify;\" data-mce-style=\"text-align: justify;\">Briti s\u00f5jav\u00e4e vihmap\u00fcksid k\u00f5rbelaigus. Toodetud vetth\u00fclgavast ja hingavast MVP materjalist (Briti s\u00f5jav\u00e4e Gore-Tex\u00b4i ekvivalent), mis ei lase niiskusel v\u00e4ljast sisse tungida samal ajal v\u00f5imaldades higil kuivada. P\u00fcksid on v\u00f6\u00f6koha pingutusn\u00f6\u00f6riga ning venivate mansettidega.<\/p>\n<p style=\"text-align: justify;\" data-mce-style=\"text-align: justify;\"><strong>Suurus <\/strong>rippmen\u00fc\u00fcs: s\u00e4\u00e4re sisepikkus \/ v\u00f6\u00f6\u00fcmberm\u00f5\u00f5t \/ istmiku \u00fcmberm\u00f5\u00f5t, cm<\/p>\n<p style=\"text-align: justify;\" data-mce-style=\"text-align: justify;\"><strong>Seisukord<\/strong>:<\/p>\n<ul>\n<li>uus (j\u00e4em\u00fc\u00fcgipakendis v\u00f5i ilma, v\u00f5ib sisaldada hulgiladustamise j\u00e4lgi)<\/li>\n<li>uuev\u00e4\u00e4rne (sisaldab kergeid kulumisj\u00e4lgi)<\/li>\n<li>kasutatud, Grade 1 (sisaldab m\u00f5\u00f5dukaid kulumisj\u00e4lgi, v\u00f5ib olla kergelt m\u00e4\u00e4rdunud ning sisaldada v\u00e4iksemaid vigastusi)<\/li>\n<\/ul>\n","protected":false},"excerpt":{"rendered":"<p>Briti Armee vihmap\u00fcksid Wet Weather MVP, Desert<\/p>\n","protected":false},"featured_media":70901,"template":"","meta":[],"product_brand":[],"product_cat":[111],"product_tag":[3143],"class_list":{"0":"post-58768","1":"product","2":"type-product","3":"status-publish","4":"has-post-thumbnail","6":"product_cat-puksid","7":"product_tag-vihmariided","8":"pa_brand-british-military-surplus","9":"pa_condition-kasutatud-grade-1","10":"pa_condition-uuevaarne","11":"pa_condition-uus","12":"pa_size-75-80-96-2","13":"pa_size-75-96-112-2","14":"pa_size-80-104-120-2","15":"pa_size-80-84-100-2","16":"pa_size-80-88-104-2","17":"pa_size-85-112-128-2","18":"pa_size-85-92-108-2","19":"pa_size-85-96-112-2","20":"pa_size-90-112-128-3","21":"pa_size-90-92-108-2","23":"first","24":"instock","25":"taxable","26":"shipping-taxable","27":"purchasable","28":"product-type-variable"},"yoast_head":"<!-- This site is optimized with the Yoast SEO plugin v27.2 - https:\/\/yoast.com\/product\/yoast-seo-wordpress\/ -->\n<title>Briti Armee vihmap\u00fcksid Wet Weather MVP Desert - outdoors.ee<\/title>\n<meta name=\"description\" content=\"Originaalsed Briti s\u00f5jav\u00e4e m\u00e4rja ilma \u00fclep\u00fcksid k\u00f5rbelaigus. Toodetud vetth\u00fclgavast ja hingavast MVP materjalist (Briti s\u00f5jav\u00e4e Gore-Tex\u00b4i ekvivalent), mis ei lase niiskusel v\u00e4ljast sisse tungida samal ajal v\u00f5imaldades higil kuivada. Kuigi p\u00fcksid on loodud s\u00f5jav\u00e4elaste tarbeks, sobivad need h\u00e4sti k\u00f5ikv\u00f5imalikeks v\u00e4li\u00fcritusteks, kus veekindel pealiskiht on vajalik. P\u00fcksid on v\u00f6\u00f6koha pingutusn\u00f6\u00f6riga ning venivate mansettidega. Suurus rippmen\u00fc\u00fcs: s\u00e4\u00e4re sisepikkus \/ v\u00f6\u00f6\u00fcmberm\u00f5\u00f5t \/ istmiku \u00fcmberm\u00f5\u00f5t Seisukord: uued\" \/>\n<meta name=\"robots\" content=\"index, follow, max-snippet:-1, max-image-preview:large, max-video-preview:-1\" \/>\n<link rel=\"canonical\" href=\"https:\/\/www.outdoors.ee\/et\/toode\/briti-armee-vihmapuksid-wet-weather-mvp-desert\/\" \/>\n<meta property=\"og:locale\" content=\"et_EE\" \/>\n<meta property=\"og:type\" content=\"article\" \/>\n<meta property=\"og:title\" content=\"Briti Armee vihmap\u00fcksid Wet Weather MVP Desert\" \/>\n<meta property=\"og:description\" content=\"Originaalsed Briti s\u00f5jav\u00e4e m\u00e4rja ilma \u00fclep\u00fcksid k\u00f5rbelaigus. Toodetud vetth\u00fclgavast ja hingavast MVP materjalist (Briti s\u00f5jav\u00e4e Gore-Tex\u00b4i ekvivalent), mis ei lase niiskusel v\u00e4ljast sisse tungida samal ajal v\u00f5imaldades higil kuivada. Kuigi p\u00fcksid on loodud s\u00f5jav\u00e4elaste tarbeks, sobivad need h\u00e4sti k\u00f5ikv\u00f5imalikeks v\u00e4li\u00fcritusteks, kus veekindel pealiskiht on vajalik. P\u00fcksid on v\u00f6\u00f6koha pingutusn\u00f6\u00f6riga ning venivate mansettidega. Suurus rippmen\u00fc\u00fcs: s\u00e4\u00e4re sisepikkus \/ v\u00f6\u00f6\u00fcmberm\u00f5\u00f5t \/ istmiku \u00fcmberm\u00f5\u00f5t Seisukord: uued\" \/>\n<meta property=\"og:url\" content=\"https:\/\/www.outdoors.ee\/et\/toode\/briti-armee-vihmapuksid-wet-weather-mvp-desert\/\" \/>\n<meta property=\"og:site_name\" content=\"Outdoors\" \/>\n<meta property=\"article:modified_time\" content=\"2025-04-22T10:04:54+00:00\" \/>\n<meta property=\"og:image\" content=\"https:\/\/www.outdoors.ee\/wp-content\/uploads\/2021\/12\/0267-British-Army-Wet-Weather-MVP-Trousers-Desert-1.jpg\" \/>\n\t<meta property=\"og:image:width\" content=\"1200\" \/>\n\t<meta property=\"og:image:height\" content=\"1350\" \/>\n\t<meta property=\"og:image:type\" content=\"image\/jpeg\" \/>\n<meta name=\"twitter:card\" content=\"summary_large_image\" \/>\n<meta name=\"twitter:title\" content=\"Briti Armee vihmap\u00fcksid Wet Weather MVP Desert\" \/>\n<meta name=\"twitter:label1\" content=\"Est. reading time\" \/>\n\t<meta name=\"twitter:data1\" content=\"1 minut\" \/>\n<script type=\"application\/ld+json\" class=\"yoast-schema-graph\">{\"@context\":\"https:\/\/schema.org\",\"@graph\":[{\"@type\":\"WebPage\",\"@id\":\"https:\/\/www.outdoors.ee\/et\/toode\/briti-armee-vihmapuksid-wet-weather-mvp-desert\/\",\"url\":\"https:\/\/www.outdoors.ee\/et\/toode\/briti-armee-vihmapuksid-wet-weather-mvp-desert\/\",\"name\":\"Briti Armee vihmap\u00fcksid Wet Weather MVP Desert - outdoors.ee\",\"isPartOf\":{\"@id\":\"https:\/\/www.outdoors.ee\/#website\"},\"primaryImageOfPage\":{\"@id\":\"https:\/\/www.outdoors.ee\/et\/toode\/briti-armee-vihmapuksid-wet-weather-mvp-desert\/#primaryimage\"},\"image\":{\"@id\":\"https:\/\/www.outdoors.ee\/et\/toode\/briti-armee-vihmapuksid-wet-weather-mvp-desert\/#primaryimage\"},\"thumbnailUrl\":\"https:\/\/www.outdoors.ee\/wp-content\/uploads\/2021\/12\/0267-British-Army-Wet-Weather-MVP-Trousers-Desert-1.jpg\",\"datePublished\":\"2021-12-09T00:00:00+00:00\",\"dateModified\":\"2025-04-22T10:04:54+00:00\",\"description\":\"Originaalsed Briti s\u00f5jav\u00e4e m\u00e4rja ilma \u00fclep\u00fcksid k\u00f5rbelaigus. Toodetud vetth\u00fclgavast ja hingavast MVP materjalist (Briti s\u00f5jav\u00e4e Gore-Tex\u00b4i ekvivalent), mis ei lase niiskusel v\u00e4ljast sisse tungida samal ajal v\u00f5imaldades higil kuivada. Kuigi p\u00fcksid on loodud s\u00f5jav\u00e4elaste tarbeks, sobivad need h\u00e4sti k\u00f5ikv\u00f5imalikeks v\u00e4li\u00fcritusteks, kus veekindel pealiskiht on vajalik. P\u00fcksid on v\u00f6\u00f6koha pingutusn\u00f6\u00f6riga ning venivate mansettidega. Suurus rippmen\u00fc\u00fcs: s\u00e4\u00e4re sisepikkus \/ v\u00f6\u00f6\u00fcmberm\u00f5\u00f5t \/ istmiku \u00fcmberm\u00f5\u00f5t Seisukord: uued\",\"breadcrumb\":{\"@id\":\"https:\/\/www.outdoors.ee\/et\/toode\/briti-armee-vihmapuksid-wet-weather-mvp-desert\/#breadcrumb\"},\"inLanguage\":\"et\",\"potentialAction\":[{\"@type\":\"ReadAction\",\"target\":[\"https:\/\/www.outdoors.ee\/et\/toode\/briti-armee-vihmapuksid-wet-weather-mvp-desert\/\"]}]},{\"@type\":\"ImageObject\",\"inLanguage\":\"et\",\"@id\":\"https:\/\/www.outdoors.ee\/et\/toode\/briti-armee-vihmapuksid-wet-weather-mvp-desert\/#primaryimage\",\"url\":\"https:\/\/www.outdoors.ee\/wp-content\/uploads\/2021\/12\/0267-British-Army-Wet-Weather-MVP-Trousers-Desert-1.jpg\",\"contentUrl\":\"https:\/\/www.outdoors.ee\/wp-content\/uploads\/2021\/12\/0267-British-Army-Wet-Weather-MVP-Trousers-Desert-1.jpg\",\"width\":1200,\"height\":1350},{\"@type\":\"BreadcrumbList\",\"@id\":\"https:\/\/www.outdoors.ee\/et\/toode\/briti-armee-vihmapuksid-wet-weather-mvp-desert\/#breadcrumb\",\"itemListElement\":[{\"@type\":\"ListItem\",\"position\":1,\"name\":\"Home\",\"item\":\"https:\/\/www.outdoors.ee\/et\/\"},{\"@type\":\"ListItem\",\"position\":2,\"name\":\"Tooted\",\"item\":\"https:\/\/www.outdoors.ee\/products\/\"},{\"@type\":\"ListItem\",\"position\":3,\"name\":\"Briti Armee vihmap\u00fcksid Wet Weather MVP Desert\"}]},{\"@type\":\"WebSite\",\"@id\":\"https:\/\/www.outdoors.ee\/#website\",\"url\":\"https:\/\/www.outdoors.ee\/\",\"name\":\"Outdoors\",\"description\":\"Genuine military surplus and not only!\",\"potentialAction\":[{\"@type\":\"SearchAction\",\"target\":{\"@type\":\"EntryPoint\",\"urlTemplate\":\"https:\/\/www.outdoors.ee\/?s={search_term_string}\"},\"query-input\":{\"@type\":\"PropertyValueSpecification\",\"valueRequired\":true,\"valueName\":\"search_term_string\"}}],\"inLanguage\":\"et\"}]}<\/script>\n<!-- \/ Yoast SEO plugin. -->","yoast_head_json":{"title":"Briti Armee vihmap\u00fcksid Wet Weather MVP Desert - outdoors.ee","description":"Originaalsed Briti s\u00f5jav\u00e4e m\u00e4rja ilma \u00fclep\u00fcksid k\u00f5rbelaigus. Toodetud vetth\u00fclgavast ja hingavast MVP materjalist (Briti s\u00f5jav\u00e4e Gore-Tex\u00b4i ekvivalent), mis ei lase niiskusel v\u00e4ljast sisse tungida samal ajal v\u00f5imaldades higil kuivada. Kuigi p\u00fcksid on loodud s\u00f5jav\u00e4elaste tarbeks, sobivad need h\u00e4sti k\u00f5ikv\u00f5imalikeks v\u00e4li\u00fcritusteks, kus veekindel pealiskiht on vajalik. P\u00fcksid on v\u00f6\u00f6koha pingutusn\u00f6\u00f6riga ning venivate mansettidega. Suurus rippmen\u00fc\u00fcs: s\u00e4\u00e4re sisepikkus \/ v\u00f6\u00f6\u00fcmberm\u00f5\u00f5t \/ istmiku \u00fcmberm\u00f5\u00f5t Seisukord: uued","robots":{"index":"index","follow":"follow","max-snippet":"max-snippet:-1","max-image-preview":"max-image-preview:large","max-video-preview":"max-video-preview:-1"},"canonical":"https:\/\/www.outdoors.ee\/et\/toode\/briti-armee-vihmapuksid-wet-weather-mvp-desert\/","og_locale":"et_EE","og_type":"article","og_title":"Briti Armee vihmap\u00fcksid Wet Weather MVP Desert","og_description":"Originaalsed Briti s\u00f5jav\u00e4e m\u00e4rja ilma \u00fclep\u00fcksid k\u00f5rbelaigus. Toodetud vetth\u00fclgavast ja hingavast MVP materjalist (Briti s\u00f5jav\u00e4e Gore-Tex\u00b4i ekvivalent), mis ei lase niiskusel v\u00e4ljast sisse tungida samal ajal v\u00f5imaldades higil kuivada. Kuigi p\u00fcksid on loodud s\u00f5jav\u00e4elaste tarbeks, sobivad need h\u00e4sti k\u00f5ikv\u00f5imalikeks v\u00e4li\u00fcritusteks, kus veekindel pealiskiht on vajalik. P\u00fcksid on v\u00f6\u00f6koha pingutusn\u00f6\u00f6riga ning venivate mansettidega. Suurus rippmen\u00fc\u00fcs: s\u00e4\u00e4re sisepikkus \/ v\u00f6\u00f6\u00fcmberm\u00f5\u00f5t \/ istmiku \u00fcmberm\u00f5\u00f5t Seisukord: uued","og_url":"https:\/\/www.outdoors.ee\/et\/toode\/briti-armee-vihmapuksid-wet-weather-mvp-desert\/","og_site_name":"Outdoors","article_modified_time":"2025-04-22T10:04:54+00:00","og_image":[{"width":1200,"height":1350,"url":"https:\/\/www.outdoors.ee\/wp-content\/uploads\/2021\/12\/0267-British-Army-Wet-Weather-MVP-Trousers-Desert-1.jpg","type":"image\/jpeg"}],"twitter_card":"summary_large_image","twitter_title":"Briti Armee vihmap\u00fcksid Wet Weather MVP Desert","twitter_misc":{"Est. reading time":"1 minut"},"schema":{"@context":"https:\/\/schema.org","@graph":[{"@type":"WebPage","@id":"https:\/\/www.outdoors.ee\/et\/toode\/briti-armee-vihmapuksid-wet-weather-mvp-desert\/","url":"https:\/\/www.outdoors.ee\/et\/toode\/briti-armee-vihmapuksid-wet-weather-mvp-desert\/","name":"Briti Armee vihmap\u00fcksid Wet Weather MVP Desert - outdoors.ee","isPartOf":{"@id":"https:\/\/www.outdoors.ee\/#website"},"primaryImageOfPage":{"@id":"https:\/\/www.outdoors.ee\/et\/toode\/briti-armee-vihmapuksid-wet-weather-mvp-desert\/#primaryimage"},"image":{"@id":"https:\/\/www.outdoors.ee\/et\/toode\/briti-armee-vihmapuksid-wet-weather-mvp-desert\/#primaryimage"},"thumbnailUrl":"https:\/\/www.outdoors.ee\/wp-content\/uploads\/2021\/12\/0267-British-Army-Wet-Weather-MVP-Trousers-Desert-1.jpg","datePublished":"2021-12-09T00:00:00+00:00","dateModified":"2025-04-22T10:04:54+00:00","description":"Originaalsed Briti s\u00f5jav\u00e4e m\u00e4rja ilma \u00fclep\u00fcksid k\u00f5rbelaigus. Toodetud vetth\u00fclgavast ja hingavast MVP materjalist (Briti s\u00f5jav\u00e4e Gore-Tex\u00b4i ekvivalent), mis ei lase niiskusel v\u00e4ljast sisse tungida samal ajal v\u00f5imaldades higil kuivada. Kuigi p\u00fcksid on loodud s\u00f5jav\u00e4elaste tarbeks, sobivad need h\u00e4sti k\u00f5ikv\u00f5imalikeks v\u00e4li\u00fcritusteks, kus veekindel pealiskiht on vajalik. P\u00fcksid on v\u00f6\u00f6koha pingutusn\u00f6\u00f6riga ning venivate mansettidega. Suurus rippmen\u00fc\u00fcs: s\u00e4\u00e4re sisepikkus \/ v\u00f6\u00f6\u00fcmberm\u00f5\u00f5t \/ istmiku \u00fcmberm\u00f5\u00f5t Seisukord: uued","breadcrumb":{"@id":"https:\/\/www.outdoors.ee\/et\/toode\/briti-armee-vihmapuksid-wet-weather-mvp-desert\/#breadcrumb"},"inLanguage":"et","potentialAction":[{"@type":"ReadAction","target":["https:\/\/www.outdoors.ee\/et\/toode\/briti-armee-vihmapuksid-wet-weather-mvp-desert\/"]}]},{"@type":"ImageObject","inLanguage":"et","@id":"https:\/\/www.outdoors.ee\/et\/toode\/briti-armee-vihmapuksid-wet-weather-mvp-desert\/#primaryimage","url":"https:\/\/www.outdoors.ee\/wp-content\/uploads\/2021\/12\/0267-British-Army-Wet-Weather-MVP-Trousers-Desert-1.jpg","contentUrl":"https:\/\/www.outdoors.ee\/wp-content\/uploads\/2021\/12\/0267-British-Army-Wet-Weather-MVP-Trousers-Desert-1.jpg","width":1200,"height":1350},{"@type":"BreadcrumbList","@id":"https:\/\/www.outdoors.ee\/et\/toode\/briti-armee-vihmapuksid-wet-weather-mvp-desert\/#breadcrumb","itemListElement":[{"@type":"ListItem","position":1,"name":"Home","item":"https:\/\/www.outdoors.ee\/et\/"},{"@type":"ListItem","position":2,"name":"Tooted","item":"https:\/\/www.outdoors.ee\/products\/"},{"@type":"ListItem","position":3,"name":"Briti Armee vihmap\u00fcksid Wet Weather MVP Desert"}]},{"@type":"WebSite","@id":"https:\/\/www.outdoors.ee\/#website","url":"https:\/\/www.outdoors.ee\/","name":"Outdoors","description":"Genuine military surplus and not only!","potentialAction":[{"@type":"SearchAction","target":{"@type":"EntryPoint","urlTemplate":"https:\/\/www.outdoors.ee\/?s={search_term_string}"},"query-input":{"@type":"PropertyValueSpecification","valueRequired":true,"valueName":"search_term_string"}}],"inLanguage":"et"}]}},"_links":{"self":[{"href":"https:\/\/www.outdoors.ee\/et\/wp-json\/wp\/v2\/product\/58768","targetHints":{"allow":["GET"]}}],"collection":[{"href":"https:\/\/www.outdoors.ee\/et\/wp-json\/wp\/v2\/product"}],"about":[{"href":"https:\/\/www.outdoors.ee\/et\/wp-json\/wp\/v2\/types\/product"}],"wp:featuredmedia":[{"embeddable":true,"href":"https:\/\/www.outdoors.ee\/et\/wp-json\/wp\/v2\/media\/70901"}],"wp:attachment":[{"href":"https:\/\/www.outdoors.ee\/et\/wp-json\/wp\/v2\/media?parent=58768"}],"wp:term":[{"taxonomy":"product_brand","embeddable":true,"href":"https:\/\/www.outdoors.ee\/et\/wp-json\/wp\/v2\/product_brand?post=58768"},{"taxonomy":"product_cat","embeddable":true,"href":"https:\/\/www.outdoors.ee\/et\/wp-json\/wp\/v2\/product_cat?post=58768"},{"taxonomy":"product_tag","embeddable":true,"href":"https:\/\/www.outdoors.ee\/et\/wp-json\/wp\/v2\/product_tag?post=58768"}],"curies":[{"name":"wp","href":"https:\/\/api.w.org\/{rel}","templated":true}]}}