{"id":58761,"date":"2021-12-09T00:00:00","date_gmt":"2021-12-09T00:00:00","guid":{"rendered":"https:\/\/www.outdoors.ee\/product\/briti-armee-voorihm-plce-webbing-olive\/"},"modified":"2024-12-24T21:55:32","modified_gmt":"2024-12-24T19:55:32","slug":"briti-armee-voorihm-plce-webbing-olive","status":"publish","type":"product","link":"https:\/\/www.outdoors.ee\/et\/toode\/briti-armee-voorihm-plce-webbing-olive\/","title":{"rendered":"Briti Armee v\u00f6\u00f6rihm PLCE Webbing Olive"},"content":{"rendered":"<p style=\"text-align: justify;\">Originaalne Briti s\u00f5jav\u00e4e p\u00fcksirihm, mis on toodetud vastupidavast nailonkangast suure ja t\u00f6\u00f6kindla, kuid samas kerge plastikpandlaga. Metallr\u00f5ngad rihma \u00fclemisel \u00e4\u00e4rel v\u00f5imaldavad rakmete ja muu varustuse kinnitamist. Rihma laius on ca 5,5 cm.<\/p>\n<p>NB! V\u00f5ib olla ilma D-r\u00f5ngasteta, uuem &#8220;HIP BELT MTP&#8221; v\u00e4ljaanne<\/p>\n<p style=\"text-align: justify;\"><strong>Kaal<\/strong>: ca 0,26kg<\/p>\n<p style=\"text-align: justify;\"><strong>Suurus<\/strong> (kandja V\u00dc): Small: 80-100cm, Medium: 90-110cm, Large: 100-120cm.<\/p>\n<p style=\"text-align: justify;\"><strong>Seisukord<\/strong>:<\/p>\n<ul>\n<li style=\"text-align: justify;\">uus (v\u00f5ib sisaldada hulgiladustamise j\u00e4lgi)<\/li>\n<li>uuev\u00e4\u00e4rne (sisaldab minimaalseid kulumisj\u00e4lgi)<\/li>\n<\/ul>\n","protected":false},"excerpt":{"rendered":"<p>Briti Armee v\u00f6\u00f6rihm PLCE Webbing, oliivroheline<\/p>\n","protected":false},"featured_media":67443,"template":"","meta":[],"product_brand":[],"product_cat":[2711],"product_tag":[],"class_list":{"0":"post-58761","1":"product","2":"type-product","3":"status-publish","4":"has-post-thumbnail","6":"product_cat-rihmad","7":"pa_brand-british-military-surplus","8":"pa_condition-uuevaarne","9":"pa_condition-uus","10":"pa_size-l-2","11":"pa_size-m-2","12":"pa_size-s-2","14":"first","15":"instock","16":"taxable","17":"shipping-taxable","18":"purchasable","19":"product-type-variable"},"yoast_head":"<!-- This site is optimized with the Yoast SEO plugin v27.2 - https:\/\/yoast.com\/product\/yoast-seo-wordpress\/ -->\n<title>Briti Armee v\u00f6\u00f6rihm PLCE Webbing Olive - outdoors.ee<\/title>\n<meta name=\"description\" content=\"Originaalne Briti s\u00f5jav\u00e4e p\u00fcksirihm, mis on toodetud vastupidavast nailonkangast suure ja t\u00f6\u00f6kindla, kuid samas kerge plastikpandlaga. Metallr\u00f5ngad rihma \u00fclemisel \u00e4\u00e4rel v\u00f5imaldavad rakmete ja muu varustuse kinnitamist.\u00a0Rihma laius on 58mm. Kaal: ca 0,26kg Suurus (kandja V\u00dc): Small: 80-100cm, Medium: 90-110cm, Large: 100-120cm. Seisukord: kasutatud, heas korras\" \/>\n<meta name=\"robots\" content=\"index, follow, max-snippet:-1, max-image-preview:large, max-video-preview:-1\" \/>\n<link rel=\"canonical\" href=\"https:\/\/www.outdoors.ee\/et\/toode\/briti-armee-voorihm-plce-webbing-olive\/\" \/>\n<meta property=\"og:locale\" content=\"et_EE\" \/>\n<meta property=\"og:type\" content=\"article\" \/>\n<meta property=\"og:title\" content=\"Briti Armee v\u00f6\u00f6rihm PLCE Webbing Olive\" \/>\n<meta property=\"og:description\" content=\"Originaalne Briti s\u00f5jav\u00e4e p\u00fcksirihm, mis on toodetud vastupidavast nailonkangast suure ja t\u00f6\u00f6kindla, kuid samas kerge plastikpandlaga. Metallr\u00f5ngad rihma \u00fclemisel \u00e4\u00e4rel v\u00f5imaldavad rakmete ja muu varustuse kinnitamist.\u00a0Rihma laius on 58mm. Kaal: ca 0,26kg Suurus (kandja V\u00dc): Small: 80-100cm, Medium: 90-110cm, Large: 100-120cm. Seisukord: kasutatud, heas korras\" \/>\n<meta property=\"og:url\" content=\"https:\/\/www.outdoors.ee\/et\/toode\/briti-armee-voorihm-plce-webbing-olive\/\" \/>\n<meta property=\"og:site_name\" content=\"Outdoors\" \/>\n<meta property=\"article:modified_time\" content=\"2024-12-24T19:55:32+00:00\" \/>\n<meta property=\"og:image\" content=\"https:\/\/www.outdoors.ee\/wp-content\/uploads\/2021\/12\/0265o-British-Army-PLCE-Webbing-Belt-Olive.jpg\" \/>\n\t<meta property=\"og:image:width\" content=\"840\" \/>\n\t<meta property=\"og:image:height\" content=\"700\" \/>\n\t<meta property=\"og:image:type\" content=\"image\/jpeg\" \/>\n<meta name=\"twitter:card\" content=\"summary_large_image\" \/>\n<meta name=\"twitter:title\" content=\"Briti Armee v\u00f6\u00f6rihm PLCE Webbing Olive\" \/>\n<meta name=\"twitter:label1\" content=\"Est. reading time\" \/>\n\t<meta name=\"twitter:data1\" content=\"1 minut\" \/>\n<script type=\"application\/ld+json\" class=\"yoast-schema-graph\">{\"@context\":\"https:\/\/schema.org\",\"@graph\":[{\"@type\":\"WebPage\",\"@id\":\"https:\/\/www.outdoors.ee\/et\/toode\/briti-armee-voorihm-plce-webbing-olive\/\",\"url\":\"https:\/\/www.outdoors.ee\/et\/toode\/briti-armee-voorihm-plce-webbing-olive\/\",\"name\":\"Briti Armee v\u00f6\u00f6rihm PLCE Webbing Olive - outdoors.ee\",\"isPartOf\":{\"@id\":\"https:\/\/www.outdoors.ee\/#website\"},\"primaryImageOfPage\":{\"@id\":\"https:\/\/www.outdoors.ee\/et\/toode\/briti-armee-voorihm-plce-webbing-olive\/#primaryimage\"},\"image\":{\"@id\":\"https:\/\/www.outdoors.ee\/et\/toode\/briti-armee-voorihm-plce-webbing-olive\/#primaryimage\"},\"thumbnailUrl\":\"https:\/\/www.outdoors.ee\/wp-content\/uploads\/2021\/12\/0265o-British-Army-PLCE-Webbing-Belt-Olive.jpg\",\"datePublished\":\"2021-12-09T00:00:00+00:00\",\"dateModified\":\"2024-12-24T19:55:32+00:00\",\"description\":\"Originaalne Briti s\u00f5jav\u00e4e p\u00fcksirihm, mis on toodetud vastupidavast nailonkangast suure ja t\u00f6\u00f6kindla, kuid samas kerge plastikpandlaga. Metallr\u00f5ngad rihma \u00fclemisel \u00e4\u00e4rel v\u00f5imaldavad rakmete ja muu varustuse kinnitamist.\u00a0Rihma laius on 58mm. Kaal: ca 0,26kg Suurus (kandja V\u00dc): Small: 80-100cm, Medium: 90-110cm, Large: 100-120cm. Seisukord: kasutatud, heas korras\",\"breadcrumb\":{\"@id\":\"https:\/\/www.outdoors.ee\/et\/toode\/briti-armee-voorihm-plce-webbing-olive\/#breadcrumb\"},\"inLanguage\":\"et\",\"potentialAction\":[{\"@type\":\"ReadAction\",\"target\":[\"https:\/\/www.outdoors.ee\/et\/toode\/briti-armee-voorihm-plce-webbing-olive\/\"]}]},{\"@type\":\"ImageObject\",\"inLanguage\":\"et\",\"@id\":\"https:\/\/www.outdoors.ee\/et\/toode\/briti-armee-voorihm-plce-webbing-olive\/#primaryimage\",\"url\":\"https:\/\/www.outdoors.ee\/wp-content\/uploads\/2021\/12\/0265o-British-Army-PLCE-Webbing-Belt-Olive.jpg\",\"contentUrl\":\"https:\/\/www.outdoors.ee\/wp-content\/uploads\/2021\/12\/0265o-British-Army-PLCE-Webbing-Belt-Olive.jpg\",\"width\":840,\"height\":700},{\"@type\":\"BreadcrumbList\",\"@id\":\"https:\/\/www.outdoors.ee\/et\/toode\/briti-armee-voorihm-plce-webbing-olive\/#breadcrumb\",\"itemListElement\":[{\"@type\":\"ListItem\",\"position\":1,\"name\":\"Home\",\"item\":\"https:\/\/www.outdoors.ee\/et\/\"},{\"@type\":\"ListItem\",\"position\":2,\"name\":\"Tooted\",\"item\":\"https:\/\/www.outdoors.ee\/products\/\"},{\"@type\":\"ListItem\",\"position\":3,\"name\":\"Briti Armee v\u00f6\u00f6rihm PLCE Webbing Olive\"}]},{\"@type\":\"WebSite\",\"@id\":\"https:\/\/www.outdoors.ee\/#website\",\"url\":\"https:\/\/www.outdoors.ee\/\",\"name\":\"Outdoors\",\"description\":\"Genuine military surplus and not only!\",\"potentialAction\":[{\"@type\":\"SearchAction\",\"target\":{\"@type\":\"EntryPoint\",\"urlTemplate\":\"https:\/\/www.outdoors.ee\/?s={search_term_string}\"},\"query-input\":{\"@type\":\"PropertyValueSpecification\",\"valueRequired\":true,\"valueName\":\"search_term_string\"}}],\"inLanguage\":\"et\"}]}<\/script>\n<!-- \/ Yoast SEO plugin. -->","yoast_head_json":{"title":"Briti Armee v\u00f6\u00f6rihm PLCE Webbing Olive - outdoors.ee","description":"Originaalne Briti s\u00f5jav\u00e4e p\u00fcksirihm, mis on toodetud vastupidavast nailonkangast suure ja t\u00f6\u00f6kindla, kuid samas kerge plastikpandlaga. Metallr\u00f5ngad rihma \u00fclemisel \u00e4\u00e4rel v\u00f5imaldavad rakmete ja muu varustuse kinnitamist.\u00a0Rihma laius on 58mm. Kaal: ca 0,26kg Suurus (kandja V\u00dc): Small: 80-100cm, Medium: 90-110cm, Large: 100-120cm. Seisukord: kasutatud, heas korras","robots":{"index":"index","follow":"follow","max-snippet":"max-snippet:-1","max-image-preview":"max-image-preview:large","max-video-preview":"max-video-preview:-1"},"canonical":"https:\/\/www.outdoors.ee\/et\/toode\/briti-armee-voorihm-plce-webbing-olive\/","og_locale":"et_EE","og_type":"article","og_title":"Briti Armee v\u00f6\u00f6rihm PLCE Webbing Olive","og_description":"Originaalne Briti s\u00f5jav\u00e4e p\u00fcksirihm, mis on toodetud vastupidavast nailonkangast suure ja t\u00f6\u00f6kindla, kuid samas kerge plastikpandlaga. Metallr\u00f5ngad rihma \u00fclemisel \u00e4\u00e4rel v\u00f5imaldavad rakmete ja muu varustuse kinnitamist.\u00a0Rihma laius on 58mm. Kaal: ca 0,26kg Suurus (kandja V\u00dc): Small: 80-100cm, Medium: 90-110cm, Large: 100-120cm. Seisukord: kasutatud, heas korras","og_url":"https:\/\/www.outdoors.ee\/et\/toode\/briti-armee-voorihm-plce-webbing-olive\/","og_site_name":"Outdoors","article_modified_time":"2024-12-24T19:55:32+00:00","og_image":[{"width":840,"height":700,"url":"https:\/\/www.outdoors.ee\/wp-content\/uploads\/2021\/12\/0265o-British-Army-PLCE-Webbing-Belt-Olive.jpg","type":"image\/jpeg"}],"twitter_card":"summary_large_image","twitter_title":"Briti Armee v\u00f6\u00f6rihm PLCE Webbing Olive","twitter_misc":{"Est. reading time":"1 minut"},"schema":{"@context":"https:\/\/schema.org","@graph":[{"@type":"WebPage","@id":"https:\/\/www.outdoors.ee\/et\/toode\/briti-armee-voorihm-plce-webbing-olive\/","url":"https:\/\/www.outdoors.ee\/et\/toode\/briti-armee-voorihm-plce-webbing-olive\/","name":"Briti Armee v\u00f6\u00f6rihm PLCE Webbing Olive - outdoors.ee","isPartOf":{"@id":"https:\/\/www.outdoors.ee\/#website"},"primaryImageOfPage":{"@id":"https:\/\/www.outdoors.ee\/et\/toode\/briti-armee-voorihm-plce-webbing-olive\/#primaryimage"},"image":{"@id":"https:\/\/www.outdoors.ee\/et\/toode\/briti-armee-voorihm-plce-webbing-olive\/#primaryimage"},"thumbnailUrl":"https:\/\/www.outdoors.ee\/wp-content\/uploads\/2021\/12\/0265o-British-Army-PLCE-Webbing-Belt-Olive.jpg","datePublished":"2021-12-09T00:00:00+00:00","dateModified":"2024-12-24T19:55:32+00:00","description":"Originaalne Briti s\u00f5jav\u00e4e p\u00fcksirihm, mis on toodetud vastupidavast nailonkangast suure ja t\u00f6\u00f6kindla, kuid samas kerge plastikpandlaga. Metallr\u00f5ngad rihma \u00fclemisel \u00e4\u00e4rel v\u00f5imaldavad rakmete ja muu varustuse kinnitamist.\u00a0Rihma laius on 58mm. Kaal: ca 0,26kg Suurus (kandja V\u00dc): Small: 80-100cm, Medium: 90-110cm, Large: 100-120cm. Seisukord: kasutatud, heas korras","breadcrumb":{"@id":"https:\/\/www.outdoors.ee\/et\/toode\/briti-armee-voorihm-plce-webbing-olive\/#breadcrumb"},"inLanguage":"et","potentialAction":[{"@type":"ReadAction","target":["https:\/\/www.outdoors.ee\/et\/toode\/briti-armee-voorihm-plce-webbing-olive\/"]}]},{"@type":"ImageObject","inLanguage":"et","@id":"https:\/\/www.outdoors.ee\/et\/toode\/briti-armee-voorihm-plce-webbing-olive\/#primaryimage","url":"https:\/\/www.outdoors.ee\/wp-content\/uploads\/2021\/12\/0265o-British-Army-PLCE-Webbing-Belt-Olive.jpg","contentUrl":"https:\/\/www.outdoors.ee\/wp-content\/uploads\/2021\/12\/0265o-British-Army-PLCE-Webbing-Belt-Olive.jpg","width":840,"height":700},{"@type":"BreadcrumbList","@id":"https:\/\/www.outdoors.ee\/et\/toode\/briti-armee-voorihm-plce-webbing-olive\/#breadcrumb","itemListElement":[{"@type":"ListItem","position":1,"name":"Home","item":"https:\/\/www.outdoors.ee\/et\/"},{"@type":"ListItem","position":2,"name":"Tooted","item":"https:\/\/www.outdoors.ee\/products\/"},{"@type":"ListItem","position":3,"name":"Briti Armee v\u00f6\u00f6rihm PLCE Webbing Olive"}]},{"@type":"WebSite","@id":"https:\/\/www.outdoors.ee\/#website","url":"https:\/\/www.outdoors.ee\/","name":"Outdoors","description":"Genuine military surplus and not only!","potentialAction":[{"@type":"SearchAction","target":{"@type":"EntryPoint","urlTemplate":"https:\/\/www.outdoors.ee\/?s={search_term_string}"},"query-input":{"@type":"PropertyValueSpecification","valueRequired":true,"valueName":"search_term_string"}}],"inLanguage":"et"}]}},"_links":{"self":[{"href":"https:\/\/www.outdoors.ee\/et\/wp-json\/wp\/v2\/product\/58761","targetHints":{"allow":["GET"]}}],"collection":[{"href":"https:\/\/www.outdoors.ee\/et\/wp-json\/wp\/v2\/product"}],"about":[{"href":"https:\/\/www.outdoors.ee\/et\/wp-json\/wp\/v2\/types\/product"}],"wp:featuredmedia":[{"embeddable":true,"href":"https:\/\/www.outdoors.ee\/et\/wp-json\/wp\/v2\/media\/67443"}],"wp:attachment":[{"href":"https:\/\/www.outdoors.ee\/et\/wp-json\/wp\/v2\/media?parent=58761"}],"wp:term":[{"taxonomy":"product_brand","embeddable":true,"href":"https:\/\/www.outdoors.ee\/et\/wp-json\/wp\/v2\/product_brand?post=58761"},{"taxonomy":"product_cat","embeddable":true,"href":"https:\/\/www.outdoors.ee\/et\/wp-json\/wp\/v2\/product_cat?post=58761"},{"taxonomy":"product_tag","embeddable":true,"href":"https:\/\/www.outdoors.ee\/et\/wp-json\/wp\/v2\/product_tag?post=58761"}],"curies":[{"name":"wp","href":"https:\/\/api.w.org\/{rel}","templated":true}]}}