{"id":58751,"date":"2021-12-09T00:00:00","date_gmt":"2021-12-09T00:00:00","guid":{"rendered":"https:\/\/www.outdoors.ee\/product\/briti-armee-kuulivesti-umbris-desert-uus\/"},"modified":"2023-07-14T15:50:09","modified_gmt":"2023-07-14T12:50:09","slug":"briti-armee-kuulivesti-umbris-desert","status":"publish","type":"product","link":"https:\/\/www.outdoors.ee\/et\/toode\/briti-armee-kuulivesti-umbris-desert\/","title":{"rendered":"Briti Armee kuulivesti \u00fcmbris Desert"},"content":{"rendered":"<p style=\"text-align: justify;\">Briti s\u00f5jav\u00e4e kuulivesti \u00fcmbris, mis on reeglina t\u00e4idetud nn &#8220;pehme&#8221; kevlari t\u00e4idisega ning plaatidega s\u00fcdamepiirkonnas nii ees kui taga. M\u00f5lemad on eemaldatavad, mis annab v\u00f5imaluse vesti pesemiseks.<\/p>\n<p style=\"text-align: justify;\">Vest on m\u00fc\u00fcgis ILMA kaitseta.<\/p>\n<p style=\"text-align: justify;\"><strong>Omadused:<\/strong><\/p>\n<ul style=\"text-align: justify;\">\n<li>takjakinnitusega eest suletav<\/li>\n<li>takjakinnitusega rihmade abil reguleeritav laius<\/li>\n<li>ligip\u00e4\u00e4s seest kaitseplaadi vahetuseks<\/li>\n<li>kiri sildil: Cover Body Armour Is Desert DPM<\/li>\n<\/ul>\n<p style=\"text-align: justify;\"><strong>Seisukord<\/strong>: uus (v\u00f5ib sisaldada hulgiladustamise j\u00e4lgi)<\/p>\n","protected":false},"excerpt":{"rendered":"<p>Briti Armee kuulivesti &uuml;mbris, Desert<\/p>\n","protected":false},"featured_media":17559,"template":"","meta":[],"product_brand":[],"product_cat":[149],"product_tag":[],"class_list":{"0":"post-58751","1":"product","2":"type-product","3":"status-publish","4":"has-post-thumbnail","6":"product_cat-taktikaline-varustus","7":"pa_brand-british-military-surplus","8":"pa_size-190-108-2","9":"pa_size-190-120-2","11":"first","12":"instock","13":"taxable","14":"shipping-taxable","15":"purchasable","16":"product-type-variable"},"yoast_head":"<!-- This site is optimized with the Yoast SEO plugin v27.2 - https:\/\/yoast.com\/product\/yoast-seo-wordpress\/ -->\n<title>Briti Armee kuulivesti \u00fcmbris Desert, uus - outdoors.ee<\/title>\n<meta name=\"description\" content=\"Originaalne Briti s&otilde;jav&auml;e kuulivesti &uuml;mbris, mis on reeglina t&auml;idetud nn &quot;pehme&quot; kevlari t&auml;idisega ning kevlari plaatidega s&uuml;damepiirkonnas nii ees kui taga. M&otilde;lemad on eemaldatavad, mis annab v&otilde;imaluse vesti pesemiseks. Vest on m&uuml;&uuml;gis ILMA kaitseta. Omadused: takjakinnitusega eest suletav takjakinnitusega rihmade abil reguleeritav laius ligip&auml;&auml;s seest kaitseplaadi vahetuseks kiri sildil: Cover Body Armour Is Desert DPM &nbsp; Seisukord: uuev&auml;&auml;rne\" \/>\n<meta name=\"robots\" content=\"index, follow, max-snippet:-1, max-image-preview:large, max-video-preview:-1\" \/>\n<link rel=\"canonical\" href=\"https:\/\/www.outdoors.ee\/et\/toode\/briti-armee-kuulivesti-umbris-desert\/\" \/>\n<meta property=\"og:locale\" content=\"et_EE\" \/>\n<meta property=\"og:type\" content=\"article\" \/>\n<meta property=\"og:title\" content=\"Briti Armee kuulivesti \u00fcmbris Desert, uus\" \/>\n<meta property=\"og:description\" content=\"Originaalne Briti s&otilde;jav&auml;e kuulivesti &uuml;mbris, mis on reeglina t&auml;idetud nn &quot;pehme&quot; kevlari t&auml;idisega ning kevlari plaatidega s&uuml;damepiirkonnas nii ees kui taga. M&otilde;lemad on eemaldatavad, mis annab v&otilde;imaluse vesti pesemiseks. Vest on m&uuml;&uuml;gis ILMA kaitseta. Omadused: takjakinnitusega eest suletav takjakinnitusega rihmade abil reguleeritav laius ligip&auml;&auml;s seest kaitseplaadi vahetuseks kiri sildil: Cover Body Armour Is Desert DPM &nbsp; Seisukord: uuev&auml;&auml;rne\" \/>\n<meta property=\"og:url\" content=\"https:\/\/www.outdoors.ee\/et\/toode\/briti-armee-kuulivesti-umbris-desert\/\" \/>\n<meta property=\"og:site_name\" content=\"Outdoors\" \/>\n<meta property=\"article:modified_time\" content=\"2023-07-14T12:50:09+00:00\" \/>\n<meta property=\"og:image\" content=\"https:\/\/www.outdoors.ee\/wp-content\/uploads\/2021\/09\/0263-1-British-Body-Armour-Cover-Desert.png\" \/>\n\t<meta property=\"og:image:width\" content=\"433\" \/>\n\t<meta property=\"og:image:height\" content=\"577\" \/>\n\t<meta property=\"og:image:type\" content=\"image\/png\" \/>\n<meta name=\"twitter:card\" content=\"summary_large_image\" \/>\n<meta name=\"twitter:title\" content=\"Briti Armee kuulivesti \u00fcmbris Desert, uus\" \/>\n<script type=\"application\/ld+json\" class=\"yoast-schema-graph\">{\"@context\":\"https:\/\/schema.org\",\"@graph\":[{\"@type\":\"WebPage\",\"@id\":\"https:\/\/www.outdoors.ee\/et\/toode\/briti-armee-kuulivesti-umbris-desert\/\",\"url\":\"https:\/\/www.outdoors.ee\/et\/toode\/briti-armee-kuulivesti-umbris-desert\/\",\"name\":\"Briti Armee kuulivesti \u00fcmbris Desert, uus - outdoors.ee\",\"isPartOf\":{\"@id\":\"https:\/\/www.outdoors.ee\/#website\"},\"primaryImageOfPage\":{\"@id\":\"https:\/\/www.outdoors.ee\/et\/toode\/briti-armee-kuulivesti-umbris-desert\/#primaryimage\"},\"image\":{\"@id\":\"https:\/\/www.outdoors.ee\/et\/toode\/briti-armee-kuulivesti-umbris-desert\/#primaryimage\"},\"thumbnailUrl\":\"https:\/\/www.outdoors.ee\/wp-content\/uploads\/2021\/09\/0263-1-British-Body-Armour-Cover-Desert.png\",\"datePublished\":\"2021-12-09T00:00:00+00:00\",\"dateModified\":\"2023-07-14T12:50:09+00:00\",\"description\":\"Originaalne Briti s&otilde;jav&auml;e kuulivesti &uuml;mbris, mis on reeglina t&auml;idetud nn \\\"pehme\\\" kevlari t&auml;idisega ning kevlari plaatidega s&uuml;damepiirkonnas nii ees kui taga. M&otilde;lemad on eemaldatavad, mis annab v&otilde;imaluse vesti pesemiseks. Vest on m&uuml;&uuml;gis ILMA kaitseta. Omadused: takjakinnitusega eest suletav takjakinnitusega rihmade abil reguleeritav laius ligip&auml;&auml;s seest kaitseplaadi vahetuseks kiri sildil: Cover Body Armour Is Desert DPM &nbsp; Seisukord: uuev&auml;&auml;rne\",\"breadcrumb\":{\"@id\":\"https:\/\/www.outdoors.ee\/et\/toode\/briti-armee-kuulivesti-umbris-desert\/#breadcrumb\"},\"inLanguage\":\"et\",\"potentialAction\":[{\"@type\":\"ReadAction\",\"target\":[\"https:\/\/www.outdoors.ee\/et\/toode\/briti-armee-kuulivesti-umbris-desert\/\"]}]},{\"@type\":\"ImageObject\",\"inLanguage\":\"et\",\"@id\":\"https:\/\/www.outdoors.ee\/et\/toode\/briti-armee-kuulivesti-umbris-desert\/#primaryimage\",\"url\":\"https:\/\/www.outdoors.ee\/wp-content\/uploads\/2021\/09\/0263-1-British-Body-Armour-Cover-Desert.png\",\"contentUrl\":\"https:\/\/www.outdoors.ee\/wp-content\/uploads\/2021\/09\/0263-1-British-Body-Armour-Cover-Desert.png\",\"width\":433,\"height\":577},{\"@type\":\"BreadcrumbList\",\"@id\":\"https:\/\/www.outdoors.ee\/et\/toode\/briti-armee-kuulivesti-umbris-desert\/#breadcrumb\",\"itemListElement\":[{\"@type\":\"ListItem\",\"position\":1,\"name\":\"Home\",\"item\":\"https:\/\/www.outdoors.ee\/et\/\"},{\"@type\":\"ListItem\",\"position\":2,\"name\":\"Tooted\",\"item\":\"https:\/\/www.outdoors.ee\/products\/\"},{\"@type\":\"ListItem\",\"position\":3,\"name\":\"Briti Armee kuulivesti \u00fcmbris Desert\"}]},{\"@type\":\"WebSite\",\"@id\":\"https:\/\/www.outdoors.ee\/#website\",\"url\":\"https:\/\/www.outdoors.ee\/\",\"name\":\"Outdoors\",\"description\":\"Genuine military surplus and not only!\",\"potentialAction\":[{\"@type\":\"SearchAction\",\"target\":{\"@type\":\"EntryPoint\",\"urlTemplate\":\"https:\/\/www.outdoors.ee\/?s={search_term_string}\"},\"query-input\":{\"@type\":\"PropertyValueSpecification\",\"valueRequired\":true,\"valueName\":\"search_term_string\"}}],\"inLanguage\":\"et\"}]}<\/script>\n<!-- \/ Yoast SEO plugin. -->","yoast_head_json":{"title":"Briti Armee kuulivesti \u00fcmbris Desert, uus - outdoors.ee","description":"Originaalne Briti s&otilde;jav&auml;e kuulivesti &uuml;mbris, mis on reeglina t&auml;idetud nn \"pehme\" kevlari t&auml;idisega ning kevlari plaatidega s&uuml;damepiirkonnas nii ees kui taga. M&otilde;lemad on eemaldatavad, mis annab v&otilde;imaluse vesti pesemiseks. Vest on m&uuml;&uuml;gis ILMA kaitseta. Omadused: takjakinnitusega eest suletav takjakinnitusega rihmade abil reguleeritav laius ligip&auml;&auml;s seest kaitseplaadi vahetuseks kiri sildil: Cover Body Armour Is Desert DPM &nbsp; Seisukord: uuev&auml;&auml;rne","robots":{"index":"index","follow":"follow","max-snippet":"max-snippet:-1","max-image-preview":"max-image-preview:large","max-video-preview":"max-video-preview:-1"},"canonical":"https:\/\/www.outdoors.ee\/et\/toode\/briti-armee-kuulivesti-umbris-desert\/","og_locale":"et_EE","og_type":"article","og_title":"Briti Armee kuulivesti \u00fcmbris Desert, uus","og_description":"Originaalne Briti s&otilde;jav&auml;e kuulivesti &uuml;mbris, mis on reeglina t&auml;idetud nn \"pehme\" kevlari t&auml;idisega ning kevlari plaatidega s&uuml;damepiirkonnas nii ees kui taga. M&otilde;lemad on eemaldatavad, mis annab v&otilde;imaluse vesti pesemiseks. Vest on m&uuml;&uuml;gis ILMA kaitseta. Omadused: takjakinnitusega eest suletav takjakinnitusega rihmade abil reguleeritav laius ligip&auml;&auml;s seest kaitseplaadi vahetuseks kiri sildil: Cover Body Armour Is Desert DPM &nbsp; Seisukord: uuev&auml;&auml;rne","og_url":"https:\/\/www.outdoors.ee\/et\/toode\/briti-armee-kuulivesti-umbris-desert\/","og_site_name":"Outdoors","article_modified_time":"2023-07-14T12:50:09+00:00","og_image":[{"width":433,"height":577,"url":"https:\/\/www.outdoors.ee\/wp-content\/uploads\/2021\/09\/0263-1-British-Body-Armour-Cover-Desert.png","type":"image\/png"}],"twitter_card":"summary_large_image","twitter_title":"Briti Armee kuulivesti \u00fcmbris Desert, uus","schema":{"@context":"https:\/\/schema.org","@graph":[{"@type":"WebPage","@id":"https:\/\/www.outdoors.ee\/et\/toode\/briti-armee-kuulivesti-umbris-desert\/","url":"https:\/\/www.outdoors.ee\/et\/toode\/briti-armee-kuulivesti-umbris-desert\/","name":"Briti Armee kuulivesti \u00fcmbris Desert, uus - outdoors.ee","isPartOf":{"@id":"https:\/\/www.outdoors.ee\/#website"},"primaryImageOfPage":{"@id":"https:\/\/www.outdoors.ee\/et\/toode\/briti-armee-kuulivesti-umbris-desert\/#primaryimage"},"image":{"@id":"https:\/\/www.outdoors.ee\/et\/toode\/briti-armee-kuulivesti-umbris-desert\/#primaryimage"},"thumbnailUrl":"https:\/\/www.outdoors.ee\/wp-content\/uploads\/2021\/09\/0263-1-British-Body-Armour-Cover-Desert.png","datePublished":"2021-12-09T00:00:00+00:00","dateModified":"2023-07-14T12:50:09+00:00","description":"Originaalne Briti s&otilde;jav&auml;e kuulivesti &uuml;mbris, mis on reeglina t&auml;idetud nn \"pehme\" kevlari t&auml;idisega ning kevlari plaatidega s&uuml;damepiirkonnas nii ees kui taga. M&otilde;lemad on eemaldatavad, mis annab v&otilde;imaluse vesti pesemiseks. Vest on m&uuml;&uuml;gis ILMA kaitseta. Omadused: takjakinnitusega eest suletav takjakinnitusega rihmade abil reguleeritav laius ligip&auml;&auml;s seest kaitseplaadi vahetuseks kiri sildil: Cover Body Armour Is Desert DPM &nbsp; Seisukord: uuev&auml;&auml;rne","breadcrumb":{"@id":"https:\/\/www.outdoors.ee\/et\/toode\/briti-armee-kuulivesti-umbris-desert\/#breadcrumb"},"inLanguage":"et","potentialAction":[{"@type":"ReadAction","target":["https:\/\/www.outdoors.ee\/et\/toode\/briti-armee-kuulivesti-umbris-desert\/"]}]},{"@type":"ImageObject","inLanguage":"et","@id":"https:\/\/www.outdoors.ee\/et\/toode\/briti-armee-kuulivesti-umbris-desert\/#primaryimage","url":"https:\/\/www.outdoors.ee\/wp-content\/uploads\/2021\/09\/0263-1-British-Body-Armour-Cover-Desert.png","contentUrl":"https:\/\/www.outdoors.ee\/wp-content\/uploads\/2021\/09\/0263-1-British-Body-Armour-Cover-Desert.png","width":433,"height":577},{"@type":"BreadcrumbList","@id":"https:\/\/www.outdoors.ee\/et\/toode\/briti-armee-kuulivesti-umbris-desert\/#breadcrumb","itemListElement":[{"@type":"ListItem","position":1,"name":"Home","item":"https:\/\/www.outdoors.ee\/et\/"},{"@type":"ListItem","position":2,"name":"Tooted","item":"https:\/\/www.outdoors.ee\/products\/"},{"@type":"ListItem","position":3,"name":"Briti Armee kuulivesti \u00fcmbris Desert"}]},{"@type":"WebSite","@id":"https:\/\/www.outdoors.ee\/#website","url":"https:\/\/www.outdoors.ee\/","name":"Outdoors","description":"Genuine military surplus and not only!","potentialAction":[{"@type":"SearchAction","target":{"@type":"EntryPoint","urlTemplate":"https:\/\/www.outdoors.ee\/?s={search_term_string}"},"query-input":{"@type":"PropertyValueSpecification","valueRequired":true,"valueName":"search_term_string"}}],"inLanguage":"et"}]}},"_links":{"self":[{"href":"https:\/\/www.outdoors.ee\/et\/wp-json\/wp\/v2\/product\/58751","targetHints":{"allow":["GET"]}}],"collection":[{"href":"https:\/\/www.outdoors.ee\/et\/wp-json\/wp\/v2\/product"}],"about":[{"href":"https:\/\/www.outdoors.ee\/et\/wp-json\/wp\/v2\/types\/product"}],"wp:featuredmedia":[{"embeddable":true,"href":"https:\/\/www.outdoors.ee\/et\/wp-json\/wp\/v2\/media\/17559"}],"wp:attachment":[{"href":"https:\/\/www.outdoors.ee\/et\/wp-json\/wp\/v2\/media?parent=58751"}],"wp:term":[{"taxonomy":"product_brand","embeddable":true,"href":"https:\/\/www.outdoors.ee\/et\/wp-json\/wp\/v2\/product_brand?post=58751"},{"taxonomy":"product_cat","embeddable":true,"href":"https:\/\/www.outdoors.ee\/et\/wp-json\/wp\/v2\/product_cat?post=58751"},{"taxonomy":"product_tag","embeddable":true,"href":"https:\/\/www.outdoors.ee\/et\/wp-json\/wp\/v2\/product_tag?post=58751"}],"curies":[{"name":"wp","href":"https:\/\/api.w.org\/{rel}","templated":true}]}}