{"id":58715,"date":"2021-12-09T00:00:00","date_gmt":"2021-12-08T22:00:00","guid":{"rendered":"https:\/\/www.outdoors.ee\/product\/briti-armee-fliisjakk\/"},"modified":"2024-12-26T20:16:37","modified_gmt":"2024-12-26T18:16:37","slug":"briti-armee-fliisjakk","status":"publish","type":"product","link":"https:\/\/www.outdoors.ee\/et\/toode\/briti-armee-fliisjakk\/","title":{"rendered":"Briti Armee fliisjakk Olive"},"content":{"rendered":"<p style=\"text-align: justify;\">Briti s\u00f5jav\u00e4e soe ja pehme fliisjakk. Kasutatav nii sooja vahekihina kui eraldi jopena kuiva ilmaga.<\/p>\n<p style=\"text-align: justify;\"><b>Omadused<\/b>:<\/p>\n<ul style=\"text-align: justify;\">\n<li>t\u00e4ispikkuses t\u00f5mblukuga eest suletav<\/li>\n<li>2 suurt t\u00f5mblukuga taskut<\/li>\n<li>alumine pingutusn\u00f6\u00f6r<\/li>\n<li>venivad mansetid p\u00f6idlaavaga<\/li>\n<li>Kiri sildil: Liner, Green, Thermal<\/li>\n<\/ul>\n<p style=\"text-align: justify;\"><strong>Suurus rippmen\u00fc\u00fcs (cm)<\/strong>: pikkus \/ rinna\u00fcmberm\u00f5\u00f5t<\/p>\n<p style=\"text-align: justify;\"><strong>Seisukord<\/strong>:<\/p>\n<ul>\n<li>uus (ilma j\u00e4em\u00fc\u00fcgipakendita, v\u00f5ib sisaldada hulgiladustamise j\u00e4lgi)<\/li>\n<li>uuev\u00e4\u00e4rne (sisaldab kergeid kulumisj\u00e4lgi)<\/li>\n<li>kasutatud, Grade 1 (sisaldab m\u00f5\u00f5dukaid kulumisj\u00e4lgi, v\u00f5ib sisaldada v\u00e4iksemaid vigastusi ning olla kergelt m\u00e4\u00e4rdunud)<\/li>\n<\/ul>\n<p style=\"text-align: justify;\">NB! Kaks veidi erinevat mudelit: \u00fcks tumehalli kaeluse ning mansettidega ja teine roheline. Kindla soovi korral t\u00e4psustage saadavus enne ostu sooritamist.<\/p>\n","protected":false},"excerpt":{"rendered":"<p>Briti Armee fliisjakk, roheline<\/p>\n","protected":false},"featured_media":17528,"template":"","meta":[],"product_brand":[],"product_cat":[129],"product_tag":[],"class_list":{"0":"post-58715","1":"product","2":"type-product","3":"status-publish","4":"has-post-thumbnail","6":"product_cat-soe-pesu-aluskiht","7":"pa_brand-british-military-surplus","8":"pa_condition-kasutatud-grade-1","9":"pa_condition-uuevaarne","10":"pa_condition-uus","11":"pa_size-160-104-2","12":"pa_size-160-88-3","13":"pa_size-160-96-2","14":"pa_size-170-104-2","15":"pa_size-170-112-2","16":"pa_size-170-88-2","17":"pa_size-170-96-2","18":"pa_size-180-104-2","19":"pa_size-180-112-2","20":"pa_size-180-96-2","21":"pa_size-190-104-2","22":"pa_size-190-112-2","23":"pa_size-190-96-2","25":"first","26":"instock","27":"taxable","28":"shipping-taxable","29":"purchasable","30":"product-type-variable"},"yoast_head":"<!-- This site is optimized with the Yoast SEO plugin v27.2 - https:\/\/yoast.com\/product\/yoast-seo-wordpress\/ -->\n<title>Briti Armee fliisjakk - outdoors.ee<\/title>\n<meta name=\"description\" content=\"Originaalne Briti s\u00f5jav\u00e4e soe ja\u00a0pehme ning \u00fcsna paks fliisjakk. Kasutatav nii sooja vahekihina kui eraldi jopena kuiva ilmaga. Omadused: t\u00e4ispikkuses t\u00f5mblukuga eest suletav 2 suurt t\u00f5mblukuga taskut\u00a0 alumine pingutusn\u00f6\u00f6r venivad mansetid n\u00e4puavaga Kiri sildil: Liner, Green, Thermal Suurus rippmen\u00fc\u00fcs (cm): pikkus \/ rinna\u00fcmberm\u00f5\u00f5t Seisukord:\u00a0 uus (v\u00f5ib sisaldada hulgiladustamise j\u00e4lgi) uuev\u00e4\u00e4rne (sisaldab minimaalseid kulumisj\u00e4lgi) kasutatud, Grade 1 (heas korras, m\u00f5\u00f5dukate kulumisj\u00e4lgedega ning v\u00f5ib olla kergelt m\u00e4\u00e4rdunud) NB! Kaks veidi erinevat mudelit: \u00fcks tumehalli kaeluse ning mansettidega ja teine t\u00e4isroheline. Kindla soovi korral t\u00e4psustage saadavus enne ostu sooritamist.\" \/>\n<meta name=\"robots\" content=\"index, follow, max-snippet:-1, max-image-preview:large, max-video-preview:-1\" \/>\n<link rel=\"canonical\" href=\"https:\/\/www.outdoors.ee\/et\/toode\/briti-armee-fliisjakk\/\" \/>\n<meta property=\"og:locale\" content=\"et_EE\" \/>\n<meta property=\"og:type\" content=\"article\" \/>\n<meta property=\"og:title\" content=\"Briti Armee fliisjakk\" \/>\n<meta property=\"og:description\" content=\"Originaalne Briti s\u00f5jav\u00e4e soe ja\u00a0pehme ning \u00fcsna paks fliisjakk. Kasutatav nii sooja vahekihina kui eraldi jopena kuiva ilmaga. Omadused: t\u00e4ispikkuses t\u00f5mblukuga eest suletav 2 suurt t\u00f5mblukuga taskut\u00a0 alumine pingutusn\u00f6\u00f6r venivad mansetid n\u00e4puavaga Kiri sildil: Liner, Green, Thermal Suurus rippmen\u00fc\u00fcs (cm): pikkus \/ rinna\u00fcmberm\u00f5\u00f5t Seisukord:\u00a0 uus (v\u00f5ib sisaldada hulgiladustamise j\u00e4lgi) uuev\u00e4\u00e4rne (sisaldab minimaalseid kulumisj\u00e4lgi) kasutatud, Grade 1 (heas korras, m\u00f5\u00f5dukate kulumisj\u00e4lgedega ning v\u00f5ib olla kergelt m\u00e4\u00e4rdunud) NB! Kaks veidi erinevat mudelit: \u00fcks tumehalli kaeluse ning mansettidega ja teine t\u00e4isroheline. Kindla soovi korral t\u00e4psustage saadavus enne ostu sooritamist.\" \/>\n<meta property=\"og:url\" content=\"https:\/\/www.outdoors.ee\/et\/toode\/briti-armee-fliisjakk\/\" \/>\n<meta property=\"og:site_name\" content=\"Outdoors\" \/>\n<meta property=\"article:modified_time\" content=\"2024-12-26T18:16:37+00:00\" \/>\n<meta property=\"og:image\" content=\"https:\/\/www.outdoors.ee\/wp-content\/uploads\/2021\/09\/0251-1-British-Thermal-Fleece-Liner.jpg\" \/>\n\t<meta property=\"og:image:width\" content=\"1154\" \/>\n\t<meta property=\"og:image:height\" content=\"1154\" \/>\n\t<meta property=\"og:image:type\" content=\"image\/jpeg\" \/>\n<meta name=\"twitter:card\" content=\"summary_large_image\" \/>\n<meta name=\"twitter:title\" content=\"Briti Armee fliisjakk\" \/>\n<meta name=\"twitter:label1\" content=\"Est. reading time\" \/>\n\t<meta name=\"twitter:data1\" content=\"1 minut\" \/>\n<script type=\"application\/ld+json\" class=\"yoast-schema-graph\">{\"@context\":\"https:\/\/schema.org\",\"@graph\":[{\"@type\":\"WebPage\",\"@id\":\"https:\/\/www.outdoors.ee\/et\/toode\/briti-armee-fliisjakk\/\",\"url\":\"https:\/\/www.outdoors.ee\/et\/toode\/briti-armee-fliisjakk\/\",\"name\":\"Briti Armee fliisjakk - outdoors.ee\",\"isPartOf\":{\"@id\":\"https:\/\/www.outdoors.ee\/#website\"},\"primaryImageOfPage\":{\"@id\":\"https:\/\/www.outdoors.ee\/et\/toode\/briti-armee-fliisjakk\/#primaryimage\"},\"image\":{\"@id\":\"https:\/\/www.outdoors.ee\/et\/toode\/briti-armee-fliisjakk\/#primaryimage\"},\"thumbnailUrl\":\"https:\/\/www.outdoors.ee\/wp-content\/uploads\/2021\/09\/0251-1-British-Thermal-Fleece-Liner.jpg\",\"datePublished\":\"2021-12-08T22:00:00+00:00\",\"dateModified\":\"2024-12-26T18:16:37+00:00\",\"description\":\"Originaalne Briti s\u00f5jav\u00e4e soe ja\u00a0pehme ning \u00fcsna paks fliisjakk. Kasutatav nii sooja vahekihina kui eraldi jopena kuiva ilmaga. Omadused: t\u00e4ispikkuses t\u00f5mblukuga eest suletav 2 suurt t\u00f5mblukuga taskut\u00a0 alumine pingutusn\u00f6\u00f6r venivad mansetid n\u00e4puavaga Kiri sildil: Liner, Green, Thermal Suurus rippmen\u00fc\u00fcs (cm): pikkus \/ rinna\u00fcmberm\u00f5\u00f5t Seisukord:\u00a0 uus (v\u00f5ib sisaldada hulgiladustamise j\u00e4lgi) uuev\u00e4\u00e4rne (sisaldab minimaalseid kulumisj\u00e4lgi) kasutatud, Grade 1 (heas korras, m\u00f5\u00f5dukate kulumisj\u00e4lgedega ning v\u00f5ib olla kergelt m\u00e4\u00e4rdunud) NB! Kaks veidi erinevat mudelit: \u00fcks tumehalli kaeluse ning mansettidega ja teine t\u00e4isroheline. Kindla soovi korral t\u00e4psustage saadavus enne ostu sooritamist.\",\"breadcrumb\":{\"@id\":\"https:\/\/www.outdoors.ee\/et\/toode\/briti-armee-fliisjakk\/#breadcrumb\"},\"inLanguage\":\"et\",\"potentialAction\":[{\"@type\":\"ReadAction\",\"target\":[\"https:\/\/www.outdoors.ee\/et\/toode\/briti-armee-fliisjakk\/\"]}]},{\"@type\":\"ImageObject\",\"inLanguage\":\"et\",\"@id\":\"https:\/\/www.outdoors.ee\/et\/toode\/briti-armee-fliisjakk\/#primaryimage\",\"url\":\"https:\/\/www.outdoors.ee\/wp-content\/uploads\/2021\/09\/0251-1-British-Thermal-Fleece-Liner.jpg\",\"contentUrl\":\"https:\/\/www.outdoors.ee\/wp-content\/uploads\/2021\/09\/0251-1-British-Thermal-Fleece-Liner.jpg\",\"width\":1154,\"height\":1154},{\"@type\":\"BreadcrumbList\",\"@id\":\"https:\/\/www.outdoors.ee\/et\/toode\/briti-armee-fliisjakk\/#breadcrumb\",\"itemListElement\":[{\"@type\":\"ListItem\",\"position\":1,\"name\":\"Home\",\"item\":\"https:\/\/www.outdoors.ee\/et\/\"},{\"@type\":\"ListItem\",\"position\":2,\"name\":\"Tooted\",\"item\":\"https:\/\/www.outdoors.ee\/products\/\"},{\"@type\":\"ListItem\",\"position\":3,\"name\":\"Briti Armee fliisjakk Olive\"}]},{\"@type\":\"WebSite\",\"@id\":\"https:\/\/www.outdoors.ee\/#website\",\"url\":\"https:\/\/www.outdoors.ee\/\",\"name\":\"Outdoors\",\"description\":\"Genuine military surplus and not only!\",\"potentialAction\":[{\"@type\":\"SearchAction\",\"target\":{\"@type\":\"EntryPoint\",\"urlTemplate\":\"https:\/\/www.outdoors.ee\/?s={search_term_string}\"},\"query-input\":{\"@type\":\"PropertyValueSpecification\",\"valueRequired\":true,\"valueName\":\"search_term_string\"}}],\"inLanguage\":\"et\"}]}<\/script>\n<!-- \/ Yoast SEO plugin. -->","yoast_head_json":{"title":"Briti Armee fliisjakk - outdoors.ee","description":"Originaalne Briti s\u00f5jav\u00e4e soe ja\u00a0pehme ning \u00fcsna paks fliisjakk. Kasutatav nii sooja vahekihina kui eraldi jopena kuiva ilmaga. Omadused: t\u00e4ispikkuses t\u00f5mblukuga eest suletav 2 suurt t\u00f5mblukuga taskut\u00a0 alumine pingutusn\u00f6\u00f6r venivad mansetid n\u00e4puavaga Kiri sildil: Liner, Green, Thermal Suurus rippmen\u00fc\u00fcs (cm): pikkus \/ rinna\u00fcmberm\u00f5\u00f5t Seisukord:\u00a0 uus (v\u00f5ib sisaldada hulgiladustamise j\u00e4lgi) uuev\u00e4\u00e4rne (sisaldab minimaalseid kulumisj\u00e4lgi) kasutatud, Grade 1 (heas korras, m\u00f5\u00f5dukate kulumisj\u00e4lgedega ning v\u00f5ib olla kergelt m\u00e4\u00e4rdunud) NB! Kaks veidi erinevat mudelit: \u00fcks tumehalli kaeluse ning mansettidega ja teine t\u00e4isroheline. Kindla soovi korral t\u00e4psustage saadavus enne ostu sooritamist.","robots":{"index":"index","follow":"follow","max-snippet":"max-snippet:-1","max-image-preview":"max-image-preview:large","max-video-preview":"max-video-preview:-1"},"canonical":"https:\/\/www.outdoors.ee\/et\/toode\/briti-armee-fliisjakk\/","og_locale":"et_EE","og_type":"article","og_title":"Briti Armee fliisjakk","og_description":"Originaalne Briti s\u00f5jav\u00e4e soe ja\u00a0pehme ning \u00fcsna paks fliisjakk. Kasutatav nii sooja vahekihina kui eraldi jopena kuiva ilmaga. Omadused: t\u00e4ispikkuses t\u00f5mblukuga eest suletav 2 suurt t\u00f5mblukuga taskut\u00a0 alumine pingutusn\u00f6\u00f6r venivad mansetid n\u00e4puavaga Kiri sildil: Liner, Green, Thermal Suurus rippmen\u00fc\u00fcs (cm): pikkus \/ rinna\u00fcmberm\u00f5\u00f5t Seisukord:\u00a0 uus (v\u00f5ib sisaldada hulgiladustamise j\u00e4lgi) uuev\u00e4\u00e4rne (sisaldab minimaalseid kulumisj\u00e4lgi) kasutatud, Grade 1 (heas korras, m\u00f5\u00f5dukate kulumisj\u00e4lgedega ning v\u00f5ib olla kergelt m\u00e4\u00e4rdunud) NB! Kaks veidi erinevat mudelit: \u00fcks tumehalli kaeluse ning mansettidega ja teine t\u00e4isroheline. Kindla soovi korral t\u00e4psustage saadavus enne ostu sooritamist.","og_url":"https:\/\/www.outdoors.ee\/et\/toode\/briti-armee-fliisjakk\/","og_site_name":"Outdoors","article_modified_time":"2024-12-26T18:16:37+00:00","og_image":[{"width":1154,"height":1154,"url":"https:\/\/www.outdoors.ee\/wp-content\/uploads\/2021\/09\/0251-1-British-Thermal-Fleece-Liner.jpg","type":"image\/jpeg"}],"twitter_card":"summary_large_image","twitter_title":"Briti Armee fliisjakk","twitter_misc":{"Est. reading time":"1 minut"},"schema":{"@context":"https:\/\/schema.org","@graph":[{"@type":"WebPage","@id":"https:\/\/www.outdoors.ee\/et\/toode\/briti-armee-fliisjakk\/","url":"https:\/\/www.outdoors.ee\/et\/toode\/briti-armee-fliisjakk\/","name":"Briti Armee fliisjakk - outdoors.ee","isPartOf":{"@id":"https:\/\/www.outdoors.ee\/#website"},"primaryImageOfPage":{"@id":"https:\/\/www.outdoors.ee\/et\/toode\/briti-armee-fliisjakk\/#primaryimage"},"image":{"@id":"https:\/\/www.outdoors.ee\/et\/toode\/briti-armee-fliisjakk\/#primaryimage"},"thumbnailUrl":"https:\/\/www.outdoors.ee\/wp-content\/uploads\/2021\/09\/0251-1-British-Thermal-Fleece-Liner.jpg","datePublished":"2021-12-08T22:00:00+00:00","dateModified":"2024-12-26T18:16:37+00:00","description":"Originaalne Briti s\u00f5jav\u00e4e soe ja\u00a0pehme ning \u00fcsna paks fliisjakk. Kasutatav nii sooja vahekihina kui eraldi jopena kuiva ilmaga. Omadused: t\u00e4ispikkuses t\u00f5mblukuga eest suletav 2 suurt t\u00f5mblukuga taskut\u00a0 alumine pingutusn\u00f6\u00f6r venivad mansetid n\u00e4puavaga Kiri sildil: Liner, Green, Thermal Suurus rippmen\u00fc\u00fcs (cm): pikkus \/ rinna\u00fcmberm\u00f5\u00f5t Seisukord:\u00a0 uus (v\u00f5ib sisaldada hulgiladustamise j\u00e4lgi) uuev\u00e4\u00e4rne (sisaldab minimaalseid kulumisj\u00e4lgi) kasutatud, Grade 1 (heas korras, m\u00f5\u00f5dukate kulumisj\u00e4lgedega ning v\u00f5ib olla kergelt m\u00e4\u00e4rdunud) NB! Kaks veidi erinevat mudelit: \u00fcks tumehalli kaeluse ning mansettidega ja teine t\u00e4isroheline. Kindla soovi korral t\u00e4psustage saadavus enne ostu sooritamist.","breadcrumb":{"@id":"https:\/\/www.outdoors.ee\/et\/toode\/briti-armee-fliisjakk\/#breadcrumb"},"inLanguage":"et","potentialAction":[{"@type":"ReadAction","target":["https:\/\/www.outdoors.ee\/et\/toode\/briti-armee-fliisjakk\/"]}]},{"@type":"ImageObject","inLanguage":"et","@id":"https:\/\/www.outdoors.ee\/et\/toode\/briti-armee-fliisjakk\/#primaryimage","url":"https:\/\/www.outdoors.ee\/wp-content\/uploads\/2021\/09\/0251-1-British-Thermal-Fleece-Liner.jpg","contentUrl":"https:\/\/www.outdoors.ee\/wp-content\/uploads\/2021\/09\/0251-1-British-Thermal-Fleece-Liner.jpg","width":1154,"height":1154},{"@type":"BreadcrumbList","@id":"https:\/\/www.outdoors.ee\/et\/toode\/briti-armee-fliisjakk\/#breadcrumb","itemListElement":[{"@type":"ListItem","position":1,"name":"Home","item":"https:\/\/www.outdoors.ee\/et\/"},{"@type":"ListItem","position":2,"name":"Tooted","item":"https:\/\/www.outdoors.ee\/products\/"},{"@type":"ListItem","position":3,"name":"Briti Armee fliisjakk Olive"}]},{"@type":"WebSite","@id":"https:\/\/www.outdoors.ee\/#website","url":"https:\/\/www.outdoors.ee\/","name":"Outdoors","description":"Genuine military surplus and not only!","potentialAction":[{"@type":"SearchAction","target":{"@type":"EntryPoint","urlTemplate":"https:\/\/www.outdoors.ee\/?s={search_term_string}"},"query-input":{"@type":"PropertyValueSpecification","valueRequired":true,"valueName":"search_term_string"}}],"inLanguage":"et"}]}},"_links":{"self":[{"href":"https:\/\/www.outdoors.ee\/et\/wp-json\/wp\/v2\/product\/58715","targetHints":{"allow":["GET"]}}],"collection":[{"href":"https:\/\/www.outdoors.ee\/et\/wp-json\/wp\/v2\/product"}],"about":[{"href":"https:\/\/www.outdoors.ee\/et\/wp-json\/wp\/v2\/types\/product"}],"wp:featuredmedia":[{"embeddable":true,"href":"https:\/\/www.outdoors.ee\/et\/wp-json\/wp\/v2\/media\/17528"}],"wp:attachment":[{"href":"https:\/\/www.outdoors.ee\/et\/wp-json\/wp\/v2\/media?parent=58715"}],"wp:term":[{"taxonomy":"product_brand","embeddable":true,"href":"https:\/\/www.outdoors.ee\/et\/wp-json\/wp\/v2\/product_brand?post=58715"},{"taxonomy":"product_cat","embeddable":true,"href":"https:\/\/www.outdoors.ee\/et\/wp-json\/wp\/v2\/product_cat?post=58715"},{"taxonomy":"product_tag","embeddable":true,"href":"https:\/\/www.outdoors.ee\/et\/wp-json\/wp\/v2\/product_tag?post=58715"}],"curies":[{"name":"wp","href":"https:\/\/api.w.org\/{rel}","templated":true}]}}