{"id":58704,"date":"2021-12-09T00:00:00","date_gmt":"2021-12-09T00:00:00","guid":{"rendered":"https:\/\/www.outdoors.ee\/product\/briti-armee-magamiskott-arctic\/"},"modified":"2026-04-08T13:58:33","modified_gmt":"2026-04-08T10:58:33","slug":"briti-armee-magamiskott-arctic","status":"publish","type":"product","link":"https:\/\/www.outdoors.ee\/et\/toode\/briti-armee-magamiskott-arctic\/","title":{"rendered":"Briti Armee magamiskott Arctic"},"content":{"rendered":"<p style=\"text-align: justify;\">Briti s\u00f5jav\u00e4e originaal, paks ja soe magamiskott on ideaalne matkakaaslane k\u00fclma ilma tingimustes. Selle kaasaaegne soojustusmaterjal annab v\u00f5imaluse selle magamiskoti aastaringseks kasutamiseks. Magamiskotil on massiivne klapiga t\u00f5mblukk, mis ei ulatu p\u00e4ris jalgadeni v\u00e4lja suurema soojuskadu \u00e4rahoidmiseks. Pingutusn\u00f6\u00f6ridega kapuuts ning kaks sisemist taskut. Magamiskott Arctic on Briti Armee nn kaasaaegse modulaarse magamiss\u00fcsteemi eelk\u00e4ija.<\/p>\n<p style=\"text-align: justify;\"><strong>Kaal <\/strong>ca 2,5kg<\/p>\n<p style=\"text-align: justify;\"><strong>Ligikaudsed m\u00f5\u00f5tmed<\/strong>:<\/p>\n<p style=\"text-align: justify;\">Suurus L: pikkus &#8211; 220cm, laius \u00f5lgade piirkonnas &#8211; 80cm, laius jalgade piirkonnas &#8211; 60cm<\/p>\n<p style=\"text-align: justify;\">Suurus M: pikkus &#8211; 185cm, laius \u00f5lgade piirkonnas &#8211; 70cm, laius jalgade piirkonnas &#8211; 50cm<\/p>\n<p style=\"text-align: justify;\">Mudel v\u00f5ib veidi varjeeruda.<\/p>\n<p style=\"text-align: justify;\"><strong>Seisukord:\u00a0<\/strong><\/p>\n<ul>\n<li>uus (v\u00f5ib sisaldada hulgiladustamise j\u00e4lgi ja\/v\u00f5i kirjasid sildil, kompressioonkott komplektis)<\/li>\n<li>uuev\u00e4\u00e4rne (sisaldab kergeid kulumisj\u00e4lgi. <span style=\"text-decoration: underline;\">Ilma kompressioonkotita<\/span>)<\/li>\n<li>kasutatud, Grade 1 (sisaldab kergeid v\u00f5i m\u00f5\u00f5dukaid kulumisj\u00e4lgi, v\u00f5ib esineda v\u00e4iksemaid pealiskihi vigastusi. <span style=\"text-decoration: underline;\">Ilma kompressioonkotita)<\/span><\/li>\n<li>kasutatud, Grade 2 (sisaldab s\u00fcgavamaid kulumisj\u00e4lgi ning ulatuslikumaid kuid samas parandatavaid pealiskihi vigastusi. <span style=\"text-decoration: underline;\">Ilma kompressioonkotita<\/span>)<\/li>\n<\/ul>\n","protected":false},"excerpt":{"rendered":"<p>Briti Armee magamiskott Arctic, oliivroheline<\/p>\n","protected":false},"featured_media":26874,"template":"","meta":[],"product_brand":[],"product_cat":[150],"product_tag":[],"class_list":{"0":"post-58704","1":"product","2":"type-product","3":"status-publish","4":"has-post-thumbnail","6":"product_cat-magamisvarustus","7":"pa_brand-british-military-surplus","8":"pa_condition-kasutatud-grade-1","9":"pa_condition-kasutatud-grade-2","10":"pa_condition-uuevaarne","11":"pa_condition-uus","12":"pa_size-l-2","13":"pa_size-m-2","15":"first","16":"instock","17":"taxable","18":"shipping-taxable","19":"purchasable","20":"product-type-variable"},"yoast_head":"<!-- This site is optimized with the Yoast SEO plugin v27.2 - https:\/\/yoast.com\/product\/yoast-seo-wordpress\/ -->\n<title>Briti Armee magamiskott Arctic - outdoors.ee<\/title>\n<meta name=\"description\" content=\"Briti s\u00f5jav\u00e4e originaal, paks ja soe magamiskott on ideaalne matkakaaslane k\u00fclma ilma tingimustes. Selle kaasaaegne soojustusmaterjal annab v\u00f5imaluse selle magamiskoti aastaringseks kasutamiseks. Magamiskotil on massiivne klapiga t\u00f5mblukk, mis ei ulatu p\u00e4ris jalgadeni v\u00e4lja suurema soojuskadu \u00e4rahoidmiseks. Pingutusn\u00f6\u00f6ridega kapuuts ning kaks sisemist taskut. Magamiskott Arctic on Briti Armee nn kaasaaegse modulaarse magamiss\u00fcsteemi eelk\u00e4ija. Kaal: ca 2,5kg ilma kompressioonkotita Ligikaudsed m\u00f5\u00f5dud: Suurus L: pikkus - 220cm, laius \u00f5lgade piirkonnas - 80cm, laius jalgade piirkonnas - 60cm Suurus M: pikkus - 185cm, laius \u00f5lgade piirkonnas - 70cm, laius jalgade piirkonnas - 50cm Mudel v\u00f5ib veidi varjeeruda. Seisukord:\u00a0 uus (v\u00f5ib sisaldada hulgiladustamise j\u00e4lgi ning kirjeid sildil) uuev\u00e4\u00e4rne (sisaldab minimaalseid kulumisj\u00e4lgi) kasutatud, Grade 1 (sisaldab kergeid v\u00f5i m\u00f5\u00f5dukaid kulumisj\u00e4lgi, v\u00f5ib esineda v\u00e4iksemaid pealiskihi vigastusi ja\/v\u00f5i parandusi. selle seisukorra puhul\u00a0ei tule kompressioonikott\u00a0magamiskotiga\u00a0kaasa) kasutatud, Grade 2 (sisaldab m\u00e4rkimisv\u00e4\u00e4rseid kulumisj\u00e4lgi, v\u00f5ib olla m\u00e4\u00e4rdunud ning vajada korralikku pesu enne kasutust, v\u00f5ib esineda pealiskihi vigastusi ja\/v\u00f5i parandusi. selle seisukorra puhul\u00a0ei tule kompressioonikott\u00a0magamiskotiga\u00a0kaasa)\" \/>\n<meta name=\"robots\" content=\"index, follow, max-snippet:-1, max-image-preview:large, max-video-preview:-1\" \/>\n<link rel=\"canonical\" href=\"https:\/\/www.outdoors.ee\/et\/toode\/briti-armee-magamiskott-arctic\/\" \/>\n<meta property=\"og:locale\" content=\"et_EE\" \/>\n<meta property=\"og:type\" content=\"article\" \/>\n<meta property=\"og:title\" content=\"Briti Armee magamiskott Arctic\" \/>\n<meta property=\"og:description\" content=\"Briti s\u00f5jav\u00e4e originaal, paks ja soe magamiskott on ideaalne matkakaaslane k\u00fclma ilma tingimustes. Selle kaasaaegne soojustusmaterjal annab v\u00f5imaluse selle magamiskoti aastaringseks kasutamiseks. Magamiskotil on massiivne klapiga t\u00f5mblukk, mis ei ulatu p\u00e4ris jalgadeni v\u00e4lja suurema soojuskadu \u00e4rahoidmiseks. Pingutusn\u00f6\u00f6ridega kapuuts ning kaks sisemist taskut. Magamiskott Arctic on Briti Armee nn kaasaaegse modulaarse magamiss\u00fcsteemi eelk\u00e4ija. Kaal: ca 2,5kg ilma kompressioonkotita Ligikaudsed m\u00f5\u00f5dud: Suurus L: pikkus - 220cm, laius \u00f5lgade piirkonnas - 80cm, laius jalgade piirkonnas - 60cm Suurus M: pikkus - 185cm, laius \u00f5lgade piirkonnas - 70cm, laius jalgade piirkonnas - 50cm Mudel v\u00f5ib veidi varjeeruda. Seisukord:\u00a0 uus (v\u00f5ib sisaldada hulgiladustamise j\u00e4lgi ning kirjeid sildil) uuev\u00e4\u00e4rne (sisaldab minimaalseid kulumisj\u00e4lgi) kasutatud, Grade 1 (sisaldab kergeid v\u00f5i m\u00f5\u00f5dukaid kulumisj\u00e4lgi, v\u00f5ib esineda v\u00e4iksemaid pealiskihi vigastusi ja\/v\u00f5i parandusi. selle seisukorra puhul\u00a0ei tule kompressioonikott\u00a0magamiskotiga\u00a0kaasa) kasutatud, Grade 2 (sisaldab m\u00e4rkimisv\u00e4\u00e4rseid kulumisj\u00e4lgi, v\u00f5ib olla m\u00e4\u00e4rdunud ning vajada korralikku pesu enne kasutust, v\u00f5ib esineda pealiskihi vigastusi ja\/v\u00f5i parandusi. selle seisukorra puhul\u00a0ei tule kompressioonikott\u00a0magamiskotiga\u00a0kaasa)\" \/>\n<meta property=\"og:url\" content=\"https:\/\/www.outdoors.ee\/et\/toode\/briti-armee-magamiskott-arctic\/\" \/>\n<meta property=\"og:site_name\" content=\"Outdoors\" \/>\n<meta property=\"article:modified_time\" content=\"2026-04-08T10:58:33+00:00\" \/>\n<meta property=\"og:image\" content=\"https:\/\/www.outdoors.ee\/wp-content\/uploads\/2021\/12\/0242-British-Army-Arctic-Sleeping-Bag.jpg\" \/>\n\t<meta property=\"og:image:width\" content=\"556\" \/>\n\t<meta property=\"og:image:height\" content=\"661\" \/>\n\t<meta property=\"og:image:type\" content=\"image\/jpeg\" \/>\n<meta name=\"twitter:card\" content=\"summary_large_image\" \/>\n<meta name=\"twitter:title\" content=\"Briti Armee magamiskott Arctic\" \/>\n<meta name=\"twitter:label1\" content=\"Est. reading time\" \/>\n\t<meta name=\"twitter:data1\" content=\"1 minut\" \/>\n<script type=\"application\/ld+json\" class=\"yoast-schema-graph\">{\"@context\":\"https:\/\/schema.org\",\"@graph\":[{\"@type\":\"WebPage\",\"@id\":\"https:\/\/www.outdoors.ee\/et\/toode\/briti-armee-magamiskott-arctic\/\",\"url\":\"https:\/\/www.outdoors.ee\/et\/toode\/briti-armee-magamiskott-arctic\/\",\"name\":\"Briti Armee magamiskott Arctic - outdoors.ee\",\"isPartOf\":{\"@id\":\"https:\/\/www.outdoors.ee\/#website\"},\"primaryImageOfPage\":{\"@id\":\"https:\/\/www.outdoors.ee\/et\/toode\/briti-armee-magamiskott-arctic\/#primaryimage\"},\"image\":{\"@id\":\"https:\/\/www.outdoors.ee\/et\/toode\/briti-armee-magamiskott-arctic\/#primaryimage\"},\"thumbnailUrl\":\"https:\/\/www.outdoors.ee\/wp-content\/uploads\/2021\/12\/0242-British-Army-Arctic-Sleeping-Bag.jpg\",\"datePublished\":\"2021-12-09T00:00:00+00:00\",\"dateModified\":\"2026-04-08T10:58:33+00:00\",\"description\":\"Briti s\u00f5jav\u00e4e originaal, paks ja soe magamiskott on ideaalne matkakaaslane k\u00fclma ilma tingimustes. Selle kaasaaegne soojustusmaterjal annab v\u00f5imaluse selle magamiskoti aastaringseks kasutamiseks. Magamiskotil on massiivne klapiga t\u00f5mblukk, mis ei ulatu p\u00e4ris jalgadeni v\u00e4lja suurema soojuskadu \u00e4rahoidmiseks. Pingutusn\u00f6\u00f6ridega kapuuts ning kaks sisemist taskut. Magamiskott Arctic on Briti Armee nn kaasaaegse modulaarse magamiss\u00fcsteemi eelk\u00e4ija. Kaal: ca 2,5kg ilma kompressioonkotita Ligikaudsed m\u00f5\u00f5dud: Suurus L: pikkus - 220cm, laius \u00f5lgade piirkonnas - 80cm, laius jalgade piirkonnas - 60cm Suurus M: pikkus - 185cm, laius \u00f5lgade piirkonnas - 70cm, laius jalgade piirkonnas - 50cm Mudel v\u00f5ib veidi varjeeruda. Seisukord:\u00a0 uus (v\u00f5ib sisaldada hulgiladustamise j\u00e4lgi ning kirjeid sildil) uuev\u00e4\u00e4rne (sisaldab minimaalseid kulumisj\u00e4lgi) kasutatud, Grade 1 (sisaldab kergeid v\u00f5i m\u00f5\u00f5dukaid kulumisj\u00e4lgi, v\u00f5ib esineda v\u00e4iksemaid pealiskihi vigastusi ja\/v\u00f5i parandusi. selle seisukorra puhul\u00a0ei tule kompressioonikott\u00a0magamiskotiga\u00a0kaasa) kasutatud, Grade 2 (sisaldab m\u00e4rkimisv\u00e4\u00e4rseid kulumisj\u00e4lgi, v\u00f5ib olla m\u00e4\u00e4rdunud ning vajada korralikku pesu enne kasutust, v\u00f5ib esineda pealiskihi vigastusi ja\/v\u00f5i parandusi. selle seisukorra puhul\u00a0ei tule kompressioonikott\u00a0magamiskotiga\u00a0kaasa)\",\"breadcrumb\":{\"@id\":\"https:\/\/www.outdoors.ee\/et\/toode\/briti-armee-magamiskott-arctic\/#breadcrumb\"},\"inLanguage\":\"et\",\"potentialAction\":[{\"@type\":\"ReadAction\",\"target\":[\"https:\/\/www.outdoors.ee\/et\/toode\/briti-armee-magamiskott-arctic\/\"]}]},{\"@type\":\"ImageObject\",\"inLanguage\":\"et\",\"@id\":\"https:\/\/www.outdoors.ee\/et\/toode\/briti-armee-magamiskott-arctic\/#primaryimage\",\"url\":\"https:\/\/www.outdoors.ee\/wp-content\/uploads\/2021\/12\/0242-British-Army-Arctic-Sleeping-Bag.jpg\",\"contentUrl\":\"https:\/\/www.outdoors.ee\/wp-content\/uploads\/2021\/12\/0242-British-Army-Arctic-Sleeping-Bag.jpg\",\"width\":556,\"height\":661},{\"@type\":\"BreadcrumbList\",\"@id\":\"https:\/\/www.outdoors.ee\/et\/toode\/briti-armee-magamiskott-arctic\/#breadcrumb\",\"itemListElement\":[{\"@type\":\"ListItem\",\"position\":1,\"name\":\"Home\",\"item\":\"https:\/\/www.outdoors.ee\/et\/\"},{\"@type\":\"ListItem\",\"position\":2,\"name\":\"Tooted\",\"item\":\"https:\/\/www.outdoors.ee\/products\/\"},{\"@type\":\"ListItem\",\"position\":3,\"name\":\"Briti Armee magamiskott Arctic\"}]},{\"@type\":\"WebSite\",\"@id\":\"https:\/\/www.outdoors.ee\/#website\",\"url\":\"https:\/\/www.outdoors.ee\/\",\"name\":\"Outdoors\",\"description\":\"Genuine military surplus and not only!\",\"potentialAction\":[{\"@type\":\"SearchAction\",\"target\":{\"@type\":\"EntryPoint\",\"urlTemplate\":\"https:\/\/www.outdoors.ee\/?s={search_term_string}\"},\"query-input\":{\"@type\":\"PropertyValueSpecification\",\"valueRequired\":true,\"valueName\":\"search_term_string\"}}],\"inLanguage\":\"et\"}]}<\/script>\n<!-- \/ Yoast SEO plugin. -->","yoast_head_json":{"title":"Briti Armee magamiskott Arctic - outdoors.ee","description":"Briti s\u00f5jav\u00e4e originaal, paks ja soe magamiskott on ideaalne matkakaaslane k\u00fclma ilma tingimustes. Selle kaasaaegne soojustusmaterjal annab v\u00f5imaluse selle magamiskoti aastaringseks kasutamiseks. Magamiskotil on massiivne klapiga t\u00f5mblukk, mis ei ulatu p\u00e4ris jalgadeni v\u00e4lja suurema soojuskadu \u00e4rahoidmiseks. Pingutusn\u00f6\u00f6ridega kapuuts ning kaks sisemist taskut. Magamiskott Arctic on Briti Armee nn kaasaaegse modulaarse magamiss\u00fcsteemi eelk\u00e4ija. Kaal: ca 2,5kg ilma kompressioonkotita Ligikaudsed m\u00f5\u00f5dud: Suurus L: pikkus - 220cm, laius \u00f5lgade piirkonnas - 80cm, laius jalgade piirkonnas - 60cm Suurus M: pikkus - 185cm, laius \u00f5lgade piirkonnas - 70cm, laius jalgade piirkonnas - 50cm Mudel v\u00f5ib veidi varjeeruda. Seisukord:\u00a0 uus (v\u00f5ib sisaldada hulgiladustamise j\u00e4lgi ning kirjeid sildil) uuev\u00e4\u00e4rne (sisaldab minimaalseid kulumisj\u00e4lgi) kasutatud, Grade 1 (sisaldab kergeid v\u00f5i m\u00f5\u00f5dukaid kulumisj\u00e4lgi, v\u00f5ib esineda v\u00e4iksemaid pealiskihi vigastusi ja\/v\u00f5i parandusi. selle seisukorra puhul\u00a0ei tule kompressioonikott\u00a0magamiskotiga\u00a0kaasa) kasutatud, Grade 2 (sisaldab m\u00e4rkimisv\u00e4\u00e4rseid kulumisj\u00e4lgi, v\u00f5ib olla m\u00e4\u00e4rdunud ning vajada korralikku pesu enne kasutust, v\u00f5ib esineda pealiskihi vigastusi ja\/v\u00f5i parandusi. selle seisukorra puhul\u00a0ei tule kompressioonikott\u00a0magamiskotiga\u00a0kaasa)","robots":{"index":"index","follow":"follow","max-snippet":"max-snippet:-1","max-image-preview":"max-image-preview:large","max-video-preview":"max-video-preview:-1"},"canonical":"https:\/\/www.outdoors.ee\/et\/toode\/briti-armee-magamiskott-arctic\/","og_locale":"et_EE","og_type":"article","og_title":"Briti Armee magamiskott Arctic","og_description":"Briti s\u00f5jav\u00e4e originaal, paks ja soe magamiskott on ideaalne matkakaaslane k\u00fclma ilma tingimustes. Selle kaasaaegne soojustusmaterjal annab v\u00f5imaluse selle magamiskoti aastaringseks kasutamiseks. Magamiskotil on massiivne klapiga t\u00f5mblukk, mis ei ulatu p\u00e4ris jalgadeni v\u00e4lja suurema soojuskadu \u00e4rahoidmiseks. Pingutusn\u00f6\u00f6ridega kapuuts ning kaks sisemist taskut. Magamiskott Arctic on Briti Armee nn kaasaaegse modulaarse magamiss\u00fcsteemi eelk\u00e4ija. Kaal: ca 2,5kg ilma kompressioonkotita Ligikaudsed m\u00f5\u00f5dud: Suurus L: pikkus - 220cm, laius \u00f5lgade piirkonnas - 80cm, laius jalgade piirkonnas - 60cm Suurus M: pikkus - 185cm, laius \u00f5lgade piirkonnas - 70cm, laius jalgade piirkonnas - 50cm Mudel v\u00f5ib veidi varjeeruda. Seisukord:\u00a0 uus (v\u00f5ib sisaldada hulgiladustamise j\u00e4lgi ning kirjeid sildil) uuev\u00e4\u00e4rne (sisaldab minimaalseid kulumisj\u00e4lgi) kasutatud, Grade 1 (sisaldab kergeid v\u00f5i m\u00f5\u00f5dukaid kulumisj\u00e4lgi, v\u00f5ib esineda v\u00e4iksemaid pealiskihi vigastusi ja\/v\u00f5i parandusi. selle seisukorra puhul\u00a0ei tule kompressioonikott\u00a0magamiskotiga\u00a0kaasa) kasutatud, Grade 2 (sisaldab m\u00e4rkimisv\u00e4\u00e4rseid kulumisj\u00e4lgi, v\u00f5ib olla m\u00e4\u00e4rdunud ning vajada korralikku pesu enne kasutust, v\u00f5ib esineda pealiskihi vigastusi ja\/v\u00f5i parandusi. selle seisukorra puhul\u00a0ei tule kompressioonikott\u00a0magamiskotiga\u00a0kaasa)","og_url":"https:\/\/www.outdoors.ee\/et\/toode\/briti-armee-magamiskott-arctic\/","og_site_name":"Outdoors","article_modified_time":"2026-04-08T10:58:33+00:00","og_image":[{"width":556,"height":661,"url":"https:\/\/www.outdoors.ee\/wp-content\/uploads\/2021\/12\/0242-British-Army-Arctic-Sleeping-Bag.jpg","type":"image\/jpeg"}],"twitter_card":"summary_large_image","twitter_title":"Briti Armee magamiskott Arctic","twitter_misc":{"Est. reading time":"1 minut"},"schema":{"@context":"https:\/\/schema.org","@graph":[{"@type":"WebPage","@id":"https:\/\/www.outdoors.ee\/et\/toode\/briti-armee-magamiskott-arctic\/","url":"https:\/\/www.outdoors.ee\/et\/toode\/briti-armee-magamiskott-arctic\/","name":"Briti Armee magamiskott Arctic - outdoors.ee","isPartOf":{"@id":"https:\/\/www.outdoors.ee\/#website"},"primaryImageOfPage":{"@id":"https:\/\/www.outdoors.ee\/et\/toode\/briti-armee-magamiskott-arctic\/#primaryimage"},"image":{"@id":"https:\/\/www.outdoors.ee\/et\/toode\/briti-armee-magamiskott-arctic\/#primaryimage"},"thumbnailUrl":"https:\/\/www.outdoors.ee\/wp-content\/uploads\/2021\/12\/0242-British-Army-Arctic-Sleeping-Bag.jpg","datePublished":"2021-12-09T00:00:00+00:00","dateModified":"2026-04-08T10:58:33+00:00","description":"Briti s\u00f5jav\u00e4e originaal, paks ja soe magamiskott on ideaalne matkakaaslane k\u00fclma ilma tingimustes. Selle kaasaaegne soojustusmaterjal annab v\u00f5imaluse selle magamiskoti aastaringseks kasutamiseks. Magamiskotil on massiivne klapiga t\u00f5mblukk, mis ei ulatu p\u00e4ris jalgadeni v\u00e4lja suurema soojuskadu \u00e4rahoidmiseks. Pingutusn\u00f6\u00f6ridega kapuuts ning kaks sisemist taskut. Magamiskott Arctic on Briti Armee nn kaasaaegse modulaarse magamiss\u00fcsteemi eelk\u00e4ija. Kaal: ca 2,5kg ilma kompressioonkotita Ligikaudsed m\u00f5\u00f5dud: Suurus L: pikkus - 220cm, laius \u00f5lgade piirkonnas - 80cm, laius jalgade piirkonnas - 60cm Suurus M: pikkus - 185cm, laius \u00f5lgade piirkonnas - 70cm, laius jalgade piirkonnas - 50cm Mudel v\u00f5ib veidi varjeeruda. Seisukord:\u00a0 uus (v\u00f5ib sisaldada hulgiladustamise j\u00e4lgi ning kirjeid sildil) uuev\u00e4\u00e4rne (sisaldab minimaalseid kulumisj\u00e4lgi) kasutatud, Grade 1 (sisaldab kergeid v\u00f5i m\u00f5\u00f5dukaid kulumisj\u00e4lgi, v\u00f5ib esineda v\u00e4iksemaid pealiskihi vigastusi ja\/v\u00f5i parandusi. selle seisukorra puhul\u00a0ei tule kompressioonikott\u00a0magamiskotiga\u00a0kaasa) kasutatud, Grade 2 (sisaldab m\u00e4rkimisv\u00e4\u00e4rseid kulumisj\u00e4lgi, v\u00f5ib olla m\u00e4\u00e4rdunud ning vajada korralikku pesu enne kasutust, v\u00f5ib esineda pealiskihi vigastusi ja\/v\u00f5i parandusi. selle seisukorra puhul\u00a0ei tule kompressioonikott\u00a0magamiskotiga\u00a0kaasa)","breadcrumb":{"@id":"https:\/\/www.outdoors.ee\/et\/toode\/briti-armee-magamiskott-arctic\/#breadcrumb"},"inLanguage":"et","potentialAction":[{"@type":"ReadAction","target":["https:\/\/www.outdoors.ee\/et\/toode\/briti-armee-magamiskott-arctic\/"]}]},{"@type":"ImageObject","inLanguage":"et","@id":"https:\/\/www.outdoors.ee\/et\/toode\/briti-armee-magamiskott-arctic\/#primaryimage","url":"https:\/\/www.outdoors.ee\/wp-content\/uploads\/2021\/12\/0242-British-Army-Arctic-Sleeping-Bag.jpg","contentUrl":"https:\/\/www.outdoors.ee\/wp-content\/uploads\/2021\/12\/0242-British-Army-Arctic-Sleeping-Bag.jpg","width":556,"height":661},{"@type":"BreadcrumbList","@id":"https:\/\/www.outdoors.ee\/et\/toode\/briti-armee-magamiskott-arctic\/#breadcrumb","itemListElement":[{"@type":"ListItem","position":1,"name":"Home","item":"https:\/\/www.outdoors.ee\/et\/"},{"@type":"ListItem","position":2,"name":"Tooted","item":"https:\/\/www.outdoors.ee\/products\/"},{"@type":"ListItem","position":3,"name":"Briti Armee magamiskott Arctic"}]},{"@type":"WebSite","@id":"https:\/\/www.outdoors.ee\/#website","url":"https:\/\/www.outdoors.ee\/","name":"Outdoors","description":"Genuine military surplus and not only!","potentialAction":[{"@type":"SearchAction","target":{"@type":"EntryPoint","urlTemplate":"https:\/\/www.outdoors.ee\/?s={search_term_string}"},"query-input":{"@type":"PropertyValueSpecification","valueRequired":true,"valueName":"search_term_string"}}],"inLanguage":"et"}]}},"_links":{"self":[{"href":"https:\/\/www.outdoors.ee\/et\/wp-json\/wp\/v2\/product\/58704","targetHints":{"allow":["GET"]}}],"collection":[{"href":"https:\/\/www.outdoors.ee\/et\/wp-json\/wp\/v2\/product"}],"about":[{"href":"https:\/\/www.outdoors.ee\/et\/wp-json\/wp\/v2\/types\/product"}],"wp:featuredmedia":[{"embeddable":true,"href":"https:\/\/www.outdoors.ee\/et\/wp-json\/wp\/v2\/media\/26874"}],"wp:attachment":[{"href":"https:\/\/www.outdoors.ee\/et\/wp-json\/wp\/v2\/media?parent=58704"}],"wp:term":[{"taxonomy":"product_brand","embeddable":true,"href":"https:\/\/www.outdoors.ee\/et\/wp-json\/wp\/v2\/product_brand?post=58704"},{"taxonomy":"product_cat","embeddable":true,"href":"https:\/\/www.outdoors.ee\/et\/wp-json\/wp\/v2\/product_cat?post=58704"},{"taxonomy":"product_tag","embeddable":true,"href":"https:\/\/www.outdoors.ee\/et\/wp-json\/wp\/v2\/product_tag?post=58704"}],"curies":[{"name":"wp","href":"https:\/\/api.w.org\/{rel}","templated":true}]}}