{"id":58697,"date":"2021-12-09T00:00:00","date_gmt":"2021-12-09T00:00:00","guid":{"rendered":"https:\/\/www.outdoors.ee\/product\/briti-armee-magamiskott-mediumweight\/"},"modified":"2026-04-02T15:39:15","modified_gmt":"2026-04-02T12:39:15","slug":"briti-armee-magamiskott-mediumweight","status":"publish","type":"product","link":"https:\/\/www.outdoors.ee\/et\/toode\/briti-armee-magamiskott-mediumweight\/","title":{"rendered":"Briti Armee magamiskott Medium Weight"},"content":{"rendered":"<p>Kvaliteetne 3 aastaaja magamiskott, eraldi <span style=\"text-align: justify;\">kasutatav jaheda ilmaga tingimustes v\u00f5i koos sisestatud &#8220;light weight&#8221; magamiskotiga eriti k\u00fclma ilma tingimustes. See magamiskott on oma eelk\u00e4ijast (Arctic Sleeping Bag) kergem <\/span><span style=\"text-align: justify;\">ning mahult v\u00e4iksem. &#8220;Medium Weight&#8221; magamiskott on kahekihilise struktuuriga, tuulekindlast ning vetth\u00fclgavast ripstop nailonist pealsega. Magamiskott avaneb keskelt kahepoolse t\u00f5mbluku abil. Varustatud sisemise t\u00f5mbluku klapiga soojuskao v\u00e4ltimiseks. Rinna piirkonnas asub kaks sisetaskut v\u00f5rkjast materjalist.<\/span><\/p>\n<p style=\"text-align: justify;\">Kuulub koos Briti Armee &#8220;Light weight&#8221; magamiskotiga aastaringseks kasutamiseks m\u00f5eldud s\u00fcsteemi (Modular Sleep System), mille kasutustemperatuur ulatub kuni -32C.<\/p>\n<p style=\"text-align: justify;\">&#8220;Medium Weight&#8221; magamiskott on oma struktuurilt Carinthia Defence 4 magamiskoti koopia.<\/p>\n<p style=\"text-align: justify;\">Komforttemp. ca kuni -12C<\/p>\n<p style=\"text-align: justify;\">M\u00f5\u00f5tmed:<\/p>\n<p style=\"text-align: justify;\">Suurus M: ca 200cm pikk, 75cm lai \u00f5lgade piirkonnas ja 45cm alt<\/p>\n<p>Suurus L: ca 215cm pikk, 75cm lai \u00f5lgade piirkonnas ja 50cm alt<\/p>\n<p style=\"text-align: justify;\">Kaal: ca 2,2kg (M suurus kompessioonkotiga)<\/p>\n<p style=\"text-align: justify;\">Suurus pakituna: ca\u00a045 x 25 x 25cm<\/p>\n<p style=\"text-align: justify;\"><strong>Seisukord:\u00a0<\/strong><\/p>\n<ul>\n<li style=\"text-align: justify;\">uus (v\u00f5ib sisaldada hulgiladustamise j\u00e4lgi ning kirjasid sildil, kompressioonkott komplektis)<\/li>\n<li style=\"text-align: justify;\">uuev\u00e4\u00e4rne (sisaldab kergeid kulumisj\u00e4lgi, kompressioonkotiga v\u00f5i ilma vastavalt rippmen\u00fc\u00fc valikule)<\/li>\n<li style=\"text-align: justify;\">kasutatud, Grade 1 (sisaldab kergeid v\u00f5i m\u00f5\u00f5dukaid kulumisj\u00e4lgi, v\u00f5ib esineda v\u00e4iksemaid pealiskihi vigastusi, v\u00f5ib olla kergelt m\u00e4\u00e4rdunud. <span style=\"text-decoration: underline;\">Ilma kompressioonkotita<\/span>)<\/li>\n<li>kasutatud, Grade 2 (sisaldab m\u00f5\u00f5dukaid kulumisj\u00e4lgi ning ulatuslikumaid, kuid parandatavaid pealiskihi vigastusi, v\u00f5ib olla m\u00e4\u00e4rdunud. <span style=\"text-decoration: underline;\">Ilma kompressioonkotita<\/span>)<\/li>\n<\/ul>\n","protected":false},"excerpt":{"rendered":"<p>Briti Armee magamiskott Medium Weight, oliivroheline<\/p>\n","protected":false},"featured_media":17620,"template":"","meta":[],"product_brand":[],"product_cat":[150],"product_tag":[],"class_list":{"0":"post-58697","1":"product","2":"type-product","3":"status-publish","4":"has-post-thumbnail","6":"product_cat-magamisvarustus","7":"pa_brand-british-military-surplus","8":"pa_condition-kasutatud-grade-1","9":"pa_condition-kasutatud-grade-2","10":"pa_condition-uuevaarne","11":"pa_condition-uuevaarne-ilma-pakkekotita","12":"pa_condition-uuevaarne-pakkekotiga","13":"pa_condition-uus","14":"pa_size-l-2","15":"pa_size-m-2","17":"first","18":"instock","19":"taxable","20":"shipping-taxable","21":"purchasable","22":"product-type-variable"},"yoast_head":"<!-- This site is optimized with the Yoast SEO plugin v27.2 - https:\/\/yoast.com\/product\/yoast-seo-wordpress\/ -->\n<title>Briti Armee magamiskott Mediumweight - outdoors.ee<\/title>\n<meta name=\"description\" content=\"Originaalne Briti s\u00f5jav\u00e4e medium weight magamiskott kuulub koos lightweight magamiskotiga nn modulaars\u00fcsteemi. Mediumweight kott on kasutatav omaette jaheda ilmaga tingimustes v\u00f5i koos sisestatud lightweight magamiskotiga k\u00fclma ilma tingimustes. See magamiskott on kerge ja mahult v\u00e4iksem kui selle eelk\u00e4ija, nn Arctic magamiskott. Mediumweight magamiskott on kahekihilise struktuuriga, tuulekindlast ning vetth\u00fclgavast ripstop nailonist pealiskihiga. Magamiskott avaneb keskelt kahepoolse t\u00f5mblukuga. Varustatud sisemise t\u00f5mbluku klapiga soojuskao v\u00e4ltimiseks. Rinna piirkonnas asub kaks sisetaskut v\u00f5rkjast materjalist. Koos Briti Armee &quot;lightweight&quot; magamiskotiga moodustavad aastaringseks kasutamiseks m\u00f5eldud s\u00fcsteemi, mille kasutustemperatuur ulatub kuni -32C. Mediumweight magamiskott on oma struktuurilt Carinthia Defence 4 magamiskoti koopia. Komforttemp. ca kuni -15C M\u00f5\u00f5dud: Suurus M ca 214cm pikk, 80cm lai \u00f5lgade piirkonnas ja 43cm alt Kaal: ca 2,2kg (M suurus kompessioonkotiga) Paki suurus: ca\u00a045 x 25 x 25cm Seisukord:\u00a0 uus (v\u00f5ib sisaldada hulgiladustamise j\u00e4lgi ning kirjeid sildil) uuev\u00e4\u00e4rne (sisaldab minimaalseid kulumisj\u00e4lgi) kasutatud, Grade 1 (sisaldab kergeid v\u00f5i m\u00f5\u00f5dukaid kulumisj\u00e4lgi, v\u00f5ib esineda v\u00e4iksemaid pealiskihi vigastusi. selle seisukorra puhul\u00a0ei tule kompressioonikott\u00a0magamiskotiga kaasa)\" \/>\n<meta name=\"robots\" content=\"index, follow, max-snippet:-1, max-image-preview:large, max-video-preview:-1\" \/>\n<link rel=\"canonical\" href=\"https:\/\/www.outdoors.ee\/et\/toode\/briti-armee-magamiskott-mediumweight\/\" \/>\n<meta property=\"og:locale\" content=\"et_EE\" \/>\n<meta property=\"og:type\" content=\"article\" \/>\n<meta property=\"og:title\" content=\"Briti Armee magamiskott Mediumweight\" \/>\n<meta property=\"og:description\" content=\"Originaalne Briti s\u00f5jav\u00e4e medium weight magamiskott kuulub koos lightweight magamiskotiga nn modulaars\u00fcsteemi. Mediumweight kott on kasutatav omaette jaheda ilmaga tingimustes v\u00f5i koos sisestatud lightweight magamiskotiga k\u00fclma ilma tingimustes. See magamiskott on kerge ja mahult v\u00e4iksem kui selle eelk\u00e4ija, nn Arctic magamiskott. Mediumweight magamiskott on kahekihilise struktuuriga, tuulekindlast ning vetth\u00fclgavast ripstop nailonist pealiskihiga. Magamiskott avaneb keskelt kahepoolse t\u00f5mblukuga. Varustatud sisemise t\u00f5mbluku klapiga soojuskao v\u00e4ltimiseks. Rinna piirkonnas asub kaks sisetaskut v\u00f5rkjast materjalist. Koos Briti Armee &quot;lightweight&quot; magamiskotiga moodustavad aastaringseks kasutamiseks m\u00f5eldud s\u00fcsteemi, mille kasutustemperatuur ulatub kuni -32C. Mediumweight magamiskott on oma struktuurilt Carinthia Defence 4 magamiskoti koopia. Komforttemp. ca kuni -15C M\u00f5\u00f5dud: Suurus M ca 214cm pikk, 80cm lai \u00f5lgade piirkonnas ja 43cm alt Kaal: ca 2,2kg (M suurus kompessioonkotiga) Paki suurus: ca\u00a045 x 25 x 25cm Seisukord:\u00a0 uus (v\u00f5ib sisaldada hulgiladustamise j\u00e4lgi ning kirjeid sildil) uuev\u00e4\u00e4rne (sisaldab minimaalseid kulumisj\u00e4lgi) kasutatud, Grade 1 (sisaldab kergeid v\u00f5i m\u00f5\u00f5dukaid kulumisj\u00e4lgi, v\u00f5ib esineda v\u00e4iksemaid pealiskihi vigastusi. selle seisukorra puhul\u00a0ei tule kompressioonikott\u00a0magamiskotiga kaasa)\" \/>\n<meta property=\"og:url\" content=\"https:\/\/www.outdoors.ee\/et\/toode\/briti-armee-magamiskott-mediumweight\/\" \/>\n<meta property=\"og:site_name\" content=\"Outdoors\" \/>\n<meta property=\"article:modified_time\" content=\"2026-04-02T12:39:15+00:00\" \/>\n<meta property=\"og:image\" content=\"https:\/\/www.outdoors.ee\/wp-content\/uploads\/2021\/09\/0241MWu-1-British-Medium-Weight-Sleeping-Bag.jpg\" \/>\n\t<meta property=\"og:image:width\" content=\"650\" \/>\n\t<meta property=\"og:image:height\" content=\"737\" \/>\n\t<meta property=\"og:image:type\" content=\"image\/jpeg\" \/>\n<meta name=\"twitter:card\" content=\"summary_large_image\" \/>\n<meta name=\"twitter:title\" content=\"Briti Armee magamiskott Mediumweight\" \/>\n<meta name=\"twitter:label1\" content=\"Est. reading time\" \/>\n\t<meta name=\"twitter:data1\" content=\"2 minutit\" \/>\n<script type=\"application\/ld+json\" class=\"yoast-schema-graph\">{\"@context\":\"https:\/\/schema.org\",\"@graph\":[{\"@type\":\"WebPage\",\"@id\":\"https:\/\/www.outdoors.ee\/et\/toode\/briti-armee-magamiskott-mediumweight\/\",\"url\":\"https:\/\/www.outdoors.ee\/et\/toode\/briti-armee-magamiskott-mediumweight\/\",\"name\":\"Briti Armee magamiskott Mediumweight - outdoors.ee\",\"isPartOf\":{\"@id\":\"https:\/\/www.outdoors.ee\/#website\"},\"primaryImageOfPage\":{\"@id\":\"https:\/\/www.outdoors.ee\/et\/toode\/briti-armee-magamiskott-mediumweight\/#primaryimage\"},\"image\":{\"@id\":\"https:\/\/www.outdoors.ee\/et\/toode\/briti-armee-magamiskott-mediumweight\/#primaryimage\"},\"thumbnailUrl\":\"https:\/\/www.outdoors.ee\/wp-content\/uploads\/2021\/09\/0241MWu-1-British-Medium-Weight-Sleeping-Bag.jpg\",\"datePublished\":\"2021-12-09T00:00:00+00:00\",\"dateModified\":\"2026-04-02T12:39:15+00:00\",\"description\":\"Originaalne Briti s\u00f5jav\u00e4e medium weight magamiskott kuulub koos lightweight magamiskotiga nn modulaars\u00fcsteemi. Mediumweight kott on kasutatav omaette jaheda ilmaga tingimustes v\u00f5i koos sisestatud lightweight magamiskotiga k\u00fclma ilma tingimustes. See magamiskott on kerge ja mahult v\u00e4iksem kui selle eelk\u00e4ija, nn Arctic magamiskott. Mediumweight magamiskott on kahekihilise struktuuriga, tuulekindlast ning vetth\u00fclgavast ripstop nailonist pealiskihiga. Magamiskott avaneb keskelt kahepoolse t\u00f5mblukuga. Varustatud sisemise t\u00f5mbluku klapiga soojuskao v\u00e4ltimiseks. Rinna piirkonnas asub kaks sisetaskut v\u00f5rkjast materjalist. Koos Briti Armee \\\"lightweight\\\" magamiskotiga moodustavad aastaringseks kasutamiseks m\u00f5eldud s\u00fcsteemi, mille kasutustemperatuur ulatub kuni -32C. Mediumweight magamiskott on oma struktuurilt Carinthia Defence 4 magamiskoti koopia. Komforttemp. ca kuni -15C M\u00f5\u00f5dud: Suurus M ca 214cm pikk, 80cm lai \u00f5lgade piirkonnas ja 43cm alt Kaal: ca 2,2kg (M suurus kompessioonkotiga) Paki suurus: ca\u00a045 x 25 x 25cm Seisukord:\u00a0 uus (v\u00f5ib sisaldada hulgiladustamise j\u00e4lgi ning kirjeid sildil) uuev\u00e4\u00e4rne (sisaldab minimaalseid kulumisj\u00e4lgi) kasutatud, Grade 1 (sisaldab kergeid v\u00f5i m\u00f5\u00f5dukaid kulumisj\u00e4lgi, v\u00f5ib esineda v\u00e4iksemaid pealiskihi vigastusi. selle seisukorra puhul\u00a0ei tule kompressioonikott\u00a0magamiskotiga kaasa)\",\"breadcrumb\":{\"@id\":\"https:\/\/www.outdoors.ee\/et\/toode\/briti-armee-magamiskott-mediumweight\/#breadcrumb\"},\"inLanguage\":\"et\",\"potentialAction\":[{\"@type\":\"ReadAction\",\"target\":[\"https:\/\/www.outdoors.ee\/et\/toode\/briti-armee-magamiskott-mediumweight\/\"]}]},{\"@type\":\"ImageObject\",\"inLanguage\":\"et\",\"@id\":\"https:\/\/www.outdoors.ee\/et\/toode\/briti-armee-magamiskott-mediumweight\/#primaryimage\",\"url\":\"https:\/\/www.outdoors.ee\/wp-content\/uploads\/2021\/09\/0241MWu-1-British-Medium-Weight-Sleeping-Bag.jpg\",\"contentUrl\":\"https:\/\/www.outdoors.ee\/wp-content\/uploads\/2021\/09\/0241MWu-1-British-Medium-Weight-Sleeping-Bag.jpg\",\"width\":650,\"height\":737},{\"@type\":\"BreadcrumbList\",\"@id\":\"https:\/\/www.outdoors.ee\/et\/toode\/briti-armee-magamiskott-mediumweight\/#breadcrumb\",\"itemListElement\":[{\"@type\":\"ListItem\",\"position\":1,\"name\":\"Home\",\"item\":\"https:\/\/www.outdoors.ee\/et\/\"},{\"@type\":\"ListItem\",\"position\":2,\"name\":\"Tooted\",\"item\":\"https:\/\/www.outdoors.ee\/products\/\"},{\"@type\":\"ListItem\",\"position\":3,\"name\":\"Briti Armee magamiskott Medium Weight\"}]},{\"@type\":\"WebSite\",\"@id\":\"https:\/\/www.outdoors.ee\/#website\",\"url\":\"https:\/\/www.outdoors.ee\/\",\"name\":\"Outdoors\",\"description\":\"Genuine military surplus and not only!\",\"potentialAction\":[{\"@type\":\"SearchAction\",\"target\":{\"@type\":\"EntryPoint\",\"urlTemplate\":\"https:\/\/www.outdoors.ee\/?s={search_term_string}\"},\"query-input\":{\"@type\":\"PropertyValueSpecification\",\"valueRequired\":true,\"valueName\":\"search_term_string\"}}],\"inLanguage\":\"et\"}]}<\/script>\n<!-- \/ Yoast SEO plugin. -->","yoast_head_json":{"title":"Briti Armee magamiskott Mediumweight - outdoors.ee","description":"Originaalne Briti s\u00f5jav\u00e4e medium weight magamiskott kuulub koos lightweight magamiskotiga nn modulaars\u00fcsteemi. Mediumweight kott on kasutatav omaette jaheda ilmaga tingimustes v\u00f5i koos sisestatud lightweight magamiskotiga k\u00fclma ilma tingimustes. See magamiskott on kerge ja mahult v\u00e4iksem kui selle eelk\u00e4ija, nn Arctic magamiskott. Mediumweight magamiskott on kahekihilise struktuuriga, tuulekindlast ning vetth\u00fclgavast ripstop nailonist pealiskihiga. Magamiskott avaneb keskelt kahepoolse t\u00f5mblukuga. Varustatud sisemise t\u00f5mbluku klapiga soojuskao v\u00e4ltimiseks. Rinna piirkonnas asub kaks sisetaskut v\u00f5rkjast materjalist. Koos Briti Armee \"lightweight\" magamiskotiga moodustavad aastaringseks kasutamiseks m\u00f5eldud s\u00fcsteemi, mille kasutustemperatuur ulatub kuni -32C. Mediumweight magamiskott on oma struktuurilt Carinthia Defence 4 magamiskoti koopia. Komforttemp. ca kuni -15C M\u00f5\u00f5dud: Suurus M ca 214cm pikk, 80cm lai \u00f5lgade piirkonnas ja 43cm alt Kaal: ca 2,2kg (M suurus kompessioonkotiga) Paki suurus: ca\u00a045 x 25 x 25cm Seisukord:\u00a0 uus (v\u00f5ib sisaldada hulgiladustamise j\u00e4lgi ning kirjeid sildil) uuev\u00e4\u00e4rne (sisaldab minimaalseid kulumisj\u00e4lgi) kasutatud, Grade 1 (sisaldab kergeid v\u00f5i m\u00f5\u00f5dukaid kulumisj\u00e4lgi, v\u00f5ib esineda v\u00e4iksemaid pealiskihi vigastusi. selle seisukorra puhul\u00a0ei tule kompressioonikott\u00a0magamiskotiga kaasa)","robots":{"index":"index","follow":"follow","max-snippet":"max-snippet:-1","max-image-preview":"max-image-preview:large","max-video-preview":"max-video-preview:-1"},"canonical":"https:\/\/www.outdoors.ee\/et\/toode\/briti-armee-magamiskott-mediumweight\/","og_locale":"et_EE","og_type":"article","og_title":"Briti Armee magamiskott Mediumweight","og_description":"Originaalne Briti s\u00f5jav\u00e4e medium weight magamiskott kuulub koos lightweight magamiskotiga nn modulaars\u00fcsteemi. Mediumweight kott on kasutatav omaette jaheda ilmaga tingimustes v\u00f5i koos sisestatud lightweight magamiskotiga k\u00fclma ilma tingimustes. See magamiskott on kerge ja mahult v\u00e4iksem kui selle eelk\u00e4ija, nn Arctic magamiskott. Mediumweight magamiskott on kahekihilise struktuuriga, tuulekindlast ning vetth\u00fclgavast ripstop nailonist pealiskihiga. Magamiskott avaneb keskelt kahepoolse t\u00f5mblukuga. Varustatud sisemise t\u00f5mbluku klapiga soojuskao v\u00e4ltimiseks. Rinna piirkonnas asub kaks sisetaskut v\u00f5rkjast materjalist. Koos Briti Armee \"lightweight\" magamiskotiga moodustavad aastaringseks kasutamiseks m\u00f5eldud s\u00fcsteemi, mille kasutustemperatuur ulatub kuni -32C. Mediumweight magamiskott on oma struktuurilt Carinthia Defence 4 magamiskoti koopia. Komforttemp. ca kuni -15C M\u00f5\u00f5dud: Suurus M ca 214cm pikk, 80cm lai \u00f5lgade piirkonnas ja 43cm alt Kaal: ca 2,2kg (M suurus kompessioonkotiga) Paki suurus: ca\u00a045 x 25 x 25cm Seisukord:\u00a0 uus (v\u00f5ib sisaldada hulgiladustamise j\u00e4lgi ning kirjeid sildil) uuev\u00e4\u00e4rne (sisaldab minimaalseid kulumisj\u00e4lgi) kasutatud, Grade 1 (sisaldab kergeid v\u00f5i m\u00f5\u00f5dukaid kulumisj\u00e4lgi, v\u00f5ib esineda v\u00e4iksemaid pealiskihi vigastusi. selle seisukorra puhul\u00a0ei tule kompressioonikott\u00a0magamiskotiga kaasa)","og_url":"https:\/\/www.outdoors.ee\/et\/toode\/briti-armee-magamiskott-mediumweight\/","og_site_name":"Outdoors","article_modified_time":"2026-04-02T12:39:15+00:00","og_image":[{"width":650,"height":737,"url":"https:\/\/www.outdoors.ee\/wp-content\/uploads\/2021\/09\/0241MWu-1-British-Medium-Weight-Sleeping-Bag.jpg","type":"image\/jpeg"}],"twitter_card":"summary_large_image","twitter_title":"Briti Armee magamiskott Mediumweight","twitter_misc":{"Est. reading time":"2 minutit"},"schema":{"@context":"https:\/\/schema.org","@graph":[{"@type":"WebPage","@id":"https:\/\/www.outdoors.ee\/et\/toode\/briti-armee-magamiskott-mediumweight\/","url":"https:\/\/www.outdoors.ee\/et\/toode\/briti-armee-magamiskott-mediumweight\/","name":"Briti Armee magamiskott Mediumweight - outdoors.ee","isPartOf":{"@id":"https:\/\/www.outdoors.ee\/#website"},"primaryImageOfPage":{"@id":"https:\/\/www.outdoors.ee\/et\/toode\/briti-armee-magamiskott-mediumweight\/#primaryimage"},"image":{"@id":"https:\/\/www.outdoors.ee\/et\/toode\/briti-armee-magamiskott-mediumweight\/#primaryimage"},"thumbnailUrl":"https:\/\/www.outdoors.ee\/wp-content\/uploads\/2021\/09\/0241MWu-1-British-Medium-Weight-Sleeping-Bag.jpg","datePublished":"2021-12-09T00:00:00+00:00","dateModified":"2026-04-02T12:39:15+00:00","description":"Originaalne Briti s\u00f5jav\u00e4e medium weight magamiskott kuulub koos lightweight magamiskotiga nn modulaars\u00fcsteemi. Mediumweight kott on kasutatav omaette jaheda ilmaga tingimustes v\u00f5i koos sisestatud lightweight magamiskotiga k\u00fclma ilma tingimustes. See magamiskott on kerge ja mahult v\u00e4iksem kui selle eelk\u00e4ija, nn Arctic magamiskott. Mediumweight magamiskott on kahekihilise struktuuriga, tuulekindlast ning vetth\u00fclgavast ripstop nailonist pealiskihiga. Magamiskott avaneb keskelt kahepoolse t\u00f5mblukuga. Varustatud sisemise t\u00f5mbluku klapiga soojuskao v\u00e4ltimiseks. Rinna piirkonnas asub kaks sisetaskut v\u00f5rkjast materjalist. Koos Briti Armee \"lightweight\" magamiskotiga moodustavad aastaringseks kasutamiseks m\u00f5eldud s\u00fcsteemi, mille kasutustemperatuur ulatub kuni -32C. Mediumweight magamiskott on oma struktuurilt Carinthia Defence 4 magamiskoti koopia. Komforttemp. ca kuni -15C M\u00f5\u00f5dud: Suurus M ca 214cm pikk, 80cm lai \u00f5lgade piirkonnas ja 43cm alt Kaal: ca 2,2kg (M suurus kompessioonkotiga) Paki suurus: ca\u00a045 x 25 x 25cm Seisukord:\u00a0 uus (v\u00f5ib sisaldada hulgiladustamise j\u00e4lgi ning kirjeid sildil) uuev\u00e4\u00e4rne (sisaldab minimaalseid kulumisj\u00e4lgi) kasutatud, Grade 1 (sisaldab kergeid v\u00f5i m\u00f5\u00f5dukaid kulumisj\u00e4lgi, v\u00f5ib esineda v\u00e4iksemaid pealiskihi vigastusi. selle seisukorra puhul\u00a0ei tule kompressioonikott\u00a0magamiskotiga kaasa)","breadcrumb":{"@id":"https:\/\/www.outdoors.ee\/et\/toode\/briti-armee-magamiskott-mediumweight\/#breadcrumb"},"inLanguage":"et","potentialAction":[{"@type":"ReadAction","target":["https:\/\/www.outdoors.ee\/et\/toode\/briti-armee-magamiskott-mediumweight\/"]}]},{"@type":"ImageObject","inLanguage":"et","@id":"https:\/\/www.outdoors.ee\/et\/toode\/briti-armee-magamiskott-mediumweight\/#primaryimage","url":"https:\/\/www.outdoors.ee\/wp-content\/uploads\/2021\/09\/0241MWu-1-British-Medium-Weight-Sleeping-Bag.jpg","contentUrl":"https:\/\/www.outdoors.ee\/wp-content\/uploads\/2021\/09\/0241MWu-1-British-Medium-Weight-Sleeping-Bag.jpg","width":650,"height":737},{"@type":"BreadcrumbList","@id":"https:\/\/www.outdoors.ee\/et\/toode\/briti-armee-magamiskott-mediumweight\/#breadcrumb","itemListElement":[{"@type":"ListItem","position":1,"name":"Home","item":"https:\/\/www.outdoors.ee\/et\/"},{"@type":"ListItem","position":2,"name":"Tooted","item":"https:\/\/www.outdoors.ee\/products\/"},{"@type":"ListItem","position":3,"name":"Briti Armee magamiskott Medium Weight"}]},{"@type":"WebSite","@id":"https:\/\/www.outdoors.ee\/#website","url":"https:\/\/www.outdoors.ee\/","name":"Outdoors","description":"Genuine military surplus and not only!","potentialAction":[{"@type":"SearchAction","target":{"@type":"EntryPoint","urlTemplate":"https:\/\/www.outdoors.ee\/?s={search_term_string}"},"query-input":{"@type":"PropertyValueSpecification","valueRequired":true,"valueName":"search_term_string"}}],"inLanguage":"et"}]}},"_links":{"self":[{"href":"https:\/\/www.outdoors.ee\/et\/wp-json\/wp\/v2\/product\/58697","targetHints":{"allow":["GET"]}}],"collection":[{"href":"https:\/\/www.outdoors.ee\/et\/wp-json\/wp\/v2\/product"}],"about":[{"href":"https:\/\/www.outdoors.ee\/et\/wp-json\/wp\/v2\/types\/product"}],"wp:featuredmedia":[{"embeddable":true,"href":"https:\/\/www.outdoors.ee\/et\/wp-json\/wp\/v2\/media\/17620"}],"wp:attachment":[{"href":"https:\/\/www.outdoors.ee\/et\/wp-json\/wp\/v2\/media?parent=58697"}],"wp:term":[{"taxonomy":"product_brand","embeddable":true,"href":"https:\/\/www.outdoors.ee\/et\/wp-json\/wp\/v2\/product_brand?post=58697"},{"taxonomy":"product_cat","embeddable":true,"href":"https:\/\/www.outdoors.ee\/et\/wp-json\/wp\/v2\/product_cat?post=58697"},{"taxonomy":"product_tag","embeddable":true,"href":"https:\/\/www.outdoors.ee\/et\/wp-json\/wp\/v2\/product_tag?post=58697"}],"curies":[{"name":"wp","href":"https:\/\/api.w.org\/{rel}","templated":true}]}}