{"id":58690,"date":"2021-12-09T00:00:00","date_gmt":"2021-12-08T22:00:00","guid":{"rendered":"https:\/\/www.outdoors.ee\/product\/briti-armee-magamiskott-lightweight\/"},"modified":"2026-04-18T14:31:22","modified_gmt":"2026-04-18T11:31:22","slug":"briti-armee-magamiskott-lightweight","status":"publish","type":"product","link":"https:\/\/www.outdoors.ee\/et\/toode\/briti-armee-magamiskott-lightweight\/","title":{"rendered":"Briti Armee magamiskott Light Weight"},"content":{"rendered":"<p style=\"text-align: justify;\">Briti s\u00f5jav\u00e4e nn kergekaaluline, \u00f5huke magamiskott sooja ilma tingimustesse. Magamiskotil on 2 sisemist taskut v\u00f5rk\u00e4st materjalist rinna piirkonnas. Magamiskott kuulub modulaars\u00fcsteemi ning on kasutatav koos &#8220;mediumweight&#8221; magamiskotiga k\u00fclma ilmastiku tingimustes. Toodetud ripstop nailonist.<\/p>\n<p style=\"text-align: justify;\">Komfort temp. ca +10C<\/p>\n<p style=\"text-align: justify;\">Koos Briti Armee &#8220;Medium Weight&#8221; magamiskotiga moodustavad aastaringseks kasutamiseks m\u00f5eldud s\u00fcsteemi, mille kasutustemperatuur ulatub kuni -32C.<\/p>\n<p style=\"text-align: justify;\">Ligikaudsed m\u00f5\u00f5tmed:<\/p>\n<p style=\"text-align: justify;\">M suurus: pikkus 204cm, laius (\u00f5lapiirkond) 74cm, laius (jalgade piirkond) 40cm<\/p>\n<p style=\"text-align: justify;\">L suurus: pikkus\u00a0214cm, laius\u00a0(\u00f5lapiirkond) 79cm, laius\u00a0(jalgade piirkond) 45cm<\/p>\n<p style=\"text-align: justify;\">Kaal\u00a0ca 1,3kg<\/p>\n<p><strong>Seisukord:\u00a0<\/strong><\/p>\n<ul>\n<li>uus (v\u00f5ib sisaldada hulgiladustamise j\u00e4lgi ning kirjeid sildil, kompressioonkott on komplektis)<\/li>\n<li>uuev\u00e4\u00e4rne (sisaldab kergeid kulumisj\u00e4lgi, kompressioonkott on komplektis)<\/li>\n<li>kasutatud, Grade 1 (sisaldab m\u00f5\u00f5dukaid kulumisj\u00e4lgi, v\u00f5ib esineda v\u00e4iksemaid pealiskihi vigastusi, v\u00f5ib vajada pesu enne kasutamist. <span style=\"text-decoration: underline;\">Ilma<\/span> kompressioonkotita)<\/li>\n<\/ul>\n","protected":false},"excerpt":{"rendered":"<p>Briti s\u00f5jav\u00e4e nn kergekaaluline, \u00f5huke magamiskott sooja ilma tingimustesse. Magamiskotil on 2 sisemist taskut v\u00f5rk\u00e4st materjalist rinna piirkonnas. Magamiskott kuulub<\/p>\n","protected":false},"featured_media":64769,"template":"","meta":[],"product_brand":[],"product_cat":[150],"product_tag":[],"class_list":{"0":"post-58690","1":"product","2":"type-product","3":"status-publish","4":"has-post-thumbnail","6":"product_cat-magamisvarustus","7":"pa_brand-british-military-surplus","8":"pa_condition-kasutatud-grade-1","9":"pa_condition-uuevaarne","10":"pa_condition-uus","11":"pa_size-l-2","12":"pa_size-m-2","14":"first","15":"instock","16":"taxable","17":"shipping-taxable","18":"purchasable","19":"product-type-variable"},"yoast_head":"<!-- This site is optimized with the Yoast SEO plugin v27.2 - https:\/\/yoast.com\/product\/yoast-seo-wordpress\/ -->\n<title>Briti Armee magamiskott Lightweight - outdoors.ee<\/title>\n<meta name=\"description\" content=\"Originaalne Briti s\u00f5jav\u00e4e nn kergekaaluline, \u00f5huke magamiskott sooja ilma tingimustesse. Magamiskotil on 2 sisemist taskut v\u00f5rk\u00e4st materjalist rinna piirkonnas. Magamiskott kuulub modulaars\u00fcsteemi ning on kasutatav koos &quot;mediumweight&quot; magamiskotiga k\u00fclma ilmastiku tingimustes. Toodetud ripstop nailonist. Komfort temp. ca +10C Koos Briti Armee &quot;mediumweight&quot; magamiskotiga moodustavad aastaringseks kasutamiseks m\u00f5eldud s\u00fcsteemi, mille kasutustemperatuur ulatub kuni -32C. Ligikaudsed m\u00f5\u00f5dud: M suurus: pikkus 204cm, laius (\u00f5lapiirkond) 74cm, laius (jalgade piirkond) 40cm L suurus: pikkus\u00a0214cm, laius\u00a0(\u00f5lapiirkond) 79cm, laius\u00a0(jalgade piirkond) 45cm Kaal: ca 1,3kg Kompressioonkott on komplektis. Seisukord:\u00a0 uus (v\u00f5ib sisaldada hulgiladustamise j\u00e4lgi ning kirjeid sildil) uuev\u00e4\u00e4rne (sisaldab minimaalseid kulumisj\u00e4lgi) kasutatud, Grade 1 (sisaldab kergeid v\u00f5i m\u00f5\u00f5dukaid kulumisj\u00e4lgi, v\u00f5ib kohati esineda v\u00e4iksemaid pealiskihi vigastusi) \u00a0\" \/>\n<meta name=\"robots\" content=\"index, follow, max-snippet:-1, max-image-preview:large, max-video-preview:-1\" \/>\n<link rel=\"canonical\" href=\"https:\/\/www.outdoors.ee\/et\/toode\/briti-armee-magamiskott-lightweight\/\" \/>\n<meta property=\"og:locale\" content=\"et_EE\" \/>\n<meta property=\"og:type\" content=\"article\" \/>\n<meta property=\"og:title\" content=\"Briti Armee magamiskott Lightweight\" \/>\n<meta property=\"og:description\" content=\"Originaalne Briti s\u00f5jav\u00e4e nn kergekaaluline, \u00f5huke magamiskott sooja ilma tingimustesse. Magamiskotil on 2 sisemist taskut v\u00f5rk\u00e4st materjalist rinna piirkonnas. Magamiskott kuulub modulaars\u00fcsteemi ning on kasutatav koos &quot;mediumweight&quot; magamiskotiga k\u00fclma ilmastiku tingimustes. Toodetud ripstop nailonist. Komfort temp. ca +10C Koos Briti Armee &quot;mediumweight&quot; magamiskotiga moodustavad aastaringseks kasutamiseks m\u00f5eldud s\u00fcsteemi, mille kasutustemperatuur ulatub kuni -32C. Ligikaudsed m\u00f5\u00f5dud: M suurus: pikkus 204cm, laius (\u00f5lapiirkond) 74cm, laius (jalgade piirkond) 40cm L suurus: pikkus\u00a0214cm, laius\u00a0(\u00f5lapiirkond) 79cm, laius\u00a0(jalgade piirkond) 45cm Kaal: ca 1,3kg Kompressioonkott on komplektis. Seisukord:\u00a0 uus (v\u00f5ib sisaldada hulgiladustamise j\u00e4lgi ning kirjeid sildil) uuev\u00e4\u00e4rne (sisaldab minimaalseid kulumisj\u00e4lgi) kasutatud, Grade 1 (sisaldab kergeid v\u00f5i m\u00f5\u00f5dukaid kulumisj\u00e4lgi, v\u00f5ib kohati esineda v\u00e4iksemaid pealiskihi vigastusi) \u00a0\" \/>\n<meta property=\"og:url\" content=\"https:\/\/www.outdoors.ee\/et\/toode\/briti-armee-magamiskott-lightweight\/\" \/>\n<meta property=\"og:site_name\" content=\"Outdoors\" \/>\n<meta property=\"article:modified_time\" content=\"2026-04-18T11:31:22+00:00\" \/>\n<meta property=\"og:image\" content=\"https:\/\/www.outdoors.ee\/wp-content\/uploads\/2021\/12\/0240-British-Army-Lightweight-Sleeping-Bag.png\" \/>\n\t<meta property=\"og:image:width\" content=\"500\" \/>\n\t<meta property=\"og:image:height\" content=\"500\" \/>\n\t<meta property=\"og:image:type\" content=\"image\/png\" \/>\n<meta name=\"twitter:card\" content=\"summary_large_image\" \/>\n<meta name=\"twitter:title\" content=\"Briti Armee magamiskott Lightweight\" \/>\n<meta name=\"twitter:label1\" content=\"Est. reading time\" \/>\n\t<meta name=\"twitter:data1\" content=\"1 minut\" \/>\n<script type=\"application\/ld+json\" class=\"yoast-schema-graph\">{\"@context\":\"https:\/\/schema.org\",\"@graph\":[{\"@type\":\"WebPage\",\"@id\":\"https:\/\/www.outdoors.ee\/et\/toode\/briti-armee-magamiskott-lightweight\/\",\"url\":\"https:\/\/www.outdoors.ee\/et\/toode\/briti-armee-magamiskott-lightweight\/\",\"name\":\"Briti Armee magamiskott Lightweight - outdoors.ee\",\"isPartOf\":{\"@id\":\"https:\/\/www.outdoors.ee\/#website\"},\"primaryImageOfPage\":{\"@id\":\"https:\/\/www.outdoors.ee\/et\/toode\/briti-armee-magamiskott-lightweight\/#primaryimage\"},\"image\":{\"@id\":\"https:\/\/www.outdoors.ee\/et\/toode\/briti-armee-magamiskott-lightweight\/#primaryimage\"},\"thumbnailUrl\":\"https:\/\/www.outdoors.ee\/wp-content\/uploads\/2021\/12\/0240-British-Army-Lightweight-Sleeping-Bag.png\",\"datePublished\":\"2021-12-08T22:00:00+00:00\",\"dateModified\":\"2026-04-18T11:31:22+00:00\",\"description\":\"Originaalne Briti s\u00f5jav\u00e4e nn kergekaaluline, \u00f5huke magamiskott sooja ilma tingimustesse. Magamiskotil on 2 sisemist taskut v\u00f5rk\u00e4st materjalist rinna piirkonnas. Magamiskott kuulub modulaars\u00fcsteemi ning on kasutatav koos \\\"mediumweight\\\" magamiskotiga k\u00fclma ilmastiku tingimustes. Toodetud ripstop nailonist. Komfort temp. ca +10C Koos Briti Armee \\\"mediumweight\\\" magamiskotiga moodustavad aastaringseks kasutamiseks m\u00f5eldud s\u00fcsteemi, mille kasutustemperatuur ulatub kuni -32C. Ligikaudsed m\u00f5\u00f5dud: M suurus: pikkus 204cm, laius (\u00f5lapiirkond) 74cm, laius (jalgade piirkond) 40cm L suurus: pikkus\u00a0214cm, laius\u00a0(\u00f5lapiirkond) 79cm, laius\u00a0(jalgade piirkond) 45cm Kaal: ca 1,3kg Kompressioonkott on komplektis. Seisukord:\u00a0 uus (v\u00f5ib sisaldada hulgiladustamise j\u00e4lgi ning kirjeid sildil) uuev\u00e4\u00e4rne (sisaldab minimaalseid kulumisj\u00e4lgi) kasutatud, Grade 1 (sisaldab kergeid v\u00f5i m\u00f5\u00f5dukaid kulumisj\u00e4lgi, v\u00f5ib kohati esineda v\u00e4iksemaid pealiskihi vigastusi) \u00a0\",\"breadcrumb\":{\"@id\":\"https:\/\/www.outdoors.ee\/et\/toode\/briti-armee-magamiskott-lightweight\/#breadcrumb\"},\"inLanguage\":\"et\",\"potentialAction\":[{\"@type\":\"ReadAction\",\"target\":[\"https:\/\/www.outdoors.ee\/et\/toode\/briti-armee-magamiskott-lightweight\/\"]}]},{\"@type\":\"ImageObject\",\"inLanguage\":\"et\",\"@id\":\"https:\/\/www.outdoors.ee\/et\/toode\/briti-armee-magamiskott-lightweight\/#primaryimage\",\"url\":\"https:\/\/www.outdoors.ee\/wp-content\/uploads\/2021\/12\/0240-British-Army-Lightweight-Sleeping-Bag.png\",\"contentUrl\":\"https:\/\/www.outdoors.ee\/wp-content\/uploads\/2021\/12\/0240-British-Army-Lightweight-Sleeping-Bag.png\",\"width\":500,\"height\":500},{\"@type\":\"BreadcrumbList\",\"@id\":\"https:\/\/www.outdoors.ee\/et\/toode\/briti-armee-magamiskott-lightweight\/#breadcrumb\",\"itemListElement\":[{\"@type\":\"ListItem\",\"position\":1,\"name\":\"Home\",\"item\":\"https:\/\/www.outdoors.ee\/et\/\"},{\"@type\":\"ListItem\",\"position\":2,\"name\":\"Tooted\",\"item\":\"https:\/\/www.outdoors.ee\/products\/\"},{\"@type\":\"ListItem\",\"position\":3,\"name\":\"Briti Armee magamiskott Light Weight\"}]},{\"@type\":\"WebSite\",\"@id\":\"https:\/\/www.outdoors.ee\/#website\",\"url\":\"https:\/\/www.outdoors.ee\/\",\"name\":\"Outdoors\",\"description\":\"Genuine military surplus and not only!\",\"potentialAction\":[{\"@type\":\"SearchAction\",\"target\":{\"@type\":\"EntryPoint\",\"urlTemplate\":\"https:\/\/www.outdoors.ee\/?s={search_term_string}\"},\"query-input\":{\"@type\":\"PropertyValueSpecification\",\"valueRequired\":true,\"valueName\":\"search_term_string\"}}],\"inLanguage\":\"et\"}]}<\/script>\n<!-- \/ Yoast SEO plugin. -->","yoast_head_json":{"title":"Briti Armee magamiskott Lightweight - outdoors.ee","description":"Originaalne Briti s\u00f5jav\u00e4e nn kergekaaluline, \u00f5huke magamiskott sooja ilma tingimustesse. Magamiskotil on 2 sisemist taskut v\u00f5rk\u00e4st materjalist rinna piirkonnas. Magamiskott kuulub modulaars\u00fcsteemi ning on kasutatav koos \"mediumweight\" magamiskotiga k\u00fclma ilmastiku tingimustes. Toodetud ripstop nailonist. Komfort temp. ca +10C Koos Briti Armee \"mediumweight\" magamiskotiga moodustavad aastaringseks kasutamiseks m\u00f5eldud s\u00fcsteemi, mille kasutustemperatuur ulatub kuni -32C. Ligikaudsed m\u00f5\u00f5dud: M suurus: pikkus 204cm, laius (\u00f5lapiirkond) 74cm, laius (jalgade piirkond) 40cm L suurus: pikkus\u00a0214cm, laius\u00a0(\u00f5lapiirkond) 79cm, laius\u00a0(jalgade piirkond) 45cm Kaal: ca 1,3kg Kompressioonkott on komplektis. Seisukord:\u00a0 uus (v\u00f5ib sisaldada hulgiladustamise j\u00e4lgi ning kirjeid sildil) uuev\u00e4\u00e4rne (sisaldab minimaalseid kulumisj\u00e4lgi) kasutatud, Grade 1 (sisaldab kergeid v\u00f5i m\u00f5\u00f5dukaid kulumisj\u00e4lgi, v\u00f5ib kohati esineda v\u00e4iksemaid pealiskihi vigastusi) \u00a0","robots":{"index":"index","follow":"follow","max-snippet":"max-snippet:-1","max-image-preview":"max-image-preview:large","max-video-preview":"max-video-preview:-1"},"canonical":"https:\/\/www.outdoors.ee\/et\/toode\/briti-armee-magamiskott-lightweight\/","og_locale":"et_EE","og_type":"article","og_title":"Briti Armee magamiskott Lightweight","og_description":"Originaalne Briti s\u00f5jav\u00e4e nn kergekaaluline, \u00f5huke magamiskott sooja ilma tingimustesse. Magamiskotil on 2 sisemist taskut v\u00f5rk\u00e4st materjalist rinna piirkonnas. Magamiskott kuulub modulaars\u00fcsteemi ning on kasutatav koos \"mediumweight\" magamiskotiga k\u00fclma ilmastiku tingimustes. Toodetud ripstop nailonist. Komfort temp. ca +10C Koos Briti Armee \"mediumweight\" magamiskotiga moodustavad aastaringseks kasutamiseks m\u00f5eldud s\u00fcsteemi, mille kasutustemperatuur ulatub kuni -32C. Ligikaudsed m\u00f5\u00f5dud: M suurus: pikkus 204cm, laius (\u00f5lapiirkond) 74cm, laius (jalgade piirkond) 40cm L suurus: pikkus\u00a0214cm, laius\u00a0(\u00f5lapiirkond) 79cm, laius\u00a0(jalgade piirkond) 45cm Kaal: ca 1,3kg Kompressioonkott on komplektis. Seisukord:\u00a0 uus (v\u00f5ib sisaldada hulgiladustamise j\u00e4lgi ning kirjeid sildil) uuev\u00e4\u00e4rne (sisaldab minimaalseid kulumisj\u00e4lgi) kasutatud, Grade 1 (sisaldab kergeid v\u00f5i m\u00f5\u00f5dukaid kulumisj\u00e4lgi, v\u00f5ib kohati esineda v\u00e4iksemaid pealiskihi vigastusi) \u00a0","og_url":"https:\/\/www.outdoors.ee\/et\/toode\/briti-armee-magamiskott-lightweight\/","og_site_name":"Outdoors","article_modified_time":"2026-04-18T11:31:22+00:00","og_image":[{"width":500,"height":500,"url":"https:\/\/www.outdoors.ee\/wp-content\/uploads\/2021\/12\/0240-British-Army-Lightweight-Sleeping-Bag.png","type":"image\/png"}],"twitter_card":"summary_large_image","twitter_title":"Briti Armee magamiskott Lightweight","twitter_misc":{"Est. reading time":"1 minut"},"schema":{"@context":"https:\/\/schema.org","@graph":[{"@type":"WebPage","@id":"https:\/\/www.outdoors.ee\/et\/toode\/briti-armee-magamiskott-lightweight\/","url":"https:\/\/www.outdoors.ee\/et\/toode\/briti-armee-magamiskott-lightweight\/","name":"Briti Armee magamiskott Lightweight - outdoors.ee","isPartOf":{"@id":"https:\/\/www.outdoors.ee\/#website"},"primaryImageOfPage":{"@id":"https:\/\/www.outdoors.ee\/et\/toode\/briti-armee-magamiskott-lightweight\/#primaryimage"},"image":{"@id":"https:\/\/www.outdoors.ee\/et\/toode\/briti-armee-magamiskott-lightweight\/#primaryimage"},"thumbnailUrl":"https:\/\/www.outdoors.ee\/wp-content\/uploads\/2021\/12\/0240-British-Army-Lightweight-Sleeping-Bag.png","datePublished":"2021-12-08T22:00:00+00:00","dateModified":"2026-04-18T11:31:22+00:00","description":"Originaalne Briti s\u00f5jav\u00e4e nn kergekaaluline, \u00f5huke magamiskott sooja ilma tingimustesse. Magamiskotil on 2 sisemist taskut v\u00f5rk\u00e4st materjalist rinna piirkonnas. Magamiskott kuulub modulaars\u00fcsteemi ning on kasutatav koos \"mediumweight\" magamiskotiga k\u00fclma ilmastiku tingimustes. Toodetud ripstop nailonist. Komfort temp. ca +10C Koos Briti Armee \"mediumweight\" magamiskotiga moodustavad aastaringseks kasutamiseks m\u00f5eldud s\u00fcsteemi, mille kasutustemperatuur ulatub kuni -32C. Ligikaudsed m\u00f5\u00f5dud: M suurus: pikkus 204cm, laius (\u00f5lapiirkond) 74cm, laius (jalgade piirkond) 40cm L suurus: pikkus\u00a0214cm, laius\u00a0(\u00f5lapiirkond) 79cm, laius\u00a0(jalgade piirkond) 45cm Kaal: ca 1,3kg Kompressioonkott on komplektis. Seisukord:\u00a0 uus (v\u00f5ib sisaldada hulgiladustamise j\u00e4lgi ning kirjeid sildil) uuev\u00e4\u00e4rne (sisaldab minimaalseid kulumisj\u00e4lgi) kasutatud, Grade 1 (sisaldab kergeid v\u00f5i m\u00f5\u00f5dukaid kulumisj\u00e4lgi, v\u00f5ib kohati esineda v\u00e4iksemaid pealiskihi vigastusi) \u00a0","breadcrumb":{"@id":"https:\/\/www.outdoors.ee\/et\/toode\/briti-armee-magamiskott-lightweight\/#breadcrumb"},"inLanguage":"et","potentialAction":[{"@type":"ReadAction","target":["https:\/\/www.outdoors.ee\/et\/toode\/briti-armee-magamiskott-lightweight\/"]}]},{"@type":"ImageObject","inLanguage":"et","@id":"https:\/\/www.outdoors.ee\/et\/toode\/briti-armee-magamiskott-lightweight\/#primaryimage","url":"https:\/\/www.outdoors.ee\/wp-content\/uploads\/2021\/12\/0240-British-Army-Lightweight-Sleeping-Bag.png","contentUrl":"https:\/\/www.outdoors.ee\/wp-content\/uploads\/2021\/12\/0240-British-Army-Lightweight-Sleeping-Bag.png","width":500,"height":500},{"@type":"BreadcrumbList","@id":"https:\/\/www.outdoors.ee\/et\/toode\/briti-armee-magamiskott-lightweight\/#breadcrumb","itemListElement":[{"@type":"ListItem","position":1,"name":"Home","item":"https:\/\/www.outdoors.ee\/et\/"},{"@type":"ListItem","position":2,"name":"Tooted","item":"https:\/\/www.outdoors.ee\/products\/"},{"@type":"ListItem","position":3,"name":"Briti Armee magamiskott Light Weight"}]},{"@type":"WebSite","@id":"https:\/\/www.outdoors.ee\/#website","url":"https:\/\/www.outdoors.ee\/","name":"Outdoors","description":"Genuine military surplus and not only!","potentialAction":[{"@type":"SearchAction","target":{"@type":"EntryPoint","urlTemplate":"https:\/\/www.outdoors.ee\/?s={search_term_string}"},"query-input":{"@type":"PropertyValueSpecification","valueRequired":true,"valueName":"search_term_string"}}],"inLanguage":"et"}]}},"_links":{"self":[{"href":"https:\/\/www.outdoors.ee\/et\/wp-json\/wp\/v2\/product\/58690","targetHints":{"allow":["GET"]}}],"collection":[{"href":"https:\/\/www.outdoors.ee\/et\/wp-json\/wp\/v2\/product"}],"about":[{"href":"https:\/\/www.outdoors.ee\/et\/wp-json\/wp\/v2\/types\/product"}],"wp:featuredmedia":[{"embeddable":true,"href":"https:\/\/www.outdoors.ee\/et\/wp-json\/wp\/v2\/media\/64769"}],"wp:attachment":[{"href":"https:\/\/www.outdoors.ee\/et\/wp-json\/wp\/v2\/media?parent=58690"}],"wp:term":[{"taxonomy":"product_brand","embeddable":true,"href":"https:\/\/www.outdoors.ee\/et\/wp-json\/wp\/v2\/product_brand?post=58690"},{"taxonomy":"product_cat","embeddable":true,"href":"https:\/\/www.outdoors.ee\/et\/wp-json\/wp\/v2\/product_cat?post=58690"},{"taxonomy":"product_tag","embeddable":true,"href":"https:\/\/www.outdoors.ee\/et\/wp-json\/wp\/v2\/product_tag?post=58690"}],"curies":[{"name":"wp","href":"https:\/\/api.w.org\/{rel}","templated":true}]}}