{"id":58644,"date":"2021-12-09T00:00:00","date_gmt":"2021-12-09T00:00:00","guid":{"rendered":"https:\/\/www.outdoors.ee\/product\/briti-armee-vihmajope-smock-mvp-dpm\/"},"modified":"2026-04-24T14:17:35","modified_gmt":"2026-04-24T11:17:35","slug":"briti-armee-vihmajope-smock-mvp-dpm","status":"publish","type":"product","link":"https:\/\/www.outdoors.ee\/et\/toode\/briti-armee-vihmajope-smock-mvp-dpm\/","title":{"rendered":"Briti Armee vihmajope Smock MVP DPM"},"content":{"rendered":"<p style=\"text-align: justify;\">Briti s\u00f5jav\u00e4e vihmajope klassikalises metsalaigus, mis on toodetud Briti s\u00f5jav\u00e4e MVP (Moisture Vapour Permeable) vetth\u00fclgavast ja hingavast materjalist.<\/p>\n<p style=\"text-align: justify;\"><strong>Omadused:<\/strong><\/p>\n<ul>\n<li>pikk kehaosa ja lai l\u00f5ige<\/li>\n<li>pingutusn\u00f6\u00f6riga integreeritud kapuuts<\/li>\n<li>t\u00e4ispikkuses t\u00f5mbluku ning takjaklapiga eest suletav<\/li>\n<li>peidetud t\u00f5mblukuga tasku klapi all<\/li>\n<li>takjapaelaga reguleeritav randmekoha laius<\/li>\n<li>2 suurt takjapaelaga suletavat taskut rinnal (RAF mudeli puhul asuvad taskud mitte rinnal v\u00f5i v\u00f6\u00f6 piirkonnas)<\/li>\n<li>voodri puudumise t\u00f5ttu on kokkupanduna v\u00e4ga kerge ja kompaktne<\/li>\n<li>Kiri sildil:\u00a0\u00a0&#8220;Smock, Man\u00b4s, Waterproof, Moisture Vapour Permeable, DPM&#8221; v\u00f5i &#8220;Jacket, Combat, MVP Woodland DP&#8221; v\u00f5i &#8220;Smock, Man\u00b4s Waterproof RAF, MVP, DPM&#8221;<\/li>\n<\/ul>\n<p><strong>Suurus <\/strong>rippmen\u00fc\u00fcs: pikkus \/ rinna\u00fcmberm\u00f5\u00f5t, cm<\/p>\n<p>NB! Antud kuulutus sisaldab kolme sarnast vihmajope mudelit. Tulenevalt sellest v\u00f5ib esineda v\u00e4iksemaid konstruktiivseid erinevusi.<\/p>\n<p><strong>Seisukord:\u00a0<\/strong><\/p>\n<ul>\n<li>uus (ilma j\u00e4em\u00fc\u00fcgipakendita, v\u00f5ib sisaldada hulgiladustamise j\u00e4lgi ning nime sildil)<\/li>\n<li>uuev\u00e4\u00e4rne (sisaldab kergeid kulumisj\u00e4lgi)<\/li>\n<li>kasutatud, Grade 1 (sisaldab m\u00f5\u00f5dukaid kulumisj\u00e4lgi, v\u00f5ib olla veidi m\u00e4\u00e4rdunud ning sisaldada v\u00e4iksemaid vigastusi)<\/li>\n<\/ul>\n","protected":false},"excerpt":{"rendered":"<p>Briti Armee vihmajope Smock MVP, Woodland<\/p>\n","protected":false},"featured_media":17775,"template":"","meta":[],"product_brand":[],"product_cat":[101],"product_tag":[3143],"class_list":{"0":"post-58644","1":"product","2":"type-product","3":"status-publish","4":"has-post-thumbnail","6":"product_cat-joped-parkad","7":"product_tag-vihmariided","8":"pa_brand-british-military-surplus","9":"pa_condition-kasutatud-grade-1","10":"pa_condition-uuevaarne","11":"pa_condition-uus","12":"pa_size-160-88-3","13":"pa_size-160-96-2","14":"pa_size-170-104-2","15":"pa_size-170-112-2","16":"pa_size-170-88-2","17":"pa_size-170-96-2","18":"pa_size-180-104-2","19":"pa_size-180-112-2","20":"pa_size-180-120-2","21":"pa_size-180-96-2","22":"pa_size-190-104-2","23":"pa_size-190-120-2","25":"first","26":"instock","27":"taxable","28":"shipping-taxable","29":"purchasable","30":"product-type-variable"},"yoast_head":"<!-- This site is optimized with the Yoast SEO plugin v27.2 - https:\/\/yoast.com\/product\/yoast-seo-wordpress\/ -->\n<title>Briti Armee vihmajope Smock MVP DPM - outdoors.ee<\/title>\n<meta name=\"description\" content=\"Originaalne Briti s\u00f5jav\u00e4e vihmajope klassikalises metsalaigus, mis on toodetud Gore-Texi ekvivalentsest Briti s\u00f5jav\u00e4e MVPst (Moisture Vapour Permeable) vetth\u00fclgavast ja hingavast materjalist. Omadused: pikk kehaosa ja\u00a0lai l\u00f5ige\u00a0(sarnane tuulekindla parkaga &quot;Windproof Smock&quot;) pingutusn\u00f6\u00f6riga integreeritud kapuuts t\u00e4ispikkuses t\u00f5mbluku ning takjaklapiga eest suletav peidetud t\u00f5mblukuga tasku klapi all takjapaelaga reguleeritav randmekoha laius 2 suurt takjakinnitusega\u00a0taskut rinnal voodri puudumise t\u00f5ttu on kokkupanduna v\u00e4ga kerge ja kompaktne Kiri sildil:\u00a0\u00a0&quot;Smock, Man\u00b4s, Waterproof, Moisture Vapour Permeable, DPM&quot; v\u00f5i &quot;Jacket, Combat, MVP Woodland DP&quot; Suurus rippmen\u00fc\u00fcs (cm): pikkus \/ rinna\u00fcmberm\u00f5\u00f5t Seisukord:\u00a0 uus\u00a0 uuev\u00e4\u00e4rne (v\u00f5ib sisaldada vaid minimaalseid kulumisj\u00e4lgi) kasutatud, Grade 1 (heas korras, m\u00f5\u00f5dukate kulumisj\u00e4lgedega, \u00f5mbluste sisemine teipimine v\u00f5ib olla puudulik)\" \/>\n<meta name=\"robots\" content=\"index, follow, max-snippet:-1, max-image-preview:large, max-video-preview:-1\" \/>\n<link rel=\"canonical\" href=\"https:\/\/www.outdoors.ee\/et\/toode\/briti-armee-vihmajope-smock-mvp-dpm\/\" \/>\n<meta property=\"og:locale\" content=\"et_EE\" \/>\n<meta property=\"og:type\" content=\"article\" \/>\n<meta property=\"og:title\" content=\"Briti Armee vihmajope Smock MVP DPM\" \/>\n<meta property=\"og:description\" content=\"Originaalne Briti s\u00f5jav\u00e4e vihmajope klassikalises metsalaigus, mis on toodetud Gore-Texi ekvivalentsest Briti s\u00f5jav\u00e4e MVPst (Moisture Vapour Permeable) vetth\u00fclgavast ja hingavast materjalist. Omadused: pikk kehaosa ja\u00a0lai l\u00f5ige\u00a0(sarnane tuulekindla parkaga &quot;Windproof Smock&quot;) pingutusn\u00f6\u00f6riga integreeritud kapuuts t\u00e4ispikkuses t\u00f5mbluku ning takjaklapiga eest suletav peidetud t\u00f5mblukuga tasku klapi all takjapaelaga reguleeritav randmekoha laius 2 suurt takjakinnitusega\u00a0taskut rinnal voodri puudumise t\u00f5ttu on kokkupanduna v\u00e4ga kerge ja kompaktne Kiri sildil:\u00a0\u00a0&quot;Smock, Man\u00b4s, Waterproof, Moisture Vapour Permeable, DPM&quot; v\u00f5i &quot;Jacket, Combat, MVP Woodland DP&quot; Suurus rippmen\u00fc\u00fcs (cm): pikkus \/ rinna\u00fcmberm\u00f5\u00f5t Seisukord:\u00a0 uus\u00a0 uuev\u00e4\u00e4rne (v\u00f5ib sisaldada vaid minimaalseid kulumisj\u00e4lgi) kasutatud, Grade 1 (heas korras, m\u00f5\u00f5dukate kulumisj\u00e4lgedega, \u00f5mbluste sisemine teipimine v\u00f5ib olla puudulik)\" \/>\n<meta property=\"og:url\" content=\"https:\/\/www.outdoors.ee\/et\/toode\/briti-armee-vihmajope-smock-mvp-dpm\/\" \/>\n<meta property=\"og:site_name\" content=\"Outdoors\" \/>\n<meta property=\"article:modified_time\" content=\"2026-04-24T11:17:35+00:00\" \/>\n<meta property=\"og:image\" content=\"https:\/\/www.outdoors.ee\/wp-content\/uploads\/2021\/09\/0203smock-British-Waterproof-Smock-MVP-DPM.jpg\" \/>\n\t<meta property=\"og:image:width\" content=\"381\" \/>\n\t<meta property=\"og:image:height\" content=\"541\" \/>\n\t<meta property=\"og:image:type\" content=\"image\/jpeg\" \/>\n<meta name=\"twitter:card\" content=\"summary_large_image\" \/>\n<meta name=\"twitter:title\" content=\"Briti Armee vihmajope Smock MVP DPM\" \/>\n<meta name=\"twitter:label1\" content=\"Est. reading time\" \/>\n\t<meta name=\"twitter:data1\" content=\"1 minut\" \/>\n<script type=\"application\/ld+json\" class=\"yoast-schema-graph\">{\"@context\":\"https:\/\/schema.org\",\"@graph\":[{\"@type\":\"WebPage\",\"@id\":\"https:\/\/www.outdoors.ee\/et\/toode\/briti-armee-vihmajope-smock-mvp-dpm\/\",\"url\":\"https:\/\/www.outdoors.ee\/et\/toode\/briti-armee-vihmajope-smock-mvp-dpm\/\",\"name\":\"Briti Armee vihmajope Smock MVP DPM - outdoors.ee\",\"isPartOf\":{\"@id\":\"https:\/\/www.outdoors.ee\/#website\"},\"primaryImageOfPage\":{\"@id\":\"https:\/\/www.outdoors.ee\/et\/toode\/briti-armee-vihmajope-smock-mvp-dpm\/#primaryimage\"},\"image\":{\"@id\":\"https:\/\/www.outdoors.ee\/et\/toode\/briti-armee-vihmajope-smock-mvp-dpm\/#primaryimage\"},\"thumbnailUrl\":\"https:\/\/www.outdoors.ee\/wp-content\/uploads\/2021\/09\/0203smock-British-Waterproof-Smock-MVP-DPM.jpg\",\"datePublished\":\"2021-12-09T00:00:00+00:00\",\"dateModified\":\"2026-04-24T11:17:35+00:00\",\"description\":\"Originaalne Briti s\u00f5jav\u00e4e vihmajope klassikalises metsalaigus, mis on toodetud Gore-Texi ekvivalentsest Briti s\u00f5jav\u00e4e MVPst (Moisture Vapour Permeable) vetth\u00fclgavast ja hingavast materjalist. Omadused: pikk kehaosa ja\u00a0lai l\u00f5ige\u00a0(sarnane tuulekindla parkaga \\\"Windproof Smock\\\") pingutusn\u00f6\u00f6riga integreeritud kapuuts t\u00e4ispikkuses t\u00f5mbluku ning takjaklapiga eest suletav peidetud t\u00f5mblukuga tasku klapi all takjapaelaga reguleeritav randmekoha laius 2 suurt takjakinnitusega\u00a0taskut rinnal voodri puudumise t\u00f5ttu on kokkupanduna v\u00e4ga kerge ja kompaktne Kiri sildil:\u00a0\u00a0\\\"Smock, Man\u00b4s, Waterproof, Moisture Vapour Permeable, DPM\\\" v\u00f5i \\\"Jacket, Combat, MVP Woodland DP\\\" Suurus rippmen\u00fc\u00fcs (cm): pikkus \/ rinna\u00fcmberm\u00f5\u00f5t Seisukord:\u00a0 uus\u00a0 uuev\u00e4\u00e4rne (v\u00f5ib sisaldada vaid minimaalseid kulumisj\u00e4lgi) kasutatud, Grade 1 (heas korras, m\u00f5\u00f5dukate kulumisj\u00e4lgedega, \u00f5mbluste sisemine teipimine v\u00f5ib olla puudulik)\",\"breadcrumb\":{\"@id\":\"https:\/\/www.outdoors.ee\/et\/toode\/briti-armee-vihmajope-smock-mvp-dpm\/#breadcrumb\"},\"inLanguage\":\"et\",\"potentialAction\":[{\"@type\":\"ReadAction\",\"target\":[\"https:\/\/www.outdoors.ee\/et\/toode\/briti-armee-vihmajope-smock-mvp-dpm\/\"]}]},{\"@type\":\"ImageObject\",\"inLanguage\":\"et\",\"@id\":\"https:\/\/www.outdoors.ee\/et\/toode\/briti-armee-vihmajope-smock-mvp-dpm\/#primaryimage\",\"url\":\"https:\/\/www.outdoors.ee\/wp-content\/uploads\/2021\/09\/0203smock-British-Waterproof-Smock-MVP-DPM.jpg\",\"contentUrl\":\"https:\/\/www.outdoors.ee\/wp-content\/uploads\/2021\/09\/0203smock-British-Waterproof-Smock-MVP-DPM.jpg\",\"width\":381,\"height\":541},{\"@type\":\"BreadcrumbList\",\"@id\":\"https:\/\/www.outdoors.ee\/et\/toode\/briti-armee-vihmajope-smock-mvp-dpm\/#breadcrumb\",\"itemListElement\":[{\"@type\":\"ListItem\",\"position\":1,\"name\":\"Home\",\"item\":\"https:\/\/www.outdoors.ee\/et\/\"},{\"@type\":\"ListItem\",\"position\":2,\"name\":\"Tooted\",\"item\":\"https:\/\/www.outdoors.ee\/products\/\"},{\"@type\":\"ListItem\",\"position\":3,\"name\":\"Briti Armee vihmajope Smock MVP DPM\"}]},{\"@type\":\"WebSite\",\"@id\":\"https:\/\/www.outdoors.ee\/#website\",\"url\":\"https:\/\/www.outdoors.ee\/\",\"name\":\"Outdoors\",\"description\":\"Genuine military surplus and not only!\",\"potentialAction\":[{\"@type\":\"SearchAction\",\"target\":{\"@type\":\"EntryPoint\",\"urlTemplate\":\"https:\/\/www.outdoors.ee\/?s={search_term_string}\"},\"query-input\":{\"@type\":\"PropertyValueSpecification\",\"valueRequired\":true,\"valueName\":\"search_term_string\"}}],\"inLanguage\":\"et\"}]}<\/script>\n<!-- \/ Yoast SEO plugin. -->","yoast_head_json":{"title":"Briti Armee vihmajope Smock MVP DPM - outdoors.ee","description":"Originaalne Briti s\u00f5jav\u00e4e vihmajope klassikalises metsalaigus, mis on toodetud Gore-Texi ekvivalentsest Briti s\u00f5jav\u00e4e MVPst (Moisture Vapour Permeable) vetth\u00fclgavast ja hingavast materjalist. Omadused: pikk kehaosa ja\u00a0lai l\u00f5ige\u00a0(sarnane tuulekindla parkaga \"Windproof Smock\") pingutusn\u00f6\u00f6riga integreeritud kapuuts t\u00e4ispikkuses t\u00f5mbluku ning takjaklapiga eest suletav peidetud t\u00f5mblukuga tasku klapi all takjapaelaga reguleeritav randmekoha laius 2 suurt takjakinnitusega\u00a0taskut rinnal voodri puudumise t\u00f5ttu on kokkupanduna v\u00e4ga kerge ja kompaktne Kiri sildil:\u00a0\u00a0\"Smock, Man\u00b4s, Waterproof, Moisture Vapour Permeable, DPM\" v\u00f5i \"Jacket, Combat, MVP Woodland DP\" Suurus rippmen\u00fc\u00fcs (cm): pikkus \/ rinna\u00fcmberm\u00f5\u00f5t Seisukord:\u00a0 uus\u00a0 uuev\u00e4\u00e4rne (v\u00f5ib sisaldada vaid minimaalseid kulumisj\u00e4lgi) kasutatud, Grade 1 (heas korras, m\u00f5\u00f5dukate kulumisj\u00e4lgedega, \u00f5mbluste sisemine teipimine v\u00f5ib olla puudulik)","robots":{"index":"index","follow":"follow","max-snippet":"max-snippet:-1","max-image-preview":"max-image-preview:large","max-video-preview":"max-video-preview:-1"},"canonical":"https:\/\/www.outdoors.ee\/et\/toode\/briti-armee-vihmajope-smock-mvp-dpm\/","og_locale":"et_EE","og_type":"article","og_title":"Briti Armee vihmajope Smock MVP DPM","og_description":"Originaalne Briti s\u00f5jav\u00e4e vihmajope klassikalises metsalaigus, mis on toodetud Gore-Texi ekvivalentsest Briti s\u00f5jav\u00e4e MVPst (Moisture Vapour Permeable) vetth\u00fclgavast ja hingavast materjalist. Omadused: pikk kehaosa ja\u00a0lai l\u00f5ige\u00a0(sarnane tuulekindla parkaga \"Windproof Smock\") pingutusn\u00f6\u00f6riga integreeritud kapuuts t\u00e4ispikkuses t\u00f5mbluku ning takjaklapiga eest suletav peidetud t\u00f5mblukuga tasku klapi all takjapaelaga reguleeritav randmekoha laius 2 suurt takjakinnitusega\u00a0taskut rinnal voodri puudumise t\u00f5ttu on kokkupanduna v\u00e4ga kerge ja kompaktne Kiri sildil:\u00a0\u00a0\"Smock, Man\u00b4s, Waterproof, Moisture Vapour Permeable, DPM\" v\u00f5i \"Jacket, Combat, MVP Woodland DP\" Suurus rippmen\u00fc\u00fcs (cm): pikkus \/ rinna\u00fcmberm\u00f5\u00f5t Seisukord:\u00a0 uus\u00a0 uuev\u00e4\u00e4rne (v\u00f5ib sisaldada vaid minimaalseid kulumisj\u00e4lgi) kasutatud, Grade 1 (heas korras, m\u00f5\u00f5dukate kulumisj\u00e4lgedega, \u00f5mbluste sisemine teipimine v\u00f5ib olla puudulik)","og_url":"https:\/\/www.outdoors.ee\/et\/toode\/briti-armee-vihmajope-smock-mvp-dpm\/","og_site_name":"Outdoors","article_modified_time":"2026-04-24T11:17:35+00:00","og_image":[{"width":381,"height":541,"url":"https:\/\/www.outdoors.ee\/wp-content\/uploads\/2021\/09\/0203smock-British-Waterproof-Smock-MVP-DPM.jpg","type":"image\/jpeg"}],"twitter_card":"summary_large_image","twitter_title":"Briti Armee vihmajope Smock MVP DPM","twitter_misc":{"Est. reading time":"1 minut"},"schema":{"@context":"https:\/\/schema.org","@graph":[{"@type":"WebPage","@id":"https:\/\/www.outdoors.ee\/et\/toode\/briti-armee-vihmajope-smock-mvp-dpm\/","url":"https:\/\/www.outdoors.ee\/et\/toode\/briti-armee-vihmajope-smock-mvp-dpm\/","name":"Briti Armee vihmajope Smock MVP DPM - outdoors.ee","isPartOf":{"@id":"https:\/\/www.outdoors.ee\/#website"},"primaryImageOfPage":{"@id":"https:\/\/www.outdoors.ee\/et\/toode\/briti-armee-vihmajope-smock-mvp-dpm\/#primaryimage"},"image":{"@id":"https:\/\/www.outdoors.ee\/et\/toode\/briti-armee-vihmajope-smock-mvp-dpm\/#primaryimage"},"thumbnailUrl":"https:\/\/www.outdoors.ee\/wp-content\/uploads\/2021\/09\/0203smock-British-Waterproof-Smock-MVP-DPM.jpg","datePublished":"2021-12-09T00:00:00+00:00","dateModified":"2026-04-24T11:17:35+00:00","description":"Originaalne Briti s\u00f5jav\u00e4e vihmajope klassikalises metsalaigus, mis on toodetud Gore-Texi ekvivalentsest Briti s\u00f5jav\u00e4e MVPst (Moisture Vapour Permeable) vetth\u00fclgavast ja hingavast materjalist. Omadused: pikk kehaosa ja\u00a0lai l\u00f5ige\u00a0(sarnane tuulekindla parkaga \"Windproof Smock\") pingutusn\u00f6\u00f6riga integreeritud kapuuts t\u00e4ispikkuses t\u00f5mbluku ning takjaklapiga eest suletav peidetud t\u00f5mblukuga tasku klapi all takjapaelaga reguleeritav randmekoha laius 2 suurt takjakinnitusega\u00a0taskut rinnal voodri puudumise t\u00f5ttu on kokkupanduna v\u00e4ga kerge ja kompaktne Kiri sildil:\u00a0\u00a0\"Smock, Man\u00b4s, Waterproof, Moisture Vapour Permeable, DPM\" v\u00f5i \"Jacket, Combat, MVP Woodland DP\" Suurus rippmen\u00fc\u00fcs (cm): pikkus \/ rinna\u00fcmberm\u00f5\u00f5t Seisukord:\u00a0 uus\u00a0 uuev\u00e4\u00e4rne (v\u00f5ib sisaldada vaid minimaalseid kulumisj\u00e4lgi) kasutatud, Grade 1 (heas korras, m\u00f5\u00f5dukate kulumisj\u00e4lgedega, \u00f5mbluste sisemine teipimine v\u00f5ib olla puudulik)","breadcrumb":{"@id":"https:\/\/www.outdoors.ee\/et\/toode\/briti-armee-vihmajope-smock-mvp-dpm\/#breadcrumb"},"inLanguage":"et","potentialAction":[{"@type":"ReadAction","target":["https:\/\/www.outdoors.ee\/et\/toode\/briti-armee-vihmajope-smock-mvp-dpm\/"]}]},{"@type":"ImageObject","inLanguage":"et","@id":"https:\/\/www.outdoors.ee\/et\/toode\/briti-armee-vihmajope-smock-mvp-dpm\/#primaryimage","url":"https:\/\/www.outdoors.ee\/wp-content\/uploads\/2021\/09\/0203smock-British-Waterproof-Smock-MVP-DPM.jpg","contentUrl":"https:\/\/www.outdoors.ee\/wp-content\/uploads\/2021\/09\/0203smock-British-Waterproof-Smock-MVP-DPM.jpg","width":381,"height":541},{"@type":"BreadcrumbList","@id":"https:\/\/www.outdoors.ee\/et\/toode\/briti-armee-vihmajope-smock-mvp-dpm\/#breadcrumb","itemListElement":[{"@type":"ListItem","position":1,"name":"Home","item":"https:\/\/www.outdoors.ee\/et\/"},{"@type":"ListItem","position":2,"name":"Tooted","item":"https:\/\/www.outdoors.ee\/products\/"},{"@type":"ListItem","position":3,"name":"Briti Armee vihmajope Smock MVP DPM"}]},{"@type":"WebSite","@id":"https:\/\/www.outdoors.ee\/#website","url":"https:\/\/www.outdoors.ee\/","name":"Outdoors","description":"Genuine military surplus and not only!","potentialAction":[{"@type":"SearchAction","target":{"@type":"EntryPoint","urlTemplate":"https:\/\/www.outdoors.ee\/?s={search_term_string}"},"query-input":{"@type":"PropertyValueSpecification","valueRequired":true,"valueName":"search_term_string"}}],"inLanguage":"et"}]}},"_links":{"self":[{"href":"https:\/\/www.outdoors.ee\/et\/wp-json\/wp\/v2\/product\/58644","targetHints":{"allow":["GET"]}}],"collection":[{"href":"https:\/\/www.outdoors.ee\/et\/wp-json\/wp\/v2\/product"}],"about":[{"href":"https:\/\/www.outdoors.ee\/et\/wp-json\/wp\/v2\/types\/product"}],"wp:featuredmedia":[{"embeddable":true,"href":"https:\/\/www.outdoors.ee\/et\/wp-json\/wp\/v2\/media\/17775"}],"wp:attachment":[{"href":"https:\/\/www.outdoors.ee\/et\/wp-json\/wp\/v2\/media?parent=58644"}],"wp:term":[{"taxonomy":"product_brand","embeddable":true,"href":"https:\/\/www.outdoors.ee\/et\/wp-json\/wp\/v2\/product_brand?post=58644"},{"taxonomy":"product_cat","embeddable":true,"href":"https:\/\/www.outdoors.ee\/et\/wp-json\/wp\/v2\/product_cat?post=58644"},{"taxonomy":"product_tag","embeddable":true,"href":"https:\/\/www.outdoors.ee\/et\/wp-json\/wp\/v2\/product_tag?post=58644"}],"curies":[{"name":"wp","href":"https:\/\/api.w.org\/{rel}","templated":true}]}}