{"id":58632,"date":"2021-12-09T00:00:00","date_gmt":"2021-12-09T00:00:00","guid":{"rendered":"https:\/\/www.outdoors.ee\/product\/briti-armee-tuulekindel-parka-combat-smock-desert\/"},"modified":"2025-12-15T17:52:16","modified_gmt":"2025-12-15T15:52:16","slug":"briti-armee-parka-windproof-combat-smock-desert","status":"publish","type":"product","link":"https:\/\/www.outdoors.ee\/et\/toode\/briti-armee-parka-windproof-combat-smock-desert\/","title":{"rendered":"Briti Armee parka Windproof Combat Smock Desert"},"content":{"rendered":"<p style=\"text-align: justify;\">Tuulekindel Briti s\u00f5jav\u00e4e parka k\u00f5rbelaigus. M\u00f5eldud kasutamiseks pealiskihina k\u00fclma ning tuulise ilma tingimustes. Voodrita, praktiline v\u00e4lijope ruumika l\u00f5ikega.<\/p>\n<p style=\"text-align: justify;\"><strong>Omadused<\/strong>:<\/p>\n<ul style=\"text-align: justify;\">\n<li>Briti s\u00f5jav\u00e4e originaal<\/li>\n<li>tuulekindel ja vetth\u00fclgav puuvilla ja pol\u00fcestri segu<\/li>\n<li>pingutusn\u00f6\u00f6riga kapuuts<\/li>\n<li>v\u00f6\u00f6koha pingutusn\u00f6\u00f6r<\/li>\n<li>2 suurt rinnataskut<\/li>\n<li>2 suurt alumist taskut<\/li>\n<li>2 vertikaalse t\u00f5mblukuga taskut rinnal<\/li>\n<li>1 takjapaelaga suletav varrukatasku<\/li>\n<li>takjakinnitusega reguleeritavad mansetid<\/li>\n<li>kahesuunalise t\u00f5mbluku ja takjaklapiga eest suletav<\/li>\n<li>\u00f5la- ning k\u00fc\u00fcnarnukipiirkonna tugevdused<\/li>\n<li>n\u00f6\u00f6biga auastme eraldusm\u00e4rgi klapp rinnal<\/li>\n<li>kiri sildil: Smock Combat Windproof Desert DP<\/li>\n<\/ul>\n<p><strong>Suurus rippmen\u00fc\u00fcs<\/strong>: pikkus \/ rinna\u00fcmberm\u00f5\u00f5t, cm<\/p>\n<p><strong>NB!<\/strong>\u00a0kui olete kahe suuruse vahel v\u00e4iksem v\u00f5ib sobida paremini jope laia l\u00f5ike t\u00f5ttu<\/p>\n<p style=\"text-align: justify;\"><strong>Seisukord<\/strong>:<\/p>\n<ul>\n<li style=\"text-align: justify;\">uus (ilma j\u00e4em\u00fcgipakendita, v\u00f5ib sisaldada hulgiladustamise j\u00e4lgi)<\/li>\n<li>uuev\u00e4\u00e4rne (sisaldab kergeid kulumisj\u00e4lgi)<\/li>\n<\/ul>\n","protected":false},"excerpt":{"rendered":"<p>Briti Armee tuulekindel parka Combat Smock, Desert<\/p>\n","protected":false},"featured_media":75924,"template":"","meta":[],"product_brand":[],"product_cat":[101],"product_tag":[],"class_list":{"0":"post-58632","1":"product","2":"type-product","3":"status-publish","4":"has-post-thumbnail","6":"product_cat-joped-parkad","7":"pa_brand-british-military-surplus","8":"pa_condition-kasutatud-grade-1","9":"pa_condition-uuevaarne","10":"pa_condition-uus","11":"pa_size-160-96-2","12":"pa_size-170-104-2","13":"pa_size-170-112-2","14":"pa_size-180-104-2","15":"pa_size-180-112-2","16":"pa_size-180-96-2","17":"pa_size-190-104-2","18":"pa_size-190-112-2","19":"pa_size-190-96-2","21":"first","22":"instock","23":"taxable","24":"shipping-taxable","25":"purchasable","26":"product-type-variable"},"yoast_head":"<!-- This site is optimized with the Yoast SEO plugin v27.2 - https:\/\/yoast.com\/product\/yoast-seo-wordpress\/ -->\n<title>Briti Armee tuulekindel parka Combat Smock Desert - outdoors.ee<\/title>\n<meta name=\"description\" content=\"Originaalne tuulekindel ja vetth\u00fclgav Briti s\u00f5jav\u00e4e parka k\u00f5rbe l\u00e4igus. \u00dcks parimaid s\u00f5jav\u00e4e r\u00f5ivastuse eksemplare, mida on kunagi loodud. Sobib aastaringseks kandmiseks. See parka oli algselt m\u00f5eldud kasutamiseks pealiskihina k\u00fclma ning tuulise ilma tingimustes. Voodrita, praktiline v\u00e4lijope ruumika l\u00f5ikega. Omadused: originaalne Briti s\u00f5jav\u00e4e parka tuulekindel ja vetth\u00fclgav puuvilla ja pol\u00fcestri segu pingutusn\u00f6\u00f6riga kapuuts ja v\u00f6\u00f6koht 2 suurt rinnataskut 2 suurt alumist taskut 2 vertikaalse t\u00f5mblukuga taskut rinnal 1 varrukatasku takjakinnitusega reguleeritav randmekoha laius Eest suletav kahesuunalise t\u00f5mbluku ja laia takjaklapiga \u00f5la- ning k\u00fc\u00fcnarnukipiirkonna tugevdused n\u00f6\u00f6biga auastme eraldusm\u00e4rgi kinnitus rinnal kiri sildil: Smock Combat Windproof Desert DP Seisukord: uus\" \/>\n<meta name=\"robots\" content=\"index, follow, max-snippet:-1, max-image-preview:large, max-video-preview:-1\" \/>\n<link rel=\"canonical\" href=\"https:\/\/www.outdoors.ee\/et\/toode\/briti-armee-parka-windproof-combat-smock-desert\/\" \/>\n<meta property=\"og:locale\" content=\"et_EE\" \/>\n<meta property=\"og:type\" content=\"article\" \/>\n<meta property=\"og:title\" content=\"Briti Armee tuulekindel parka Combat Smock Desert\" \/>\n<meta property=\"og:description\" content=\"Originaalne tuulekindel ja vetth\u00fclgav Briti s\u00f5jav\u00e4e parka k\u00f5rbe l\u00e4igus. \u00dcks parimaid s\u00f5jav\u00e4e r\u00f5ivastuse eksemplare, mida on kunagi loodud. Sobib aastaringseks kandmiseks. See parka oli algselt m\u00f5eldud kasutamiseks pealiskihina k\u00fclma ning tuulise ilma tingimustes. Voodrita, praktiline v\u00e4lijope ruumika l\u00f5ikega. Omadused: originaalne Briti s\u00f5jav\u00e4e parka tuulekindel ja vetth\u00fclgav puuvilla ja pol\u00fcestri segu pingutusn\u00f6\u00f6riga kapuuts ja v\u00f6\u00f6koht 2 suurt rinnataskut 2 suurt alumist taskut 2 vertikaalse t\u00f5mblukuga taskut rinnal 1 varrukatasku takjakinnitusega reguleeritav randmekoha laius Eest suletav kahesuunalise t\u00f5mbluku ja laia takjaklapiga \u00f5la- ning k\u00fc\u00fcnarnukipiirkonna tugevdused n\u00f6\u00f6biga auastme eraldusm\u00e4rgi kinnitus rinnal kiri sildil: Smock Combat Windproof Desert DP Seisukord: uus\" \/>\n<meta property=\"og:url\" content=\"https:\/\/www.outdoors.ee\/et\/toode\/briti-armee-parka-windproof-combat-smock-desert\/\" \/>\n<meta property=\"og:site_name\" content=\"Outdoors\" \/>\n<meta property=\"article:modified_time\" content=\"2025-12-15T15:52:16+00:00\" \/>\n<meta property=\"og:image\" content=\"https:\/\/www.outdoors.ee\/wp-content\/uploads\/2021\/12\/0229-British-Army-Windproof-Combat-Smock-Desert-1.jpg\" \/>\n\t<meta property=\"og:image:width\" content=\"1200\" \/>\n\t<meta property=\"og:image:height\" content=\"1200\" \/>\n\t<meta property=\"og:image:type\" content=\"image\/jpeg\" \/>\n<meta name=\"twitter:card\" content=\"summary_large_image\" \/>\n<meta name=\"twitter:title\" content=\"Briti Armee tuulekindel parka Combat Smock Desert\" \/>\n<meta name=\"twitter:label1\" content=\"Est. reading time\" \/>\n\t<meta name=\"twitter:data1\" content=\"1 minut\" \/>\n<script type=\"application\/ld+json\" class=\"yoast-schema-graph\">{\"@context\":\"https:\/\/schema.org\",\"@graph\":[{\"@type\":\"WebPage\",\"@id\":\"https:\/\/www.outdoors.ee\/et\/toode\/briti-armee-parka-windproof-combat-smock-desert\/\",\"url\":\"https:\/\/www.outdoors.ee\/et\/toode\/briti-armee-parka-windproof-combat-smock-desert\/\",\"name\":\"Briti Armee tuulekindel parka Combat Smock Desert - outdoors.ee\",\"isPartOf\":{\"@id\":\"https:\/\/www.outdoors.ee\/#website\"},\"primaryImageOfPage\":{\"@id\":\"https:\/\/www.outdoors.ee\/et\/toode\/briti-armee-parka-windproof-combat-smock-desert\/#primaryimage\"},\"image\":{\"@id\":\"https:\/\/www.outdoors.ee\/et\/toode\/briti-armee-parka-windproof-combat-smock-desert\/#primaryimage\"},\"thumbnailUrl\":\"https:\/\/www.outdoors.ee\/wp-content\/uploads\/2021\/12\/0229-British-Army-Windproof-Combat-Smock-Desert-1.jpg\",\"datePublished\":\"2021-12-09T00:00:00+00:00\",\"dateModified\":\"2025-12-15T15:52:16+00:00\",\"description\":\"Originaalne tuulekindel ja vetth\u00fclgav Briti s\u00f5jav\u00e4e parka k\u00f5rbe l\u00e4igus. \u00dcks parimaid s\u00f5jav\u00e4e r\u00f5ivastuse eksemplare, mida on kunagi loodud. Sobib aastaringseks kandmiseks. See parka oli algselt m\u00f5eldud kasutamiseks pealiskihina k\u00fclma ning tuulise ilma tingimustes. Voodrita, praktiline v\u00e4lijope ruumika l\u00f5ikega. Omadused: originaalne Briti s\u00f5jav\u00e4e parka tuulekindel ja vetth\u00fclgav puuvilla ja pol\u00fcestri segu pingutusn\u00f6\u00f6riga kapuuts ja v\u00f6\u00f6koht 2 suurt rinnataskut 2 suurt alumist taskut 2 vertikaalse t\u00f5mblukuga taskut rinnal 1 varrukatasku takjakinnitusega reguleeritav randmekoha laius Eest suletav kahesuunalise t\u00f5mbluku ja laia takjaklapiga \u00f5la- ning k\u00fc\u00fcnarnukipiirkonna tugevdused n\u00f6\u00f6biga auastme eraldusm\u00e4rgi kinnitus rinnal kiri sildil: Smock Combat Windproof Desert DP Seisukord: uus\",\"breadcrumb\":{\"@id\":\"https:\/\/www.outdoors.ee\/et\/toode\/briti-armee-parka-windproof-combat-smock-desert\/#breadcrumb\"},\"inLanguage\":\"et\",\"potentialAction\":[{\"@type\":\"ReadAction\",\"target\":[\"https:\/\/www.outdoors.ee\/et\/toode\/briti-armee-parka-windproof-combat-smock-desert\/\"]}]},{\"@type\":\"ImageObject\",\"inLanguage\":\"et\",\"@id\":\"https:\/\/www.outdoors.ee\/et\/toode\/briti-armee-parka-windproof-combat-smock-desert\/#primaryimage\",\"url\":\"https:\/\/www.outdoors.ee\/wp-content\/uploads\/2021\/12\/0229-British-Army-Windproof-Combat-Smock-Desert-1.jpg\",\"contentUrl\":\"https:\/\/www.outdoors.ee\/wp-content\/uploads\/2021\/12\/0229-British-Army-Windproof-Combat-Smock-Desert-1.jpg\",\"width\":1200,\"height\":1200},{\"@type\":\"BreadcrumbList\",\"@id\":\"https:\/\/www.outdoors.ee\/et\/toode\/briti-armee-parka-windproof-combat-smock-desert\/#breadcrumb\",\"itemListElement\":[{\"@type\":\"ListItem\",\"position\":1,\"name\":\"Home\",\"item\":\"https:\/\/www.outdoors.ee\/et\/\"},{\"@type\":\"ListItem\",\"position\":2,\"name\":\"Tooted\",\"item\":\"https:\/\/www.outdoors.ee\/products\/\"},{\"@type\":\"ListItem\",\"position\":3,\"name\":\"Briti Armee parka Windproof Combat Smock Desert\"}]},{\"@type\":\"WebSite\",\"@id\":\"https:\/\/www.outdoors.ee\/#website\",\"url\":\"https:\/\/www.outdoors.ee\/\",\"name\":\"Outdoors\",\"description\":\"Genuine military surplus and not only!\",\"potentialAction\":[{\"@type\":\"SearchAction\",\"target\":{\"@type\":\"EntryPoint\",\"urlTemplate\":\"https:\/\/www.outdoors.ee\/?s={search_term_string}\"},\"query-input\":{\"@type\":\"PropertyValueSpecification\",\"valueRequired\":true,\"valueName\":\"search_term_string\"}}],\"inLanguage\":\"et\"}]}<\/script>\n<!-- \/ Yoast SEO plugin. -->","yoast_head_json":{"title":"Briti Armee tuulekindel parka Combat Smock Desert - outdoors.ee","description":"Originaalne tuulekindel ja vetth\u00fclgav Briti s\u00f5jav\u00e4e parka k\u00f5rbe l\u00e4igus. \u00dcks parimaid s\u00f5jav\u00e4e r\u00f5ivastuse eksemplare, mida on kunagi loodud. Sobib aastaringseks kandmiseks. See parka oli algselt m\u00f5eldud kasutamiseks pealiskihina k\u00fclma ning tuulise ilma tingimustes. Voodrita, praktiline v\u00e4lijope ruumika l\u00f5ikega. Omadused: originaalne Briti s\u00f5jav\u00e4e parka tuulekindel ja vetth\u00fclgav puuvilla ja pol\u00fcestri segu pingutusn\u00f6\u00f6riga kapuuts ja v\u00f6\u00f6koht 2 suurt rinnataskut 2 suurt alumist taskut 2 vertikaalse t\u00f5mblukuga taskut rinnal 1 varrukatasku takjakinnitusega reguleeritav randmekoha laius Eest suletav kahesuunalise t\u00f5mbluku ja laia takjaklapiga \u00f5la- ning k\u00fc\u00fcnarnukipiirkonna tugevdused n\u00f6\u00f6biga auastme eraldusm\u00e4rgi kinnitus rinnal kiri sildil: Smock Combat Windproof Desert DP Seisukord: uus","robots":{"index":"index","follow":"follow","max-snippet":"max-snippet:-1","max-image-preview":"max-image-preview:large","max-video-preview":"max-video-preview:-1"},"canonical":"https:\/\/www.outdoors.ee\/et\/toode\/briti-armee-parka-windproof-combat-smock-desert\/","og_locale":"et_EE","og_type":"article","og_title":"Briti Armee tuulekindel parka Combat Smock Desert","og_description":"Originaalne tuulekindel ja vetth\u00fclgav Briti s\u00f5jav\u00e4e parka k\u00f5rbe l\u00e4igus. \u00dcks parimaid s\u00f5jav\u00e4e r\u00f5ivastuse eksemplare, mida on kunagi loodud. Sobib aastaringseks kandmiseks. See parka oli algselt m\u00f5eldud kasutamiseks pealiskihina k\u00fclma ning tuulise ilma tingimustes. Voodrita, praktiline v\u00e4lijope ruumika l\u00f5ikega. Omadused: originaalne Briti s\u00f5jav\u00e4e parka tuulekindel ja vetth\u00fclgav puuvilla ja pol\u00fcestri segu pingutusn\u00f6\u00f6riga kapuuts ja v\u00f6\u00f6koht 2 suurt rinnataskut 2 suurt alumist taskut 2 vertikaalse t\u00f5mblukuga taskut rinnal 1 varrukatasku takjakinnitusega reguleeritav randmekoha laius Eest suletav kahesuunalise t\u00f5mbluku ja laia takjaklapiga \u00f5la- ning k\u00fc\u00fcnarnukipiirkonna tugevdused n\u00f6\u00f6biga auastme eraldusm\u00e4rgi kinnitus rinnal kiri sildil: Smock Combat Windproof Desert DP Seisukord: uus","og_url":"https:\/\/www.outdoors.ee\/et\/toode\/briti-armee-parka-windproof-combat-smock-desert\/","og_site_name":"Outdoors","article_modified_time":"2025-12-15T15:52:16+00:00","og_image":[{"width":1200,"height":1200,"url":"https:\/\/www.outdoors.ee\/wp-content\/uploads\/2021\/12\/0229-British-Army-Windproof-Combat-Smock-Desert-1.jpg","type":"image\/jpeg"}],"twitter_card":"summary_large_image","twitter_title":"Briti Armee tuulekindel parka Combat Smock Desert","twitter_misc":{"Est. reading time":"1 minut"},"schema":{"@context":"https:\/\/schema.org","@graph":[{"@type":"WebPage","@id":"https:\/\/www.outdoors.ee\/et\/toode\/briti-armee-parka-windproof-combat-smock-desert\/","url":"https:\/\/www.outdoors.ee\/et\/toode\/briti-armee-parka-windproof-combat-smock-desert\/","name":"Briti Armee tuulekindel parka Combat Smock Desert - outdoors.ee","isPartOf":{"@id":"https:\/\/www.outdoors.ee\/#website"},"primaryImageOfPage":{"@id":"https:\/\/www.outdoors.ee\/et\/toode\/briti-armee-parka-windproof-combat-smock-desert\/#primaryimage"},"image":{"@id":"https:\/\/www.outdoors.ee\/et\/toode\/briti-armee-parka-windproof-combat-smock-desert\/#primaryimage"},"thumbnailUrl":"https:\/\/www.outdoors.ee\/wp-content\/uploads\/2021\/12\/0229-British-Army-Windproof-Combat-Smock-Desert-1.jpg","datePublished":"2021-12-09T00:00:00+00:00","dateModified":"2025-12-15T15:52:16+00:00","description":"Originaalne tuulekindel ja vetth\u00fclgav Briti s\u00f5jav\u00e4e parka k\u00f5rbe l\u00e4igus. \u00dcks parimaid s\u00f5jav\u00e4e r\u00f5ivastuse eksemplare, mida on kunagi loodud. Sobib aastaringseks kandmiseks. See parka oli algselt m\u00f5eldud kasutamiseks pealiskihina k\u00fclma ning tuulise ilma tingimustes. Voodrita, praktiline v\u00e4lijope ruumika l\u00f5ikega. Omadused: originaalne Briti s\u00f5jav\u00e4e parka tuulekindel ja vetth\u00fclgav puuvilla ja pol\u00fcestri segu pingutusn\u00f6\u00f6riga kapuuts ja v\u00f6\u00f6koht 2 suurt rinnataskut 2 suurt alumist taskut 2 vertikaalse t\u00f5mblukuga taskut rinnal 1 varrukatasku takjakinnitusega reguleeritav randmekoha laius Eest suletav kahesuunalise t\u00f5mbluku ja laia takjaklapiga \u00f5la- ning k\u00fc\u00fcnarnukipiirkonna tugevdused n\u00f6\u00f6biga auastme eraldusm\u00e4rgi kinnitus rinnal kiri sildil: Smock Combat Windproof Desert DP Seisukord: uus","breadcrumb":{"@id":"https:\/\/www.outdoors.ee\/et\/toode\/briti-armee-parka-windproof-combat-smock-desert\/#breadcrumb"},"inLanguage":"et","potentialAction":[{"@type":"ReadAction","target":["https:\/\/www.outdoors.ee\/et\/toode\/briti-armee-parka-windproof-combat-smock-desert\/"]}]},{"@type":"ImageObject","inLanguage":"et","@id":"https:\/\/www.outdoors.ee\/et\/toode\/briti-armee-parka-windproof-combat-smock-desert\/#primaryimage","url":"https:\/\/www.outdoors.ee\/wp-content\/uploads\/2021\/12\/0229-British-Army-Windproof-Combat-Smock-Desert-1.jpg","contentUrl":"https:\/\/www.outdoors.ee\/wp-content\/uploads\/2021\/12\/0229-British-Army-Windproof-Combat-Smock-Desert-1.jpg","width":1200,"height":1200},{"@type":"BreadcrumbList","@id":"https:\/\/www.outdoors.ee\/et\/toode\/briti-armee-parka-windproof-combat-smock-desert\/#breadcrumb","itemListElement":[{"@type":"ListItem","position":1,"name":"Home","item":"https:\/\/www.outdoors.ee\/et\/"},{"@type":"ListItem","position":2,"name":"Tooted","item":"https:\/\/www.outdoors.ee\/products\/"},{"@type":"ListItem","position":3,"name":"Briti Armee parka Windproof Combat Smock Desert"}]},{"@type":"WebSite","@id":"https:\/\/www.outdoors.ee\/#website","url":"https:\/\/www.outdoors.ee\/","name":"Outdoors","description":"Genuine military surplus and not only!","potentialAction":[{"@type":"SearchAction","target":{"@type":"EntryPoint","urlTemplate":"https:\/\/www.outdoors.ee\/?s={search_term_string}"},"query-input":{"@type":"PropertyValueSpecification","valueRequired":true,"valueName":"search_term_string"}}],"inLanguage":"et"}]}},"_links":{"self":[{"href":"https:\/\/www.outdoors.ee\/et\/wp-json\/wp\/v2\/product\/58632","targetHints":{"allow":["GET"]}}],"collection":[{"href":"https:\/\/www.outdoors.ee\/et\/wp-json\/wp\/v2\/product"}],"about":[{"href":"https:\/\/www.outdoors.ee\/et\/wp-json\/wp\/v2\/types\/product"}],"wp:featuredmedia":[{"embeddable":true,"href":"https:\/\/www.outdoors.ee\/et\/wp-json\/wp\/v2\/media\/75924"}],"wp:attachment":[{"href":"https:\/\/www.outdoors.ee\/et\/wp-json\/wp\/v2\/media?parent=58632"}],"wp:term":[{"taxonomy":"product_brand","embeddable":true,"href":"https:\/\/www.outdoors.ee\/et\/wp-json\/wp\/v2\/product_brand?post=58632"},{"taxonomy":"product_cat","embeddable":true,"href":"https:\/\/www.outdoors.ee\/et\/wp-json\/wp\/v2\/product_cat?post=58632"},{"taxonomy":"product_tag","embeddable":true,"href":"https:\/\/www.outdoors.ee\/et\/wp-json\/wp\/v2\/product_tag?post=58632"}],"curies":[{"name":"wp","href":"https:\/\/api.w.org\/{rel}","templated":true}]}}