{"id":58612,"date":"2021-12-09T00:00:00","date_gmt":"2021-12-09T00:00:00","guid":{"rendered":"https:\/\/www.outdoors.ee\/product\/briti-armee-lahinguvormi-puksid-tropical-desert-dp\/"},"modified":"2024-10-18T11:27:22","modified_gmt":"2024-10-18T08:27:22","slug":"briti-armee-valivormi-puksid-tropical-desert-dp","status":"publish","type":"product","link":"https:\/\/www.outdoors.ee\/et\/toode\/briti-armee-valivormi-puksid-tropical-desert-dp\/","title":{"rendered":"Briti Armee v\u00e4livormi p\u00fcksid Tropical Desert DP"},"content":{"rendered":"<p><strong>Omadused<\/strong>:<\/p>\n<ul>\n<li>Briti s\u00f5jav\u00e4e originaal<\/li>\n<li>\u00f5huke kangastruktuur sooja ilmastiku jaoks<\/li>\n<li>t\u00f5mbluku ning n\u00f6\u00f6biga eest suletavad<\/li>\n<li>pingutusn\u00f6\u00f6ri ning n\u00f6\u00f6pide abil reguleeritav v\u00f6\u00f6koha \u00fcmberm\u00f5\u00f5t<\/li>\n<li>laiad v\u00f6\u00f6rihma aasad<\/li>\n<li>kaks k\u00e4etaskut<\/li>\n<li>\u00fcks n\u00f6\u00f6biga suletav tagatasku<\/li>\n<li>kaks suurt, n\u00f6\u00f6pidega suletavat reietaskut<\/li>\n<li>pingutusn\u00f6\u00f6ridega alt<\/li>\n<li>kiri sildil: Trousers Combat Tropical Desert DP<\/li>\n<li>materjal: 70% puuvill 30% pol\u00fcester<\/li>\n<\/ul>\n<p><strong>Suurus <\/strong>rippmen\u00fc\u00fcs: s\u00e4\u00e4re sisepikkus \/ v\u00f6\u00f6\u00fcmberm\u00f5\u00f5t \/ istmiku \u00fcmberm\u00f5\u00f5t, cm<\/p>\n<p><strong>Seisukord<\/strong>:<\/p>\n<ul>\n<li>uus (ilma j\u00e4em\u00fc\u00fcgipakendita, v\u00f5ivad sisaldada hulgiladustamise j\u00e4lgi)<\/li>\n<li>uuev\u00e4\u00e4rne (sisaldavad kergeid kulumisj\u00e4lgi)<\/li>\n<li>kasutatud, Grade 1 (sisaldavad m\u00f5\u00f5dukaid kulumisj\u00e4lgi, v\u00f5ivad sisaldada v\u00e4iksemaid vigastusi ning olla kergelt m\u00e4\u00e4rdunud)<\/li>\n<\/ul>\n","protected":false},"excerpt":{"rendered":"<p>Briti Armee v\u00e4livormi p\u00fcksid Tropical, Desert DP<\/p>\n","protected":false},"featured_media":68052,"template":"","meta":[],"product_brand":[],"product_cat":[111],"product_tag":[],"class_list":{"0":"post-58612","1":"product","2":"type-product","3":"status-publish","4":"has-post-thumbnail","6":"product_cat-puksid","7":"pa_brand-british-military-surplus","8":"pa_condition-kasutatud-grade-1","9":"pa_condition-uuevaarne","10":"pa_condition-uus","11":"pa_size-70-72-88-2","12":"pa_size-70-76-92-2","13":"pa_size-70-80-96-2","14":"pa_size-75-76-92-2","15":"pa_size-75-80-96-2","16":"pa_size-75-84-100-2","17":"pa_size-75-88-104-2","18":"pa_size-75-92-108-3","19":"pa_size-75-96-112-2","20":"pa_size-80-100-116-2","21":"pa_size-80-84-100-2","22":"pa_size-80-88-104-2","23":"pa_size-80-92-108-2","24":"pa_size-80-96-112-3","25":"pa_size-85-100-116-3","26":"pa_size-85-104-120-2","27":"pa_size-85-112-128-2","28":"pa_size-85-84-100-2","29":"pa_size-85-88-104-2","30":"pa_size-85-92-108-2","31":"pa_size-85-96-112-2","32":"pa_size-90-100-116-2","33":"pa_size-90-104-120-2","34":"pa_size-90-112-128-3","35":"pa_size-90-92-108-2","36":"pa_size-90-96-112-2","38":"first","39":"instock","40":"taxable","41":"shipping-taxable","42":"purchasable","43":"product-type-variable"},"yoast_head":"<!-- This site is optimized with the Yoast SEO plugin v27.2 - https:\/\/yoast.com\/product\/yoast-seo-wordpress\/ -->\n<title>Briti Armee lahinguvormi p\u00fcksid Tropical Desert DP - outdoors.ee<\/title>\n<meta name=\"robots\" content=\"index, follow, max-snippet:-1, max-image-preview:large, max-video-preview:-1\" \/>\n<link rel=\"canonical\" href=\"https:\/\/www.outdoors.ee\/et\/toode\/briti-armee-valivormi-puksid-tropical-desert-dp\/\" \/>\n<meta property=\"og:locale\" content=\"et_EE\" \/>\n<meta property=\"og:type\" content=\"article\" \/>\n<meta property=\"og:title\" content=\"Briti Armee lahinguvormi p\u00fcksid Tropical Desert DP\" \/>\n<meta property=\"og:description\" content=\"Briti Armee v\u00e4livormi p\u00fcksid Tropical, Desert DP\" \/>\n<meta property=\"og:url\" content=\"https:\/\/www.outdoors.ee\/et\/toode\/briti-armee-valivormi-puksid-tropical-desert-dp\/\" \/>\n<meta property=\"og:site_name\" content=\"Outdoors\" \/>\n<meta property=\"article:modified_time\" content=\"2024-10-18T08:27:22+00:00\" \/>\n<meta property=\"og:image\" content=\"https:\/\/www.outdoors.ee\/wp-content\/uploads\/2021\/12\/1227-British-Army-Tropical-Combat-Trousers-Desert-1.jpg\" \/>\n\t<meta property=\"og:image:width\" content=\"1200\" \/>\n\t<meta property=\"og:image:height\" content=\"1200\" \/>\n\t<meta property=\"og:image:type\" content=\"image\/jpeg\" \/>\n<meta name=\"twitter:card\" content=\"summary_large_image\" \/>\n<meta name=\"twitter:title\" content=\"Briti Armee lahinguvormi p\u00fcksid Tropical Desert DP\" \/>\n<meta name=\"twitter:label1\" content=\"Est. reading time\" \/>\n\t<meta name=\"twitter:data1\" content=\"1 minut\" \/>\n<script type=\"application\/ld+json\" class=\"yoast-schema-graph\">{\"@context\":\"https:\/\/schema.org\",\"@graph\":[{\"@type\":\"WebPage\",\"@id\":\"https:\/\/www.outdoors.ee\/et\/toode\/briti-armee-valivormi-puksid-tropical-desert-dp\/\",\"url\":\"https:\/\/www.outdoors.ee\/et\/toode\/briti-armee-valivormi-puksid-tropical-desert-dp\/\",\"name\":\"Briti Armee lahinguvormi p\u00fcksid Tropical Desert DP - outdoors.ee\",\"isPartOf\":{\"@id\":\"https:\/\/www.outdoors.ee\/#website\"},\"primaryImageOfPage\":{\"@id\":\"https:\/\/www.outdoors.ee\/et\/toode\/briti-armee-valivormi-puksid-tropical-desert-dp\/#primaryimage\"},\"image\":{\"@id\":\"https:\/\/www.outdoors.ee\/et\/toode\/briti-armee-valivormi-puksid-tropical-desert-dp\/#primaryimage\"},\"thumbnailUrl\":\"https:\/\/www.outdoors.ee\/wp-content\/uploads\/2021\/12\/1227-British-Army-Tropical-Combat-Trousers-Desert-1.jpg\",\"datePublished\":\"2021-12-09T00:00:00+00:00\",\"dateModified\":\"2024-10-18T08:27:22+00:00\",\"breadcrumb\":{\"@id\":\"https:\/\/www.outdoors.ee\/et\/toode\/briti-armee-valivormi-puksid-tropical-desert-dp\/#breadcrumb\"},\"inLanguage\":\"et\",\"potentialAction\":[{\"@type\":\"ReadAction\",\"target\":[\"https:\/\/www.outdoors.ee\/et\/toode\/briti-armee-valivormi-puksid-tropical-desert-dp\/\"]}]},{\"@type\":\"ImageObject\",\"inLanguage\":\"et\",\"@id\":\"https:\/\/www.outdoors.ee\/et\/toode\/briti-armee-valivormi-puksid-tropical-desert-dp\/#primaryimage\",\"url\":\"https:\/\/www.outdoors.ee\/wp-content\/uploads\/2021\/12\/1227-British-Army-Tropical-Combat-Trousers-Desert-1.jpg\",\"contentUrl\":\"https:\/\/www.outdoors.ee\/wp-content\/uploads\/2021\/12\/1227-British-Army-Tropical-Combat-Trousers-Desert-1.jpg\",\"width\":1200,\"height\":1200},{\"@type\":\"BreadcrumbList\",\"@id\":\"https:\/\/www.outdoors.ee\/et\/toode\/briti-armee-valivormi-puksid-tropical-desert-dp\/#breadcrumb\",\"itemListElement\":[{\"@type\":\"ListItem\",\"position\":1,\"name\":\"Home\",\"item\":\"https:\/\/www.outdoors.ee\/et\/\"},{\"@type\":\"ListItem\",\"position\":2,\"name\":\"Tooted\",\"item\":\"https:\/\/www.outdoors.ee\/products\/\"},{\"@type\":\"ListItem\",\"position\":3,\"name\":\"Briti Armee v\u00e4livormi p\u00fcksid Tropical Desert DP\"}]},{\"@type\":\"WebSite\",\"@id\":\"https:\/\/www.outdoors.ee\/#website\",\"url\":\"https:\/\/www.outdoors.ee\/\",\"name\":\"Outdoors\",\"description\":\"Genuine military surplus and not only!\",\"potentialAction\":[{\"@type\":\"SearchAction\",\"target\":{\"@type\":\"EntryPoint\",\"urlTemplate\":\"https:\/\/www.outdoors.ee\/?s={search_term_string}\"},\"query-input\":{\"@type\":\"PropertyValueSpecification\",\"valueRequired\":true,\"valueName\":\"search_term_string\"}}],\"inLanguage\":\"et\"}]}<\/script>\n<!-- \/ Yoast SEO plugin. -->","yoast_head_json":{"title":"Briti Armee lahinguvormi p\u00fcksid Tropical Desert DP - outdoors.ee","robots":{"index":"index","follow":"follow","max-snippet":"max-snippet:-1","max-image-preview":"max-image-preview:large","max-video-preview":"max-video-preview:-1"},"canonical":"https:\/\/www.outdoors.ee\/et\/toode\/briti-armee-valivormi-puksid-tropical-desert-dp\/","og_locale":"et_EE","og_type":"article","og_title":"Briti Armee lahinguvormi p\u00fcksid Tropical Desert DP","og_description":"Briti Armee v\u00e4livormi p\u00fcksid Tropical, Desert DP","og_url":"https:\/\/www.outdoors.ee\/et\/toode\/briti-armee-valivormi-puksid-tropical-desert-dp\/","og_site_name":"Outdoors","article_modified_time":"2024-10-18T08:27:22+00:00","og_image":[{"width":1200,"height":1200,"url":"https:\/\/www.outdoors.ee\/wp-content\/uploads\/2021\/12\/1227-British-Army-Tropical-Combat-Trousers-Desert-1.jpg","type":"image\/jpeg"}],"twitter_card":"summary_large_image","twitter_title":"Briti Armee lahinguvormi p\u00fcksid Tropical Desert DP","twitter_misc":{"Est. reading time":"1 minut"},"schema":{"@context":"https:\/\/schema.org","@graph":[{"@type":"WebPage","@id":"https:\/\/www.outdoors.ee\/et\/toode\/briti-armee-valivormi-puksid-tropical-desert-dp\/","url":"https:\/\/www.outdoors.ee\/et\/toode\/briti-armee-valivormi-puksid-tropical-desert-dp\/","name":"Briti Armee lahinguvormi p\u00fcksid Tropical Desert DP - outdoors.ee","isPartOf":{"@id":"https:\/\/www.outdoors.ee\/#website"},"primaryImageOfPage":{"@id":"https:\/\/www.outdoors.ee\/et\/toode\/briti-armee-valivormi-puksid-tropical-desert-dp\/#primaryimage"},"image":{"@id":"https:\/\/www.outdoors.ee\/et\/toode\/briti-armee-valivormi-puksid-tropical-desert-dp\/#primaryimage"},"thumbnailUrl":"https:\/\/www.outdoors.ee\/wp-content\/uploads\/2021\/12\/1227-British-Army-Tropical-Combat-Trousers-Desert-1.jpg","datePublished":"2021-12-09T00:00:00+00:00","dateModified":"2024-10-18T08:27:22+00:00","breadcrumb":{"@id":"https:\/\/www.outdoors.ee\/et\/toode\/briti-armee-valivormi-puksid-tropical-desert-dp\/#breadcrumb"},"inLanguage":"et","potentialAction":[{"@type":"ReadAction","target":["https:\/\/www.outdoors.ee\/et\/toode\/briti-armee-valivormi-puksid-tropical-desert-dp\/"]}]},{"@type":"ImageObject","inLanguage":"et","@id":"https:\/\/www.outdoors.ee\/et\/toode\/briti-armee-valivormi-puksid-tropical-desert-dp\/#primaryimage","url":"https:\/\/www.outdoors.ee\/wp-content\/uploads\/2021\/12\/1227-British-Army-Tropical-Combat-Trousers-Desert-1.jpg","contentUrl":"https:\/\/www.outdoors.ee\/wp-content\/uploads\/2021\/12\/1227-British-Army-Tropical-Combat-Trousers-Desert-1.jpg","width":1200,"height":1200},{"@type":"BreadcrumbList","@id":"https:\/\/www.outdoors.ee\/et\/toode\/briti-armee-valivormi-puksid-tropical-desert-dp\/#breadcrumb","itemListElement":[{"@type":"ListItem","position":1,"name":"Home","item":"https:\/\/www.outdoors.ee\/et\/"},{"@type":"ListItem","position":2,"name":"Tooted","item":"https:\/\/www.outdoors.ee\/products\/"},{"@type":"ListItem","position":3,"name":"Briti Armee v\u00e4livormi p\u00fcksid Tropical Desert DP"}]},{"@type":"WebSite","@id":"https:\/\/www.outdoors.ee\/#website","url":"https:\/\/www.outdoors.ee\/","name":"Outdoors","description":"Genuine military surplus and not only!","potentialAction":[{"@type":"SearchAction","target":{"@type":"EntryPoint","urlTemplate":"https:\/\/www.outdoors.ee\/?s={search_term_string}"},"query-input":{"@type":"PropertyValueSpecification","valueRequired":true,"valueName":"search_term_string"}}],"inLanguage":"et"}]}},"_links":{"self":[{"href":"https:\/\/www.outdoors.ee\/et\/wp-json\/wp\/v2\/product\/58612","targetHints":{"allow":["GET"]}}],"collection":[{"href":"https:\/\/www.outdoors.ee\/et\/wp-json\/wp\/v2\/product"}],"about":[{"href":"https:\/\/www.outdoors.ee\/et\/wp-json\/wp\/v2\/types\/product"}],"wp:featuredmedia":[{"embeddable":true,"href":"https:\/\/www.outdoors.ee\/et\/wp-json\/wp\/v2\/media\/68052"}],"wp:attachment":[{"href":"https:\/\/www.outdoors.ee\/et\/wp-json\/wp\/v2\/media?parent=58612"}],"wp:term":[{"taxonomy":"product_brand","embeddable":true,"href":"https:\/\/www.outdoors.ee\/et\/wp-json\/wp\/v2\/product_brand?post=58612"},{"taxonomy":"product_cat","embeddable":true,"href":"https:\/\/www.outdoors.ee\/et\/wp-json\/wp\/v2\/product_cat?post=58612"},{"taxonomy":"product_tag","embeddable":true,"href":"https:\/\/www.outdoors.ee\/et\/wp-json\/wp\/v2\/product_tag?post=58612"}],"curies":[{"name":"wp","href":"https:\/\/api.w.org\/{rel}","templated":true}]}}