{"id":58607,"date":"2021-12-09T00:00:00","date_gmt":"2021-12-09T00:00:00","guid":{"rendered":"https:\/\/www.outdoors.ee\/product\/briti-armee-varikatus-desert\/"},"modified":"2026-01-02T15:09:23","modified_gmt":"2026-01-02T13:09:23","slug":"briti-armee-varikatus-desert","status":"publish","type":"product","link":"https:\/\/www.outdoors.ee\/et\/toode\/briti-armee-varikatus-desert\/","title":{"rendered":"Briti Armee varikatus Desert"},"content":{"rendered":"<p style=\"text-align: justify;\">Briti s\u00f5jav\u00e4e mitmeotstarbeline varikatus k\u00f5rbe laigus, mida saab kasutada koormakattena, vihma- v\u00f5i p\u00e4ikesevarjuna ning isegi kanderaamina t\u00e4nu \u00e4\u00e4rtes asetsevatele kandesangadele. Lihtne disain annab v\u00f5imaluse lihtsaks ja kiireks varjualuse loomiseks v\u00e4litingimustes, silikoonitud \u00f5mblused tagavad veekindluse. Tugevad varikatuse nurkades ning k\u00fclgedel asetsevad kinnituskohad ning metallr\u00f5ngad v\u00f5imaldavad trossi, n\u00f6\u00f6ri, postide ja vaiade abil kinnitamist.<\/p>\n<p style=\"text-align: justify;\">Kiri sildil:\u00a0Sheet Desert Disruptively Patterned<\/p>\n<p style=\"text-align: justify;\"><b>Kaal:<\/b> ca 260 x 220cm<\/p>\n<p style=\"text-align: justify;\"><strong>Kaal:<\/strong> ca 1kg<\/p>\n<p style=\"text-align: justify;\"><strong>Seisukord:\u00a0<\/strong><\/p>\n<ul>\n<li>uus, pakkekotiga v\u00f5i ilma, vastavalt rippmen\u00fc\u00fc valikule (v\u00f5ib sisaldada hulgiladustamise j\u00e4lgi)<\/li>\n<li>uuev\u00e4\u00e4rne, pakkekotiga v\u00f5i ilma, vastavalt rippmen\u00fc\u00fc valikule (sisaldab minimaalseid kulumisj\u00e4lgi)<\/li>\n<li>kasutatud, Grade 1 (ilma pakkekotita, kergete v\u00f5i m\u00f5\u00f5dukate kulumisj\u00e4lgedega, v\u00f5ib olla veidi m\u00e4\u00e4rdunud)<\/li>\n<li>kasutatud, Grade 2 (ilma pakkekotita, v\u00e4iksemate parandatavate vigastustega\/rebenditega, v\u00f5ib olla veidi m\u00e4\u00e4rdunud)<\/li>\n<\/ul>\n","protected":false},"excerpt":{"rendered":"<p>Briti Armee varikatus, Desert DP<\/p>\n","protected":false},"featured_media":17753,"template":"","meta":[],"product_brand":[],"product_cat":[150],"product_tag":[],"class_list":{"0":"post-58607","1":"product","2":"type-product","3":"status-publish","4":"has-post-thumbnail","6":"product_cat-magamisvarustus","7":"pa_brand-british-military-surplus","8":"pa_condition-kasutatud-grade-1","9":"pa_condition-kasutatud-grade-2","10":"pa_condition-uuevaarne","11":"pa_condition-uuevaarne-ilma-pakkekotita","12":"pa_condition-uuevaarne-pakkekotiga","13":"pa_condition-uus-ilma-pakkekotita","14":"pa_condition-uus-pakkekotiga","16":"first","17":"instock","18":"taxable","19":"shipping-taxable","20":"purchasable","21":"product-type-variable"},"yoast_head":"<!-- This site is optimized with the Yoast SEO plugin v27.2 - https:\/\/yoast.com\/product\/yoast-seo-wordpress\/ -->\n<title>Briti Armee varikatus Desert - outdoors.ee<\/title>\n<meta name=\"description\" content=\"Originaalne Briti s\u00f5jav\u00e4e mitmeotstarbeline varikatus k\u00f5rbe laigus, mida saab kasutada koormakattena, vihma- v\u00f5i p\u00e4ikesevarjuna ning isegi kanderaamina t\u00e4nu \u00e4\u00e4rtes asetsevatele kandesangadele. Lihtne disain annab v\u00f5imaluse lihtsaks ja kiireks varjualuse loomiseks v\u00e4litingimustes, silikoonitud \u00f5mblused tagavad veekindluse. Tugevad varikatuse nurkades ning k\u00fclgedel asetsevad kinnituskohad ning metallr\u00f5ngad v\u00f5imaldavad trossi, n\u00f6\u00f6ri, postide ja vaiade abil kinnitamist. Kiri sildil:\u00a0Sheet Desert Disruptively Patterned Kaal: ca 260 x 220cm Kaal: ca 1kg Seisukord:\u00a0 uus (pakkekott komplektis, v\u00f5ib sisaldada hulgiladustamise j\u00e4lgi) uuev\u00e4\u00e4rne (ilma pakkekotita,\u00a0minimaalsete kulumisj\u00e4lgedega) kasutatud, Grade 1 (ilma pakkekotita, kergete kulumisj\u00e4lgedega, v\u00f5ib olla veidi m\u00e4\u00e4rdunud) kasutatud, Grade 2 (ilma pakkekotita, v\u00e4iksemate parandatavate vigastustega\/rebenditega, v\u00f5ib olla veidi m\u00e4\u00e4rdunud)\" \/>\n<meta name=\"robots\" content=\"index, follow, max-snippet:-1, max-image-preview:large, max-video-preview:-1\" \/>\n<link rel=\"canonical\" href=\"https:\/\/www.outdoors.ee\/et\/toode\/briti-armee-varikatus-desert\/\" \/>\n<meta property=\"og:locale\" content=\"et_EE\" \/>\n<meta property=\"og:type\" content=\"article\" \/>\n<meta property=\"og:title\" content=\"Briti Armee varikatus Desert\" \/>\n<meta property=\"og:description\" content=\"Originaalne Briti s\u00f5jav\u00e4e mitmeotstarbeline varikatus k\u00f5rbe laigus, mida saab kasutada koormakattena, vihma- v\u00f5i p\u00e4ikesevarjuna ning isegi kanderaamina t\u00e4nu \u00e4\u00e4rtes asetsevatele kandesangadele. Lihtne disain annab v\u00f5imaluse lihtsaks ja kiireks varjualuse loomiseks v\u00e4litingimustes, silikoonitud \u00f5mblused tagavad veekindluse. Tugevad varikatuse nurkades ning k\u00fclgedel asetsevad kinnituskohad ning metallr\u00f5ngad v\u00f5imaldavad trossi, n\u00f6\u00f6ri, postide ja vaiade abil kinnitamist. Kiri sildil:\u00a0Sheet Desert Disruptively Patterned Kaal: ca 260 x 220cm Kaal: ca 1kg Seisukord:\u00a0 uus (pakkekott komplektis, v\u00f5ib sisaldada hulgiladustamise j\u00e4lgi) uuev\u00e4\u00e4rne (ilma pakkekotita,\u00a0minimaalsete kulumisj\u00e4lgedega) kasutatud, Grade 1 (ilma pakkekotita, kergete kulumisj\u00e4lgedega, v\u00f5ib olla veidi m\u00e4\u00e4rdunud) kasutatud, Grade 2 (ilma pakkekotita, v\u00e4iksemate parandatavate vigastustega\/rebenditega, v\u00f5ib olla veidi m\u00e4\u00e4rdunud)\" \/>\n<meta property=\"og:url\" content=\"https:\/\/www.outdoors.ee\/et\/toode\/briti-armee-varikatus-desert\/\" \/>\n<meta property=\"og:site_name\" content=\"Outdoors\" \/>\n<meta property=\"article:modified_time\" content=\"2026-01-02T13:09:23+00:00\" \/>\n<meta property=\"og:image\" content=\"https:\/\/www.outdoors.ee\/wp-content\/uploads\/2021\/09\/0224-2-British-Basha-Desert.jpg\" \/>\n\t<meta property=\"og:image:width\" content=\"577\" \/>\n\t<meta property=\"og:image:height\" content=\"433\" \/>\n\t<meta property=\"og:image:type\" content=\"image\/jpeg\" \/>\n<meta name=\"twitter:card\" content=\"summary_large_image\" \/>\n<meta name=\"twitter:title\" content=\"Briti Armee varikatus Desert\" \/>\n<meta name=\"twitter:label1\" content=\"Est. reading time\" \/>\n\t<meta name=\"twitter:data1\" content=\"1 minut\" \/>\n<script type=\"application\/ld+json\" class=\"yoast-schema-graph\">{\"@context\":\"https:\/\/schema.org\",\"@graph\":[{\"@type\":\"WebPage\",\"@id\":\"https:\/\/www.outdoors.ee\/et\/toode\/briti-armee-varikatus-desert\/\",\"url\":\"https:\/\/www.outdoors.ee\/et\/toode\/briti-armee-varikatus-desert\/\",\"name\":\"Briti Armee varikatus Desert - outdoors.ee\",\"isPartOf\":{\"@id\":\"https:\/\/www.outdoors.ee\/#website\"},\"primaryImageOfPage\":{\"@id\":\"https:\/\/www.outdoors.ee\/et\/toode\/briti-armee-varikatus-desert\/#primaryimage\"},\"image\":{\"@id\":\"https:\/\/www.outdoors.ee\/et\/toode\/briti-armee-varikatus-desert\/#primaryimage\"},\"thumbnailUrl\":\"https:\/\/www.outdoors.ee\/wp-content\/uploads\/2021\/09\/0224-2-British-Basha-Desert.jpg\",\"datePublished\":\"2021-12-09T00:00:00+00:00\",\"dateModified\":\"2026-01-02T13:09:23+00:00\",\"description\":\"Originaalne Briti s\u00f5jav\u00e4e mitmeotstarbeline varikatus k\u00f5rbe laigus, mida saab kasutada koormakattena, vihma- v\u00f5i p\u00e4ikesevarjuna ning isegi kanderaamina t\u00e4nu \u00e4\u00e4rtes asetsevatele kandesangadele. Lihtne disain annab v\u00f5imaluse lihtsaks ja kiireks varjualuse loomiseks v\u00e4litingimustes, silikoonitud \u00f5mblused tagavad veekindluse. Tugevad varikatuse nurkades ning k\u00fclgedel asetsevad kinnituskohad ning metallr\u00f5ngad v\u00f5imaldavad trossi, n\u00f6\u00f6ri, postide ja vaiade abil kinnitamist. Kiri sildil:\u00a0Sheet Desert Disruptively Patterned Kaal: ca 260 x 220cm Kaal: ca 1kg Seisukord:\u00a0 uus (pakkekott komplektis, v\u00f5ib sisaldada hulgiladustamise j\u00e4lgi) uuev\u00e4\u00e4rne (ilma pakkekotita,\u00a0minimaalsete kulumisj\u00e4lgedega) kasutatud, Grade 1 (ilma pakkekotita, kergete kulumisj\u00e4lgedega, v\u00f5ib olla veidi m\u00e4\u00e4rdunud) kasutatud, Grade 2 (ilma pakkekotita, v\u00e4iksemate parandatavate vigastustega\/rebenditega, v\u00f5ib olla veidi m\u00e4\u00e4rdunud)\",\"breadcrumb\":{\"@id\":\"https:\/\/www.outdoors.ee\/et\/toode\/briti-armee-varikatus-desert\/#breadcrumb\"},\"inLanguage\":\"et\",\"potentialAction\":[{\"@type\":\"ReadAction\",\"target\":[\"https:\/\/www.outdoors.ee\/et\/toode\/briti-armee-varikatus-desert\/\"]}]},{\"@type\":\"ImageObject\",\"inLanguage\":\"et\",\"@id\":\"https:\/\/www.outdoors.ee\/et\/toode\/briti-armee-varikatus-desert\/#primaryimage\",\"url\":\"https:\/\/www.outdoors.ee\/wp-content\/uploads\/2021\/09\/0224-2-British-Basha-Desert.jpg\",\"contentUrl\":\"https:\/\/www.outdoors.ee\/wp-content\/uploads\/2021\/09\/0224-2-British-Basha-Desert.jpg\",\"width\":577,\"height\":433},{\"@type\":\"BreadcrumbList\",\"@id\":\"https:\/\/www.outdoors.ee\/et\/toode\/briti-armee-varikatus-desert\/#breadcrumb\",\"itemListElement\":[{\"@type\":\"ListItem\",\"position\":1,\"name\":\"Home\",\"item\":\"https:\/\/www.outdoors.ee\/et\/\"},{\"@type\":\"ListItem\",\"position\":2,\"name\":\"Tooted\",\"item\":\"https:\/\/www.outdoors.ee\/products\/\"},{\"@type\":\"ListItem\",\"position\":3,\"name\":\"Briti Armee varikatus Desert\"}]},{\"@type\":\"WebSite\",\"@id\":\"https:\/\/www.outdoors.ee\/#website\",\"url\":\"https:\/\/www.outdoors.ee\/\",\"name\":\"Outdoors\",\"description\":\"Genuine military surplus and not only!\",\"potentialAction\":[{\"@type\":\"SearchAction\",\"target\":{\"@type\":\"EntryPoint\",\"urlTemplate\":\"https:\/\/www.outdoors.ee\/?s={search_term_string}\"},\"query-input\":{\"@type\":\"PropertyValueSpecification\",\"valueRequired\":true,\"valueName\":\"search_term_string\"}}],\"inLanguage\":\"et\"}]}<\/script>\n<!-- \/ Yoast SEO plugin. -->","yoast_head_json":{"title":"Briti Armee varikatus Desert - outdoors.ee","description":"Originaalne Briti s\u00f5jav\u00e4e mitmeotstarbeline varikatus k\u00f5rbe laigus, mida saab kasutada koormakattena, vihma- v\u00f5i p\u00e4ikesevarjuna ning isegi kanderaamina t\u00e4nu \u00e4\u00e4rtes asetsevatele kandesangadele. Lihtne disain annab v\u00f5imaluse lihtsaks ja kiireks varjualuse loomiseks v\u00e4litingimustes, silikoonitud \u00f5mblused tagavad veekindluse. Tugevad varikatuse nurkades ning k\u00fclgedel asetsevad kinnituskohad ning metallr\u00f5ngad v\u00f5imaldavad trossi, n\u00f6\u00f6ri, postide ja vaiade abil kinnitamist. Kiri sildil:\u00a0Sheet Desert Disruptively Patterned Kaal: ca 260 x 220cm Kaal: ca 1kg Seisukord:\u00a0 uus (pakkekott komplektis, v\u00f5ib sisaldada hulgiladustamise j\u00e4lgi) uuev\u00e4\u00e4rne (ilma pakkekotita,\u00a0minimaalsete kulumisj\u00e4lgedega) kasutatud, Grade 1 (ilma pakkekotita, kergete kulumisj\u00e4lgedega, v\u00f5ib olla veidi m\u00e4\u00e4rdunud) kasutatud, Grade 2 (ilma pakkekotita, v\u00e4iksemate parandatavate vigastustega\/rebenditega, v\u00f5ib olla veidi m\u00e4\u00e4rdunud)","robots":{"index":"index","follow":"follow","max-snippet":"max-snippet:-1","max-image-preview":"max-image-preview:large","max-video-preview":"max-video-preview:-1"},"canonical":"https:\/\/www.outdoors.ee\/et\/toode\/briti-armee-varikatus-desert\/","og_locale":"et_EE","og_type":"article","og_title":"Briti Armee varikatus Desert","og_description":"Originaalne Briti s\u00f5jav\u00e4e mitmeotstarbeline varikatus k\u00f5rbe laigus, mida saab kasutada koormakattena, vihma- v\u00f5i p\u00e4ikesevarjuna ning isegi kanderaamina t\u00e4nu \u00e4\u00e4rtes asetsevatele kandesangadele. Lihtne disain annab v\u00f5imaluse lihtsaks ja kiireks varjualuse loomiseks v\u00e4litingimustes, silikoonitud \u00f5mblused tagavad veekindluse. Tugevad varikatuse nurkades ning k\u00fclgedel asetsevad kinnituskohad ning metallr\u00f5ngad v\u00f5imaldavad trossi, n\u00f6\u00f6ri, postide ja vaiade abil kinnitamist. Kiri sildil:\u00a0Sheet Desert Disruptively Patterned Kaal: ca 260 x 220cm Kaal: ca 1kg Seisukord:\u00a0 uus (pakkekott komplektis, v\u00f5ib sisaldada hulgiladustamise j\u00e4lgi) uuev\u00e4\u00e4rne (ilma pakkekotita,\u00a0minimaalsete kulumisj\u00e4lgedega) kasutatud, Grade 1 (ilma pakkekotita, kergete kulumisj\u00e4lgedega, v\u00f5ib olla veidi m\u00e4\u00e4rdunud) kasutatud, Grade 2 (ilma pakkekotita, v\u00e4iksemate parandatavate vigastustega\/rebenditega, v\u00f5ib olla veidi m\u00e4\u00e4rdunud)","og_url":"https:\/\/www.outdoors.ee\/et\/toode\/briti-armee-varikatus-desert\/","og_site_name":"Outdoors","article_modified_time":"2026-01-02T13:09:23+00:00","og_image":[{"width":577,"height":433,"url":"https:\/\/www.outdoors.ee\/wp-content\/uploads\/2021\/09\/0224-2-British-Basha-Desert.jpg","type":"image\/jpeg"}],"twitter_card":"summary_large_image","twitter_title":"Briti Armee varikatus Desert","twitter_misc":{"Est. reading time":"1 minut"},"schema":{"@context":"https:\/\/schema.org","@graph":[{"@type":"WebPage","@id":"https:\/\/www.outdoors.ee\/et\/toode\/briti-armee-varikatus-desert\/","url":"https:\/\/www.outdoors.ee\/et\/toode\/briti-armee-varikatus-desert\/","name":"Briti Armee varikatus Desert - outdoors.ee","isPartOf":{"@id":"https:\/\/www.outdoors.ee\/#website"},"primaryImageOfPage":{"@id":"https:\/\/www.outdoors.ee\/et\/toode\/briti-armee-varikatus-desert\/#primaryimage"},"image":{"@id":"https:\/\/www.outdoors.ee\/et\/toode\/briti-armee-varikatus-desert\/#primaryimage"},"thumbnailUrl":"https:\/\/www.outdoors.ee\/wp-content\/uploads\/2021\/09\/0224-2-British-Basha-Desert.jpg","datePublished":"2021-12-09T00:00:00+00:00","dateModified":"2026-01-02T13:09:23+00:00","description":"Originaalne Briti s\u00f5jav\u00e4e mitmeotstarbeline varikatus k\u00f5rbe laigus, mida saab kasutada koormakattena, vihma- v\u00f5i p\u00e4ikesevarjuna ning isegi kanderaamina t\u00e4nu \u00e4\u00e4rtes asetsevatele kandesangadele. Lihtne disain annab v\u00f5imaluse lihtsaks ja kiireks varjualuse loomiseks v\u00e4litingimustes, silikoonitud \u00f5mblused tagavad veekindluse. Tugevad varikatuse nurkades ning k\u00fclgedel asetsevad kinnituskohad ning metallr\u00f5ngad v\u00f5imaldavad trossi, n\u00f6\u00f6ri, postide ja vaiade abil kinnitamist. Kiri sildil:\u00a0Sheet Desert Disruptively Patterned Kaal: ca 260 x 220cm Kaal: ca 1kg Seisukord:\u00a0 uus (pakkekott komplektis, v\u00f5ib sisaldada hulgiladustamise j\u00e4lgi) uuev\u00e4\u00e4rne (ilma pakkekotita,\u00a0minimaalsete kulumisj\u00e4lgedega) kasutatud, Grade 1 (ilma pakkekotita, kergete kulumisj\u00e4lgedega, v\u00f5ib olla veidi m\u00e4\u00e4rdunud) kasutatud, Grade 2 (ilma pakkekotita, v\u00e4iksemate parandatavate vigastustega\/rebenditega, v\u00f5ib olla veidi m\u00e4\u00e4rdunud)","breadcrumb":{"@id":"https:\/\/www.outdoors.ee\/et\/toode\/briti-armee-varikatus-desert\/#breadcrumb"},"inLanguage":"et","potentialAction":[{"@type":"ReadAction","target":["https:\/\/www.outdoors.ee\/et\/toode\/briti-armee-varikatus-desert\/"]}]},{"@type":"ImageObject","inLanguage":"et","@id":"https:\/\/www.outdoors.ee\/et\/toode\/briti-armee-varikatus-desert\/#primaryimage","url":"https:\/\/www.outdoors.ee\/wp-content\/uploads\/2021\/09\/0224-2-British-Basha-Desert.jpg","contentUrl":"https:\/\/www.outdoors.ee\/wp-content\/uploads\/2021\/09\/0224-2-British-Basha-Desert.jpg","width":577,"height":433},{"@type":"BreadcrumbList","@id":"https:\/\/www.outdoors.ee\/et\/toode\/briti-armee-varikatus-desert\/#breadcrumb","itemListElement":[{"@type":"ListItem","position":1,"name":"Home","item":"https:\/\/www.outdoors.ee\/et\/"},{"@type":"ListItem","position":2,"name":"Tooted","item":"https:\/\/www.outdoors.ee\/products\/"},{"@type":"ListItem","position":3,"name":"Briti Armee varikatus Desert"}]},{"@type":"WebSite","@id":"https:\/\/www.outdoors.ee\/#website","url":"https:\/\/www.outdoors.ee\/","name":"Outdoors","description":"Genuine military surplus and not only!","potentialAction":[{"@type":"SearchAction","target":{"@type":"EntryPoint","urlTemplate":"https:\/\/www.outdoors.ee\/?s={search_term_string}"},"query-input":{"@type":"PropertyValueSpecification","valueRequired":true,"valueName":"search_term_string"}}],"inLanguage":"et"}]}},"_links":{"self":[{"href":"https:\/\/www.outdoors.ee\/et\/wp-json\/wp\/v2\/product\/58607","targetHints":{"allow":["GET"]}}],"collection":[{"href":"https:\/\/www.outdoors.ee\/et\/wp-json\/wp\/v2\/product"}],"about":[{"href":"https:\/\/www.outdoors.ee\/et\/wp-json\/wp\/v2\/types\/product"}],"wp:featuredmedia":[{"embeddable":true,"href":"https:\/\/www.outdoors.ee\/et\/wp-json\/wp\/v2\/media\/17753"}],"wp:attachment":[{"href":"https:\/\/www.outdoors.ee\/et\/wp-json\/wp\/v2\/media?parent=58607"}],"wp:term":[{"taxonomy":"product_brand","embeddable":true,"href":"https:\/\/www.outdoors.ee\/et\/wp-json\/wp\/v2\/product_brand?post=58607"},{"taxonomy":"product_cat","embeddable":true,"href":"https:\/\/www.outdoors.ee\/et\/wp-json\/wp\/v2\/product_cat?post=58607"},{"taxonomy":"product_tag","embeddable":true,"href":"https:\/\/www.outdoors.ee\/et\/wp-json\/wp\/v2\/product_tag?post=58607"}],"curies":[{"name":"wp","href":"https:\/\/api.w.org\/{rel}","templated":true}]}}