{"id":58596,"date":"2021-12-09T00:00:00","date_gmt":"2021-12-09T00:00:00","guid":{"rendered":"https:\/\/www.outdoors.ee\/product\/briti-armee-kahepoolsed-termopuksid-olive-sand\/"},"modified":"2025-01-21T22:38:57","modified_gmt":"2025-01-21T20:38:57","slug":"briti-armee-kahepoolsed-termopuksid-olive-sand","status":"publish","type":"product","link":"https:\/\/www.outdoors.ee\/et\/toode\/briti-armee-kahepoolsed-termopuksid-olive-sand\/","title":{"rendered":"Briti Armee kahepoolsed termop\u00fcksid Olive\/Sand"},"content":{"rendered":"<p style=\"text-align: justify;\">Briti s\u00f5jav\u00e4e termop\u00fcksid on m\u00f5eldud kasutamiseks sooja vahekihina pealisp\u00fckste all k\u00fclmades ilmastikutingimustes. P\u00fcksid on kahepoolselt kantavad ning m\u00f5lema poole v\u00e4rvid (oliivroheline ja bee\u017e) sobivad h\u00e4sti nii metsa kui k\u00f5rbe tingimustesse ja samuti ka vastavate Briti s\u00f5jav\u00e4e vormilaigu t\u00fc\u00fcpidega kokku.<\/p>\n<p style=\"text-align: justify;\"><strong>Omadused:<\/strong><\/p>\n<ul style=\"text-align: justify;\">\n<li>hea soojusisolatsioon<\/li>\n<li>kahepoolselt kantavad<\/li>\n<li>2\/3 v\u00f5i t\u00e4ispikkuses t\u00f5mblukk k\u00fclgedel<\/li>\n<li>kahe n\u00f6\u00f6biga eest suletavad<\/li>\n<li>veniv v\u00f6\u00f6koht<\/li>\n<li>kaks taskuava alumistele p\u00fckstele ligip\u00e4\u00e4su v\u00f5imaldamiseks<\/li>\n<li>kiri sildil:\u00a0Trousers Thermal Reversible (Olive\/Sand)<\/li>\n<\/ul>\n<p>NB! p\u00fcksid on laia l\u00f5ikega, soovitame kaaluda v\u00e4iksema suuruse soetamist<\/p>\n<p style=\"text-align: justify;\"><strong>Seisukord:\u00a0<\/strong><\/p>\n<ul style=\"text-align: justify;\">\n<li>uued (ilma j\u00e4em\u00fc\u00fcgipakendita, v\u00f5ivad sisaldada hulgiladustamise j\u00e4lgi ning kirjasid sildil)<\/li>\n<li>uuev\u00e4\u00e4rsed (sisaldavad kergeid kulumisj\u00e4lgi)<\/li>\n<li>kasutatud, Grade 1 (sisaldavad m\u00f5\u00f5dukaid kulumisj\u00e4lgi, v\u00f5ivad sisaldada v\u00e4iksemaid vigastusi ning olla kergelt m\u00e4\u00e4rdunud)<\/li>\n<\/ul>\n","protected":false},"excerpt":{"rendered":"<p>Briti Armee kahepoolsed termop\u00fcksid, oliivroheline\/bee\u017e<\/p>\n","protected":false},"featured_media":17551,"template":"","meta":[],"product_brand":[],"product_cat":[111],"product_tag":[],"class_list":{"0":"post-58596","1":"product","2":"type-product","3":"status-publish","4":"has-post-thumbnail","6":"product_cat-puksid","7":"pa_brand-british-military-surplus","8":"pa_condition-kasutatud-grade-1","9":"pa_condition-uuevaarne","10":"pa_condition-uus","11":"pa_size-l-2","12":"pa_size-m-2","13":"pa_size-s-2","14":"pa_size-xl-2","16":"first","17":"instock","18":"taxable","19":"shipping-taxable","20":"purchasable","21":"product-type-variable"},"yoast_head":"<!-- This site is optimized with the Yoast SEO plugin v27.2 - https:\/\/yoast.com\/product\/yoast-seo-wordpress\/ -->\n<title>Briti Armee kahepoolsed termop\u00fcksid Olive\/Sand - outdoors.ee<\/title>\n<meta name=\"description\" content=\"Need originaalsed Briti s\u00f5jav\u00e4e termo p\u00fcksid on m\u00f5eldud kasutamiseks sooja vahekihina pealisp\u00fckste all k\u00fclmades ilmastikutingimustes. P\u00fcksid on kahepoolselt kantavad ning m\u00f5lema poole v\u00e4rvid (oliivroheline ja bee\u017e) sobivad h\u00e4sti nii metsa kui k\u00f5rbe tingimustesse ja samuti ka vastavate Briti s\u00f5jav\u00e4e vormi laigu t\u00fc\u00fcpidega kokku. Omadused: paks soojapidav vooderdus kahepoolselt kantavad 2\/3 pikkuses t\u00f5mblukk k\u00fclgedel kahe n\u00f6\u00f6biga eest suletavad kaks taskuava alumistele p\u00fckstele ligip\u00e4\u00e4su v\u00f5imaldamiseks kiri sildil:\u00a0Trousers Thermal Reversible (Olive\/Sand) Seisukord:\u00a0 uued (v\u00f5ivad sisaldada hulgiladustamise j\u00e4lgi) uuev\u00e4\u00e4rsed (sisaldavad minimaalseid kulumisj\u00e4lgi) \u00a0 \u00a0\" \/>\n<meta name=\"robots\" content=\"index, follow, max-snippet:-1, max-image-preview:large, max-video-preview:-1\" \/>\n<link rel=\"canonical\" href=\"https:\/\/www.outdoors.ee\/et\/toode\/briti-armee-kahepoolsed-termopuksid-olive-sand\/\" \/>\n<meta property=\"og:locale\" content=\"et_EE\" \/>\n<meta property=\"og:type\" content=\"article\" \/>\n<meta property=\"og:title\" content=\"Briti Armee kahepoolsed termop\u00fcksid Olive\/Sand\" \/>\n<meta property=\"og:description\" content=\"Need originaalsed Briti s\u00f5jav\u00e4e termo p\u00fcksid on m\u00f5eldud kasutamiseks sooja vahekihina pealisp\u00fckste all k\u00fclmades ilmastikutingimustes. P\u00fcksid on kahepoolselt kantavad ning m\u00f5lema poole v\u00e4rvid (oliivroheline ja bee\u017e) sobivad h\u00e4sti nii metsa kui k\u00f5rbe tingimustesse ja samuti ka vastavate Briti s\u00f5jav\u00e4e vormi laigu t\u00fc\u00fcpidega kokku. Omadused: paks soojapidav vooderdus kahepoolselt kantavad 2\/3 pikkuses t\u00f5mblukk k\u00fclgedel kahe n\u00f6\u00f6biga eest suletavad kaks taskuava alumistele p\u00fckstele ligip\u00e4\u00e4su v\u00f5imaldamiseks kiri sildil:\u00a0Trousers Thermal Reversible (Olive\/Sand) Seisukord:\u00a0 uued (v\u00f5ivad sisaldada hulgiladustamise j\u00e4lgi) uuev\u00e4\u00e4rsed (sisaldavad minimaalseid kulumisj\u00e4lgi) \u00a0 \u00a0\" \/>\n<meta property=\"og:url\" content=\"https:\/\/www.outdoors.ee\/et\/toode\/briti-armee-kahepoolsed-termopuksid-olive-sand\/\" \/>\n<meta property=\"og:site_name\" content=\"Outdoors\" \/>\n<meta property=\"article:modified_time\" content=\"2025-01-21T20:38:57+00:00\" \/>\n<meta property=\"og:image\" content=\"https:\/\/www.outdoors.ee\/wp-content\/uploads\/2021\/09\/0217-1-British-Reversible-Thermal-Trousers.png\" \/>\n\t<meta property=\"og:image:width\" content=\"1600\" \/>\n\t<meta property=\"og:image:height\" content=\"1600\" \/>\n\t<meta property=\"og:image:type\" content=\"image\/jpeg\" \/>\n<meta name=\"twitter:card\" content=\"summary_large_image\" \/>\n<meta name=\"twitter:title\" content=\"Briti Armee kahepoolsed termop\u00fcksid Olive\/Sand\" \/>\n<meta name=\"twitter:label1\" content=\"Est. reading time\" \/>\n\t<meta name=\"twitter:data1\" content=\"1 minut\" \/>\n<script type=\"application\/ld+json\" class=\"yoast-schema-graph\">{\"@context\":\"https:\/\/schema.org\",\"@graph\":[{\"@type\":\"WebPage\",\"@id\":\"https:\/\/www.outdoors.ee\/et\/toode\/briti-armee-kahepoolsed-termopuksid-olive-sand\/\",\"url\":\"https:\/\/www.outdoors.ee\/et\/toode\/briti-armee-kahepoolsed-termopuksid-olive-sand\/\",\"name\":\"Briti Armee kahepoolsed termop\u00fcksid Olive\/Sand - outdoors.ee\",\"isPartOf\":{\"@id\":\"https:\/\/www.outdoors.ee\/#website\"},\"primaryImageOfPage\":{\"@id\":\"https:\/\/www.outdoors.ee\/et\/toode\/briti-armee-kahepoolsed-termopuksid-olive-sand\/#primaryimage\"},\"image\":{\"@id\":\"https:\/\/www.outdoors.ee\/et\/toode\/briti-armee-kahepoolsed-termopuksid-olive-sand\/#primaryimage\"},\"thumbnailUrl\":\"https:\/\/www.outdoors.ee\/wp-content\/uploads\/2021\/09\/0217-1-British-Reversible-Thermal-Trousers.png\",\"datePublished\":\"2021-12-09T00:00:00+00:00\",\"dateModified\":\"2025-01-21T20:38:57+00:00\",\"description\":\"Need originaalsed Briti s\u00f5jav\u00e4e termo p\u00fcksid on m\u00f5eldud kasutamiseks sooja vahekihina pealisp\u00fckste all k\u00fclmades ilmastikutingimustes. P\u00fcksid on kahepoolselt kantavad ning m\u00f5lema poole v\u00e4rvid (oliivroheline ja bee\u017e) sobivad h\u00e4sti nii metsa kui k\u00f5rbe tingimustesse ja samuti ka vastavate Briti s\u00f5jav\u00e4e vormi laigu t\u00fc\u00fcpidega kokku. Omadused: paks soojapidav vooderdus kahepoolselt kantavad 2\/3 pikkuses t\u00f5mblukk k\u00fclgedel kahe n\u00f6\u00f6biga eest suletavad kaks taskuava alumistele p\u00fckstele ligip\u00e4\u00e4su v\u00f5imaldamiseks kiri sildil:\u00a0Trousers Thermal Reversible (Olive\/Sand) Seisukord:\u00a0 uued (v\u00f5ivad sisaldada hulgiladustamise j\u00e4lgi) uuev\u00e4\u00e4rsed (sisaldavad minimaalseid kulumisj\u00e4lgi) \u00a0 \u00a0\",\"breadcrumb\":{\"@id\":\"https:\/\/www.outdoors.ee\/et\/toode\/briti-armee-kahepoolsed-termopuksid-olive-sand\/#breadcrumb\"},\"inLanguage\":\"et\",\"potentialAction\":[{\"@type\":\"ReadAction\",\"target\":[\"https:\/\/www.outdoors.ee\/et\/toode\/briti-armee-kahepoolsed-termopuksid-olive-sand\/\"]}]},{\"@type\":\"ImageObject\",\"inLanguage\":\"et\",\"@id\":\"https:\/\/www.outdoors.ee\/et\/toode\/briti-armee-kahepoolsed-termopuksid-olive-sand\/#primaryimage\",\"url\":\"https:\/\/www.outdoors.ee\/wp-content\/uploads\/2021\/09\/0217-1-British-Reversible-Thermal-Trousers.png\",\"contentUrl\":\"https:\/\/www.outdoors.ee\/wp-content\/uploads\/2021\/09\/0217-1-British-Reversible-Thermal-Trousers.png\",\"width\":1600,\"height\":1600},{\"@type\":\"BreadcrumbList\",\"@id\":\"https:\/\/www.outdoors.ee\/et\/toode\/briti-armee-kahepoolsed-termopuksid-olive-sand\/#breadcrumb\",\"itemListElement\":[{\"@type\":\"ListItem\",\"position\":1,\"name\":\"Home\",\"item\":\"https:\/\/www.outdoors.ee\/et\/\"},{\"@type\":\"ListItem\",\"position\":2,\"name\":\"Tooted\",\"item\":\"https:\/\/www.outdoors.ee\/products\/\"},{\"@type\":\"ListItem\",\"position\":3,\"name\":\"Briti Armee kahepoolsed termop\u00fcksid Olive\/Sand\"}]},{\"@type\":\"WebSite\",\"@id\":\"https:\/\/www.outdoors.ee\/#website\",\"url\":\"https:\/\/www.outdoors.ee\/\",\"name\":\"Outdoors\",\"description\":\"Genuine military surplus and not only!\",\"potentialAction\":[{\"@type\":\"SearchAction\",\"target\":{\"@type\":\"EntryPoint\",\"urlTemplate\":\"https:\/\/www.outdoors.ee\/?s={search_term_string}\"},\"query-input\":{\"@type\":\"PropertyValueSpecification\",\"valueRequired\":true,\"valueName\":\"search_term_string\"}}],\"inLanguage\":\"et\"}]}<\/script>\n<!-- \/ Yoast SEO plugin. -->","yoast_head_json":{"title":"Briti Armee kahepoolsed termop\u00fcksid Olive\/Sand - outdoors.ee","description":"Need originaalsed Briti s\u00f5jav\u00e4e termo p\u00fcksid on m\u00f5eldud kasutamiseks sooja vahekihina pealisp\u00fckste all k\u00fclmades ilmastikutingimustes. P\u00fcksid on kahepoolselt kantavad ning m\u00f5lema poole v\u00e4rvid (oliivroheline ja bee\u017e) sobivad h\u00e4sti nii metsa kui k\u00f5rbe tingimustesse ja samuti ka vastavate Briti s\u00f5jav\u00e4e vormi laigu t\u00fc\u00fcpidega kokku. Omadused: paks soojapidav vooderdus kahepoolselt kantavad 2\/3 pikkuses t\u00f5mblukk k\u00fclgedel kahe n\u00f6\u00f6biga eest suletavad kaks taskuava alumistele p\u00fckstele ligip\u00e4\u00e4su v\u00f5imaldamiseks kiri sildil:\u00a0Trousers Thermal Reversible (Olive\/Sand) Seisukord:\u00a0 uued (v\u00f5ivad sisaldada hulgiladustamise j\u00e4lgi) uuev\u00e4\u00e4rsed (sisaldavad minimaalseid kulumisj\u00e4lgi) \u00a0 \u00a0","robots":{"index":"index","follow":"follow","max-snippet":"max-snippet:-1","max-image-preview":"max-image-preview:large","max-video-preview":"max-video-preview:-1"},"canonical":"https:\/\/www.outdoors.ee\/et\/toode\/briti-armee-kahepoolsed-termopuksid-olive-sand\/","og_locale":"et_EE","og_type":"article","og_title":"Briti Armee kahepoolsed termop\u00fcksid Olive\/Sand","og_description":"Need originaalsed Briti s\u00f5jav\u00e4e termo p\u00fcksid on m\u00f5eldud kasutamiseks sooja vahekihina pealisp\u00fckste all k\u00fclmades ilmastikutingimustes. P\u00fcksid on kahepoolselt kantavad ning m\u00f5lema poole v\u00e4rvid (oliivroheline ja bee\u017e) sobivad h\u00e4sti nii metsa kui k\u00f5rbe tingimustesse ja samuti ka vastavate Briti s\u00f5jav\u00e4e vormi laigu t\u00fc\u00fcpidega kokku. Omadused: paks soojapidav vooderdus kahepoolselt kantavad 2\/3 pikkuses t\u00f5mblukk k\u00fclgedel kahe n\u00f6\u00f6biga eest suletavad kaks taskuava alumistele p\u00fckstele ligip\u00e4\u00e4su v\u00f5imaldamiseks kiri sildil:\u00a0Trousers Thermal Reversible (Olive\/Sand) Seisukord:\u00a0 uued (v\u00f5ivad sisaldada hulgiladustamise j\u00e4lgi) uuev\u00e4\u00e4rsed (sisaldavad minimaalseid kulumisj\u00e4lgi) \u00a0 \u00a0","og_url":"https:\/\/www.outdoors.ee\/et\/toode\/briti-armee-kahepoolsed-termopuksid-olive-sand\/","og_site_name":"Outdoors","article_modified_time":"2025-01-21T20:38:57+00:00","og_image":[{"width":1600,"height":1600,"url":"https:\/\/www.outdoors.ee\/wp-content\/uploads\/2021\/09\/0217-1-British-Reversible-Thermal-Trousers.png","type":"image\/jpeg"}],"twitter_card":"summary_large_image","twitter_title":"Briti Armee kahepoolsed termop\u00fcksid Olive\/Sand","twitter_misc":{"Est. reading time":"1 minut"},"schema":{"@context":"https:\/\/schema.org","@graph":[{"@type":"WebPage","@id":"https:\/\/www.outdoors.ee\/et\/toode\/briti-armee-kahepoolsed-termopuksid-olive-sand\/","url":"https:\/\/www.outdoors.ee\/et\/toode\/briti-armee-kahepoolsed-termopuksid-olive-sand\/","name":"Briti Armee kahepoolsed termop\u00fcksid Olive\/Sand - outdoors.ee","isPartOf":{"@id":"https:\/\/www.outdoors.ee\/#website"},"primaryImageOfPage":{"@id":"https:\/\/www.outdoors.ee\/et\/toode\/briti-armee-kahepoolsed-termopuksid-olive-sand\/#primaryimage"},"image":{"@id":"https:\/\/www.outdoors.ee\/et\/toode\/briti-armee-kahepoolsed-termopuksid-olive-sand\/#primaryimage"},"thumbnailUrl":"https:\/\/www.outdoors.ee\/wp-content\/uploads\/2021\/09\/0217-1-British-Reversible-Thermal-Trousers.png","datePublished":"2021-12-09T00:00:00+00:00","dateModified":"2025-01-21T20:38:57+00:00","description":"Need originaalsed Briti s\u00f5jav\u00e4e termo p\u00fcksid on m\u00f5eldud kasutamiseks sooja vahekihina pealisp\u00fckste all k\u00fclmades ilmastikutingimustes. P\u00fcksid on kahepoolselt kantavad ning m\u00f5lema poole v\u00e4rvid (oliivroheline ja bee\u017e) sobivad h\u00e4sti nii metsa kui k\u00f5rbe tingimustesse ja samuti ka vastavate Briti s\u00f5jav\u00e4e vormi laigu t\u00fc\u00fcpidega kokku. Omadused: paks soojapidav vooderdus kahepoolselt kantavad 2\/3 pikkuses t\u00f5mblukk k\u00fclgedel kahe n\u00f6\u00f6biga eest suletavad kaks taskuava alumistele p\u00fckstele ligip\u00e4\u00e4su v\u00f5imaldamiseks kiri sildil:\u00a0Trousers Thermal Reversible (Olive\/Sand) Seisukord:\u00a0 uued (v\u00f5ivad sisaldada hulgiladustamise j\u00e4lgi) uuev\u00e4\u00e4rsed (sisaldavad minimaalseid kulumisj\u00e4lgi) \u00a0 \u00a0","breadcrumb":{"@id":"https:\/\/www.outdoors.ee\/et\/toode\/briti-armee-kahepoolsed-termopuksid-olive-sand\/#breadcrumb"},"inLanguage":"et","potentialAction":[{"@type":"ReadAction","target":["https:\/\/www.outdoors.ee\/et\/toode\/briti-armee-kahepoolsed-termopuksid-olive-sand\/"]}]},{"@type":"ImageObject","inLanguage":"et","@id":"https:\/\/www.outdoors.ee\/et\/toode\/briti-armee-kahepoolsed-termopuksid-olive-sand\/#primaryimage","url":"https:\/\/www.outdoors.ee\/wp-content\/uploads\/2021\/09\/0217-1-British-Reversible-Thermal-Trousers.png","contentUrl":"https:\/\/www.outdoors.ee\/wp-content\/uploads\/2021\/09\/0217-1-British-Reversible-Thermal-Trousers.png","width":1600,"height":1600},{"@type":"BreadcrumbList","@id":"https:\/\/www.outdoors.ee\/et\/toode\/briti-armee-kahepoolsed-termopuksid-olive-sand\/#breadcrumb","itemListElement":[{"@type":"ListItem","position":1,"name":"Home","item":"https:\/\/www.outdoors.ee\/et\/"},{"@type":"ListItem","position":2,"name":"Tooted","item":"https:\/\/www.outdoors.ee\/products\/"},{"@type":"ListItem","position":3,"name":"Briti Armee kahepoolsed termop\u00fcksid Olive\/Sand"}]},{"@type":"WebSite","@id":"https:\/\/www.outdoors.ee\/#website","url":"https:\/\/www.outdoors.ee\/","name":"Outdoors","description":"Genuine military surplus and not only!","potentialAction":[{"@type":"SearchAction","target":{"@type":"EntryPoint","urlTemplate":"https:\/\/www.outdoors.ee\/?s={search_term_string}"},"query-input":{"@type":"PropertyValueSpecification","valueRequired":true,"valueName":"search_term_string"}}],"inLanguage":"et"}]}},"_links":{"self":[{"href":"https:\/\/www.outdoors.ee\/et\/wp-json\/wp\/v2\/product\/58596","targetHints":{"allow":["GET"]}}],"collection":[{"href":"https:\/\/www.outdoors.ee\/et\/wp-json\/wp\/v2\/product"}],"about":[{"href":"https:\/\/www.outdoors.ee\/et\/wp-json\/wp\/v2\/types\/product"}],"wp:featuredmedia":[{"embeddable":true,"href":"https:\/\/www.outdoors.ee\/et\/wp-json\/wp\/v2\/media\/17551"}],"wp:attachment":[{"href":"https:\/\/www.outdoors.ee\/et\/wp-json\/wp\/v2\/media?parent=58596"}],"wp:term":[{"taxonomy":"product_brand","embeddable":true,"href":"https:\/\/www.outdoors.ee\/et\/wp-json\/wp\/v2\/product_brand?post=58596"},{"taxonomy":"product_cat","embeddable":true,"href":"https:\/\/www.outdoors.ee\/et\/wp-json\/wp\/v2\/product_cat?post=58596"},{"taxonomy":"product_tag","embeddable":true,"href":"https:\/\/www.outdoors.ee\/et\/wp-json\/wp\/v2\/product_tag?post=58596"}],"curies":[{"name":"wp","href":"https:\/\/api.w.org\/{rel}","templated":true}]}}