{"id":58547,"date":"2021-12-09T00:00:00","date_gmt":"2021-12-08T22:00:00","guid":{"rendered":"https:\/\/www.outdoors.ee\/product\/briti-ohuvae-villane-dzemper\/"},"modified":"2025-09-02T14:07:38","modified_gmt":"2025-09-02T11:07:38","slug":"briti-ohuvae-villane-dzemper","status":"publish","type":"product","link":"https:\/\/www.outdoors.ee\/et\/toode\/briti-ohuvae-villane-dzemper\/","title":{"rendered":"Briti \u00d5huv\u00e4e villane d\u017eemper"},"content":{"rendered":"<p style=\"text-align: justify;\">Briti \u00d5huv\u00e4e d\u017eemper, mis on toodetud 100%-lisest villast. Kvaliteetne, v\u00e4ga soe ja komfortne nii v\u00e4litingimustesse kui ka igap\u00e4evasesse tsiviilkasutusse.<\/p>\n<p><strong>Omadused<\/strong>:<\/p>\n<ul>\n<li>Suurbritannia kuningliku \u00f5huv\u00e4e (RAF) originaal<\/li>\n<li>\u00fcmar kaelus<\/li>\n<li>\u00f5la ja k\u00fc\u00fcnarnuki tugevdused<\/li>\n<li>auastme eraldusm\u00e4rgi klapid \u00f5lgadel<\/li>\n<li>pastapliiatsi tasku vasakul k\u00e4isel<\/li>\n<\/ul>\n<p style=\"text-align: justify;\"><strong>Suurus <\/strong>rippmen\u00fc\u00fcs: rinna\u00fcmberm\u00f5\u00f5t, cm<\/p>\n<p style=\"text-align: justify;\"><strong>Seisukord<\/strong>:<\/p>\n<ul>\n<li>uus (ilma j\u00e4em\u00fc\u00fcgipakendita, v\u00f5ib sisaldada hulgiladustamise j\u00e4lgi ja\/v\u00f5i kirjasid sildil)<\/li>\n<li>uuev\u00e4\u00e4rne (sisaldab kergeid kulumisj\u00e4lgi)<\/li>\n<li>kasutatud, Grade 1 (sisaldab m\u00f5\u00f5dukaid kulumisj\u00e4lgi, v\u00f5ib sisaldada v\u00e4iksemaid vigastusi)<\/li>\n<\/ul>\n","protected":false},"excerpt":{"rendered":"<p>Briti \u00d5huv\u00e4e villane d\u017eemper \u00fcmara kaelusega, tumesinine<\/p>\n","protected":false},"featured_media":92718,"template":"","meta":[],"product_brand":[],"product_cat":[2699],"product_tag":[],"class_list":{"0":"post-58547","1":"product","2":"type-product","3":"status-publish","4":"has-post-thumbnail","6":"product_cat-sviitrid-pulloverid","7":"pa_brand-british-military-surplus","8":"pa_condition-kasutatud-grade-1","9":"pa_condition-uuevaarne","10":"pa_condition-uus","11":"pa_size-large-106cm-et","12":"pa_size-medium-100cm-2","13":"pa_size-medium-94cm-et","14":"pa_size-small-88cm-2","15":"pa_size-xlarge-112cm-2","16":"pa_size-xlarge-118cm-et","17":"pa_size-xsmall-82cm-et","18":"pa_size-xxlarge-124cm-et","19":"pa_size-xxsmall-74cm-et","20":"pa_size-xxxlarge-130cm-et","21":"pa_size-xxxxlarge-136cm-et","23":"first","24":"instock","25":"taxable","26":"shipping-taxable","27":"purchasable","28":"product-type-variable"},"yoast_head":"<!-- This site is optimized with the Yoast SEO plugin v27.2 - https:\/\/yoast.com\/product\/yoast-seo-wordpress\/ -->\n<title>Briti \u00d5huv\u00e4e villane d\u017eemper - outdoors.ee<\/title>\n<meta name=\"robots\" content=\"index, follow, max-snippet:-1, max-image-preview:large, max-video-preview:-1\" \/>\n<link rel=\"canonical\" href=\"https:\/\/www.outdoors.ee\/et\/toode\/briti-ohuvae-villane-dzemper\/\" \/>\n<meta property=\"og:locale\" content=\"et_EE\" \/>\n<meta property=\"og:type\" content=\"article\" \/>\n<meta property=\"og:title\" content=\"Briti \u00d5huv\u00e4e villane d\u017eemper\" \/>\n<meta property=\"og:description\" content=\"Briti \u00d5huv\u00e4e villane d\u017eemper \u00fcmara kaelusega, tumesinine\" \/>\n<meta property=\"og:url\" content=\"https:\/\/www.outdoors.ee\/et\/toode\/briti-ohuvae-villane-dzemper\/\" \/>\n<meta property=\"og:site_name\" content=\"Outdoors\" \/>\n<meta property=\"article:modified_time\" content=\"2025-09-02T11:07:38+00:00\" \/>\n<meta property=\"og:image\" content=\"https:\/\/www.outdoors.ee\/wp-content\/uploads\/2021\/12\/0210-British-Royal-Air-Force-Wool-Jumper.jpg\" \/>\n\t<meta property=\"og:image:width\" content=\"1200\" \/>\n\t<meta property=\"og:image:height\" content=\"1250\" \/>\n\t<meta property=\"og:image:type\" content=\"image\/jpeg\" \/>\n<meta name=\"twitter:card\" content=\"summary_large_image\" \/>\n<meta name=\"twitter:title\" content=\"Briti \u00d5huv\u00e4e villane d\u017eemper\" \/>\n<meta name=\"twitter:label1\" content=\"Est. reading time\" \/>\n\t<meta name=\"twitter:data1\" content=\"1 minut\" \/>\n<script type=\"application\/ld+json\" class=\"yoast-schema-graph\">{\"@context\":\"https:\/\/schema.org\",\"@graph\":[{\"@type\":\"WebPage\",\"@id\":\"https:\/\/www.outdoors.ee\/et\/toode\/briti-ohuvae-villane-dzemper\/\",\"url\":\"https:\/\/www.outdoors.ee\/et\/toode\/briti-ohuvae-villane-dzemper\/\",\"name\":\"Briti \u00d5huv\u00e4e villane d\u017eemper - outdoors.ee\",\"isPartOf\":{\"@id\":\"https:\/\/www.outdoors.ee\/#website\"},\"primaryImageOfPage\":{\"@id\":\"https:\/\/www.outdoors.ee\/et\/toode\/briti-ohuvae-villane-dzemper\/#primaryimage\"},\"image\":{\"@id\":\"https:\/\/www.outdoors.ee\/et\/toode\/briti-ohuvae-villane-dzemper\/#primaryimage\"},\"thumbnailUrl\":\"https:\/\/www.outdoors.ee\/wp-content\/uploads\/2021\/12\/0210-British-Royal-Air-Force-Wool-Jumper.jpg\",\"datePublished\":\"2021-12-08T22:00:00+00:00\",\"dateModified\":\"2025-09-02T11:07:38+00:00\",\"breadcrumb\":{\"@id\":\"https:\/\/www.outdoors.ee\/et\/toode\/briti-ohuvae-villane-dzemper\/#breadcrumb\"},\"inLanguage\":\"et\",\"potentialAction\":[{\"@type\":\"ReadAction\",\"target\":[\"https:\/\/www.outdoors.ee\/et\/toode\/briti-ohuvae-villane-dzemper\/\"]}]},{\"@type\":\"ImageObject\",\"inLanguage\":\"et\",\"@id\":\"https:\/\/www.outdoors.ee\/et\/toode\/briti-ohuvae-villane-dzemper\/#primaryimage\",\"url\":\"https:\/\/www.outdoors.ee\/wp-content\/uploads\/2021\/12\/0210-British-Royal-Air-Force-Wool-Jumper.jpg\",\"contentUrl\":\"https:\/\/www.outdoors.ee\/wp-content\/uploads\/2021\/12\/0210-British-Royal-Air-Force-Wool-Jumper.jpg\",\"width\":1200,\"height\":1250},{\"@type\":\"BreadcrumbList\",\"@id\":\"https:\/\/www.outdoors.ee\/et\/toode\/briti-ohuvae-villane-dzemper\/#breadcrumb\",\"itemListElement\":[{\"@type\":\"ListItem\",\"position\":1,\"name\":\"Home\",\"item\":\"https:\/\/www.outdoors.ee\/et\/\"},{\"@type\":\"ListItem\",\"position\":2,\"name\":\"Tooted\",\"item\":\"https:\/\/www.outdoors.ee\/products\/\"},{\"@type\":\"ListItem\",\"position\":3,\"name\":\"Briti \u00d5huv\u00e4e villane d\u017eemper\"}]},{\"@type\":\"WebSite\",\"@id\":\"https:\/\/www.outdoors.ee\/#website\",\"url\":\"https:\/\/www.outdoors.ee\/\",\"name\":\"Outdoors\",\"description\":\"Genuine military surplus and not only!\",\"potentialAction\":[{\"@type\":\"SearchAction\",\"target\":{\"@type\":\"EntryPoint\",\"urlTemplate\":\"https:\/\/www.outdoors.ee\/?s={search_term_string}\"},\"query-input\":{\"@type\":\"PropertyValueSpecification\",\"valueRequired\":true,\"valueName\":\"search_term_string\"}}],\"inLanguage\":\"et\"}]}<\/script>\n<!-- \/ Yoast SEO plugin. -->","yoast_head_json":{"title":"Briti \u00d5huv\u00e4e villane d\u017eemper - outdoors.ee","robots":{"index":"index","follow":"follow","max-snippet":"max-snippet:-1","max-image-preview":"max-image-preview:large","max-video-preview":"max-video-preview:-1"},"canonical":"https:\/\/www.outdoors.ee\/et\/toode\/briti-ohuvae-villane-dzemper\/","og_locale":"et_EE","og_type":"article","og_title":"Briti \u00d5huv\u00e4e villane d\u017eemper","og_description":"Briti \u00d5huv\u00e4e villane d\u017eemper \u00fcmara kaelusega, tumesinine","og_url":"https:\/\/www.outdoors.ee\/et\/toode\/briti-ohuvae-villane-dzemper\/","og_site_name":"Outdoors","article_modified_time":"2025-09-02T11:07:38+00:00","og_image":[{"width":1200,"height":1250,"url":"https:\/\/www.outdoors.ee\/wp-content\/uploads\/2021\/12\/0210-British-Royal-Air-Force-Wool-Jumper.jpg","type":"image\/jpeg"}],"twitter_card":"summary_large_image","twitter_title":"Briti \u00d5huv\u00e4e villane d\u017eemper","twitter_misc":{"Est. reading time":"1 minut"},"schema":{"@context":"https:\/\/schema.org","@graph":[{"@type":"WebPage","@id":"https:\/\/www.outdoors.ee\/et\/toode\/briti-ohuvae-villane-dzemper\/","url":"https:\/\/www.outdoors.ee\/et\/toode\/briti-ohuvae-villane-dzemper\/","name":"Briti \u00d5huv\u00e4e villane d\u017eemper - outdoors.ee","isPartOf":{"@id":"https:\/\/www.outdoors.ee\/#website"},"primaryImageOfPage":{"@id":"https:\/\/www.outdoors.ee\/et\/toode\/briti-ohuvae-villane-dzemper\/#primaryimage"},"image":{"@id":"https:\/\/www.outdoors.ee\/et\/toode\/briti-ohuvae-villane-dzemper\/#primaryimage"},"thumbnailUrl":"https:\/\/www.outdoors.ee\/wp-content\/uploads\/2021\/12\/0210-British-Royal-Air-Force-Wool-Jumper.jpg","datePublished":"2021-12-08T22:00:00+00:00","dateModified":"2025-09-02T11:07:38+00:00","breadcrumb":{"@id":"https:\/\/www.outdoors.ee\/et\/toode\/briti-ohuvae-villane-dzemper\/#breadcrumb"},"inLanguage":"et","potentialAction":[{"@type":"ReadAction","target":["https:\/\/www.outdoors.ee\/et\/toode\/briti-ohuvae-villane-dzemper\/"]}]},{"@type":"ImageObject","inLanguage":"et","@id":"https:\/\/www.outdoors.ee\/et\/toode\/briti-ohuvae-villane-dzemper\/#primaryimage","url":"https:\/\/www.outdoors.ee\/wp-content\/uploads\/2021\/12\/0210-British-Royal-Air-Force-Wool-Jumper.jpg","contentUrl":"https:\/\/www.outdoors.ee\/wp-content\/uploads\/2021\/12\/0210-British-Royal-Air-Force-Wool-Jumper.jpg","width":1200,"height":1250},{"@type":"BreadcrumbList","@id":"https:\/\/www.outdoors.ee\/et\/toode\/briti-ohuvae-villane-dzemper\/#breadcrumb","itemListElement":[{"@type":"ListItem","position":1,"name":"Home","item":"https:\/\/www.outdoors.ee\/et\/"},{"@type":"ListItem","position":2,"name":"Tooted","item":"https:\/\/www.outdoors.ee\/products\/"},{"@type":"ListItem","position":3,"name":"Briti \u00d5huv\u00e4e villane d\u017eemper"}]},{"@type":"WebSite","@id":"https:\/\/www.outdoors.ee\/#website","url":"https:\/\/www.outdoors.ee\/","name":"Outdoors","description":"Genuine military surplus and not only!","potentialAction":[{"@type":"SearchAction","target":{"@type":"EntryPoint","urlTemplate":"https:\/\/www.outdoors.ee\/?s={search_term_string}"},"query-input":{"@type":"PropertyValueSpecification","valueRequired":true,"valueName":"search_term_string"}}],"inLanguage":"et"}]}},"_links":{"self":[{"href":"https:\/\/www.outdoors.ee\/et\/wp-json\/wp\/v2\/product\/58547","targetHints":{"allow":["GET"]}}],"collection":[{"href":"https:\/\/www.outdoors.ee\/et\/wp-json\/wp\/v2\/product"}],"about":[{"href":"https:\/\/www.outdoors.ee\/et\/wp-json\/wp\/v2\/types\/product"}],"wp:featuredmedia":[{"embeddable":true,"href":"https:\/\/www.outdoors.ee\/et\/wp-json\/wp\/v2\/media\/92718"}],"wp:attachment":[{"href":"https:\/\/www.outdoors.ee\/et\/wp-json\/wp\/v2\/media?parent=58547"}],"wp:term":[{"taxonomy":"product_brand","embeddable":true,"href":"https:\/\/www.outdoors.ee\/et\/wp-json\/wp\/v2\/product_brand?post=58547"},{"taxonomy":"product_cat","embeddable":true,"href":"https:\/\/www.outdoors.ee\/et\/wp-json\/wp\/v2\/product_cat?post=58547"},{"taxonomy":"product_tag","embeddable":true,"href":"https:\/\/www.outdoors.ee\/et\/wp-json\/wp\/v2\/product_tag?post=58547"}],"curies":[{"name":"wp","href":"https:\/\/api.w.org\/{rel}","templated":true}]}}